{"id":13671,"date":"2024-09-18T01:03:38","date_gmt":"2024-09-18T01:03:38","guid":{"rendered":"https:\/\/travelshelper.com\/staging\/?page_id=13671"},"modified":"2026-03-12T00:58:08","modified_gmt":"2026-03-12T00:58:08","slug":"volos","status":"publish","type":"page","link":"https:\/\/travelshelper.com\/fr\/destinations\/europe\/greece\/volos\/","title":{"rendered":"Volos"},"content":{"rendered":"<p>Volos, ville portuaire c\u00f4ti\u00e8re qui sert de porte d&#039;entr\u00e9e maritime \u00e0 la Thessalie, est aussi riche en g\u00e9ographie qu&#039;en histoire. Avec une population de 85\u00a0803 habitants en 2021, elle occupe le point le plus profond du golfe Pagas\u00e9tique, l\u00e0 o\u00f9 la plaine au pied du mont P\u00e9lion s&#039;\u00e9tend vers l&#039;est en direction d&#039;Agria et vers le sud-ouest en direction de Nea Anchialos. Capitale de l&#039;unit\u00e9 r\u00e9gionale de Magn\u00e9sie, Volos est non seulement un centre administratif r\u00e9gional, mais aussi l&#039;unique d\u00e9bouch\u00e9 de la Thessalie sur la mer \u00c9g\u00e9e, reliant le plus grand arri\u00e8re-pays agricole de Gr\u00e8ce aux courants commerciaux europ\u00e9ens et asiatiques.<\/p>\n<p>Depuis ses origines mythiques sur l&#039;ancienne colonie d&#039;Iolkos \u2013 o\u00f9 Jason et les Argonautes auraient lanc\u00e9 l&#039;Argo \u2013 Volos n&#039;a cess\u00e9 de se r\u00e9inventer. La ville moderne a \u00e9merg\u00e9 apr\u00e8s les tremblements de terre catastrophiques de 1955, qui ont ras\u00e9 une grande partie de ses demeures n\u00e9oclassiques et de son front de mer historique. \u00c0 leur place s&#039;est \u00e9lev\u00e9 un r\u00e9seau de b\u00e2timents contemporains, tandis que quelques demeures restaur\u00e9es servent aujourd&#039;hui \u00e0 des fins publiques, vestiges d&#039;une prosp\u00e9rit\u00e9 commerciale r\u00e9volue. L&#039;architecte Aristotelis Zachos a marqu\u00e9 le paysage urbain avec les \u00e9glises Saint-Nicolas et Saints-Constantin-et-H\u00e9l\u00e8ne, discrets phares de la promenade du front de mer qui t\u00e9moignent du patrimoine maritime et des fondements spirituels de la ville.<\/p>\n<p>G\u00e9ographiquement, Volos est d\u00e9finie par trois torrents de montagne \u2013 Anavros, Krafsidonas et Xirias \u2013 descendant chacun du sommet du mont P\u00e9lion, culminant \u00e0 1\u00a0610 m\u00e8tres. Ils creusent des barri\u00e8res naturelles dans le paysage urbain, d\u00e9limitant les quartiers et cr\u00e9ant des corridors verdoyants qui temp\u00e8rent le c\u0153ur industriel de la ville. Krafsidonas, en particulier, constitue le poumon vert de la m\u00e9tropole, s\u00e9parant les municipalit\u00e9s de Volos et de N\u00e9a Ionie tout en alimentant parcs et sentiers pi\u00e9tonniers. Le massif du P\u00e9lion, qui s&#039;\u00e9l\u00e8ve imm\u00e9diatement au sud, cr\u00e9e une ombre pluviom\u00e9trique qui mod\u00e8re les pr\u00e9cipitations, tandis que les eaux calmes du golfe impr\u00e8gnent la ville d&#039;un climat qui \u00e9quilibre \u00e9t\u00e9s chauds et hivers doux, permettant des chutes de neige occasionnelles sans perturber la vie quotidienne.<\/p>\n<p>L&#039;\u00e9conomie de Volos t\u00e9moigne de sa g\u00e9ographie strat\u00e9gique et de son \u00e9volution industrielle. Situ\u00e9e au carrefour de l&#039;autoroute E75 (PATHE), avec des liaisons ferroviaires vers Ath\u00e8nes, Thessalonique et Larissa, et ancr\u00e9e dans les terminaux de fret du port \u2013 le troisi\u00e8me plus grand de Gr\u00e8ce \u2013 Volos soutient une \u00e9conomie multiforme alliant industrie manufacturi\u00e8re, commerce, services et tourisme. L&#039;industrie lourde prosp\u00e8re dans la production d&#039;acier \u2013 via METKA, SIDENOR et Hellenic Steel \u2013 et dans la fabrication de ciment \u00e0 l&#039;usine AGET Heracles, qui exp\u00e9die plus de sept millions de tonnes par an via son quai priv\u00e9. Des initiatives de recherche compl\u00e8tent ces piliers industriels\u00a0: l&#039;Institut de bio\u00e9conomie et d&#039;agrotechnologie, rattach\u00e9 au Centre de recherche et de technologie d&#039;Hellas, souligne le r\u00f4le de Volos dans l&#039;innovation agricole et la collaboration scientifique.<\/p>\n<p>La vie universitaire bat son plein \u00e0 travers l&#039;Universit\u00e9 de Thessalie, dont les salles de conf\u00e9rence et les espaces d&#039;exposition accueillent des rencontres scientifiques et culturelles internationales. La participation de Volos aux Jeux olympiques de 2004 a inaugur\u00e9 une tradition d&#039;\u00e9v\u00e9nements sportifs, des Championnats d&#039;Europe d&#039;athl\u00e9tisme aux Olympiades internationales d&#039;astronomie et d&#039;astrophysique de 2013. Ces \u00e9v\u00e9nements renforcent une identit\u00e9 civique qui valorise \u00e0 la fois l&#039;effort physique et l&#039;exploration intellectuelle.<\/p>\n<p>Sous la fa\u00e7ade moderne de Volos se cachent des strates antiques. Au nord-est de la ville, les sites arch\u00e9ologiques de l&#039;antique Dimini et de Sesklo retracent la pr\u00e9sence humaine d\u00e8s le N\u00e9olithique, r\u00e9v\u00e9lant des \u00e9tablissements fortifi\u00e9s, des tombes sacrificielles et des fondations palatiales qui pr\u00e9figurent la grandeur myc\u00e9nienne. La maison N de Dimini, avec ses vestiges poignants d&#039;offrandes br\u00fbl\u00e9es sous le sol, et l&#039;imposante tombe Tombi, invitent \u00e0 la r\u00e9flexion sur les premi\u00e8res pratiques rituelles. La position de Sesklo, perch\u00e9e au sommet d&#039;une colline, offre une vue imprenable sur le golfe, mais r\u00e9v\u00e8le moins de structures existantes, sugg\u00e9rant une relation complexe \u2013 peut-\u00eatre de rivalit\u00e9 ou de commerce \u2013 avec son voisin. Les deux sites sont accessibles par des visites audioguid\u00e9es en grec et en anglais, l&#039;entr\u00e9e commune permettant aux visiteurs de les explorer chacun \u00e0 leur tour.<\/p>\n<p>Au c\u0153ur de la ville, le mus\u00e9e arch\u00e9ologique d&#039;Athanasakeion pr\u00e9sente une chronique concise mais compl\u00e8te de l&#039;histoire magn\u00e9sienne, tandis que le mus\u00e9e de la briqueterie de N. &amp; S. Tsalapata transforme un complexe industriel de 1926 en un tableau vivant de l&#039;industrie manufacturi\u00e8re du d\u00e9but du XXe si\u00e8cle. Ses fours Hoffmann, ses cuves en argile et ses syst\u00e8mes de transport \u00e9voquent les rythmes de la production de briques et de tuiles qui employaient autrefois des centaines de personnes et fa\u00e7onnaient le paysage b\u00e2ti de Volos. Le mus\u00e9e municipal de Volos compl\u00e8te cette offre avec des expositions sur la vie civique, les mouvements ouvriers \u2013 Volos a accueilli le premier syndicat grec en 1908 \u2013 et l&#039;apport culturel qui a suivi la catastrophe d&#039;Asie Mineure de 1922, lorsque les r\u00e9fugi\u00e9s d&#039;Anatolie ont remodel\u00e9 la cuisine, la musique et les coutumes locales.<\/p>\n<p>Une promenade dans le centre-ville r\u00e9v\u00e8le une autre facette du charme de Volos. La rue Ermou, long axe pav\u00e9 parall\u00e8le au front de mer, se prolonge jusqu&#039;\u00e0 l&#039;avenue Argonafton, o\u00f9 boutiques de tous horizons c\u00e8dent la place \u00e0 des bars et caf\u00e9s intimistes regroup\u00e9s autour de la place Saint-Nicolas. Ici, la cath\u00e9drale d\u00e9di\u00e9e au saint patron des marins rythme le quotidien des commerces et des loisirs. Un parc en bord de mer s&#039;\u00e9tend entre le b\u00e2timent Papastratos de l&#039;universit\u00e9 et l&#039;\u00e9glise Saint-Constantin, tandis que le parc Anavros, qui commence derri\u00e8re cette m\u00eame \u00e9glise, s&#039;\u00e9tend vers l&#039;est jusqu&#039;\u00e0 une plage municipale o\u00f9 les baigneurs osent affronter les mois les plus frais.<\/p>\n<p>Pour les amateurs de soleil et de mer, Volos offre \u00e0 la fois des plages urbaines et des refuges c\u00f4tiers. La plage d&#039;Anavros, accessible \u00e0 pied depuis la promenade, offre une baignade accessible \u00e0 proximit\u00e9 de la ville. Un court trajet en voiture \u2013 ou le bus n\u00b0 6 depuis l&#039;h\u00f4tel de ville \u2013 m\u00e8ne \u00e0 Alykes, un quartier baln\u00e9aire o\u00f9, moyennant un droit d&#039;entr\u00e9e modique, vous trouverez transats, ma\u00eetres-nageurs et rafra\u00eechissements sous les lumi\u00e8res nocturnes des bars de plage. Mais les habitants vous emm\u00e8nent plus loin\u00a0: des bus pour Agria et Platanidia transportent les voyageurs au-del\u00e0 des cimenteries vers des eaux d&#039;une clart\u00e9 exceptionnelle, o\u00f9 les criques bord\u00e9es de pins de la rive nord du golfe r\u00e9compensent le voyageur patient.<\/p>\n<p>Les liaisons maritimes \u00e9tendent l&#039;influence de Volos sur toute la mer \u00c9g\u00e9e. Des ferries et des hydropt\u00e8res relient quotidiennement la ville aux \u00eeles Sporades \u2013 Skiathos, Skopelos et Alonissos \u2013 ainsi qu&#039;\u00e0 Lemnos, Lesbos, Chios et Skyros. En \u00e9t\u00e9, les paquebots de croisi\u00e8re suivent des itin\u00e9raires r\u00e9guliers, amenant plus de cent mille visiteurs ces derni\u00e8res saisons \u00e0 d\u00e9barquer sur le quai. Sur terre, les passionn\u00e9s de chemin de fer appr\u00e9cieront le chemin de fer historique du P\u00e9lion, dont les wagons \u00e0 vapeur parcourent les courbes des montagnes pour les touristes de mi-avril \u00e0 octobre, et quotidiennement en haute saison.<\/p>\n<p>Tourn\u00e9e vers l&#039;ext\u00e9rieur, Volos renforcera bient\u00f4t son r\u00e9seau de transport terrestre avec le bras ouest de l&#039;autoroute E65, cr\u00e9ant ainsi un nouveau corridor vers le port d&#039;Igoumenitsa. L&#039;a\u00e9roport international de Gr\u00e8ce centrale de Nea Anchialos, dot\u00e9 de la deuxi\u00e8me plus longue piste commerciale de Gr\u00e8ce, assure des liaisons vers des destinations nationales et europ\u00e9ennes s\u00e9lectionn\u00e9es. Un service d&#039;hydravion pionnier, exploit\u00e9 par Argo Airways, fait de Volos la premi\u00e8re ville europ\u00e9enne \u00e0 proposer des liaisons amphibies r\u00e9guli\u00e8res vers Ath\u00e8nes, Thessalonique et les Sporades, un \u00e9cho moderne de l&#039;h\u00e9ritage argonautique de la ville.<\/p>\n<p>Cette confluence de cadre naturel, de richesse arch\u00e9ologique, de dynamisme industriel et de vitalit\u00e9 culturelle fait de Volos un interlocuteur unique entre pass\u00e9 et pr\u00e9sent. Le littoral de la ville, jalonn\u00e9 de fa\u00e7ades n\u00e9oclassiques et de jet\u00e9es contemporaines, rencontre des paysages fa\u00e7onn\u00e9s par le mythe et la machine. Ses mus\u00e9es et ses ruines antiques, ses aci\u00e9ries et ses r\u00e9sidences universitaires t\u00e9moignent d&#039;une interaction durable entre tradition et innovation. Ici, le pouls de la Thessalie trouve sa voix maritime, et le voyage humain \u2013 des habitants n\u00e9olithiques de la colline de Goritsa aux \u00e9rudits du XXIe si\u00e8cle \u2013 se d\u00e9roule autour de l&#039;arc du golfe Pagas\u00e9tique.<\/p>\n<p>\u00c0 Volos, le voyageur d\u00e9couvre bien plus qu&#039;une ville portuaire\u00a0: un palimpseste d&#039;activit\u00e9 humaine, o\u00f9 chaque torrent et chaque cr\u00eate du P\u00e9lion inscrit son r\u00e9cit sur la plaine en contrebas. Le climat de la ville, temp\u00e9r\u00e9 par les brises marines et l&#039;ombre des montagnes, invite \u00e0 l&#039;exploration en toute saison. Ses axes de communication \u2013 maritime, ferroviaire, routier et a\u00e9rien \u2013 la relient au monde, tandis que ses rues, ses mus\u00e9es et ses parcs arch\u00e9ologiques affirment un sentiment d&#039;appartenance singulier. Pour ceux qui sillonnent les chemins de l&#039;histoire et de l&#039;industrie, ou qui recherchent simplement une promenade en bord de mer \u00e0 l&#039;ombre des clochers, Volos offre une rencontre immersive avec les courants qui ont longtemps fa\u00e7onn\u00e9 ce port o\u00f9 coule l&#039;Argo.<\/p>","protected":false},"excerpt":{"rendered":"<p>Volos, ville portuaire baln\u00e9aire dynamique de Thessalie, en Gr\u00e8ce, b\u00e9n\u00e9ficie d&#039;une situation strat\u00e9gique au c\u0153ur de la Gr\u00e8ce continentale, \u00e0 environ 330 kilom\u00e8tres au nord d&#039;Ath\u00e8nes et 220 kilom\u00e8tres au sud de Thessalonique. En 2021, Volos, avec ses 85\u00a0803 habitants, est la capitale de la r\u00e9gion de Magn\u00e9sie, en Thessalie, et constitue le point d&#039;acc\u00e8s maritime exclusif \u00e0 la Thessalie, la plus grande zone agricole de Gr\u00e8ce. Ce p\u00f4le m\u00e9tropolitain dynamique, situ\u00e9 entre les eaux turquoise du golfe Pagas\u00e9tique et les pentes verdoyantes du mont P\u00e9lion, incarne une int\u00e9gration harmonieuse entre importance historique et croissance contemporaine, faisant de lui un lien essentiel entre l&#039;Europe et l&#039;Asie.<\/p>","protected":false},"author":1,"featured_media":4664,"parent":13510,"menu_order":0,"comment_status":"closed","ping_status":"closed","template":"elementor_theme","meta":{"_eb_attr":"","footnotes":""},"class_list":["post-13671","page","type-page","status-publish","has-post-thumbnail"],"_links":{"self":[{"href":"https:\/\/travelshelper.com\/fr\/wp-json\/wp\/v2\/pages\/13671","targetHints":{"allow":["GET"]}}],"collection":[{"href":"https:\/\/travelshelper.com\/fr\/wp-json\/wp\/v2\/pages"}],"about":[{"href":"https:\/\/travelshelper.com\/fr\/wp-json\/wp\/v2\/types\/page"}],"author":[{"embeddable":true,"href":"https:\/\/travelshelper.com\/fr\/wp-json\/wp\/v2\/users\/1"}],"replies":[{"embeddable":true,"href":"https:\/\/travelshelper.com\/fr\/wp-json\/wp\/v2\/comments?post=13671"}],"version-history":[{"count":0,"href":"https:\/\/travelshelper.com\/fr\/wp-json\/wp\/v2\/pages\/13671\/revisions"}],"up":[{"embeddable":true,"href":"https:\/\/travelshelper.com\/fr\/wp-json\/wp\/v2\/pages\/13510"}],"wp:featuredmedia":[{"embeddable":true,"href":"https:\/\/travelshelper.com\/fr\/wp-json\/wp\/v2\/media\/4664"}],"wp:attachment":[{"href":"https:\/\/travelshelper.com\/fr\/wp-json\/wp\/v2\/media?parent=13671"}],"curies":[{"name":"wp","href":"https:\/\/api.w.org\/{rel}","templated":true}]}}