{"id":13558,"date":"2024-09-17T23:25:42","date_gmt":"2024-09-17T23:25:42","guid":{"rendered":"https:\/\/travelshelper.com\/staging\/?page_id=13558"},"modified":"2026-03-12T00:53:26","modified_gmt":"2026-03-12T00:53:26","slug":"kos","status":"publish","type":"page","link":"https:\/\/travelshelper.com\/fr\/destinations\/europe\/greece\/kos\/","title":{"rendered":"Kos"},"content":{"rendered":"<p>Kos est une \u00eele de 42,1 kilom\u00e8tres sur 11,5 kilom\u00e8tres situ\u00e9e au sud-est de la mer \u00c9g\u00e9e, faisant partie de l&#039;archipel grec du Dod\u00e9can\u00e8se. Sa population s&#039;\u00e9levait \u00e0 37\u00a0089 habitants en 2021. Elle constitue \u00e0 la fois une municipalit\u00e9 et la ville principale du m\u00eame nom, situ\u00e9e face \u00e0 Bodrum, sur la c\u00f4te turque. Administrativement situ\u00e9e dans la r\u00e9gion sud de la mer \u00c9g\u00e9e, Kos poss\u00e8de un littoral de 112 kilom\u00e8tres, des origines g\u00e9ologiques diverses, une nomenclature historique riche allant des vers hom\u00e9riques aux documents ottomans, et une \u00e9conomie ancr\u00e9e dans le tourisme et l&#039;agriculture.<\/p>\n<p>Le toponyme de Kos appara\u00eet pour la premi\u00e8re fois dans l&#039;Iliade d&#039;Hom\u00e8re sous la forme \u039a\u1ff6\u03c2, et des preuves arch\u00e9ologiques et textuelles sugg\u00e8rent un usage local continu depuis l&#039;Antiquit\u00e9. Les auteurs classiques d\u00e9signaient \u00e9galement l&#039;\u00eele sous les noms de M\u00e9ropis, C\u00e9a et Nymph\u00e9e. Dans les langues romanes m\u00e9di\u00e9vales, elle apparaissait sous les noms de Stancho, Stanchio ou Stinco, refl\u00e9tant le grec \u03b5\u03b9\u03c2 \u03c4\u03b7\u03bd \u039a\u03c9 (\u00ab \u00e0 Kos \u00bb), tandis que les documents turcs ottomans la nomment \u0130stank\u00f6y. Sous les Chevaliers Hospitaliers, l&#039;\u00eele \u00e9tait appel\u00e9e Lango, une allusion probable \u00e0 sa forme allong\u00e9e, bien que des voyageurs ult\u00e9rieurs, comme Sir John Mandeville, aient interpr\u00e9t\u00e9 \u00e0 tort Lango comme distinct de Kos. Dans l&#039;usage italien moderne, elle est connue sous le nom de Coo. Les habitants et leurs produits portent la forme adjectivale \u00ab Koan \u00bb ou \u00ab Coan \u00bb, comme dans Koan goods.<\/p>\n<p>G\u00e9ographiquement, Kos s&#039;inscrit dans une cha\u00eene de montagnes submerg\u00e9es et \u00e9merg\u00e9es qui la reliait autrefois \u00e0 Kalymnos, Kappari et \u00e0 la volcanique Nisyros. Les tremblements de terre et les affaissements de terre de l&#039;Antiquit\u00e9 ont rompu ces ponts terrestres, laissant un gouffre sous-marin d&#039;environ soixante-dix m\u00e8tres entre Kos et Kalymnos. L&#039;\u00eele ainsi cr\u00e9\u00e9e pr\u00e9sente une riche palette lithologique\u00a0: les strates quaternaires le long de son axe central ont livr\u00e9 des fossiles de mammif\u00e8res pr\u00e9historiques, notamment des chevaux, des hippopotames et des \u00e9l\u00e9phants g\u00e9ants, dont l&#039;une des molaires est aujourd&#039;hui expos\u00e9e au Mus\u00e9e de pal\u00e9ontologie de l&#039;Universit\u00e9 d&#039;Ath\u00e8nes. Son littoral de 112\u00a0kilom\u00e8tres forme de longues plages immacul\u00e9es et des promontoires rocheux tels que le cap Skandari (l&#039;ancien Scandarium) au nord-est, le cap Lacter au sud et le cap Drecanum \u00e0 l&#039;ouest.<\/p>\n<p>La municipalit\u00e9 actuelle de Kos comprend la ville principale et le port du m\u00eame nom, o\u00f9 vivent la plupart des habitants de l&#039;\u00eele, ainsi qu&#039;une constellation de villages plus importants\u00a0: Kardamena, Kefalos, Tingaki, Antimachia, Mastihari, Marmari et Pyli. De plus petites agglom\u00e9rations, telles que Zia, Zipari, Platani, Lagoudi et Asfendiou, sont dispers\u00e9es \u00e0 l&#039;int\u00e9rieur des terres et sur les pentes. Le climat de l&#039;\u00eele est de type m\u00e9diterran\u00e9en aux \u00e9t\u00e9s chauds, avec des hivers temp\u00e9r\u00e9s et des \u00e9t\u00e9s prolong\u00e9s et ensoleill\u00e9s, qui soutiennent \u00e0 la fois l&#039;\u00e9conomie agricole et touristique.<\/p>\n<p>Le tourisme domine la vie \u00e9conomique de Kos. Les plages de l&#039;\u00eele attirent les visiteurs vers des plages connues sous le nom de Cavo Paradiso, Saint Theologian, Agios Stefanos, Saint Fokas, Therma, Kamari, Kardamena, Shellfish, Lampi, Limionas, Marble, Mastichari, Paradise Beach, Lighthouse, Turtle, Shears et Tigaki. La ville de Kos offre des rues blanchies \u00e0 la chaux bord\u00e9es d&#039;h\u00f4tels, de tavernes et d&#039;une c\u00e9l\u00e8bre \u00ab\u00a0rue des bars\u00a0\u00bb, tandis que Kardamena est devenue une station baln\u00e9aire tr\u00e8s pris\u00e9e des jeunes, notamment des visiteurs du Royaume-Uni et de Scandinavie. Son nombre de bars et de discoth\u00e8ques augmente au rythme des arriv\u00e9es de ferries et d&#039;avions. Au cours de la derni\u00e8re d\u00e9cennie, le secteur de l&#039;h\u00f4tellerie a connu une \u00e9volution d\u00e9cisive vers le luxe\u00a0: de 2014 \u00e0 2023, les h\u00f4tels cinq \u00e9toiles ont presque doubl\u00e9 en nombre d&#039;\u00e9tablissements (+95,8\u00a0%) et en nombre total de lits (+103,3\u00a0%), tandis que les h\u00f4tels quatre \u00e9toiles ont augment\u00e9 de 34,2\u00a0% en nombre et de 8,5\u00a0% en capacit\u00e9. Cette transformation a remodel\u00e9 les profils c\u00f4tiers et urbains, alignant les infrastructures et les services sur les attentes haut de gamme, tandis que les h\u00e9bergements une et deux \u00e9toiles ont progressivement diminu\u00e9.<\/p>\n<p>L&#039;agriculture demeure la deuxi\u00e8me activit\u00e9 principale. Vignobles, oliveraies et figuiers ponctuent les pentes int\u00e9rieures, tandis que les champs pr\u00e8s de la c\u00f4te produisent du raisin, des amandes, des past\u00e8ques, des tomates, du bl\u00e9 et du ma\u00efs. Bien que la laitue romaine soit appel\u00e9e \u00ab\u00a0laitue de Cos\u00a0\u00bb \u2013 un clin d&#039;\u0153il \u00e0 son origine pr\u00e9sum\u00e9e ici \u2013, son nom botanique n&#039;a aucun lien \u00e9tymologique direct avec l&#039;\u00eele. Les familles d&#039;agriculteurs pratiquent souvent une polyculture, refl\u00e9tant des coutumes agricoles mill\u00e9naires qui produisent \u00e0 la fois des denr\u00e9es de base et des cultures commerciales destin\u00e9es \u00e0 l&#039;exportation.<\/p>\n<p>Le tissu religieux et culturel de Kos est un palimpseste de ses diff\u00e9rents dirigeants. Le christianisme orthodoxe y pr\u00e9domine, avec l&#039;une des quatre cath\u00e9drales orthodoxes du Dod\u00e9can\u00e8se situ\u00e9e dans la ville de Kos. Une \u00e9glise catholique romaine dessert une communaut\u00e9 plus restreinte, tandis qu&#039;une mosqu\u00e9e accueille les r\u00e9sidents turco-musulmans de l&#039;\u00eele. La synagogue, autrefois en activit\u00e9 jusqu&#039;\u00e0 la Seconde Guerre mondiale, lorsque la communaut\u00e9 juive locale fut tragiquement d\u00e9cim\u00e9e par les forces d&#039;occupation, est aujourd&#039;hui restaur\u00e9e et transform\u00e9e en lieu culturel sous la tutelle de la municipalit\u00e9. Ses symboles pr\u00e9serv\u00e9s rappellent une congr\u00e9gation disparue.<\/p>\n<p>L&#039;acc\u00e8s \u00e0 Kos est facilit\u00e9 par voie a\u00e9rienne et maritime. L&#039;a\u00e9roport international de Kos \u00ab Hippocrate \u00bb (IATA KGS) accueille des vols charters et r\u00e9guliers, principalement en provenance de hubs europ\u00e9ens. Des ferries relient quotidiennement la ville de Kos au Pir\u00e9e (Ath\u00e8nes), Rhodes, Patmos et Leros\u00a0; des ferries pour Kalymnos partent plusieurs fois par jour de Mastichari\u00a0; des liaisons pour Santorin sont assur\u00e9es quatre fois par semaine\u00a0; et des liaisons pour Syros sont assur\u00e9es deux fois par semaine. Tilos Travel et Sky Marine proposent des travers\u00e9es toute l&#039;ann\u00e9e et en saison au d\u00e9part de Bodrum, en Turquie \u2013 des trajets d&#039;environ vingt-cinq minutes pour les pi\u00e9tons \u2013 bien que le ferry pour voitures au d\u00e9part de Bodrum n&#039;ait pas \u00e9t\u00e9 en service en 2023. Une fois \u00e0 terre, un r\u00e9seau de bus public (KTEL) transporte les passagers sur toute l&#039;\u00eele, avec des lignes reliant l&#039;a\u00e9roport \u00e0 la ville de Kos, Mastichari et Kefalos. Des ferries pour passagers partent r\u00e9guli\u00e8rement pour Kalymnos, Nisyros et d&#039;autres \u00eeles en haute saison. Les taxis proposent des tarifs fixes depuis l&#039;a\u00e9roport, d&#039;environ quinze euros, pour rejoindre les villages voisins. La location de voitures, de scooters et de VTT est courante, avec des tarifs de location de scooters pour plusieurs jours \u00e0 partir de quatorze euros par jour. Les routes de l&#039;\u00eele sont majoritairement asphalt\u00e9es et bien entretenues\u00a0; un trajet de Kos \u00e0 Kefalos dure environ quarante minutes.<\/p>\n<p>L&#039;architecture de Kos est impr\u00e9gn\u00e9e de multiples influences \u00e9trang\u00e8res. Sous la domination ottomane, le c\u0153ur urbain s&#039;est form\u00e9 autour d&#039;un bazar couvert sur la place Platanos et d&#039;une rue commer\u00e7ante bord\u00e9e de boutiques, sous les arcades de laquelle r\u00e9sidaient autrefois les musulmans. Plusieurs mosqu\u00e9es et sources publiques subsistent dans des quartiers dispers\u00e9s. La p\u00e9riode italienne, qui a d\u00e9but\u00e9 en 1912 et s&#039;est consolid\u00e9e apr\u00e8s le tremblement de terre de 1933 qui a d\u00e9vast\u00e9 l&#039;\u00eele, a apport\u00e9 un plan urbain rigoureux. Les architectes italiens ont divis\u00e9 la ville de Kos en trois zones r\u00e9sidentielles class\u00e9es par classes\u00a0: les case popolari (logements ouvriers) au nord, les palazzine (maisons bourgeoises \u00e0 deux \u00e9tages avec commerces au rez-de-chauss\u00e9e) au centre et les villini \u00e0 l&#039;est (villas avec jardins pour les colons italiens). Les b\u00e2timents publics \u2013 march\u00e9s municipaux, Casa del Fascio, Casa Balilla \u2013 incarnent des idiomes architecturaux rationalistes et fascistes, contrastant avec l&#039;\u00e9clectisme des anciens h\u00f4tels de ville, h\u00f4pitaux et b\u00e2timents administratifs. De vastes espaces verts plant\u00e9s d&#039;esp\u00e8ces tropicales compl\u00e8tent l&#039;empreinte italienne, s&#039;\u00e9tendant jusqu&#039;\u00e0 Antimachia et Kardamena.<\/p>\n<p>Avec l&#039;annexion du Dod\u00e9can\u00e8se \u00e0 la Gr\u00e8ce en 1948, une nouvelle phase de construction s&#039;ouvrit. De grands h\u00f4tels apparurent pour accueillir un nombre croissant de visiteurs, rempla\u00e7ant ou \u00e9clipsant souvent les habitations traditionnelles. Pourtant, des vestiges d&#039;architecture vernaculaire subsistent dans des villages comme Asfendiou, Pyli, Kefalos et Antimachia\u00a0: des maisons individuelles basses \u00e0 fa\u00e7ade plate, peintes en blanc, avec des portes et fen\u00eatres aux couleurs vives, des toits plats et des murs simples. Les int\u00e9rieurs, am\u00e9nag\u00e9s pour s&#039;adapter \u00e0 la vie familiale rurale, pr\u00e9sentent les kaniotoichos, de longs murs int\u00e9rieurs o\u00f9 vaisselle, miroirs et objets pratiques sont suspendus \u00e0 port\u00e9e de main. Les ruelles pav\u00e9es et les moulins \u00e0 vent classiques d&#039;Antimachia t\u00e9moignent du patrimoine pastoral, malgr\u00e9 le d\u00e9veloppement des infrastructures touristiques.<\/p>\n<p>Au fil des mill\u00e9naires, Kos a travers\u00e9 des bouleversements sismiques \u2013 g\u00e9ologiques, politiques et \u00e9conomiques \u2013 tout en pr\u00e9servant une identit\u00e9 profonde ancr\u00e9e dans les rythmes \u00e9g\u00e9ens et la lumi\u00e8re m\u00e9diterran\u00e9enne. Son littoral vallonn\u00e9, ses champs d&#039;oliviers et de vignes, ses multiples vestiges historiques et son hospitalit\u00e9 moderne convergent vers une \u00eele qui n&#039;est ni un mus\u00e9e ni un simple lieu de vill\u00e9giature, mais une synth\u00e8se vivante du pass\u00e9 et du pr\u00e9sent. \u00c0 chaque courbe du littoral, \u00e0 chaque arc de porte v\u00e9nitienne, Kos invite \u00e0 la r\u00e9flexion sur la continuit\u00e9 et le changement, rappelant aux visiteurs que chaque rivage rec\u00e8le sa propre histoire de p\u00e9rennit\u00e9 et de renouveau.<\/p>","protected":false},"excerpt":{"rendered":"<p>Kos, une \u00eele grecque pittoresque situ\u00e9e en mer \u00c9g\u00e9e, compte 37\u00a0089 habitants permanents selon le recensement de 2021. Cette \u00eele fascinante est la troisi\u00e8me plus grande de l&#039;archipel du Dod\u00e9can\u00e8se par sa superficie, devanc\u00e9e seulement par Rhodes et Karpathos, et se classe deuxi\u00e8me en termes de population, apr\u00e8s Rhodes. Kos s&#039;\u00e9tend sur 295,3 kilom\u00e8tres carr\u00e9s et poss\u00e8de un littoral de 112 kilom\u00e8tres le long des eaux cristallines de la mer \u00c9g\u00e9e. La ville de Kos, qui porte son nom, est son centre administratif et son principal port, situ\u00e9 \u00e0 200 milles nautiques du port anim\u00e9 du Pir\u00e9e, sur le continent grec.<\/p>","protected":false},"author":1,"featured_media":3239,"parent":13510,"menu_order":0,"comment_status":"closed","ping_status":"closed","template":"elementor_header_footer","meta":{"_eb_attr":"","footnotes":""},"class_list":["post-13558","page","type-page","status-publish","has-post-thumbnail"],"_links":{"self":[{"href":"https:\/\/travelshelper.com\/fr\/wp-json\/wp\/v2\/pages\/13558","targetHints":{"allow":["GET"]}}],"collection":[{"href":"https:\/\/travelshelper.com\/fr\/wp-json\/wp\/v2\/pages"}],"about":[{"href":"https:\/\/travelshelper.com\/fr\/wp-json\/wp\/v2\/types\/page"}],"author":[{"embeddable":true,"href":"https:\/\/travelshelper.com\/fr\/wp-json\/wp\/v2\/users\/1"}],"replies":[{"embeddable":true,"href":"https:\/\/travelshelper.com\/fr\/wp-json\/wp\/v2\/comments?post=13558"}],"version-history":[{"count":0,"href":"https:\/\/travelshelper.com\/fr\/wp-json\/wp\/v2\/pages\/13558\/revisions"}],"up":[{"embeddable":true,"href":"https:\/\/travelshelper.com\/fr\/wp-json\/wp\/v2\/pages\/13510"}],"wp:featuredmedia":[{"embeddable":true,"href":"https:\/\/travelshelper.com\/fr\/wp-json\/wp\/v2\/media\/3239"}],"wp:attachment":[{"href":"https:\/\/travelshelper.com\/fr\/wp-json\/wp\/v2\/media?parent=13558"}],"curies":[{"name":"wp","href":"https:\/\/api.w.org\/{rel}","templated":true}]}}