{"id":13510,"date":"2024-09-17T22:20:29","date_gmt":"2024-09-17T22:20:29","guid":{"rendered":"https:\/\/travelshelper.com\/staging\/?page_id=13510"},"modified":"2026-03-12T00:49:43","modified_gmt":"2026-03-12T00:49:43","slug":"grece","status":"publish","type":"page","link":"https:\/\/travelshelper.com\/fr\/destinations\/europe\/greece\/","title":{"rendered":"Gr\u00e8ce"},"content":{"rendered":"<p>La Gr\u00e8ce, officiellement la R\u00e9publique hell\u00e9nique, occupe l&#039;extr\u00e9mit\u00e9 sud de la p\u00e9ninsule balkanique, en Europe du Sud-Est. D&#039;une superficie d&#039;environ 131\u00a0957 kilom\u00e8tres carr\u00e9s et comptant plus de 10 millions d&#039;habitants, elle partage des fronti\u00e8res avec l&#039;Albanie au nord-ouest, la Mac\u00e9doine du Nord et la Bulgarie au nord, et la Turquie \u00e0 l&#039;est. Bord\u00e9e par la mer Ionienne \u00e0 l&#039;ouest, la mer \u00c9g\u00e9e \u00e0 l&#039;est et la M\u00e9diterran\u00e9e (y compris la mer de Cr\u00e8te) au sud, la Gr\u00e8ce poss\u00e8de un littoral continental tr\u00e8s d\u00e9coup\u00e9 de quelque 13\u00a0676 kilom\u00e8tres et des milliers d&#039;\u00eeles, dont 227 abritent des colonies permanentes. Les neuf r\u00e9gions g\u00e9ographiques traditionnelles du pays s&#039;\u00e9tendent de la cha\u00eene accident\u00e9e du Pinde \u00e0 l&#039;ouest aux plaines fertiles de Thessalie, et des massifs des Rhodopes au nord-est \u00e0 la p\u00e9ninsule du P\u00e9loponn\u00e8se au sud. Ath\u00e8nes, capitale et plus grande ville, est le point d&#039;ancrage de la r\u00e9gion de l&#039;Attique, suivie en taille et en importance commerciale par Thessalonique et Patras.<\/p>\n<p>La forme p\u00e9ninsulaire caract\u00e9ristique de la Gr\u00e8ce, qui s&#039;avance vers le carrefour m\u00e9diterran\u00e9en de l&#039;Europe, de l&#039;Asie et de l&#039;Afrique, a fa\u00e7onn\u00e9 son histoire naturelle et humaine. L&#039;isthme de Corinthe s\u00e9pare le continent du P\u00e9loponn\u00e8se, tandis que des points g\u00e9ographiques extr\u00eames marquent le village d&#039;Orm\u00e9nio au nord, l&#039;\u00eele de Gavdos au sud (le point le plus m\u00e9ridional de l&#039;Europe), Strongyli pr\u00e8s de Kastellorizo \u200b\u200b\u00e0 l&#039;est et Othonoi dans la mer Ionienne \u00e0 l&#039;ouest. Environ 80 % de son territoire est montagneux ou vallonn\u00e9, parmi les plus \u00e9lev\u00e9s d&#039;Europe. Le mont Olympe, demeure mythique des divinit\u00e9s olympiennes, culmine \u00e0 2\u00a0918 m\u00e8tres \u00e0 son sommet Mytikas\u00a0; la cha\u00eene du Pinde, prolongement occidental des Alpes dinariques, culmine \u00e0 2\u00a0637 m\u00e8tres au mont Smolikas et a historiquement entrav\u00e9 la communication est-ouest. En \u00c9pire, les gorges de Vikos, au c\u0153ur du massif du Pinde, se distinguent comme les plus profondes du monde, tandis que les imposants piliers rocheux des M\u00e9t\u00e9ores soutiennent des monast\u00e8res orthodoxes s\u00e9culaires. La cha\u00eene des Rhodopes domine la Mac\u00e9doine orientale et la Thrace, ses for\u00eats anciennes s&#039;\u00e9tendant jusqu&#039;\u00e0 la for\u00eat de Dadia. En revanche, les plaines alluviales de Thessalie, de Mac\u00e9doine centrale et de Thrace constituent les principales terres arables du pays.<\/p>\n<p>Les groupes d&#039;\u00eeles d\u00e9finissent le caract\u00e8re maritime de la Gr\u00e8ce. La Cr\u00e8te, la plus grande et la cinqui\u00e8me plus grande \u00eele de M\u00e9diterran\u00e9e, arrive en t\u00eate en termes de superficie et de population, suivie d&#039;Eub\u00e9e, de Lesbos et de Rhodes. Les groupements traditionnels comprennent les \u00eeles Argo-Saroniques pr\u00e8s d&#039;Ath\u00e8nes, les Cyclades au c\u0153ur de la mer \u00c9g\u00e9e, le Dod\u00e9can\u00e8se au sud-est de Rhodes, les Sporades au nord-est de l&#039;Eub\u00e9e, les \u00eeles de la mer \u00c9g\u00e9e septentrionale pr\u00e8s de la c\u00f4te ouest de la Turquie et les \u00eeles Ioniennes le long du flanc ouest du continent. Selon les crit\u00e8res, entre 1\u00a0200 et 6\u00a0000 \u00eeles se trouvent dans les eaux grecques, mais moins de 250 sont habit\u00e9es.<\/p>\n<p>Le climat de la Gr\u00e8ce est principalement m\u00e9diterran\u00e9en (K\u00f6ppen Csa), caract\u00e9ris\u00e9 par des hivers doux et humides et des \u00e9t\u00e9s chauds et arides le long de la plupart des c\u00f4tes, y compris \u00e0 Ath\u00e8nes, en Cr\u00e8te et dans les Cyclades, ainsi que dans le sud du continent. La barri\u00e8re du Pinde cr\u00e9e un effet d&#039;ombre pluviom\u00e9trique\u00a0: les versants occidentaux re\u00e7oivent des pr\u00e9cipitations plus importantes provenant des syst\u00e8mes du sud-ouest, tandis que les zones orientales sous le vent peuvent se rapprocher de conditions semi-arides (BSh), notamment le long de la Riviera ath\u00e9nienne et de certaines \u00eeles des Cyclades. Les latitudes septentrionales autour de Thessalonique et de Larissa pr\u00e9sentent un climat semi-aride froid (BSk). Les conditions alpines (D\/E) pr\u00e9valent en haute altitude en \u00c9pire, en Thessalie et dans le centre du P\u00e9loponn\u00e8se, avec de fortes chutes de neige en hiver, tandis que les r\u00e9gimes subtropicaux humides (Cfa), marqu\u00e9s par des hivers froids et humides et des \u00e9t\u00e9s chauds et orageux, s&#039;\u00e9tendent aux plaines du nord. Des chutes de neige sporadiques peuvent m\u00eame tomber sur les plaines d&#039;Ath\u00e8nes lors de vagues de froid particuli\u00e8rement intenses.<\/p>\n<p>L&#039;histoire de la Gr\u00e8ce se d\u00e9roule comme le berceau de la civilisation occidentale. Entre le VIIIe et le IVe si\u00e8cle avant J.-C., des cit\u00e9s-\u00c9tats ind\u00e9pendantes \u2013 ou poleis \u2013 telles qu&#039;Ath\u00e8nes, Sparte, Corinthe et Th\u00e8bes prosp\u00e9r\u00e8rent, posant les fondements de la d\u00e9mocratie, de la philosophie, de l&#039;historiographie, du th\u00e9\u00e2tre, des sciences politiques et des math\u00e9matiques. Au milieu du IVe si\u00e8cle avant J.-C., Philippe II de Mac\u00e9doine unifia les diff\u00e9rents syst\u00e8mes politiques grecs\u00a0; son fils, Alexandre le Grand, diffusa rapidement la culture hell\u00e9nique de la M\u00e9diterran\u00e9e orientale \u00e0 travers l&#039;Anatolie, l&#039;\u00c9gypte, la Perse et le nord-ouest de l&#039;Inde. L&#039;\u00e8re hell\u00e9nistique qui suivit marqua l&#039;apog\u00e9e de l&#039;influence culturelle grecque. L&#039;annexion de Rome au IIe si\u00e8cle avant J.-C. int\u00e9gra la Gr\u00e8ce \u00e0 l&#039;Empire romain, puis \u00e0 l&#039;Empire byzantin, dont la langue et les traditions, \u00e0 pr\u00e9dominance grecque, pr\u00e9serv\u00e8rent l&#039;h\u00e9ritage classique. L&#039;\u00c9glise grecque orthodoxe, n\u00e9e au Ier si\u00e8cle apr\u00e8s J.-C., devint partie int\u00e9grante de l&#039;identit\u00e9 nationale et diffusa la culture byzantine dans les territoires orthodoxes. Apr\u00e8s la quatri\u00e8me croisade de 1204, les \u00c9tats latins s&#039;empar\u00e8rent de portions de la p\u00e9ninsule\u00a0; Au milieu du XVe si\u00e8cle, la domination ottomane pr\u00e9valait jusqu&#039;au d\u00e9but du XIXe si\u00e8cle.<\/p>\n<p>Fran\u00e7ais L&#039;\u00c9tat grec moderne est n\u00e9 d&#039;une longue lutte r\u00e9volutionnaire, qui a d\u00e9but\u00e9 en 1821 et a culmin\u00e9 avec la reconnaissance internationale de l&#039;ind\u00e9pendance en 1830. Le Royaume de Gr\u00e8ce a \u00e9tendu son territoire pendant les guerres des Balkans (1912-1913) et dans l&#039;ouest de l&#039;Anatolie, pour finalement subir une d\u00e9faite calamiteuse contre les forces turques lors de la campagne d&#039;Asie Mineure de 1922. Une r\u00e9publique s&#039;est bri\u00e8vement install\u00e9e en 1924, mais a succomb\u00e9 \u00e0 l&#039;autoritarisme en 1936, ouvrant la voie \u00e0 l&#039;occupation de l&#039;Axe pendant la Seconde Guerre mondiale, \u00e0 une guerre civile ult\u00e9rieure et \u00e0 une junte militaire de 1967 \u00e0 1974. La restauration du r\u00e9gime civil en 1974-1975 a inaugur\u00e9 la r\u00e9publique parlementaire actuelle.<\/p>\n<p>Sur le plan \u00e9conomique, la Gr\u00e8ce a connu une croissance soutenue des ann\u00e9es 1950 aux ann\u00e9es 1970. Aujourd&#039;hui, elle est class\u00e9e parmi les \u00e9conomies avanc\u00e9es \u00e0 revenu \u00e9lev\u00e9\u00a0: la 54e en parit\u00e9 de pouvoir d&#039;achat, avec un PIB d&#039;environ 417 milliards de dollars, et la 15e au sein de l&#039;Union europ\u00e9enne. En 1981, la Gr\u00e8ce est devenue le dixi\u00e8me membre de l&#039;actuelle Union europ\u00e9enne et participe \u00e0 de nombreuses organisations internationales. Le tourisme et le transport maritime sont des piliers de l&#039;\u00e9conomie nationale. En 2023, la Gr\u00e8ce se classait au neuvi\u00e8me rang des pays les plus visit\u00e9s au monde, avec plus de 28 millions d&#039;arriv\u00e9es internationales. Le pays compte 19 sites inscrits au patrimoine mondial de l&#039;UNESCO, et 13 autres sont sur la liste indicative.<\/p>\n<p>Profond\u00e9ment ancr\u00e9e dans sa tradition maritime, l&#039;industrie maritime grecque contribue \u00e0 environ 5 % du PIB et emploie environ 160 000 personnes. La marine marchande grecque repr\u00e9sente 18 % de la capacit\u00e9 mondiale, se classant au premier rang en tonnage (384 millions de tonnes de port en lourd), au deuxi\u00e8me rang en nombre de navires (4 870), au premier rang en p\u00e9troliers et vraquiers secs, au quatri\u00e8me rang en porte-conteneurs et au cinqui\u00e8me rang en autres navires. La flotte de l&#039;\u00c9tat du pavillon comprend 1 517 navires, repr\u00e9sentant 5 % du tonnage mondial. La construction et la r\u00e9paration navales restent dynamiques autour du Pir\u00e9e, o\u00f9 six grands chantiers navals figurent parmi les plus grands d&#039;Europe, et la Gr\u00e8ce est devenue un centre de construction de yachts de luxe.<\/p>\n<p>Les infrastructures de transport terrestre se sont consid\u00e9rablement modernis\u00e9es depuis les ann\u00e9es 1980. En 2020, la Gr\u00e8ce poss\u00e9dait quelque 2\u00a0320 kilom\u00e8tres d\u2019autoroutes \u2013 le r\u00e9seau le plus \u00e9tendu d\u2019Europe du Sud-Est \u2013 dont l\u2019A1 (Ath\u00e8nes-Thessalonique), l\u2019A2 est-ouest (Egnatia Odos) et l\u2019A5 (Ionia Odos), qui relie le pont suspendu Rion-Antirion (le plus long d\u2019Europe avec ses 2\u00a0250 m\u00e8tres) \u00e0 la c\u00f4te ouest. L\u2019Attiki Odos, exploit\u00e9e par des int\u00e9r\u00eats priv\u00e9s, encercle le Grand Ath\u00e8nes, compl\u00e9tant le m\u00e9tro d\u2019Ath\u00e8nes agrandi\u00a0; le m\u00e9tro de Thessalonique est entr\u00e9 en service en 2024. Les lignes ferroviaires, totalisant environ 2\u00a0500 kilom\u00e8tres, assurent les services interurbains, suburbains et internationaux, avec des am\u00e9liorations continues vers un \u00e9cartement standard \u00e0 double voie entre Ath\u00e8nes et Patras, entre autres. Les liaisons maritimes restent vitales : le Pir\u00e9e \u00e9tait le troisi\u00e8me port de passagers le plus fr\u00e9quent\u00e9 d&#039;Europe en 2021, et pr\u00e8s de 37 millions de passagers ont transit\u00e9 par le r\u00e9seau de ferries grec en 2019. Le transport a\u00e9rien a connu une croissance parall\u00e8le : parmi 39 a\u00e9roports actifs (dont 15 internationaux), Ath\u00e8nes International a accueilli plus de 28 millions de passagers en 2023, tandis qu&#039;Aegean Airlines, Olympic Air et Sky Express relient la capitale aux \u00eeles et aux destinations mondiales.<\/p>\n<p>Fran\u00e7ais D\u00e9mographiquement, la population de la Gr\u00e8ce \u00e9tait estim\u00e9e \u00e0 10,6 millions en 2022. La f\u00e9condit\u00e9 a diminu\u00e9 de 5,5 enfants par femme en 1900 \u00e0 environ 1,4 aujourd&#039;hui, bien en dessous du seuil de remplacement de 2,1, faisant grimper l&#039;\u00e2ge m\u00e9dian \u00e0 44,2 ans, parmi les plus \u00e9lev\u00e9s au monde. Entre 1981 et 2016, le taux de natalit\u00e9 est pass\u00e9 de 14,5 \u00e0 8,5 pour mille, tandis que la mortalit\u00e9 est pass\u00e9e de 8,9 \u00e0 11,2 pour mille. En 2016, les personnes \u00e2g\u00e9es de 65 ans ou plus repr\u00e9sentaient 21 % de la population, contre environ 14 % des moins de 15 ans. Le taux de nuptialit\u00e9 a diminu\u00e9 de 71 \u00e0 51 pour mille entre 1981 et 2004, et les divorces ont augment\u00e9 de 191 \u00e0 240 pour mille mariages. La contraction \u00e9conomique depuis 2010 a pouss\u00e9 entre 350 000 et 450 000 Grecs, principalement des jeunes, \u00e0 \u00e9migrer.<\/p>\n<p>La Constitution grecque reconna\u00eet l\u2019orthodoxie orientale comme la foi dominante et, bien que l\u2019appartenance religieuse ne soit pas recens\u00e9e dans les recensements, on estime que 97 % des citoyens s\u2019identifient comme orthodoxes grecs, sous la juridiction de l\u2019\u00c9glise autoc\u00e9phale de Gr\u00e8ce et du Patriarcat \u0153cum\u00e9nique de Constantinople.<\/p>\n<p>Le patrimoine culturel de la Gr\u00e8ce renforce son attrait. \u00c0 Ath\u00e8nes, le Parth\u00e9non et l&#039;Acropole t\u00e9moignent des r\u00e9alisations civiques du Ve si\u00e8cle av. J.-C.\u00a0; le sanctuaire d&#039;Apollon de Delphes guidait autrefois les consultations divines des Grecs\u00a0; et le temple d&#039;Apollon \u00e0 Bassae \u00e9merge discr\u00e8tement au milieu des collines arcadiennes. La vieille ville m\u00e9di\u00e9vale de Rhodes pr\u00e9serve l&#039;h\u00e9ritage des Chevaliers Hospitaliers, tandis que le stade d&#039;Olympie \u00e9voque la naissance des Jeux olympiques. Dans le nord de la Gr\u00e8ce, les tombes \u00e0 tumulus de Vergina, dont celle de Philippe II, relient les visiteurs \u00e0 l&#039;aube de l&#039;h\u00e9g\u00e9monie mac\u00e9donienne. Mystras, perch\u00e9e sur le mont Tayg\u00e8te, \u00e9voque la splendeur byzantine pr\u00e8s de l&#039;antique Sparte, et D\u00e9los, lieu de naissance sacr\u00e9 d&#039;Apollon et d&#039;Art\u00e9mis, demeure parsem\u00e9e de vestiges hell\u00e9nistiques.<\/p>\n<p>Les sites insulaires allient d\u00e9couverte arch\u00e9ologique et charme c\u00f4tier. Patmos abrite le monast\u00e8re Saint-Jean et la grotte de l&#039;Apocalypse, ainsi que des tavernes install\u00e9es sur des rivages accueillants. L&#039;architecture aux accents v\u00e9nitiens de Corfou s&#039;harmonise avec les plages ioniennes\u00a0; Samos offre des vins anciens, le temple d&#039;H\u00e9ra et le tunnel d&#039;Eupalinos\u00a0; et le mont Athos, une r\u00e9publique monastique situ\u00e9e sur la p\u00e9ninsule athosienne de Chalcidique, restreint l&#039;acc\u00e8s aux touristes mais r\u00e9compense les p\u00e8lerins avec des fresques byzantines. Parmi les tr\u00e9sors du continent figurent le sanctuaire d&#039;Ascl\u00e9pios d&#039;\u00c9pidaure et les citadelles myc\u00e9niennes de Myc\u00e8nes et de Tirynthe. D&#039;autres sites monastiques class\u00e9s au patrimoine mondial \u2013 Daphni pr\u00e8s d&#039;Ath\u00e8nes, Hosios Loukas en B\u00e9otie et Nea Moni sur Chios \u2013 t\u00e9moignent de la pi\u00e9t\u00e9 byzantine.<\/p>\n<p>Les voyages nature et aventure ont prosp\u00e9r\u00e9. Les gorges de Cr\u00e8te, les parcs nationaux d&#039;\u00c9pire et le mont Olympe attirent les randonneurs\u00a0; les voiliers naviguent entre plus de 1\u00a0400 \u00eeles, des eaux temp\u00e9r\u00e9es de la mer Ionienne, id\u00e9ales pour les novices, aux vents du Meltemi des Cyclades, qui mettent au d\u00e9fi les skippers chevronn\u00e9s. Les plages de sable blanc des c\u00f4tes continentales de la Chalcidique, de l&#039;\u00c9pire et du P\u00e9loponn\u00e8se compl\u00e8tent les stations baln\u00e9aires des \u00eeles de Cr\u00e8te, Rhodes, Kos et Zante, o\u00f9 le parc national marin prot\u00e8ge les tortues caouannes. Les amateurs de sports d&#039;aventure s&#039;adonnent au kitesurf, au rafting et au canyoning dans les vall\u00e9es fluviales montagneuses. Les p\u00e8lerins empruntent la Via Egnatia ou escaladent des monast\u00e8res m\u00e9di\u00e9vaux perch\u00e9s sur des falaises.<\/p>\n<p>Les visiteurs d\u00e9couvrent la chaleur et le c\u00f4t\u00e9 informel caract\u00e9ristiques de la soci\u00e9t\u00e9 grecque. La politesse se mesure \u00e0 la conduite plut\u00f4t qu&#039;\u00e0 des discours trop c\u00e9r\u00e9monieux\u00a0; une simple salutation est souvent le signe d&#039;une hospitalit\u00e9 authentique. Les Grecs utilisent des gestes expressifs et engagent volontiers la conversation, parfois accompagn\u00e9e d&#039;un verre de raki dans un kafeneion de village. La d\u00e9f\u00e9rence dans les lieux religieux \u2013 \u00e9paules ou genoux couverts \u2013 respecte les coutumes locales, bien que l&#039;afflux touristique assouplisse l&#039;application en haute saison. Le nudisme reste largement confin\u00e9 aux plages d\u00e9sign\u00e9es en Cr\u00e8te, \u00e0 Rhodes, \u00e0 C\u00e9phalonie et \u00e0 Zante\u00a0; ailleurs, bronzer seins nus ou nu peut \u00eatre source de g\u00eane pour les habitants.<\/p>\n<p>Administrativement, la Gr\u00e8ce comprend 13 r\u00e9gions \u2013 du P\u00e9loponn\u00e8se et de la Gr\u00e8ce centrale \u00e0 la Thessalie, la Gr\u00e8ce du Nord, l&#039;\u00c9pire, la Cr\u00e8te et les groupes d&#039;\u00eeles \u2013 et 74 unit\u00e9s r\u00e9gionales. Au-del\u00e0 d&#039;Ath\u00e8nes, Thessalonique et Patras, les principaux centres urbains comprennent H\u00e9raklion, La Can\u00e9e, Kavala, Volos et Rhodes, offrant chacun un m\u00e9lange de sites historiques et d&#039;\u00e9quipements modernes. Les visiteurs utilisent l&#039;euro, circulent \u00e0 droite et acc\u00e8dent aux services d&#039;urgence via les num\u00e9ros standard europ\u00e9ens (112 pour les urgences g\u00e9n\u00e9rales) dans le fuseau horaire UTC +2.<\/p>\n<p>Berceau de la d\u00e9mocratie et de la pens\u00e9e occidentale, la Gr\u00e8ce poss\u00e8de un h\u00e9ritage profond en politique, en philosophie et en arts. Ses paysages \u2013 des sommets enneig\u00e9s et des plaines fertiles aux eaux cristallines et aux ruines charg\u00e9es d&#039;histoire \u2013 continuent d&#039;inspirer les voyageurs. Qu&#039;ils explorent les monuments de l&#039;Antiquit\u00e9, naviguent sur des archipels azur ou savourent les coutumes ancestrales des villages de montagne, les visiteurs d\u00e9couvrent une nation o\u00f9 pass\u00e9 et pr\u00e9sent convergent dans une harmonie durable.<\/p>\n<p>En r\u00e9sum\u00e9, la Gr\u00e8ce offre une synth\u00e8se incomparable de grandeur naturelle, de profondeur historique et de vitalit\u00e9 culturelle. Elle demeure une terre o\u00f9 les traces des philosophes antiques croisent les rythmes de la vie moderne, invitant les voyageurs \u00e0 un voyage \u00e0 travers le temps et les paysages aussi enrichissant qu&#039;inoubliable.<\/p>","protected":false},"excerpt":{"rendered":"<p>La Gr\u00e8ce, officiellement appel\u00e9e R\u00e9publique hell\u00e9nique, est une nation d&#039;une importance historique consid\u00e9rable et d&#039;une splendeur naturelle situ\u00e9e en Europe du Sud-Est. Situ\u00e9 \u00e0 l&#039;extr\u00e9mit\u00e9 sud de la p\u00e9ninsule balkanique, ce pays, qui compte plus de 10,4 millions d&#039;habitants, occupe une position centrale \u00e0 l&#039;intersection de l&#039;Europe, de l&#039;Asie et de l&#039;Afrique. Sa situation g\u00e9ographique a profond\u00e9ment influenc\u00e9 sa riche histoire et sa culture vari\u00e9e, faisant d&#039;elle un p\u00f4le central de la civilisation occidentale depuis des mill\u00e9naires.<\/p>","protected":false},"author":1,"featured_media":3970,"parent":24078,"menu_order":0,"comment_status":"closed","ping_status":"closed","template":"elementor_theme","meta":{"_eb_attr":"","footnotes":""},"class_list":["post-13510","page","type-page","status-publish","has-post-thumbnail"],"_links":{"self":[{"href":"https:\/\/travelshelper.com\/fr\/wp-json\/wp\/v2\/pages\/13510","targetHints":{"allow":["GET"]}}],"collection":[{"href":"https:\/\/travelshelper.com\/fr\/wp-json\/wp\/v2\/pages"}],"about":[{"href":"https:\/\/travelshelper.com\/fr\/wp-json\/wp\/v2\/types\/page"}],"author":[{"embeddable":true,"href":"https:\/\/travelshelper.com\/fr\/wp-json\/wp\/v2\/users\/1"}],"replies":[{"embeddable":true,"href":"https:\/\/travelshelper.com\/fr\/wp-json\/wp\/v2\/comments?post=13510"}],"version-history":[{"count":0,"href":"https:\/\/travelshelper.com\/fr\/wp-json\/wp\/v2\/pages\/13510\/revisions"}],"up":[{"embeddable":true,"href":"https:\/\/travelshelper.com\/fr\/wp-json\/wp\/v2\/pages\/24078"}],"wp:featuredmedia":[{"embeddable":true,"href":"https:\/\/travelshelper.com\/fr\/wp-json\/wp\/v2\/media\/3970"}],"wp:attachment":[{"href":"https:\/\/travelshelper.com\/fr\/wp-json\/wp\/v2\/media?parent=13510"}],"curies":[{"name":"wp","href":"https:\/\/api.w.org\/{rel}","templated":true}]}}