{"id":13445,"date":"2024-09-17T17:54:42","date_gmt":"2024-09-17T17:54:42","guid":{"rendered":"https:\/\/travelshelper.com\/staging\/?page_id=13445"},"modified":"2026-03-12T22:11:36","modified_gmt":"2026-03-12T22:11:36","slug":"serbie","status":"publish","type":"page","link":"https:\/\/travelshelper.com\/fr\/destinations\/europe\/serbia\/","title":{"rendered":"Serbie"},"content":{"rendered":"<p>La Serbie se pr\u00e9sente comme une r\u00e9publique souveraine d&#039;environ 6,6 millions d&#039;habitants (hors Kosovo) r\u00e9partie sur quelque 88\u00a0499 kilom\u00e8tres carr\u00e9s au c\u0153ur de la p\u00e9ninsule balkanique, limitrophe de la Hongrie au nord, de la Roumanie au nord-est, de la Bulgarie au sud-est, de la Mac\u00e9doine du Nord au sud, de la Croatie et de la Bosnie-Herz\u00e9govine \u00e0 l&#039;ouest, et du Mont\u00e9n\u00e9gro au sud-ouest. Situ\u00e9e entre les latitudes 41\u00b0 et 47\u00b0 N et les longitudes 18\u00b0 et 23\u00b0 E, cette nation enclav\u00e9e occupe un carrefour de l&#039;Europe centrale et du Sud-Est, offrant un paysage complexe allant des plaines fertiles de Vo\u00efvodine au nord aux sommets vertigineux des cha\u00eenes de montagnes dinariques et des Carpates au sud.<\/p>\n<p>Habit\u00e9 sans interruption depuis le Pal\u00e9olithique, le territoire de la Serbie moderne a absorb\u00e9 des vagues successives de colons slaves au cours du VIe si\u00e8cle de notre \u00e8re, jetant les bases d&#039;un syst\u00e8me politique slave qui allait se cristalliser en royaumes et principaut\u00e9s m\u00e9di\u00e9vaux. En 1217, la reconnaissance du Saint-Si\u00e8ge et de Constantinople a \u00e9lev\u00e9 le royaume serbe au rang de royaume, qui, sous Du\u0161an le Puissant, a atteint son apog\u00e9e en 1346, devenant un empire englobant de vastes \u00e9tendues des Balkans. La conqu\u00eate ottomane du milieu du XVIe si\u00e8cle a balay\u00e9 cette ind\u00e9pendance, bien que des incursions intermittentes des Habsbourg venus de l&#039;ouest aient pr\u00e9serv\u00e9 des enclaves catholiques dans la plaine pannonienne de Vo\u00efvodine.<\/p>\n<p>\u00c0 l&#039;aube du XIXe si\u00e8cle, la r\u00e9volution serbe a forg\u00e9 la premi\u00e8re monarchie constitutionnelle moderne de la r\u00e9gion, dont la juridiction s&#039;est progressivement \u00e9tendue jusqu&#039;\u00e0 ce que, au lendemain de la Premi\u00e8re Guerre mondiale, le Royaume de Serbie fusionne avec les territoires slaves du Sud voisins pour former le premier \u00c9tat yougoslave. Des d\u00e9cennies de f\u00e9d\u00e9rations unitaires et socialistes ont suivi, pour finalement se fracturer au cours des tumultueuses ann\u00e9es 1990. Une s\u00e9paration d\u00e9finitive et pacifique du Mont\u00e9n\u00e9gro en 2006 a r\u00e9tabli la pleine souverainet\u00e9 de la Serbie, tandis que la d\u00e9claration unilat\u00e9rale d&#039;ind\u00e9pendance de l&#039;assembl\u00e9e \u00e0 majorit\u00e9 albanaise du Kosovo en 2008 n&#039;est toujours pas reconnue par Belgrade, qui consid\u00e8re le Kosovo comme une circonscription administrative sous tutelle partag\u00e9e.<\/p>\n<p>G\u00e9ographiquement, le tiers nord de la Serbie se situe sous l&#039;imposante plaine pannonienne, dont les sols limoneux sont sillonn\u00e9s par les eaux du Danube, de la Tisza et du Begej. Au sud, des collines ondulantes c\u00e8dent la place aux Alpes dinariques \u00e0 l&#039;ouest, aux Carpates et aux Balkans \u00e0 l&#039;est, et aux anciens plateaux des Rhodopes au sud-est. L&#039;altitude s&#039;\u00e9tend du pic Mid\u017eor des Balkans, \u00e0 2\u00a0169 m\u00e8tres \u2013 le point culminant de la Serbie hors Kosovo \u2013 jusqu&#039;\u00e0 Prahovo, sur le Danube, \u00e0 peine \u00e0 17 m\u00e8tres au-dessus du niveau de la mer. Le plus long cours d&#039;eau du pays, le Danube, serpente sur 587 kilom\u00e8tres \u00e0 travers son territoire, forgeant des art\u00e8res \u00e9conomiques reliant l&#039;Europe centrale \u00e0 la mer Noire et au-del\u00e0. Le lac \u0110erdap, d&#039;une superficie de 163 kilom\u00e8tres carr\u00e9s, est le plus grand r\u00e9servoir artificiel de Serbie, captant le d\u00e9bit du Danube dans les gorges de la Porte de Fer.<\/p>\n<p>Sur le plan climatique, la Serbie occupe une zone de transition fa\u00e7onn\u00e9e par la continentalit\u00e9 eurasienne, les fronts atlantiques et les courants m\u00e9diterran\u00e9ens. Les temp\u00e9ratures moyennes oscillent autour de 0 \u00b0C en janvier et atteignent environ 22 \u00b0C en juillet, d\u00e9limitant un climat continental chaud et humide au nord et un r\u00e9gime plus subtropical avec des \u00e9t\u00e9s plus secs au sud. La topographie accident\u00e9e canalise le vent de Ko\u0161ava, une violente rafale qui s&#039;acc\u00e9l\u00e8re par la Porte de Fer vers Belgrade, o\u00f9 elle peut agiter les toits de la ville et la surface du Danube. Les hauts plateaux comme Pe\u0161ter subissent des hivers rigoureux sous les sommets environnants, tandis que l&#039;influence de l&#039;Adriatique adoucit les conditions dans les vall\u00e9es du sud.<\/p>\n<p>Sur le plan d\u00e9mographique, le recensement de 2022 a enregistr\u00e9 6\u00a0647\u00a0003 habitants (hors Kosovo), soit une densit\u00e9 moyenne de 85,8 habitants au kilom\u00e8tre carr\u00e9. Un d\u00e9clin d\u00e9mographique persistant depuis les ann\u00e9es 1990 a vu les taux de natalit\u00e9 chuter en dessous des taux de mortalit\u00e9 et l&#039;\u00e9migration a r\u00e9duit la population de plusieurs centaines de milliers de personnes, notamment parmi les jeunes adultes instruits. Avec un \u00e2ge moyen de 43,3 ans, la Serbie compte parmi les soci\u00e9t\u00e9s les plus \u00e2g\u00e9es d&#039;Europe. Les m\u00e9nages d&#039;une personne constituent un cinqui\u00e8me de l&#039;ensemble des logements, l&#039;esp\u00e9rance de vie s&#039;\u00e9l\u00e8ve \u00e0 76,1 ans et la diaspora \u00e9migr\u00e9e entretient des liens \u00e9troits avec son pays d&#039;origine.<\/p>\n<p>La Constitution consacre la la\u00efcit\u00e9 et la libert\u00e9 religieuse, bien que l&#039;identit\u00e9 de la Serbie reste \u00e9troitement li\u00e9e \u00e0 l&#039;\u00c9glise orthodoxe serbe. Environ 84,5 % des habitants se d\u00e9clarent chr\u00e9tiens orthodoxes, y compris les Serbes, les Roumains, les Valaques et d&#039;autres minorit\u00e9s. Les communaut\u00e9s musulmane, catholique et protestante puisent leurs racines dans les migrations ottomanes, austro-hongroises et modernes, enrichissant ainsi la mosa\u00efque religieuse du pays.<\/p>\n<p>Sur le plan linguistique, le serbe est la seule langue officielle, parl\u00e9e comme langue maternelle par environ 88 % de la population. Unique parmi les langues europ\u00e9ennes, le serbe utilise \u00e0 la fois l&#039;alphabet cyrillique et l&#039;alphabet latin\u00a0; la Constitution d\u00e9signe l&#039;alphabet cyrillique comme \u00ab\u00a0alphabet officiel\u00a0\u00bb, bien que les pr\u00e9f\u00e9rences du public soient presque \u00e9galement partag\u00e9es.<\/p>\n<p>Fran\u00e7ais \u00c9conomiquement, la Serbie est class\u00e9e comme une \u00e9conomie de march\u00e9 \u00e0 revenu moyen sup\u00e9rieur, avec un PIB nominal en 2024 estim\u00e9 \u00e0 81,9 milliards de dollars (environ 12 385 dollars par habitant) et un PIB en parit\u00e9 de pouvoir d&#039;achat \u00e0 185 milliards de dollars (27 985 dollars par habitant). Les services g\u00e9n\u00e8rent 67,9 % de la production, l&#039;industrie repr\u00e9sente 26,1 % et l&#039;agriculture contribue \u00e0 environ 6 %. Un h\u00e9ritage de la recherche et des investissements dans la d\u00e9fense de l&#039;\u00e8re yougoslave \u2013 son industrie de l&#039;armement reste le premier exportateur des Balkans occidentaux et le vingt-cinqui\u00e8me mondial, g\u00e9n\u00e9rant plus de 1,6 milliard de dollars en 2023 \u2013 compl\u00e8te une base industrielle diversifi\u00e9e couvrant les composants automobiles, l&#039;exploitation mini\u00e8re, l&#039;agroalimentaire et les produits pharmaceutiques. Le dinar serbe, g\u00e9r\u00e9 par la Banque nationale de Serbie, sous-tend la stabilit\u00e9 mon\u00e9taire ; la Bourse de Belgrade, bien que modeste avec une capitalisation boursi\u00e8re de 8,65 milliards de dollars, ancre les march\u00e9s financiers gr\u00e2ce \u00e0 son indice BELEX15. Selon les indicateurs internationaux, la Serbie se classe au cinquante-deuxi\u00e8me rang de l\u2019indice de progr\u00e8s social et au cinquante-quatri\u00e8me rang de l\u2019indice de paix mondiale.<\/p>\n<p>Les infrastructures de la Serbie capitalisent sur sa position strat\u00e9gique au carrefour est-ouest et nord-sud de l&#039;Europe. La vall\u00e9e de la Morava offre un corridor terrestre naturel reliant l&#039;Europe continentale \u00e0 l&#039;Asie Mineure. Le r\u00e9seau routier s&#039;\u00e9tend sur 45\u00a0419 kilom\u00e8tres, dont 962 kilom\u00e8tres d&#039;autoroutes, bien que les d\u00e9ficits d&#039;entretien survenus depuis deux d\u00e9cennies aient laiss\u00e9 de nombreuses routes secondaires en de\u00e7\u00e0 des normes d&#039;Europe occidentale. Des investissements r\u00e9cents ont permis d&#039;ajouter plus de 300 kilom\u00e8tres d&#039;autoroutes, et de nouveaux tron\u00e7ons des autoroutes A2 et A5 sont en construction. Le r\u00e9seau d&#039;autocars relie m\u00eame les villages les plus recul\u00e9s aux p\u00f4les r\u00e9gionaux, tandis que le taux de motorisation atteint une voiture pour 3,5 habitants.<\/p>\n<p>Les 3\u00a0819 kilom\u00e8tres de lignes ferroviaires serbes, dont 1\u00a0279 kilom\u00e8tres sont \u00e9lectrifi\u00e9s, relient Belgrade et Ni\u0161 \u00e0 Budapest, Bar, Zagreb, Sofia et Thessalonique le long de corridors paneurop\u00e9ens. La ligne \u00e0 grande vitesse Belgrade-Novi Sad, longue de 75 kilom\u00e8tres et inaugur\u00e9e en 2022, s&#039;\u00e9tend d\u00e9sormais jusqu&#039;\u00e0 Subotica, et une extension suppl\u00e9mentaire vers Ni\u0161 est pr\u00e9vue pour relier les quatre plus grandes villes du pays d&#039;ici la fin de la d\u00e9cennie. Les services de transport de passagers de Srbija Voz et de fret de Srbija Kargo compl\u00e8tent ces axes ferroviaires.<\/p>\n<p>Le trafic a\u00e9rien transite par trois a\u00e9roports internationaux, dont l&#039;a\u00e9roport Nikola Tesla de Belgrade, qui a accueilli 2,75 millions de passagers en 2022. La compagnie nationale Air Serbia relie Belgrade \u00e0 quelque 80 destinations dans 32 pays, notamment des liaisons intercontinentales vers New York, Chicago et Tianjin. Les voies navigables int\u00e9rieures, centr\u00e9es sur le Danube, mais aussi sur la Save, la Tisza et la Begej, s&#039;\u00e9tendent sur plus de 1\u00a0700 kilom\u00e8tres de canaux navigables, transportant plus de huit millions de tonnes de marchandises en 2018. Les ports fluviaux de Novi Sad, Belgrade, Pan\u010devo et d&#039;autres relient la Serbie \u00e0 la mer du Nord via le canal Rhin-Main-Danube et \u00e0 la mer Noire par la Porte de Fer.<\/p>\n<p>Le tourisme, bien que modeste en volume par rapport \u00e0 ses voisins c\u00f4tiers, offre un \u00e9ventail de stations thermales, de stations de montagne et de centres urbains dynamiques. En 2019, plus de 3,6 millions de visiteurs ont s\u00e9journ\u00e9 dans des h\u00e9bergements agr\u00e9\u00e9s, dont la moiti\u00e9 en provenance de l&#039;\u00e9tranger, g\u00e9n\u00e9rant environ 1,5 milliard de dollars de devises. Les visiteurs nationaux affluent \u00e0 Kopaonik, Stara Planina et Zlatibor pour les sports d&#039;hiver et les loisirs d&#039;\u00e9t\u00e9, tandis que Vrnja\u010dka Banja, Soko Banja et Banja Kovilja\u010da attirent les amateurs de spa vers leurs sources thermales. Belgrade et Novi Sad attirent les deux tiers des touristes \u00e9trangers, leurs festivals culturels \u2013 EXIT \u00e0 Novi Sad et le festival de trompette de Gu\u010da \u2013 attirant l&#039;attention internationale. Des spectacles naturels isol\u00e9s tels que la formation rocheuse de \u0110avolja Varo\u0161, les chemins de p\u00e8lerinage orthodoxes vers les monast\u00e8res m\u00e9di\u00e9vaux et les croisi\u00e8res sur le Danube le long de la Porte de Fer diversifient encore l&#039;offre serbe.<\/p>\n<p>Des si\u00e8cles de domination altern\u00e9e hell\u00e9nistique, romaine, byzantine, ottomane et habsbourgeoise ont forg\u00e9 un dualisme culturel\u00a0: les plaines du nord du pays t\u00e9moignent d&#039;affinit\u00e9s avec l&#039;Europe centrale, de l&#039;architecture baroque \u00e0 la coexistence multiethnique, tandis que les hautes terres du sud font \u00e9cho \u00e0 des traditions balkaniques et m\u00e9diterran\u00e9ennes plus larges. Les influences v\u00e9nitiennes se sont infiltr\u00e9es dans le commerce et la litt\u00e9rature m\u00e9di\u00e9vaux, laissant des traces sporadiques dans l&#039;art et l&#039;architecture d&#039;influence c\u00f4ti\u00e8re.<\/p>\n<p>La reconnaissance par l&#039;UNESCO met en valeur le patrimoine de la Serbie. Cinq sites du patrimoine mondial comprennent la capitale du haut Moyen \u00c2ge, Stari Ras, avec le monast\u00e8re de Sopo\u0107ani, le complexe de Studenica du XIIe si\u00e8cle, le palais romain de Gamzigrad\u2013Felix Romuliana, les pierres tombales m\u00e9di\u00e9vales de Ste\u0107ci et les monast\u00e8res menac\u00e9s du Kosovo, dont Visoki De\u010dani, Gra\u010danica et le monast\u00e8re patriarcal de Pe\u0107. Le Registre M\u00e9moire du monde pr\u00e9serve l&#039;\u00c9vangile de Miroslav, les archives de Nikola Tesla, le t\u00e9l\u00e9gramme de d\u00e9claration de guerre austro-hongrois et les documents fondateurs du secr\u00e9tariat du Mouvement des non-align\u00e9s. Des \u00e9l\u00e9ments du patrimoine immat\u00e9riel \u2013 v\u00e9n\u00e9ration du saint patron slava, danse folklorique kolo, chants de ballades gusle, poterie de Zlakusa, distillation de slivovitz et peintres na\u00effs de Kova\u010dica \u2013 t\u00e9moignent de traditions communautaires persistantes.<\/p>\n<p>Des fronti\u00e8res r\u00e9gionales divisent la Serbie en Belgrade\u00a0; Podunavlje\u00a0; Podrinje\u00a0; \u0160umadija, c\u00e9l\u00e8bre pour ses pommes, ses raisins et ses prunes\u00a0; et la province multiethnique de Vo\u00efvodine, qui abrite des monast\u00e8res orthodoxes, des mus\u00e9es de style austro-hongrois et le champ de dunes de Deliblatska Pe\u0161\u010dara. Le Kosovo, bien que revendiqu\u00e9 par la Serbie, fonctionne comme une r\u00e9publique ind\u00e9pendante de facto, avec ses propres attractions, des mosqu\u00e9es de l&#039;\u00e9poque ottomane aux sentiers de randonn\u00e9e alpine.<\/p>\n<p>Les centres urbains enrichissent encore la mosa\u00efque nationale. Belgrade, capitale et plus grande ville, est perch\u00e9e au confluent de la Save et du Danube, ses fortifications romaines, ottomanes et austro-hongroises ponctu\u00e9es de quartiers nocturnes contemporains le long des rives. Kragujevac, site de la premi\u00e8re capitale moderne de Serbie, allie production industrielle et institutions culturelles\u00a0; le lac Gru\u017eansko, situ\u00e9 \u00e0 proximit\u00e9, invite \u00e0 la r\u00e9flexion. Kraljevo, nich\u00e9e entre les rivi\u00e8res Morava et Ibar, domine le monast\u00e8re de \u017di\u010da, une \u00e9glise m\u00e9di\u00e9vale de couronnement, et les sources thermales adjacentes. Ni\u0161, ville natale de Constantin le Grand, exploite sa position strat\u00e9gique de carrefour de transport et cultive ses infrastructures universitaires et m\u00e9dicales aux c\u00f4t\u00e9s de sites historiques tels que les thermes de Ni\u0161ka Banja et l&#039;ancienne forteresse de Ni\u0161. Novi Sad, surnomm\u00e9e \u00ab l&#039;Ath\u00e8nes serbe \u00bb, borde le Danube d&#039;\u00e9difices baroques et abrite le site du festival de la forteresse de Petrovaradin. Elle est voisine de Fru\u0161ka Gora, dont les vignobles vallonn\u00e9s et les sites monastiques lui ont valu le surnom de \u00ab Deuxi\u00e8me Montagne Sainte \u00bb. Po\u017earevac, l&#039;une des plus anciennes villes de Serbie, se trouve \u00e0 c\u00f4t\u00e9 de la Velika Morava et \u00e0 proximit\u00e9 de la ville fronti\u00e8re romaine de Viminacium, tandis que l&#039;h\u00f4tel de ville Art nouveau de Subotica surplombe les promenades estivales du lac Pali\u0107. Sremska Mitrovica rappelle son pass\u00e9 romain de Sirmium, r\u00e9sidence imp\u00e9riale au IVe si\u00e8cle, et Vr\u0161ac s&#039;ancre dans des collines couvertes de vignes pr\u00e8s de la fronti\u00e8re roumaine.<\/p>\n<p>Au-del\u00e0 des villes, des stations thermales comme Sokobanja, situ\u00e9es entre les sommets de Rtanj et d&#039;Ozren, attirent les visiteurs vers leurs sources min\u00e9rales et leurs pentes bois\u00e9es ; les for\u00eats denses du parc national de Tara, les grottes calcaires et les gorges de la rivi\u00e8re Drina offrent faune et bien-\u00eatre ; les p\u00e2turages et les ethno-villages de Zlatibor mettent en valeur la vie rurale au sommet de son plateau de 1 000 m\u00e8tres.<\/p>\n<p>La cuisine serbe refl\u00e8te sa confluence culturelle avec des plats h\u00e9rit\u00e9s de la domination ottomane et austro-hongroise. Les viandes r\u00e8gnent en ma\u00eetre\u00a0: \u0107evap\u010di\u0107i, saucisses hach\u00e9es grill\u00e9es\u00a0; pljeskavica, galettes de viande \u00e9pic\u00e9es\u00a0; sarma, rouleaux de chou\u00a0; et l&#039;embl\u00e9matique Kara\u0111or\u0111eva \u0161nicla. Les bureks, les tartes au fromage gibanica et les soupes pasulj \u00e0 base de haricots refl\u00e8tent les traditions paysannes encore savour\u00e9es aux tables de f\u00eate. Pain et sel accueillent les invit\u00e9s dans une hospitalit\u00e9 rituelle, tandis que le slivovitz \u00e0 base d&#039;abricot \u2013 la fi\u00e8re rakia serbe \u2013 a \u00e9t\u00e9 class\u00e9 au patrimoine immat\u00e9riel de l&#039;UNESCO en 2021. Les vignobles s&#039;\u00e9tendent sur 22 appellations, produisant principalement des vins blancs, tandis que des bi\u00e8res locales comme la Jelen et la Lav moussent dans les tavernes. La culture du caf\u00e9, h\u00e9rit\u00e9e des caf\u00e9s ottomans, perdure sous la forme d&#039;un caf\u00e9 serbe fort et non filtr\u00e9 servi dans de petites tasses dans tous les caf\u00e9s.<\/p>\n<p>\u00c0 travers les vicissitudes de l&#039;empire et de la f\u00e9d\u00e9ration, \u00e0 travers les hauts et les bas des conqu\u00e9rants et des r\u00e9volutions, la Serbie demeure un royaume de douces collines et de pics vertigineux, de fleuves qui ont guid\u00e9 arm\u00e9es et marchands, et d&#039;un peuple qui unit \u00e0 parts \u00e9gales le sacr\u00e9 et le profane. Les lumi\u00e8res de sa capitale scintillent sur les murs anciens, tandis que les stations de montagne r\u00e9sonnent du bruit des skis sur la neige, et que les eaux thermales promettent un soulagement en toute saison. Au milieu des fronti\u00e8res mouvantes de l&#039;histoire, l&#039;hospitalit\u00e9 de la Serbie, son engagement sinc\u00e8re en faveur de l&#039;\u00e9ducation et de la sant\u00e9, et sa qu\u00eate d&#039;int\u00e9gration europ\u00e9enne d&#039;ici 2030 t\u00e9moignent d&#039;une nation qui honore son pass\u00e9 tout en se frayant un chemin vers un avenir stable et pacifique.<\/p>","protected":false},"excerpt":{"rendered":"<p>La Serbie, anciennement connue sous le nom de R\u00e9publique de Serbie, est une r\u00e9publique enclav\u00e9e situ\u00e9e au confluent de l&#039;Europe du Sud-Est et de l&#039;Europe centrale, entre les Balkans et la plaine pannonienne. Avec une population d&#039;environ 6,6 millions d&#039;habitants, hors territoire disput\u00e9 du Kosovo, la Serbie est une nation remarquable de la r\u00e9gion. Belgrade, capitale et plus grande ville, constitue le c\u0153ur politique, \u00e9conomique et culturel du pays, marqu\u00e9 par une histoire mill\u00e9naire.<\/p>","protected":false},"author":1,"featured_media":4507,"parent":24078,"menu_order":0,"comment_status":"closed","ping_status":"closed","template":"elementor_theme","meta":{"_eb_attr":"","footnotes":""},"class_list":["post-13445","page","type-page","status-publish","has-post-thumbnail"],"_links":{"self":[{"href":"https:\/\/travelshelper.com\/fr\/wp-json\/wp\/v2\/pages\/13445","targetHints":{"allow":["GET"]}}],"collection":[{"href":"https:\/\/travelshelper.com\/fr\/wp-json\/wp\/v2\/pages"}],"about":[{"href":"https:\/\/travelshelper.com\/fr\/wp-json\/wp\/v2\/types\/page"}],"author":[{"embeddable":true,"href":"https:\/\/travelshelper.com\/fr\/wp-json\/wp\/v2\/users\/1"}],"replies":[{"embeddable":true,"href":"https:\/\/travelshelper.com\/fr\/wp-json\/wp\/v2\/comments?post=13445"}],"version-history":[{"count":1,"href":"https:\/\/travelshelper.com\/fr\/wp-json\/wp\/v2\/pages\/13445\/revisions"}],"predecessor-version":[{"id":88936,"href":"https:\/\/travelshelper.com\/fr\/wp-json\/wp\/v2\/pages\/13445\/revisions\/88936"}],"up":[{"embeddable":true,"href":"https:\/\/travelshelper.com\/fr\/wp-json\/wp\/v2\/pages\/24078"}],"wp:featuredmedia":[{"embeddable":true,"href":"https:\/\/travelshelper.com\/fr\/wp-json\/wp\/v2\/media\/4507"}],"wp:attachment":[{"href":"https:\/\/travelshelper.com\/fr\/wp-json\/wp\/v2\/media?parent=13445"}],"curies":[{"name":"wp","href":"https:\/\/api.w.org\/{rel}","templated":true}]}}