{"id":13345,"date":"2024-09-17T16:25:54","date_gmt":"2024-09-17T16:25:54","guid":{"rendered":"https:\/\/travelshelper.com\/staging\/?page_id=13345"},"modified":"2026-03-12T22:41:04","modified_gmt":"2026-03-12T22:41:04","slug":"slovenie","status":"publish","type":"page","link":"https:\/\/travelshelper.com\/fr\/destinations\/europe\/slovenia\/","title":{"rendered":"Slov\u00e9nie"},"content":{"rendered":"<p>La Slov\u00e9nie, un \u00e9troit corridor de terrain verdoyant et de sommets escarp\u00e9s au c\u0153ur du continent europ\u00e9en, occupe une superficie de 20 271 kilom\u00e8tres carr\u00e9s et abrite environ 2,1 millions d&#039;habitants ; flanqu\u00e9e de l&#039;Italie \u00e0 l&#039;ouest, de l&#039;Autriche au nord, de la Hongrie au nord-est, de la Croatie au sud et au sud-est, et embrassant un bref ruban du littoral adriatique au sud-ouest, la position strat\u00e9gique de cette r\u00e9publique au confluent des hauteurs alpines, des plaines pannoniennes et des influences m\u00e9diterran\u00e9ennes sous-tend son caract\u00e8re singulier.<\/p>\n<p>Depuis son int\u00e9gration aux domaines de l&#039;Empire byzantin, puis des empires carolingien et romain germanique, en passant par des si\u00e8cles sous la juridiction du Royaume de Hongrie, l&#039;influence commerciale de la R\u00e9publique de Venise, les provinces illyriennes napol\u00e9oniennes et la vaste monarchie des Habsbourg, le territoire aujourd&#039;hui connu sous le nom de Slov\u00e9nie a connu le flux et le reflux des courants imp\u00e9riaux, chaque niveau de gouvernance laissant des traces ind\u00e9l\u00e9biles sur sa topographie culturelle. \u00c0 l&#039;automne 1918, les Slov\u00e8nes affirm\u00e8rent leur autonomie collective en cofondant l&#039;\u00c9tat des Slov\u00e8nes, Croates et Serbes, pour fusionner quelques mois plus tard dans le Royaume naissant des Serbes, Croates et Slov\u00e8nes (rebaptis\u00e9 Yougoslavie en 1929). Les bouleversements de la Seconde Guerre mondiale, au cours desquels l&#039;Allemagne, l&#039;Italie et la Hongrie se partag\u00e8rent et annex\u00e8rent le territoire \u2013 auquel s&#039;ajouta une partie c\u00e9d\u00e9e \u00e0 l&#039;\u00c9tat ind\u00e9pendant de Croatie \u2013 furent suivis par la r\u00e9int\u00e9gration dans la Yougoslavie socialiste. Lib\u00e9r\u00e9e de toute tutelle ext\u00e9rieure en juin 1991, la d\u00e9claration de souverainet\u00e9 de la Slov\u00e9nie a inaugur\u00e9 un nouveau chapitre, dans lequel elle allait tracer sa voie en tant que membre de l&#039;Union europ\u00e9enne, de l&#039;OTAN et d&#039;autres organismes mondiaux, tout en cultivant une \u00e9conomie \u00e0 revenu \u00e9lev\u00e9 qui \u00e9quilibre les activit\u00e9s manufacturi\u00e8res et agricoles v\u00e9n\u00e9rables avec les technologies de l&#039;information et les services financiers de pointe.<\/p>\n<p>G\u00e9ographiquement, la Slov\u00e9nie s&#039;\u00e9tend entre les latitudes 45\u00b0 et 47\u00b0 Nord et les longitudes 13\u00b0 et 17\u00b0 Est, coup\u00e9e en deux presque par le quinzi\u00e8me m\u00e9ridien Est et centr\u00e9e sur les coordonn\u00e9es 46\u00b0 07\u2032 11,8\u2033 N, 14\u00b0 48\u2032 55,2\u2033 E, un point pr\u00e8s de Slivna dans la municipalit\u00e9 de Litija. Sa diversit\u00e9 topographique est stup\u00e9fiante\u00a0: quatre grandes r\u00e9gions europ\u00e9ennes \u2013 les Alpes, les Dinarides, la plaine pannonienne et le bassin m\u00e9diterran\u00e9en \u2013 convergent \u00e0 l&#039;int\u00e9rieur de ses fronti\u00e8res. Les r\u00e9gions septentrionales sont domin\u00e9es par les Alpes juliennes, les Alpes de Kamnik-Savinja et les Karawanks, ainsi que par le massif du Pohorje\u00a0; le sommet du pays, le mont Triglav, culmine \u00e0 2\u00a0864\u00a0m\u00e8tres et orne \u00e0 la fois le drapeau et les armoiries, symbole puissant de l&#039;identit\u00e9 nationale. Au sud-ouest, une fa\u00e7ade adriatique de 47 kilom\u00e8tres \u2013 o\u00f9 le littoral slov\u00e8ne se niche dans l&#039;\u00e9treinte m\u00e9diterran\u00e9enne \u2013 c\u00e8de la place au plateau karstique, dont le calcaire soluble a sculpt\u00e9 un monde souterrain de rivi\u00e8res, de gorges et de cavernes, dont la grotte de Postojna et les grottes de \u0160kocjan, class\u00e9es au patrimoine mondial de l&#039;UNESCO, sont les joyaux. \u00c0 l&#039;oppos\u00e9, les \u00e9tendues orientales s&#039;aplatissent dans la plaine pannonienne, tandis que plus de 90 % du territoire se situe \u00e0 plus de 200 m\u00e8tres d&#039;altitude.<\/p>\n<p>Sur le plan climatique, les latitudes temp\u00e9r\u00e9es de la Slov\u00e9nie pr\u00e9sentent un syst\u00e8me tripartite\u00a0: un r\u00e9gime continental au nord-est, marqu\u00e9 par des variations saisonni\u00e8res marqu\u00e9es des temp\u00e9ratures\u00a0; une influence subm\u00e9diterran\u00e9enne le long de la c\u00f4te et du cours inf\u00e9rieur de la vall\u00e9e de la So\u010da\u00a0; et un climat alpin en altitude. Les pr\u00e9cipitations, souvent apport\u00e9es par les courants du golfe de G\u00eanes, oscillent entre plus de 3\u00a0500\u00a0mm dans les enclaves occidentales et environ 800\u00a0mm dans le Prekmurje\u00a0; l&#039;enneigement record \u00e0 Ljubljana a atteint 146\u00a0cm en f\u00e9vrier\u00a01952. Bien que relativement prot\u00e9g\u00e9e des coups de vent persistants, la Slov\u00e9nie conna\u00eet des vents caract\u00e9ristiques\u00a0: le jugo humide du sud et la bora du nord en rafales le long du littoral, ainsi que le foehn dans les r\u00e9gions alpines, tandis que des courants verticaux locaux naissent des cycles thermiques quotidiens du terrain accident\u00e9.<\/p>\n<p>Sous nos pieds, la g\u00e9ologie du pays est tout aussi riche. Situ\u00e9e sur la minuscule plaque adriatique, en contre-rotation entre les plaques africaine et eurasienne, la Slov\u00e9nie occupe une zone d&#039;activit\u00e9 sismique o\u00f9 soixante secousses destructrices ont \u00e9t\u00e9 enregistr\u00e9es dans les annales historiques. Des formations karstiques s&#039;\u00e9tendent au-del\u00e0 du plateau et impr\u00e8gnent une grande partie du substrat rocheux de carbonate, nourrissant un labyrinthe de grottes t\u00e9moignant du lent art des eaux souterraines. Ces divers environnements physiographiques ont \u00e9t\u00e9 analys\u00e9s par les g\u00e9ographes en macror\u00e9gions \u2013 alpine, subalpine, subm\u00e9diterran\u00e9enne, dinarique et subpannonienne \u2013 tandis que les classifications g\u00e9ographiques naturelles contemporaines les regroupent en quatre paysages globaux\u00a0: alpin, m\u00e9diterran\u00e9en, dinarique et pannonien, fr\u00e9quemment entrelac\u00e9s par des niches de transition.<\/p>\n<p>Pr\u00e8s de 58 % du territoire slov\u00e8ne, soit une superficie de 11\u00a0823 kilom\u00e8tres carr\u00e9s, est recouvert de for\u00eats \u2013 principalement des h\u00eatraies, des sapini\u00e8res et des h\u00eatres, et des h\u00eatraies et ch\u00eanes \u2013, ce qui place le pays au troisi\u00e8me rang europ\u00e9en pour la couverture foresti\u00e8re, derri\u00e8re la Finlande et la Su\u00e8de\u00a0; des vestiges de for\u00eats primaires subsistent dans la r\u00e9gion de Ko\u010devje. Des prairies, des champs, des jardins, des vergers et des vignobles occupent d&#039;autres \u00e9tendues, tandis que 286 zones Natura 2000 prot\u00e8gent 36 % du territoire, soit le r\u00e9seau le plus \u00e9tendu parmi les \u00c9tats de l&#039;Union europ\u00e9enne. Le parc national du Triglav, unique parc national, est un bastion de la flore et de la faune, et la gestion environnementale de la Slov\u00e9nie a \u00e9t\u00e9 reconnue par des indices tels que l&#039;Indice de performance environnementale de Yale.<\/p>\n<p>D&#039;un point de vue hydrologique, environ 81 % du territoire slov\u00e8ne alimente le bassin de la mer Noire par les r\u00e9seaux fluviaux de la Mura, de la Drave et de la Save \u2013 la Kolpa \u00e9tant l&#039;un des affluents de cette derni\u00e8re \u2013 tandis que les 19 % restants s&#039;\u00e9coulent vers le sud, vers l&#039;Adriatique. Les sources montagneuses produisent des eaux d&#039;une puret\u00e9 exceptionnelle, m\u00eame si le ruissellement agricole pr\u00e9sente des difficult\u00e9s localis\u00e9es. Des lacs comme Bohinj, le plus grand lac naturel de Slov\u00e9nie et source de la Save, ponctuent le relief montagneux, compl\u00e9tant les courants cristallins de la So\u010da, dont la couleur \u00e9meraude traverse la vall\u00e9e de la Trenta.<\/p>\n<p>Sur le plan \u00e9conomique, la transformation de la Slov\u00e9nie depuis son ind\u00e9pendance a \u00e9t\u00e9 remarquable\u00a0: le pays poss\u00e8de l&#039;une des \u00e9conomies en transition les plus d\u00e9velopp\u00e9es, avec un PIB par habitant sup\u00e9rieur \u00e0 celui de ses pairs slaves. Les secteurs traditionnels \u2013 mines, m\u00e9tallurgie, production chimique et agriculture \u2013 coexistent avec l&#039;essor des technologies de l&#039;information, des services financiers et d&#039;un tourisme respectueux de l&#039;environnement. Le commerce ext\u00e9rieur repr\u00e9sente une part substantielle de la production nationale, facilit\u00e9 par l&#039;adh\u00e9sion \u00e0 l&#039;Union europ\u00e9enne, \u00e0 l&#039;Organisation de coop\u00e9ration et de d\u00e9veloppement \u00e9conomiques et \u00e0 l&#039;Organisation mondiale du commerce. La prosp\u00e9rit\u00e9 r\u00e9gionale varie, la Slov\u00e9nie centrale (avec Ljubljana comme point d&#039;ancrage) et les r\u00e9gions c\u00f4ti\u00e8res et karstiques \u00e9tant en t\u00eate, tandis que la Mura, la Save centrale et le Littoral et la Carniole int\u00e9rieure affichent des indices plus faibles.<\/p>\n<p>Fran\u00e7ais Le tourisme en Slov\u00e9nie se d\u00e9ploie \u00e0 travers un \u00e9ventail de biens naturels et culturels, chacun tiss\u00e9 dans le tissu de pratiques durables : en 2017, National Geographic Traveller a d\u00e9sign\u00e9 la Slov\u00e9nie comme la destination la plus durable au monde, et les distinctions ult\u00e9rieures ont confirm\u00e9 ses r\u00e9f\u00e9rences \u00e9cologiques, y compris le prix de la R\u00e9gion europ\u00e9enne de la gastronomie en 2021. Le patrimoine architectural urbain - illustr\u00e9 par les structures baroques et s\u00e9cessionnistes viennoises de Ljubljana, dont beaucoup ont \u00e9t\u00e9 con\u00e7ues par l&#039;architecte local Jo\u017ee Ple\u010dnik - coexiste avec des \u00e9glises m\u00e9di\u00e9vales, un millier de ch\u00e2teaux vestigiaux, des manoirs et des s\u00e9choirs \u00e0 foin traditionnels (kozolci). Quatre sites du patrimoine mondial de l&#039;UNESCO - les grottes de \u0160kocjan, les anciennes for\u00eats de Goteni\u0161ki Sne\u017enik et Ko\u010devski Rog, la mine de mercure d&#039;Idrija et les habitations sur pilotis pr\u00e9historiques du marais de Ljubljana - soulignent le patrimoine culturel et naturel du pays. Les villes historiques telles que Ptuj et \u0160kofja Loka, le ch\u00e2teau de Predjama accroch\u00e9 \u00e0 la falaise et les salines riches en tourbe de Se\u010dovlje forment des chapitres d&#039;un r\u00e9cit plus large de l&#039;ing\u00e9niosit\u00e9 humaine et du spectacle g\u00e9ologique.<\/p>\n<p>Parmi les villes c\u00f4ti\u00e8res, les fa\u00e7ades lagunaires de style gothique v\u00e9nitien de Piran et la convivialit\u00e9 estivale de Portoro\u017e t\u00e9moignent d&#039;un h\u00e9ritage m\u00e9diterran\u00e9en\u00a0; \u00e0 l&#039;int\u00e9rieur des terres, les collines viticoles entourant Maribor c\u00e9l\u00e8brent les traditions vinicoles incarn\u00e9es par le c\u00e9page \u017dametovka, vieux de 400\u00a0ans, r\u00e9put\u00e9 le plus ancien du monde. Les stations thermales \u2013 Roga\u0161ka Slatina, Radenci, \u010cate\u017e ob Savi, Dobrna et Moravske Toplice \u2013 offrent des eaux curatives dans un environnement bucolique, tandis que les aventuriers trouveront leur courage \u00e0 l&#039;\u00e9preuve dans les Alpes juliennes et le bassin versant de la So\u010da\u00a0: canyoning, rafting, parapente et VTT se pratiquent \u00e0 des prix du d\u00e9but du XXe\u00a0si\u00e8cle, souvent compar\u00e9s \u00e0 ceux des r\u00e9gions alpines, plus ch\u00e8res.<\/p>\n<p>La cuisine refl\u00e8te le triple h\u00e9ritage culturel du pays \u2013 germanique, latin et slave \u2013 avec plus de quarante variantes r\u00e9gionales de plats ancr\u00e9s dans la cuisine humble : des pr\u00e9parations en une seule casserole comme le ri\u010det, la jota et le mine\u0161tra ; les \u017eganci au sarrasin ; (\u00e0 Prekmurje) le bujta repa et la prekmurska gibanica feuillet\u00e9e ; le pr\u0161ut fum\u00e9 artisanalement du Littoral ; et l&#039;embl\u00e9matique rouleau de noix de potica, dont le symbolisme de la diaspora r\u00e9sonne dans les communaut\u00e9s slov\u00e8nes \u00e0 l&#039;\u00e9tranger. Les festivals culinaires \u2013 parmi lesquels le festival annuel de la pomme de terre r\u00f4tie, inaugur\u00e9 en 2000 \u2013 c\u00e9l\u00e8brent les traditions quotidiennes, tandis que la saucisse kranjska klobasa et le v\u00e9n\u00e9rable c\u00e9page \u017dametovka renforcent un sentiment de terroir qui valorise \u00e0 la fois la provenance et les rythmes saisonniers.<\/p>\n<p>Fran\u00e7ais La connectivit\u00e9 \u00e0 travers la Slov\u00e9nie est fa\u00e7onn\u00e9e par sa physiographie : les corridors paneurop\u00e9ens V (reliant le nord de l&#039;Adriatique \u00e0 l&#039;Europe centrale et orientale) et X (reliant l&#039;Europe centrale aux Balkans) convergent sur son territoire, facilitant le trafic routier, ferroviaire, portuaire et a\u00e9rien. Les autoroutes, dont l&#039;expansion s&#039;est acc\u00e9l\u00e9r\u00e9e apr\u00e8s 1994, tissent d\u00e9sormais un r\u00e9seau dense qui repr\u00e9sente 80 % du transport de marchandises et de passagers, bien que les routes nationales secondaires se soient d\u00e9t\u00e9rior\u00e9es sous l&#039;effet de charges accrues. Les chemins de fer, entrav\u00e9s par des infrastructures v\u00e9tustes et des sch\u00e9mas d&#039;habitat dispers\u00e9s, sont dans les phases pr\u00e9liminaires de modernisation sur l&#039;axe Koper\u2013Diva\u010da, tandis que le port de Koper r\u00e8gne en tant que plaque tournante des conteneurs du nord de l&#039;Adriatique \u2013 traitant pr\u00e8s de 590 000 unit\u00e9s \u00e9quivalentes vingt pieds par an \u2013 et soutient les mouvements maritimes de marchandises et de passagers, compl\u00e9t\u00e9s par Izola et Piran. Le transport a\u00e9rien reste modeste mais en croissance : l&#039;a\u00e9roport Jo\u017ee Pu\u010dnik de Ljubljana sert de principale porte d&#039;entr\u00e9e, aux c\u00f4t\u00e9s de Maribor Edvard Rusjan et Portoro\u017e, les compagnies low-cost comblant le vide laiss\u00e9 par la faillite d&#039;Adria Airways en 2019.<\/p>\n<p>Sur le plan d\u00e9mographique, le recensement d&#039;octobre 2024 a recens\u00e9 2\u00a0129\u00a0052 habitants, soit une densit\u00e9 de 105 personnes au kilom\u00e8tre carr\u00e9 \u2013 une densit\u00e9 r\u00e9duite par rapport aux Pays-Bas ou \u00e0 l&#039;Italie, et in\u00e9galement r\u00e9partie selon les r\u00e9gions statistiques, du centre de la Slov\u00e9nie \u00e0 la r\u00e9gion peu peupl\u00e9e de la Carniole-Int\u00e9rieure-Karst. La pr\u00e9servation du slov\u00e8ne, transmise de g\u00e9n\u00e9ration en g\u00e9n\u00e9ration par les gardiens monastiques catholiques pendant les p\u00e9riodes de germanisation, sous-tend une unit\u00e9 linguistique distincte des langues serbo-croates voisines.<\/p>\n<p>Pour le voyageur d\u00e9sireux d&#039;appr\u00e9hender l&#039;essence de la Slov\u00e9nie, le tableau rythmique qui se d\u00e9ploie du Triple Pont enjambant la Ljubljanica de Ljubljana \u00e0 l&#039;\u00eele l\u00e9gendaire du lac de Bled\u00a0; des cath\u00e9drales souterraines de stalactites aux terrasses ensoleill\u00e9es du karst de \u0160kocjan\u00a0; de la s\u00e9r\u00e9nit\u00e9 bucolique et murmurante des alpages aux promenades c\u00f4ti\u00e8res o\u00f9 les cr\u00e9neaux v\u00e9nitiens captent la brise adriatique\u00a0; chacun offre un chapitre d&#039;un dialogue permanent entre la monumentalit\u00e9 de la nature et l&#039;artisanat humain. Qu&#039;on la traverse par l&#039;autoroute, le train ou le ruisseau, la Slov\u00e9nie se r\u00e9v\u00e8le comme un royaume aux intersections, un lieu o\u00f9 convergent les pulsations continentales et les cadences m\u00e9diterran\u00e9ennes, o\u00f9 m\u00e9moire et modernit\u00e9 entretiennent un \u00e9quilibre permanent, et o\u00f9 le regard du voyageur est invit\u00e9 \u00e0 s&#039;attarder sur l&#039;interaction complexe de la terre, de l&#039;histoire et de la culture.<\/p>","protected":false},"excerpt":{"rendered":"<p>La Slov\u00e9nie, petit pays fascinant situ\u00e9 au sud de l&#039;Europe centrale, occupe une position strat\u00e9gique au carrefour d&#039;importantes routes culturelles et commerciales europ\u00e9ennes. Elle offre un m\u00e9lange unique de beaut\u00e9 naturelle, de riche histoire et de d\u00e9veloppement moderne, avec une population d&#039;environ 2,1 millions d&#039;habitants r\u00e9partis sur ses 20\u00a0271 kilom\u00e8tres carr\u00e9s (7\u00a0827 miles carr\u00e9s) au relief vari\u00e9. Frontali\u00e8re avec l&#039;Italie \u00e0 l&#039;ouest, l&#039;Autriche au nord, la Hongrie au nord-est et la Croatie au sud et au sud-est, et officiellement appel\u00e9e R\u00e9publique de Slov\u00e9nie (Republika Slovenija en slov\u00e8ne), ce pays revendique \u00e9galement une partie de la c\u00f4te adriatique au sud-ouest.<\/p>","protected":false},"author":1,"featured_media":4335,"parent":24078,"menu_order":0,"comment_status":"closed","ping_status":"closed","template":"elementor_theme","meta":{"_eb_attr":"","footnotes":""},"class_list":["post-13345","page","type-page","status-publish","has-post-thumbnail"],"_links":{"self":[{"href":"https:\/\/travelshelper.com\/fr\/wp-json\/wp\/v2\/pages\/13345","targetHints":{"allow":["GET"]}}],"collection":[{"href":"https:\/\/travelshelper.com\/fr\/wp-json\/wp\/v2\/pages"}],"about":[{"href":"https:\/\/travelshelper.com\/fr\/wp-json\/wp\/v2\/types\/page"}],"author":[{"embeddable":true,"href":"https:\/\/travelshelper.com\/fr\/wp-json\/wp\/v2\/users\/1"}],"replies":[{"embeddable":true,"href":"https:\/\/travelshelper.com\/fr\/wp-json\/wp\/v2\/comments?post=13345"}],"version-history":[{"count":0,"href":"https:\/\/travelshelper.com\/fr\/wp-json\/wp\/v2\/pages\/13345\/revisions"}],"up":[{"embeddable":true,"href":"https:\/\/travelshelper.com\/fr\/wp-json\/wp\/v2\/pages\/24078"}],"wp:featuredmedia":[{"embeddable":true,"href":"https:\/\/travelshelper.com\/fr\/wp-json\/wp\/v2\/media\/4335"}],"wp:attachment":[{"href":"https:\/\/travelshelper.com\/fr\/wp-json\/wp\/v2\/media?parent=13345"}],"curies":[{"name":"wp","href":"https:\/\/api.w.org\/{rel}","templated":true}]}}