{"id":13339,"date":"2024-09-17T16:20:37","date_gmt":"2024-09-17T16:20:37","guid":{"rendered":"https:\/\/travelshelper.com\/staging\/?page_id=13339"},"modified":"2026-03-12T22:34:54","modified_gmt":"2026-03-12T22:34:54","slug":"bratislava","status":"publish","type":"page","link":"https:\/\/travelshelper.com\/fr\/destinations\/europe\/slovakia\/bratislava\/","title":{"rendered":"Bratislava"},"content":{"rendered":"<p data-pm-slice=\"1 1 []\">Bratislava, la capitale et la plus grande ville de la R\u00e9publique slovaque avec une population officielle d&#039;environ 475 000 habitants - bien que certaines estimations situent l&#039;afflux quotidien plus pr\u00e8s de 570 000 - se trouve au confluent du Danube et de la Morava dans le sud-ouest de la Slovaquie sur un territoire de 367,58 kilom\u00e8tres carr\u00e9s, id\u00e9alement situ\u00e9e au pied des Petites Carpates et \u00e0 la fronti\u00e8re de l&#039;Autriche et de la Hongrie, ce qui en fait la seule capitale nationale au monde \u00e0 \u00eatre adjacente \u00e0 deux \u00c9tats souverains.<\/p>\n<p>Une trajectoire mill\u00e9naire a fa\u00e7onn\u00e9 le caract\u00e8re de Bratislava. Les premiers habitants connus de la ville ont laiss\u00e9 des traces sur la colline du ch\u00e2teau \u00e0 la transition entre l&#039;\u00e2ge de pierre et l&#039;\u00e2ge du bronze. Les \u00e9poques suivantes illustrent une acropole celtique, une place forte romaine \u00e0 la fronti\u00e8re, un centre politique de Grande-Moravie, puis un bastion du royaume m\u00e9di\u00e9val de Hongrie. De 1536 \u00e0 1783, elle servit de si\u00e8ge l\u00e9gislatif et de lieu de couronnement de ce royaume, o\u00f9 onze rois et huit reines re\u00e7urent leurs couronnes dans l&#039;enceinte vo\u00fbt\u00e9e de la cath\u00e9drale Saint-Martin. L&#039;\u00e9difice, \u00e9rig\u00e9 du XIIIe au XVIe si\u00e8cle, demeure un monument gothique d\u00e9di\u00e9 \u00e0 ces c\u00e9r\u00e9monies, tandis que la Porte Michel, seul vestige des fortifications m\u00e9di\u00e9vales, veille sur les \u00e9troites rues qui r\u00e9sonnaient autrefois des pas des dignitaires, du clerg\u00e9 et des marchands.<\/p>\n<p>Nich\u00e9e dans le bassin du Danube moyen, \u00e0 des altitudes allant de 126 m\u00e8tres le long du fleuve \u00e0 514 m\u00e8tres \u00e0 Dev\u00ednska Kobyla, Bratislava s&#039;\u00e9tend sur des plaines riveraines et dans les collines bois\u00e9es du district. \u00c0 l&#039;int\u00e9rieur de ses limites administratives, le Petit Danube et la Vydrica convergent avec le Danube, sculptant des for\u00eats riveraines abritant des blaireaux europ\u00e9ens, des renards roux, des sangliers, des cerfs et des chevreuils. Le profil climatique est subtropical humide (Cfa), flirtant avec le continental (Dfa), caract\u00e9ris\u00e9 par une temp\u00e9rature annuelle moyenne proche de 11,1 \u00b0C, des mois les plus chauds atteignant en moyenne 22,0 \u00b0C et des p\u00e9riodes de froid descendant jusqu&#039;\u00e0 0,3 \u00b0C. Les pr\u00e9cipitations sont r\u00e9parties uniform\u00e9ment tout au long de l&#039;ann\u00e9e, bien que de rapides transitions saisonni\u00e8res tronquent d\u00e9sormais le printemps et l&#039;automne, tandis que les temp\u00e9ratures extr\u00eames ont enregistr\u00e9 des maximales de 39,4 \u00b0C et des minimales de \u221224,6 \u00b0C. Des d\u00e9fenses contre les inondations bordent les deux rives dans les arrondissements vuln\u00e9rables tels que Dev\u00edn et Dev\u00ednska Nov\u00e1 Ves, une n\u00e9cessit\u00e9 n\u00e9e de si\u00e8cles de dynamique fluviale.<\/p>\n<p>Le style urbain de Bratislava juxtapose des tours m\u00e9di\u00e9vales aux ambitions des XXe et XXIe si\u00e8cles. La vieille ville concentre des palais baroques, parmi lesquels le palais Grassalkovich, un \u00e9difice du milieu du XVIIIe si\u00e8cle abritant aujourd&#039;hui la r\u00e9sidence pr\u00e9sidentielle, et l&#039;ancien palais archi\u00e9piscopal, si\u00e8ge actuel du gouvernement. L&#039;h\u00f4tel de ville, compos\u00e9 d&#039;\u00e9difices des XIVe et XVe si\u00e8cles, abrite le mus\u00e9e municipal de Bratislava et \u00e9voque l&#039;autorit\u00e9 civique de son \u00e9poque. Non loin de l\u00e0, la biblioth\u00e8que universitaire, \u00e9rig\u00e9e en 1756, a abrit\u00e9 la Di\u00e8te hongroise de 1802 jusqu&#039;\u00e0 la p\u00e9riode des R\u00e9formes, lorsque les lois abolissant le servage et fondant l&#039;Acad\u00e9mie hongroise des sciences furent promulgu\u00e9es en son sein. Des habitations plus petites pr\u00e9servent le patrimoine immat\u00e9riel\u00a0: la maison natale de Johann Nepomuk Hummel est embl\u00e9matique de l&#039;architecture domestique du XVIIIe si\u00e8cle.<\/p>\n<p>Les \u00e9difices religieux forment un fil conducteur lumineux dans l&#039;histoire de la ville. L&#039;\u00e9glise et le monast\u00e8re franciscains, datant de la fin du XIIIe si\u00e8cle, sont consid\u00e9r\u00e9s comme le plus ancien \u00e9difice sacr\u00e9 pr\u00e9serv\u00e9 et servaient autrefois de lieu de c\u00e9r\u00e9monies d&#039;adoubement. L&#039;\u00e9glise bleue Sainte-\u00c9lisabeth, chef-d&#039;\u0153uvre de la S\u00e9cession hongroise, arbore une fa\u00e7ade monochrome singuli\u00e8re et attire toujours les visiteurs en qu\u00eate de ses lignes non conventionnelles. La seule synagogue subsistante de Bratislava t\u00e9moigne d&#039;une communaut\u00e9 juive autrefois dynamique, tandis que sous la colline du ch\u00e2teau, un segment de mur de cimeti\u00e8re du XIXe si\u00e8cle, mis au jour, marque le lieu de repos du rabbin Moses Sofer. Apr\u00e8s la Seconde Guerre mondiale, le cimeti\u00e8re militaire de Slav\u00edn a \u00e9t\u00e9 inaugur\u00e9 sur une colline surplombant la ville, ses monuments comm\u00e9moratifs \u00e9tant d\u00e9di\u00e9s aux soldats sovi\u00e9tiques tomb\u00e9s lors de la lib\u00e9ration d&#039;avril 1945.<\/p>\n<p>Parmi les interventions modernes, le Most SNP, le pont du Soul\u00e8vement national slovaque, avec son restaurant en forme de soucoupe perch\u00e9 au-dessus du Danube, ponctue le paysage urbain. Le si\u00e8ge de la Radio slovaque, en forme de pyramide invers\u00e9e, et la silhouette \u00e9lanc\u00e9e de la tour de t\u00e9l\u00e9vision Kamz\u00edk, dot\u00e9e d&#039;une salle \u00e0 manger tournante, t\u00e9moignent des aspirations esth\u00e9tiques divergentes du XXe si\u00e8cle. Le nouveau mill\u00e9naire a marqu\u00e9 le d\u00e9but d&#039;un d\u00e9veloppement rapide\u00a0: la forme arqu\u00e9e du pont Apollo et le b\u00e2timent contemporain du Th\u00e9\u00e2tre national slovaque affirment une nouvelle ambition civique, tandis que des projets immobiliers priv\u00e9s transforment d&#039;anciens terrains industriels en tours r\u00e9sidentielles vitr\u00e9es.<\/p>\n<p>Surplombant le fleuve, le ch\u00e2teau de Bratislava domine un plateau \u00e0 85 m\u00e8tres au-dessus du Danube. Les couches arch\u00e9ologiques r\u00e9v\u00e8lent une basilique pr\u00e9romane pr\u00e9c\u00e9dant une forteresse en pierre du Xe si\u00e8cle, construite sous l&#039;influence hongroise. Les am\u00e9liorations gothiques du XVe si\u00e8cle, sous Sigismond de Luxembourg, ont c\u00e9d\u00e9 la place \u00e0 des modifications Renaissance, puis baroques, command\u00e9es en 1649. Un incendie en 1811 a r\u00e9duit la structure en ruines, et elle est rest\u00e9e ainsi jusqu&#039;\u00e0 une restauration au milieu du XXe si\u00e8cle qui a r\u00e9tabli le vocabulaire stylistique de Marie-Th\u00e9r\u00e8se. Aujourd&#039;hui, le ch\u00e2teau abrite une partie du Mus\u00e9e national slovaque, qui accueille des c\u00e9r\u00e9monies dans les salles qui accueillaient autrefois la royaut\u00e9 des Habsbourg.<\/p>\n<p>En aval, perch\u00e9es l\u00e0 o\u00f9 la Morava se jette dans le Danube, se trouvent les ruines du ch\u00e2teau de Dev\u00edn, document\u00e9es d\u00e8s 864. Son promontoire rocheux est rest\u00e9 un poste fronti\u00e8re strat\u00e9gique pour la Grande Moravie et la Hongrie jusqu&#039;\u00e0 ce que les forces de Napol\u00e9on rasent ses d\u00e9fenses en 1809. Les efforts de conservation ont mis \u00e0 jour les fondations en pierre et assembl\u00e9 un mus\u00e9e qui pr\u00e9sente Dev\u00edn \u00e0 la fois comme un monument arch\u00e9ologique et un symbole de l&#039;identit\u00e9 slovaque.<\/p>\n<p>Dans le quartier sud de Rusovce, un manoir n\u00e9ogothique anglais construit au milieu du XIXe si\u00e8cle tr\u00f4ne sur un parc paysager, tandis que, tout pr\u00e8s, les vestiges du camp romain de Gerulata \u00e9voquent la fronti\u00e8re danubienne du limes romain. Le palimpseste stratifi\u00e9 de Rusovce r\u00e9sume deux mill\u00e9naires d&#039;influence imp\u00e9riale, des l\u00e9gions \u00e0 la noblesse terrienne.<\/p>\n<p>Bratislava est envahie d&#039;espaces verts\u00a0: les parcs publics occupent 46,8\u00a0kilom\u00e8tres carr\u00e9s, soit 110\u00a0m\u00e8tres carr\u00e9s par habitant. Le parc Horsk\u00fd, dans la vieille ville, et le parc Bratislavsk\u00fd lesn\u00fd, dans les Petites Carpates, offrent des refuges bois\u00e9s, agr\u00e9ment\u00e9s de sentiers menant \u00e0 \u017delezn\u00e1 studienka et Koliba. Sur la rive droite du Danube, le parc Janko Kr\u00e1\u013e, fond\u00e9 au XVIIIe\u00a0si\u00e8cle, prolonge une promenade au bord de l&#039;eau, tandis que les futurs am\u00e9nagements de Petr\u017ealka promettent un nouvel espace vert entre deux lacs. Les lacs r\u00e9cr\u00e9atifs couleur biscuit \u2013 Zlat\u00e9 piesky, Kuchajda, Vajnory et Rusovce \u2013 attirent les baigneurs et les amateurs de soleil, tandis que Mlynsk\u00e1 dolina abrite le zoo de la ville, o\u00f9 \u00e9voluent 152\u00a0esp\u00e8ces, et que le jardin botanique de l&#039;universit\u00e9 Comenius cultive plus de 120\u00a0vari\u00e9t\u00e9s de plantes.<\/p>\n<p>\u00c9picentre \u00e9conomique de la Slovaquie, Bratislava repr\u00e9sente environ un quart de la production nationale et se classe au dix-neuvi\u00e8me rang des r\u00e9gions les plus riches de l&#039;Union europ\u00e9enne en termes de PIB par habitant, soit pr\u00e8s du triple de la moyenne des autres r\u00e9gions slovaques. Un faible taux de ch\u00f4mage, un salaire mensuel moyen sup\u00e9rieur \u00e0 2\u00a0150 \u20ac en 2024 et la pr\u00e9sence de si\u00e8ges sociaux de grandes entreprises t\u00e9moignent de sa vitalit\u00e9 financi\u00e8re. En 2023, pr\u00e8s d&#039;un million de touristes ont pass\u00e9 plus de 1,7 million de nuit\u00e9es sur son territoire, la plupart des arrivants provenant de Tch\u00e9quie, d&#039;Allemagne, d&#039;Autriche et de Pologne voisines. Les infrastructures touristiques comprennent huit grands centres commerciaux \u2013 d&#039;Aupark et Eurovea Galleria \u00e0 Nivy Centrum \u2013 et une concentration de caf\u00e9s et de restaurants regroup\u00e9s autour des rues revitalis\u00e9es de la vieille ville.<\/p>\n<p>Les transports en commun fonctionnent sous la banni\u00e8re de Mestsk\u00e1 hromadn\u00e1 doprava, avec des bus, des tramways et des trolleybus peints en rouge et noir. L&#039;int\u00e9gration avec les transporteurs r\u00e9gionaux via IDS BK permet des d\u00e9placements fluides vers les quartiers adjacents. Des liaisons ferroviaires depuis la gare centrale de Bratislava et Petr\u017ealka offrent plusieurs services horaires vers Vienne, Budapest, Prague et au-del\u00e0. L&#039;Autobusov\u00e1 stanica Nivy, souterraine, inaugur\u00e9e en septembre 2021 sous un complexe de gratte-ciel et de centres commerciaux, rappelle les terminaux d&#039;a\u00e9roport par son agencement et ses \u00e9quipements. Quatre axes autoroutiers rayonnent vers Brno, Vienne, Budapest et les hubs nationaux, tandis que le port de Bratislava est reli\u00e9 \u00e0 la mer Noire et \u00e0 la mer du Nord par des voies navigables int\u00e9rieures. L&#039;a\u00e9roport MR \u0160tef\u00e1nik, situ\u00e9 \u00e0 neuf kilom\u00e8tres du centre, a accueilli plus de deux millions de passagers \u00e0 ses d\u00e9buts, compl\u00e9t\u00e9 par une fr\u00e9quentation de l&#039;a\u00e9roport international de Vienne, distant de quarante-neuf kilom\u00e8tres.<\/p>\n<p>L&#039;\u00e9chelle humaine de Bratislava r\u00e9side dans son c\u0153ur m\u00e9di\u00e9val, o\u00f9 d&#039;\u00e9troites ruelles serpentent entre deux places principales \u2013 Hlavn\u00e9 n\u00e1mestie et Hviezdoslavovo n\u00e1mestie \u2013 chacune anim\u00e9e par des caf\u00e9s avec terrasse. Une profusion de sites patrimoniaux \u2013 de la plus \u00e9lanc\u00e9e maison d&#039;Europe \u00e0 la tour de l&#039;horloge du mus\u00e9e de la ville \u2013 cohabite avec les blocs monolithiques de Petr\u017ealka, t\u00e9moignage des strat\u00e9gies d&#039;habitat du milieu du XXe si\u00e8cle. Au-del\u00e0 des limites de la ville, vignobles et fermes produisent des produits frais qui influencent la cuisine locale, du plat national bryndzov\u00e9 hal\u00fasky \u2013 des raviolis au fromage de brebis et aux lardons \u2013 \u00e0 la soupe \u00e0 l&#039;ail cors\u00e9e et aux vins blancs frais.<\/p>\n<p>En hiver, la place de l&#039;Ancien H\u00f4tel de Ville accueille un march\u00e9 traditionnel. Ses cent stands proposent des sandwichs au porc ou au poulet r\u00f4tis \u00e0 la moutarde et aux oignons, des galettes de pommes de terre fourr\u00e9es \u00e0 la graisse d&#039;oie ou aux graines de pavot, et du pain garni de graisse de porc et d&#039;oignons. Vin chaud, vin de miel, th\u00e9s au rhum et grogs chauds nourrissent les f\u00eatards sous la douce lueur des lumi\u00e8res du march\u00e9, rendant les f\u00eates de Bratislava \u00e0 la fois intimes et durables.<\/p>\n<p>La curiosit\u00e9 urbaine c\u00f4toie le calme pastoral\u00a0: un court trajet en bus jusqu&#039;\u00e0 Kamz\u00edk d\u00e9voile Partiz\u00e1nska l\u00faka et Sne\u017eienka, vastes clairi\u00e8res entour\u00e9es de for\u00eats mixtes de ch\u00eanes et de charmes, reli\u00e9es par un t\u00e9l\u00e9si\u00e8ge en service du jeudi au dimanche, offrant aux randonneurs une parenth\u00e8se tranquille au-dessus de la cime des arbres pour un prix modique. Ces enclaves r\u00e9affirment la double nature de Bratislava, \u00e0 la fois capitale et gardienne de fronti\u00e8res verdoyantes.<\/p>\n<p>Entre ses couches de terre et de pierre, ses courants commerciaux et culturels, Bratislava offre un r\u00e9cit nuanc\u00e9 des convergences historiques de l&#039;Europe centrale. Ses rues t\u00e9moignent autant de l&#039;apparat dynastique que du commerce quotidien, son architecture m\u00ealant pinacles gothiques, fa\u00e7ades baroques et modernisme audacieux. Du doux cours du Danube aux pentes bois\u00e9es des Carpates, la ville demeure un lieu de rencontre entre les peuples, les \u00e9conomies et les \u00e9poques.<\/p>","protected":false},"excerpt":{"rendered":"<p>Bratislava, capitale et plus grande ville de Slovaquie, illustre l&#039;interaction complexe entre l&#039;histoire europ\u00e9enne et le d\u00e9veloppement urbain contemporain. Situ\u00e9e sur les rives du Danube, cette ville dynamique compte officiellement environ 475\u00a0000 habitants, m\u00eame si certaines estimations sugg\u00e8rent que le chiffre r\u00e9el pourrait d\u00e9passer les 660\u00a0000. Centre politique, culturel et \u00e9conomique de la Slovaquie, Bratislava fa\u00e7onne l&#039;orientation du pays au XXIe si\u00e8cle, au-del\u00e0 de ses fronti\u00e8res municipales.<\/p>","protected":false},"author":1,"featured_media":3996,"parent":13300,"menu_order":0,"comment_status":"closed","ping_status":"closed","template":"elementor_theme","meta":{"_eb_attr":"","footnotes":""},"class_list":["post-13339","page","type-page","status-publish","has-post-thumbnail"],"_links":{"self":[{"href":"https:\/\/travelshelper.com\/fr\/wp-json\/wp\/v2\/pages\/13339","targetHints":{"allow":["GET"]}}],"collection":[{"href":"https:\/\/travelshelper.com\/fr\/wp-json\/wp\/v2\/pages"}],"about":[{"href":"https:\/\/travelshelper.com\/fr\/wp-json\/wp\/v2\/types\/page"}],"author":[{"embeddable":true,"href":"https:\/\/travelshelper.com\/fr\/wp-json\/wp\/v2\/users\/1"}],"replies":[{"embeddable":true,"href":"https:\/\/travelshelper.com\/fr\/wp-json\/wp\/v2\/comments?post=13339"}],"version-history":[{"count":0,"href":"https:\/\/travelshelper.com\/fr\/wp-json\/wp\/v2\/pages\/13339\/revisions"}],"up":[{"embeddable":true,"href":"https:\/\/travelshelper.com\/fr\/wp-json\/wp\/v2\/pages\/13300"}],"wp:featuredmedia":[{"embeddable":true,"href":"https:\/\/travelshelper.com\/fr\/wp-json\/wp\/v2\/media\/3996"}],"wp:attachment":[{"href":"https:\/\/travelshelper.com\/fr\/wp-json\/wp\/v2\/media?parent=13339"}],"curies":[{"name":"wp","href":"https:\/\/api.w.org\/{rel}","templated":true}]}}