{"id":13300,"date":"2024-09-17T15:52:09","date_gmt":"2024-09-17T15:52:09","guid":{"rendered":"https:\/\/travelshelper.com\/staging\/?page_id=13300"},"modified":"2026-03-12T22:35:25","modified_gmt":"2026-03-12T22:35:25","slug":"slovaquie","status":"publish","type":"page","link":"https:\/\/travelshelper.com\/fr\/destinations\/europe\/slovakia\/","title":{"rendered":"Slovaquie"},"content":{"rendered":"<p>La Slovaquie, officiellement la R\u00e9publique slovaque, est un pays enclav\u00e9 de 49\u00a0000 kilom\u00e8tres carr\u00e9s situ\u00e9 en Europe centrale, enclav\u00e9 entre la Pologne au nord, l&#039;Ukraine \u00e0 l&#039;est, la Hongrie au sud, l&#039;Autriche \u00e0 l&#039;ouest et la R\u00e9publique tch\u00e8que au nord-ouest. Avec une population de plus de 5,4 millions d&#039;habitants, elle se distingue par un relief essentiellement montagneux entrecoup\u00e9 de plaines fertiles. La capitale, Bratislava, se situe \u00e0 la limite sud-ouest du pays, tandis que Ko\u0161ice domine l&#039;est, \u00e9tant la deuxi\u00e8me plus grande ville. Cette r\u00e9publique compacte offre un riche panorama historique \u2013 de l&#039;arriv\u00e9e des Slaves occidentaux au VIe si\u00e8cle \u00e0 son ind\u00e9pendance en 1993, en passant par des si\u00e8cles de domination hongroise et habsbourgeoise \u2013 avec en toile de fond les imposants sommets des Carpates, d&#039;anciens ch\u00e2teaux, des cavernes souterraines et une \u00e9conomie qui la classe parmi les r\u00e9ussites postcommunistes les plus dynamiques d&#039;Europe.<\/p>\n<p>Nich\u00e9es au c\u0153ur des Carpates septentrionales, les Hautes Tatras constituent le joyau alpin de la Slovaquie. Leur silhouette d\u00e9chiquet\u00e9e, marqu\u00e9e par vingt-neuf sommets d\u00e9passant les 2\u00a0500 m\u00e8tres, couronn\u00e9s par le Gerlachovsk\u00fd \u0161t\u00edt \u00e0 2\u00a0655 m\u00e8tres, constitue \u00e0 la fois une fronti\u00e8re naturelle avec la Pologne et un p\u00f4le d&#039;attraction pour les randonneurs et les skieurs. Le Kriv\u00e1\u0148, sommet triangulaire charg\u00e9 d&#039;histoire, domine de profondes vall\u00e9es et des lacs glaciaires, tandis que les Tatras occidentales et les Tatras de Belianske prolongent la majest\u00e9 de la cha\u00eene en offrant des panoramas plus vastes. Sous les Tatras proprement dites, les Basses Tatras se d\u00e9ploient en ondulations plus douces, couronn\u00e9es par le \u010eumbier \u00e0 un peu plus de 2\u00a0000 m\u00e8tres. Dans le nord du pays, neuf parcs nationaux, dont le Paradis slovaque, avec ses canyons calcaires et ses gorges couvertes d&#039;\u00e9chelles, et le parc isol\u00e9 de Poloniny, o\u00f9 subsistent des for\u00eats de h\u00eatres primitives, couvrent 6,5 % du territoire et pr\u00e9servent une mosa\u00efque \u00e9cologique extraordinaire.<\/p>\n<p>Sous ces montagnes se cache un royaume secret de grottes. Une trentaine sont ouvertes au public, leurs vo\u00fbtes orn\u00e9es de stalactites et de stalagmites, parmi lesquelles la grotte de glace de Dob\u0161in\u00e1 et la grotte d&#039;aragonite d&#039;Ochtinsk\u00e1, toutes deux prot\u00e9g\u00e9es par l&#039;UNESCO. Le syst\u00e8me de Dem\u00e4novsk\u00e1, pr\u00e8s de Poprad, creuse des couloirs labyrinthiques de chambres d&#039;alb\u00e2tre, tandis que Domica s&#039;enfonce dans le paysage karstique de la fronti\u00e8re slovaque-hongroise. Des rivi\u00e8res nich\u00e9es entre les cr\u00eates creusent vall\u00e9es et plaines\u00a0: la V\u00e1h, la plus longue de Slovaquie avec ses 403\u00a0kilom\u00e8tres, coule vers l&#039;ouest\u00a0; le Danube serpente le long de la fronti\u00e8re sud de Bratislava\u00a0; tandis que la Dunajec et la Morava dessinent des fronti\u00e8res naturelles. Plus de 49\u00a0700\u00a0kilom\u00e8tres de voies navigables alimentent ces art\u00e8res, grossissant au printemps avec la fonte des neiges alpines et, dans le cas du Danube, atteignant leur apog\u00e9e en \u00e9t\u00e9 lorsque les torrents alpins rejoignent le grand cours d&#039;eau europ\u00e9en.<\/p>\n<p>Le climat temp\u00e9r\u00e9-continental du pays se caract\u00e9rise par quatre saisons distinctes. Les d\u00e9gels capricieux du printemps suivent l&#039;\u00e9quinoxe de printemps, avec des moyennes diurnes passant de 9 \u00b0C en mars \u00e0 17 \u00b0C en juin. L&#039;\u00e9t\u00e9, inaugur\u00e9 le 22 juin, se caract\u00e9rise par des temp\u00e9ratures diurnes g\u00e9n\u00e9ralement sup\u00e9rieures \u00e0 30 \u00b0C dans les plaines danubiennes, avec des pics de chaleur proches de 40 \u00b0C dans les enclaves m\u00e9ridionales\u00a0; les sommets montagneux restent agr\u00e9ables \u00e0 25 \u00b0C. Les vents humides de l&#039;automne pr\u00e9dominent d\u00e8s fin septembre, bien qu&#039;un \u00e9t\u00e9 indien puisse agr\u00e9menter les premi\u00e8res semaines de chaleur et de soleil. L&#039;hiver, qui d\u00e9bute le 21 d\u00e9cembre, apporte de la neige en hautes terres \u2013 o\u00f9 elle persiste jusqu&#039;en mars \u2013 et des temp\u00e9ratures descendant jusqu&#039;\u00e0 \u201320 \u00b0C en altitude, tandis que le gel en plaine et les chutes de neige intermittentes offrent un paysage enneig\u00e9 plus variable.<\/p>\n<p>Bien avant la cristallisation des fronti\u00e8res modernes, des tribus slaves occidentales s&#039;install\u00e8rent dans ces vall\u00e9es aux Ve et VIe si\u00e8cles. Bri\u00e8vement int\u00e9gr\u00e9es au Khaghanat avar, elles prirent de l&#039;importance dans l&#039;empire de Samo vers 631 apr. J.-C. La principaut\u00e9 de Nitra \u00e9mergea au IXe si\u00e8cle, rapidement absorb\u00e9e par la Grande Moravie, qui lui l\u00e9gua un h\u00e9ritage litt\u00e9raire et eccl\u00e9siastique. Sa disparition sous les incursions magyares marqua le d\u00e9but de dix si\u00e8cles de domination hongroise, interrompus par les avanc\u00e9es ottomanes qui ravag\u00e8rent les r\u00e9gions m\u00e9ridionales aux XVIe et XVIIe si\u00e8cles. La reconstruction men\u00e9e par le roi B\u00e9la IV apr\u00e8s la d\u00e9vastation mongole de 1241-1242 jeta les bases d&#039;un renouveau urbain et de fortifications.<\/p>\n<p>Les r\u00e9veils nationaux du XIXe si\u00e8cle trouv\u00e8rent un \u00e9cho chez les Slovaques, qui form\u00e8rent en 1848 le Conseil national slovaque, au c\u0153ur des r\u00e9volutions qui se propageaient en Europe. Bien que leur soul\u00e8vement n&#039;ait pas assur\u00e9 l&#039;autonomie, il s&#039;av\u00e9ra d\u00e9terminant pour forger une identit\u00e9 slovaque distincte. Le Compromis de 1867 rattacha le royaume \u00e0 l&#039;Autriche-Hongrie, mais les courants culturels et linguistiques continu\u00e8rent de circuler. La fin de la Premi\u00e8re Guerre mondiale d\u00e9mantela les empires et vit la proclamation de la R\u00e9publique tch\u00e9coslovaque en 1918, int\u00e9grant la Slovaquie par les trait\u00e9s de Saint-Germain et de Trianon. Une br\u00e8ve p\u00e9riode de fascisme cl\u00e9rical sous le patronage nazi c\u00e9da la place en 1945 \u00e0 la Tch\u00e9coslovaquie r\u00e9tablie. Le coup d&#039;\u00c9tat de 1948, soutenu par les Sovi\u00e9tiques, a consolid\u00e9 le r\u00e9gime communiste jusqu&#039;\u00e0 la r\u00e9pression du Printemps de Prague en 1968. C&#039;est la r\u00e9volution pacifique de 1989, la R\u00e9volution de velours, qui a r\u00e9tabli la d\u00e9mocratie, aboutissant le 1er janvier 1993 \u00e0 la naissance sobre de la R\u00e9publique slovaque.<\/p>\n<p>La Slovaquie d&#039;aujourd&#039;hui allie \u00e9conomie de march\u00e9 et syst\u00e8me de protection sociale complet\u00a0: couverture sant\u00e9 universelle, \u00e9ducation gratuite, \u00e2ge de la retraite parmi les plus bas du continent et cong\u00e9 parental parmi les plus g\u00e9n\u00e9reux de l&#039;OCDE. En 2024, son PIB par habitant \u00e0 parit\u00e9 de pouvoir d&#039;achat d\u00e9passait 44\u00a0000\u00a0dollars am\u00e9ricains, ce qui la pla\u00e7ait parmi les pays europ\u00e9ens \u00e0 revenu \u00e9lev\u00e9. Les exportations, principalement destin\u00e9es \u00e0 l&#039;Allemagne, \u00e0 la R\u00e9publique tch\u00e8que et \u00e0 la Pologne, soutiennent sa production industrielle\u00a0; la production automobile \u00e0 elle seule a g\u00e9n\u00e9r\u00e9 1,1\u00a0million de v\u00e9hicules en 2019, soit le chiffre par habitant le plus \u00e9lev\u00e9 au monde. Pourtant, les disparit\u00e9s \u00e9conomiques persistent\u00a0: la r\u00e9gion de Bratislava affiche un pouvoir d&#039;achat pr\u00e8s de trois fois sup\u00e9rieur \u00e0 celui des districts de l&#039;Est, alors m\u00eame que le taux de propri\u00e9t\u00e9 des logements atteint 90\u00a0%.<\/p>\n<p>La vie administrative se d\u00e9ploie au sein de huit r\u00e9gions autonomes, chacune portant le nom de sa ville principale et dot\u00e9e de comp\u00e9tences l\u00e9gislatives depuis 2002. Elles sont divis\u00e9es en 79 districts et 2\u00a0890 municipalit\u00e9s, formant un cadre alliant sch\u00e9mas de peuplement historiques et gouvernance moderne. Les axes de transport refl\u00e8tent cette int\u00e9gration\u00a0: l\u2019autoroute D1 serpente sur 600\u00a0kilom\u00e8tres depuis Bratislava en passant par Trnava, Nitra, Tren\u010d\u00edn et \u017dilina, tandis que la D2 relie Prague et Budapest. Le r\u00e9seau ferroviaire relie les centres urbains et les villages, et les ports fluviaux de Bratislava et Kom\u00e1rno assurent le transport de marchandises et de passagers le long de la voie navigable Rhin-Main-Danube. Trois a\u00e9roports \u2013 Bratislava, Ko\u0161ice et Poprad-Tatry, en altitude \u2013 relient la Slovaquie \u00e0 l\u2019Europe et au-del\u00e0.<\/p>\n<p>Le tourisme repose sur des panoramas naturels, une architecture m\u00e9di\u00e9vale et une tradition populaire vivante. L&#039;UNESCO a inscrit huit sites\u00a0: des \u00e9glises en bois du nord, comme l&#039;\u00e9glise du Saint-Esprit \u00e0 \u017dehra, au c\u0153ur m\u00e9di\u00e9val de Bardejov, et des ruines imposantes du ch\u00e2teau de Spi\u0161 aux chambres glaciales de la grotte de glace de Dob\u0161in\u00e1. Le ch\u00e2teau de Bojnice a conserv\u00e9 ses int\u00e9rieurs romantiques\u00a0; le ch\u00e2teau de Tren\u010d\u00edn surplombe la rivi\u00e8re V\u00e1h depuis ses falaises basaltiques\u00a0; le ch\u00e2teau de Dev\u00edn \u00e9voque les pass\u00e9s celtique et de Grande-Moravie au-dessus du coude du Danube. Les stations thermales, Pie\u0161\u0165any en t\u00eate, offrent des sources min\u00e9rales curatives, tandis que les stations de ski de Jasn\u00e1 et des Hautes Tatras attirent les amateurs de sports d&#039;hiver. L&#039;artisanat populaire perdure dans les boutiques \u00da\u013dUV\u00a0: fujaras, hachettes orn\u00e9es, poup\u00e9es en feuilles de ma\u00efs et sculptures en fil de fer t\u00e9moignent d&#039;un art rural qui valorise \u00e0 la fois la forme et la fonction.<\/p>\n<p>La d\u00e9mographie de la Slovaquie refl\u00e8te \u00e0 la fois stabilit\u00e9 et diversit\u00e9. Le recensement de 2021 a recens\u00e9 83,8 % de Slovaques, 7,8 % de Hongrois et des proportions plus faibles de Roms, de Tch\u00e8ques, de Ruth\u00e8nes et d&#039;autres groupes\u00a0; 5,4 % ont choisi de ne pas pr\u00e9ciser leur origine ethnique. Avec un \u00e2ge m\u00e9dian de 42,8 ans, la densit\u00e9 de population est en moyenne de 110 habitants au kilom\u00e8tre carr\u00e9, augmentant fortement dans les centres urbains et diminuant dans les villages recul\u00e9s des hautes terres. Le slovaque, une langue slave occidentale, est la langue officielle, tandis que le hongrois et le Ruth\u00e8ne ont un statut co-officiel lorsque les minorit\u00e9s locales atteignent les seuils l\u00e9gaux. Les Slovaques excellent dans l&#039;apprentissage des langues \u00e9trang\u00e8res\u00a0: presque tous les \u00e9l\u00e8ves du secondaire apprennent deux langues ou plus, souvent le tch\u00e8que, l&#039;anglais, l&#039;allemand ou le russe.<\/p>\n<p>Les traditions culinaires s&#039;appuient sur les produits des prairies de montagne et les mets \u00e0 base de porc\u00a0: les bryndzov\u00e9 halu\u0161ky \u2013 des boulettes de pommes de terre au fromage de brebis \u2013 occupent une place de choix dans le paysage national, aux c\u00f4t\u00e9s des soupes aux choux, du boudin noir et des pirohy de pommes de terre. Dans les r\u00e9gions viticoles bordant les affluents du Danube, les c\u00e9pages blancs et doux dominaient autrefois\u00a0; une culture brassicole artisanale en plein essor englobe d\u00e9sormais les bi\u00e8res blondes et brunes. Les march\u00e9s saisonniers sur les places des ch\u00e2teaux permettent aux visiteurs de d\u00e9guster des g\u00e2teaux au miel, des truites fum\u00e9es des ruisseaux de montagne et des fromages r\u00e9gionaux, tandis que les produits artisanaux \u2013 du miel de tilleul \u00e0 l&#039;eau-de-vie de prune \u2013 apportent une touche rurale \u00e0 l&#039;exploration gastronomique.<\/p>\n<p>Les coutumes d&#039;hospitalit\u00e9 et de respect impr\u00e8gnent la vie urbaine comme villageoise. Les invit\u00e9s qui entrent dans une maison slovaque retirent leurs chaussures d&#039;ext\u00e9rieur et enfilent souvent des pantoufles\u00a0; les h\u00f4tes peuvent proposer des repas compos\u00e9s de plusieurs plats, notamment au d\u00e9jeuner, repas principal de la journ\u00e9e. Les gestes de courtoisie incluent les bises sur la joue \u2013 g\u00e9n\u00e9ralement entre femmes \u2013 et les petits cadeaux d&#039;h\u00f4tesse, bien que les offrandes mon\u00e9taires soient d\u00e9conseill\u00e9es. La politesse s&#039;\u00e9tend aux sensibilit\u00e9s historiques\u00a0: les r\u00e9f\u00e9rences \u00e0 la s\u00e9paration de la Slovaquie de la Tch\u00e9coslovaquie en 1993 sont accueillies sans rancune, tandis que les amalgames avec la Slov\u00e9nie ou l&#039;ancien pass\u00e9 austro-hongrois peuvent susciter une correction douce. Les discussions sur l&#039;\u00c9tat slovaque de la Seconde Guerre mondiale ou l&#039;\u00e8re communiste requi\u00e8rent du tact, et une sympathie ouverte pour la Russie peut r\u00e9veiller des ressentiments latents, ancr\u00e9s dans des d\u00e9cennies de r\u00e9gime sovi\u00e9tique.<\/p>\n<p>Dans les villages des contreforts septentrionaux, des \u00e9glises en bois \u2013 catholiques, luth\u00e9riennes et de rite oriental \u2013 s&#039;\u00e9l\u00e8vent au milieu des pentes bois\u00e9es, leurs murs en rondins et leurs toits de bardeaux s&#039;harmonisant avec les champs. La basilique Saint-Jacques de Levo\u010da abrite le plus haut autel en bois sculpt\u00e9 du monde, tandis que les douze \u00e9glises de Trnava s&#039;inscrivent dans ses rues baroques. Les festivals folkloriques \u2013 qui jalonnent la p\u00e9riode des r\u00e9coltes et P\u00e2ques \u2013 font revivre les musiques, danses et costumes ancestraux, culminant souvent avec des s\u00e9r\u00e9nades nocturnes aux allures de chants de No\u00ebl, appel\u00e9es \u00ab\u00a0koliedy\u00a0\u00bb. Dans les centres urbains, festivals d&#039;art et galeries pr\u00e9sentent le cin\u00e9ma, les arts visuels et le design slovaques contemporains, refl\u00e9tant une soci\u00e9t\u00e9 en dialogue dynamique entre tradition et innovation.<\/p>\n<p>Une telle diversit\u00e9 d&#039;exp\u00e9riences fait de la Slovaquie un pays tout en contrastes\u00a0: du silence des lacs de montagne sous un ciel \u00e9toil\u00e9 \u00e0 l&#039;effervescence urbaine des caf\u00e9s de Bratislava bordant la promenade du Danube\u00a0; du calme retir\u00e9 des stations thermales aux ch\u0153urs de touristes empruntant les t\u00e9l\u00e9ph\u00e9riques de Tatransk\u00e1 Lomnica\u00a0; des cryptes solennelles des ch\u00e2teaux m\u00e9di\u00e9vaux aux m\u00e9lodies p\u00e9tillantes des violons des march\u00e9s en plein air. Sa taille compacte dissimule une vaste palette d&#039;offres, m\u00ealant g\u00e9ographie et histoire dans une mosa\u00efque intime.<\/p>\n<p>Poser le pied en Slovaquie, c&#039;est traverser les \u00e9poques et les altitudes, sentir les si\u00e8cles sous ses pieds et gravir des sommets en quelques heures. C&#039;est p\u00e9n\u00e9trer dans des contr\u00e9es sauvages qui ignorent les fronti\u00e8res, se promener sur des places aux murs de pierre dont les pav\u00e9s rappellent aussi bien les processions imp\u00e9riales que les foires paysannes. C&#039;est go\u00fbter le sel et l&#039;acidit\u00e9 du fromage de brebis, entendre des chants folkloriques qui rythment les saisons avec rituels et nostalgie. C&#039;est d\u00e9couvrir que, dans une nation n\u00e9e d&#039;une entente pacifique, la d\u00e9couverte elle-m\u00eame ne se mesure pas \u00e0 la conqu\u00eate, mais \u00e0 la curiosit\u00e9 \u2013 v\u00e9ritable fil conducteur du voyageur.<\/p>","protected":false},"excerpt":{"rendered":"<p>La Slovaquie est un pays enclav\u00e9 d&#039;Europe centrale, comptant plus de 5,4 millions d&#039;habitants r\u00e9partis sur un territoire principalement montagneux d&#039;environ 49\u00a0000 kilom\u00e8tres carr\u00e9s. Strat\u00e9giquement situ\u00e9e en Europe, la R\u00e9publique slovaque est bord\u00e9e au nord par la Pologne, \u00e0 l&#039;est par l&#039;Ukraine, au sud par la Hongrie, \u00e0 l&#039;ouest par l&#039;Autriche et au nord-ouest par la R\u00e9publique tch\u00e8que. Si Ko\u0161ice est la deuxi\u00e8me plus grande r\u00e9gion m\u00e9tropolitaine, Bratislava, capitale et plus grande ville, constitue le c\u0153ur politique, \u00e9conomique et culturel du pays.<\/p>","protected":false},"author":1,"featured_media":4021,"parent":24078,"menu_order":0,"comment_status":"closed","ping_status":"closed","template":"elementor_theme","meta":{"_eb_attr":"","footnotes":""},"class_list":["post-13300","page","type-page","status-publish","has-post-thumbnail"],"_links":{"self":[{"href":"https:\/\/travelshelper.com\/fr\/wp-json\/wp\/v2\/pages\/13300","targetHints":{"allow":["GET"]}}],"collection":[{"href":"https:\/\/travelshelper.com\/fr\/wp-json\/wp\/v2\/pages"}],"about":[{"href":"https:\/\/travelshelper.com\/fr\/wp-json\/wp\/v2\/types\/page"}],"author":[{"embeddable":true,"href":"https:\/\/travelshelper.com\/fr\/wp-json\/wp\/v2\/users\/1"}],"replies":[{"embeddable":true,"href":"https:\/\/travelshelper.com\/fr\/wp-json\/wp\/v2\/comments?post=13300"}],"version-history":[{"count":0,"href":"https:\/\/travelshelper.com\/fr\/wp-json\/wp\/v2\/pages\/13300\/revisions"}],"up":[{"embeddable":true,"href":"https:\/\/travelshelper.com\/fr\/wp-json\/wp\/v2\/pages\/24078"}],"wp:featuredmedia":[{"embeddable":true,"href":"https:\/\/travelshelper.com\/fr\/wp-json\/wp\/v2\/media\/4021"}],"wp:attachment":[{"href":"https:\/\/travelshelper.com\/fr\/wp-json\/wp\/v2\/media?parent=13300"}],"curies":[{"name":"wp","href":"https:\/\/api.w.org\/{rel}","templated":true}]}}