{"id":13177,"date":"2024-09-17T13:51:22","date_gmt":"2024-09-17T13:51:22","guid":{"rendered":"https:\/\/travelshelper.com\/staging\/?page_id=13177"},"modified":"2026-03-12T23:41:20","modified_gmt":"2026-03-12T23:41:20","slug":"sierra-nevada","status":"publish","type":"page","link":"https:\/\/travelshelper.com\/fr\/destinations\/europe\/spain\/sierra-nevada\/","title":{"rendered":"Sierra Nevada"},"content":{"rendered":"<p>La Sierra Nevada occupe une place singuli\u00e8re au sud de la p\u00e9ninsule Ib\u00e9rique\u00a0: un vaste massif de pr\u00e8s de 80\u00a0kilom\u00e8tres de long, dont la largeur varie entre 15 et 30\u00a0kilom\u00e8tres, couvrant une superficie de plus de 2\u00a0000\u00a0kilom\u00e8tres carr\u00e9s. S&#039;\u00e9levant au-dessus des provinces andalouses de Grenade et d&#039;Almer\u00eda, cette cha\u00eene de montagnes historique pr\u00e9sente un profil continu de sommets qui, sur une importante cr\u00eate orient\u00e9e d&#039;ouest-sud-ouest \u00e0 est-nord-est, restent in\u00e9branlablement enneig\u00e9s une grande partie de l&#039;ann\u00e9e. \u00c0 son apog\u00e9e, le Mulhac\u00e9n culmine \u00e0 3\u00a0479\u00a0m\u00e8tres, point culminant de l&#039;Espagne continentale et de la p\u00e9ninsule Ib\u00e9rique. Ses points culminants offrent un contrepoint saisissant au littoral m\u00e9diterran\u00e9en baign\u00e9 de soleil, distant de quelques dizaines de kilom\u00e8tres seulement, faisant de la Sierra Nevada un royaume de contrastes climatiques, g\u00e9ologiques et historiques qui appellent une \u00e9tude rigoureuse et une r\u00e9flexion po\u00e9tique.<\/p>\n<p>De l&#039;Antiquit\u00e9 \u00e0 nos jours, les pentes de la Sierra Nevada ont \u00e9t\u00e9 t\u00e9moins de convulsions tectoniques et de sculptures glaciaires. N\u00e9e de l&#039;orogen\u00e8se alpine au cours de l&#039;\u00e8re tertiaire, la cha\u00eene se manifeste principalement par des schistes micac\u00e9s tendres qui s&#039;inclinent abruptement vers le nord, mais laissent place \u00e0 des descentes plus progressives vers le sud et le sud-est. Au-dessus d&#039;environ 2\u00a0400 m\u00e8tres \u2013 autrefois la limite de la glace p\u00e9renne jusqu&#039;\u00e0 l&#039;Holoc\u00e8ne \u2013, d&#039;anciens glaciers ont creus\u00e9 des vall\u00e9es en U et l\u00e9gu\u00e9 une constellation de lagunes d&#039;altitude, parmi lesquelles la Laguna de Aguas Verdes et la modeste Laguna de la Mosca. Ces lacs, nich\u00e9s dans les cirques m\u00e9ridionaux, canalisent les eaux de fonte vers le syst\u00e8me du Guadalfeo, tout comme les v\u00e9n\u00e9rables art\u00e8res fluviales qui traversent les versants m\u00e9diterran\u00e9ens et atlantiques\u00a0: le Genil, n\u00e9 pr\u00e8s de Mulhac\u00e9n et fondamental pour le bassin du Guadalquivir\u00a0; le D\u00farcal et l&#039;\u00cdzbor\u00a0; le Trev\u00e9lez et le Poqueira\u00a0; ainsi que les affluents des rivi\u00e8res Andarax et Adra.<\/p>\n<p>G\u00e9ographiquement, la Sierra Nevada est d\u00e9limit\u00e9e par la vall\u00e9e de Lecr\u00edn \u00e0 l&#039;ouest, la vall\u00e9e de Guadalfeo au sud, la d\u00e9pression de la B\u00e9tique au nord, le r\u00edo Nacimiento \u00e0 l&#039;est et la vall\u00e9e d&#039;Andarax au sud-est. Ses coordonn\u00e9es g\u00e9ographiques \u2013 approximativement de 36\u00b055\u2032 \u00e0 37\u00b015\u2032 de latitude nord et de 2\u00b056\u2032 \u00e0 3\u00b038\u2032 de longitude ouest \u2013 l&#039;ancrent fermement dans le paysage historique de l&#039;Andalousie. Sur ses contreforts sud se trouvent la ville historique de Grenade et, plus \u00e0 l&#039;est, les enclaves c\u00f4ti\u00e8res de Motril et d&#039;Almer\u00eda, dont le climat m\u00e9diterran\u00e9en offre un contraste thermique saisissant avec les hauteurs enneig\u00e9es qui les surplombent.<\/p>\n<p>Le profil climatologique de la Sierra Nevada d\u00e9fie toute classification simple. Selon le syst\u00e8me de K\u00f6ppen, le massif se situe principalement dans les cat\u00e9gories m\u00e9diterran\u00e9ennes Csa\/Csb\u00a0; pourtant, au-dessus de 2\u00a0500\u00a0m\u00e8tres, les temp\u00e9ratures estivales moyennes oscillent autour du seuil de 10\u00a0\u00b0C, conf\u00e9rant aux hautes pentes un caract\u00e8re subarctique Dsc. \u00c0 des altitudes l\u00e9g\u00e8rement plus basses, les \u00e9t\u00e9s courts et frais et les faibles pr\u00e9cipitations donnent lieu \u00e0 un r\u00e9gime continental humide Dsa\/Dsb, tandis qu&#039;en descendant encore, on observe un r\u00e9gime m\u00e9diterran\u00e9en \u00e0 \u00e9t\u00e9s frais qui \u00e9volue progressivement vers la vari\u00e9t\u00e9 \u00e0 \u00e9t\u00e9s chauds des plaines environnantes. La temp\u00e9rature annuelle moyenne \u00e0 Pradollano, 3,9\u00a0\u00b0C, contraste fortement avec les 15,7\u00a0\u00b0C de Grenade et les 18,5\u00a0\u00b0C de la c\u00f4te de Malaga. Les temp\u00e9ratures diurnes estivales et hivernales de la station sont g\u00e9n\u00e9ralement inf\u00e9rieures d&#039;environ 12 \u00b0C \u00e0 celles de la ville en contrebas, l&#039;interstice du printemps \u00e9tant particuli\u00e8rement retard\u00e9, car les maxima diurnes de mai dans les hautes terres s&#039;attardent autour de 4 \u00b0C tandis que Grenade b\u00e9n\u00e9ficie de moyennes de 24 \u00b0C.<\/p>\n<p>La recherche scientifique a trouv\u00e9 un refuge remarquable \u00e0 ces altitudes. L&#039;observatoire de la Sierra Nevada, l&#039;observatoire de Calar Alto et le t\u00e9lescope de 30 m de l&#039;Institut de radioastronomie millim\u00e9trique (IRAM) occupent les versants nord, \u00e0 environ 2\u00a0800 m\u00e8tres d&#039;altitude. Leurs t\u00e9lescopes scrutent les profondeurs cosmiques, \u00e0 l&#039;abri du rayonnement urbain et b\u00e9n\u00e9ficiant du haut plateau sec. L&#039;importance \u00e9cologique du massif est depuis longtemps reconnue\u00a0: en 1986, l&#039;UNESCO l&#039;a d\u00e9sign\u00e9 r\u00e9serve de biosph\u00e8re et, en 1989, puis en 1999, le gouvernement espagnol a proclam\u00e9 de vastes \u00e9tendues d&#039;abord parc naturel, puis parc national, prot\u00e9geant collectivement quelque 169\u00a0239 hectares de terrain.<\/p>\n<p>Ce domaine prot\u00e9g\u00e9 abrite une biodiversit\u00e9 extraordinaire, due en partie \u00e0 l&#039;isolement et aux refuges postglaciaires de la cha\u00eene. Le minist\u00e8re espagnol de l&#039;Environnement recense 66 esp\u00e8ces de plantes vasculaires end\u00e9miques, soit pr\u00e8s d&#039;un cinqui\u00e8me de l&#039;end\u00e9misme europ\u00e9en dans la cha\u00eene, et environ 80 taxons fauniques indig\u00e8nes. La flore vasculaire totale compte quelque 2\u00a0100 plantes sup\u00e9rieures, repr\u00e9sentant un quart de la richesse botanique espagnole. Pour pr\u00e9server ce patrimoine botanique, une constellation d&#039;installations de conservation a \u00e9t\u00e9 cr\u00e9\u00e9e\u00a0: le jardin botanique de Cortijuela, situ\u00e9 sur le versant inf\u00e9rieur du mont Trevenque, \u00e0 1\u00a0600\u00a0m\u00e8tres d&#039;altitude, charg\u00e9 de la propagation et de l&#039;\u00e9tude d&#039;une centaine d&#039;esp\u00e8ces vuln\u00e9rables ou menac\u00e9es, dont Pinus sylvestris nevadensis\u00a0; le centre Hoya de Pedraza (initi\u00e9 en 2007) \u00e0 1\u00a0980\u00a0m\u00e8tres\u00a0; et le Jardin botanique universitaire de Hoya de la Mora, cr\u00e9\u00e9 en 1965 \u00e0 environ 2 500 m\u00e8tres d&#039;altitude, enti\u00e8rement consacr\u00e9 \u00e0 la flore end\u00e9mique de la Sierra Nevada.<\/p>\n<p>La tapisserie humaine tiss\u00e9e autour des montagnes r\u00e9v\u00e8le une alternance de subsistance traditionnelle et de loisirs modernes. Des g\u00e9n\u00e9rations d&#039;habitants locaux ont cultiv\u00e9 des parcelles en terrasses \u2013 des p\u00e2turages perch\u00e9s m\u00eame au-dessus de 2\u00a0000 m\u00e8tres \u2013 et gard\u00e9 des troupeaux transhumants qui s&#039;attaquaient aux alpages saisonniers. La m\u00e9canisation agricole s&#039;est av\u00e9r\u00e9e impossible sur les pentes raides, pr\u00e9servant ainsi le savoir ancestral des canaux d&#039;irrigation et des oliveraies, p\u00eachers et amandiers. Pourtant, ces derni\u00e8res d\u00e9cennies ont \u00e9t\u00e9 marqu\u00e9es par une \u00e9volution palpable vers le tourisme, catalys\u00e9e par la cr\u00e9ation de la station de ski la plus m\u00e9ridionale d&#039;Europe et la plus haute de la p\u00e9ninsule Ib\u00e9rique. Pradollano, l&#039;urbanisation \u00e0 2\u00a0100 m\u00e8tres, constitue le plus haut village d&#039;Andalousie, hormis les enclaves pyr\u00e9n\u00e9ennes. Ses remont\u00e9es m\u00e9caniques et ses pistes attirent les amateurs de sports d&#039;hiver en qu\u00eate d&#039;une neige fiable et d&#039;un soleil abondant.<\/p>\n<p>L&#039;histoire des transports dans les hautes montagnes est tout aussi remarquable. En 1935, une route carrossable menant au sommet du Veleta fut inaugur\u00e9e, ce qui lui valut le titre de plus haute route carrossable d&#039;Espagne \u2013 et pendant un temps d&#039;Europe \u2013 jusqu&#039;\u00e0 la fermeture \u00e0 la circulation automobile du tron\u00e7on sup\u00e9rieur reliant Hoya de la Mora au sommet en 1999. Parall\u00e8lement, un service saisonnier d&#039;interpr\u00e9tation des hauts sommets fonctionne, si la m\u00e9t\u00e9o le permet, de juin \u00e0 octobre. Il emploie des minibus et des guides pour transporter les visiteurs d&#039;une r\u00e9sidence universitaire \u00e0 2\u00a0500 m\u00e8tres jusqu&#039;\u00e0 la plateforme du Veleta \u00e0 3\u00a0100 m\u00e8tres, et assure la navette avec les randonneurs sur le versant sud, de Capileira \u00e0 l&#039;Alto del Chorrillo \u00e0 2\u00a0740 m\u00e8tres.<\/p>\n<p>En compl\u00e9ment du ski alpin, Puerto de la Ragua, \u00e0 cheval sur les provinces de Grenade et d&#039;Almer\u00eda, \u00e0 2\u00a0000 m\u00e8tres d&#039;altitude, propose des pistes de ski de fond, tout comme le couloir moins connu de Ragua, sur l&#039;autoroute A-337. Les amateurs de randonn\u00e9e pourront traverser la Vereda de la Estrella, longeant les sources du fleuve Genil, ou entreprendre l&#039;Int\u00e9grale des 3\u00a0000 m\u00e8tres, une travers\u00e9e ardue au d\u00e9part de J\u00e9rez del Marquesado, traversant presque tous les sommets de plus de 3\u00a0000 m\u00e8tres, exigeant endurance et prudence au milieu des n\u00e9v\u00e9s r\u00e9siduels, m\u00eame en plein \u00e9t\u00e9. La route de Sulayr, une boucle de 340 kilom\u00e8tres qui encercle le massif, fait revivre les chemins et sentiers historiques du b\u00e9tail dans un itin\u00e9raire con\u00e7u par des institutions publiques pour c\u00e9l\u00e9brer \u00e0 la fois la nature et le patrimoine.<\/p>\n<p>Pour ceux qui cherchent refuge sous les \u00e9toiles, la cha\u00eene offre trois refuges gard\u00e9s\u00a0: le refuge Poqueira \u00e0 2\u00a0500\u00a0m\u00e8tres d&#039;altitude, pouvant accueillir 87\u00a0personnes au confluent du Mulhac\u00e9n et du R\u00edo Seco\u00a0; Postero Alto \u00e0 1\u00a0880\u00a0m\u00e8tres d&#039;altitude, avec 68\u00a0places sur la Loma de Enmedio\u00a0; et l&#039;auberge Puerto de la Ragua \u00e0 2\u00a0000\u00a0m\u00e8tres d&#039;altitude, avec 32\u00a0couchettes. Des refuges et bivouacs dispers\u00e9s \u2013 La Carihuela, Elorrieta, Pe\u00f1a Partida, entre autres \u2013 subsistent dans des \u00e9tats de conservation variables, tandis que des cavernes naturelles comme la Cueva Secreta et l&#039;alc\u00f4ve des Siete Lagunas t\u00e9moignent de l&#039;attrait g\u00e9ologique de la montagne.<\/p>\n<p>Les cyclistes eux aussi trouvent d\u00e9fi et attrait dans les ascensions vertigineuses de la Sierra Nevada. La c\u00e9l\u00e8bre mont\u00e9e de Monachil \u2013 2\u00a0627 m\u00e8tres d&#039;altitude sur 45,3 kilom\u00e8tres avec une pente moyenne de 5,8 %, avec des pentes atteignant 15 % \u2013 offre une \u00e9preuve redoutable avant de se terminer \u00e0 Pradollano ou au Pico Veleta (3\u00a0367 m\u00e8tres). L&#039;itin\u00e9raire de G\u00fc\u00e9jar Sierra s&#039;\u00e9tend sur 44,3 kilom\u00e8tres jusqu&#039;\u00e0 Veleta, avec un d\u00e9nivel\u00e9 positif de 2\u00a0557 m\u00e8tres avec une pente moyenne de 5,77 %. Parmi les objectifs interm\u00e9diaires figurent le jardin botanique universitaire de Hoya de la Mora et l&#039;observatoire de l&#039;IRAM \u00e0 2\u00a0850 m\u00e8tres, autant de t\u00e9moignages du magn\u00e9tisme scientifique et esth\u00e9tique de la cha\u00eene.<\/p>\n<p>Mythes et l\u00e9gendes se d\u00e9ploient avec autant de richesse que les panoramas montagneux. Le conte du Balai du Diable \u00e9voque une avalanche provoqu\u00e9e par un don mal\u00e9fique, qui, dit-on, d\u00e9ferle encore sur les pentes du pic de l&#039;Alcazaba en torrents enneig\u00e9s. La l\u00e9gende de la Lagune de Vacares relate le crime d&#039;un prince maure et les larmes d&#039;une princesse immortalis\u00e9es dans la roche, leurs lamentations r\u00e9sonnant pr\u00e9tendument dans les profondeurs glac\u00e9es. Ces r\u00e9cits, port\u00e9s par les bergers, les villageois et les p\u00e8lerins, conf\u00e8rent une dimension surnaturelle \u00e0 un paysage d\u00e9j\u00e0 fa\u00e7onn\u00e9 par des mill\u00e9naires de forces g\u00e9ologiques et culturelles.<\/p>\n<p>En fin de compte, la Sierra Nevada englobe bien plus que des \u00e9tendues cartographiques et des registres \u00e9cologiques. Elle se dresse comme un lieu o\u00f9 convergent gradients climatiques, refuges biotiques et activit\u00e9s humaines. Des schistes anciens d\u00e9form\u00e9s par la collision continentale \u00e0 la clart\u00e9 lumineuse au-dessus de 2\u00a0800 m\u00e8tres, des pins end\u00e9miques accroch\u00e9s aux rochers escarp\u00e9s au labyrinthe de sentiers sillonnant cr\u00eates et vall\u00e9es, la cha\u00eene de montagnes commande un continuum de recherches \u2013 g\u00e9ographiques, scientifiques et humanistes. Ici se trouve une \u00e9l\u00e9vation non seulement de la roche et de la glace, mais aussi de l&#039;intellect et de l&#039;imagination\u00a0: un sommet d&#039;histoire naturelle et d&#039;aspirations humaines entrelac\u00e9es sous le ciel andalou.<\/p>","protected":false},"excerpt":{"rendered":"<p>Situ\u00e9e dans la majestueuse Sierra Nevada, au sud-est de l&#039;Espagne, la station de ski de la Sierra Nevada t\u00e9moigne de l&#039;harmonie entre cr\u00e9ativit\u00e9 humaine et beaut\u00e9 naturelle. Situ\u00e9e dans la province de Grenade, cette c\u00e9l\u00e8bre station de ski b\u00e9n\u00e9ficie d&#039;un emplacement privil\u00e9gi\u00e9 sur les pentes nord-ouest du Veleta, troisi\u00e8me plus haut sommet de la p\u00e9ninsule ib\u00e9rique. La station de Pradollano est le c\u0153ur dynamique de cette station alpine, accueillant toute l&#039;ann\u00e9e des centaines de passionn\u00e9s de sports d&#039;hiver et de nature, malgr\u00e9 une population saisonni\u00e8re.<\/p>","protected":false},"author":1,"featured_media":4260,"parent":13090,"menu_order":0,"comment_status":"closed","ping_status":"closed","template":"elementor_theme","meta":{"_eb_attr":"","footnotes":""},"class_list":["post-13177","page","type-page","status-publish","has-post-thumbnail"],"_links":{"self":[{"href":"https:\/\/travelshelper.com\/fr\/wp-json\/wp\/v2\/pages\/13177","targetHints":{"allow":["GET"]}}],"collection":[{"href":"https:\/\/travelshelper.com\/fr\/wp-json\/wp\/v2\/pages"}],"about":[{"href":"https:\/\/travelshelper.com\/fr\/wp-json\/wp\/v2\/types\/page"}],"author":[{"embeddable":true,"href":"https:\/\/travelshelper.com\/fr\/wp-json\/wp\/v2\/users\/1"}],"replies":[{"embeddable":true,"href":"https:\/\/travelshelper.com\/fr\/wp-json\/wp\/v2\/comments?post=13177"}],"version-history":[{"count":0,"href":"https:\/\/travelshelper.com\/fr\/wp-json\/wp\/v2\/pages\/13177\/revisions"}],"up":[{"embeddable":true,"href":"https:\/\/travelshelper.com\/fr\/wp-json\/wp\/v2\/pages\/13090"}],"wp:featuredmedia":[{"embeddable":true,"href":"https:\/\/travelshelper.com\/fr\/wp-json\/wp\/v2\/media\/4260"}],"wp:attachment":[{"href":"https:\/\/travelshelper.com\/fr\/wp-json\/wp\/v2\/media?parent=13177"}],"curies":[{"name":"wp","href":"https:\/\/api.w.org\/{rel}","templated":true}]}}