{"id":13135,"date":"2024-09-17T13:11:32","date_gmt":"2024-09-17T13:11:32","guid":{"rendered":"https:\/\/travelshelper.com\/staging\/?page_id=13135"},"modified":"2026-03-12T23:31:58","modified_gmt":"2026-03-12T23:31:58","slug":"malaga","status":"publish","type":"page","link":"https:\/\/travelshelper.com\/fr\/destinations\/europe\/spain\/malaga\/","title":{"rendered":"Malaga"},"content":{"rendered":"<p>Malaga, capitale de la province \u00e9ponyme d&#039;Andalousie, se pr\u00e9sente en 2024 comme une municipalit\u00e9 de 591 637 habitants r\u00e9partie sur la c\u00f4te sud ib\u00e9rique, son empreinte urbaine embrass\u00e9e par la mer d&#039;Alboran au sud et les Montes de Malaga au nord-est ; situ\u00e9e sur la Costa del Sol (\u00ab C\u00f4te du Soleil \u00bb), \u00e0 environ 100 kilom\u00e8tres \u00e0 l&#039;est du d\u00e9troit de Gibraltar et \u00e0 130 kilom\u00e8tres au nord de l&#039;Afrique, elle occupe un lieu strat\u00e9gique \u00e0 la jonction des fleuves Guadalmedina et Guadalhorce, le premier coupant en deux son ancien noyau et le second tra\u00e7ant la limite de son expansion moderne.<\/p>\n<p>Depuis sa fondation par des marins ph\u00e9niciens de Tyr vers 770 av. J.-C. \u2013 sous le nom de Malaka \u2013 la ville a t\u00e9moign\u00e9 de plusieurs strates de civilisation qui ont marqu\u00e9 ses pierres et son esprit. Sous l&#039;h\u00e9g\u00e9monie carthaginoise au VIe si\u00e8cle av. J.-C., elle servit de carrefour d&#039;\u00e9changes m\u00e9diterran\u00e9ens\u00a0; en 218 av. J.-C., la domination romaine lui avait apport\u00e9 une prosp\u00e9rit\u00e9 \u00e9conomique sans pr\u00e9c\u00e9dent, principalement gr\u00e2ce \u00e0 l&#039;industrie du garum qui permettait d&#039;acheminer la sauce de poisson sal\u00e9e de la ville vers les tables de l&#039;empire. Apr\u00e8s un bref interr\u00e8gne wisigothique et byzantin, le VIIIe si\u00e8cle marqua le d\u00e9but de la domination islamique, durant laquelle Malaga \u2013 rebaptis\u00e9e M\u0101laqa \u2013 prosp\u00e9ra au sein d&#039;al-Andalus, ses fortifications et ses ouvrages d&#039;irrigation t\u00e9moignant de l&#039;ing\u00e9niosit\u00e9 de ses gouverneurs. La Reconquista culmina en 1487 lorsque la Couronne de Castille prit le contr\u00f4le de la ville dans les derniers soubresauts de la guerre de Grenade, marquant le d\u00e9but d&#039;un nouveau chapitre de transformations religieuses, politiques et architecturales.<\/p>\n<p>Au XIXe si\u00e8cle, l&#039;industrialisation avait engendr\u00e9 un dynamisme industriel et portuaire, avant de sombrer dans le d\u00e9clin socio-\u00e9conomique des derni\u00e8res d\u00e9cennies, marqu\u00e9 par l&#039;\u00e9volution du commerce mondial et de la gouvernance locale. Pourtant, la r\u00e9silience de la ville se manifeste par sa renaissance au XXIe si\u00e8cle\u00a0: le tourisme, la construction et les services technologiques constituent d\u00e9sormais ses principaux piliers \u00e9conomiques, soutenus par l&#039;essor des entreprises de transport et de logistique. Le parc technologique d&#039;Andalousie \u2013 M\u00e1laga TechPark \u2013 a cristallis\u00e9 l&#039;\u00e9mergence de la ville comme p\u00f4le technologique, accueillant des multinationales et des incubateurs depuis son inauguration en 1992 par le roi d&#039;Espagne. Parall\u00e8lement, le si\u00e8ge d&#039;Unicaja ancre Malaga comme le centre n\u00e9vralgique financier de l&#039;Andalousie, tandis que son classement au quatri\u00e8me rang des villes les plus actives \u00e9conomiquement en Espagne \u2013 derri\u00e8re Madrid, Barcelone et Valence \u2013 t\u00e9moigne d&#039;une diversification qui contredit toute id\u00e9e de simple station baln\u00e9aire ensoleill\u00e9e.<\/p>\n<p>G\u00e9ographiquement, Malaga se caract\u00e9rise par son environnement marin et montagneux. Au nord-est, le syst\u00e8me p\u00e9nib\u00e9tique s&#039;\u00e9l\u00e8ve sous la forme des Montes de Malaga, dont le sommet, le Pico Reina, culmine \u00e0 1\u00a0031 m\u00e8tres d&#039;altitude, ses flancs accident\u00e9s canalisant l&#039;air frais qui temp\u00e8re les frimas hivernaux. \u00c0 l&#039;est de la municipalit\u00e9, le ruisseau Total\u00e1n d\u00e9limite la fronti\u00e8re avec Rinc\u00f3n de la Victoria, tandis que le Guadalmedina forge une art\u00e8re \u00e0 travers le centre-ville, sa rive gauche enserrant les quartiers les plus anciens entre les pentes de la colline de Gibralfaro et les fondations de la forteresse de l&#039;Alcazaba. Gibralfaro, une colline de 130 m\u00e8tres couronn\u00e9e par un ch\u00e2teau du XIVe si\u00e8cle, surplombe Malaga, reli\u00e9e \u00e0 l&#039;Alcazaba nasride par une muraille fortifi\u00e9e, symbole durable du patrimoine militaire de la ville.<\/p>\n<p>Le climat y suit le mod\u00e8le m\u00e9diterran\u00e9en \u00e0 \u00e9t\u00e9s chauds (K\u00f6ppen Csa), avec des hivers remarquablement doux \u2013 des maxima quotidiens moyens de 17 \u00e0 18 \u00b0C de d\u00e9cembre \u00e0 f\u00e9vrier \u2013 et des \u00e9t\u00e9s oscillant entre chaleur et influence mod\u00e9ratrice des brises m\u00e9diterran\u00e9ennes. L&#039;humidit\u00e9 saisonni\u00e8re culmine \u00e0 la fin de l&#039;\u00e9t\u00e9 et au d\u00e9but de l&#039;automne, lorsque les eaux marines r\u00e9chauff\u00e9es c\u00e8dent leur humidit\u00e9 aux vents du large\u00a0; lorsque ces vents s&#039;affaiblissent, l&#039;air peut sembler plus lourd que ne le sugg\u00e8re le thermom\u00e8tre, tandis que des rafales plus fortes r\u00e9tablissent une chaleur plus supportable. Malaga b\u00e9n\u00e9ficie d&#039;environ 300 jours d&#039;ensoleillement par an, ponctu\u00e9s de quarante \u00e0 quarante-cinq jours de pr\u00e9cipitations au maximum, et affiche le r\u00e9gime hivernal le plus chaud de toutes les villes europ\u00e9ennes de plus d&#039;un demi-million d&#039;habitants \u2013 un fait d\u00fb en partie \u00e0 la pr\u00e9sence abrit\u00e9e des sierras environnantes. Les temp\u00e9ratures annuelles moyennes s&#039;\u00e9l\u00e8vent \u00e0 23,6 \u00b0C le jour et 14,2 \u00b0C la nuit\u00a0; En janvier, les temp\u00e9ratures oscillent entre 14 et 20 \u00b0C en journ\u00e9e, descendant \u00e0 5-10 \u00b0C apr\u00e8s le cr\u00e9puscule, tandis qu&#039;en ao\u00fbt, elles montent \u00e0 26-34 \u00b0C sous le soleil et restent au-dessus de 20 \u00b0C la nuit, la mer elle-m\u00eame se stabilisant \u00e0 une temp\u00e9rature invitante de 23 \u00b0C.<\/p>\n<p>Le patrimoine de Malaga s&#039;exprime pleinement dans ses vestiges arch\u00e9ologiques et architecturaux. Dans les galeries souterraines du Mus\u00e9e Picasso de Malaga se trouvent des fragments de remparts ph\u00e9niciens \u2013 les remparts primordiaux de la ville \u2013 tandis qu&#039;au pied de l&#039;Alcazaba, le th\u00e9\u00e2tre romain du Ier si\u00e8cle av. J.-C., d\u00e9couvert en 1951, retrouve son r\u00f4le de seuil \u00e9vocateur de l&#039;Antiquit\u00e9. S&#039;\u00e9levant au-dessus de ces vestiges, les forteresses jumel\u00e9es de l&#039;Alcazaba et de Gibralfaro articulent un sch\u00e9ma d\u00e9fensif compos\u00e9 de courtines quadrangulaires, de tours rectangulaires et d&#039;entr\u00e9es \u00e0 axe coud\u00e9\u00a0; \u00e0 l&#039;int\u00e9rieur, le palais du gouverneur de la premi\u00e8re conserve une cour entour\u00e9e de portes \u00e0 triple arche et de chambres qui conservent encore des vestiges de leur ornementation nasride. Un mirador du XIe si\u00e8cle, d&#039;une superficie maximale de 2,5 m\u00e8tres carr\u00e9s et encadr\u00e9 d&#039;arches festonn\u00e9es \u00e0 cinq lobes, offre une vue imprenable sur les oliviers et les pins qui tapissent les pentes. En contrebas, un puits cyclop\u00e9en plonge d&#039;une quarantaine de m\u00e8tres dans la roche, tandis que les vestiges de hammams et d&#039;ateliers \u00e9voquent les rituels quotidiens de la Malaga m\u00e9di\u00e9vale.<\/p>\n<p>La vie spirituelle post-Reconquista a \u00e9galement investi ces lieux\u00a0: l\u2019\u00e9glise Santiago, exemple du style vernaculaire gothique-mud\u00e9jar, int\u00e8gre des motifs islamiques dans ses arcs bris\u00e9s, et l\u2019\u00e9glise adjacente del Sagrario s\u2019\u00e9l\u00e8ve sur l\u2019emprise de l\u2019ancienne mosqu\u00e9e, son portail gothique-isab\u00e9lin richement sculpt\u00e9 t\u00e9moignant du z\u00e8le transitionnel des m\u00e9c\u00e8nes du XVIe\u00a0si\u00e8cle. Ailleurs, la cath\u00e9drale de l\u2019Incarnation, con\u00e7ue comme un mod\u00e8le de sym\u00e9trie Renaissance, a \u00e9merg\u00e9 avec des fioritures baroques lorsque les exigences budg\u00e9taires ont restreint son plan initial, tandis que le palais \u00e9piscopal, con\u00e7u dans le m\u00eame style, pr\u00e9sente une hybridit\u00e9 stylistique similaire. \u00c0 quelques p\u00e2t\u00e9s de maisons de l\u00e0, la basilique et sanctuaire royal de Santa Mar\u00eda de la Victoria, \u00e9rig\u00e9e \u00e0 la fin du XVIIe\u00a0si\u00e8cle, enveloppe son int\u00e9rieur de stucs baroques \u00e9labor\u00e9s, cr\u00e9ant des volumes verticaux \u00e0 la fois impressionnants et solennels.<\/p>\n<p>Au-del\u00e0 de ces monuments, la tapisserie urbaine de Malaga est travers\u00e9e par des vestiges de chaque \u00e9poque : fondations byzantines, fragments wisigothiques, reconstructions arabes et r\u00e9novations espagnoles fusionnent dans les murs de la ville survivants ; des monuments eccl\u00e9siastiques tels que les \u00e9glises du Sacr\u00e9-C\u0153ur, de San Felipe Neri et des Saints Martyrs t\u00e9moignent du pluralisme d\u00e9votionnel de la ville ; le jardin botanique de la Concepci\u00f3n, ses all\u00e9es ombrag\u00e9es par des plantes exotiques subtropicales, offre un contrepoint de s\u00e9r\u00e9nit\u00e9 cultiv\u00e9e ; tandis que le march\u00e9 d&#039;Atarazanas, install\u00e9 dans une structure en fer et en verre du XIXe si\u00e8cle, regorge de produits et de poissons sal\u00e9s qui relient le commerce pass\u00e9 \u00e0 l&#039;app\u00e9tit actuel.<\/p>\n<p>Le visiteur contemplatif peut s&#039;attarder au cimeti\u00e8re anglican Saint-Georges, fond\u00e9 en 1831 comme premier lieu de s\u00e9pulture non catholique romain sur le continent espagnol, ou au cimeti\u00e8re San Miguel, o\u00f9 des \u00e9pitaphes relatent des r\u00e9cits d&#039;exil et de retour. La promenade du front de mer s&#039;\u00e9tend de l&#039;esplanade bord\u00e9e de palmiers jusqu&#039;au Muelle Uno, o\u00f9 les yachts de plaisance accostent \u00e0 c\u00f4t\u00e9 d&#039;entrep\u00f4ts r\u00e9nov\u00e9s, et au-del\u00e0 jusqu&#039;aux ar\u00e8nes de La Malagueta, dont la fa\u00e7ade du XIXe si\u00e8cle demeure un lieu de tradition controvers\u00e9e. \u00c0 l&#039;est, l&#039;ancien hameau de p\u00eacheurs de Pedregalejo a conserv\u00e9 ses maisons aux toits bas, leurs fa\u00e7ades tourn\u00e9es vers le lever du soleil sur les chiringuitos o\u00f9 les espetos de sardines gr\u00e9sillent encore sur des braises. La rue Marqu\u00e9s de Larios, principale art\u00e8re commerciale de la ville, pr\u00e9sente une s\u00e9quence de fa\u00e7ades du XIXe si\u00e8cle sous des balcons en fer forg\u00e9, une promenade d&#039;opulence qui contraste avec les pierres plus humbles du vieux quartier.<\/p>\n<p>Sur le plan d\u00e9mographique, Malaga a connu une forte croissance, passant de 68\u00a0271 habitants en 1842 \u00e0 591\u00a0637 aujourd&#039;hui, absorbant des vagues de migrants venus d&#039;Espagne et d&#039;ailleurs. Le nombre de r\u00e9sidents \u00e9trangers \u2013 43\u00a0563 en 2018, pour atteindre 52\u00a0334 en 2022 \u2013 refl\u00e8te une forte croissance cosmopolite\u00a0: les plus importants contingents proviennent du Maroc et d&#039;Ukraine, suivis par des communaut\u00e9s d&#039;origine chinoise, paraguayenne, italienne, colombienne et v\u00e9n\u00e9zu\u00e9lienne, entre autres. Ce m\u00e9lange enrichit le tissu social, animant festivals culturels, offres culinaires et le bourdonnement multilingue de la vie quotidienne.<\/p>\n<p>L&#039;orbite m\u00e9tropolitaine de Malaga s&#039;\u00e9tend bien au-del\u00e0 des limites municipales. Le long d&#039;un corridor c\u00f4tier et montagneux de 827,33 kilom\u00e8tres carr\u00e9s, quelque 1\u00a0066\u00a0532 habitants convergent, avec une densit\u00e9 de 1\u00a0289 habitants au kilom\u00e8tre carr\u00e9. Ce chiffre atteint environ 1,3 million en incluant des villes comme Torremolinos, Benalm\u00e1dena, Fuengirola, Mijas, Marbella et leur arri\u00e8re-pays, et pourrait atteindre 1,6 million selon les estimations locales. Chaque ann\u00e9e, la ville conna\u00eet une croissance progressive, les urbanistes et les promoteurs trouvant le juste \u00e9quilibre entre pr\u00e9servation et expansion.<\/p>\n<p>L&#039;investissement culturel est devenu une condition sine qua non de la strat\u00e9gie de Malaga pour le XXIe si\u00e8cle. Plus de cent millions d\u2019euros consacr\u00e9s aux arts sur une d\u00e9cennie ont permis de financer vingt-huit mus\u00e9es, du mus\u00e9e municipal de M\u00e1laga, install\u00e9 dans un s\u00e9minaire baroque restaur\u00e9, au mus\u00e9e des beaux-arts et d\u2019arch\u00e9ologie de M\u00e1laga, h\u00e9berg\u00e9 dans le palais n\u00e9oclassique de la Aduana. Le mus\u00e9e Carmen Thyssen, ouvert en 2011 au Palacio de Villal\u00f3n, juxtapose les traditions de la peinture espagnole ; le Mus\u00e9e Picasso M\u00e1laga, install\u00e9 depuis 2003 dans le Palacio de los Condes de Buenavista du XVIe si\u00e8cle, retrace l&#039;\u00e9volution de son fils natal\u00a0; et le Centre Pompidou M\u00e1laga, inaugur\u00e9 en 2015 au sein du b\u00e2timent de verre et d&#039;acier \u00ab El Cubo \u00bb, met en sc\u00e8ne des provocations modernistes. Des institutions parall\u00e8les \u2013 la Fondation Picasso et le Mus\u00e9e de la Maison Natale de Picasso \u2013 jettent un \u00e9clairage compl\u00e9mentaire sur les origines du peintre, tandis que la Colecci\u00f3n del Museo Ruso, \u00e9galement ouverte en 2015 \u00e0 la Tabacalera, relie Malaga \u00e0 l&#039;Ermitage de Saint-P\u00e9tersbourg. Le Mus\u00e9e Jorge Rando, consacr\u00e9 \u00e0 l&#039;expressionnisme, a vu le jour la m\u00eame ann\u00e9e, et des lieux de m\u00e9moire v\u00e9n\u00e9rables comme le Museo de Artes y Costumbres Populares demeurent les gardiens de l&#039;ethnographie andalouse. Le Centro de Arte Contempor\u00e1neo de M\u00e1laga (CAC M\u00e1laga), inaugur\u00e9 en 2003 pr\u00e8s de la gare d&#039;Alameda, a ferm\u00e9 pour r\u00e9novation le 8 septembre 2024 sans date de r\u00e9ouverture annonc\u00e9e, soulignant la gestion parfois tendue des espaces d&#039;avant-garde par la ville.<\/p>\n<p>La connectivit\u00e9 renforce le r\u00f4le de Malaga comme porte d&#039;entr\u00e9e vers la Costa del Sol. L&#039;a\u00e9roport de Malaga-Costa del Sol, l&#039;un des plus anciens a\u00e9rodromes commerciaux d&#039;Espagne et le plus ancien du pays en activit\u00e9 continue, a accueilli 12\u00a0813\u00a0472 passagers en 2008, s&#039;imposant comme la quatri\u00e8me plateforme la plus fr\u00e9quent\u00e9e du pays\u00a0; il transporte aujourd&#039;hui 85\u00a0% du trafic international d&#039;Andalousie, reliant la ville \u00e0 plus d&#039;une centaine de destinations urbaines en Europe (du Royaume-Uni \u00e0 l&#039;Europe de l&#039;Est), en Afrique du Nord, au Moyen-Orient (dont Riyad, Djeddah et le Kowe\u00eft) et en Am\u00e9rique du Nord (notamment New York, Toronto et Montr\u00e9al). Un p\u00f4le d&#039;\u00e9changes \u2013 comprenant des bus, des trains de banlieue et des parkings \u2013 assure une liaison fluide vers le centre-ville et au-del\u00e0, tandis que la liaison ferroviaire avec le r\u00e9seau espagnol \u00e0 grande vitesse en plein essor, inaugur\u00e9e en 2007, a r\u00e9duit les temps de trajet vers Madrid et Barcelone. Le port de Malaga conserve son h\u00e9ritage ancestral \u2013 fonctionnant sans interruption depuis le VIIe si\u00e8cle avant J.-C. \u2013 et a trait\u00e9 en 2008 428\u00a0623 EVP de marchandises et 642\u00a0529 passagers\u00a0; sa ligne de ferry vers Melilla fait partie de l&#039;op\u00e9ration saisonni\u00e8re \u00ab\u00a0Paso del Estrecho\u00a0\u00bb, au cours de laquelle des centaines de milliers de personnes traversent la fronti\u00e8re entre l&#039;Europe et l&#039;Afrique du Nord. Des axes routiers comme l&#039;A-45, menant \u00e0 Antequera et Cordoue, et l&#039;autoroute A-7, qui longe la N-340 le long de la Costa del Sol occidentale et orientale, int\u00e8grent Malaga au r\u00e9seau art\u00e9riel de la p\u00e9ninsule.<\/p>\n<p>Souvent d\u00e9crite comme une station baln\u00e9aire baign\u00e9e de soleil \u2013 o\u00f9 les plages vous appellent, les sentiers de randonn\u00e9e grimpent jusqu&#039;aux hauteurs bord\u00e9es de pins et les boutiques bordent les promenades pi\u00e9tonnes \u2013, la v\u00e9ritable essence de Malaga r\u00e9side dans l&#039;interaction entre son histoire et sa g\u00e9ographie, ses traditions et ses ambitions. Moins fr\u00e9n\u00e9tique que Madrid ou Barcelone, elle exerce n\u00e9anmoins un attrait magn\u00e9tique, \u00e0 la fois phare culturel et p\u00f4le logistique. Sa vieille ville offre une rencontre intime avec des si\u00e8cles d&#039;accumulation, et son port et ses nouveaux quartiers tracent la trajectoire de la ville vers un avenir qui honore son pass\u00e9 sans s&#039;y limiter. Sur chaque place, chaque \u00e9peron de muraille antique ou chaque \u00e9tendue de sable dor\u00e9, Malaga orchestre un dialogue entre les \u00e9poques \u2013 chaque phrase de son r\u00e9cit urbain r\u00e9sonnant du poids de l&#039;effort humain et de la promesse d&#039;une r\u00e9invention.<\/p>","protected":false},"excerpt":{"rendered":"<p>Malaga est une municipalit\u00e9 situ\u00e9e sur la c\u00f4te sud de l&#039;Espagne, capitale de la province de Malaga, dans la communaut\u00e9 autonome d&#039;Andalousie. Avec une population de 578\u00a0460 habitants en 2020, elle se classe au sixi\u00e8me rang des villes d&#039;Espagne et au deuxi\u00e8me rang des villes d&#039;Andalousie. Strat\u00e9giquement situ\u00e9e dans le sud de la p\u00e9ninsule Ib\u00e9rique, ce joyau c\u00f4tier orne la c\u00e9l\u00e8bre Costa del Sol (\u00ab\u00a0C\u00f4te du Soleil\u00a0\u00bb) le long de la mer M\u00e9diterran\u00e9e. Occupant \u00e0 l&#039;origine la rive gauche du Guadalhorce et s&#039;\u00e9tendant entre la majestueuse colline du Gibralfaro et le Guadalmedina, le c\u0153ur urbain de la ville s&#039;est historiquement d\u00e9velopp\u00e9 dans un contexte g\u00e9ographique unique.<\/p>","protected":false},"author":1,"featured_media":3383,"parent":13090,"menu_order":0,"comment_status":"closed","ping_status":"closed","template":"elementor_theme","meta":{"_eb_attr":"","footnotes":""},"class_list":["post-13135","page","type-page","status-publish","has-post-thumbnail"],"_links":{"self":[{"href":"https:\/\/travelshelper.com\/fr\/wp-json\/wp\/v2\/pages\/13135","targetHints":{"allow":["GET"]}}],"collection":[{"href":"https:\/\/travelshelper.com\/fr\/wp-json\/wp\/v2\/pages"}],"about":[{"href":"https:\/\/travelshelper.com\/fr\/wp-json\/wp\/v2\/types\/page"}],"author":[{"embeddable":true,"href":"https:\/\/travelshelper.com\/fr\/wp-json\/wp\/v2\/users\/1"}],"replies":[{"embeddable":true,"href":"https:\/\/travelshelper.com\/fr\/wp-json\/wp\/v2\/comments?post=13135"}],"version-history":[{"count":0,"href":"https:\/\/travelshelper.com\/fr\/wp-json\/wp\/v2\/pages\/13135\/revisions"}],"up":[{"embeddable":true,"href":"https:\/\/travelshelper.com\/fr\/wp-json\/wp\/v2\/pages\/13090"}],"wp:featuredmedia":[{"embeddable":true,"href":"https:\/\/travelshelper.com\/fr\/wp-json\/wp\/v2\/media\/3383"}],"wp:attachment":[{"href":"https:\/\/travelshelper.com\/fr\/wp-json\/wp\/v2\/media?parent=13135"}],"curies":[{"name":"wp","href":"https:\/\/api.w.org\/{rel}","templated":true}]}}