{"id":13090,"date":"2024-09-17T12:22:17","date_gmt":"2024-09-17T12:22:17","guid":{"rendered":"https:\/\/travelshelper.com\/staging\/?page_id=13090"},"modified":"2026-03-12T23:26:32","modified_gmt":"2026-03-12T23:26:32","slug":"espagne","status":"publish","type":"page","link":"https:\/\/travelshelper.com\/fr\/destinations\/europe\/spain\/","title":{"rendered":"Espagne"},"content":{"rendered":"<p>L&#039;Espagne se pr\u00e9sente comme une \u00e9tendue de 505 992 kilom\u00e8tres carr\u00e9s en Europe du Sud et de l&#039;Ouest - \u00e9tendant sa souverainet\u00e9 sur la majeure partie de la p\u00e9ninsule ib\u00e9rique, les archipels des Bal\u00e9ares et des Canaries et les enclaves autonomes de Ceuta et Melilla en Afrique du Nord - et, avec une population estim\u00e9e \u00e0 49 153 849 habitants en 2025, se classe au quatri\u00e8me rang des \u00c9tats membres les plus peupl\u00e9s de l&#039;Union europ\u00e9enne ; sa capitale, Madrid, ancre une constellation de grandes villes dont Barcelone, Valence, S\u00e9ville, Saragosse, Malaga, Murcie et Palma de Majorque, chacune contribuant \u00e0 la tapisserie d\u00e9mographique dynamique du pays.<\/p>\n<p>Depuis ses premi\u00e8res cartographies en tant qu&#039;entit\u00e9 politique transcontinentale \u00e0 cheval entre l&#039;Europe et l&#039;Afrique, la topographie de l&#039;Espagne a exerc\u00e9 une fascination durable sur les cartographes et les voyageurs. Les Pyr\u00e9n\u00e9es y dessinent une formidable fronti\u00e8re nord-est avec la France et Andorre, tandis qu&#039;une longue fronti\u00e8re ininterrompue de 1\u00a0214 kilom\u00e8tres \u00e0 l&#039;ouest d\u00e9finit sa fronti\u00e8re commune avec le Portugal. Le Massif ib\u00e9rique, avec ses hauts plateaux \u2013 connus sous le nom de Meseta Central \u2013 s\u00e9par\u00e9s par le Syst\u00e8me Central, c\u00e8de progressivement la place \u00e0 la Cordill\u00e8re Cantabrique au nord et au Syst\u00e8me B\u00e9tique au sud, o\u00f9 le sommet du Mulhac\u00e9n, culminant \u00e0 3\u00a0478 m\u00e8tres, et le pic volcanique actif du Teide, culminant \u00e0 3\u00a0718 m\u00e8tres, se dressent comme des t\u00e9moignages monumentaux des forces g\u00e9ologiques. Des fleuves comme le Tage, l&#039;\u00c8bre, le Guadiana et le Guadalquivir creusent des vall\u00e9es fertiles et des plaines alluviales \u2013 dont la plus grande traverse l&#039;Andalousie \u2013 reliant le territoire \u00e0 un r\u00e9seau de voies navigables qui ont soutenu les civilisations successives. Au-del\u00e0 de celles-ci se trouvent les \u00eeles dispers\u00e9es de la mer des Bal\u00e9ares et de l&#039;Atlantique, parmi lesquelles Majorque, Minorque, Tenerife, Gran Canaria, Lanzarote et Fuerteventura, chacune dot\u00e9e de structures de gouvernance autonomes qui refl\u00e8tent la reconnaissance des particularit\u00e9s insulaires par la Constitution espagnole.<\/p>\n<p>Sur le plan climatique, l&#039;Espagne pr\u00e9sente une \u00e9tonnante diversit\u00e9 de zones. Le type m\u00e9diterran\u00e9en pr\u00e9domine dans les r\u00e9gions d&#039;Andalousie, d&#039;Estr\u00e9madure et de Castille, o\u00f9 les \u00e9t\u00e9s sont chauds (Csa), et dans les enclaves d&#039;\u00e9t\u00e9 chaud (Csb) des plateaux du centre-nord et des r\u00e9gions pluvieuses de Galice. Les \u00e9tendues semi-arides couvrent le sud-est de Murcie et les territoires valenciens, tandis que le r\u00e9gime oc\u00e9anique Cfb temp\u00e8re le verdoyant Pays basque, la Cantabrie, les Asturies et certaines parties de la Galice et de la Navarre. \u00c0 plus haute altitude, les variantes alpines et continentales s&#039;affirment, et les basses terres arides des \u00eeles Canaries, dont les mois les plus frais d\u00e9passent en moyenne 18 \u00b0C, se rapprochent d&#039;une sensibilit\u00e9 tropicale tout en restant class\u00e9es dans les limites arides en raison de l&#039;aridit\u00e9 ambiante. Les inqui\u00e9tudes croissantes concernant les changements climatiques ont incit\u00e9 l&#039;Espagne \u00e0 opter pour des sources d&#039;\u00e9nergie solaire et \u00e9olienne, motiv\u00e9es par des projections de vagues de chaleur plus fr\u00e9quentes, d&#039;\u00e9pisodes de s\u00e9cheresse exacerb\u00e9s et de pressions sur les ressources en eau qui pourraient red\u00e9finir les mod\u00e8les agricoles et les \u00e9quilibres hydrologiques.<\/p>\n<p>Depuis la promulgation de sa Constitution de 1978, l&#039;Espagne est devenue une d\u00e9mocratie parlementaire la\u00efque sous une monarchie constitutionnelle dirig\u00e9e par le roi Felipe VI. Cet \u00ab \u00c9tat des autonomies \u00bb accorde une large autonomie l\u00e9gislative et ex\u00e9cutive \u00e0 dix-sept communaut\u00e9s autonomes et deux villes autonomes, certaines d&#039;entre elles \u2013 le Pays basque et la Navarre \u2013 conservant l&#039;int\u00e9gralit\u00e9 de leurs pr\u00e9rogatives fiscales ancr\u00e9es dans des chartes forales. Chaque communaut\u00e9, organis\u00e9e en provinces puis en municipalit\u00e9s, administre la sant\u00e9 et l&#039;\u00e9ducation et, dans plusieurs cas, commande des forces de police d\u00e9di\u00e9es \u2013 l&#039;Ertzaintza du Pays basque, les Mossos d&#039;Esquadra de Catalogne et la Polic\u00eda Canaria, entre autres \u2013 soulignant la d\u00e9centralisation asym\u00e9trique qui caract\u00e9rise la gouvernance fortement d\u00e9centralis\u00e9e de l&#039;Espagne. Malgr\u00e9 cela, les comp\u00e9tences nationales demeurent, soutenues par un cadre constitutionnel solide con\u00e7u pour \u00e9quilibrer unit\u00e9 et diversit\u00e9 r\u00e9gionale.<\/p>\n<p>Sur le plan \u00e9conomique, l&#039;Espagne occupe la douzi\u00e8me place mondiale en termes de produit int\u00e9rieur brut nominal \u2013 d\u00e9passant mille milliards de dollars par an \u2013 et se classe au quatri\u00e8me rang des \u00e9conomies de la zone euro. Un mod\u00e8le de march\u00e9 mixte, int\u00e9grant des dispositifs de protection sociale et une intervention strat\u00e9gique de l&#039;\u00c9tat, sous-tend une base industrielle diversifi\u00e9e, le secteur automobile incarnant son orientation exportatrice\u00a0: en 2023, l&#039;Espagne a fabriqu\u00e9 2,45 millions de v\u00e9hicules, exportant plus de 2,1 millions d&#039;unit\u00e9s et repr\u00e9sentant 18\u00a0% des exportations nationales\u00a0; l&#039;exc\u00e9dent ext\u00e9rieur r\u00e9sultant de 18,8 milliards d&#039;euros a renforc\u00e9 le soutien du secteur \u00e0 pr\u00e8s de deux millions d&#039;emplois, soit environ 9\u00a0% de la population active. Parall\u00e8lement, la classification de l&#039;Espagne comme \u00e9conomie avanc\u00e9e par le Fonds mon\u00e9taire international et la d\u00e9signation de pays \u00e0 revenu \u00e9lev\u00e9 par la Banque mondiale refl\u00e8tent une expansion constante\u00a0; en effet, en 2024, elle est apparue comme la grande \u00e9conomie avanc\u00e9e \u00e0 la croissance la plus rapide au monde, avec des taux de croissance pr\u00e8s de quatre fois sup\u00e9rieurs \u00e0 ceux de la zone euro dans son ensemble.<\/p>\n<p>Le tourisme constitue un pilier essentiel du revenu national. L&#039;Espagne a accueilli un nombre impressionnant de 94 millions de visiteurs en 2024 et g\u00e9n\u00e9r\u00e9 quelque 126 milliards d&#039;euros de recettes touristiques internationales. Ses multiples atouts \u2013 des c\u00f4tes ensoleill\u00e9es baignant la M\u00e9diterran\u00e9e et l&#039;Atlantique, des villes charg\u00e9es d&#039;histoire au patrimoine architectural riche et des infrastructures de transport performantes \u2013 ont propuls\u00e9 l&#039;Espagne au deuxi\u00e8me rang mondial des arriv\u00e9es touristiques, devanc\u00e9e uniquement par la France. L&#039;Organisation mondiale du tourisme, dont le si\u00e8ge est \u00e0 Madrid, t\u00e9moigne de la place centrale de l&#039;Espagne dans le discours touristique mondial. Si les mois d&#039;\u00e9t\u00e9 attirent les foules vers les monuments andalous tels que l&#039;Alhambra de Grenade et la Mezquita de Cordoue, les s\u00e9jours hors saison sont particuli\u00e8rement appr\u00e9ci\u00e9s des amateurs de climats plus doux et de fr\u00e9quentation r\u00e9duite, permettant une contemplation des sites monumentaux et des vignobles vallonn\u00e9s de l&#039;int\u00e9rieur.<\/p>\n<p>Le r\u00e9seau de transport espagnol demeure pr\u00e9\u00e9minent en Europe, avec les plus longues lignes ferroviaires \u00e0 grande vitesse du continent (3\u00a0973 kilom\u00e8tres en f\u00e9vrier 2025) reliant Madrid, Barcelone, Valence, S\u00e9ville, Malaga et Saragosse \u00e0 des vitesses op\u00e9rationnelles approchant les 330 km\/h. Parmi ses concurrents mondiaux, seul le r\u00e9seau chinois surpasse celui de l&#039;Espagne en longueur, et la ponctualit\u00e9 r\u00e9put\u00e9e du service \u00e0 grande vitesse espagnol (98,5\u00a0% de ponctualit\u00e9) le place au deuxi\u00e8me rang apr\u00e8s le Shinkansen japonais. Le r\u00e9seau routier, coordonn\u00e9 de mani\u00e8re centralis\u00e9e, rayonne depuis Madrid par six autoroutes principales, compl\u00e9t\u00e9es par des axes routiers longeant les littoraux atlantique, cantabrique et m\u00e9diterran\u00e9en. L&#039;infrastructure a\u00e9rienne comprend 47 a\u00e9roports publics, dont Madrid-Barajas qui accueillera 60 millions de passagers en 2023, se classant au quinzi\u00e8me rang mondial et au troisi\u00e8me rang de l&#039;Union europ\u00e9enne, et Barcelone-El Prat qui accueillera 50 millions de voyageurs.<\/p>\n<p>Sur le plan d\u00e9mographique, la densit\u00e9 de population de l&#039;Espagne, avec 97 habitants au kilom\u00e8tre carr\u00e9, est inf\u00e9rieure \u00e0 celle de la plupart des pays d&#039;Europe occidentale, sa r\u00e9partition \u00e9tant fortement concentr\u00e9e sur les corridors c\u00f4tiers et l&#039;agglom\u00e9ration madril\u00e8ne. Le taux de f\u00e9condit\u00e9, cependant, a baiss\u00e9 \u00e0 1,12 enfant par femme en 2023 \u2013 bien en de\u00e7\u00e0 du seuil de remplacement \u2013 \u200b\u200bet conf\u00e8re \u00e0 l&#039;Espagne l&#039;une des populations les plus \u00e2g\u00e9es au monde, avec un \u00e2ge m\u00e9dian de 43,1 ans. Les Espagnols de souche constituent environ 80,7 % des r\u00e9sidents, tandis que les immigrants \u2013 repr\u00e9sentant plus de 19 % de la population \u2013 viennent principalement d&#039;Am\u00e9rique latine (39 %), d&#039;Afrique du Nord (16 %) et d&#039;Europe de l&#039;Est (15 %), avec des flux suppl\u00e9mentaires d&#039;Afrique subsaharienne et d&#039;Asie. Cette mosa\u00efque d\u00e9mographique, enrichie par des liens diasporiques de longue date et un pluralisme culturel, a impr\u00e9gn\u00e9 les centres urbains espagnols d&#039;une h\u00e9t\u00e9rog\u00e9n\u00e9it\u00e9 linguistique, culinaire et sociale.<\/p>\n<p>Le tissu culturel espagnol est \u00e9troitement li\u00e9 \u00e0 des mill\u00e9naires de courants religieux, imp\u00e9riaux et artistiques. L&#039;\u00c9glise catholique, au c\u0153ur de l&#039;identit\u00e9 m\u00e9di\u00e9vale et moderne de la p\u00e9ninsule, a l\u00e9gu\u00e9 un h\u00e9ritage architectural de cath\u00e9drales, de monast\u00e8res et de traditions processionnelles. Les influences mauresques perdurent dans les palais orn\u00e9s de stuc, notamment l&#039;Alhambra, et dans le style mud\u00e9jar, qui fusionnait les principes esth\u00e9tiques islamiques, chr\u00e9tiens et juifs. L&#039;essor successif des formes Renaissance et baroque a donn\u00e9 naissance \u00e0 de grandioses \u00e9difices religieux \u00e0 Salamanque, S\u00e9ville et \u00dabeda, tandis que le modernisme s&#039;est \u00e9panoui \u00e0 Barcelone au d\u00e9but du XXe si\u00e8cle sous la direction du visionnaire Antoni Gaud\u00ed. Les architectes espagnols contemporains, parmi lesquels Rafael Moneo, Ricardo Bofill et Santiago Calatrava, ont acquis une renomm\u00e9e internationale, rehaussant encore le rayonnement architectural de l&#039;Espagne.<\/p>\n<p>L&#039;expression culinaire espagnole se divise en trois grandes traditions r\u00e9gionales\u00a0: la c\u00f4te m\u00e9diterran\u00e9enne, o\u00f9 pr\u00e9dominent les fruits de mer et les plats de riz comme la paella et l&#039;arr\u00f2s negre\u00a0; la Castille-Inf\u00e9rieure, caract\u00e9ris\u00e9e par de copieux rago\u00fbts comme le cocido madrile\u00f1o et des charcuteries en conserve comme le jambon ib\u00e9rique\u00a0; et le Nord atlantique, o\u00f9 les guisos \u00e0 base de poisson \u2013\u00a0caldo gallego et marmitako notamment\u00a0\u2013 et le jambon lac\u00f3n l\u00e9g\u00e8rement affin\u00e9 c\u00e9l\u00e8brent la g\u00e9n\u00e9rosit\u00e9 oc\u00e9anique. L&#039;huile d&#039;olive du pays, cultiv\u00e9e dans les vergers andalous ensoleill\u00e9s, est le support essentiel de la cuisine et des saveurs. Les festivals ponctuent \u00e9galement le calendrier culturel\u00a0: la procession annuelle de San Ferm\u00edn \u00e0 Pampelune, les festivit\u00e9s de La Tomatina avec le lancer de tomates, les feux d&#039;artifice des Fallas de Valence et les processions de la Semaine sainte en Andalousie illustrent la profondeur des rituels et des fastes communautaires.<\/p>\n<p>L&#039;Espagne urbaine regorge de villes patrimoniales dont les c\u0153urs monumentaux refl\u00e8tent les strates de la conqu\u00eate, du commerce et de la cr\u00e9ativit\u00e9. Les arches rouges et blanches de Cordoue \u00e9voquent la splendeur califale\u00a0; la cath\u00e9drale et l&#039;Alcazar de S\u00e9ville rappellent ses liens portuaires avec les Am\u00e9riques \u00e0 l&#039;\u00e2ge d&#039;or\u00a0; les ruelles sinueuses de Tol\u00e8de, perch\u00e9es au sommet des collines, \u00e9voquent son r\u00f4le m\u00e9di\u00e9val d&#039;ancienne capitale wisigothique puis castillane\u00a0; et Saint-Jacques-de-Compostelle demeure le sanctuaire culminant du chemin de Saint-Jacques, ses fa\u00e7ades romanes refl\u00e9tant une gravit\u00e9 sacr\u00e9e. Au nord, le mus\u00e9e Guggenheim de Bilbao, embl\u00e8me de la renaissance postindustrielle rev\u00eatu de titane, c\u00f4toie le quartier m\u00e9di\u00e9val de Vitoria-Gasteiz\u00a0; le Barri G\u00f2tic de Barcelone offre des clo\u00eetres vo\u00fbt\u00e9s gothiques et des fa\u00e7ades modernistes dans un m\u00eame tableau urbain.<\/p>\n<p>Les mus\u00e9es espagnols, d\u00e9positaires de son patrimoine artistique, couvrent des \u00e9poques vari\u00e9es, des figures allong\u00e9es du Greco aux ruptures cubistes de Picasso, en passant par les distorsions surr\u00e9alistes de Dal\u00ed. Le Prado de Madrid conserve des collections royales, abritant des chefs-d&#039;\u0153uvre de Vel\u00e1zquez, Goya et Rubens, tandis que le mus\u00e9e Reina Sof\u00eda, adjacent, expose des sommit\u00e9s du XXe si\u00e8cle, dont le c\u00e9l\u00e8bre Guernica de Picasso. Le mus\u00e9e Picasso de Barcelone retrace les ann\u00e9es de formation du peintre, et Malaga, ville natale de Picasso, honore son h\u00e9ritage avec des institutions d\u00e9di\u00e9es. Figueres revendique le mus\u00e9e \u00e9ponyme de Dal\u00ed, con\u00e7u par l&#039;artiste lui-m\u00eame, et le Guggenheim de Bilbao, devenu une ic\u00f4ne de l&#039;art et de l&#039;architecture contemporains.<\/p>\n<p>L&#039;Espagne, par l&#039;immensit\u00e9 de son territoire et la richesse de ses traditions, d\u00e9fie toute synth\u00e8se r\u00e9ductrice. Son identit\u00e9 composite \u2013 fa\u00e7onn\u00e9e par les voies romaines, les royaumes wisigoths, les \u00e9mirats islamiques et les cours des Habsbourg \u2013 continue d&#039;\u00e9voluer sous l&#039;effet des forces centrifuges de l&#039;autonomie r\u00e9gionale et de l&#039;attraction centrip\u00e8te de l&#039;unit\u00e9 nationale. La succession des saisons r\u00e9v\u00e8le de nouvelles facettes\u00a0: la brume hivernale sur la Sierra Nevada, l&#039;\u00e9clat printanier des amandiers en fleurs \u00e0 Majorque, les eaux cristallines de la Costa Brava en \u00e9t\u00e9 et la transformation chromatique des vignobles de La Rioja en automne. Dans chaque province et chaque municipalit\u00e9, le patrimoine diversifi\u00e9 de l&#039;Espagne perdure, invitant le voyageur non pas \u00e0 la recherche de secrets mythiques, mais \u00e0 observer d&#039;un \u0153il averti l&#039;interaction durable du pass\u00e9 et du pr\u00e9sent dans une terre qui demeure \u00e9ternellement vivante de son propre h\u00e9ritage historique.<\/p>","protected":false},"excerpt":{"rendered":"<p>L&#039;Espagne, officiellement appel\u00e9e Royaume d&#039;Espagne, est une nation caract\u00e9ris\u00e9e par une diversit\u00e9 remarquable et une importance historique, situ\u00e9e dans le sud-ouest de l&#039;Europe. Occupant la majeure partie de la p\u00e9ninsule Ib\u00e9rique, son emplacement strat\u00e9gique \u00e0 la jonction de l&#039;Europe et de l&#039;Afrique a grandement influenc\u00e9 son d\u00e9veloppement pass\u00e9. Avec une population d&#039;environ 47 millions d&#039;habitants en 2023, l&#039;Espagne est le quatri\u00e8me pays le plus peupl\u00e9 d&#039;Europe du Sud et un \u00c9tat membre de l&#039;Union europ\u00e9enne. Son territoire couvre le continent, les \u00eeles Bal\u00e9ares en M\u00e9diterran\u00e9e, les \u00eeles Canaries dans l&#039;oc\u00e9an Atlantique et les villes souveraines de Ceuta et Melilla sur la c\u00f4te nord-africaine.<\/p>","protected":false},"author":1,"featured_media":3935,"parent":24078,"menu_order":0,"comment_status":"closed","ping_status":"closed","template":"elementor_theme","meta":{"_eb_attr":"","footnotes":""},"class_list":["post-13090","page","type-page","status-publish","has-post-thumbnail"],"_links":{"self":[{"href":"https:\/\/travelshelper.com\/fr\/wp-json\/wp\/v2\/pages\/13090","targetHints":{"allow":["GET"]}}],"collection":[{"href":"https:\/\/travelshelper.com\/fr\/wp-json\/wp\/v2\/pages"}],"about":[{"href":"https:\/\/travelshelper.com\/fr\/wp-json\/wp\/v2\/types\/page"}],"author":[{"embeddable":true,"href":"https:\/\/travelshelper.com\/fr\/wp-json\/wp\/v2\/users\/1"}],"replies":[{"embeddable":true,"href":"https:\/\/travelshelper.com\/fr\/wp-json\/wp\/v2\/comments?post=13090"}],"version-history":[{"count":0,"href":"https:\/\/travelshelper.com\/fr\/wp-json\/wp\/v2\/pages\/13090\/revisions"}],"up":[{"embeddable":true,"href":"https:\/\/travelshelper.com\/fr\/wp-json\/wp\/v2\/pages\/24078"}],"wp:featuredmedia":[{"embeddable":true,"href":"https:\/\/travelshelper.com\/fr\/wp-json\/wp\/v2\/media\/3935"}],"wp:attachment":[{"href":"https:\/\/travelshelper.com\/fr\/wp-json\/wp\/v2\/media?parent=13090"}],"curies":[{"name":"wp","href":"https:\/\/api.w.org\/{rel}","templated":true}]}}