{"id":13072,"date":"2024-09-17T12:09:27","date_gmt":"2024-09-17T12:09:27","guid":{"rendered":"https:\/\/travelshelper.com\/staging\/?page_id=13072"},"modified":"2026-03-12T23:47:06","modified_gmt":"2026-03-12T23:47:06","slug":"andermatt","status":"publish","type":"page","link":"https:\/\/travelshelper.com\/fr\/destinations\/europe\/switzerland\/andermatt\/","title":{"rendered":"Andermatt"},"content":{"rendered":"<p>Andermatt, village de montagne et commune perch\u00e9 \u00e0 1 437 m\u00e8tres d&#039;altitude, occupe une position centrale au sein du massif du Saint-Gothard, servant de lien historique aux travers\u00e9es nord-sud et est-ouest de la Suisse ; avec une population de 1 527 habitants en 2020 et couvrant 62,2 kilom\u00e8tres carr\u00e9s, il se trouve \u00e0 environ 28 kilom\u00e8tres au sud d&#039;Altdorf, la capitale cantonale d&#039;Uri, ancrant les sources de la rivi\u00e8re Reuss dans la vall\u00e9e d&#039;Urseren.<\/p>\n<p>Entour\u00e9 par les sommets des Alpes d&#039;Adula, Andermatt pr\u00e9sente un tableau de terrain alpin dans lequel 40,8 pour cent de ses terres sont utilis\u00e9es \u00e0 des fins agricoles et 5,5 pour cent restent couvertes de for\u00eats, tandis que 52 pour cent restent improductives, d\u00e9finies par des rivi\u00e8res, des glaciers et des pentes abruptes ; cette composition, mesur\u00e9e dans l&#039;enqu\u00eate de 2006, refl\u00e8te une vall\u00e9e fa\u00e7onn\u00e9e par l&#039;activit\u00e9 glaciaire et des si\u00e8cles d&#039;utilisation pastorale, o\u00f9 les prairies alpines c\u00e8dent la place \u00e0 des affleurements rocheux trop accident\u00e9s pour la v\u00e9g\u00e9tation et des couloirs \u00e9troits canalisent la Reuss vers les gorges de Sch\u00f6llenen, une descente abrupte reliant le village \u00e0 G\u00f6schenen et, finalement, \u00e0 l&#039;Urnersee au lac des Quatre-Cantons.<\/p>\n<p>Depuis sa cr\u00e9ation comme corridor reliant les cantons de l&#039;est comme les Grisons (par le col de l&#039;Oberalp \u00e0 2 044 m\u00e8tres) et les r\u00e9gions occidentales comme le Valais (par le col de la Furka \u00e0 2 436 m\u00e8tres) jusqu&#039;\u00e0 son r\u00f4le de liaison avec le Tessin par le col du Saint-Gothard \u00e0 2 106 m\u00e8tres, Andermatt a conserv\u00e9 sa fonction de carrefour depuis le d\u00e9but du XIIIe si\u00e8cle, lorsque l&#039;ouverture de la route de Sch\u00f6llenen a officialis\u00e9 la connexion du Gothard ; ces passages de montagne - en tandem avec les formidables gorges de Sch\u00f6llenen portant le pont du Diable - ont fait du village \u00e0 la fois un point de passage et un gardien du transit alpin.<\/p>\n<p>Fran\u00e7ais Des preuves arch\u00e9ologiques indiquent une pr\u00e9sence humaine dans la vall\u00e9e d&#039;Urseren d\u00e8s 4000 avant J.-C., avec des artefacts n\u00e9olithiques attestant de l&#039;installation de peuples de chasseurs-cueilleurs ; pendant la domination romaine, la haute vall\u00e9e abritait probablement des tribus celtiques helv\u00e9tiques, bien que les fondations de l&#039;Andermatt actuelle remontent aux migrants Walser al\u00e9maniques qui, en cherchant des p\u00e2turages et un refuge en haute altitude, ont \u00e9tabli des hameaux qui se sont regroup\u00e9s autour d&#039;une modeste paroisse mentionn\u00e9e en 1203 comme \u00ab de Prato \u00bb et plus tard, en 1290, comme \u00ab A der Matte \u00bb.<\/p>\n<p>L&#039;affiliation \u00e0 l&#039;abbaye b\u00e9n\u00e9dictine de Disentis a gouvern\u00e9 la vie locale pendant des si\u00e8cles\u00a0; la surveillance eccl\u00e9siastique a persist\u00e9 jusqu&#039;en 1649, date \u00e0 laquelle la Conf\u00e9d\u00e9ration suisse naissante a transf\u00e9r\u00e9 la juridiction spirituelle aux mains des autorit\u00e9s civiles, refl\u00e9tant ainsi des changements plus vastes dans la gouvernance suisse. Pourtant, l&#039;importance strat\u00e9gique de la vall\u00e9e d\u00e9passait les questions cl\u00e9ricales\u00a0: le jour de la Saint-Patrick de 1608, des comtes irlandais franchissant le col du Saint-Gothard auraient perdu un tr\u00e9sor d&#039;or au pont du Diable, un incident immortalis\u00e9 dans la tradition locale sous le nom de \u00ab\u00a0Tr\u00e9sor perdu du col du Saint-Gothard\u00a0\u00bb, bien qu&#039;aucune r\u00e9cup\u00e9ration n&#039;ait \u00e9t\u00e9 signal\u00e9e.<\/p>\n<p>La topographie de Sch\u00f6llenen est plus qu&#039;un mythe\u00a0: en 1799, le g\u00e9n\u00e9ral russe Alexandre Souvorov traversa les gorges \u00e0 la t\u00eate de ses troupes lors de sa campagne alpine. Un monument comm\u00e9moratif pr\u00e8s d&#039;Andermatt rend hommage \u00e0 cette travers\u00e9e ardue, sa pierre polie \u00e9tant grav\u00e9e \u00e0 la m\u00e9moire des soldats qui ont endur\u00e9 les rigueurs de la montagne. Deux d\u00e9cennies plus tard, de 1818 \u00e0 1831, la route du Saint-Gothard devint praticable en diligence\u00a0; dernier refuge avant le sommet, Andermatt b\u00e9n\u00e9ficia d&#039;une \u00e9conomie thermale florissante, les visiteurs \u00e9tant attir\u00e9s par les soins thermaux et la promesse d&#039;un air sain.<\/p>\n<p>L&#039;inauguration du tunnel ferroviaire du Saint-Gothard en 1881 a r\u00e9orient\u00e9 le trafic sous la vall\u00e9e, remettant en cause le r\u00f4le d&#039;Andermatt comme principale voie de communication alpine. Les travaux, qui ont co\u00fbt\u00e9 la vie aux ouvriers locaux et provoqu\u00e9 des troubles r\u00e9prim\u00e9s par l&#039;intervention militaire, ont inaugur\u00e9 une \u00e8re o\u00f9 les trains contournaient le village situ\u00e9 au-dessus. Andermatt s&#039;est n\u00e9anmoins adapt\u00e9e\u00a0: en 1885, l&#039;arm\u00e9e f\u00e9d\u00e9rale suisse l&#039;a d\u00e9sign\u00e9e ville de garnison, y a construit des installations de commandement souterraines con\u00e7ues pour la r\u00e9silience en temps de guerre, et a ensuite \u00e9tabli un centre d&#039;entra\u00eenement qui continue d&#039;\u00eatre un lieu d&#039;instruction militaire.<\/p>\n<p>En 1946, des plans furent avanc\u00e9s pour endiguer la vall\u00e9e d&#039;Urseren afin d&#039;y construire des r\u00e9servoirs hydro\u00e9lectriques, provoquant une opposition d\u00e9termin\u00e9e qui, en 1950, stoppa le d\u00e9veloppement \u00e0 Andermatt et redirigea le projet vers le G\u00f6schenertal voisin ; cet \u00e9pisode souligne l&#039;engagement local en faveur de la pr\u00e9servation du paysage, m\u00eame si la vall\u00e9e subissait les d\u00e9fis de la volatilit\u00e9 de la nature, notamment au cours des hivers 1951 et 1975, lorsque des avalanches s&#039;abattirent sur des secteurs r\u00e9sidentiels, infligeant des d\u00e9g\u00e2ts et faisant des victimes.<\/p>\n<p>Les fortunes \u00e9conomiques ont d\u00e9clin\u00e9 dans les ann\u00e9es 1930, alors que le tourisme alpin gravitait vers les stations \u00e9tablies, et de nombreux h\u00f4tels d&#039;Ursental - parmi lesquels ceux construits par la famille M\u00fcller, propri\u00e9taires du Grand H\u00f4tel Bellevue et d&#039;autres \u00e9tablissements qui parsemaient autrefois la vall\u00e9e - sont devenus silencieux ou ont chang\u00e9 d&#039;usage ; le Bellevue lui-m\u00eame, transform\u00e9 en appartements dans les ann\u00e9es 1970, \u00e9tait abandonn\u00e9 en 1990 avant sa d\u00e9molition contr\u00f4l\u00e9e.<\/p>\n<p>Un regain d&#039;int\u00e9r\u00eat a \u00e9merg\u00e9 vers la fin du XXe si\u00e8cle, lorsqu&#039;Andermatt s&#039;est repositionn\u00e9 comme une alternative aux stations de ski haut de gamme, adoptant une strat\u00e9gie de d\u00e9veloppement reliant les pistes de N\u00e4tschen du village \u00e0 Gemsstock sur son flanc sud et, via le Glacier Express, reliant Sedrun et Disentis pour former un r\u00e9seau de stations interconnect\u00e9es toutes saisons. L&#039;alliance Andermatt-Sedrun-Disentis, unifi\u00e9e sous l&#039;\u00e9gide du Matterhorn Gotthard Bahn, refl\u00e8te les aspirations du XXIe si\u00e8cle, renforc\u00e9e par une accessibilit\u00e9 ferroviaire qui int\u00e8gre davantage N\u00e4tschen aux pistes de l&#039;Oberalp \u2013 actuellement accessibles uniquement par train \u2013 et promet des itin\u00e9raires de ski \u00e9largis.<\/p>\n<p>Des incitations immobili\u00e8res ont accompagn\u00e9 cette transformation ; exempt\u00e9e des restrictions de la Lex Koller par d\u00e9cret f\u00e9d\u00e9ral en 2006, Andermatt Swiss Alps a permis aux ressortissants \u00e9trangers d&#039;acqu\u00e9rir des biens immobiliers sans autorisation sp\u00e9ciale jusqu&#039;en 2040, permettant un investissement de 1,8 milliard de francs suisses men\u00e9 par l&#039;entrepreneur Samih Sawiris et attirant des acheteurs internationaux, notamment des investisseurs am\u00e9ricains dont les achats d&#039;appartements d\u00e9but 2025, \u00e9valu\u00e9s \u00e0 14,2 millions de francs suisses, ont r\u00e9pondu aux incertitudes g\u00e9opolitiques \u00e0 l&#039;\u00e9tranger.<\/p>\n<p>D\u00e9mographiquement, le village a connu des hauts et des bas\u00a0: de 605\u00a0habitants en 1799 \u00e0 1\u00a0589 en 1970, il est pass\u00e9 \u00e0 1\u00a0282 en 2000 et s\u2019est ajust\u00e9 \u00e0 1\u00a0527 fin 2020. L\u2019allemand est la langue locale pr\u00e9dominante (95,2\u00a0% en 2000), accompagn\u00e9 de modestes communaut\u00e9s portugaise et italienne, et un dixi\u00e8me des habitants n\u2019ont pas la nationalit\u00e9 suisse\u00a0; le niveau d\u2019\u00e9ducation est substantiel, les trois quarts des personnes \u00e2g\u00e9es de 25 \u00e0 64\u00a0ans ayant termin\u00e9 des \u00e9tudes secondaires sup\u00e9rieures ou sup\u00e9rieures, et le taux de ch\u00f4mage est inf\u00e9rieur \u00e0 1\u00a0%. Sur le plan \u00e9conomique, le secteur primaire emploie cinquante et un travailleurs dans vingt-deux entreprises, le secteur secondaire emploie quatre-vingt-dix personnes dans treize entreprises, et le secteur tertiaire soutient 599\u00a0employ\u00e9s dans soixante-dix-huit entreprises.<\/p>\n<p>Sur le plan climatique, Andermatt conna\u00eet un r\u00e9gime subarctique (\u00ab dfc \u00bb selon K\u00f6ppen), avec une moyenne annuelle de 139,4 jours de pluie donnant 1 423 millim\u00e8tres de pr\u00e9cipitations entre 1991 et 2020 ; novembre enregistre les pr\u00e9cipitations les plus \u00e9lev\u00e9es avec 142 millim\u00e8tres sur 11,8 jours, juin enregistre les \u00e9v\u00e9nements de pr\u00e9cipitations les plus fr\u00e9quents avec 13,2 jours et 131 millim\u00e8tres, et f\u00e9vrier reste le plus sec, avec 91 millim\u00e8tres sur 11,4 jours.<\/p>\n<p>Les loisirs d&#039;hiver gravitent autour de deux principaux domaines skiables : N\u00e4tschen, qui s&#039;\u00e9l\u00e8ve au nord-est et est accessible par chemin de fer, et Gemsstock au sud, tous deux offrant des pistes desservies par des remont\u00e9es m\u00e9caniques et des pistes de vall\u00e9e utilisables jusqu&#039;\u00e0 la mi-mars ; les aficionados appr\u00e9cient les descentes hors-piste et les conditions de neige profonde qui caract\u00e9risent ces montagnes, et les plans strat\u00e9giques envisagent des circuits de ski unifi\u00e9s int\u00e9grant les pistes d&#039;Oberalp.<\/p>\n<p>Sur le plan culturel, Andermatt a inaugur\u00e9 une salle de concert sp\u00e9cialement con\u00e7ue, le premier lieu artistique con\u00e7u express\u00e9ment pour un village alpin, inaugur\u00e9 sous la direction de Constantinos Carydis \u00e0 la t\u00eate de l&#039;Orchestre philharmonique de Berlin ; con\u00e7u par Christina Seilern et financ\u00e9 par Sawiris, le hall symbolise l&#039;\u00e9volution d&#039;Andermatt de plaque tournante du transit \u00e0 lieu d&#039;arts alpins, affirmant sa capacit\u00e9 \u00e0 accueillir des spectacles de calibre international dans son cadre montagnard.<\/p>\n<p>Tout au long de son histoire, Andermatt a travers\u00e9 les courants changeants du transit, des conflits et du commerce, pr\u00e9servant un caract\u00e8re alpin distinctif malgr\u00e9 l&#039;adaptation de son \u00e9conomie et de sa soci\u00e9t\u00e9 aux imp\u00e9ratifs modernes. Sa vall\u00e9e, sillonn\u00e9e de voies anciennes et de voies ferr\u00e9es modernes, entre cultures et terrain accident\u00e9, demeure embl\u00e9matique de l&#039;interaction complexe entre topographie et activit\u00e9 humaine en Suisse, invitant \u00e0 une observation qui transcende le simple tourisme pour s&#039;interroger sur la p\u00e9rennit\u00e9 des communaut\u00e9s d&#039;altitude.<\/p>\n<table>\n<thead>\n<tr>\n<th>Cat\u00e9gorie<\/th>\n<th>Information<\/th>\n<\/tr>\n<\/thead>\n<tbody>\n<tr>\n<td>Emplacement<\/td>\n<td>Andermatt, Suisse (Suisse centrale, Uri)<\/td>\n<\/tr>\n<tr>\n<td>Altitude de la station<\/td>\n<td>1\u00a0444 m \u2013 2\u00a0600 m (4\u00a0738 pi \u2013 8\u00a0530 pi)<\/td>\n<\/tr>\n<tr>\n<td>Saison de ski<\/td>\n<td>De mi-d\u00e9cembre \u00e0 d\u00e9but avril<\/td>\n<\/tr>\n<tr>\n<td>Tarifs des forfaits de ski<\/td>\n<td>Adulte : CHF 89 (\u20ac95), Jeune : CHF 63 (\u20ac67), Enfant : CHF 45 (\u20ac48)<\/td>\n<\/tr>\n<tr>\n<td>Horaires d&#039;ouverture<\/td>\n<td>08:45 &#8211; 16:45<\/td>\n<\/tr>\n<tr>\n<td>Nombre de pistes<\/td>\n<td>70 km (43,5 miles) au total<\/td>\n<\/tr>\n<tr>\n<td>Longueur totale des pistes<\/td>\n<td>70 km (43,5 miles)<\/td>\n<\/tr>\n<tr>\n<td>La course la plus longue<\/td>\n<td>Non sp\u00e9cifi\u00e9 dans les donn\u00e9es<\/td>\n<\/tr>\n<tr>\n<td>Pistes faciles<\/td>\n<td>18 km (26%)<\/td>\n<\/tr>\n<tr>\n<td>Pentes mod\u00e9r\u00e9es<\/td>\n<td>40 km (57%)<\/td>\n<\/tr>\n<tr>\n<td>Pistes avanc\u00e9es<\/td>\n<td>12 km (17%)<\/td>\n<\/tr>\n<tr>\n<td>Directions des pentes<\/td>\n<td>\/<\/td>\n<\/tr>\n<tr>\n<td>Ski nocturne<\/td>\n<td>Disponible (SnowNight Sedrun)<\/td>\n<\/tr>\n<tr>\n<td>Fabrication de neige<\/td>\n<td>Disponible<\/td>\n<\/tr>\n<tr>\n<td>Total des ascenseurs<\/td>\n<td>13<\/td>\n<\/tr>\n<tr>\n<td>Capacit\u00e9 en mont\u00e9e<\/td>\n<td>\/<\/td>\n<\/tr>\n<tr>\n<td>Ascenseur le plus \u00e9lev\u00e9<\/td>\n<td>2 600 m (8 530 pi)<\/td>\n<\/tr>\n<tr>\n<td>T\u00e9l\u00e9cabines\/T\u00e9l\u00e9ph\u00e9riques<\/td>\n<td>1<\/td>\n<\/tr>\n<tr>\n<td>T\u00e9l\u00e9si\u00e8ges<\/td>\n<td>3<\/td>\n<\/tr>\n<tr>\n<td>T\u00e9l\u00e9skis<\/td>\n<td>8<\/td>\n<\/tr>\n<tr>\n<td>Parcs \u00e0 neige<\/td>\n<td>Disponible<\/td>\n<\/tr>\n<tr>\n<td>Location de skis<\/td>\n<td>Disponible<\/td>\n<\/tr>\n<tr>\n<td>Apr\u00e8s-ski<\/td>\n<td>Disponible (consid\u00e9r\u00e9 comme une fonctionnalit\u00e9 de premier ordre)<\/td>\n<\/tr>\n<\/tbody>\n<\/table>\n<article>\n<\/article>","protected":false},"excerpt":{"rendered":"<p>Andermatt, situ\u00e9e dans les Alpes suisses, t\u00e9moigne du charme intemporel des villages de montagne suisses. Situ\u00e9e dans le canton d&#039;Uri, cette charmante ville de pr\u00e8s de 1\u00a0500 habitants constitue un carrefour essentiel dans la g\u00e9ographie complexe de la Suisse. Culminant \u00e0 1\u00a0437 m\u00e8tres d&#039;altitude, Andermatt est l&#039;\u00e9picentre du massif du Saint-Gothard, une formation g\u00e9ologique qui a fa\u00e7onn\u00e9 non seulement le relief, mais aussi la valeur historique et culturelle de la r\u00e9gion.<\/p>","protected":false},"author":1,"featured_media":2748,"parent":12907,"menu_order":0,"comment_status":"closed","ping_status":"closed","template":"elementor_theme","meta":{"_eb_attr":"","footnotes":""},"class_list":["post-13072","page","type-page","status-publish","has-post-thumbnail"],"_links":{"self":[{"href":"https:\/\/travelshelper.com\/fr\/wp-json\/wp\/v2\/pages\/13072","targetHints":{"allow":["GET"]}}],"collection":[{"href":"https:\/\/travelshelper.com\/fr\/wp-json\/wp\/v2\/pages"}],"about":[{"href":"https:\/\/travelshelper.com\/fr\/wp-json\/wp\/v2\/types\/page"}],"author":[{"embeddable":true,"href":"https:\/\/travelshelper.com\/fr\/wp-json\/wp\/v2\/users\/1"}],"replies":[{"embeddable":true,"href":"https:\/\/travelshelper.com\/fr\/wp-json\/wp\/v2\/comments?post=13072"}],"version-history":[{"count":0,"href":"https:\/\/travelshelper.com\/fr\/wp-json\/wp\/v2\/pages\/13072\/revisions"}],"up":[{"embeddable":true,"href":"https:\/\/travelshelper.com\/fr\/wp-json\/wp\/v2\/pages\/12907"}],"wp:featuredmedia":[{"embeddable":true,"href":"https:\/\/travelshelper.com\/fr\/wp-json\/wp\/v2\/media\/2748"}],"wp:attachment":[{"href":"https:\/\/travelshelper.com\/fr\/wp-json\/wp\/v2\/media?parent=13072"}],"curies":[{"name":"wp","href":"https:\/\/api.w.org\/{rel}","templated":true}]}}