{"id":12907,"date":"2024-09-17T00:26:15","date_gmt":"2024-09-17T00:26:15","guid":{"rendered":"https:\/\/travelshelper.com\/staging\/?page_id=12907"},"modified":"2026-03-12T23:47:53","modified_gmt":"2026-03-12T23:47:53","slug":"suisse","status":"publish","type":"page","link":"https:\/\/travelshelper.com\/fr\/destinations\/europe\/switzerland\/","title":{"rendered":"Suisse"},"content":{"rendered":"<p>La Suisse se pr\u00e9sente comme un \u00c9tat compact de 41\u00a0285 kilom\u00e8tres carr\u00e9s situ\u00e9 en Europe centre-ouest. Ses fronti\u00e8res sont bord\u00e9es par l&#039;Italie au sud, la France \u00e0 l&#039;ouest, l&#039;Allemagne au nord et l&#039;Autriche et le Liechtenstein \u00e0 l&#039;est. Abritant environ neuf millions d&#039;habitants, la Conf\u00e9d\u00e9ration suisse r\u00e9unit diverses r\u00e9gions linguistiques et culturelles \u2013 allemande, fran\u00e7aise, italienne et romanche \u2013 au sein d&#039;une structure f\u00e9d\u00e9rale compos\u00e9e de 26 cantons, Berne \u00e9tant le si\u00e8ge de l&#039;autorit\u00e9 f\u00e9d\u00e9rale. G\u00e9ographiquement divis\u00e9e entre le Plateau suisse, les Alpes et le Jura, la nation concentre sa population et ses principaux centres urbains \u2013 Zurich, Gen\u00e8ve et Lausanne \u2013 sur le plateau, tandis que les Hautes Alpes occupent la plus grande partie du territoire.<\/p>\n<p>Depuis ses origines \u00e0 la fin du XIIIe si\u00e8cle, alliance d\u00e9fensive et commerciale forg\u00e9e par la Charte f\u00e9d\u00e9rale de 1291, la Suisse a \u00e9volu\u00e9, traversant des cycles de d\u00e9fis externes et de transformations internes, pour devenir une r\u00e9publique caract\u00e9ris\u00e9e par les principes du f\u00e9d\u00e9ralisme et de la d\u00e9mocratie directe. La paix de Westphalie de 1648 a reconnu l&#039;ind\u00e9pendance de la conf\u00e9d\u00e9ration vis-\u00e0-vis du Saint-Empire romain germanique, l&#039;\u00e9tablissant parmi les rares r\u00e9publiques durables de l&#039;Europe moderne. Les bouleversements de la fin du XVIIIe et du d\u00e9but du XIXe si\u00e8cle, marqu\u00e9s par l&#039;imposition puis la dissolution de la R\u00e9publique helv\u00e9tique sous les auspices de Napol\u00e9on, ont abouti \u00e0 la constitution de 1848, qui a consacr\u00e9 les droits individuels, la s\u00e9paration des pouvoirs et le r\u00e9gime parlementaire bicam\u00e9ral, posant ainsi les bases de l&#039;\u00c9tat f\u00e9d\u00e9ral moderne.<\/p>\n<p>La politique durable de neutralit\u00e9 arm\u00e9e de la Suisse, maintenue depuis le XVIe si\u00e8cle et ininterrompue par un conflit international depuis 1815, a soutenu son r\u00f4le dans la diplomatie mondiale. Bien que la Conf\u00e9d\u00e9ration n&#039;ait adh\u00e9r\u00e9 aux Nations Unies qu&#039;en 2002, elle m\u00e8ne une politique \u00e9trang\u00e8re active en participant aux efforts de consolidation de la paix et \u00e0 la gouvernance mondiale. La Croix-Rouge, cr\u00e9\u00e9e \u00e0 Gen\u00e8ve en 1863, et la pr\u00e9sence d&#039;institutions internationales majeures \u2013 parmi lesquelles l&#039;Organisation mondiale du commerce, l&#039;Organisation mondiale de la sant\u00e9, l&#039;Organisation internationale du travail, la FIFA, le Forum \u00e9conomique mondial et les bureaux des Nations Unies \u2013 t\u00e9moignent du statut de la Suisse comme plaque tournante de l&#039;engagement multilat\u00e9ral. Membre fondateur de l&#039;Association europ\u00e9enne de libre-\u00e9change, la Suisse reste en dehors de l&#039;Union europ\u00e9enne, de l&#039;Espace \u00e9conomique europ\u00e9en et de la zone euro, mais participe au march\u00e9 unique europ\u00e9en et \u00e0 l&#039;espace Schengen par le biais d&#039;accords bilat\u00e9raux.<\/p>\n<p>Sur le plan \u00e9conomique, la Conf\u00e9d\u00e9ration se classe parmi les nations les plus d\u00e9velopp\u00e9es du monde. Elle enregistre la richesse nominale par adulte la plus \u00e9lev\u00e9e et figure parmi les principales \u00e9conomies par habitant en termes de produit int\u00e9rieur brut. Les indices de comp\u00e9titivit\u00e9, les mesures de la gouvernance d\u00e9mocratique et les \u00e9valuations de la libert\u00e9 de la presse placent tous la Suisse parmi les nations de premier plan. Zurich, Gen\u00e8ve et B\u00e2le figurent r\u00e9guli\u00e8rement dans les classements en mati\u00e8re de qualit\u00e9 de vie, malgr\u00e9 le statut concomitant de ces centres parmi les villes mondiales o\u00f9 le co\u00fbt de la vie est \u00e9lev\u00e9. Le secteur bancaire et les industries sp\u00e9cialis\u00e9es du pays, notamment l&#039;horlogerie de pr\u00e9cision et la chocolaterie, ont longtemps fa\u00e7onn\u00e9 sa r\u00e9putation internationale et contribu\u00e9 \u00e0 sa position de treizi\u00e8me exportateur mondial et de cinqui\u00e8me exportateur par habitant.<\/p>\n<p>Topographiquement, la Suisse s&#039;\u00e9tend entre les latitudes 45\u00b0 et 48\u00b0 N et les longitudes 5\u00b0 et 11\u00b0 E, englobant trois r\u00e9gions principales. Au sud, les Alpes suisses repr\u00e9sentent pr\u00e8s de soixante pour cent du territoire national, culminant \u00e0 plus de quatre mille m\u00e8tres d&#039;altitude sur quarante-huit sommets. Le Mont Rose culmine \u00e0 4\u00a0634 m\u00e8tres, tandis que le Cervin, \u00e0 4\u00a0478 m\u00e8tres, est embl\u00e9matique. Les Alpes pennines abritent \u00e9galement les sources de grands fleuves \u2013 le Rhin, l&#039;Inn, le Tessin et le Rh\u00f4ne \u2013 qui divergent vers tous les points cardinaux, alimentant le r\u00e9seau hydrographique europ\u00e9en et alimentant le lac L\u00e9man, le lac de Constance et le lac Majeur. Les glaciers couvrent quelque 1\u00a0063 kilom\u00e8tres carr\u00e9s, et les mille cinq cents lacs du pays repr\u00e9sentent six pour cent des r\u00e9serves d&#039;eau douce europ\u00e9ennes. Une r\u00e9gulation extensive des cours d\u2019eau \u2013 canalisation, barrages et transport souterrain \u2013 att\u00e9nue les risques d\u2019inondation, de glissement de terrain et d\u2019avalanche, tandis que les eaux souterraines fournissent 80 % de l\u2019eau potable.<\/p>\n<p>Au nord des hautes Alpes, le Plateau suisse s&#039;\u00e9tend en p\u00e2turages vallonn\u00e9s, vergers et for\u00eats, dont les sols sont propices aux cultures et au p\u00e2turage du b\u00e9tail. Le plateau abrite les principales agglom\u00e9rations urbaines et la majeure partie de la population, forte de neuf millions d&#039;habitants. Au nord-ouest, le Jura pr\u00e9sente une cha\u00eene plus basse, partiellement bois\u00e9e. Au c\u0153ur de ces r\u00e9gions se trouvent deux enclaves\u00a0: B\u00fcsingen, administr\u00e9e par l&#039;Allemagne, et Campione d&#039;Italia, administr\u00e9e par l&#039;Italie, chacune enti\u00e8rement entour\u00e9e par le territoire suisse.<\/p>\n<p>Sur le plan climatique, le r\u00e9gime temp\u00e9r\u00e9 de la Conf\u00e9d\u00e9ration varie fortement avec l&#039;altitude. Les hauteurs alpines subissent des conditions glaciaires toute l&#039;ann\u00e9e, tandis que les vall\u00e9es plus basses du sud b\u00e9n\u00e9ficient d&#039;une chaleur quasi m\u00e9diterran\u00e9enne, favorisant la croissance de palmiers r\u00e9sistants au froid dans des creux isol\u00e9s. Les mois d&#039;\u00e9t\u00e9 apportent chaleur et pr\u00e9cipitations \u00e9pisodiques b\u00e9n\u00e9fiques aux p\u00e2turages, tandis que les conditions anticycloniques hivernales stables en montagne peuvent pi\u00e9ger l&#039;air plus froid en contrebas, cr\u00e9ant des couches d&#039;inversion qui masquent le soleil dans les vall\u00e9es. Le ph\u00e9nom\u00e8ne de f\u0153hn \u2013 un vent inhabituellement chaud et sec descendant des versants nord lors de pluies expos\u00e9es au sud \u2013 peut se produire toute l&#039;ann\u00e9e, ses effets \u00e9tant plus prononc\u00e9s dans les vall\u00e9es align\u00e9es sur les couloirs sud-nord. Les bassins intra-alpins, comme ceux des Grisons et du Valais, connaissent des pr\u00e9cipitations plus faibles, conditions qui ont favoris\u00e9 la viticulture depuis l&#039;\u00e9poque romaine et continuent de produire des vins \u2013 principalement du Chasselas dans les vignobles portant le nom de Fendant et du Pinot Noir, le Merlot \u00e9tant dominant dans le canton italophone du Tessin. Les r\u00e9gions les plus humides se situent dans les hautes Alpes et au Tessin, o\u00f9 des orages sporadiques et intenses ponctuent de longues p\u00e9riodes d&#039;ensoleillement.<\/p>\n<p>La structure politique repose sur une f\u00e9d\u00e9ration de 26 cantons, chacun dot\u00e9 de sa propre constitution, de son parlement, de son gouvernement, de son syst\u00e8me judiciaire et de sa police. La population des cantons varie d&#039;un peu plus de 16\u00a0000 habitants en Appenzell Rhodes-Int\u00e9rieures \u00e0 pr\u00e8s de 1,5 million \u00e0 Zurich, tandis que leur \u00e9tendue territoriale varie de 34 kilom\u00e8tres carr\u00e9s \u00e0 B\u00e2le-Ville \u00e0 7\u00a0105 kilom\u00e8tres carr\u00e9s dans les Grisons. En vertu de la Constitution f\u00e9d\u00e9rale, chaque canton b\u00e9n\u00e9ficie d&#039;un statut paritaire, \u00e0 l&#039;exception de six \u00ab\u00a0demi-cantons\u00a0\u00bb dont la repr\u00e9sentation au Conseil des \u00c9tats est divis\u00e9e par deux.<\/p>\n<p>Les infrastructures de transport refl\u00e8tent l&#039;engagement de la Conf\u00e9d\u00e9ration en faveur de la connectivit\u00e9 et du d\u00e9veloppement durable. Son r\u00e9seau ferroviaire, long de 5\u00a0250 kilom\u00e8tres et quasi enti\u00e8rement \u00e9lectrifi\u00e9, transporte plus de 600 millions de voyageurs par an. En 2015, les Suisses ont parcouru en moyenne 2\u00a0550 kilom\u00e8tres par an en train, un record europ\u00e9en. Les Chemins de fer f\u00e9d\u00e9raux suisses, propri\u00e9t\u00e9 de l&#039;\u00c9tat, exploitent 60 % du r\u00e9seau \u00e0 voie normale, tandis que des entreprises comme BLS AG, les Chemins de fer rh\u00e9tiques et le Matterhorn Gotthard Bahn desservent d&#039;autres lignes, notamment des lignes class\u00e9es au patrimoine mondial de l&#039;UNESCO et le Glacier Express. Au c\u0153ur du transit alpin, le tunnel de base du Saint-Gothard s&#039;\u00e9tend sur 57,1 kilom\u00e8tres sous les Alpes, devenant ainsi le tunnel ferroviaire le plus long et le plus profond du monde et constituant le c\u0153ur de la Nouvelle Liaison Ferroviaire \u00e0 travers les Alpes. Les autoroutes, gratuites mais soumises \u00e0 une vignette annuelle, s&#039;\u00e9tendent sur 1\u00a0638 kilom\u00e8tres, se classant parmi les r\u00e9seaux autoroutiers les plus denses au monde.<\/p>\n<p>Le transport a\u00e9rien est principalement assur\u00e9 par l&#039;a\u00e9roport de Zurich, qui a accueilli 22,8 millions de passagers en 2012, suivi de Gen\u00e8ve, de l&#039;EuroAirport B\u00e2le-Mulhouse-Fribourg, de Berne, de Lugano, de Saint-Gall-Altenrhein et de Sion. Swiss International Air Lines, domicili\u00e9e \u00e0 B\u00e2le et bas\u00e9e \u00e0 Zurich, assure la fonction de transporteur national.<\/p>\n<p>Sur le plan d\u00e9mographique, la population suisse a quadrupl\u00e9 entre 1800 et 1990, propuls\u00e9e par l&#039;industrialisation et l&#039;immigration. Les projections actuelles anticipent une croissance continue jusqu&#039;en 2035, principalement tir\u00e9e par l&#039;arriv\u00e9e de nouveaux r\u00e9sidents. Le taux de f\u00e9condit\u00e9 est proche du seuil de renouvellement des g\u00e9n\u00e9rations, et l&#039;\u00e2ge m\u00e9dian de quarante-quatre ans et demi marque l&#039;une des populations nationales les plus \u00e2g\u00e9es au monde. Sur le plan ethnique, les ressortissants suisses repr\u00e9sentent environ soixante-neuf pour cent de la population, les communaut\u00e9s allemande, italienne, portugaise, fran\u00e7aise, kosovare, turque et autres constituant le reste, ainsi qu&#039;une minorit\u00e9 rom estim\u00e9e \u00e0 trente mille personnes. Les ressortissants \u00e9trangers repr\u00e9sentent un quart de la population de pr\u00e8s de neuf millions d&#039;habitants, ce qui repr\u00e9sente une diversit\u00e9 rare d&#039;origines mondiales.<\/p>\n<p>La vie culturelle na\u00eet de l&#039;imbrication des r\u00e9gions linguistiques et d&#039;un patrimoine alpin commun. Quatre langues nationales fa\u00e7onnent les coutumes et l&#039;expression artistique locales, tandis que les enclaves romanches des Grisons pr\u00e9servent des traditions linguistiques uniques dans les vall\u00e9es du Rhin sup\u00e9rieur et de l&#039;Inn. Des personnalit\u00e9s cr\u00e9atives \u2013 des \u00e9crivains aux compositeurs \u2013 sont n\u00e9es en Suisse et ont \u00e9t\u00e9 attir\u00e9es par elle, notamment lors des p\u00e9riodes de conflits continentaux. Quelque mille mus\u00e9es t\u00e9moignent d&#039;un d\u00e9vouement \u00e0 l&#039;art, \u00e0 l&#039;histoire et aux sciences, tandis que des \u00e9v\u00e9nements annuels \u2013 Pal\u00e9o Festival, Festival de Lucerne, Festival de jazz de Montreux, Festival international du film de Locarno et Art Basel \u2013 attirent un public international. La Conf\u00e9d\u00e9ration a accueilli le Concours Eurovision de la chanson \u00e0 trois reprises\u00a0: sa premi\u00e8re \u00e9dition en 1956 \u00e0 Lugano, celle de 1989 \u00e0 Lausanne et celle de 2025 \u00e0 B\u00e2le\u00a0; parmi les vainqueurs suisses figurent Lys Assia en 1956, C\u00e9line Dion en 1988 et Nemo en 2024.<\/p>\n<p>Le symbolisme alpin sous-tend l&#039;identit\u00e9 suisse, \u00e9voqu\u00e9 par la musique, la danse, la sculpture sur bois, la po\u00e9sie et la broderie. Les institutions d&#039;art populaire entretiennent des traditions allant du cor des Alpes \u2013 ses tubes de bois r\u00e9sonnants \u00e9voquant les vall\u00e9es montagneuses \u2013 au yodel et \u00e0 l&#039;accord\u00e9on. La vie pastorale demeure omnipr\u00e9sente dans les communaut\u00e9s des hautes terres, o\u00f9 les modestes fermes et le b\u00e9tail au p\u00e2turage t\u00e9moignent de la continuit\u00e9 de pratiques s\u00e9culaires.<\/p>\n<p>La cuisine refl\u00e8te les climats r\u00e9gionaux et les affinit\u00e9s culturelles. Des plats universels comme la fondue, la raclette et les r\u00f6stis c\u00f4toient des sp\u00e9cialit\u00e9s locales comme les Z\u00fcrcher Geschnetzeltes, chacune pr\u00e9par\u00e9e avec des produits laitiers r\u00e9gionaux et des fromages r\u00e9put\u00e9s comme le Gruy\u00e8re et l&#039;Emmental. La Suisse romande abrite une concentration d&#039;\u00e9tablissements gastronomiques, tandis que la fabrication du chocolat, remontant au XVIIIe si\u00e8cle, a connu un raffinement technique \u00e0 la fin du XIXe si\u00e8cle gr\u00e2ce \u00e0 des inventeurs comme Daniel Peter, dont la cr\u00e9ation du chocolat au lait solide en 1875 a propuls\u00e9 la Suisse au premier rang mondial en termes de consommation de chocolat par habitant.<\/p>\n<p>Les traditions viticoles remontent \u00e0 l&#039;Antiquit\u00e9 romaine, mais s&#039;\u00e9panouissent aujourd&#039;hui dans les vignobles du Valais, de Vaud, de Gen\u00e8ve et du Tessin. Le Chasselas et le Pinot Noir pr\u00e9dominent respectivement parmi les c\u00e9pages blancs et rouges, leur culture \u00e9tant fa\u00e7onn\u00e9e par la diversit\u00e9 des sols et des microclimats.<\/p>\n<p>Les loisirs de plein air se m\u00ealent aux voies de communication, faisant du voyage lui-m\u00eame une partie int\u00e9grante de l&#039;exp\u00e9rience. Le ski alpin jouit d&#039;une renomm\u00e9e mondiale, tandis que la randonn\u00e9e et le VTT sillonnent des sentiers alpins qui s&#039;\u00e9tendent des vall\u00e9es accessibles \u00e0 la redoutable face nord de l&#039;Eiger, dont les ascensions, empreintes de sacrifices historiques, ont atteint un statut quasi mythique. Les voies ferr\u00e9es et les routes qui serpentent les cols de montagne d\u00e9voilent des panoramas de sommets, de glaciers et de lacs, permettant ainsi aux richesses topographiques de la Suisse d&#039;\u00eatre per\u00e7ues non seulement comme des sujets de contemplation, mais aussi comme des vecteurs de mouvement.<\/p>\n<p>Gr\u00e2ce \u00e0 la convergence de sa gouvernance f\u00e9d\u00e9rale, de sa diversit\u00e9 g\u00e9ographique, de son dynamisme \u00e9conomique et de son pluralisme culturel, la Suisse conserve une identit\u00e9 nationale coh\u00e9rente, ancr\u00e9e dans des valeurs communes de d\u00e9mocratie directe et de symbolisme alpin. Son \u00e9volution, d&#039;une conf\u00e9d\u00e9ration de cantons m\u00e9di\u00e9vaux \u00e0 un \u00c9tat moderne, illustre la synth\u00e8se de l&#039;autonomie locale et de la volont\u00e9 collective \u2013 un mod\u00e8le qui continue de fa\u00e7onner les contours de la vie suisse face aux d\u00e9fis d&#039;un monde en mutation.<\/p>\n<p>En t\u00e9moignant de si\u00e8cles d\u2019innovation politique, de prouesses d\u2019ing\u00e9nierie et d\u2019efforts artistiques, la Suisse s\u2019affirme non seulement comme une destination, mais aussi comme un exemple de la mani\u00e8re dont une gouvernance mesur\u00e9e, le respect de l\u2019h\u00e9t\u00e9rog\u00e9n\u00e9it\u00e9 r\u00e9gionale et une adh\u00e9sion r\u00e9solue \u00e0 la neutralit\u00e9 peuvent s\u2019unir pour former une soci\u00e9t\u00e9 prosp\u00e8re et stable dont la grandeur naturelle et les r\u00e9alisations soci\u00e9tales restent inextricablement li\u00e9es.<\/p>","protected":false},"excerpt":{"rendered":"<p>La Suisse, pays enclav\u00e9 situ\u00e9 au centre de l&#039;Europe occidentale, comptait environ 8,7 millions d&#039;habitants en 2023. Strat\u00e9giquement situ\u00e9e \u00e0 la jonction de plusieurs grandes nations europ\u00e9ennes, cette petite mais puissante nation est bord\u00e9e par l&#039;Allemagne au nord, la France \u00e0 l&#039;ouest, l&#039;Italie au sud et l&#039;Autriche et le Liechtenstein \u00e0 l&#039;est. Bien que la plupart des habitants vivent sur le Plateau suisse, qui abrite les plus grandes villes et p\u00f4les \u00e9conomiques comme Zurich, Gen\u00e8ve et B\u00e2le, les majestueuses Alpes dominent le paysage suisse et occupent une part importante de la superficie du pays.<\/p>","protected":false},"author":1,"featured_media":3506,"parent":24078,"menu_order":0,"comment_status":"closed","ping_status":"closed","template":"elementor_theme","meta":{"_eb_attr":"","footnotes":""},"class_list":["post-12907","page","type-page","status-publish","has-post-thumbnail"],"_links":{"self":[{"href":"https:\/\/travelshelper.com\/fr\/wp-json\/wp\/v2\/pages\/12907","targetHints":{"allow":["GET"]}}],"collection":[{"href":"https:\/\/travelshelper.com\/fr\/wp-json\/wp\/v2\/pages"}],"about":[{"href":"https:\/\/travelshelper.com\/fr\/wp-json\/wp\/v2\/types\/page"}],"author":[{"embeddable":true,"href":"https:\/\/travelshelper.com\/fr\/wp-json\/wp\/v2\/users\/1"}],"replies":[{"embeddable":true,"href":"https:\/\/travelshelper.com\/fr\/wp-json\/wp\/v2\/comments?post=12907"}],"version-history":[{"count":0,"href":"https:\/\/travelshelper.com\/fr\/wp-json\/wp\/v2\/pages\/12907\/revisions"}],"up":[{"embeddable":true,"href":"https:\/\/travelshelper.com\/fr\/wp-json\/wp\/v2\/pages\/24078"}],"wp:featuredmedia":[{"embeddable":true,"href":"https:\/\/travelshelper.com\/fr\/wp-json\/wp\/v2\/media\/3506"}],"wp:attachment":[{"href":"https:\/\/travelshelper.com\/fr\/wp-json\/wp\/v2\/media?parent=12907"}],"curies":[{"name":"wp","href":"https:\/\/api.w.org\/{rel}","templated":true}]}}