{"id":12865,"date":"2024-09-17T00:02:43","date_gmt":"2024-09-17T00:02:43","guid":{"rendered":"https:\/\/travelshelper.com\/staging\/?page_id=12865"},"modified":"2026-03-12T23:49:44","modified_gmt":"2026-03-12T23:49:44","slug":"suede","status":"publish","type":"page","link":"https:\/\/travelshelper.com\/fr\/destinations\/europe\/sweden\/","title":{"rendered":"Su\u00e8de"},"content":{"rendered":"<p>La Su\u00e8de, officiellement le Royaume de Su\u00e8de, occupe la partie orientale de la p\u00e9ninsule scandinave en Europe du Nord. Elle couvre une superficie de 450\u00a0295 kilom\u00e8tres carr\u00e9s et abrite une population d&#039;environ 10,6 millions d&#039;habitants, dont 88\u00a0% vivent dans des centres urbains principalement concentr\u00e9s dans les moiti\u00e9s centrale et sud du pays. Bord\u00e9e \u00e0 l&#039;ouest et au nord par la Norv\u00e8ge et \u00e0 l&#039;est par la Finlande, la Su\u00e8de est \u00e0 la fois la plus grande nation nordique par sa superficie et sa d\u00e9mographie, et la cinqui\u00e8me du continent europ\u00e9en. Sa capitale, Stockholm, s&#039;\u00e9tend sur une constellation d&#039;\u00eeles au confluent du lac M\u00e4lar et de la mer Baltique, servant de pivot \u00e0 la vie politique, \u00e9conomique et culturelle d&#039;un \u00c9tat qui, depuis sa consolidation \u00e0 la fin du Xe si\u00e8cle, a tiss\u00e9 un r\u00e9cit durable de prouesses maritimes, d&#039;ascendance territoriale et de politique sociale progressiste.<\/p>\n<p>La premi\u00e8re pr\u00e9sence humaine dans ce qui est aujourd&#039;hui la Su\u00e8de remonte \u00e0 environ 12\u00a0000 av. J.-C., lorsque des chasseurs-cueilleurs pionniers avanc\u00e8rent vers le nord, stimul\u00e9s par le recul des calottes glaciaires. Au cours des mill\u00e9naires suivants, ces groupes disparates se regroup\u00e8rent pour former les Geats et les Svears, des peuples dont l&#039;habilet\u00e9 maritime allait, avec le temps, leur assurer une place parmi les navigateurs nordiques qui cartographi\u00e8rent l&#039;Atlantique Nord. \u00c0 la fin du Xe si\u00e8cle, une Su\u00e8de unifi\u00e9e commen\u00e7a \u00e0 \u00e9merger, son autorit\u00e9 consolid\u00e9e par une monarchie qui allait plus tard guider la nation \u00e0 travers l&#039;Union de Kalmar (1397-1523), aux c\u00f4t\u00e9s du Danemark et de la Norv\u00e8ge, puis \u00e0 travers les tumultes de la guerre de Trente Ans. Ce conflit inaugura une \u00e8re d&#039;ambition imp\u00e9riale\u00a0; les banni\u00e8res su\u00e9doises flott\u00e8rent sur une grande partie du littoral baltique, tandis que l&#039;empire naissant s&#039;affirmait comme une grande puissance europ\u00e9enne jusqu&#039;au d\u00e9but du XVIIIe si\u00e8cle. Bien que la province orientale de la Finlande ait \u00e9t\u00e9 c\u00e9d\u00e9e \u00e0 la Russie imp\u00e9riale en 1809 et que la derni\u00e8re entreprise militaire de la Su\u00e8de \u2013 une union forc\u00e9e avec la Norv\u00e8ge en 1814 \u2013 se soit av\u00e9r\u00e9e \u00e9ph\u00e9m\u00e8re, la nation a ensuite adopt\u00e9 une voie de neutralit\u00e9 et de r\u00e9forme sociale qui pr\u00e9sageait son identit\u00e9 moderne.<\/p>\n<p>Dans la monarchie constitutionnelle et la d\u00e9mocratie parlementaire actuelles, le pouvoir l\u00e9gislatif r\u00e9side dans le Riksdag monocam\u00e9ral, compos\u00e9 de 349 membres \u00e9lus pour repr\u00e9senter un \u00c9tat unitaire subdivis\u00e9 en 21 comt\u00e9s et 290 municipalit\u00e9s. L&#039;une des caract\u00e9ristiques de la gouvernance su\u00e9doise depuis le XIXe si\u00e8cle est l&#039;extension de la protection sociale universelle\u00a0: les soins de sant\u00e9 et l&#039;enseignement sup\u00e9rieur sont financ\u00e9s par des fonds publics, soutenant une soci\u00e9t\u00e9 class\u00e9e cinqui\u00e8me au niveau mondial selon l&#039;indice de d\u00e9veloppement humain et reconnue pour son excellence dans des domaines aussi divers que l&#039;\u00e9galit\u00e9 des sexes, la parit\u00e9 des revenus et les libert\u00e9s civiles. Ayant adh\u00e9r\u00e9 \u00e0 l&#039;Union europ\u00e9enne le 1er janvier 1995 et \u00e0 l&#039;OTAN le 7 mars 2024, la Su\u00e8de reste membre actif des Nations Unies, de l&#039;espace Schengen, du Conseil de l&#039;Europe, du Conseil nordique, de l&#039;OMC et de l&#039;OCDE, tout en pr\u00e9servant son ambivalence historique envers les conflits arm\u00e9s.<\/p>\n<p>G\u00e9ographiquement, la Su\u00e8de s&#039;\u00e9tend des latitudes 55\u00b0 \u00e0 69\u00b0 N, et principalement des longitudes 11\u00b0 \u00e0 25\u00b0 E, formant un territoire d&#039;une remarquable vari\u00e9t\u00e9 topographique. La cha\u00eene de montagnes scandinaves d\u00e9limite sa fronti\u00e8re occidentale avec la Norv\u00e8ge, donnant naissance \u00e0 des fleuves d&#039;une largeur consid\u00e9rable \u2013 connus localement sous le nom d&#039;\u00e4lvar \u2013 dont le cours le plus long, le syst\u00e8me \u00e4lv Klar\u00e4lven\u2013G\u00f6ta, prend sa source dans le centre de la Norv\u00e8ge et s&#039;\u00e9tend sur 1\u00a0160 kilom\u00e8tres avant d&#039;atteindre la mer \u00e0 G\u00f6teborg. En revanche, les usines de la moiti\u00e9 sud exploitent des \u00e5ar plus \u00e9troits pour alimenter un dense r\u00e9seau d&#039;\u00e9tablissements urbains et agricoles. \u00c0 l&#039;int\u00e9rieur des terres, les for\u00eats recouvrent environ 65 % du territoire, produisant des ressources en bois qui, avec l&#039;hydro\u00e9lectricit\u00e9 et le minerai de fer, soutiennent une \u00e9conomie tourn\u00e9e vers l&#039;exportation o\u00f9 l&#039;ing\u00e9nierie repr\u00e9sente la moiti\u00e9 de la production et des ventes \u00e0 l&#039;\u00e9tranger. Le V\u00e4nern, troisi\u00e8me plus grand lac d&#039;Europe, forme, avec le V\u00e4ttern, le M\u00e4laren et le Hj\u00e4lmaren, les basses terres du G\u00f6taland et du Svealand, tandis qu&#039;au nord du cercle polaire arctique, les fj\u00e4ll et la nature sauvage bor\u00e9ale se fondent dans des \u00e9tendues o\u00f9 les troupeaux de rennes errent et o\u00f9 les aurores bor\u00e9ales dansent dans le ciel de minuit.<\/p>\n<p>D&#039;un point de vue climatologique, la Su\u00e8de d\u00e9fie les attentes simplistes des latitudes nordiques, ses zones temp\u00e9r\u00e9es \u00e9tant mod\u00e9r\u00e9es par le Gulf Stream et les vents d&#039;ouest dominants\u00a0; les \u00e9t\u00e9s connaissent des maximales diurnes de 19\u00a0\u00b0C \u00e0 24\u00a0\u00b0C, les hivers des moyennes entre \u22129\u00a0\u00b0C et 3\u00a0\u00b0C, et l&#039;extr\u00eame sud peut se passer compl\u00e8tement de neige continue. Les heures de clart\u00e9 fluctuent consid\u00e9rablement\u00a0: Stockholm baigne dans plus de 18\u00a0heures de soleil en plein \u00e9t\u00e9, mais ne conna\u00eet que six heures de lumi\u00e8re du jour en d\u00e9cembre. Les pr\u00e9cipitations annuelles varient de 500 \u00e0 800\u00a0mm dans la plupart des r\u00e9gions, atteignant 1\u00a0200\u00a0mm dans le sud-ouest et d\u00e9passant les 2\u00a0000\u00a0mm dans certaines zones montagneuses, tandis que les tendances \u00e0 long terme sugg\u00e8rent que la diminution de la banquise dans la mer de Barents pourrait accro\u00eetre les futures chutes de neige en Scandinavie.<\/p>\n<p>Le patrimoine culturel de la Su\u00e8de est tout aussi diversifi\u00e9. Son patrimoine architectural s&#039;\u00e9tend des \u00e9difices en bois du haut Moyen \u00c2ge aux \u00e9glises romanes et gothiques en pierre \u2013 illustr\u00e9es par la cath\u00e9drale de Lund (XIe si\u00e8cle) et la cath\u00e9drale de Skara en briques (XIVe si\u00e8cle) \u2013, en passant par les ch\u00e2teaux baroques et les paysages urbains rococo du XVIIe si\u00e8cle, dont le bastion naval de Karlskrona (class\u00e9 au patrimoine mondial de l&#039;UNESCO) et le palais royal de Drottningholm sur Eker\u00f6. L&#039;\u00ab Exposition universelle de Stockholm \u00bb fonctionnaliste de 1930 a catalys\u00e9 une vague moderniste connue sous le nom de \u00ab funkis \u00bb, qui s&#039;est manifest\u00e9e au cours des d\u00e9cennies suivantes par les vastes ensembles immobiliers du Programme Million. Parmi les monuments contemporains, l&#039;Avicii Arena de Stockholm retient l&#039;attention comme la plus grande structure h\u00e9misph\u00e9rique du monde, avec son d\u00f4me de 110 m\u00e8tres de haut.<\/p>\n<p>La cuisine su\u00e9doise, historiquement aust\u00e8re et fa\u00e7onn\u00e9e par le poisson, la viande, les pommes de terre et les produits laitiers, a \u00e9volu\u00e9 vers une tradition raffin\u00e9e. Des plats embl\u00e9matiques \u2013 boulettes de viande en sauce et confiture d&#039;airelles, hachis de pyttipanna et surstr\u00f6mming, un produit ferment\u00e9 de saison \u2013 c\u00f4toient le convivial sm\u00f6rg\u00e5sbord et les toasts c\u00e9r\u00e9moniels autour de snaps et d&#039;aquavit. Les pains croustillants rivalisent d\u00e9sormais de diversit\u00e9 avec leurs formes plates ancestrales, et des sp\u00e9cialit\u00e9s r\u00e9gionales comme l&#039;anguille au sud et le hareng ferment\u00e9 au nord t\u00e9moignent d&#039;un lien durable entre g\u00e9ographie et gastronomie.<\/p>\n<p>L&#039;infrastructure de transport du pays refl\u00e8te son double engagement en faveur de la connectivit\u00e9 et de la protection de l&#039;environnement. Plus de 162\u00a0000 kilom\u00e8tres de routes goudronn\u00e9es, 1\u00a0428 kilom\u00e8tres d&#039;autoroutes et le pont de l&#039;\u00d6resund relient la Su\u00e8de \u00e0 l&#039;int\u00e9rieur du pays et au Danemark\u00a0; les lignes ferroviaires, bien que priv\u00e9es, restent en grande partie publiques sous l&#039;\u00e9gide de Trafikverket, et le m\u00e9tro de Stockholm, unique r\u00e9seau souterrain, dessert 100 stations. Les grands a\u00e9roports d&#039;Arlanda, de Landvetter et de Skavsta facilitent les voyages internationaux, tandis qu&#039;un vaste r\u00e9seau de ferries et de voies maritimes relie la Su\u00e8de \u00e0 ses voisins baltes et \u00e0 la zone maritime de la mer du Nord. Dans le seul archipel de Stockholm, les visiteurs peuvent profiter du droit d&#039;acc\u00e8s public pour parcourir les \u00eeles et les voies navigables, camper dans des emplacements d\u00e9sign\u00e9s et nouer des liens privil\u00e9gi\u00e9s avec un environnement maritime qui a fa\u00e7onn\u00e9 l&#039;identit\u00e9 su\u00e9doise pendant des si\u00e8cles.<\/p>\n<p>Administrativement et culturellement, la Su\u00e8de se compose de trois territoires historiques\u00a0: le Norrland au nord, le Svealand au centre et le G\u00f6taland au sud, chacun compos\u00e9 de provinces qui persistent dans l&#039;imaginaire populaire malgr\u00e9 l&#039;absence d&#039;autorit\u00e9 gouvernementale officielle. Le Norrland, compos\u00e9 de cinq comt\u00e9s, couvre pr\u00e8s de 60\u00a0% du territoire, mais reste peu peupl\u00e9. Ses for\u00eats, ses rivi\u00e8res et ses plateaux alpins offrent \u00e0 la fois des possibilit\u00e9s de sports d&#039;hiver et d&#039;\u00e9cotourisme. Le Svealand, si\u00e8ge des institutions politiques et religieuses du pays, comprend Stockholm, Uppsala et \u00d6rebro et tire ses origines des premiers centres m\u00e9tallurgiques qui propuls\u00e8rent les campagnes su\u00e9doises de la guerre de Trente Ans. Le G\u00f6taland, royaume ancestral des Goths, t\u00e9moigne de cath\u00e9drales m\u00e9di\u00e9vales, de monuments fun\u00e9raires ancestraux et d&#039;installations de loisirs modernes, tandis que ses sols fertiles et ses vastes voies navigables entretenaient des r\u00e9seaux commerciaux qui pr\u00e9figuraient l&#039;essor industriel de villes comme G\u00f6teborg et Malm\u00f6.<\/p>\n<p>La vie urbaine su\u00e9doise se concentre autour de ses principales villes. Les palais baroques et les mus\u00e9es d&#039;art contemporain de Stockholm encadrent son c\u0153ur historique\u00a0; G\u00f6teborg, autrefois le principal port du pays, allie patrimoine industriel et c\u00e9l\u00e8bre jardin botanique\u00a0; Malm\u00f6, reli\u00e9e par un pont \u00e0 Copenhague, illustre le renouveau cosmopolite\u00a0; Uppsala, ancien si\u00e8ge des archev\u00eaques de Su\u00e8de, conserve la plus grande cath\u00e9drale m\u00e9di\u00e9vale du continent\u00a0; Lund vibre du dynamisme de son universit\u00e9 et rappelle les fondations vikings\u00a0; l&#039;enceinte fortifi\u00e9e de Visby rappelle la prosp\u00e9rit\u00e9 hans\u00e9atique\u00a0; et Ume\u00e5, la ville la plus septentrionale, prosp\u00e8re au milieu des for\u00eats de bouleaux argent\u00e9s et de l&#039;innovation p\u00e9dagogique. Au-del\u00e0 de ces \u00e9l\u00e9ments, le campus a\u00e9rospatial de Link\u00f6ping, les quais en bois de Karlskrona, ainsi que la mine de fer et l&#039;Icehotel de Kiruna, contribuent chacun \u00e0 leur mani\u00e8re \u00e0 l&#039;histoire nationale.<\/p>\n<p>Les paysages culturels su\u00e9dois s&#039;\u00e9tendent au-del\u00e0 des zones urbaines, dans des univers de nature sauvage et de traditions folkloriques. Vingt-neuf parcs nationaux, de l&#039;\u00e9tendue subarctique de Sarek \u2013 longtemps consid\u00e9r\u00e9e comme la derni\u00e8re \u00e9tendue sauvage d&#039;Europe \u2013 aux r\u00e9cifs submerg\u00e9s de Kosterhavet, prot\u00e8gent des habitats o\u00f9 \u00e9lans et gloutons \u00e9voluent librement et o\u00f9 la vie marine prosp\u00e8re sous les vagues. La g\u00e9n\u00e9rosit\u00e9 de la terre permet des activit\u00e9s saisonni\u00e8res\u00a0: ski de fond et le v\u00e9n\u00e9rable marathon Vasaloppet en hiver\u00a0; randonn\u00e9e sur le sentier Kungsleden en \u00e9t\u00e9\u00a0; cano\u00eb sur les cours d&#039;eau\u00a0; navigation entre les \u00eelots archip\u00e9lagiques\u00a0; et la chasse ancestrale aux baies et aux champignons. Le Circuit Classique su\u00e9dois, un quadrathlon d&#039;endurance m\u00ealant ski, course \u00e0 pied, v\u00e9lo et natation, incarne l&#039;esprit de citoyennet\u00e9 en plein air qui impr\u00e8gne la vie nationale.<\/p>\n<p>Sur le plan civique, les institutions su\u00e9doises refl\u00e8tent son \u00e9thique de bien-\u00eatre collectif et ses promesses \u00e9galitaires. Avec un PIB par habitant parmi les plus \u00e9lev\u00e9s au monde et une douzi\u00e8me nation la plus riche, elle concilie prouesse industrielle \u2013 illustr\u00e9e par Volvo, Ericsson, SAAB et IKEA \u2013 et gestion de la soci\u00e9t\u00e9 civile par le biais d&#039;associations qui pr\u00e9servent la culture populaire, l&#039;artisanat et la vie communautaire. Des mus\u00e9es en plein air comme Skansen pr\u00e9servent l&#039;architecture vernaculaire et l&#039;artisanat traditionnel\u00a0; les hembygdsf\u00f6reningar (soci\u00e9t\u00e9s du patrimoine local) ancrent la continuit\u00e9 culturelle\u00a0; et le droit d&#039;acc\u00e8s du public (allemansr\u00e4tten) consacre une responsabilit\u00e9 partag\u00e9e envers les tr\u00e9sors naturels.<\/p>\n<p>Traverser la Su\u00e8de, c&#039;est d\u00e9couvrir un monde o\u00f9 la topographie glaciaire c\u00f4toie le bourdonnement de la vie urbaine, o\u00f9 des fl\u00e8ches de pierre centenaires ponctuent les for\u00eats de pins et o\u00f9 une philosophie d&#039;ouverture impr\u00e8gne chaque aspect des activit\u00e9s publiques et priv\u00e9es. Des fjells gel\u00e9s de Laponie aux quais pav\u00e9s de Malm\u00f6, l&#039;histoire plurielle du pays \u2013 celle des chefs vikings et des b\u00e2tisseurs d&#039;empires, celle des innovateurs industriels et des r\u00e9formateurs sociaux \u2013 demeure palpable tant dans l&#039;environnement physique que dans l&#039;imaginaire collectif. C&#039;est un pays caract\u00e9ris\u00e9 \u00e0 la fois par la continuit\u00e9 et le changement, o\u00f9 les forces \u00e9l\u00e9mentaires de la nature cohabitent avec les expressions raffin\u00e9es de la litt\u00e9rature, du design et de l&#039;ordre civique, fa\u00e7onnant un r\u00e9cit durable aux r\u00e9sonances culturelles et environnementales.<\/p>","protected":false},"excerpt":{"rendered":"<p>La Su\u00e8de, officiellement appel\u00e9e Royaume de Su\u00e8de, est une nation nordique situ\u00e9e sur la p\u00e9ninsule scandinave, en Europe du Nord, et qui compte environ 10,6 millions d&#039;habitants. Strat\u00e9giquement situ\u00e9e entre la Norv\u00e8ge \u00e0 l&#039;ouest et au nord et la Finlande \u00e0 l&#039;est, la Su\u00e8de s&#039;\u00e9tend. Avec une superficie impressionnante de 450\u00a0295 kilom\u00e8tres carr\u00e9s (173\u00a0656 miles carr\u00e9s) et un relief vari\u00e9, c&#039;est le plus grand pays nordique et le cinqui\u00e8me plus grand pays d&#039;Europe. La r\u00e9gion nordique se caract\u00e9rise par sa faible densit\u00e9 de population (environ 25,5 habitants au kilom\u00e8tre carr\u00e9), r\u00e9sultant de l&#039;immensit\u00e9 de son territoire et de sa population relativement faible.<\/p>","protected":false},"author":1,"featured_media":3377,"parent":24078,"menu_order":0,"comment_status":"closed","ping_status":"closed","template":"elementor_theme","meta":{"_eb_attr":"","footnotes":""},"class_list":["post-12865","page","type-page","status-publish","has-post-thumbnail"],"_links":{"self":[{"href":"https:\/\/travelshelper.com\/fr\/wp-json\/wp\/v2\/pages\/12865","targetHints":{"allow":["GET"]}}],"collection":[{"href":"https:\/\/travelshelper.com\/fr\/wp-json\/wp\/v2\/pages"}],"about":[{"href":"https:\/\/travelshelper.com\/fr\/wp-json\/wp\/v2\/types\/page"}],"author":[{"embeddable":true,"href":"https:\/\/travelshelper.com\/fr\/wp-json\/wp\/v2\/users\/1"}],"replies":[{"embeddable":true,"href":"https:\/\/travelshelper.com\/fr\/wp-json\/wp\/v2\/comments?post=12865"}],"version-history":[{"count":0,"href":"https:\/\/travelshelper.com\/fr\/wp-json\/wp\/v2\/pages\/12865\/revisions"}],"up":[{"embeddable":true,"href":"https:\/\/travelshelper.com\/fr\/wp-json\/wp\/v2\/pages\/24078"}],"wp:featuredmedia":[{"embeddable":true,"href":"https:\/\/travelshelper.com\/fr\/wp-json\/wp\/v2\/media\/3377"}],"wp:attachment":[{"href":"https:\/\/travelshelper.com\/fr\/wp-json\/wp\/v2\/media?parent=12865"}],"curies":[{"name":"wp","href":"https:\/\/api.w.org\/{rel}","templated":true}]}}