{"id":12822,"date":"2024-09-16T23:08:31","date_gmt":"2024-09-16T23:08:31","guid":{"rendered":"https:\/\/travelshelper.com\/staging\/?page_id=12822"},"modified":"2026-03-13T12:12:03","modified_gmt":"2026-03-13T12:12:03","slug":"blackpool","status":"publish","type":"page","link":"https:\/\/travelshelper.com\/fr\/destinations\/europe\/united-kingdom\/blackpool\/","title":{"rendered":"Blackpool\u200b"},"content":{"rendered":"<p>Brighton, perch\u00e9e \u00e0 75 kilom\u00e8tres au sud de Londres sur la c\u00f4te sud de l&#039;Angleterre, se d\u00e9ploie comme une confluence d&#039;antiquit\u00e9 et de vivacit\u00e9 moderne, ses 13,2 km\u00b2 d&#039;\u00e9talement urbain bord\u00e9s par la craie ondulante des South Downs au nord et l&#039;\u00e9tendue placide de la Manche au sud. Avec une population r\u00e9sidente dans le district de Brighton et Hove d&#039;environ 277 965 \u00e2mes - s&#039;\u00e9levant \u00e0 quelque 474 485 dans l&#039;ensemble de l&#039;agglom\u00e9ration selon le recensement de 2011 - l&#039;histoire de cette ville s&#039;\u00e9tend de la colonisation de l&#039;\u00e2ge du bronze \u00e0 l&#039;habitation romaine et anglo-saxonne jusqu&#039;\u00e0 sa premi\u00e8re mention enregistr\u00e9e sous le nom de Brighthelmstone dans le Domesday Book de 1086. Aujourd&#039;hui, le profil d\u00e9mographique de Brighton penche fortement vers les adultes \u00e2g\u00e9s de vingt \u00e0 quarante-quatre ans, sa relative raret\u00e9 de tr\u00e8s jeunes et de personnes \u00e2g\u00e9es compens\u00e9e par une cohorte d\u00e9mesur\u00e9e de jeunes cosmopolites d&#039;une vingtaine d&#039;ann\u00e9es dont la pr\u00e9sence sous-tend la r\u00e9putation de la ville en tant que capitale gay officieuse du Royaume-Uni, o\u00f9 10,7 % des r\u00e9sidents de plus de dix-huit ans s&#039;identifient comme gays, lesbiennes ou bisexuels lors du recensement de 2021.<\/p>\n<p>Depuis ses d\u00e9buts, au bord de la Wellesbourne, une rivi\u00e8re saisonni\u00e8re connue aussi sous le nom de Whalesbone, qui serpentait autrefois sous la falaise est avant de dispara\u00eetre sous des ponceaux en 1793, le destin de Brighton a \u00e9t\u00e9 fa\u00e7onn\u00e9 par la rencontre de la terre et de la mer. Un \u00e9tang m\u00e9di\u00e9val stagnant, le Pool ou Poole, autrefois caract\u00e9ristique de ce qui est aujourd&#039;hui la Pool Valley, a \u00e9t\u00e9 englouti par le d\u00e9veloppement du XVIIIe si\u00e8cle, ne laissant que le nom de la rue comme t\u00e9moignage d&#039;un paysage depuis longtemps disparu. \u00c0 l&#039;est, des plaines mar\u00e9cageuses, connues historiquement sous le nom de The Steine, offraient aux p\u00eacheurs un espace provisoire pour s\u00e9cher leurs filets. Ce vieux Steine \u200b\u200bs&#039;est ensuite transform\u00e9 en une \u00e9l\u00e9gante promenade, un espace o\u00f9, lors de pluies prolong\u00e9es, le Wellesbourne cach\u00e9 refait encore surface de temps \u00e0 autre, comme en t\u00e9moigne une repr\u00e9sentation du d\u00e9but du XIXe si\u00e8cle du Pavillon Royal entour\u00e9 d&#039;eaux inhabituelles.<\/p>\n<p>Tout au long du Moyen \u00c2ge, le potentiel maritime de Brighthelmstone est rest\u00e9 marginal par rapport \u00e0 sa voisine Shoreham. Pourtant, les appellations \u00ab\u00a0Port de Brighthelmston\u00a0\u00bb et \u00ab\u00a0Port de Brighton\u00a0\u00bb ont \u00e9t\u00e9 employ\u00e9es par intermittence entre le XIVe et le XIXe si\u00e8cle \u00e0 des fins douani\u00e8res, m\u00eame si sa fa\u00e7ade c\u00f4ti\u00e8re a connu des \u00e9pisodes d&#039;inondation et d&#039;usure. La falaise est, compos\u00e9e de craie reposant sur des couches d&#039;alluvions, d&#039;argile, de silex et de sable vert, a recul\u00e9 au fil des si\u00e8cles\u00a0\u2013\u00a016\u00a0hectares d&#039;estran ont disparu au cours du seul XIVe\u00a0si\u00e8cle\u00a0\u2013\u00a0et des temp\u00eates successives, notamment celles de 1703 et de 1896, ont d\u00e9vast\u00e9 les bancs de sable et les d\u00e9fenses maritimes rudimentaires. Une premi\u00e8re digue \u00e9rig\u00e9e en 1723 a \u00e9t\u00e9 supplant\u00e9e cent ans plus tard par une imposante portion de ma\u00e7onnerie, v\u00e9ritable rempart durable qui allait ancrer Brighton contre les caprices des temp\u00eates hivernales de la Manche.<\/p>\n<p>Ce fut cependant l&#039;av\u00e8nement de routes plus faciles vers Londres et la perspective d&#039;un passage fran\u00e7ais qui ramena Brighton de sa d\u00e9su\u00e9tude au d\u00e9but de l&#039;\u00e8re moderne. Les bains de mer, alors annonc\u00e9s comme une panac\u00e9e contre les maux du corps et de l&#039;esprit, attiraient un flot constant de visiteurs dont le destin \u00e9tait inextricablement li\u00e9 \u00e0 l&#039;\u00e9volution de l&#039;identit\u00e9 de la ville en tant que station thermale. \u00c0 l&#039;\u00e9poque g\u00e9orgienne, l&#039;engouement du prince r\u00e9gent pour Brighthelmstone transforma \u00e0 la fois son paysage urbain et ses m\u0153urs\u00a0: la construction du Pavillon royal, sous la direction de John Nash, imprima au front de mer une fantaisie indo-sarrasine, ses d\u00f4mes en bulbe, ses plafonds dor\u00e9s et son int\u00e9rieur oriental formant un contrepoint \u00e0 la sobri\u00e9t\u00e9 g\u00e9orgienne.<\/p>\n<p>L&#039;arriv\u00e9e de la ligne ferroviaire Londres-Brighton en 1841 acc\u00e9l\u00e9ra cette m\u00e9tamorphose, transformant ce qui \u00e9tait un voyage en cal\u00e8che de deux jours en un s\u00e9jour rapide de quatre-vingt-dix minutes et favorisant la prolif\u00e9ration d&#039;excursionnistes dont la pr\u00e9sence exigeait de nouveaux h\u00e9bergements et divertissements. L&#039;\u00e9poque victorienne laissa derri\u00e8re elle une profusion de monuments architecturaux\u00a0: le Grand H\u00f4tel (1864), dont la fa\u00e7ade s&#039;illuminait d\u00e9sormais d&#039;une lumi\u00e8re c\u00e9rul\u00e9enne d&#039;encre\u00a0; le Hilton Brighton Metropole\u00a0; le Palace Pier (initialement Brighton Marine Palace and Pier, 1899)\u00a0; et le West Pier (1866), dont les vestiges squelettiques \u2013 victimes des incendies de 2003 et de l&#039;inexorable Atlantique \u2013 se dressent comme un t\u00e9moignage fantomatique d&#039;une \u00e9poque de spectacles baln\u00e9aires.<\/p>\n<p>Entre ces jet\u00e9es se dressait autrefois la Chain Pier, un d\u00e9barcad\u00e8re pour paquebots \u00e0 destination de Dieppe, d\u00e9moli par une temp\u00eate en 1896\u00a0; aujourd&#039;hui, ses fragments n&#039;\u00e9mergent qu&#039;\u00e0 mar\u00e9e basse. La fin du XXe si\u00e8cle a vu le front de mer se remodeler davantage\u00a0: la tour d&#039;observation Brighton i360 a \u00e9t\u00e9 inaugur\u00e9e en ao\u00fbt\u00a02016. Sa fine colonne culmine \u00e0 162\u00a0m, avec sa nacelle de verre qui culmine \u00e0 138\u00a0m, se proclamant ainsi la plus haute structure de ce type en Grande-Bretagne, apr\u00e8s Londres. \u00c0 proximit\u00e9, le Volk&#039;s Electric Railway, \u00e9tabli en\u00a01883 et qui transporte toujours des passagers entre la jet\u00e9e du Palais et Black Rock, \u00e9voque une lign\u00e9e de transports baln\u00e9aires encore in\u00e9gal\u00e9e.<\/p>\n<p>La dualit\u00e9 topographique de Brighton \u2013 son ascension progressive du niveau de la mer vers une cr\u00eate de plus de 100 m au niveau des falaises de Newhaven \u2013 a dict\u00e9 l&#039;emplacement de ses principales art\u00e8res. L&#039;A23 s&#039;\u00e9tend vers le nord en direction de Londres et de Gatwick, tandis que l&#039;A259 et l&#039;A27 tracent des axes est-ouest, cette derni\u00e8re \u00e9tant d\u00e9sormais d\u00e9vi\u00e9e par le contournement de Brighton (achev\u00e9 en 1992) afin de d\u00e9sengorger la ville. Sous ce r\u00e9seau art\u00e9riel se trouvent les vestiges de tramways hippomobiles, de trolleybus et d&#039;hydropt\u00e8res, autant de t\u00e9moignages d&#039;une qu\u00eate permanente de connectivit\u00e9. Aujourd&#039;hui, la plupart des embarquements publics se font par les trains de Thameslink \u00e0 destination de St Pancras ou via les lignes West et East Coastway, le viaduc de London Road offrant aux passagers un panorama spectaculaire sur les toits et le musoir.<\/p>\n<p>Le climat de la ville \u2013 la d\u00e9signation K\u00f6ppen \u00ab\u00a0Cfb\u00a0\u00bb \u2013 lui conf\u00e8re des \u00e9t\u00e9s frais et des hivers doux, sous un manteau de nuages \u200b\u200bet de pluies fr\u00e9quents. Les pr\u00e9cipitations annuelles, mesur\u00e9es \u00e0 740\u00a0mm sur le front de mer et pr\u00e8s de 1\u00a0000\u00a0mm au sommet des Downs, ont fa\u00e7onn\u00e9 le sol et l&#039;esprit d&#039;un lieu habitu\u00e9 aux temp\u00eates soudaines\u00a0; les fortes chutes de neige restent rares, mais les blizzards de 1881 et 1967 sont ancr\u00e9s dans la tradition locale.<\/p>\n<p>La cartographie socioculturelle de Brighton r\u00e9v\u00e8le des quartiers impr\u00e9gn\u00e9s d&#039;individualisme. North Laine, dont le nom est une d\u00e9formation du mot anglo-saxon \u00ab\u00a0fields\u00a0\u00bb, \u00e9merge au nord des Lanes comme une enclave de rues pi\u00e9tonnes \u2013 Trafalgar, Sydney, Gardner \u2013 o\u00f9 plus de quatre cents commerces d&#039;avant-garde, ateliers d&#039;artistes, march\u00e9s aux puces et caf\u00e9s, prolif\u00e8rent et cr\u00e9ent un sentiment de communaut\u00e9 palpable. Au sud, les Lanes conservent le trac\u00e9 sinueux de l&#039;ancien village de p\u00eacheurs, leurs ruelles \u00e9troites bord\u00e9es de bijoutiers, boutiques, restaurants et pubs, dans une chor\u00e9graphie spatiale qui guide le visiteur \u00e0 travers un palimpseste vivant. Un contrepoint grossiste se dresse \u00e0 Churchill Square, ce centre commercial de 44\u00a0000 m\u00b2 con\u00e7u comme une cath\u00e9drale commerciale \u00e0 ciel ouvert dans les ann\u00e9es\u00a01960 et r\u00e9invent\u00e9 derri\u00e8re de nouveaux murs en\u00a01998. Ses quatre-vingts boutiques et ses 1\u00a0600 places de parking symbolisent l&#039;adh\u00e9sion de Brighton au mercantilisme moderne.<\/p>\n<p>Deux fois par semaine, la ville vibre au rythme des march\u00e9s aux puces \u2013 le dimanche matin, sur le parking sur le toit de la Marina et \u00e0 l&#039;hippodrome de Brighton \u2013 tandis que le palais de l&#039;ancien prince r\u00e9gent demeure le Pavillon royal, un embl\u00e8me class\u00e9 de la splendeur de la R\u00e9gence. \u00c0 proximit\u00e9, le mausol\u00e9e Sassoon, reconverti en club de souper, et les innombrables \u00e9glises et lieux de culte \u2013 Saint-Nicolas, l&#039;\u00e9glise m\u00e8re dont les origines anglo-saxonnes sont ant\u00e9rieures au Domesday\u00a0; l&#039;imposante nef en briques de Saint-Barth\u00e9lemy\u00a0; Saint-Pierre, l&#039;int\u00e9rieur richement d\u00e9cor\u00e9 de Saint-Martin\u00a0; la Friends Meeting House\u00a0; la chapelle unitarienne\u00a0; six sanctuaires catholiques romains, dont Saint-Jean-Baptiste \u00e0 Kemptown\u00a0; cinq synagogues\u00a0; plusieurs mosqu\u00e9es\u00a0; et des centres bouddhistes \u2013 t\u00e9moignent de l&#039;esprit pluraliste de Brighton.<\/p>\n<p>Les loisirs le long du rivage s&#039;\u00e9tendent de la plage de galets, une \u00e9tendue de 8,7 km ponctu\u00e9e d&#039;\u00e9pis d\u00e9limitant des sections nomm\u00e9es \u2013 Limite \u00e0 Black Rock \u2013 et d&#039;un estran sablonneux r\u00e9v\u00e9l\u00e9 \u00e0 mar\u00e9e basse, jusqu&#039;\u00e0 un habitat de galets v\u00e9g\u00e9talis\u00e9 \u00e0 Black Rock, travers\u00e9 par une promenade de 600 m. Cliff Beach, premi\u00e8re enclave naturiste d\u00e9sign\u00e9e de Grande-Bretagne, se situe entre trois petites criques au-del\u00e0 des limites de la ville, toutes reli\u00e9es par une promenade sous les falaises qui r\u00e9siste aux chutes de falaises p\u00e9riodiques depuis 2000. La partie est de Madeira Drive, r\u00e9am\u00e9nag\u00e9e en mars 2007, offre des aires de jeux, un mini-golf, des saunas et des terrains de volley-ball, tandis que les arches de Madeira Terrace, longues de 865 m et class\u00e9es Grade II* mais ferm\u00e9es depuis 2014, attendent d&#039;\u00eatre restaur\u00e9es aux c\u00f4t\u00e9s d&#039;une nouvelle piscine ext\u00e9rieure et de son bassin de 50 m. La d\u00e9molition du lido Black Rock en 1978 a laiss\u00e9 un vide d\u00e9sormais occup\u00e9 par des \u00e9tendues de marina, des skateparks et des propositions d&#039;h\u00f4tels, d&#039;ar\u00e8nes sportives et de tours r\u00e9sidentielles.<\/p>\n<p>Au c\u0153ur de cette chor\u00e9graphie urbaine se cache un \u00eelot de biodiversit\u00e9 cultiv\u00e9e\u00a0: le Liz Williams Butterfly Haven, cr\u00e9\u00e9 entre 2006 et 2007 par Dan Danahar gr\u00e2ce \u00e0 des financements de la Loterie nationale et de la BBC, rend hommage \u00e0 son botaniste \u00e9ponyme en cultivant des fleurs sauvages et des gramin\u00e9es qui attirent vingt-sept esp\u00e8ces de papillons, du blues de la craie et de l&#039;Adonis au porte-queue vert. Ce havre, situ\u00e9 entre les coll\u00e8ges Dorothy Stringer et Varndean, repr\u00e9sente une vignette \u00e9cologique dans le paysage urbain.<\/p>\n<p>\u00c0 la tomb\u00e9e de la nuit, Brighton offre une multitude de restaurants et de divertissements\u00a0: quelque 250\u00a0restaurants, une pr\u00e9pond\u00e9rance de caf\u00e9s ind\u00e9pendants et une densit\u00e9 impressionnante d&#039;\u00e9tablissements v\u00e9g\u00e9taliens et v\u00e9g\u00e9tariens, reconnus au niveau national en 2022. Discoth\u00e8ques, bars et salles de jeux vid\u00e9o bordent l&#039;esplanade\u00a0; des salles de concert comme le Concorde\u00a02, le Brighton Centre et le Brighton Dome \u2013 o\u00f9 la victoire d&#039;ABBA \u00e0 l&#039;Eurovision en\u00a01974 a catalys\u00e9 son ascension \u2013 accueillent des spectacles allant des r\u00e9citals d&#039;orchestre aux soir\u00e9es de danse \u00e9lectronique. Brighton, qui accueille les plus nombreux rassemblements de musique \u00e9lectronique de Grande-Bretagne, se targue d&#039;accueillir le festival annuel Great Escape chaque mois de mai et de produire un panth\u00e9on d&#039;artistes \u2013 de Fatboy Slim and the Kooks \u00e0 Royal Blood et Lovejoy \u2013 dont beaucoup ont fait leurs armes sur ses sc\u00e8nes.<\/p>\n<p>Les infrastructures de transport se sont adapt\u00e9es \u00e0 l&#039;\u00e9volution des besoins de Brighton. La Brighton &amp; Hove Bus Company, filiale de Go-Ahead depuis 1993, exploite une flotte de 280 bus aux c\u00f4t\u00e9s d&#039;op\u00e9rateurs plus petits\u00a0; plus de 1\u00a0184 arr\u00eats jalonnent le paysage urbain, dont 456 b\u00e9n\u00e9ficient d&#039;abris et d&#039;affichages d&#039;information en temps r\u00e9el. Le parc-relais reste embryonnaire, limit\u00e9 au stade Withdean sans service de navette d\u00e9di\u00e9, cons\u00e9quence d&#039;un plan d&#039;urbanisme de 2013 qui a \u00e9cart\u00e9 tout nouveau projet, le jugeant imprudent sur le plan budg\u00e9taire. L&#039;a\u00e9roport de Shoreham, \u00e0 14,5\u00a0km \u00e0 l&#039;ouest, facilite les vols charters en avion l\u00e9ger, tandis que, \u00e0 30\u00a0km au nord, l&#039;a\u00e9roport de Gatwick relie Brighton aux r\u00e9seaux mondiaux par des liaisons r\u00e9guli\u00e8res en train et en autocar.<\/p>\n<p>Depuis son union avec Hove pour former l&#039;autorit\u00e9 unitaire de Brighton et Hove en 1997 \u2013 et son accession au statut de ville en 2000 \u2013, Brighton a r\u00e9solument assum\u00e9 son double h\u00e9ritage, celui d&#039;un lieu de repos et de perp\u00e9tuelle r\u00e9invention. Ici, le rythme des mar\u00e9es rythme une vie sociale aussi vari\u00e9e que les paysages qu&#039;elle caresse, de la craie aux galets, de l&#039;opulence de la R\u00e9gence \u00e0 la sous-culture avant-gardiste, chaque \u00e9poque se superposant \u00e0 la pr\u00e9c\u00e9dente, donnant naissance \u00e0 une ville \u00e0 la fois charg\u00e9e d&#039;histoire et vibrante de modernit\u00e9.<\/p>","protected":false},"excerpt":{"rendered":"<p>La station baln\u00e9aire anim\u00e9e de Blackpool, dans le Lancashire, en Angleterre, situ\u00e9e sur la magnifique c\u00f4te de Fylde, illustre parfaitement l&#039;attrait constant des destinations c\u00f4ti\u00e8res britanniques aupr\u00e8s des touristes. Blackpool, situ\u00e9e \u00e0 environ 43 km au nord de Liverpool et 23 km \u00e0 l&#039;ouest de Preston, b\u00e9n\u00e9ficie d&#039;un emplacement privil\u00e9gi\u00e9 au bord de la mer d&#039;Irlande et est la principale ville de l&#039;arrondissement qui porte son nom. Avec 141\u00a0000 habitants au recensement de 2021, la ville a l\u00e9g\u00e8rement diminu\u00e9 par rapport aux 1\u00a0100\u00a0000 habitants de la d\u00e9cennie pr\u00e9c\u00e9dente. Bien que mineure, cette \u00e9volution d\u00e9mographique n&#039;a pas terni la r\u00e9putation de Blackpool comme l&#039;une des stations baln\u00e9aires les plus embl\u00e9matiques et pris\u00e9es du Royaume-Uni.<\/p>","protected":false},"author":1,"featured_media":2771,"parent":12648,"menu_order":0,"comment_status":"closed","ping_status":"closed","template":"elementor_theme","meta":{"_eb_attr":"","footnotes":""},"class_list":["post-12822","page","type-page","status-publish","has-post-thumbnail"],"_links":{"self":[{"href":"https:\/\/travelshelper.com\/fr\/wp-json\/wp\/v2\/pages\/12822","targetHints":{"allow":["GET"]}}],"collection":[{"href":"https:\/\/travelshelper.com\/fr\/wp-json\/wp\/v2\/pages"}],"about":[{"href":"https:\/\/travelshelper.com\/fr\/wp-json\/wp\/v2\/types\/page"}],"author":[{"embeddable":true,"href":"https:\/\/travelshelper.com\/fr\/wp-json\/wp\/v2\/users\/1"}],"replies":[{"embeddable":true,"href":"https:\/\/travelshelper.com\/fr\/wp-json\/wp\/v2\/comments?post=12822"}],"version-history":[{"count":0,"href":"https:\/\/travelshelper.com\/fr\/wp-json\/wp\/v2\/pages\/12822\/revisions"}],"up":[{"embeddable":true,"href":"https:\/\/travelshelper.com\/fr\/wp-json\/wp\/v2\/pages\/12648"}],"wp:featuredmedia":[{"embeddable":true,"href":"https:\/\/travelshelper.com\/fr\/wp-json\/wp\/v2\/media\/2771"}],"wp:attachment":[{"href":"https:\/\/travelshelper.com\/fr\/wp-json\/wp\/v2\/media?parent=12822"}],"curies":[{"name":"wp","href":"https:\/\/api.w.org\/{rel}","templated":true}]}}