{"id":12648,"date":"2024-09-16T18:01:50","date_gmt":"2024-09-16T18:01:50","guid":{"rendered":"https:\/\/travelshelper.com\/staging\/?page_id=12648"},"modified":"2026-03-13T00:14:59","modified_gmt":"2026-03-13T00:14:59","slug":"royaume-uni","status":"publish","type":"page","link":"https:\/\/travelshelper.com\/fr\/destinations\/europe\/united-kingdom\/","title":{"rendered":"Royaume-Uni"},"content":{"rendered":"<p>Fran\u00e7ais Le Royaume-Uni de Grande-Bretagne et d&#039;Irlande du Nord, un royaume archip\u00e9lagique de 94 354 miles carr\u00e9s (244 376 km\u00b2) nich\u00e9 au large de la limite nord-ouest de l&#039;Europe continentale, abrite plus de 68,2 millions d&#039;habitants en 2023. Englobant l&#039;\u00eele principale de la Grande-Bretagne, le sixi\u00e8me nord-est de l&#039;Irlande et une constellation d&#039;\u00eeles plus petites diss\u00e9min\u00e9es entre l&#039;Atlantique, la mer du Nord, la Manche, la mer Celtique et la mer d&#039;Irlande, cette union de quatre nations - l&#039;Angleterre, l&#039;\u00c9cosse, le Pays de Galles et l&#039;Irlande du Nord - se pr\u00e9sente comme une tapisserie \u00e0 la fois g\u00e9ographique et politique, ses extr\u00e9mit\u00e9s \u00e9tant s\u00e9par\u00e9es du nord de la France par seulement 22 miles sous la Manche mais reli\u00e9es \u00e0 l&#039;Europe par le tunnel sous la Manche de 31 miles.<\/p>\n<p>Depuis les premi\u00e8res traces de pas grav\u00e9es dans le sol n\u00e9olithique jusqu&#039;\u00e0 l&#039;invasion des l\u00e9gions romaines en 43 apr\u00e8s J.-C., les \u00eeles Britanniques ont \u00e9t\u00e9 t\u00e9moins d&#039;une activit\u00e9 humaine incessante. Apr\u00e8s deux si\u00e8cles de domination romaine, le d\u00e9part des l\u00e9gions a laiss\u00e9 la place \u00e0 des colonies anglo-saxonnes qui, au fil des si\u00e8cles, ont soud\u00e9 des royaumes disparates. La conqu\u00eate normande de 1066 a r\u00e9orient\u00e9 la trajectoire de l&#039;Angleterre, forgeant un ordre f\u00e9odal qui, \u00e0 la fin de la guerre des Deux-Roses \u00e0 la fin du XVe si\u00e8cle, allait donner naissance \u00e0 une monarchie anglaise centralis\u00e9e, pr\u00eate \u00e0 s&#039;\u00e9tendre. Au XVIe si\u00e8cle, le Pays de Galles \u00e9tait annex\u00e9\u00a0; au cours des si\u00e8cles suivants, une ambition imp\u00e9riale s&#039;est cristallis\u00e9e dans l&#039;Empire britannique, dont la domination, \u00e0 son apog\u00e9e dans les ann\u00e9es 1920, s&#039;\u00e9tendrait sur un quart de la superficie et de la population de la plan\u00e8te. Mais la gravit\u00e9 des deux guerres mondiales et la vague inexorable de d\u00e9colonisation allaient \u00e9roder cette port\u00e9e mondiale, laissant derri\u00e8re elles un Commonwealth moderne d\u2019\u00c9tats ind\u00e9pendants et le Royaume-Uni actuel, \u00e9tabli par le Royal and Parliamentary Titles Act de 1927.<\/p>\n<p>La r\u00e9sidence de la Couronne au sommet du palais de Westminster, autrefois monolithique en termes de pouvoir, fut r\u00e9duite au cours du XVIIe si\u00e8cle, notamment par la guerre civile anglaise, et donna progressivement naissance \u00e0 la fonction de Premier ministre \u00e0 l&#039;\u00e9poque g\u00e9orgienne. Les Actes d&#039;Union de 1707 fusionn\u00e8rent l&#039;Angleterre et l&#039;\u00c9cosse au sein de la Grande-Bretagne, tandis que les Actes d&#039;Union de 1800 unifi\u00e8rent l&#039;Irlande, formant le Royaume-Uni de Grande-Bretagne et d&#039;Irlande. La s\u00e9cession de la majeure partie de l&#039;Irlande en 1922 transforma le royaume en son it\u00e9ration contemporaine, comprenant quatre juridictions distinctes\u00a0: l&#039;Angleterre et le Pays de Galles, l&#039;\u00c9cosse et l&#039;Irlande du Nord. Depuis 1999, l&#039;\u00c9cosse, le Pays de Galles et l&#039;Irlande du Nord exercent une autorit\u00e9 d\u00e9centralis\u00e9e dans des domaines allant de l&#039;\u00e9ducation \u00e0 la sant\u00e9, m\u00eame si Westminster conserve la tutelle sur la d\u00e9fense, les affaires \u00e9trang\u00e8res et la politique macro\u00e9conomique.<\/p>\n<p>G\u00e9ographiquement, le Royaume-Uni s&#039;\u00e9tend entre 49\u00b0 et 61\u00b0 de latitude nord et 9\u00b0 ouest et 2\u00b0 de longitude est. Les 17\u00a0820 km de c\u00f4tes de son \u00eele principale contribuent \u00e0 un littoral insulaire total de pr\u00e8s de 31\u00a0368 km, bien que le chiffre exact fluctue en fonction des mesures ondulantes du paradoxe du littoral. La fronti\u00e8re terrestre de 499 km entre l&#039;Irlande du Nord et la R\u00e9publique d&#039;Irlande t\u00e9moigne de la complexit\u00e9 du d\u00e9coupage de l&#039;\u00eele, tandis que les 650 km de c\u00f4tes du pays encadrent ses collines vallonn\u00e9es et ses lacs dispers\u00e9s. Sous un climat maritime temp\u00e9r\u00e9 domin\u00e9 par des vents doux et humides du sud-ouest, r\u00e9chauff\u00e9s par le Gulf Stream, le Royaume-Uni conna\u00eet rarement des extr\u00eames\u00a0: les gel\u00e9es hivernales descendent rarement en dessous de 0\u00a0\u00b0C (32\u00a0\u00b0F), et les maximales estivales ne d\u00e9passent pas 30\u00a0\u00b0C (86\u00a0\u00b0F), m\u00eame si les hautes terres \u00e9cossaises se rapprochent des conditions subarctiques et de la toundra. L&#039;ensoleillement annuel moyen est d&#039;environ 1\u00a0340\u00a0heures, bien que les variations r\u00e9gionales se situent entre 1\u00a0200 et 1\u00a0580\u00a0heures environ, un chiffre en hausse depuis la fin des ann\u00e9es\u00a01990.<\/p>\n<p>Sous ce parapluie climatique se trouvent quatre \u00e9cor\u00e9gions terrestres\u00a0: les for\u00eats de feuillus celtiques, les h\u00eatraies des basses terres anglaises, les for\u00eats mixtes humides de l&#039;Atlantique Nord et les for\u00eats de conif\u00e8res cal\u00e9doniennes. Environ 3,25\u00a0millions d&#039;hectares, soit environ 13\u00a0% du territoire, sont recouverts de for\u00eats, t\u00e9moignant \u00e0 la fois de la persistance naturelle et d&#039;une conservation concert\u00e9e. Le r\u00e9seau routier et ferroviaire belge voit le m\u00e9ridien de l&#039;Observatoire royal de Greenwich inscrit \u00e0 la longitude z\u00e9ro, un marqueur durable du r\u00f4le central de la Grande-Bretagne dans la cartographie du globe.<\/p>\n<p>Premi\u00e8re nation industrialis\u00e9e au monde, la Grande-Bretagne a acquis une pr\u00e9\u00e9minence \u00e9conomique gr\u00e2ce \u00e0 ses avanc\u00e9es technologiques, \u00e0 son agriculture m\u00e9canis\u00e9e et \u00e0 sa production industrielle aux XVIIIe et XIXe si\u00e8cles. Londres est devenue la premi\u00e8re place financi\u00e8re mondiale, orchestrant des transactions de change quotidiennes qui repr\u00e9sentent aujourd&#039;hui 38,1 % d&#039;un march\u00e9 de 7\u00a0500 milliards de dollars. M\u00eame si l&#039;empire, soutenu par de solides r\u00e9seaux commerciaux et une vaste flotte marchande, s&#039;est contract\u00e9 apr\u00e8s deux conflits mondiaux et des vagues de d\u00e9colonisation, le Royaume-Uni a conserv\u00e9 une grande partie de son influence financi\u00e8re. Aujourd&#039;hui, il figure parmi les plus grandes \u00e9conomies en termes de PIB nominal, sa monnaie, la livre sterling, se classant au quatri\u00e8me rang mondial en termes d&#039;\u00e9changes et de monnaie de r\u00e9serve, son ancrage historique n&#039;ayant subi aucune modification de sa valeur.<\/p>\n<p>Pourtant, sous ces fa\u00e7ades de prosp\u00e9rit\u00e9 se cachent de profondes in\u00e9galit\u00e9s. L&#039;\u00e9conomie sociale de march\u00e9 du Royaume-Uni, tout en b\u00e9n\u00e9ficiant d&#039;un indice de d\u00e9veloppement humain \u00e9lev\u00e9, enregistre \u00e9galement des disparit\u00e9s de revenus parmi les plus importantes de l&#039;OCDE. La politique budg\u00e9taire cherche depuis longtemps \u00e0 concilier dynamisme du march\u00e9 et protection sociale, m\u00eame si les d\u00e9bats sur cet \u00e9quilibre persistent au Parlement et au sein de la population. Malgr\u00e9 ces tensions, le soft power britannique conserve son influence consid\u00e9rable\u00a0: des cadres juridiques calqu\u00e9s sur la common law anglaise, l&#039;omnipr\u00e9sence de la langue anglaise \u2013 aujourd&#039;hui la plus parl\u00e9e au monde et la troisi\u00e8me langue maternelle la plus r\u00e9pandue \u2013 et la diffusion mondiale d&#039;exportations culturelles, de Shakespeare aux Beatles, t\u00e9moignent d&#039;une r\u00e9sonance culturelle qui s&#039;\u00e9tend bien au-del\u00e0 de ces \u00eeles.<\/p>\n<p>L&#039;Angleterre, le plus vaste territoire par sa superficie et sa population \u2013 repr\u00e9sentant 53 % du territoire total avec 130\u00a0395 km\u00b2 \u2013 se caract\u00e9rise par un relief dichotomique de plaines et de hautes terres. Sous la diagonale de la ligne Tees-Exe s&#039;\u00e9tendent des plaines pastorales\u00a0: les Norfolk Broads, les South Downs, la New Forest et les paysages vallonn\u00e9s des Cornouailles. Au nord-ouest, les collines et vall\u00e9es du Lake District s&#039;\u00e9l\u00e8vent vers les 978\u00a0m\u00e8tres de Scafell Pike\u00a0; ailleurs, les Pennines et les Yorkshire Dales dessinent une silhouette accident\u00e9e, tandis qu&#039;Exmoor et Dartmoor \u00e9voquent des landes primitives.<\/p>\n<p>L&#039;\u00c9cosse, qui couvre 32 % du royaume sur une superficie de 78\u00a0772 km\u00b2 (30\u00a0410 miles carr\u00e9s), est une terre de contrastes. Pr\u00e8s de 800 \u00eeles s&#039;\u00e9parpillent au large \u2013 H\u00e9brides, Orcades, Shetland \u2013 tandis que les Highlands abritent l&#039;essentiel du territoire montagneux. \u00c0 l&#039;int\u00e9rieur des terres, le Loch Lomond et les Trossachs offrent des eaux cristallines encadr\u00e9es de for\u00eats anciennes\u00a0; plus au nord, le Ben Nevis domine le plus haut sommet des \u00eeles britanniques \u00e0 1\u00a0345 m\u00e8tres (4\u00a0413 pieds). Au-del\u00e0 de panoramas accident\u00e9s, les villes cosmopolites d&#039;\u00c9dimbourg et de Glasgow vibrent au rythme de leur architecture, de leurs festivals et de leurs industries.<\/p>\n<p>Le Pays de Galles, dont la superficie est inf\u00e9rieure \u00e0 9 % du Royaume-Uni (20\u00a0779 km\u00b2), affirme son caract\u00e8re montagneux en Snowdonia, o\u00f9 se trouve Yr Wyddfa (Snowdon), culminant \u00e0 1\u00a0085 m\u00e8tres. La c\u00f4te du Pembrokeshire, avec plus de 2\u00a0704 km de littoral, invite \u00e0 l&#039;exploration itin\u00e9rante, et Anglesey, la plus grande des \u00eeles au large, perp\u00e9tue les anciennes traditions celtiques et la vie moderne.<\/p>\n<p>L&#039;Irlande du Nord, d&#039;une superficie de 14\u00a0160 km\u00b2, est d\u00e9finie par des plateaux vallonn\u00e9s, le vaste Lough Neagh (388 km\u00b2), le plus grand lac des \u00eeles britanniques, et les orgues basaltiques historiques de la Chauss\u00e9e des G\u00e9ants, class\u00e9e au patrimoine mondial de l&#039;UNESCO. Son point culminant, Slieve Donard dans les Mournes, culmine \u00e0 852 m\u00e8tres, t\u00e9moin silencieux de si\u00e8cles d&#039;\u00e9changes et de conflits culturels.<\/p>\n<p>Au-del\u00e0 du Royaume-Uni proprement dit s&#039;\u00e9tendent les d\u00e9pendances de la Couronne \u2013 Guernesey et ses satellites Aurigny, Herm et Sercq, et Jersey \u2013 chacune offrant des vestiges de l&#039;h\u00e9ritage anglo-normand et, parfois, des climats inattendus fa\u00e7onn\u00e9s par la proximit\u00e9 de la France continentale. L&#039;\u00eele de Man, au milieu de la Manche, pr\u00e9serve ses coutumes celtiques, une course moto annuelle de TT et le plus ancien parlement du monde. Plus loin, quatorze territoires d&#039;outre-mer \u2013 de la beaut\u00e9 subtropicale des Bermudes et des \u00eeles Ca\u00efmans aux \u00e9tendues balay\u00e9es par les vents de l&#039;Antarctique britannique \u2013 \u00e9tendent le territoire de la Couronne, chacun r\u00e9gi par des lois distinctes et des sentiers g\u00e9ographiquement isol\u00e9s.<\/p>\n<p>Au sein des quatre nations, villes et villages pr\u00e9sentent une mosa\u00efque d&#039;histoires. Londres, m\u00e9tropole au rayonnement mondial in\u00e9gal\u00e9, regorge de monuments embl\u00e9matiques \u2013 Westminster, la Tour de Londres, le British Museum \u2013 chacun constituant un fil conducteur d&#039;un r\u00e9cit en constante \u00e9volution. Belfast, issue d&#039;un renouveau urbain, vibre d&#039;une \u00e9nergie cr\u00e9atrice, tandis que Bristol allie fa\u00e7ades g\u00e9orgiennes et arts modernes \u00e0 un patrimoine maritime. Le pass\u00e9 charbonnier de Cardiff c\u00e8de la place \u00e0 une sc\u00e8ne artistique dynamique au bord de la baie\u00a0; \u00c9dimbourg, deuxi\u00e8me ville la plus visit\u00e9e apr\u00e8s Londres, accueille chaque ann\u00e9e en ao\u00fbt le plus grand festival artistique du monde, au c\u0153ur de ses ch\u00e2teaux m\u00e9di\u00e9vaux et de ses falaises volcaniques. Glasgow allie splendeur victorienne et innovation artistique, Liverpool renoue avec son h\u00e9ritage portuaire \u00e0 travers la musique et le sport, et Manchester, d&#039;\u00e9picentre industriel, s&#039;est transform\u00e9e au fil des d\u00e9cennies en un creuset culturel. Les anciens remparts et les vestiges romains d&#039;York t\u00e9moignent de mill\u00e9naires de tapisserie humaine tiss\u00e9e dans son plan urbain.<\/p>\n<p>Mais au-del\u00e0 de ces rencontres urbaines, le Royaume-Uni se d\u00e9voile dans des lieux singuliers au drame \u00e9l\u00e9mentaire. Les colonnes polygonales de la Chauss\u00e9e des G\u00e9ants s&#039;\u00e9lancent de l&#039;Atlantique, les falaises de la p\u00e9ninsule de Gower encadrent les brises sal\u00e9es de la baie de Swansea, et les pierres effondr\u00e9es du mur d&#039;Hadrien tracent les ambitions les plus lointaines de Rome. L&#039;\u00eele d&#039;Arran, souvent d\u00e9crite comme \u00ab l&#039;\u00c9cosse en miniature \u00bb, condense montagnes, for\u00eats et rivages en une seule excursion, tandis que les bassins du Lake District refl\u00e8tent les vers plaintifs de Wordsworth. Dans les profondeurs du Loch Ness, le folklore vibre le long des rivages anciens, et le Peak District attire des millions de personnes vers ses hauteurs accessibles. Les sommets ardoisiers de Snowdonia invitent \u00e0 des d\u00e9fis physiques et intellectuels, et les pierres monolithiques de Stonehenge, patin\u00e9es par 4\u00a0500 ans, continuent de s\u00e9duire \u00e9rudits et p\u00e8lerins.<\/p>\n<p>Riche culturellement et diversifi\u00e9 sur le plan \u00e9cologique, politiquement nuanc\u00e9 mais pourtant unifi\u00e9 par des institutions communes, le Royaume-Uni se trouve aujourd&#039;hui \u00e0 la crois\u00e9e de l&#039;histoire et de la modernit\u00e9. Sa monarchie constitutionnelle et sa d\u00e9mocratie parlementaire \u2013 divis\u00e9es en trois syst\u00e8mes juridiques distincts mais r\u00e9unies sous une m\u00eame Couronne \u2013 forgent un \u00e9quilibre entre coutumes anciennes et gouvernance contemporaine. Son \u00e9conomie, \u00e0 la fois ax\u00e9e sur le march\u00e9 et engag\u00e9e socialement, lutte contre les in\u00e9galit\u00e9s tout en dominant les march\u00e9s financiers et commerciaux mondiaux. Sa langue, sa litt\u00e9rature, sa musique et son sport projettent un soft power qui d\u00e9passe largement ses fronti\u00e8res physiques, fa\u00e7onnant le discours et l&#039;identit\u00e9 mondiaux. Pour le voyageur, l&#039;\u00e9rudit ou le r\u00e9sident, ces \u00eeles n&#039;offrent pas un tableau statique, mais un r\u00e9cit en perp\u00e9tuel d\u00e9veloppement, o\u00f9 pass\u00e9 et pr\u00e9sent dialoguent continuellement, chacun s&#039;informant mutuellement dans un dialogue \u00e0 la fois intime et grandiose.<\/p>","protected":false},"excerpt":{"rendered":"<p>Le Royaume-Uni de Grande-Bretagne et d&#039;Irlande du Nord, souvent appel\u00e9 Royaume-Uni (RU) ou Grande-Bretagne, est une nation souveraine situ\u00e9e au large de la c\u00f4te nord-ouest de l&#039;Europe continentale. Avec une population d&#039;environ 67,6 millions d&#039;habitants en 2022, le Royaume-Uni est \u00e0 cheval sur la Manche au sud et la mer du Nord \u00e0 l&#039;est, occupant une position strat\u00e9gique dans l&#039;oc\u00e9an Atlantique Nord. Compos\u00e9 de quatre pays distincts \u2013 l&#039;Angleterre, l&#039;\u00c9cosse, le Pays de Galles et l&#039;Irlande du Nord \u2013, cet \u00c9tat insulaire couvre une superficie totale de 244\u00a0376 km\u00b2.<\/p>","protected":false},"author":1,"featured_media":4691,"parent":24078,"menu_order":0,"comment_status":"closed","ping_status":"closed","template":"elementor_theme","meta":{"_eb_attr":"","footnotes":""},"class_list":["post-12648","page","type-page","status-publish","has-post-thumbnail"],"_links":{"self":[{"href":"https:\/\/travelshelper.com\/fr\/wp-json\/wp\/v2\/pages\/12648","targetHints":{"allow":["GET"]}}],"collection":[{"href":"https:\/\/travelshelper.com\/fr\/wp-json\/wp\/v2\/pages"}],"about":[{"href":"https:\/\/travelshelper.com\/fr\/wp-json\/wp\/v2\/types\/page"}],"author":[{"embeddable":true,"href":"https:\/\/travelshelper.com\/fr\/wp-json\/wp\/v2\/users\/1"}],"replies":[{"embeddable":true,"href":"https:\/\/travelshelper.com\/fr\/wp-json\/wp\/v2\/comments?post=12648"}],"version-history":[{"count":0,"href":"https:\/\/travelshelper.com\/fr\/wp-json\/wp\/v2\/pages\/12648\/revisions"}],"up":[{"embeddable":true,"href":"https:\/\/travelshelper.com\/fr\/wp-json\/wp\/v2\/pages\/24078"}],"wp:featuredmedia":[{"embeddable":true,"href":"https:\/\/travelshelper.com\/fr\/wp-json\/wp\/v2\/media\/4691"}],"wp:attachment":[{"href":"https:\/\/travelshelper.com\/fr\/wp-json\/wp\/v2\/media?parent=12648"}],"curies":[{"name":"wp","href":"https:\/\/api.w.org\/{rel}","templated":true}]}}