{"id":12464,"date":"2024-09-16T01:26:46","date_gmt":"2024-09-16T01:26:46","guid":{"rendered":"https:\/\/travelshelper.com\/staging\/?page_id=12464"},"modified":"2026-03-12T18:30:03","modified_gmt":"2026-03-12T18:30:03","slug":"bar","status":"publish","type":"page","link":"https:\/\/travelshelper.com\/fr\/destinations\/europe\/montenegro\/bar\/","title":{"rendered":"Bar"},"content":{"rendered":"<p>Principale porte d&#039;entr\u00e9e maritime du Mont\u00e9n\u00e9gro, Bar est une ville de 15\u00a0868 habitants nich\u00e9e sur un territoire de 598 kilom\u00e8tres carr\u00e9s, entre littoral et arri\u00e8re-pays. Elle est le si\u00e8ge d&#039;une municipalit\u00e9 dont les 46\u00a0171 habitants vivent dans 85 villages s&#039;\u00e9tendant de l&#039;Adriatique aux rives du lac de Skadar. Situ\u00e9e \u00e0 soixante kilom\u00e8tres au sud-ouest de Podgorica, la capitale du pays, et juste en face de la ville italienne de Bari, Bar occupe une position liminale o\u00f9 les rythmes de la M\u00e9diterran\u00e9e se m\u00ealent au pouls des Balkans.<\/p>\n<p>Depuis ses origines antiques sous le nom d&#039;Antibarium \u2013 \u00ab\u00a0face \u00e0 Bari\u00a0\u00bb dans la langue des marins romains\u00a0\u2013, la ville a \u00e9t\u00e9 le t\u00e9moin d&#039;\u00e9poques d&#039;empire, de foi et de commerce maritime. Aujourd&#039;hui, elle perdure non pas comme une pi\u00e8ce de mus\u00e9e, mais comme une communaut\u00e9 vivante dont l&#039;\u00e9conomie repose sur son port en eau profonde, dont le tissu b\u00e2ti porte les cicatrices et les triomphes des dominations v\u00e9nitienne, ottomane et slave, et dont les paysages s&#039;\u00e9tendent des rivages de galets aux cr\u00eates tapiss\u00e9es de ch\u00eanes. \u00c0 Bar, g\u00e9ographie et histoire s&#039;entrem\u00ealent d&#039;une mani\u00e8re \u00e0 la fois \u00e9l\u00e9mentaire et imp\u00e9n\u00e9trable, invitant autant \u00e0 la r\u00e9flexion qu&#039;\u00e0 la curiosit\u00e9.<\/p>\n<p>La topographie de Bar se d\u00e9ploie en trois zones concentriques. \u00c0 l&#039;ouest, l&#039;Adriatique se d\u00e9ploie en bandes d&#039;un bleu aigue-marine p\u00e2le, ses mar\u00e9es balayant une c\u00f4te bord\u00e9e de ports, d&#039;oliveraies et de quelques remparts. \u00c0 l&#039;est, le paysage s&#039;\u00e9l\u00e8ve doucement vers les cr\u00eates de Rumija et de Sutorman, dont les pentes sont recouvertes de maquis et de for\u00eats de ch\u00eanes, avant de laisser place \u00e0 l&#039;immensit\u00e9 du lac de Skadar, le plus grand lac d&#039;Europe du Sud. Entre mer et lac s&#039;\u00e9tend une mosa\u00efque de vergers d&#039;agrumes, de vignobles et de champs de grenadiers, t\u00e9moignage de si\u00e8cles d&#039;agriculture subtropicale nourrie par un climat ensoleill\u00e9.<\/p>\n<p>Le climat de Bar porte l&#039;empreinte de deux r\u00e9gimes m\u00e9diterran\u00e9ens distincts. Les hivers restent doux et constamment humides, avec des temp\u00e9ratures maximales diurnes moyennes de 12,3 \u00b0C en janvier et des chutes de neige nocturnes de 4,3 \u00b0C, et des chutes de neige rares et mesur\u00e9es \u2013 notamment les neuf centim\u00e8tres de janvier 2000. Les \u00e9t\u00e9s sont longs et lumineux, avec des maximales de 27 \u00e0 28 \u00b0C en juillet et des minimales nocturnes de 18 \u00b0C, ponctu\u00e9es de br\u00e8ves pluies temp\u00e9r\u00e9es. Tout au long de l&#039;ann\u00e9e, la ville b\u00e9n\u00e9ficie de plus de 2\u00a0500 heures de soleil, peignant ses murs de pierre et ses toits de tuiles d&#039;une lumi\u00e8re et d&#039;une ombre changeantes.<\/p>\n<p>C&#039;est pourtant dans les ruines silencieuses du Vieux Bar, \u00e0 quatre kilom\u00e8tres \u00e0 l&#039;int\u00e9rieur des terres, au pied du mont Rumija, que l&#039;histoire plurielle de la r\u00e9gion s&#039;affirme le plus clairement. Ici, au-del\u00e0 des portes qui gardaient autrefois une forteresse m\u00e9di\u00e9vale, s&#039;\u00e9tendent les vestiges d\u00e9labr\u00e9s d&#039;\u00e9glises, de mosqu\u00e9es et d&#039;aqueducs. Une porte du Xe si\u00e8cle veille sur les ruines de la cath\u00e9drale Saint-Georges, fond\u00e9e au XIe si\u00e8cle, aux c\u00f4t\u00e9s des fragments de l&#039;\u00e9glise Sainte-Catherine et de la mosqu\u00e9e d&#039;Omerba\u0161i\u0107, construite en 1662. Dispers\u00e9s au milieu d&#039;elles se trouvent les vestiges d&#039;un aqueduc ottoman \u2013 reconstruit apr\u00e8s le tremblement de terre de 1979 \u2013 et le tombeau du pr\u00e9dicateur du XVIIe si\u00e8cle, Derviche Hassan. Ces pierres, bris\u00e9es et patin\u00e9es par les intemp\u00e9ries, t\u00e9moignent silencieusement d&#039;une ville qui passa autrefois entre les mains des princes slaves, des doges v\u00e9nitiens et des pachas ottomans.<\/p>\n<p>Dans les quartiers qui entourent le port moderne, l&#039;histoire de Bar se d\u00e9roule en parall\u00e8le entre industrie traditionnelle et tourisme \u00e9mergent. Le port de Bar, avec ses 3\u00a0100 m\u00e8tres de quai, ses 800 hectares de terres et ses 200 hectares d&#039;eaux abrit\u00e9es, traite quelque cinq millions de tonnes de marchandises chaque ann\u00e9e. Ses grues et ses piles de conteneurs encadrent l&#039;horizon, rappelant constamment l&#039;importance strat\u00e9gique de la ville pour le r\u00e9seau commercial du Mont\u00e9n\u00e9gro. \u00c0 proximit\u00e9, la ligne ferroviaire Belgrade-Bar, achev\u00e9e en 1976 apr\u00e8s des d\u00e9cennies de d\u00e9fis techniques, serpente \u00e0 travers des tunnels de montagne et des viaducs de vall\u00e9e, reliant l&#039;Adriatique \u00e0 la capitale serbe et ouvrant l&#039;arri\u00e8re-pays aux visiteurs comme aux marchandises.<\/p>\n<p>L&#039;agriculture reste un \u00e9l\u00e9ment essentiel de l&#039;identit\u00e9 de Bar. Le sol de la municipalit\u00e9 abrite quelque 95\u00a0000 oliviers et 80\u00a0000 agrumes \u2013 citrons, mandarines, oranges et pamplemousses \u2013 qui prosp\u00e8rent sous le soleil subtropical. Le Centre des cultures subtropicales, fond\u00e9 en 1937, est la plus ancienne institution scientifique du Mont\u00e9n\u00e9gro. Ses champs de recherche et ses p\u00e9pini\u00e8res constituent une archive vivante de l&#039;adaptation horticole. Le producteur alimentaire local Primorka, actif depuis plus d&#039;un demi-si\u00e8cle, presse de l&#039;huile d&#039;olive et met en bouteille du jus de grenade, perp\u00e9tuant ainsi des traditions culinaires qui remontent aux d\u00e9buts de l&#039;industrie dans les ann\u00e9es 1920.<\/p>\n<p>L&#039;architecture religieuse de la ville refl\u00e8te la complexit\u00e9 de son tissu social. \u00c9glises orthodoxes et catholiques c\u00f4toient des mosqu\u00e9es \u00e9rig\u00e9es sous le patronage ottoman. Dans le quartier plus r\u00e9cent de Novi Bar, l&#039;\u00e9glise Saint-Nicolas abrite l&#039;archev\u00each\u00e9 \u00e9tabli au XIe si\u00e8cle, tandis que, non loin de l\u00e0, la cath\u00e9drale moderne Saint-Jean-Vladimir, achev\u00e9e entre 2009 et 2015, rivalise avec le principal \u00e9difice orthodoxe de Podgorica en termes de taille, ses galeries orn\u00e9es de fresques \u00e9tant consacr\u00e9es au premier saint m\u00e9di\u00e9val de la r\u00e9gion. De l&#039;autre c\u00f4t\u00e9 de la ville, la mosqu\u00e9e Omerba\u0161i\u0107, dans le vieux Bar, conserve son minaret \u00e9lanc\u00e9 et sa salle de pri\u00e8re, fr\u00e9quent\u00e9e par les p\u00e8lerins attir\u00e9s par ses fondations du XVIIe si\u00e8cle.<\/p>\n<p>La composition d\u00e9mographique de Bar refl\u00e8te les vagues migratoires et les d\u00e9placements de fronti\u00e8res. Selon le recensement de 2011, les Mont\u00e9n\u00e9grins et les Serbes repr\u00e9sentent ensemble environ 84 % de la population de la ville, tandis que les Bosniaques, les musulmans, les Albanais et les Croates forment des communaut\u00e9s plus petites. La religion suit des tendances similaires\u00a0: les orthodoxes repr\u00e9sentent pr\u00e8s de 80\u00a0% de la population, tandis que les musulmans et les catholiques repr\u00e9sentent respectivement 10\u00a0% et 5\u00a0%. Ces chiffres, bien que sujets \u00e0 des variations progressives, t\u00e9moignent d&#039;une soci\u00e9t\u00e9 ancr\u00e9e dans des traditions communes de l&#039;Adriatique et des Balkans.<\/p>\n<p>Malgr\u00e9 son port strat\u00e9gique, Bar reste modeste. Son c\u0153ur m\u00e9di\u00e9val \u2013 o\u00f9 d&#039;\u00e9troites ruelles grimpent vers des remparts en ruines \u2013 ne mesure que quelques hectares, et le centre-ville contemporain, cern\u00e9 de voies ferr\u00e9es et de r\u00e9servoirs de p\u00e9trole, s&#039;\u00e9tend en blocs irr\u00e9guliers de b\u00e2timents bas. Quelques h\u00f4tels occupent le front de mer, mais la plupart des h\u00e9bergements se trouvent dans des maisons d&#039;h\u00f4tes et des logements priv\u00e9s au nord de la zone industrielle, dans des quartiers comme \u0160u\u0161anj. Ici, les plages bord\u00e9es de pins c\u00e8dent la place aux plages de galets, et l&#039;effervescence du tourisme estival reste mod\u00e9r\u00e9e, m\u00eame \u00e0 son apog\u00e9e.<\/p>\n<p>Les liaisons de transport rayonnent depuis la ville comme les rayons d&#039;une roue. L&#039;autoroute Adriatique longe la c\u00f4te, reliant Bar \u00e0 Budva au nord et Ulcinj au sud. Le tunnel de Sozina, ouvert en 2006, a ouvert une voie directe \u00e0 travers les montagnes de Golija jusqu&#039;\u00e0 Podgorica, r\u00e9duisant le temps de trajet \u00e0 moins d&#039;une heure. Un ferry assure la travers\u00e9e de quatre-vingts kilom\u00e8tres jusqu&#039;\u00e0 Bari, en Italie, dont les horaires saisonniers refl\u00e8tent les fluctuations du tourisme\u00a0; le service vers Anc\u00f4ne a \u00e9t\u00e9 interrompu fin 2016. \u00c0 l&#039;int\u00e9rieur des terres, des services de bus relient Bar \u00e0 Sutomore, aux plages de la Riviera de Budva et aux villages qui entourent le lac de Skadar, tandis que des trains arrivent et partent toutes les heures \u00e0 la gare, leurs wagons rappelant le patrimoine industriel de la ville.<\/p>\n<p>La vie culturelle de Bar est anim\u00e9e par deux institutions install\u00e9es dans des vestiges royaux. Le palais du roi Nicolas, une construction de 1885 au style \u00e9clectique, se dresse au c\u0153ur de jardins verdoyants, son orangerie et ses balcons en fer forg\u00e9 laissant entrevoir des influences Art nouveau. Aujourd&#039;hui, il abrite le mus\u00e9e d&#039;histoire locale, dont les salles, am\u00e9nag\u00e9es pour \u00e9voquer l&#039;int\u00e9rieur d&#039;une cour de la fin du XIXe si\u00e8cle, pr\u00e9sentent du mobilier d&#039;\u00e9poque, des portraits et des documents d&#039;archives. Non loin de l\u00e0, la forteresse m\u00e9di\u00e9vale du Vieux Bar a \u00e9t\u00e9 partiellement transform\u00e9e en mus\u00e9e \u00e0 ciel ouvert, o\u00f9 des sentiers guid\u00e9s m\u00e8nent les visiteurs parmi les citernes, les remparts et le c\u00e9l\u00e8bre \u00ab\u00a0Vieil Olivier\u00a0\u00bb, un arbre noueux r\u00e9put\u00e9 vieux de deux mill\u00e9naires.<\/p>\n<p>Le march\u00e9 bat son plein le long du boulevard 24 Novembra, o\u00f9 les \u00e9tals proposent des fromages dans des bacs en bois et o\u00f9 le pavillon de poissons propose la p\u00eache quotidienne de l&#039;Adriatique \u00e0 prix locaux. Un supermarch\u00e9 VOLI, pr\u00e8s de la gare, dessert les habitants avec son hypermarch\u00e9, sa pharmacie et son \u00e9picerie fine. Les caf\u00e9s s&#039;\u00e9tendent sur la rue pav\u00e9e qui monte du parking jusqu&#039;\u00e0 la porte du Vieux Bar, leurs tables offrant une vari\u00e9t\u00e9 de styles\u00a0: certains modestes bancs en bois pr\u00e8s des remparts de la forteresse, d&#039;autres \u00e9l\u00e9gamment am\u00e9nag\u00e9s avec des auvents ray\u00e9s et des chaises en fer forg\u00e9. Parmi eux, citons le \u0107evabd\u017einica Dino, o\u00f9 des boulettes d&#039;agneau assaisonn\u00e9es partagent les tables avec du jus de grenade, et le Fish Bar Cvijo, dont la carte en forme de mezzaluna propose des sp\u00e9cialit\u00e9s de grillades dans des ambiances aux couleurs de la mer.<\/p>\n<p>La vie nocturne \u00e0 Bar est paisible. L\u00e0 o\u00f9 d&#039;autres stations baln\u00e9aires de l&#039;Adriatique baignent de lumi\u00e8re et de musique jusqu&#039;au petit matin, les soir\u00e9es de Bar se terminent \u00e0 minuit, ponctu\u00e9es par des bars \u00e0 bi\u00e8res artisanales comme le 501 Darts Bar et le Varadero. Les taxis se regroupent pr\u00e8s des gares routi\u00e8re et ferroviaire, desservant les plages de \u0160u\u0161anj et au-del\u00e0 gr\u00e2ce aux bus toutes les heures. Pour ceux qui recherchent une compagnie plus anim\u00e9e, Sutomore, un village situ\u00e9 \u00e0 dix minutes au sud par la route, offre plages de sable et clubs saisonniers, tandis que la vie nocturne historique de Budva se trouve \u00e0 une heure au nord.<\/p>\n<p>Dans l&#039;arri\u00e8re-pays, les ruines du monast\u00e8re de Ratac et de la forteresse de Tabiya se dressent sur des collines bois\u00e9es, offrant une vue imprenable sur la mer et le lac. Une route secondaire m\u00e8ne \u00e0 un monument comm\u00e9morant la bataille de Bar en 1042, o\u00f9 les forces serbes dirig\u00e9es par Stefan Vojislav ont vaincu les Byzantins\u00a0; un site dont les socles en b\u00e9ton servent aujourd&#039;hui de belv\u00e9d\u00e8re panoramique. \u00c0 l&#039;est, les pentes entourant le lac de Skadar s&#039;ouvrent sur la Skadarska Krajina, une mosa\u00efque de villages de p\u00eacheurs et de zones humides riches en oiseaux qui invitent \u00e0 une exploration matinale en bateau.<\/p>\n<p>Modern Bar r\u00e9siste aux st\u00e9r\u00e9otypes de la Riviera. Ni une station baln\u00e9aire \u00e0 grand d\u00e9ploiement, ni un port de province tranquille, mais plut\u00f4t un lieu aux rythmes annuels ancr\u00e9s autant dans le commerce maritime et l&#039;agriculture que dans le tourisme baln\u00e9aire. Tout au long de l&#039;ann\u00e9e, les grues du port s&#039;activent, les olives tombent en automne, les \u00e9coles et les magasins ouvrent en septembre, et les f\u00eates orthodoxes et musulmanes marquent le printemps et l&#039;\u00e9t\u00e9. Il r\u00e8gne ici une certaine solidit\u00e9 dans la vie quotidienne, un courant historique sous-jacent qui s&#039;affirme chaque fois que le vent du large agite les cypr\u00e8s ou qu&#039;un train siffle dans le tunnel pour rejoindre la gare.<\/p>\n<p>Pour le voyageur d\u00e9sireux de d\u00e9couvrir une ville authentique de l&#039;Adriatique, Bar offre un \u00e9quilibre entre l&#039;essentiel et le quotidien. On peut suivre les traces d&#039;une porte v\u00e9nitienne, s&#039;arr\u00eater devant une mosqu\u00e9e ottomane ou s&#039;attarder devant une table de fromages locaux sans jamais ressentir le rythme dict\u00e9 par l&#039;itin\u00e9raire d&#039;un guide touristique. Ici, l&#039;Adriatique n&#039;est ni une commodit\u00e9 ni un simple d\u00e9cor, mais un interlocuteur constant, des bateaux de p\u00eache \u00e0 l&#039;aube aux ferries en partance pour l&#039;Italie au cr\u00e9puscule.<\/p>\n<p>Finalement, Bar se r\u00e9v\u00e8le non pas dans un panorama unique, mais dans une succession de petites rencontres\u00a0: le son saccad\u00e9 de la tour de l&#039;horloge \u00e0 midi, le parfum du jasmin m\u00eal\u00e9 aux gaz d&#039;\u00e9chappement des moteurs diesel pr\u00e8s du quai, l&#039;\u00e9cho des rires d&#039;enfants sous les arches en ruines de l&#039;\u00e9glise Sainte-Catherine. Ces d\u00e9tails se fondent dans l&#039;image d&#039;une ville \u00e0 la fois ancr\u00e9e dans son patrimoine et ouverte aux courants du changement, o\u00f9 l&#039;ancien et le moderne trouvent un \u00e9quilibre provisoire, et o\u00f9 l&#039;histoire est toujours en construction.<\/p>","protected":false},"excerpt":{"rendered":"<p>Bar, ville c\u00f4ti\u00e8re du Mont\u00e9n\u00e9gro, se situe \u00e0 75 kilom\u00e8tres de Podgorica, la capitale. Avec ses 13\u00a0719 habitants, Bar est le centre d&#039;une municipalit\u00e9 plus vaste qui comprend 83 villages et compte une population totale de 40\u00a0037 habitants. Cette ville dynamique est r\u00e9put\u00e9e pour la diversit\u00e9 de son tissu culturel, accueillant pas moins de 25 nationalit\u00e9s diff\u00e9rentes qui cohabitent en harmonie sur son territoire. Le caract\u00e8re unique de Bar refl\u00e8te son importance historique en tant que creuset d&#039;influences m\u00e9diterran\u00e9ennes et orientales, cr\u00e9ant un m\u00e9lange de cultures distinctif qui continue de d\u00e9finir son identit\u00e9 aujourd&#039;hui.<\/p>","protected":false},"author":1,"featured_media":3036,"parent":12406,"menu_order":0,"comment_status":"closed","ping_status":"closed","template":"elementor_theme","meta":{"_eb_attr":"","footnotes":""},"class_list":["post-12464","page","type-page","status-publish","has-post-thumbnail"],"_links":{"self":[{"href":"https:\/\/travelshelper.com\/fr\/wp-json\/wp\/v2\/pages\/12464","targetHints":{"allow":["GET"]}}],"collection":[{"href":"https:\/\/travelshelper.com\/fr\/wp-json\/wp\/v2\/pages"}],"about":[{"href":"https:\/\/travelshelper.com\/fr\/wp-json\/wp\/v2\/types\/page"}],"author":[{"embeddable":true,"href":"https:\/\/travelshelper.com\/fr\/wp-json\/wp\/v2\/users\/1"}],"replies":[{"embeddable":true,"href":"https:\/\/travelshelper.com\/fr\/wp-json\/wp\/v2\/comments?post=12464"}],"version-history":[{"count":0,"href":"https:\/\/travelshelper.com\/fr\/wp-json\/wp\/v2\/pages\/12464\/revisions"}],"up":[{"embeddable":true,"href":"https:\/\/travelshelper.com\/fr\/wp-json\/wp\/v2\/pages\/12406"}],"wp:featuredmedia":[{"embeddable":true,"href":"https:\/\/travelshelper.com\/fr\/wp-json\/wp\/v2\/media\/3036"}],"wp:attachment":[{"href":"https:\/\/travelshelper.com\/fr\/wp-json\/wp\/v2\/media?parent=12464"}],"curies":[{"name":"wp","href":"https:\/\/api.w.org\/{rel}","templated":true}]}}