{"id":12305,"date":"2024-09-15T22:10:07","date_gmt":"2024-09-15T22:10:07","guid":{"rendered":"https:\/\/travelshelper.com\/staging\/?page_id=12305"},"modified":"2026-03-12T18:44:28","modified_gmt":"2026-03-12T18:44:28","slug":"macedoine-du-nord","status":"publish","type":"page","link":"https:\/\/travelshelper.com\/fr\/destinations\/europe\/north-macedonia\/","title":{"rendered":"Mac\u00e9doine du Nord"},"content":{"rendered":"<p>La R\u00e9publique de Mac\u00e9doine du Nord occupe une \u00e9tendue enclav\u00e9e au sud de la p\u00e9ninsule balkanique, couvrant environ 25\u00a0436 kilom\u00e8tres carr\u00e9s. \u00c0 cheval sur les latitudes 40\u00b0 \u00e0 43\u00b0 N et les longitudes 20\u00b0 \u00e0 23\u00b0 E, elle constitue le tiers nord de la r\u00e9gion g\u00e9ographique plus vaste historiquement connue sous le nom de Mac\u00e9doine. Le pays est limit\u00e9 au nord par la Serbie, au nord-ouest par le Kosovo, \u00e0 l&#039;ouest par l&#039;Albanie, au sud par la Gr\u00e8ce et \u00e0 l&#039;est par la Bulgarie, avec une fronti\u00e8re terrestre totale d&#039;environ 748 kilom\u00e8tres. Skopje, capitale et plus grand centre urbain du pays, abrite environ un quart de sa population, qui d\u00e9passe 1,83 million d&#039;habitants. La majorit\u00e9 d\u00e9mographique est compos\u00e9e de Mac\u00e9doniens de souche, un peuple slave du Sud, tandis que les Albanais constituent environ un quart de la population\u00a0; des communaut\u00e9s plus petites comprennent des Turcs, des Roms, des Serbes, des Bosniaques, des Aroumains et d&#039;autres groupes.<\/p>\n<p>Les traces d&#039;occupation humaine sur le territoire aujourd&#039;hui connu sous le nom de Mac\u00e9doine du Nord remontent \u00e0 l&#039;ancien royaume de P\u00e9onie. \u00c0 la fin du VIe si\u00e8cle avant J.-C., la r\u00e9gion tomba sous la domination des Perses ach\u00e9m\u00e9nides, avant d&#039;\u00eatre incorpor\u00e9e au royaume de Mac\u00e9doine, alors en plein essor, au IVe si\u00e8cle avant J.-C. La R\u00e9publique romaine annexa la r\u00e9gion au IIe si\u00e8cle avant J.-C., l&#039;int\u00e9grant \u00e0 la province de Mac\u00e9doine. Apr\u00e8s la division du royaume romain, le territoire resta sous autorit\u00e9 byzantine, malgr\u00e9 les incursions et les implantations r\u00e9p\u00e9t\u00e9es de tribus slaves \u00e0 partir du VIe si\u00e8cle apr\u00e8s J.-C. Au cours des si\u00e8cles suivants, le contr\u00f4le oscilla entre les r\u00e9gimes politiques bulgare, byzantin et serbe, jusqu&#039;\u00e0 ce que l&#039;Empire ottoman engloutisse la r\u00e9gion au milieu du XIVe si\u00e8cle. La domination ottomane perdura jusqu&#039;au d\u00e9but du XXe si\u00e8cle, lorsque les guerres balkaniques de 1912 et 1913 plac\u00e8rent les fronti\u00e8res actuelles de la Mac\u00e9doine du Nord sous souverainet\u00e9 serbe.<\/p>\n<p>Les bouleversements du XXe si\u00e8cle ont entra\u00een\u00e9 de nouveaux changements de gouvernance. Pendant la Premi\u00e8re Guerre mondiale, la Bulgarie a administr\u00e9 le territoire, mais la fin de la guerre a r\u00e9tabli la domination serbe au sein du Royaume des Serbes, Croates et Slov\u00e8nes nouvellement constitu\u00e9. Lors de la Seconde Guerre mondiale, le contr\u00f4le est revenu \u00e0 la Bulgarie, et avec la cr\u00e9ation de la R\u00e9publique f\u00e9d\u00e9rative socialiste de Yougoslavie en 1945, la r\u00e9gion est devenue l&#039;une de ses six r\u00e9publiques constitutives. Une s\u00e9cession pacifique en 1991 a donn\u00e9 lieu \u00e0 une ind\u00e9pendance totale, et en 1993, le pays a rejoint les Nations Unies sous l&#039;appellation provisoire d&#039;\u00ab ex-R\u00e9publique yougoslave de Mac\u00e9doine \u00bb (ARY de Mac\u00e9doine), en raison d&#039;un diff\u00e9rend avec la Gr\u00e8ce concernant son nom. Apr\u00e8s de longues n\u00e9gociations, l&#039;accord de Prespa de 2018 a mis fin \u00e0 ce conflit en stipulant le nom officiel de R\u00e9publique de Mac\u00e9doine du Nord, entr\u00e9 en vigueur d\u00e9but 2019.<\/p>\n<p>Depuis son ind\u00e9pendance, la Mac\u00e9doine du Nord a poursuivi son int\u00e9gration aux structures euro-atlantiques. Elle a adh\u00e9r\u00e9 \u00e0 l&#039;OTAN en 2020 et est membre du Conseil de l&#039;Europe, de la Banque mondiale, de l&#039;Organisation pour la s\u00e9curit\u00e9 et la coop\u00e9ration en Europe (OSCE), de l&#039;Accord de libre-\u00e9change centre-europ\u00e9en (ALECE), de l&#039;Organisation de coop\u00e9ration \u00e9conomique de la mer Noire (OCEMN) et de l&#039;Organisation mondiale du commerce (OMC). Candidate \u00e0 l&#039;adh\u00e9sion \u00e0 l&#039;Union europ\u00e9enne depuis 2005, la Mac\u00e9doine du Nord a mis en \u0153uvre d&#039;importantes r\u00e9formes \u00e9conomiques pour passer d&#039;un syst\u00e8me socialiste \u00e0 planification centralis\u00e9e \u00e0 une \u00e9conomie de march\u00e9 ouverte. Class\u00e9e par la Banque mondiale comme pays \u00e0 revenu interm\u00e9diaire de la tranche sup\u00e9rieure, la Mac\u00e9doine du Nord pr\u00e9sente un profil de pays en d\u00e9veloppement avec un indice de d\u00e9veloppement humain tr\u00e8s \u00e9lev\u00e9, de faibles in\u00e9galit\u00e9s de revenus et une s\u00e9curit\u00e9 sociale financ\u00e9e par l&#039;\u00c9tat, des soins de sant\u00e9 universels et un enseignement primaire et secondaire gratuit.<\/p>\n<p>La topographie de la Mac\u00e9doine du Nord est domin\u00e9e par une vall\u00e9e centrale creus\u00e9e par le fleuve Vardar et entour\u00e9e de cha\u00eenes de montagnes. S&#039;\u00e9tendant entre les monts \u0160ar au nord-ouest et la cha\u00eene Osogovo-Belasica au sud-est, le relief est en grande partie accident\u00e9. Trois grands lacs \u2013 Ohrid, Prespa et Dojran \u2013 chevauchent les fronti\u00e8res sud du pays, partag\u00e9s en partie avec l&#039;Albanie et la Gr\u00e8ce. Le lac d&#039;Ohrid compte parmi les plus anciens lacs du monde, avec son \u00e9cosyst\u00e8me aquatique unique. La r\u00e9gion se trouve dans une zone sismique active\u00a0; un tremblement de terre d\u00e9vastateur en 1963 a notamment gravement endommag\u00e9 Skopje et fait plus de 1\u00a0000 morts.<\/p>\n<p>Deux principaux syst\u00e8mes montagneux d\u00e9finissent le relief du pays. Les monts \u0160ar et la cha\u00eene du Vardar occidental\/P\u00e9lagonie, comprenant des sommets tels que le mont Baba, Nid\u017ee, Ko\u017euf et Jakupica, font partie du syst\u00e8me dinarique et sont g\u00e9ologiquement plus jeunes et plus \u00e9lev\u00e9s que la cha\u00eene Osogovo-Belasica (Rhodopes). Le mont Korab, culminant \u00e0 2\u00a0764 m\u00e8tres \u00e0 la fronti\u00e8re avec l&#039;Albanie, repr\u00e9sente le plus haut sommet du pays. Sur le plan hydrologique, les cours d&#039;eau de la Mac\u00e9doine du Nord se drainent dans trois bassins\u00a0: la mer \u00c9g\u00e9e, l&#039;Adriatique et la mer Noire. Le bassin \u00e9g\u00e9en couvre quelque 22\u00a0075 kilom\u00e8tres carr\u00e9s, soit environ 87\u00a0% du territoire, le Vardar canalisant \u00e0 lui seul l&#039;eau de 80\u00a0% de la superficie terrestre. Le bassin adriatique, d\u00e9fini par le Drin noir et aliment\u00e9 par les lacs Prespa et Ohrid, couvre 3\u00a0320 kilom\u00e8tres carr\u00e9s, soit 13\u00a0% du pays. Le bassin de la mer Noire est le plus petit, drainant seulement 37 kilom\u00e8tres carr\u00e9s au nord du mont Skopska Crna Gora via la Bina\u010dka Morava et le syst\u00e8me Morava-Danube. Outre ses trois lacs naturels, le pays compte une cinquantaine d&#039;\u00e9tangs artificiels et abrite neuf stations thermales et stations baln\u00e9aires r\u00e9put\u00e9es pour leurs eaux min\u00e9rales.<\/p>\n<p>Sur le plan climatique, la Mac\u00e9doine du Nord conna\u00eet quatre saisons distinctes. Les \u00e9t\u00e9s sont g\u00e9n\u00e9ralement chauds et secs, avec des temp\u00e9ratures atteignant parfois 40 \u00b0C, notamment dans les localit\u00e9s m\u00e9ridionales de Demir Kapija et Gevgelija, o\u00f9 les pressions subtropicales de la mer \u00c9g\u00e9e et les influences du Moyen-Orient cr\u00e9ent des p\u00e9riodes de chaleur prolong\u00e9es. Les hivers sont mod\u00e9r\u00e9ment froids et neigeux, avec des temp\u00e9ratures minimales descendant jusqu&#039;\u00e0 -20 \u00b0C sous l&#039;influence des vents du nord. Le climat se subdivise en trois zones principales\u00a0: un r\u00e9gime continental doux au nord, un r\u00e9gime m\u00e9diterran\u00e9en temp\u00e9r\u00e9 au sud et un climat montagneux en altitude. Les pr\u00e9cipitations annuelles varient consid\u00e9rablement, de 1\u00a0700\u00a0mm dans les montagnes occidentales \u00e0 500\u00a0mm dans les plaines orientales\u00a0; la vall\u00e9e du Vardar enregistre \u00e9galement environ 500\u00a0mm par an. Ces disparit\u00e9s climatiques et d&#039;irrigation favorisent la culture de diverses cultures, notamment le bl\u00e9, le ma\u00efs, les pommes de terre, le pavot, l&#039;arachide et le riz. Trente stations m\u00e9t\u00e9orologiques principales r\u00e9parties dans le pays surveillent la m\u00e9t\u00e9o et le climat.<\/p>\n<p>Sur le plan administratif, la Mac\u00e9doine du Nord est divis\u00e9e en huit r\u00e9gions statistiques, cr\u00e9\u00e9es exclusivement \u00e0 des fins juridiques et statistiques\u00a0: l\u2019Est, le Nord-Est, la P\u00e9lagonie, le Polog, Skopje, le Sud-Est, le Sud-Ouest et le Vardar. En ao\u00fbt\u00a02004, une r\u00e9forme a cr\u00e9\u00e9 84\u00a0municipalit\u00e9s, dont dix forment la ville de Skopje, une unit\u00e9 autonome distincte et la capitale nationale. Cette r\u00e9forme a consolid\u00e9 une grande partie des 123\u00a0municipalit\u00e9s existantes depuis\u00a01996, en r\u00e9visant les limites territoriales et en fusionnant des unit\u00e9s plus petites si n\u00e9cessaire. Avant l\u2019introduction des municipalit\u00e9s, la gouvernance locale s\u2019exer\u00e7ait par l\u2019interm\u00e9diaire de 34\u00a0districts administratifs ou communes.<\/p>\n<p>Fran\u00e7ais Le tourisme constitue un segment important de l&#039;\u00e9conomie du pays, repr\u00e9sentant 6,7 % du produit int\u00e9rieur brut en 2016 et g\u00e9n\u00e9rant environ 38,5 milliards de denars (616 millions d&#039;euros) de recettes. Le conflit arm\u00e9 de 2001 a repr\u00e9sent\u00e9 le coup le plus s\u00e9v\u00e8re au tourisme apr\u00e8s l&#039;ind\u00e9pendance ; cependant, le nombre de visiteurs a rebondi depuis, augmentant de 14,6 % en 2011. En 2019, le pays a accueilli 1\u00a0184\u00a0963 arriv\u00e9es de touristes, dont 757\u00a0593 \u00e9taient des visiteurs \u00e9trangers, principalement en provenance de Turquie, de Serbie voisine, de Gr\u00e8ce et de Bulgarie, ainsi que de Pologne et d&#039;autres pays d&#039;Europe occidentale. Environ 60 % des visiteurs se concentrent \u00e0 Skopje et dans la r\u00e9gion du sud-ouest, attir\u00e9s par le patrimoine culturel, les \u00e9quipements urbains et les paysages naturels. Le tourisme lacustre, centr\u00e9 sur Ohrid, Prespa et Dojran, constitue la branche la plus importante, soutenue par plus de cinquante petits lacs glaciaires. Le tourisme de montagne est \u00e9galement bien d\u00e9velopp\u00e9, avec seize sommets d\u00e9passant les 2 000 m\u00e8tres, tandis que le tourisme rural et \u00e9cotouristique, le tourisme urbain et le tourisme culturel s&#039;\u00e9panouissent \u00e0 travers la gastronomie, la musique traditionnelle, les festivals et les sites patrimoniaux.<\/p>\n<p>Les infrastructures de transport demeurent cruciales pour le d\u00e9veloppement \u00e9conomique de la Mac\u00e9doine du Nord. \u00c9tat enclav\u00e9 au c\u0153ur des Balkans, le pays sert de corridor de transit pour les marchandises circulant depuis le port de Thessalonique en Gr\u00e8ce, via l&#039;int\u00e9rieur des Balkans vers l&#039;Europe occidentale, centrale et orientale, ainsi que via la Bulgarie \u00e0 l&#039;est. En 2019, le r\u00e9seau routier s&#039;\u00e9tendait sur environ 10\u00a0591 kilom\u00e8tres, dont environ 6\u00a0000 kilom\u00e8tres \u00e9taient asphalt\u00e9s. La principale art\u00e8re suit l&#039;axe nord-sud de la vall\u00e9e du Vardar, notamment la route europ\u00e9enne E75 reliant la Gr\u00e8ce \u00e0 la Serbie et au-del\u00e0. Le r\u00e9seau ferroviaire, exploit\u00e9 par Makedonski \u017deleznici, s&#039;\u00e9tend sur 922 kilom\u00e8tres\u00a0; sa ligne principale relie la fronti\u00e8re serbe \u00e0 Gevgelija, \u00e0 la fronti\u00e8re grecque, en passant par Kumanovo, Skopje et Veles. Depuis 2001, une ligne reliant la Mac\u00e9doine du Nord \u00e0 la Bulgarie \u00e0 Beljakovci facilite la future liaison Skopje-Sofia. Skopje est la principale plaque tournante ferroviaire, avec Veles et Kumanovo comme jonctions secondaires.<\/p>\n<p>Les services postaux sont assur\u00e9s par l&#039;entreprise publique North Macedonia Post, cr\u00e9\u00e9e en 1992 sous le nom de PTT Macedonia et admise \u00e0 l&#039;Union postale universelle en 1993\u00a0; en 1997, les fonctions postales et de t\u00e9l\u00e9communications ont \u00e9t\u00e9 s\u00e9par\u00e9es, donnant naissance \u00e0 Macedonian Telekom et \u00e0 North Macedonia Post. Le transport maritime se limite au trafic lacustre sur Ohrid et Prespa, principalement \u00e0 des fins touristiques. L&#039;infrastructure a\u00e9rienne comprend dix-sept a\u00e9rodromes, dont onze avec pistes asphalt\u00e9es, et deux a\u00e9roports internationaux\u00a0: l&#039;a\u00e9roport international de Skopje et l&#039;a\u00e9roport Saint-Paul-l&#039;Ap\u00f4tre d&#039;Ohrid.<\/p>\n<p>Selon le recensement national de 2021, la population de la Mac\u00e9doine du Nord s&#039;\u00e9levait \u00e0 1\u00a0836\u00a0713 habitants, soit une densit\u00e9 de 72,2 personnes par kilom\u00e8tre carr\u00e9 et un \u00e2ge moyen de 40,08 ans. Le recensement a recens\u00e9 598\u00a0632 m\u00e9nages, comptant en moyenne 3,06 membres chacun, et une r\u00e9partition quasi \u00e9quilibr\u00e9e des sexes\u00a0: 50,4\u00a0% de femmes pour 49,6\u00a0% d&#039;hommes. Sur le plan ethnique, les Mac\u00e9doniens pr\u00e9dominent, suivis des Albanais, concentr\u00e9s dans le nord-ouest, des Turcs, officiellement au nombre d&#039;environ 70\u00a0000, mais dont le nombre pourrait atteindre 200\u00a0000 selon des estimations officieuses, et peut-\u00eatre jusqu&#039;\u00e0 260\u00a0000 Roms selon certaines estimations. Parmi les groupes plus petits figurent les Serbes, les Bosniaques et les Aroumains.<\/p>\n<p>La vie culturelle en Mac\u00e9doine du Nord refl\u00e8te un riche patrimoine artistique, architectural, litt\u00e9raire et musical, avec de nombreux monuments religieux anciens prot\u00e9g\u00e9s comme tr\u00e9sors nationaux. L&#039;architecture eccl\u00e9siastique regorge de fresques byzantines datant des XIe et XVIe si\u00e8cles\u00a0; plusieurs milliers de m\u00e8tres carr\u00e9s de ces peintures sont conserv\u00e9s en excellent \u00e9tat, illustrant l&#039;\u00e9cole iconographique mac\u00e9donienne. Parmi les \u00e9v\u00e9nements annuels figurent le Festival d&#039;\u00e9t\u00e9 de musique classique et de th\u00e9\u00e2tre d&#039;Ohrid, les Soir\u00e9es po\u00e9tiques de Struga, qui r\u00e9unissent des po\u00e8tes de plus de cinquante pays, le Festival international de la cam\u00e9ra de Bitola, le Festival de th\u00e9\u00e2tre ouvert pour la jeunesse et le Festival de jazz de Skopje. L&#039;Op\u00e9ra national, inaugur\u00e9 en 1947 sous le nom d&#039;Op\u00e9ra de Mac\u00e9doine, a pr\u00e9sent\u00e9 sa premi\u00e8re production de Cavalleria rusticana sous la direction de Branko Pomori\u0161ac\u00a0; depuis 1972, les Soir\u00e9es d&#039;op\u00e9ra de mai \u00e0 Skopje proposent deux \u00e0 trois semaines de repr\u00e9sentations nocturnes, en commen\u00e7ant par Tsar Samuil de Kiril Makedonski.<\/p>\n<p>Les traditions culinaires refl\u00e8tent la position du pays au carrefour des influences balkaniques, m\u00e9diterran\u00e9ennes et moyen-orientales. Un climat chaud offre une abondance de l\u00e9gumes, d&#039;herbes et de fruits, tandis que les fromages et vignobles locaux produisent des fromages et des vins r\u00e9put\u00e9s. La rakija, une eau-de-vie de fruits, accompagne le tav\u010de grav\u010de (haricots blancs \u00e0 la sauce tomate et poivrons rouges), largement consid\u00e9r\u00e9 comme le plat national. Le mastika, une liqueur anis\u00e9e, est la boisson nationale. Parmi les autres sp\u00e9cialit\u00e9s populaires, on trouve la salade \u0160opska, l&#039;ajvar (p\u00e2te \u00e0 tartiner aux poivrons rouges grill\u00e9s), les poivrons farcis et la pastrmajlija (sorte de tourte \u00e0 la viande).<\/p>\n<p>Les centres urbains s&#039;\u00e9tendent de la vaste m\u00e9tropole de Skopje, qui abrite plus d&#039;un demi-million d&#039;habitants et regorge de mosqu\u00e9es ottomanes, de fa\u00e7ades n\u00e9oclassiques, de la forteresse m\u00e9di\u00e9vale de Kale et de l&#039;embl\u00e9matique pont de pierre sur le Vardar, \u00e0 des villes plus petites comme Bitola, avec ses anciens remparts, ses bazars ottomans et ses caf\u00e9s contemporains, Kratovo, perch\u00e9e au c\u0153ur d&#039;un crat\u00e8re volcanique \u00e9teint, et Kru\u0161evo, la plus haute ville du pays et site d&#039;une insurrection en 1878. La cit\u00e9 lacustre d&#039;Ohrid, inscrite au patrimoine mondial de l&#039;UNESCO pour ses monuments culturels et son environnement naturel, abrite une multitude d&#039;\u00e9glises byzantines, dont l&#039;\u00e9glise Saint-Jean-de-Kaneo, accroch\u00e9e \u00e0 une falaise surplombant l&#039;eau, et l&#039;une des plus belles collections d&#039;ic\u00f4nes slaves au monde. Sa ville jumelle, Struga, offre un charme similaire avec une ambiance plus calme.<\/p>\n<p>Au-del\u00e0 des zones urbaines, la campagne regorge d&#039;attractions. Le parc national du Pelister, le plus ancien du pays, abrite une flore et une faune end\u00e9miques ainsi que deux lacs glaciaires appel\u00e9s \u00ab\u00a0Mountain Eyes\u00a0\u00bb. Le parc national de Mavrovo englobe le plus haut sommet du pays, le Golem Korab, les profondes gorges de la rivi\u00e8re Debar et le monast\u00e8re de Sveti Jovan Bigorski. La r\u00e9serve de Jasen, rarement visit\u00e9e, pr\u00e8s de Skopje, offre un habitat \u00e0 la faune et des for\u00eats vierges. Parmi les autres sites d&#039;int\u00e9r\u00eat, citons la ville de pierre de Kuklica pr\u00e8s de Kratovo, les tours m\u00e9di\u00e9vales de Markovi Kuli pr\u00e8s de Prilep et le site arch\u00e9ologique de Stobi, qui pr\u00e9serve des vestiges des p\u00e9riodes hell\u00e9nistique, romaine et pal\u00e9ochr\u00e9tienne.<\/p>\n<p>En r\u00e9sum\u00e9, la Mac\u00e9doine du Nord pr\u00e9sente une mosa\u00efque de strates historiques, de paysages vari\u00e9s, de zones climatiques et de traditions culturelles. Depuis ses origines antiques jusqu&#039;\u00e0 ses empires successifs, sa f\u00e9d\u00e9ration socialiste et son ind\u00e9pendance pacifique, le pays s&#039;est forg\u00e9 une identit\u00e9 propre au c\u0153ur des Balkans. Son relief montagneux, ses vall\u00e9es sismiques actives, ses lacs cristallins et ses monuments urbains t\u00e9moignent d&#039;une g\u00e9ographie physique complexe, tandis que sa mosa\u00efque d\u00e9mographique, ses sp\u00e9cialit\u00e9s culinaires et ses festivals dynamiques refl\u00e8tent un patrimoine pluriel. Plateforme de transit et candidate \u00e0 l&#039;adh\u00e9sion \u00e0 l&#039;Union europ\u00e9enne, la Mac\u00e9doine du Nord continue de concilier r\u00e9forme \u00e9conomique et pr\u00e9servation culturelle, invitant visiteurs et chercheurs \u00e0 explorer son h\u00e9ritage durable et son avenir en \u00e9volution.<\/p>","protected":false},"excerpt":{"rendered":"<p>La Mac\u00e9doine du Nord, officiellement la R\u00e9publique de Mac\u00e9doine du Nord, est un pays enclav\u00e9 situ\u00e9 en Europe du Sud-Est, qui compte environ 1,83 million d&#039;habitants. Situ\u00e9e au carrefour des Balkans, cette petite nation partage des fronti\u00e8res avec la Gr\u00e8ce au sud, l&#039;Albanie \u00e0 l&#039;ouest, la Bulgarie \u00e0 l&#039;est, le Kosovo au nord-ouest et la Serbie au nord. Sa position strat\u00e9gique a jou\u00e9 un r\u00f4le d\u00e9terminant dans la richesse et la diversit\u00e9 de son histoire, de sa culture et de sa population.<\/p>","protected":false},"author":1,"featured_media":2831,"parent":24078,"menu_order":0,"comment_status":"closed","ping_status":"closed","template":"elementor_theme","meta":{"_eb_attr":"","footnotes":""},"class_list":["post-12305","page","type-page","status-publish","has-post-thumbnail"],"_links":{"self":[{"href":"https:\/\/travelshelper.com\/fr\/wp-json\/wp\/v2\/pages\/12305","targetHints":{"allow":["GET"]}}],"collection":[{"href":"https:\/\/travelshelper.com\/fr\/wp-json\/wp\/v2\/pages"}],"about":[{"href":"https:\/\/travelshelper.com\/fr\/wp-json\/wp\/v2\/types\/page"}],"author":[{"embeddable":true,"href":"https:\/\/travelshelper.com\/fr\/wp-json\/wp\/v2\/users\/1"}],"replies":[{"embeddable":true,"href":"https:\/\/travelshelper.com\/fr\/wp-json\/wp\/v2\/comments?post=12305"}],"version-history":[{"count":0,"href":"https:\/\/travelshelper.com\/fr\/wp-json\/wp\/v2\/pages\/12305\/revisions"}],"up":[{"embeddable":true,"href":"https:\/\/travelshelper.com\/fr\/wp-json\/wp\/v2\/pages\/24078"}],"wp:featuredmedia":[{"embeddable":true,"href":"https:\/\/travelshelper.com\/fr\/wp-json\/wp\/v2\/media\/2831"}],"wp:attachment":[{"href":"https:\/\/travelshelper.com\/fr\/wp-json\/wp\/v2\/media?parent=12305"}],"curies":[{"name":"wp","href":"https:\/\/api.w.org\/{rel}","templated":true}]}}