{"id":12252,"date":"2024-09-15T20:08:02","date_gmt":"2024-09-15T20:08:02","guid":{"rendered":"https:\/\/travelshelper.com\/staging\/?page_id=12252"},"modified":"2026-03-12T19:24:46","modified_gmt":"2026-03-12T19:24:46","slug":"norvege","status":"publish","type":"page","link":"https:\/\/travelshelper.com\/fr\/destinations\/europe\/norway\/","title":{"rendered":"Norv\u00e8ge"},"content":{"rendered":"<p>Le Royaume de Norv\u00e8ge occupe la partie la plus occidentale et septentrionale de la p\u00e9ninsule scandinave, en Europe du Nord, et englobe les \u00eeles arctiques recul\u00e9es de Jan Mayen et l&#039;archipel du Svalbard. L&#039;\u00eele Bouvet, dans la zone subantarctique, est une d\u00e9pendance, tandis que la Norv\u00e8ge revendique les territoires antarctiques de l&#039;\u00eele Pierre Ier et de la Terre de la Reine-Maud. Au quatri\u00e8me trimestre 2024, sa population s&#039;\u00e9levait \u00e0 5\u00a0585\u00a0044 habitants, Oslo \u00e9tant \u00e0 la fois sa capitale et sa plus grande ville. La superficie totale du royaume est de 385\u00a0207 kilom\u00e8tres carr\u00e9s, Svalbard et Jan Mayen inclus, et de 323\u00a0808 kilom\u00e8tres carr\u00e9s sans ces \u00eeles.<\/p>\n<p>S&#039;\u00e9tendant entre les latitudes 57\u00b0 et 81\u00b0 N et les longitudes 4\u00b0 et 32\u00b0 E, la Norv\u00e8ge partage une fronti\u00e8re terrestre de 1\u00a0619 kilom\u00e8tres avec la Su\u00e8de, de 727 kilom\u00e8tres avec la Finlande et de 196 kilom\u00e8tres avec la Russie. Son vaste littoral fait face au d\u00e9troit de Skagerrak, \u00e0 la mer du Nord, \u00e0 la mer de Norv\u00e8ge et \u00e0 la mer de Barents. La ligne de base c\u00f4ti\u00e8re continentale mesure 2\u00a0532 kilom\u00e8tres, tandis que le littoral total, en tenant compte des fjords, s&#039;\u00e9tend sur 28\u00a0953 kilom\u00e8tres. En incluant les \u00eeles, ce chiffre s&#039;\u00e9l\u00e8ve \u00e0 environ 100\u00a0915 kilom\u00e8tres. Les montagnes scandinaves forment une grande partie de la fronti\u00e8re orientale avec la Su\u00e8de.<\/p>\n<p>Une grande partie du relief norv\u00e9gien refl\u00e8te des mill\u00e9naires de sculpture glaciaire. Les fjords, notamment le Sognefjorden, long de 204 kilom\u00e8tres et class\u00e9 deuxi\u00e8me plus profond au monde, creusent de profondes criques dans la c\u00f4te. Hornindalsvatnet, le lac le plus profond d&#039;Europe, atteint plus de 500 m\u00e8tres de profondeur. La Norv\u00e8ge compte environ 400\u00a0000 lacs et 239\u00a0057 \u00eeles recens\u00e9es. Le perg\u00e9lisol persiste toute l&#039;ann\u00e9e dans les r\u00e9gions montagneuses \u00e9lev\u00e9es et \u00e0 l&#039;int\u00e9rieur du comt\u00e9 de Finnmark, tandis que les glaciers demeurent nombreux dans les hautes terres. Le substrat rocheux est principalement compos\u00e9 de granit dur et de gneiss, avec de l&#039;ardoise, du gr\u00e8s et du calcaire \u00e0 plus basse altitude, et des d\u00e9p\u00f4ts marins le long des plaines c\u00f4ti\u00e8res.<\/p>\n<p>Le climat norv\u00e9gien varie consid\u00e9rablement de la c\u00f4te aux hautes terres int\u00e9rieures. Le Gulf Stream et les vents d&#039;ouest dominants augmentent les temp\u00e9ratures c\u00f4ti\u00e8res au-del\u00e0 des pr\u00e9visions pour ces latitudes nordiques et augmentent les pr\u00e9cipitations. Les plaines autour d&#039;Oslo connaissent les \u00e9t\u00e9s les plus chauds, mais subissent n\u00e9anmoins des chutes de neige et des hivers rigoureux. Les zones c\u00f4ti\u00e8res expos\u00e9es aux temp\u00eates de l&#039;Atlantique re\u00e7oivent des pr\u00e9cipitations abondantes, tandis que les versants sous le vent des montagnes c\u00f4ti\u00e8res sont \u00e0 l&#039;ombre pluviom\u00e9trique et enregistrent des pr\u00e9cipitations plus faibles. Troms\u00f8, dans le nord de l&#039;Arctique, a connu autrefois 430 heures d&#039;ensoleillement par mois. Au-dessus du cercle polaire arctique, le soleil de minuit pr\u00e9domine de fin mai \u00e0 fin juillet\u00a0; en dessous, la dur\u00e9e du jour peut atteindre jusqu&#039;\u00e0 20\u00a0heures par jour. \u00c0 l&#039;inverse, la nuit polaire dure de fin novembre \u00e0 fin janvier dans les territoires du nord, avec une luminosit\u00e9 minimale ailleurs. Les zones climatiques s&#039;\u00e9tendent de l&#039;oc\u00e9anique et de l&#039;oc\u00e9anique subpolaire le long des c\u00f4tes, en passant par le continental humide dans certaines parties du sud-est, jusqu&#039;\u00e0 la toundra subarctique maritime et arctique dans l&#039;extr\u00eame nord et au Svalbard.<\/p>\n<p>Le royaume unifi\u00e9 de Norv\u00e8ge trouve ses origines dans la consolidation de petits royaumes en 872. De 1537 \u00e0 1814, il faisait partie de l&#039;union Danemark-Norv\u00e8ge, apr\u00e8s quoi il est entr\u00e9 dans une union personnelle avec la Su\u00e8de jusqu&#039;en 1905. La Norv\u00e8ge est rest\u00e9e neutre pendant la Premi\u00e8re Guerre mondiale et initialement pendant la Seconde Guerre mondiale jusqu&#039;\u00e0 l&#039;invasion allemande d&#039;avril 1940, subissant une occupation jusqu&#039;en 1945.<\/p>\n<p>En vertu de sa Constitution de 1814, la Norv\u00e8ge fonctionne comme un \u00c9tat unitaire dot\u00e9 d&#039;une monarchie constitutionnelle. Le roi Harald V de la maison de Gl\u00fccksburg occupe le tr\u00f4ne, tandis que Jonas Gahr St\u00f8re occupe le poste de Premier ministre depuis 2021. Le pouvoir l\u00e9gislatif est exerc\u00e9 par le parlement monocam\u00e9ral (Storting), le pouvoir ex\u00e9cutif par le cabinet et le pouvoir judiciaire par la Cour supr\u00eame. Les divisions administratives se composent de comt\u00e9s (fylker) et de municipalit\u00e9s (kommuner). Le Parlement sami, soutenu par la loi du Finnmark, accorde au peuple autochtone sami une autod\u00e9termination limit\u00e9e sur ses territoires traditionnels.<\/p>\n<p>La Norv\u00e8ge entretient des liens diplomatiques et \u00e9conomiques \u00e9troits avec l&#039;Union europ\u00e9enne par le biais de l&#039;Espace \u00e9conomique europ\u00e9en (EEE), participe \u00e0 l&#039;espace Schengen et coop\u00e8re \u00e9troitement avec les \u00c9tats-Unis. Elle est membre fondateur des Nations Unies, de l&#039;OTAN, de l&#039;Association europ\u00e9enne de libre-\u00e9change (AELE), du Conseil de l&#039;Europe, du Trait\u00e9 sur l&#039;Antarctique et du Conseil nordique, et est membre de l&#039;Organisation mondiale du commerce (OMC) et de l&#039;OCDE. Les dialectes norv\u00e9giens restent mutuellement intelligibles avec ceux du Danemark et de la Su\u00e8de.<\/p>\n<p>Le mod\u00e8le de protection sociale norv\u00e9gien offre une couverture sant\u00e9 universelle et une s\u00e9curit\u00e9 sociale compl\u00e8te, fond\u00e9e sur des principes \u00e9galitaires. L&#039;\u00c9tat d\u00e9tient une participation majoritaire ou substantielle dans des secteurs strat\u00e9giques tels que le p\u00e9trole, le gaz naturel, les min\u00e9raux, le bois, les produits de la mer et l&#039;hydro\u00e9lectricit\u00e9. L&#039;extraction de p\u00e9trole et de gaz contribue \u00e0 environ un quart du produit int\u00e9rieur brut, et la Norv\u00e8ge se classe au premier rang des producteurs par habitant de ces ressources hors Moyen-Orient. Son revenu par habitant place la Norv\u00e8ge parmi les pays les plus riches au monde\u00a0: quatri\u00e8me selon les indicateurs de la Banque mondiale et huiti\u00e8me selon le FMI. Les actifs des fonds souverains s&#039;\u00e9l\u00e8vent \u00e0 environ 1\u00a0300 milliards de dollars, ce qui en fait le plus important au monde.<\/p>\n<p>En termes de PIB par habitant, la Norv\u00e8ge se classe au deuxi\u00e8me rang europ\u00e9en, apr\u00e8s le Luxembourg, et au sixi\u00e8me rang mondial en parit\u00e9 de pouvoir d&#039;achat. Le pays a fonctionn\u00e9 comme un cr\u00e9ancier ext\u00e9rieur net de la dette et a retrouv\u00e9 la premi\u00e8re place de l&#039;indice de d\u00e9veloppement humain du Programme des Nations Unies pour le d\u00e9veloppement en 2009. La stabilit\u00e9 et l&#039;int\u00e9grit\u00e9 institutionnelle de la Norv\u00e8ge lui ont valu le plus bas classement de l&#039;indice des \u00c9tats d\u00e9faillants en 2009 et 2023.<\/p>\n<p>L&#039;\u00e9conomie mixte se caract\u00e9rise par une forte activit\u00e9 priv\u00e9e et une participation significative de l&#039;\u00c9tat. Les soins de sant\u00e9 publics imposent une cotisation annuelle modeste aux adultes de plus de 16 ans, et le cong\u00e9 parental est r\u00e9mun\u00e9r\u00e9 pendant 46 semaines. En f\u00e9vrier 2025, le ch\u00f4mage s&#039;\u00e9levait \u00e0 3,9 %, avec 69,7 % des personnes \u00e2g\u00e9es de 15 \u00e0 74 ans en emploi. Les prestations d&#039;invalidit\u00e9 touchaient 10,6 % des personnes \u00e2g\u00e9es de 18 \u00e0 67 ans, et les emplois publics repr\u00e9sentaient 30 % de la population active. La productivit\u00e9 horaire moyenne et les salaires figurent parmi les plus \u00e9lev\u00e9s au monde.<\/p>\n<p>La dispersion g\u00e9ographique et le relief accident\u00e9 ont fa\u00e7onn\u00e9 les infrastructures de transport. Les transports en commun sont sous-d\u00e9velopp\u00e9s par rapport aux autres \u00c9tats europ\u00e9ens, en particulier en dehors des centres urbains. Le r\u00e9seau ferroviaire norv\u00e9gien comprend 4\u00a0114 kilom\u00e8tres \u00e0 \u00e9cartement standard, dont 62\u00a0% sont \u00e9lectrifi\u00e9s en 15\u00a0kV 16,7\u00a0Hz CA\u00a0; 64 kilom\u00e8tres permettent des vitesses allant jusqu&#039;\u00e0 210\u00a0km\/h. En 2023, les chemins de fer ont transport\u00e9 78,22\u00a0millions de passagers sur 3\u00a0153\u00a0millions de passagers-kilom\u00e8tres et 32,23\u00a0millions de tonnes de marchandises sur 3\u00a0928\u00a0millions de tonnes-kilom\u00e8tres. Bane NOR est propri\u00e9taire du r\u00e9seau\u00a0; les op\u00e9rateurs comprennent Vy, SJ, Go-Ahead et Flytoget pour les services passagers, et CargoNet et OnRail pour le fret. Les budgets de l&#039;\u00c9tat financent les investissements et la maintenance, compl\u00e9t\u00e9s par des subventions d&#039;exploitation.<\/p>\n<p>Le r\u00e9seau routier public s&#039;\u00e9tend sur 95\u00a0120 kilom\u00e8tres, dont 72\u00a0033 kilom\u00e8tres goudronn\u00e9s et 664 kilom\u00e8tres d&#039;autoroutes. Les routes nationales et d\u00e9partementales principales s&#039;int\u00e8grent au r\u00e9seau europ\u00e9en des routes E, notamment la E6 qui traverse le pays du nord au sud et la E39 qui longe la c\u00f4te ouest. L&#039;Administration norv\u00e9gienne des routes publiques supervise les routes nationales et d\u00e9partementales.<\/p>\n<p>La Norv\u00e8ge est le leader mondial en mati\u00e8re de v\u00e9hicules \u00e9lectriques rechargeables par habitant\u00a0; en mars\u00a02014, plus d&#039;une voiture particuli\u00e8re sur 100 circulant sur ses routes fonctionnait \u00e0 l&#039;\u00e9lectricit\u00e9. La part des mod\u00e8les \u00e9lectriques dans les ventes de voitures neuves reste la plus \u00e9lev\u00e9e au monde. Des propositions l\u00e9gislatives visent \u00e0 interdire la vente de v\u00e9hicules neufs \u00e0 essence et diesel d\u00e8s 2025.<\/p>\n<p>L&#039;aviation compte quelque 146 a\u00e9roports, dont 52 publics et 43 exploit\u00e9s par l&#039;entreprise publique Avinor. Sept a\u00e9roports accueillent plus d&#039;un million de passagers par an\u00a0; le trafic total a d\u00e9pass\u00e9 les 41 millions en 2007. L&#039;a\u00e9roport d&#039;Oslo-Gardermoen, situ\u00e9 \u00e0 35\u00a0kilom\u00e8tres au nord-est de la capitale, constitue la principale porte d&#039;entr\u00e9e internationale. Il sert de plaque tournante pour Scandinavian Airlines, Norwegian Air Shuttle et les compagnies r\u00e9gionales, offrant des liaisons directes dans toute l&#039;Europe et vers certaines destinations intercontinentales. Un train \u00e0 grande vitesse relie l&#039;a\u00e9roport \u00e0 la gare centrale d&#039;Oslo toutes les dix minutes, pour un trajet de 20\u00a0minutes.<\/p>\n<p>Le tourisme a contribu\u00e9 \u00e0 4,2 % du PIB en 2016, et un Norv\u00e9gien sur quinze y travaillait. La saisonnalit\u00e9 atteint son apog\u00e9e entre mai et ao\u00fbt, p\u00e9riode durant laquelle plus de la moiti\u00e9 des visiteurs arrivent. La diversit\u00e9 des paysages \u2013 fjords, montagnes, stations de ski, lacs et for\u00eats \u2013 contribue \u00e0 l&#039;attrait de la Norv\u00e8ge. Les principales destinations urbaines comprennent Oslo, \u00c5lesund, Bergen, Stavanger, Trondheim, Kristiansand, Troms\u00f8, Fredrikstad et T\u00f8nsberg. Les visiteurs fr\u00e9quentent \u00e9galement des sites naturels tels que la route de l&#039;Atlantique, le plateau de Hardangervidda, le glacier Jostedalsbreen, les montagnes Jotunheimen, les \u00eeles Lofoten et la falaise de Nordkapp. Les sites culturels incluent le tremplin de saut \u00e0 ski de Holmenkollen et l&#039;installation Vigeland \u00e0 Oslo, le quai de Bryggen \u00e0 Bergen, la cath\u00e9drale de Nidaros \u00e0 Trondheim et les ruines des forteresses de T\u00f8nsberg et Fredrikstad.<\/p>\n<p>Les Norv\u00e9giens de souche forment un peuple germanique du Nord. En 2023, le taux de f\u00e9condit\u00e9 total s&#039;\u00e9levait \u00e0 1,40 enfant par femme, inf\u00e9rieur au seuil de remplacement de 2,1, et en baisse par rapport au pic de 4,69 enregistr\u00e9 en 1877. L&#039;\u00e2ge m\u00e9dian atteignait 40 ans en 2024. Les Samis, originaires des r\u00e9gions arctiques de Norv\u00e8ge, de Su\u00e8de, de Finlande et de la p\u00e9ninsule de Kola en Russie, et les Kvens, descendants de migrants finlandais, constituent des minorit\u00e9s reconnues. Les politiques de norv\u00e9gianisation men\u00e9es par l&#039;\u00c9tat aux XIXe et XXe si\u00e8cles ont conduit de nombreuses personnes d&#039;ascendance samie ou kven \u00e0 s&#039;identifier comme Norv\u00e9giennes de souche.<\/p>\n<p>La culture norv\u00e9gienne conserve des liens \u00e9troits avec son pass\u00e9 agraire. Le nationalisme romantique du XIXe si\u00e8cle, n\u00e9 autour des traditions agricoles, a fa\u00e7onn\u00e9 la langue, la litt\u00e9rature, l&#039;art et la musique\u00a0; une influence encore perceptible aujourd&#039;hui gr\u00e2ce au soutien gouvernemental aux institutions et projets culturels. Le patrimoine architectural s&#039;\u00e9tend des \u00e9glises m\u00e9di\u00e9vales en bois debout \u2013 l&#039;\u00e9glise en bois debout d&#039;Urnes est class\u00e9e au patrimoine mondial de l&#039;UNESCO \u2013 aux fa\u00e7ades en bois du quai de Bryggen. Les cath\u00e9drales de pierre, les \u00e9glises baroques de Kongsberg et les habitations de mineurs en bois de R\u00f8ros t\u00e9moignent de ces \u00e9poques successives. Parmi les projets du d\u00e9but du XIXe si\u00e8cle de Christian H. Grosch figurent l&#039;Universit\u00e9 d&#039;Oslo et la Bourse d&#039;Oslo. La reconstruction d&#039;\u00c5lesund en 1904 a introduit l&#039;Art nouveau en Norv\u00e8ge, tandis que le fonctionnalisme a gagn\u00e9 en importance dans les ann\u00e9es 1930. Les architectes de la fin du XXe si\u00e8cle ont acquis une renomm\u00e9e internationale\u00a0; la salle des d\u00e9bats, bord\u00e9e de bois, du Parlement s\u00e2me pr\u00e8s de K\u00e1r\u00e1\u0161johka \u00e9voque le lavvo traditionnel.<\/p>\n<p>La cuisine refl\u00e8te les ressources maritimes et agricoles. Les fruits de mer comme le saumon, le hareng, la truite et la morue c\u00f4toient les fromages comme le brunost, le jarlsberg et le gamalost, les produits laitiers et les pains denses. Parmi les sp\u00e9cialit\u00e9s de saison, on trouve le lefse, un pain plat aux pommes de terre servi avec du beurre et du sucre\u00a0; les conserves et les plats ferment\u00e9s comme le lutefisk, le smalahove, le pinnekj\u00f8tt, le raspeball, le f\u00e5rik\u00e5l et le rakefisk\u00a0; et le tr\u00e8s r\u00e9pandu vaffel.<\/p>\n<p>Les six r\u00e9gions continentales de Norv\u00e8ge \u2013 l&#039;\u00d8stlandet autour d&#039;Oslo\u00a0; le Tr\u00f8ndelag\u00a0; la Norv\u00e8ge du Nord\u00a0; l&#039;Agder\u00a0; la Norv\u00e8ge occidentale\u00a0; et les comt\u00e9s de l&#039;int\u00e9rieur \u2013 pr\u00e9sentent des reliefs et des traditions culturelles vari\u00e9s. L&#039;environnement arctique du Svalbard abrite des ours polaires et des installations satellites, tandis que Jan Mayen reste largement inaccessible sans autorisation sp\u00e9ciale.<\/p>\n<p>Depuis son unification en 872, la Norv\u00e8ge a conserv\u00e9 son statut d&#039;\u00c9tat sans interruption pendant plus de onze si\u00e8cles. Son m\u00e9lange de monarchie constitutionnelle, de d\u00e9mocratie parlementaire et de syst\u00e8mes de protection sociale complets est \u00e0 la base d&#039;un niveau de vie \u00e9lev\u00e9, d&#039;une r\u00e9silience \u00e9conomique et d&#039;une stabilit\u00e9 politique. De riches ressources naturelles, des r\u00e9serves p\u00e9troli\u00e8res \u00e0 l&#039;\u00e9nergie hydraulique et \u00e0 la p\u00eache, soutiennent une \u00e9conomie mixte et le plus grand fonds souverain du monde. La diversit\u00e9 de ses climats et de ses paysages constitue un attrait touristique majeur, des exp\u00e9riences du soleil de minuit au-dessus du cercle polaire arctique aux excursions dans les fjords de l&#039;ouest de la Norv\u00e8ge. L&#039;empreinte culturelle durable des traditions agricoles, des r\u00e9alisations litt\u00e9raires et architecturales et des centres urbains dynamiques fa\u00e7onne une identit\u00e9 nationale fa\u00e7onn\u00e9e par la g\u00e9ographie, l&#039;histoire et l&#039;\u00e9galitarisme social.<\/p>","protected":false},"excerpt":{"rendered":"<p>La Norv\u00e8ge, anciennement connue sous le nom de Royaume de Norv\u00e8ge, est une nation nordique situ\u00e9e en Europe du Nord, sur la p\u00e9ninsule scandinave. Sa population s&#039;\u00e9levait \u00e0 5\u00a0576\u00a0660 habitants en 2024. L&#039;\u00eele arctique isol\u00e9e de Jan Mayen et l&#039;archipel du Svalbard font \u00e9galement partie du Royaume de Norv\u00e8ge. L&#039;\u00eele Bouvet, situ\u00e9e dans la zone subantarctique, n&#039;en fait pas partie et en est une d\u00e9pendance\u00a0; la Norv\u00e8ge revendique \u00e9galement le territoire antarctique de l&#039;\u00eele Pierre Ier et de la Terre de la Reine-Maud. Oslo est \u00e0 la fois la capitale et la plus grande ville de Norv\u00e8ge.<\/p>","protected":false},"author":1,"featured_media":3041,"parent":24078,"menu_order":0,"comment_status":"closed","ping_status":"closed","template":"elementor_theme","meta":{"_eb_attr":"","footnotes":""},"class_list":["post-12252","page","type-page","status-publish","has-post-thumbnail"],"_links":{"self":[{"href":"https:\/\/travelshelper.com\/fr\/wp-json\/wp\/v2\/pages\/12252","targetHints":{"allow":["GET"]}}],"collection":[{"href":"https:\/\/travelshelper.com\/fr\/wp-json\/wp\/v2\/pages"}],"about":[{"href":"https:\/\/travelshelper.com\/fr\/wp-json\/wp\/v2\/types\/page"}],"author":[{"embeddable":true,"href":"https:\/\/travelshelper.com\/fr\/wp-json\/wp\/v2\/users\/1"}],"replies":[{"embeddable":true,"href":"https:\/\/travelshelper.com\/fr\/wp-json\/wp\/v2\/comments?post=12252"}],"version-history":[{"count":0,"href":"https:\/\/travelshelper.com\/fr\/wp-json\/wp\/v2\/pages\/12252\/revisions"}],"up":[{"embeddable":true,"href":"https:\/\/travelshelper.com\/fr\/wp-json\/wp\/v2\/pages\/24078"}],"wp:featuredmedia":[{"embeddable":true,"href":"https:\/\/travelshelper.com\/fr\/wp-json\/wp\/v2\/media\/3041"}],"wp:attachment":[{"href":"https:\/\/travelshelper.com\/fr\/wp-json\/wp\/v2\/media?parent=12252"}],"curies":[{"name":"wp","href":"https:\/\/api.w.org\/{rel}","templated":true}]}}