{"id":12137,"date":"2024-09-15T15:14:54","date_gmt":"2024-09-15T15:14:54","guid":{"rendered":"https:\/\/travelshelper.com\/staging\/?page_id=12137"},"modified":"2026-03-12T18:45:26","modified_gmt":"2026-03-12T18:45:26","slug":"pologne","status":"publish","type":"page","link":"https:\/\/travelshelper.com\/fr\/destinations\/europe\/poland\/","title":{"rendered":"Pologne"},"content":{"rendered":"<p>La Pologne se situe au c\u0153ur du continent europ\u00e9en. Ce pays d&#039;un peu plus de 38 millions d&#039;habitants s&#039;\u00e9tend sur environ 312\u00a0700 km\u00b2, des rivages sablonneux de la mer Baltique au nord aux hauteurs escarp\u00e9es des Carpates et des Sud\u00e8tes au sud. Nich\u00e9e entre l&#039;Allemagne \u00e0 l&#039;ouest, la Lituanie et l&#039;oblast de Kaliningrad en Russie au nord-est, la Bi\u00e9lorussie et l&#039;Ukraine \u00e0 l&#039;est, et la Slovaquie et la R\u00e9publique tch\u00e8que au sud, son paysage est une mosa\u00efque de plaines, de collines ondulantes, de for\u00eats denses, de milliers de lacs et de sommets vertigineux, le tout dans un climat temp\u00e9r\u00e9 alternant entre de douces brises oc\u00e9aniques au nord-ouest et un air continental vif au sud-est.<\/p>\n<p>Des premiers signes d&#039;activit\u00e9 humaine au Pal\u00e9olithique inf\u00e9rieur \u00e0 la lueur des lampadaires de la Varsovie moderne, l&#039;histoire de la Pologne est indissociable des grands courants de l&#039;histoire europ\u00e9enne. Apr\u00e8s la derni\u00e8re p\u00e9riode glaciaire, des vagues successives de colons s&#039;install\u00e8rent sur ces terres, mais c&#039;est au d\u00e9but du Moyen \u00c2ge que les Polonais slaves occidentaux form\u00e8rent un \u00c9tat sous la dynastie des Piast. En 966, le duc Mieszko Ier embrassa le christianisme, une d\u00e9cision qui posa les fondements spirituels et politiques de ce qui allait devenir le Royaume de Pologne en 1025. Des si\u00e8cles plus tard, la monarchie \u00e9lective de la R\u00e9publique des Deux Nations, forg\u00e9e par l&#039;Union de Lublin en 1569, devint c\u00e9l\u00e8bre pour sa relative tol\u00e9rance religieuse et sa constitution pionni\u00e8re de 1791. Pourtant, la splendeur de l&#039;\u00c2ge d&#039;Or ne put endiguer la vague de partages entre les empires voisins \u00e0 la fin du XVIIIe si\u00e8cle, qui raya la Pologne de la carte pendant 123 ans.<\/p>\n<p>Lorsque les armes se turent en ao\u00fbt 1914, puis \u00e0 nouveau avec l&#039;effondrement des empires en 1918, la Pologne rena\u00eet sous le nom de Deuxi\u00e8me R\u00e9publique, traversant une p\u00e9riode p\u00e9rilleuse de l&#039;entre-deux-guerres, marqu\u00e9e par des conflits frontaliers, une agitation sociale et l&#039;ambition de forger un \u00c9tat-nation moderne. Cette fragile ind\u00e9pendance connut un cataclysme en septembre 1939, lorsque l&#039;Allemagne et l&#039;Union sovi\u00e9tique envahirent le pays simultan\u00e9ment, d\u00e9clenchant la Seconde Guerre mondiale sur le sol polonais. L&#039;Holocauste d\u00e9cima la dynamique communaut\u00e9 juive de Pologne et la guerre fit des millions de victimes. Par la suite, la Pologne se retrouva au sein de la sph\u00e8re sovi\u00e9tique en tant que R\u00e9publique populaire, sa culture \u00e9tant soumise au rideau de fer jusqu&#039;\u00e0 l&#039;essor du mouvement Solidarnosc dans les ann\u00e9es 1980 et les n\u00e9gociations d\u00e9cisives de 1989 qui r\u00e9tablirent la d\u00e9mocratie lib\u00e9rale. La Pologne devint ainsi le premier satellite sovi\u00e9tique \u00e0 s&#039;affranchir, ouvrant la voie \u00e0 son adh\u00e9sion \u00e0 l&#039;OTAN en 1999 et \u00e0 l&#039;Union europ\u00e9enne en 2004.<\/p>\n<p>Aujourd&#039;hui, la Pologne est une r\u00e9publique semi-pr\u00e9sidentielle dot\u00e9e d&#039;un parlement bicam\u00e9ral \u2013 une Di\u00e8te et un S\u00e9nat \u00e9lus \u2013 \u00e9quilibr\u00e9s par un pr\u00e9sident et un Premier ministre. Son \u00e9conomie de march\u00e9 se classe au sixi\u00e8me rang de l&#039;UE en termes de PIB nominal et au cinqui\u00e8me en termes de parit\u00e9 de pouvoir d&#039;achat. Pourtant, sa croissance a d\u00e9pass\u00e9 celle de nombre de ses pairs au cours des derni\u00e8res d\u00e9cennies. Le ch\u00f4mage fr\u00f4le les plus bas historiques, autour de 3 %, et une main-d&#039;\u0153uvre diversifi\u00e9e place plus de 60 % du pays dans les services, un tiers dans l&#039;industrie manufacturi\u00e8re, et un secteur agricole en plein essor. Des p\u00f4les d&#039;innovation prosp\u00e8rent \u00e0 Varsovie, Cracovie et Wroc\u0142aw, tandis que l&#039;enseignement universitaire gratuit et les soins de sant\u00e9 universels contribuent \u00e0 un niveau de vie \u00e9lev\u00e9 et \u00e0 une solide libert\u00e9 \u00e9conomique.<\/p>\n<p>G\u00e9ographiquement, le pays se divise nettement en une plaine centrale et septentrionale, sillonn\u00e9e de fleuves \u2013 parmi lesquels la majestueuse Vistule, l&#039;Oder, la Warta et le Bug \u2013 et un sud vallonn\u00e9 \u00e0 montagneux. Le littoral baltique s&#039;\u00e9tend sur quelque 770 km, ponctu\u00e9 de dunes sculpt\u00e9es par le vent, de cr\u00eates c\u00f4ti\u00e8res et de baies d\u00e9coup\u00e9es \u2013 notamment la p\u00e9ninsule de Hel et la lagune de la Vistule, partag\u00e9es avec la Russie. \u00c0 l&#039;int\u00e9rieur des terres, la r\u00e9gion des lacs de Mazurie compte des milliers de lacs cristallins, les plus grands \u00e9tant \u015aniardwy et Mamry, tandis que de profondes fissures comme le lac Ha\u0144cza plongent \u00e0 plus de 100 m sous la surface. \u00c0 l&#039;extr\u00e9mit\u00e9 sud, les Sud\u00e8tes et les Carpates culminent avec les monts Rysy (2\u00a0501 m) et \u015anie\u017cka (1\u00a0603 m), offrant des ascensions ardues et des panoramas exceptionnels. L&#039;altitude moyenne de la Pologne est modeste, \u00e0 173 m, mais son climat s&#039;\u00e9tend de la fra\u00eecheur oc\u00e9anique du nord-ouest aux conditions alpines des hautes Tatras, en passant par les zones de transition temp\u00e9r\u00e9es. Les \u00e9t\u00e9s se r\u00e9chauffent jusqu&#039;\u00e0 environ 20 \u00b0C en juillet, les hivers descendent \u00e0 -1 \u00b0C en d\u00e9cembre et les pr\u00e9cipitations culminent de juin \u00e0 septembre. Cependant, le changement climatique a pouss\u00e9 les temp\u00e9ratures annuelles moyennes au-dessus de 9 \u00b0C au cours de la derni\u00e8re d\u00e9cennie, allongeant les \u00e9t\u00e9s et r\u00e9duisant les hivers neigeux.<\/p>\n<p>Administrativement, seize vo\u00efvodies (provinces) refl\u00e8tent des r\u00e9gions historiques\u00a0: la Mazovie s&#039;articule autour de Varsovie et de \u0141\u00f3d\u017a, autour de la ville industrielle de Lod\u017a\u00a0; la Petite-Pologne englobe Cracovie et les montagnes\u00a0; la Basse-Sil\u00e9sie s&#039;\u00e9tend sur le carrefour culturel de Wroc\u0142aw. Dans chaque vo\u00efvodie, un vo\u00efvode nomm\u00e9 par le gouvernement, une assembl\u00e9e r\u00e9gionale \u00e9lue et un mar\u00e9chal \u00e9lu par cette assembl\u00e9e se partagent l&#039;autorit\u00e9, tandis qu&#039;en dessous se trouvent 380\u00a0comt\u00e9s et 2\u00a0477\u00a0municipalit\u00e9s. Les grandes villes, v\u00e9ritables p\u00f4les dynamiques de la Pologne, poss\u00e8dent souvent \u00e0 la fois le statut de comt\u00e9 et de municipalit\u00e9 pour g\u00e9rer leurs besoins urbains tentaculaires.<\/p>\n<p>Le charme naturel de la Pologne rayonne dans ses zones prot\u00e9g\u00e9es\u00a0: vingt-trois parcs nationaux comme Bia\u0142owie\u017ca, derni\u00e8re for\u00eat vierge d&#039;Europe abritant des bisons en libert\u00e9\u00a0; le parc national des Tatras, o\u00f9 des lacs glaciaires comme Morskie Oko scintillent sous des sommets escarp\u00e9s\u00a0; S\u0142owi\u0144ski, c\u00e9l\u00e8bre pour ses plus grandes dunes d&#039;Europe\u00a0; et Karkonoski et ses cascades. Parcs paysagers et zones tampons invitent les randonneurs, les kayakistes et les ornithologues amateurs, tandis que les lacs de Mazurie invitent les navigateurs \u00e0 effleurer leurs eaux calmes. L&#039;Oder et la Vistule, autrefois art\u00e8res commerciales vitales, offrent aujourd&#039;hui de paisibles croisi\u00e8res \u00e0 travers des villes charg\u00e9es d&#039;histoire.<\/p>\n<p>Les paysages urbains polonais m\u00ealent fl\u00e8ches gothiques, fa\u00e7ades baroques et modernit\u00e9 avant-gardiste. La vieille ville de Varsovie, minutieusement reconstruite \u2013 ras\u00e9e en 1944 et ressuscit\u00e9e gr\u00e2ce \u00e0 des peintures d&#039;archives \u2013 est le point d&#039;ancrage de la Route royale de la capitale, reliant palais, cath\u00e9drales et parcs urbains. Le c\u0153ur m\u00e9di\u00e9val de Cracovie vibre au rythme des caf\u00e9s autour de la vaste place du March\u00e9, de sa Halle aux Draps, t\u00e9moignage du commerce de la Renaissance, et du ch\u00e2teau de Wawel, gardien des rois de Pologne, tout proche. Gda\u0144sk, ancien port hans\u00e9atique, borde la rivi\u00e8re Mot\u0142awa de maisons marchandes aux teintes ambr\u00e9es\u00a0; Wroc\u0142aw, perch\u00e9e sur un r\u00e9seau de douze \u00eeles, regorge de ponts et de sympathiques sculptures \u00ab\u00a0naines\u00a0\u00bb nich\u00e9es dans ses recoins. La silhouette gothique intacte de Toru\u0144, le quadrillage de la \u00ab\u00a0ville id\u00e9ale\u00a0\u00bb de Zamo\u015b\u0107 et les lofts industriels de \u0141\u00f3d\u017a racontent chacun un chapitre diff\u00e9rent de l&#039;\u00e9volution urbaine.<\/p>\n<p>Ch\u00e2teaux et monuments ruraux pars\u00e8ment la campagne tels des joyaux sertis au c\u0153ur de champs vallonn\u00e9s. Les fortifications en briques de Malbork revendiquent le titre de plus grand ch\u00e2teau du monde par sa superficie. Le sentier des Nids d&#039;Aigles traverse Orla Per\u0107, ainsi que les ruines de Krzy\u017ctop\u00f3r perch\u00e9es dans la plaine. Les \u00e9glises en bois du sud de la Petite-Pologne et les \u00e9glises de la Paix de Jawor et \u015awidnica refl\u00e8tent l&#039;h\u00e9ritage spirituel syncr\u00e9tique de la Pologne. Les p\u00e8lerins montent au monast\u00e8re de Jasna G\u00f3ra \u00e0 Cz\u0119stochowa, o\u00f9 la Vierge Noire, v\u00eatue de blanc et de rouge aux couleurs nationales, attire les foules, tandis que des processions dignes de la Horde retracent les luttes et les triomphes de la nation.<\/p>\n<p>La cuisine polonaise, \u00e0 l&#039;image de son histoire, allie tradition g\u00e9n\u00e9reuse et renouveau cr\u00e9atif. Les pierogi sont g\u00e9n\u00e9reusement servis avec des pommes de terre, du fromage ou des champignons sauvages\u00a0; le bigos mijote avec de la choucroute, du gibier et du porc\u00a0; le \u017curek, une soupe de seigle aigre, se r\u00e9chauffe avec de la saucisse et un \u0153uf dur. L&#039;oscypek, un fromage de montagne fum\u00e9, se marie \u00e0 merveille avec le miel local\u00a0; le makowiec, un petit pain aux graines de pavot, est pr\u00e9sent sur toutes les tables de f\u00eate. L&#039;histoire \u00e9crite de la vodka se d\u00e9voile ici \u2013 le mot \u00ab\u00a0vodka\u00a0\u00bb appara\u00eet pour la premi\u00e8re fois dans les \u00e9crits m\u00e9di\u00e9vaux \u2013 et pourtant, aujourd&#039;hui, la bi\u00e8re et le vin dominent les rencontres sociales, de la bi\u00e8re blonde ambr\u00e9e Grodziskie aux vins r\u00e9gionaux infus\u00e9s aux fruits. L&#039;heure du th\u00e9 reste une affaire raffin\u00e9e depuis le XIXe\u00a0si\u00e8cle, tandis que les caf\u00e9s \u00e9voquent le XVIIIe\u00a0si\u00e8cle, offrant un r\u00e9pit aromatique au c\u0153ur de d\u00e9cors baroques.<\/p>\n<p>La vie culturelle en Pologne vibre toute l&#039;ann\u00e9e de festivals et de traditions. La veille de No\u00ebl \u2013 Wigilia \u2013 se d\u00e9roule autour d&#039;un festin de douze plats sans viande sous des nappes de paille, o\u00f9 l&#039;on partage des op\u0142atek et o\u00f9 l&#039;on r\u00e9serve des si\u00e8ges vides aux proches absents. Les paczki du Jeudi Gras scintillent de sucre, annon\u00e7ant le Car\u00eame\u00a0; les c\u00e9l\u00e9brations humides du dyngus du Lundi de P\u00e2ques provoquent des batailles d&#039;eau ludiques entre les jeunes. Le jour de la Toussaint, les familles allument des bougies sur les pierres tombales en un hommage lumineux aux d\u00e9funts. Treize jours f\u00e9ri\u00e9s jalonnent le calendrier, du Jour de la Constitution en mai au Jour de l&#039;Ind\u00e9pendance en novembre, chacun inscrivant la m\u00e9moire civique dans des d\u00e9fil\u00e9s, des concerts et un recueillement silencieux.<\/p>\n<p>Les beaux-arts et l&#039;architecture illustrent les multiples influences de la Pologne\u00a0: les rotondes romanes c\u00e8dent la place aux \u00e9glises gothiques en briques rouges\u00a0; les clo\u00eetres de style Renaissance italianisant c\u00f4toient les arcades mani\u00e9ristes polonaises\u00a0; les palais baroques et les fa\u00e7ades n\u00e9oclassiques refl\u00e8tent les ambitions des rois et des nobles. Le style Zakopane, n\u00e9 chez les artisans de Goral, au pied des Tatras, m\u00eale ornements en bois sculpt\u00e9 et sensibilit\u00e9 alpine. L&#039;architecture populaire survit dans des mus\u00e9es en plein air, o\u00f9 cabanes en rondins, greniers et \u00e9glises fortifi\u00e9es pr\u00e9servent des modes de vie ruraux que la modernisation a presque balay\u00e9s.<\/p>\n<p>Langue et identit\u00e9 sont \u00e9troitement li\u00e9es\u00a0: 97\u00a0% des citoyens parlent le polonais comme langue maternelle, unifi\u00e9e par une grammaire slave et un lexique riche. Les langues minoritaires et auxiliaires, dont le cachoube, prosp\u00e8rent par endroits, tandis que la signalisation bilingue honore le patrimoine commun de l&#039;Allemagne et de la Lituanie. La g\u00e9n\u00e9ration polymathe d&#039;aujourd&#039;hui parle anglais, allemand et russe, et les \u00e9coles et universit\u00e9s polonaises renforcent la pluralit\u00e9 linguistique, malgr\u00e9 un taux de f\u00e9condit\u00e9 faible (1,33\u00a0enfant par femme) et un \u00e2ge m\u00e9dian sup\u00e9rieur \u00e0 42\u00a0ans, t\u00e9moignant du vieillissement de la soci\u00e9t\u00e9.<\/p>\n<p>Les r\u00e9seaux de transport soulignent le r\u00f4le de carrefour du pays. Les autoroutes E30 et E40 traversent les art\u00e8res continentales, tandis que plus de 5\u00a0000 km d&#039;autoroutes et de voies rapides acc\u00e9l\u00e8rent le commerce. Le r\u00e9seau ferroviaire polonais \u2013 pr\u00e8s de 19\u00a0400 km de voies, troisi\u00e8me de l&#039;UE par sa longueur \u2013 relie les p\u00f4les r\u00e9gionaux et les r\u00e9seaux de transport des capitales, sous la gestion attentive de PKP et des op\u00e9rateurs locaux. Les a\u00e9roports de Varsovie-Chopin, de Cracovie-Balice et de Gda\u0144sk Lech Wa\u0142\u0119sa assurent des vols quotidiens \u00e0 travers l&#039;Europe et au-del\u00e0, tandis que LOT Polish Airlines pilote des avions modernes depuis des pistes nationales. Les portes d&#039;entr\u00e9e maritimes le long de la Baltique \u2013 Gda\u0144sk, Gdynia, Szczecin \u2013 g\u00e8rent le fret vers les march\u00e9s mondiaux, et les ferries transportent des v\u00e9hicules et des wagons par mer vers la Scandinavie.<\/p>\n<p>Le tourisme en Pologne se trouve \u00e0 un tournant entre d\u00e9couverte et red\u00e9couverte. En 2021, la Pologne s&#039;est class\u00e9e au 12e rang mondial des pays les plus visit\u00e9s par les visiteurs internationaux, avec un tourisme repr\u00e9sentant plus de 4 % du PIB et pr\u00e8s de 200\u00a0000 personnes employ\u00e9es dans le secteur de l&#039;h\u00f4tellerie. Les visiteurs viennent pour parcourir les rives de la Vistule, fl\u00e2ner sous les vo\u00fbtes de la cath\u00e9drale du Wawel, apercevoir les couloirs cruciformes de la mine de sel de Wieliczka ou trouver une solitude cin\u00e9matographique dans l&#039;arri\u00e8re-pays des Bieszczady. Chaque visite r\u00e9v\u00e8le de nouveaux festivals, mus\u00e9es, galeries et institutions culturelles d&#039;avant-garde qui vibrent dans les quartiers d&#039;art contemporain de Varsovie ou dans les lofts d&#039;usines reconvertis de \u0141\u00f3d\u017a.<\/p>\n<p>Mais au-del\u00e0 de ses monuments, le plus grand attrait de la Pologne r\u00e9side dans son peuple. Chaleureux, r\u00e9silients et inventifs, les Polonais portent leur histoire mill\u00e9naire au quotidien, comm\u00e9morant les luttes pass\u00e9es et c\u00e9l\u00e9brant les triomphes pr\u00e9sents. Des drapeaux blancs et rouges flottent aux balcons, les enfants apprennent des danses traditionnelles sur les places, les artisans pratiquent des savoir-faire s\u00e9culaires en bois, en c\u00e9ramique et en argent. Dans les caf\u00e9s et les brasseries en plein air, les voix s&#039;\u00e9l\u00e8vent autour d&#039;assiettes de rago\u00fbt maison, des d\u00e9bats passionn\u00e9s animent la politique comme la po\u00e9sie. Cette interaction entre m\u00e9moire et modernit\u00e9 donne \u00e0 la Pologne son \u00e9nergie \u2013 un pays \u00e0 la fois intemporel et en constante \u00e9volution.<\/p>\n<p>En fin de compte, la Pologne \u00e9chappe \u00e0 toute cat\u00e9gorisation. C&#039;est un pays de forteresses m\u00e9di\u00e9vales et de paysages urbains avant-gardistes, de souvenirs solennels et de rituels populaires joyeux, de for\u00eats profondes et de ciels ouverts. Son pass\u00e9 est grav\u00e9 dans ses ch\u00e2teaux, son pr\u00e9sent vibre d&#039;innovations urbaines, et son avenir scintille dans l&#039;optimisme d&#039;une soci\u00e9t\u00e9 qui a surmont\u00e9 les partitions, les guerres et les r\u00e9gimes autoritaires. Pour le voyageur, la Pologne offre non seulement une liste de sites class\u00e9s UNESCO et de sommets, mais aussi une invitation \u00e0 p\u00e9n\u00e9trer au c\u0153ur dynamique de l&#039;Europe \u2013 \u00e0 \u00e9couter ses histoires dans les rues pav\u00e9es et les clairi\u00e8res, \u00e0 go\u00fbter sa cuisine authentique dans des tavernes \u00e9clair\u00e9es \u00e0 la bougie, et \u00e0 rencontrer, dans chaque poign\u00e9e de main, la r\u00e9silience et la chaleur de ceux pour qui l&#039;histoire nourrit sans pour autant d\u00e9finir l&#039;avenir.<\/p>","protected":false},"excerpt":{"rendered":"<p>La Pologne, anciennement appel\u00e9e R\u00e9publique de Pologne, est situ\u00e9e en Europe centrale et compte plus de 38 millions d&#039;habitants. Plac\u00e9e d\u00e9lib\u00e9r\u00e9ment au centre du continent, elle s&#039;\u00e9tend de la c\u00f4te nord de la mer Baltique jusqu&#039;aux Sud\u00e8tes et aux Carpates au sud. Sa g\u00e9ographie a jou\u00e9 un r\u00f4le d\u00e9terminant dans son histoire, sa culture et sa croissance \u00e9conomique. Le pays est bord\u00e9 par l&#039;Allemagne \u00e0 l&#039;ouest, la Bi\u00e9lorussie et l&#039;Ukraine \u00e0 l&#039;est, la Slovaquie et la R\u00e9publique tch\u00e8que au sud, et la Lituanie et l&#039;oblast de Kaliningrad en Russie au nord-est. Sa position g\u00e9ographique privil\u00e9gi\u00e9e en a fait un carrefour essentiel entre l&#039;Europe de l&#039;Est et l&#039;Europe de l&#039;Ouest tout au long de son histoire.<\/p>","protected":false},"author":1,"featured_media":2996,"parent":24078,"menu_order":0,"comment_status":"closed","ping_status":"closed","template":"elementor_theme","meta":{"_eb_attr":"","footnotes":""},"class_list":["post-12137","page","type-page","status-publish","has-post-thumbnail"],"_links":{"self":[{"href":"https:\/\/travelshelper.com\/fr\/wp-json\/wp\/v2\/pages\/12137","targetHints":{"allow":["GET"]}}],"collection":[{"href":"https:\/\/travelshelper.com\/fr\/wp-json\/wp\/v2\/pages"}],"about":[{"href":"https:\/\/travelshelper.com\/fr\/wp-json\/wp\/v2\/types\/page"}],"author":[{"embeddable":true,"href":"https:\/\/travelshelper.com\/fr\/wp-json\/wp\/v2\/users\/1"}],"replies":[{"embeddable":true,"href":"https:\/\/travelshelper.com\/fr\/wp-json\/wp\/v2\/comments?post=12137"}],"version-history":[{"count":0,"href":"https:\/\/travelshelper.com\/fr\/wp-json\/wp\/v2\/pages\/12137\/revisions"}],"up":[{"embeddable":true,"href":"https:\/\/travelshelper.com\/fr\/wp-json\/wp\/v2\/pages\/24078"}],"wp:featuredmedia":[{"embeddable":true,"href":"https:\/\/travelshelper.com\/fr\/wp-json\/wp\/v2\/media\/2996"}],"wp:attachment":[{"href":"https:\/\/travelshelper.com\/fr\/wp-json\/wp\/v2\/media?parent=12137"}],"curies":[{"name":"wp","href":"https:\/\/api.w.org\/{rel}","templated":true}]}}