{"id":12128,"date":"2024-09-15T14:54:55","date_gmt":"2024-09-15T14:54:55","guid":{"rendered":"https:\/\/travelshelper.com\/staging\/?page_id=12128"},"modified":"2026-03-12T19:45:46","modified_gmt":"2026-03-12T19:45:46","slug":"braga","status":"publish","type":"page","link":"https:\/\/travelshelper.com\/fr\/destinations\/europe\/portugal\/braga\/","title":{"rendered":"Braga"},"content":{"rendered":"<p>Braga se dresse au c\u0153ur de la verdoyante r\u00e9gion du Minho au Portugal. Ses fondations anciennes et ses ambitions modernes convergent dans un paysage \u00e0 la fois vari\u00e9 et intime. Avec 201\u00a0583 habitants recens\u00e9s en 2023 sur une superficie de 183,40 kilom\u00e8tres carr\u00e9s, elle constitue la septi\u00e8me municipalit\u00e9 la plus peupl\u00e9e du Portugal. Son \u00e9talement urbain s&#039;\u00e9tend des rives du C\u00e1vado pour englober des collines vallonn\u00e9es, des sanctuaires sacr\u00e9s et les machines d&#039;un secteur technologique en plein essor. Capitale du district de Braga et de la province ancestrale du Minho, la ville s&#039;est longtemps d\u00e9finie par son double r\u00f4le de primaut\u00e9 eccl\u00e9siastique et de carrefour commercial, ancrant la province romaine de Gallaecia puis le royaume des Su\u00e8ves, avant de s&#039;\u00e9panouir au XXIe si\u00e8cle comme p\u00f4le d&#039;innovation sur le chemin de Saint-Jacques portugais.<\/p>\n<p>D\u00e8s l&#039;arriv\u00e9e \u00e0 Braga, que ce soit par la ligne ferroviaire r\u00e9gionale qui serpente vers le nord depuis Porto ou par le r\u00e9seau routier sinueux qui suit les contours de la Serra dos Carvalhos et de la Serra dos Picos, la diversit\u00e9 topographique de la ville est \u00e9vidente. Au nord, la municipalit\u00e9 est englob\u00e9e par la plaine inondable semi-plane du C\u00e1vado, dont le large cours refl\u00e8te les brumes matinales sous un ciel influenc\u00e9 par l&#039;Atlantique. \u00c0 l&#039;est, le relief s&#039;\u00e9l\u00e8ve rapidement, parsem\u00e9 de pins et de ch\u00eanes sur des pentes qui montent jusqu&#039;au sommet de la Serra do Carvalho, culminant \u00e0 479 m\u00e8tres, et jusqu&#039;aux deux sommets du Monte do Sameiro (572 m\u00e8tres) et du Monte de Santa Marta (562 m\u00e8tres). Entre ces deux sommets, le fleuve Este creuse le Vale d&#039;Este, rejoint en aval par les rivi\u00e8res Veiga et Labriosca qui descendent vers le bassin plus vaste du C\u00e1vado. Cette richesse physiographique, qui s&#039;\u00e9tend de 20 m\u00e8tres au-dessus du niveau de la mer dans les vall\u00e9es fluviales jusqu&#039;\u00e0 des sommets approchant les 570 m\u00e8tres, fa\u00e7onne \u00e0 la fois les champs cultiv\u00e9s de la p\u00e9riph\u00e9rie de Braga et l&#039;air matinal qui s&#039;accroche \u00e0 la pierre m\u00e9di\u00e9vale.<\/p>\n<p>La saisonnalit\u00e9 est ici marqu\u00e9e, mais douce. L&#039;influence de l&#039;oc\u00e9an temp\u00e8re les extr\u00eames, canalisant les vents humides d&#039;ouest \u00e0 travers les vall\u00e9es, de sorte que l&#039;humidit\u00e9 relative \u00e0 l&#039;aube oscille autour de 80 % toute l&#039;ann\u00e9e. Les journ\u00e9es d&#039;\u00e9t\u00e9 peuvent atteindre un maximum absolu de 42,2 \u00b0C, tandis que les nuits d&#039;hiver descendent \u00e0 -7 \u00b0C. Pourtant, le gel survient moins de trente jours par an et les pr\u00e9cipitations, totalisant pr\u00e8s de 1\u00a0450 millim\u00e8tres, se r\u00e9partissent principalement sur l&#039;automne, l&#039;hiver et le printemps. Ces rythmes climatiques sous-tendent \u00e0 la fois les terrasses de vignes sur les pentes dominant la ville et le doux paysage hivernal de la vapeur s&#039;\u00e9levant des toits de tuiles de la cath\u00e9drale S\u00e9.<\/p>\n<p>L&#039;identit\u00e9 de Braga, \u00ab\u00a0ville des archev\u00eaques\u00a0\u00bb, repose sur un patrimoine religieux in\u00e9gal\u00e9 au Portugal. Depuis sa fondation sous le nom de Bracara Augusta sous l&#039;empereur Auguste, la ville fut con\u00e7ue pour devenir la capitale de la Gallaecia. Son forum et ses thermes, comme les thermes romains de Maximinos, t\u00e9moignent de la vie urbaine du Ier au IIIe si\u00e8cle apr\u00e8s J.-C. L&#039;archidioc\u00e8se de Braga, le plus ancien du pays, abrite le si\u00e8ge de la Primaut\u00e9 des Espagnes, t\u00e9moignant de sa pr\u00e9\u00e9minence en mati\u00e8re de foi. La cath\u00e9drale de Braga, dont la fa\u00e7ade en granit noirci contraste avec les d\u00e9tails baroques complexes de son int\u00e9rieur, a pr\u00e9sid\u00e9 d&#039;innombrables processions, conciles et rites depuis ses d\u00e9buts romans. Non loin de l\u00e0, la borne milliaire romaine XXIX se dresse le long de l&#039;ancienne Via Romana XVIII, marquant la voie imp\u00e9riale vers Asturica Augusta et rappelant une \u00e9poque o\u00f9 toute l&#039;Hispanie convergeait vers ce carrefour fluvial.<\/p>\n<p>\u00c0 l&#039;\u00e9poque m\u00e9di\u00e9vale, la tour du pouvoir eccl\u00e9siastique de Braga d\u00e9passait les fonctions religieuses. Au Ve si\u00e8cle, la ville devint la capitale du royaume su\u00e8ve, l&#039;un des premiers royaumes successeurs \u00e0 desserrer l&#039;emprise romaine sur la p\u00e9ninsule Ib\u00e9rique. La tour subsistante du ch\u00e2teau de Braga, \u00e9rig\u00e9e sous le r\u00e8gne du roi Denis et faisant autrefois partie de l&#039;enceinte d\u00e9fensive entourant l&#039;enceinte de la cath\u00e9drale, sert de sentinelle silencieuse \u00e0 ces souverainet\u00e9s plurielles. Juste derri\u00e8re son ombre, l&#039;arc de Porta Nova, con\u00e7u par Andr\u00e9 Soares \u00e0 la fin du XVIIIe si\u00e8cle, encadre l&#039;entr\u00e9e ouest de la vieille ville. Cet arc de triomphe baroque et n\u00e9oclassique, inaugur\u00e9 en 1512, accueillait autrefois les dignitaires et domine aujourd&#039;hui la Rua de Souto, o\u00f9 les caf\u00e9s se succ\u00e8dent au fil de la journ\u00e9e et o\u00f9 la vie locale se d\u00e9roule sous ses cl\u00e9s de vo\u00fbte.<\/p>\n<p>La vitalit\u00e9 m\u00e9di\u00e9vale et moderne de la ville est pr\u00e9serv\u00e9e dans une multitude de monuments religieux et civiques. La chapelle S\u00e3o Frutuoso de Mont\u00e9lios, \u00e9difice wisigothique du VIIe si\u00e8cle en forme de croix grecque, figure parmi les plus anciens \u00e9difices chr\u00e9tiens de la p\u00e9ninsule. Le couvent de Tib\u00e3es, reconstruit aux XVIIe et XVIIIe si\u00e8cles, \u00e9blouit par ses retables dor\u00e9s et ses boiseries finement sculpt\u00e9es, rappelant une \u00e9poque o\u00f9 le monachisme b\u00e9n\u00e9dictin a fa\u00e7onn\u00e9 la culture locale et le rayonnement de l&#039;\u00c9glise. Pendant ce temps, le Palais de Raio, avec sa fa\u00e7ade en azulejos bleus d&#039;Andr\u00e9 Soares, et l&#039;H\u00f4pital de S\u00e3o Marcos, con\u00e7u par Carlos Amarante, t\u00e9moignent de la renaissance baroque de Braga au XVIIIe si\u00e8cle, une p\u00e9riode qui a \u00e9galement l\u00e9gu\u00e9 \u00e0 la ville la Fontaine de l&#039;Idole - un sanctuaire du premier si\u00e8cle d\u00e9di\u00e9 \u00e0 une divinit\u00e9 indig\u00e8ne - et l&#039;embl\u00e9matique Aqueduc des Sept Sources, dont les arches vo\u00fbt\u00e9es transportaient autrefois des sources riches en fer de Frai\u00e3o vers le centre urbain.<\/p>\n<p>Malgr\u00e9 la gravit\u00e9 de son pass\u00e9, Braga a su saisir les opportunit\u00e9s du XXIe si\u00e8cle avec un dynamisme entrepreneurial remarquable. Le Laboratoire ib\u00e9rique international de nanotechnologie, cr\u00e9\u00e9 conjointement par les gouvernements portugais et espagnol, ancre un axe de recherche en p\u00e9riph\u00e9rie de la ville, tandis que PRIMAVERA BSS, n\u00e9e \u00e0 Braga et aujourd&#039;hui fournisseur multinational de logiciels de gestion de projets d&#039;entreprise, propulse l&#039;\u00e9conomie num\u00e9rique. Le secteur automobile y trouve \u00e9galement sa place\u00a0: le centre technique d&#039;Aptiv con\u00e7oit des syst\u00e8mes d&#039;infodivertissement dans d&#039;anciens b\u00e2timents de Grundig, \u00e0 c\u00f4t\u00e9 du campus Bosch d\u00e9di\u00e9 aux capteurs et \u00e0 l&#039;\u00e9lectronique, qui a prosp\u00e9r\u00e9 apr\u00e8s un partenariat avec l&#039;Universit\u00e9 du Minho en 2012. De fait, l&#039;universit\u00e9 elle-m\u00eame \u2013 ses campus diss\u00e9min\u00e9s dans le centre-ville, le Braga Parque et le campus de Gualtar \u2013 sert de catalyseur, d&#039;incubateur et de lien social, avec des bars et des restaurants accueillants pour les \u00e9tudiants qui animent les quartiers et suscitent des comparaisons locales avec la Silicon Valley. En 2018, la ville a accueilli la chanceli\u00e8re allemande Angela Merkel et le Premier ministre portugais Ant\u00f3nio Costa lors de l&#039;inauguration d&#039;un nouveau campus technologique, soulignant le r\u00f4le de Braga en tant que point focal pour la recherche et le d\u00e9veloppement europ\u00e9ens.<\/p>\n<p>Les infrastructures de transport se sont d\u00e9velopp\u00e9es au rythme de ces ambitions. Un modeste a\u00e9rodrome \u00e0 Palmeira accueille des avions l\u00e9gers, mais pour les d\u00e9placements internationaux, les r\u00e9sidents comptent sur l&#039;a\u00e9roport S\u00e1 Carneiro de Porto, situ\u00e9 \u00e0 une cinquantaine de kilom\u00e8tres au sud-ouest, accessible par une ligne ferroviaire \u00e0 grande vitesse ou un a\u00e9robus qui traverse le corridor urbain en moins d&#039;une heure. \u00c0 Braga m\u00eame, le r\u00e9seau de bus TUB exploite soixante-seize lignes sur trois cents kilom\u00e8tres, reliant paroisses historiques, parcs industriels et r\u00e9sidences universitaires de banlieue. Des trains r\u00e9gionaux et interurbains relient Lisbonne, Coimbra et au-del\u00e0, assurant ainsi le rythme de Braga au rythme de la capitale et des m\u00e9tropoles c\u00f4ti\u00e8res.<\/p>\n<p>Le calendrier culturel de Braga allie recherche scientifique et festivit\u00e9s populaires. Chaque ann\u00e9e, en mai ou juin, la f\u00eate de Bracara Augusta transforme le centre-ville en un tableau de la vie romaine\u00a0: les habitants rev\u00eatent tuniques et sandales, des troupes de reconstitutions historiques d\u00e9filent sur la Pra\u00e7a da Rep\u00fablica, et l&#039;odeur du sanglier r\u00f4ti flotte dans l&#039;air tandis que les artisans font des d\u00e9monstrations de m\u00e9tallurgie et de mosa\u00efque. Bien que les f\u00eatards d&#039;aujourd&#039;hui remontent \u00e0 deux mill\u00e9naires, la f\u00eate est embl\u00e9matique d&#039;un patrimoine vivant plut\u00f4t que d&#039;une exposition statique\u00a0: une ville qui reconna\u00eet son pass\u00e9 tout en forgeant de nouveaux r\u00e9cits.<\/p>\n<p>Le patrimoine artistique des mus\u00e9es de Braga refl\u00e8te l&#039;\u00e9clectisme de ses rues. Le Mus\u00e9e des Biscainhos occupe le palais du XVIIe si\u00e8cle du m\u00eame nom et pr\u00e9sente porcelaines, meubles et verreries dans des salles dont les plafonds en stuc sont rest\u00e9s intacts. Pr\u00e8s de l&#039;Arco da Porta Nova, le Mus\u00e9e de l&#039;Image retrace l&#039;histoire photographique du nord du Portugal, tandis que le Mus\u00e9e Medina expose quatre-vingt-trois peintures \u00e0 l&#039;huile et vingt et un dessins d&#039;Henrique Medina. Les d\u00e9couvertes arch\u00e9ologiques de la r\u00e9gion \u2013 bornes milliaires romaines, outils pal\u00e9olithiques et poteries luso-romaines \u2013 sont expos\u00e9es au Mus\u00e9e Dom Diogo de Sousa, dont les expositions inspir\u00e9es des fouilles retracent l&#039;occupation humaine du Pal\u00e9olithique au Moyen \u00c2ge. Le Mus\u00e9e du Tr\u00e9sor de la Cath\u00e9drale S\u00e9 conserve de l&#039;argenterie liturgique, des reliefs en azulejo et des reliquaires autrefois dispers\u00e9s dans les couvents de la ville, tandis que le Mus\u00e9e des Instruments \u00e0 Cordes c\u00e9l\u00e8bre les luthiers portugais avec des cavaquinhos, des guitares et des banjos datant de la p\u00e9riode m\u00e9di\u00e9vale.<\/p>\n<p>L&#039;architecture sacr\u00e9e demeure le centre d&#039;int\u00e9r\u00eat principal de nombreux visiteurs, et pour cause. Le complexe de p\u00e8lerinage du Bom Jesus do Monte, inscrit au patrimoine mondial en juillet 2019, se dresse sur une colline bois\u00e9e surplombant la ville. Son escalier baroque, ponctu\u00e9 de fontaines repr\u00e9sentant le chemin de croix, m\u00e8ne \u00e0 une \u00e9glise n\u00e9oclassique dont le portique offre un panorama sur les toits de tuiles et les vignobles au loin. Un funiculaire \u2013 le plus ancien chemin de fer inclin\u00e9 \u00e0 propulsion hydraulique de la p\u00e9ninsule ib\u00e9rique \u2013 transporte p\u00e8lerins et touristes en haut de la colline, pr\u00e9servant ainsi \u00e0 la fois la tradition et le sentiment d&#039;ascension. Sur un sommet voisin, le sanctuaire de Nossa Senhora do Sameiro dessine une silhouette classique sur le ciel, son d\u00f4me et sa colonnade du XIXe si\u00e8cle \u00e9tant d\u00e9di\u00e9s \u00e0 la d\u00e9votion mariale. M\u00eame les sanctuaires secondaires, comme les Alminhas de S\u00e3o Br\u00e1s \u00e0 Ferreiros, renforcent la foi grav\u00e9e dans chaque champ et chaque chemin de campagne.<\/p>\n<p>Au milieu de ces monuments, la vie quotidienne s&#039;\u00e9coule tranquillement. Le march\u00e9 matinal de la Rua do Souto rassemble les producteurs d&#039;Amares et de l&#039;arri\u00e8re-pays de Braga, charg\u00e9s de choux, de tiges de ma\u00efs et du c\u00e9page vert caract\u00e9ristique du Minho. Les \u00e9tudiants de l&#039;Universit\u00e9 du Minho s&#039;attardent autour d&#039;un expresso dans les caf\u00e9s aux balcons baroques dor\u00e9s. Au cr\u00e9puscule, les familles se prom\u00e8nent le long des rives du C\u00e1vado, o\u00f9 les arbres illumin\u00e9s se refl\u00e8tent dans le courant de la rivi\u00e8re. Au printemps, le parfum des jacarandas en fleurs embaume le quartier de S\u00e9, et en automne, les pentes \u00e0 l&#039;est s&#039;illuminent des couleurs dor\u00e9es et cramoisies des ch\u00e2taigneraies.<\/p>\n<p>\u00c9tape du chemin de Saint-Jacques portugais, Braga accueille un flux constant de p\u00e8lerins arrivant \u00e0 pied ou \u00e0 v\u00e9lo de Porto, leurs embl\u00e8mes en forme de coquille Saint-Jacques scintillant au soleil. La ville offre refuge dans des auberges et des h\u00f4tels-boutiques install\u00e9s dans des couvents r\u00e9nov\u00e9s. Mais ces visiteurs trouvent plus qu&#039;un h\u00e9bergement reposant\u00a0: ils d\u00e9couvrent une ville qui mesure le temps non seulement \u00e0 l&#039;aune des f\u00eates des saints et des f\u00eates liturgiques, mais aussi au rythme des s\u00e9minaires de recherche du Laboratoire ib\u00e9rique international de nanotechnologie, des \u00e9v\u00e9nements de lancement au si\u00e8ge de Primavera et des festivals \u00e9tudiants qui animent le campus chaque mois de mai.<\/p>\n<p>La polyvalence de Braga est peut-\u00eatre son plus grand h\u00e9ritage. Elle demeure une ville de messes matinales et de conf\u00e9rences universitaires, de pierres romaines et de laboratoires contemporains d&#039;acier et de verre, de processions de p\u00e8lerins et de hackathons de programmation. Son paysage, des champs ondulants du Vale d&#039;Este aux imposants belv\u00e9d\u00e8res du Monte do Sameiro, fa\u00e7onne un sentiment d&#039;appartenance \u00e0 la fois ondulant et pr\u00e9cis. Les strates de l&#039;histoire \u2013 pr\u00e9romaine, romaine, su\u00e8ve, m\u00e9di\u00e9vale, baroque, moderne \u2013 se superposent comme dans une imposante colonne stratigraphique, mais sont anim\u00e9es par des paysages urbains o\u00f9 boulangeries artisanales c\u00f4toient p\u00e9pini\u00e8res d&#039;entreprises de logiciels.<\/p>\n<p>Dans son dialogue permanent entre m\u00e9moire et innovation, Braga illustre la richesse du nord du Portugal\u00a0: un territoire o\u00f9 la foi se marie \u00e0 l&#039;\u00e9rudition, o\u00f9 le pass\u00e9 \u00e9claire l&#039;avenir sans en restreindre les possibilit\u00e9s. Alors que le soleil se couche sur les toits de tuiles et que le bourdonnement des v\u00eapres r\u00e9sonne sur la place, on per\u00e7oit que Braga est plus qu&#039;un assemblage de monuments et d&#039;industries. C&#039;est un t\u00e9moignage de la continuit\u00e9 humaine, une invitation \u00e0 r\u00e9fl\u00e9chir \u00e0 la mani\u00e8re dont une ville peut cultiver \u00e0 la fois ses racines et ses aspirations \u2013 une conversation durable entre la pierre et l&#039;esprit.<\/p>","protected":false},"excerpt":{"rendered":"<p>Braga, situ\u00e9e au nord-ouest du Portugal, est la capitale du district de Braga et de la province historique du Minho. Avec 201\u00a0583 habitants en 2023, elle est la neuvi\u00e8me plus grande municipalit\u00e9 du Portugal par sa population. Troisi\u00e8me agglom\u00e9ration la plus peupl\u00e9e du pays, l&#039;agglom\u00e9ration de Braga s&#039;\u00e9tend sur 183,40 kilom\u00e8tres carr\u00e9s et s&#039;\u00e9tend jusqu&#039;au fleuve C\u00e1vado, apr\u00e8s Lisbonne et Porto.<\/p>","protected":false},"author":1,"featured_media":4534,"parent":12065,"menu_order":0,"comment_status":"closed","ping_status":"closed","template":"elementor_theme","meta":{"_eb_attr":"","footnotes":""},"class_list":["post-12128","page","type-page","status-publish","has-post-thumbnail"],"_links":{"self":[{"href":"https:\/\/travelshelper.com\/fr\/wp-json\/wp\/v2\/pages\/12128","targetHints":{"allow":["GET"]}}],"collection":[{"href":"https:\/\/travelshelper.com\/fr\/wp-json\/wp\/v2\/pages"}],"about":[{"href":"https:\/\/travelshelper.com\/fr\/wp-json\/wp\/v2\/types\/page"}],"author":[{"embeddable":true,"href":"https:\/\/travelshelper.com\/fr\/wp-json\/wp\/v2\/users\/1"}],"replies":[{"embeddable":true,"href":"https:\/\/travelshelper.com\/fr\/wp-json\/wp\/v2\/comments?post=12128"}],"version-history":[{"count":0,"href":"https:\/\/travelshelper.com\/fr\/wp-json\/wp\/v2\/pages\/12128\/revisions"}],"up":[{"embeddable":true,"href":"https:\/\/travelshelper.com\/fr\/wp-json\/wp\/v2\/pages\/12065"}],"wp:featuredmedia":[{"embeddable":true,"href":"https:\/\/travelshelper.com\/fr\/wp-json\/wp\/v2\/media\/4534"}],"wp:attachment":[{"href":"https:\/\/travelshelper.com\/fr\/wp-json\/wp\/v2\/media?parent=12128"}],"curies":[{"name":"wp","href":"https:\/\/api.w.org\/{rel}","templated":true}]}}