{"id":12109,"date":"2024-09-15T14:26:21","date_gmt":"2024-09-15T14:26:21","guid":{"rendered":"https:\/\/travelshelper.com\/staging\/?page_id=12109"},"modified":"2026-03-12T19:45:07","modified_gmt":"2026-03-12T19:45:07","slug":"coimbra","status":"publish","type":"page","link":"https:\/\/travelshelper.com\/fr\/destinations\/europe\/portugal\/coimbra\/","title":{"rendered":"Coimbra"},"content":{"rendered":"<p>Coimbra, ville et municipalit\u00e9 du Portugal, est situ\u00e9e au centre du pays et comptait 140\u00a0796 habitants selon le recensement de 2021. D&#039;une superficie de 319,40 kilom\u00e8tres carr\u00e9s, cette cit\u00e9 antique est le plus grand centre urbain de la r\u00e9gion Centre et du district de Coimbra. Bien que Coimbra soit relativement petite, son influence d\u00e9passe largement ses limites municipales. Compos\u00e9e de 19 municipalit\u00e9s r\u00e9parties sur 4\u00a0336 kilom\u00e8tres carr\u00e9s, la Regi\u00e3o de Coimbra compte environ 460\u00a0000 habitants, ce qui en fait une zone m\u00e9tropolitaine majeure du Portugal.<\/p>\n<p>La riche histoire de la ville remonte \u00e0 l&#039;\u00e9poque romaine, alors connue sous le nom d&#039;Aeminium. Des sites arch\u00e9ologiques bien pr\u00e9serv\u00e9s, notamment l&#039;aqueduc et le cryptoportique romains, t\u00e9moignent encore de son h\u00e9ritage. Ces vestiges offrent un lien physique avec le pass\u00e9 de Coimbra et t\u00e9moignent de son importance continue \u00e0 travers les mill\u00e9naires.<\/p>\n<p>L&#039;importance de Coimbra dans l&#039;histoire portugaise a atteint son apog\u00e9e aux XIIe et XIIIe si\u00e8cles, lorsqu&#039;elle abrita la capitale du pays de 1131 \u00e0 1255. Plusieurs b\u00e2timents et monuments de cette \u00e9poque ornent encore les rues de la ville, transformant ainsi son paysage urbain \u00e0 jamais. L&#039;architecture de cette \u00e9poque refl\u00e8te l&#039;autorit\u00e9 et la dignit\u00e9 que poss\u00e9dait Coimbra en tant que r\u00e9sidence de la royaut\u00e9 portugaise.<\/p>\n<p>Coimbra a \u00e9volu\u00e9 et a marqu\u00e9 son caract\u00e8re pour les si\u00e8cles \u00e0 venir, tandis que l&#039;attention politique du royaume se d\u00e9pla\u00e7ait ailleurs \u00e0 la fin du Moyen \u00c2ge. La ville s&#039;est reconstruite en tant que puissance culturelle et intellectuelle plut\u00f4t que de sombrer dans l&#039;oubli. Un \u00e9v\u00e9nement majeur \u2013 la fondation de la premi\u00e8re universit\u00e9 portugaise \u2013 a marqu\u00e9 le d\u00e9but de cette m\u00e9tamorphose.<\/p>\n<p>Fond\u00e9e \u00e0 Lisbonne en 1290, l&#039;institution s&#039;est install\u00e9e \u00e0 Co\u00efmbra en 1308 et y est rest\u00e9e depuis. Aujourd&#039;hui devenue l&#039;Universit\u00e9 de Co\u00efmbra, cette institution est le plus ancien \u00e9tablissement universitaire du monde lusophone. La transformation de Co\u00efmbra en ville de savoir, d&#039;\u00e9ducation et d&#039;\u00e9changes culturels a \u00e9t\u00e9 en partie motiv\u00e9e par sa pr\u00e9sence.<\/p>\n<p>On ne saurait trop insister sur l&#039;impact de l&#039;universit\u00e9 sur Coimbra. Depuis des mill\u00e9naires, elle attire des universitaires et des \u00e9tudiants de toute l&#039;Europe et d&#039;ailleurs, conf\u00e9rant \u00e0 la ville une atmosph\u00e8re internationale et une \u00e9nergie toujours jeune et innovante. Alors que d&#039;autres cit\u00e9s anciennes ont pu stagner, Coimbra est rest\u00e9e dynamique et pertinente gr\u00e2ce \u00e0 son apport constant d&#039;id\u00e9es et de cerveaux nouveaux.<\/p>\n<p>L&#039;Universit\u00e9 de Coimbra continue de s\u00e9duire visiteurs et \u00e9tudiants. Profond\u00e9ment ancr\u00e9es dans des si\u00e8cles d&#039;histoire universitaire, ses structures historiques offrent aux visiteurs un aper\u00e7u de la vie intellectuelle portugaise \u00e0 travers le temps. Au-del\u00e0 de son enseignement, l&#039;universit\u00e9 a fa\u00e7onn\u00e9 le tissu m\u00eame de la ville, cr\u00e9ant un paysage urbain unique o\u00f9 vie quotidienne et \u00e9tudes se confondent.<\/p>\n<p>L&#039;UNESCO a remarqu\u00e9 cette parfaite harmonie entre vie universitaire et vie urbaine, ce qui lui a valu une reconnaissance officielle en 2013. Class\u00e9s au patrimoine mondial, les b\u00e2timents historiques de l&#039;Universit\u00e9 de Coimbra ont \u00e9t\u00e9 reconnus par l&#039;UNESCO comme \u00ab un exemple exceptionnel de ville universitaire int\u00e9gr\u00e9e, dot\u00e9e d&#039;une typologie urbaine sp\u00e9cifique et de traditions c\u00e9r\u00e9monielles et culturelles propres, pr\u00e9serv\u00e9es \u00e0 travers les \u00e2ges \u00bb.<\/p>\n<p>Outre la valeur architecturale et historique de Coimbra, ce classement par l&#039;UNESCO met en valeur ses coutumes quotidiennes. La ville a su honorer et prot\u00e9ger ses traditions intellectuelles, cr\u00e9ant ainsi un ensemble culturel unique alliant le m\u00e9di\u00e9val et le moderne. Du fado classique des \u00e9tudiants aux c\u00e9r\u00e9monies de remise de dipl\u00f4mes \u00e9labor\u00e9es, les coutumes de Coimbra perdurent et se transmettent aux citoyens et aux \u00e9tudiants de g\u00e9n\u00e9ration en g\u00e9n\u00e9ration.<\/p>\n<p>Apr\u00e8s Lisbonne, Porto et Braga, Coimbra, quatri\u00e8me plus grande agglom\u00e9ration du Portugal, ne refl\u00e8te pas son influence disproportionn\u00e9e sur la culture et l&#039;\u00e9ducation portugaises. Trait d&#039;union entre le pr\u00e9sent dynamique du pays et son pass\u00e9 l\u00e9gendaire, elle est un lieu o\u00f9 de nouveaux cerveaux fa\u00e7onnent l&#039;avenir tandis que les vieilles pierres murmurent les secrets de l&#039;histoire.<\/p>\n<p>Avec l&#039;universit\u00e9 dominant la vieille ville au sommet d&#039;une colline et les quartiers plus r\u00e9cents diss\u00e9min\u00e9s le long des rives du Mondego, l&#039;architecture de la ville refl\u00e8te son d\u00e9veloppement historique. Cette repr\u00e9sentation physique de la capacit\u00e9 de Coimbra \u00e0 s&#039;adapter au d\u00e9veloppement tout en honorant son h\u00e9ritage cr\u00e9e un contraste visuel saisissant entre le Moyen \u00c2ge et la modernit\u00e9.<\/p>","protected":false},"excerpt":{"rendered":"<p>Coimbra, ville et municipalit\u00e9 du Portugal, est situ\u00e9e au centre du pays et comptait 140\u00a0796 habitants selon le recensement de 2021. D&#039;une superficie de 319,40 kilom\u00e8tres carr\u00e9s, cette cit\u00e9 antique est le plus grand centre urbain de la r\u00e9gion Centre et du district de Coimbra. Bien que Coimbra soit relativement petite, son influence d\u00e9passe largement ses limites municipales. Compos\u00e9e de 19 municipalit\u00e9s r\u00e9parties sur 4\u00a0336 kilom\u00e8tres carr\u00e9s, la Regi\u00e3o de Coimbra compte environ 460\u00a0000 habitants, ce qui en fait une zone m\u00e9tropolitaine majeure du Portugal.<\/p>","protected":false},"author":1,"featured_media":4011,"parent":12065,"menu_order":0,"comment_status":"closed","ping_status":"closed","template":"elementor_theme","meta":{"_eb_attr":"","footnotes":""},"class_list":["post-12109","page","type-page","status-publish","has-post-thumbnail"],"_links":{"self":[{"href":"https:\/\/travelshelper.com\/fr\/wp-json\/wp\/v2\/pages\/12109","targetHints":{"allow":["GET"]}}],"collection":[{"href":"https:\/\/travelshelper.com\/fr\/wp-json\/wp\/v2\/pages"}],"about":[{"href":"https:\/\/travelshelper.com\/fr\/wp-json\/wp\/v2\/types\/page"}],"author":[{"embeddable":true,"href":"https:\/\/travelshelper.com\/fr\/wp-json\/wp\/v2\/users\/1"}],"replies":[{"embeddable":true,"href":"https:\/\/travelshelper.com\/fr\/wp-json\/wp\/v2\/comments?post=12109"}],"version-history":[{"count":0,"href":"https:\/\/travelshelper.com\/fr\/wp-json\/wp\/v2\/pages\/12109\/revisions"}],"up":[{"embeddable":true,"href":"https:\/\/travelshelper.com\/fr\/wp-json\/wp\/v2\/pages\/12065"}],"wp:featuredmedia":[{"embeddable":true,"href":"https:\/\/travelshelper.com\/fr\/wp-json\/wp\/v2\/media\/4011"}],"wp:attachment":[{"href":"https:\/\/travelshelper.com\/fr\/wp-json\/wp\/v2\/media?parent=12109"}],"curies":[{"name":"wp","href":"https:\/\/api.w.org\/{rel}","templated":true}]}}