{"id":12099,"date":"2024-09-15T14:20:29","date_gmt":"2024-09-15T14:20:29","guid":{"rendered":"https:\/\/travelshelper.com\/staging\/?page_id=12099"},"modified":"2026-03-12T19:44:42","modified_gmt":"2026-03-12T19:44:42","slug":"lagos","status":"publish","type":"page","link":"https:\/\/travelshelper.com\/fr\/destinations\/europe\/portugal\/lagos\/","title":{"rendered":"Lagos"},"content":{"rendered":"<p>Lagos se situe au confluent du fleuve Bensafrim et de l&#039;oc\u00e9an Atlantique, dans le sud de l&#039;Algarve, au Portugal. Sa superficie est de 212,99 kilom\u00e8tres carr\u00e9s, dans la r\u00e9gion de Barlavento. Les 31\u00a0049 habitants de la municipalit\u00e9 (recensement de 2011) r\u00e9sident principalement le long de sa c\u00f4te ensoleill\u00e9e, o\u00f9 une ville d&#039;environ 22\u00a0000 habitants est regroup\u00e9e dans les paroisses de S\u00e3o Sebasti\u00e3o et de Santa Maria. Les visiteurs saisonniers viennent grossir ce nombre pendant les mois chauds, attir\u00e9s par la promesse de mers temp\u00e9r\u00e9es, de criques abrit\u00e9es et d&#039;un t\u00e9moignage vivant de si\u00e8cles d&#039;histoire maritime et terrestre.<\/p>\n<p>Le long du littoral, la majorit\u00e9 des r\u00e9sidents permanents de Lagos vivent du tourisme et des services associ\u00e9s. Plus \u00e0 l&#039;int\u00e9rieur des terres, le paysage laisse place \u00e0 des champs de c\u00e9r\u00e9ales, d&#039;oliviers et d&#039;agrumes, cultiv\u00e9s par une population rurale modeste dont le travail agricole et forestier rappelle des modes de peuplement s\u00e9culaires. Cette dualit\u00e9 \u2013 une \u00e9conomie partag\u00e9e entre une hospitalit\u00e9 ensoleill\u00e9e et une qui\u00e9tude agraire \u2013 d\u00e9finit le caract\u00e8re de la municipalit\u00e9, tout comme le rythme saisonnier changeant des visiteurs qui viennent d\u00e9couvrir les c\u00e9l\u00e8bres plages, les formations rocheuses et les richesses culturelles de la r\u00e9gion.<\/p>\n<p>La c\u00f4te autour de Lagos d\u00e9voile une vari\u00e9t\u00e9 de sables et de pierres sculpt\u00e9s par le vent et l&#039;eau. Meia Praia, cette large \u00e9tendue de sable clair \u00e0 l&#039;embouchure de l&#039;estuaire, s&#039;\u00e9tend sur l&#039;une des plus grandes baies ouvertes d&#039;Europe et offre des eaux calmes propices \u00e0 la voile et aux sports de pagaie, sous la surveillance du pont-levis moderne qui relie la marina au vieux quartier. \u00c0 l&#039;est se trouvent Praia Solaria et la petite Praia da Batata, o\u00f9 le fleuve rencontre la mer dans une petite crique qui accueille des rassemblements estivaux informels. Plus loin, Praia dos Estudantes et Praia da Dona Ana se nichent sous des falaises ocre creus\u00e9es de fissures, leurs mar\u00e9es changeantes coupant l&#039;\u00e9troite plage \u00e0 mar\u00e9e haute. Praia do Canavial et Praia de Camilo pr\u00e9sentent des affleurements rocheux saisissants et des sentiers en escaliers menant au niveau de la mer, tandis que la paroisse de Luz offre Praia da Luz, domin\u00e9e par le sombre promontoire de Rocha Negra. Au-del\u00e0 des limites de la ville, Praia da Balan\u00e7a appara\u00eet comme une poche de sable isol\u00e9e, d\u00e9limit\u00e9e par des escarpements imposants qui encadrent l&#039;horizon atlantique.<\/p>\n<p>Sous ces rivages pittoresques se cache un t\u00e9moignage des temps anciens. La stratigraphie de l&#039;Algarve refl\u00e8te l&#039;h\u00e9ritage de l&#039;orogen\u00e8se varisque et de la s\u00e9dimentation ult\u00e9rieure du M\u00e9sozo\u00efque et du C\u00e9nozo\u00efque. Les gr\u00e8s rouges continentaux du Trias c\u00e8dent la place \u00e0 des calcaires et \u00e9vaporites marins peu profonds, entrecoup\u00e9s de tufs et de coul\u00e9es volcaniques. Le long de la c\u00f4te, de Lagos \u00e0 Albufeira, la formation Lagos-Portim\u00e3o, datant du Mioc\u00e8ne moyen, t\u00e9moigne d&#039;une p\u00e9riode de d\u00e9p\u00f4t marin sur un plateau bas, interrompue par un hiatus intra-Mioc\u00e8ne d&#039;environ 2,4 millions d&#039;ann\u00e9es. Les surfaces expos\u00e9es durant cet intervalle calme ont favoris\u00e9 les caract\u00e9ristiques karstiques qui sculptent aujourd&#039;hui les falaises en bandes horizontales de couches silicoclastiques et calcaires. La faible cimentation de ces strates rend les falaises sujettes \u00e0 l&#039;effondrement, tandis que des coquillages fossilis\u00e9s, des bryozoaires et des algues coralliennes t\u00e9moignent d&#039;un r\u00e9gime de d\u00e9p\u00f4t temp\u00e9r\u00e9 chaud. Dans la localit\u00e9 connue sous le nom de Cerro das M\u00f3s, une ancienne dent de crocodile et des restes de mammif\u00e8res marins datent du Serravallien, marquant la premi\u00e8re preuve d&#039;Odontoceti dans la r\u00e9gion.<\/p>\n<p>L&#039;histoire humaine de Lagos est tout aussi complexe. La ville a \u00e9t\u00e9 un centre de l&#039;\u00e8re des d\u00e9couvertes portugaises, accueillant fr\u00e9quemment le prince Henri le Navigateur et les charpentiers navals qui pr\u00e9paraient les navires pour les voyages le long des c\u00f4tes ouest-africaines. C&#039;est \u00e0 Lagos qu&#039;en 1444, le premier march\u00e9 aux esclaves africains s&#039;ouvrit sur le sol europ\u00e9en \u2013 une \u00e9tape tragique d&#039;un commerce qui allait marquer des si\u00e8cles. Aujourd&#039;hui, un petit mus\u00e9e occupe l&#039;ancien Mercado de Escravos, o\u00f9 des expositions num\u00e9riques guident les visiteurs \u00e0 travers ce chapitre charg\u00e9. Le nom de la ville a travers\u00e9 l&#039;Atlantique, donnant naissance \u00e0 ce qui allait devenir Lagos au Nigeria, t\u00e9moignage des liens maritimes tiss\u00e9s au XVe si\u00e8cle.<\/p>\n<p>Lagos attire depuis longtemps les voyageurs, non seulement pour son histoire, mais aussi pour la convivialit\u00e9 de sa vie moderne. Les bars bordent les ruelles pav\u00e9es de la vieille ville, servant des vins r\u00e9gionaux et des fruits de mer p\u00each\u00e9s au petit matin. Les restaurants, install\u00e9s dans d&#039;anciennes maisons de marchands, proposent du poulpe r\u00e9chauff\u00e9 \u00e0 la braise et des patelles frites. L&#039;offre h\u00f4teli\u00e8re va des auberges blanchies \u00e0 la chaux install\u00e9es dans d&#039;anciens couvents aux stations baln\u00e9aires dont les terrasses vitr\u00e9es donnent sur le phare de Ponta da Piedade. En 2012, cette alliance entre patrimoine et hospitalit\u00e9 a valu \u00e0 Lagos la premi\u00e8re place du classement des \u00ab\u00a0destinations en plein essor\u00a0\u00bb de TripAdvisor, t\u00e9moignant de son attrait croissant aupr\u00e8s d&#039;un public international.<\/p>\n<p>La p\u00eache reste au c\u0153ur de la vie quotidienne locale. Bien avant que le tourisme ne domine l&#039;\u00e9conomie, de petits bateaux lan\u00e7aient des filets dans ces m\u00eames eaux atlantiques, ramenant sardines et maquereaux qui nourrissaient la r\u00e9gion. Avec l&#039;ouverture de la Marina de Lagos, qui compte aujourd&#039;hui 460 postes d&#039;amarrage, la ville s&#039;est lanc\u00e9e dans la croisi\u00e8re au long cours aux c\u00f4t\u00e9s des flottes de p\u00eache traditionnelles. Le pont-levis pivotant de la marina, v\u00e9ritable prouesse d&#039;ing\u00e9nierie moderne, permet d&#039;acc\u00e9der chaque matin au port anim\u00e9 o\u00f9 les p\u00eacheurs nettoient leurs prises sur des planches patin\u00e9es par les intemp\u00e9ries.<\/p>\n<p>La liaison terrestre se poursuit gr\u00e2ce \u00e0 la ligne ferroviaire de l&#039;Algarve, dont les voies relient Lagos \u00e0 l&#039;est, en passant par Faro, jusqu&#039;\u00e0 Vila Real de Santo Ant\u00f3nio. Comboios de Portugal exploite ce service, avec des correspondances \u00e0 Tunes pour Lisbonne ou Porto. Bien que l&#039;a\u00e9rodrome municipal n&#039;accueille que de petits avions de loisir, l&#039;a\u00e9roport international de Faro se trouve \u00e0 moins d&#039;une heure de route, assurant des liaisons fluides avec les capitales europ\u00e9ennes.<\/p>\n<p>La ville anim\u00e9e se d\u00e9voile \u00e0 travers des rythmes mesur\u00e9s\u00a0: le march\u00e9 aux poissons \u00e0 l&#039;aube, o\u00f9 des corps aux \u00e9cailles argent\u00e9es sont \u00e9tendus sur la glace\u00a0; la patine pastel des b\u00e2timents de la place centrale\u00a0; le cliquetis matinal des v\u00e9los le long de la Rua Porta da Vila. Parmi le patrimoine b\u00e2ti se dresse le Fort da Ponta da Bandeira, un rempart du XVIIe\u00a0si\u00e8cle gardant l&#039;entr\u00e9e du port, dont les murs blanchis \u00e0 la chaux et les cr\u00e9neaux rappellent les menaces pass\u00e9es. Non loin de l\u00e0, l&#039;\u00e9glise baroque de Santo Ant\u00f3nio dissimule une Capela dos Ossos, dont les murs sont tapiss\u00e9s de restes humains, sombre r\u00e9flexion sur la mortalit\u00e9. S&#039;\u00e9levant au-dessus du promontoire \u00e0 l&#039;ouest, le Farol da Ponta da Piedade, dont la lumi\u00e8re guidait autrefois les marins autour des affleurements rocheux d\u00e9chiquet\u00e9s.<\/p>\n<p>\u00c0 quelques pas de la vieille ville, on acc\u00e8de au Mus\u00e9e municipal Dr. Jos\u00e9 Formosinho, annexe d&#039;une \u00e9glise du XVIIe si\u00e8cle qui abrite des d\u00e9couvertes arch\u00e9ologiques et des \u0153uvres artistiques retra\u00e7ant le d\u00e9veloppement de la r\u00e9gion, de la pr\u00e9histoire \u00e0 la domination maure et \u00e0 l&#039;\u00e9poque maritime. Les rues adjacentes d\u00e9voilent un d\u00e9cor d&#039;azulejos et de balcons en fer forg\u00e9, chaque fa\u00e7ade \u00e9tant un jeu de couleurs et d&#039;ombres.<\/p>\n<p>Ceux qui souhaitent aller au-del\u00e0 de l&#039;observation des h\u00e9ritages g\u00e9ologiques et architecturaux statiques pourront d\u00e9couvrir l&#039;aventure VTT de la Rua Porta da Vila. Ses guides emm\u00e8nent les cyclistes depuis les sommets de la Serra do Caldeir\u00e3o, culminant \u00e0 902 m\u00e8tres, jusqu&#039;au niveau de la mer, en empruntant des sentiers autrefois emprunt\u00e9s par les bergers et les commer\u00e7ants. Cette excursion, dont le prix est \u00e0 la hauteur de sa complexit\u00e9 logistique, propose un service de navette et des itin\u00e9raires gradu\u00e9s pour tous les niveaux. Pour les sorties en famille, le zoo de Lagos se trouve \u00e0 dix kilom\u00e8tres de la c\u00f4te. Ses enclos compacts abritent des bouquetins ib\u00e9riques et des primates exotiques sous l&#039;\u0153il attentif des naturalistes locaux.<\/p>\n<p>L&#039;eau demeure l&#039;attraction qui impr\u00e8gne chaque facette de Lagos. Des excursions d&#039;observation des dauphins partent de la marina, avec des bateaux suffisamment puissants pour traquer les bancs de dauphins rapides, m\u00eame si l&#039;observation n&#039;est jamais garantie. Des locations de kayaks de mer sont install\u00e9es pr\u00e8s des kiosques du front de mer, invitant les pagayeurs \u00e0 explorer des grottes cach\u00e9es et des arches marines creus\u00e9es dans les falaises. Les excursions en bateau vers les grottes de Ponta da Piedade sont propos\u00e9es \u00e0 prix fixes, mais une alternative moins commerciale existe\u00a0: une descente de quelque deux cents marches au Farol da Ponta da Piedade r\u00e9v\u00e8le une modeste jet\u00e9e o\u00f9 des p\u00eacheurs locaux guident de petites embarcations \u00e0 travers les passages souterrains pour un tarif l\u00e9g\u00e8rement plus \u00e9lev\u00e9, mais avec une touche d&#039;authenticit\u00e9.<\/p>\n<p>Les p\u00e8lerins de tranquillit\u00e9 trouvent r\u00e9confort sur des rivages isol\u00e9s, accessibles uniquement par des prises et des cordes plant\u00e9es dans les pentes boueuses surplombant la mer. Dans ces criques, l&#039;immensit\u00e9 de l&#039;Atlantique s&#039;ouvre tranquillement, le rugissement des vagues temp\u00e9r\u00e9 par la courbe protectrice de la pierre. Les filets des p\u00eacheurs s\u00e8chent sur les balustrades tach\u00e9es de rouille, et le bois flott\u00e9 s&#039;accumule dans les poches de sable o\u00f9 peu s&#039;aventurent.<\/p>\n<p>Au fil des saisons, Lagos offre une continuit\u00e9 d&#039;\u00e9motions\u00a0: le bourdonnement intermittent des scooters passant sous les bougainvilliers, le son mesur\u00e9 des cloches des \u00e9glises \u00e0 midi, le vent qui porte le sel \u00e0 la tomb\u00e9e de la nuit. Son identit\u00e9 \u00e9merge au croisement de l&#039;histoire naturelle et de l&#039;activit\u00e9 humaine, l\u00e0 o\u00f9 les falaises gardent le souvenir des mers lointaines et o\u00f9 les rues de la ville t\u00e9moignent des voyages \u00e0 travers les oc\u00e9ans du monde. Ici, le pass\u00e9 demeure pr\u00e9sent, inscrit dans la roche, l&#039;eau et la pierre, invitant chacun \u00e0 observer, \u00e0 r\u00e9fl\u00e9chir et \u00e0 partager son r\u00e9cit immuable.<\/p>","protected":false},"excerpt":{"rendered":"<p>Lagos, ville et municipalit\u00e9 situ\u00e9e au sud du Portugal, compte environ 31\u00a0049 habitants sur une superficie de 212,99 kilom\u00e8tres carr\u00e9s. Nich\u00e9e au bord de l&#039;oc\u00e9an Atlantique, dans la r\u00e9gion de Barlavento, en Algarve, pr\u00e8s de l&#039;embouchure du fleuve Bensafrim, Lagos poss\u00e8de un riche pass\u00e9 et un pr\u00e9sent dynamique. Comprenant la paroisse civile de S\u00e3o Sebasti\u00e3o e Santa Maria, la ville compte plus de 22\u00a0000 habitants. En \u00e9t\u00e9, lorsque les visiteurs et les r\u00e9sidents saisonniers affluent vers ce joyau baln\u00e9aire, ces chiffres augmentent consid\u00e9rablement.<\/p>","protected":false},"author":1,"featured_media":3304,"parent":12065,"menu_order":0,"comment_status":"closed","ping_status":"closed","template":"elementor_theme","meta":{"_eb_attr":"","footnotes":""},"class_list":["post-12099","page","type-page","status-publish","has-post-thumbnail"],"_links":{"self":[{"href":"https:\/\/travelshelper.com\/fr\/wp-json\/wp\/v2\/pages\/12099","targetHints":{"allow":["GET"]}}],"collection":[{"href":"https:\/\/travelshelper.com\/fr\/wp-json\/wp\/v2\/pages"}],"about":[{"href":"https:\/\/travelshelper.com\/fr\/wp-json\/wp\/v2\/types\/page"}],"author":[{"embeddable":true,"href":"https:\/\/travelshelper.com\/fr\/wp-json\/wp\/v2\/users\/1"}],"replies":[{"embeddable":true,"href":"https:\/\/travelshelper.com\/fr\/wp-json\/wp\/v2\/comments?post=12099"}],"version-history":[{"count":0,"href":"https:\/\/travelshelper.com\/fr\/wp-json\/wp\/v2\/pages\/12099\/revisions"}],"up":[{"embeddable":true,"href":"https:\/\/travelshelper.com\/fr\/wp-json\/wp\/v2\/pages\/12065"}],"wp:featuredmedia":[{"embeddable":true,"href":"https:\/\/travelshelper.com\/fr\/wp-json\/wp\/v2\/media\/3304"}],"wp:attachment":[{"href":"https:\/\/travelshelper.com\/fr\/wp-json\/wp\/v2\/media?parent=12099"}],"curies":[{"name":"wp","href":"https:\/\/api.w.org\/{rel}","templated":true}]}}