{"id":12037,"date":"2024-09-15T12:46:46","date_gmt":"2024-09-15T12:46:46","guid":{"rendered":"https:\/\/travelshelper.com\/staging\/?page_id=12037"},"modified":"2026-03-12T21:54:54","modified_gmt":"2026-03-12T21:54:54","slug":"sotchi","status":"publish","type":"page","link":"https:\/\/travelshelper.com\/fr\/destinations\/europe\/russian-federation\/sochi\/","title":{"rendered":"Sotchi"},"content":{"rendered":"<p>Sotchi, la plus grande station baln\u00e9aire de Russie, occupe une \u00e9troite bande c\u00f4ti\u00e8re de 176,77 kilom\u00e8tres carr\u00e9s le long de la mer Noire, dans le Caucase du Nord. Sa population municipale s&#039;\u00e9l\u00e8ve \u00e0 466\u00a0078 habitants et sa population urbaine atteint environ 600\u00a0000 habitants. S&#039;\u00e9tendant sur 145 kilom\u00e8tres, de Lazarevsko\u00efe au nord-ouest \u00e0 Adler au sud-est, Sotchi est la plus longue ville d&#039;Europe et se classe au cinqui\u00e8me rang des centres urbains du District f\u00e9d\u00e9ral du Sud, au deuxi\u00e8me rang du Kra\u00ef de Krasnodar et au sixi\u00e8me rang des villes de la mer Noire. Situ\u00e9e \u00e0 environ 1\u00a0603 kilom\u00e8tres de Moscou par la route, Sotchi allie littoral subtropical et pentes abruptes et bois\u00e9es, offrant un paysage touristique in\u00e9gal\u00e9 sous les latitudes russes.<\/p>\n<p>Le d\u00e9veloppement de la ville remonte \u00e0 sa position strat\u00e9gique au confluent des environnements c\u00f4tier, fluvial et montagneux. Les anciens habitants d&#039;Ubykh appelaient le site \u00ab\u00a0\u0428\u044a\u0443\u0430\u0447\u0430\u00a0\u00bb, ce qui signifie \u00ab\u00a0bord de mer\u00a0\u00bb, et il demeura un ensemble d&#039;agglom\u00e9rations ind\u00e9pendantes jusqu&#039;au milieu du XIXe\u00a0si\u00e8cle. Des avant-postes militaires russes et des comptoirs g\u00e9nois parsemaient autrefois le littoral, posant les bases des microdistricts modernes. La structure municipale actuelle comprend quatre districts urbains \u2013 Tsentralny, Lazarevsky, Khostinsky et Adlersky \u2013 ainsi que l&#039;agglom\u00e9ration urbaine de Krasnaya Polyana et soixante-dix-neuf localit\u00e9s rurales, toutes administr\u00e9es collectivement sous le nom d&#039;Okrug urbain de Sotchi.<\/p>\n<p>Le centre de Sotchi, anciennement le district de Tsentralny, ne s&#039;\u00e9tend que sur 32 kilom\u00e8tres carr\u00e9s, mais abrite environ 137\u00a0677 habitants, ce qui en fait le district le plus dense. Ici, l&#039;architecture religieuse du XIXe si\u00e8cle c\u00f4toie les promenades en bord de mer et les monuments staliniens. La cath\u00e9drale Saint-Michel-Archange, construite entre 1873 et 1891 pour comm\u00e9morer la fin de la guerre du Caucase, ancre le c\u0153ur historique. Non loin de l\u00e0, une colonne de granit rouge \u00e9rig\u00e9e en 2006 rend hommage aux soldats tomb\u00e9s lors de ce conflit, sa statue en bronze de l&#039;Archange Michel s&#039;\u00e9levant \u00e0 sept m\u00e8tres au-dessus d&#039;une place comm\u00e9morative. La botanique est incarn\u00e9e \u00e0 l&#039;Arboretum de Sotchi, dont la collection exotique de palmiers et d&#039;arbres subtropicaux prosp\u00e8re au milieu de bosquets paysagers. L&#039;All\u00e9e des Maires de l&#039;Arboretum pr\u00e9sente des plantations de palmiers offertes par des dignitaires en visite, soulignant le statut de station baln\u00e9aire internationale de Sotchi. Au sein du Jardin botanique subtropical se dresse l&#039;arbre hybride de l&#039;amiti\u00e9 des agrumes, greff\u00e9 \u00e0 plusieurs reprises depuis 1940 avec des cultivars du monde entier ; son mus\u00e9e adjacent conserve des dizaines de milliers de cadeaux diplomatiques.<\/p>\n<p>Au nord-ouest du centre-ville se trouve le district de Lazarevski, qui s&#039;\u00e9tend sur quelque 1\u00a0744 kilom\u00e8tres carr\u00e9s et comptait 63\u00a0894 habitants au recensement de 2010. Parmi les sous-districts figurent Lazarevsko\u00efe, o\u00f9 une \u00e9glise de 1903 et une \u00e9glise contemporaine cohabitent \u00e0 c\u00f4t\u00e9 d&#039;un delphinarium\u00a0; Loo, adoss\u00e9 aux ruines d&#039;une \u00e9glise-forteresse byzantine\u00a0; Dagomys, c\u00e9l\u00e8bre pour ses plantations de th\u00e9 imp\u00e9riales et son jardin botanique command\u00e9 par Nicolas II, ainsi que pour son complexe h\u00f4telier riverain datant de 1982\u00a0; et Golovinka, embouchure historique de la rivi\u00e8re Shakhe o\u00f9 les condamn\u00e9s d\u00e9cembristes occupaient autrefois le fort Golovinsky jusqu&#039;\u00e0 sa d\u00e9molition lors de la guerre de Crim\u00e9e. Des \u00e9chos du commerce m\u00e9di\u00e9val subsistent dans les rares vestiges du fort Godlik, autrefois d\u00e9fendu par les Byzantins, assi\u00e9g\u00e9 par les Khazars et reconstruit par des commer\u00e7ants g\u00e9nois.<\/p>\n<p>Au sud-est, le district de Khostinsky s&#039;\u00e9tend sur quelque 374 kilom\u00e8tres carr\u00e9s et compte 65\u00a0229 habitants. De nombreux ruisseaux creusent des vall\u00e9es verdoyantes qui donnent leurs noms \u2013 Matsesta, \u00ab\u00a0rivi\u00e8re couleur de feu\u00a0\u00bb, Kudepsta et Khosta \u2013 aux microdistricts adjacents. Les sources thermales de Matsesta ont stimul\u00e9 le d\u00e9veloppement pr\u00e9coce des sanatoriums\u00a0; leurs eaux riches en min\u00e9raux, autrefois mises en bouteille pour l&#039;exportation, continuent d&#039;attirer les convalescents. Des panoramas perch\u00e9s encadrent les champs de th\u00e9 qui s&#039;\u00e9tendent sur les pentes, leurs terrasses couleur \u00e9meraude s&#039;\u00e9levant vers la r\u00e9serve de biosph\u00e8re du Caucase. Cette r\u00e9serve, inscrite au patrimoine mondial de l&#039;UNESCO, s&#039;\u00e9tend sur le kra\u00ef de Krasnodar et l&#039;Adygu\u00e9e au nord-est, pr\u00e9servant des for\u00eats mixtes vierges et des vall\u00e9es glaciaires \u00e0 l&#039;int\u00e9rieur des terres, juste \u00e0 l&#039;int\u00e9rieur des plages de Sotchi.<\/p>\n<p>\u00c0 l&#039;extr\u00e9mit\u00e9 sud se trouve le district d&#039;Adlersky, qui couvre 1\u00a0352 kilom\u00e8tres carr\u00e9s et compte 76\u00a0534 habitants. Historiquement distinct jusqu&#039;en 1961, Adler allie la fa\u00e7ade de la mer Noire \u00e0 l&#039;arri\u00e8re-pays montagneux. L&#039;ancien village de Sadz et le port g\u00e9nois m\u00e9di\u00e9val qui occupaient autrefois le site ont laiss\u00e9 place \u00e0 des promenades touristiques et \u00e0 un a\u00e9roport international. Au-del\u00e0 de la baie, le terrain s&#039;\u00e9l\u00e8ve abruptement vers le Caucase occidental, o\u00f9 un r\u00e9seau d&#039;aouls, de villages de montagne isol\u00e9s, de vestiges de la culture traditionnelle adygu\u00e9enne et de p\u00eacheries de truites se concentre autour des gorges d&#039;Akhshtyr. Ici, une grotte calcaire de 160 m\u00e8tres de profondeur r\u00e9v\u00e8le des mill\u00e9naires d&#039;occupation humaine. Le hameau d&#039;Estosadok, autrefois colonie estonienne, sert aujourd&#039;hui de porte d&#039;entr\u00e9e \u00e0 Krasnaya Polyana, la station de ski qui a accueilli les \u00e9preuves de ski alpin et nordique lors des Jeux olympiques d&#039;hiver de 2014.<\/p>\n<p>Les Jeux olympiques d&#039;hiver de 2014 et les XIes Jeux paralympiques ont marqu\u00e9 un tournant dans la transformation de Sotchi. Les sites olympiques \u00e9taient r\u00e9partis aussi bien sur les c\u00f4tes que dans les complexes montagneux, n\u00e9cessitant d&#039;importantes r\u00e9novations d&#039;infrastructures. La station de ski voisine de Rosa Khutor, nich\u00e9e dans une vall\u00e9e escarp\u00e9e au nord de Krasna\u00efa Poliana, accueillait des \u00e9preuves de descente et de saut d&#039;obstacles. Les investissements pour les Jeux ont d\u00e9pass\u00e9 les mille milliards de roubles au cours de la d\u00e9cennie pr\u00e9c\u00e9dente, englobant les transports, l&#039;h\u00f4tellerie et la r\u00e9novation urbaine. Les liaisons ferroviaires ont \u00e9t\u00e9 modernis\u00e9es\u00a0; cinq gares \u2013 Dagomys, Sotchi, Matsesta, Khosta et Adler \u2013 ont \u00e9t\u00e9 r\u00e9nov\u00e9es, tandis que de nouvelles gares ont \u00e9t\u00e9 construites \u00e0 Adler et Estosadok. Le projet de m\u00e9tro l\u00e9ger a finalement \u00e9t\u00e9 abandonn\u00e9 au profit de la r\u00e9novation du r\u00e9seau ferroviaire, mais les t\u00e9l\u00e9ph\u00e9riques et les funiculaires ont prolif\u00e9r\u00e9, reliant les sanatoriums de plaine aux h\u00f4tels \u00e0 flanc de colline. Le Grand Prix de Russie de Formule 1, organis\u00e9 de 2014 \u00e0 2021 sur un circuit c\u00f4tier sp\u00e9cialement am\u00e9nag\u00e9, a consolid\u00e9 le statut de destination multi-saisons de Sotchi. En 2018, Sotchi a rejoint Moscou et Saint-P\u00e9tersbourg comme ville h\u00f4te des matchs de la Coupe du monde de la FIFA.<\/p>\n<p>G\u00e9ographiquement, la ville occupe un \u00e9troit corridor bord\u00e9 par les eaux douces de la mer Noire et les pentes abruptes du Caucase occidental. Six fleuves importants irriguent ce territoire\u00a0: la Mzymta et la Shakhe traversent des vall\u00e9es montagneuses jusqu&#039;\u00e0 la mer, tandis que les rivi\u00e8res Ashe, Psezuapse, Sotchi, Khosta et Matsesta traversent des microdistricts portant le nom de leur cours. Au sud-est, la rivi\u00e8re Psou marque la fronti\u00e8re avec l&#039;\u00c9tat de facto d&#039;Abkhazie. \u00c0 l&#039;int\u00e9rieur des terres, le parc national de Sotchi englobe tout le territoire, \u00e0 l&#039;exception de la frange c\u00f4ti\u00e8re et de la r\u00e9serve de biosph\u00e8re, pr\u00e9servant \u00e0 la fois les hautes terres de conif\u00e8res et les canyons subtropicaux des basses terres.<\/p>\n<p>Le climat de Sotchi diff\u00e8re fortement de celui de la plupart des villes russes. Class\u00e9e subtropicale humide (K\u00f6ppen Cfa) \u00e0 basse altitude, elle enregistre des temp\u00e9ratures diurnes moyennes de 11 \u00b0C en hiver et de 24 \u00b0C en \u00e9t\u00e9, avec des moyennes nocturnes correspondantes de 4 \u00b0C et 16 \u00b0C respectivement. La temp\u00e9rature de la mer en saison baln\u00e9aire varie de 9 \u00b0C en f\u00e9vrier \u00e0 27 \u00b0C en ao\u00fbt. Les pr\u00e9cipitations annuelles d&#039;environ 1\u00a0700 mm tombent sur quelque 2\u00a0200 heures d&#039;ensoleillement, ce qui donne lieu \u00e0 des saisons de transition douces en avril et novembre, o\u00f9 les maximales diurnes atteignent parfois 20 \u00b0C. Malgr\u00e9 son aspect subtropical, des gel\u00e9es nocturnes se produisent et les temp\u00e9ratures minimales hivernales sont tomb\u00e9es \u00e0 \u221213,4 \u00b0C (le 25 janvier 1892), tandis que les temp\u00e9ratures maximales estivales ont culmin\u00e9 \u00e0 39,4 \u00b0C le 30 juillet 2000. La classification de la ville dans les zones de rusticit\u00e9 USDA 8b \u00e0 9a permet la culture de divers palmiers et de th\u00e9, une raret\u00e9 dans l&#039;agriculture russe.<\/p>\n<p>La culture du th\u00e9 repr\u00e9sente un fil conducteur \u00e9conomique et culturel distinctif. Les plantations du nord de Sotchi doivent leurs origines au XIXe si\u00e8cle, lorsque Nicolas II fit am\u00e9nager des jardins \u00e0 Dagomys et dans les vall\u00e9es environnantes. Aujourd&#039;hui, les usines transforment les feuilles de th\u00e9 locales en feuilles import\u00e9es, et les domaines patrimoniaux servent de fermes-mus\u00e9es et de lieux de d\u00e9gustation. De m\u00eame, l&#039;Arboretum subtropical t\u00e9moigne de l&#039;exp\u00e9rimentation de la flore exotique\u00a0; ses serres et ses ravins paysagers pr\u00e9sentent des esp\u00e8ces qui refl\u00e8tent les nuances climatiques de la r\u00e9gion.<\/p>\n<p>Sur le plan \u00e9conomique, Sotchi est \u00e0 la fois un p\u00f4le d&#039;attraction touristique et un moteur de croissance r\u00e9gionale. Natalia Zubarevich, \u00e9conomiste et g\u00e9ographe, a qualifi\u00e9 la ville de \u00ab capitale des loisirs \u00bb de la Russie, dont la prosp\u00e9rit\u00e9 influence les vecteurs de d\u00e9veloppement national. En 2015, le commerce de d\u00e9tail repr\u00e9sentait 59 % de son \u00e9conomie, suivi par la construction (15 %), les services touristiques et de vill\u00e9giature (11 %), l&#039;industrie (10,6 %), les transports (3,5 %) et l&#039;agriculture (0,9 %). Les moyennes et grandes entreprises ont d\u00e9clar\u00e9 un chiffre d&#039;affaires sup\u00e9rieur \u00e0 191,3 milliards de roubles en 2017, en hausse de 12 % sur un an. Depuis 2005, les investissements cumul\u00e9s dans l&#039;\u00e9conomie de Sotchi ont d\u00e9pass\u00e9 1\u00a0100 milliards de roubles, refl\u00e9tant un afflux de capitaux li\u00e9 aux Jeux olympiques et \u00e0 des efforts de r\u00e9am\u00e9nagement plus larges.<\/p>\n<p>Dans les classements nationaux, Sotchi affiche r\u00e9guli\u00e8rement de bons r\u00e9sultats. L&#039;Institut Urbanika l&#039;a class\u00e9e premi\u00e8re ville russe en termes de qualit\u00e9 de vie en 2010, et parmi les cinq premi\u00e8res en 2014 et 2015, citant son d\u00e9veloppement rapide, son attrait environnemental et sa s\u00e9curit\u00e9 publique. Forbes Russie a reconnu Sotchi comme la meilleure ville pour les affaires en 2012, reconnaissant les flux d&#039;investissement et l&#039;\u00e9mergence du secteur des services financiers. Le secteur du tourisme \u00e0 lui seul a g\u00e9n\u00e9r\u00e9 des revenus d&#039;environ 30 milliards de roubles en 2015, soit 18,6 % du march\u00e9 total de l&#039;h\u00e9bergement et de l&#039;h\u00f4tellerie du pays. Les arriv\u00e9es annuelles de touristes ont d\u00e9pass\u00e9 les 5,2 millions en 2016, soit une hausse de 5,9 %, avec un taux d&#039;occupation h\u00f4telier moyen proche de 77 %, bien que tr\u00e8s saisonnier.<\/p>\n<p>L&#039;offre d&#039;h\u00e9bergement comprend 705 \u00e9tablissements class\u00e9s, dont 66 sanatoriums, 20 pensions et centres de loisirs, et 618 h\u00f4tels. Les op\u00e9rateurs de plage g\u00e8rent 183 zones d\u00e9sign\u00e9es, tandis que plus d&#039;une centaine d&#039;agences de voyages organisent des excursions vers des r\u00e9serves de montagne, des sites culturels et des attractions en mer. L&#039;activit\u00e9 maritime est centr\u00e9e sur le terminal portuaire de style stalinien, achev\u00e9 en 1955 par les architectes Karo Alabyan et Leonid Karlik\u00a0; sa tour \u00e0 fl\u00e8che de 71\u00a0m\u00e8tres et ses sculptures all\u00e9goriques c\u00e9l\u00e8brent les saisons et les points cardinaux. Les bateaux de plaisance et les navires commerciaux partagent ses halls artistiques.<\/p>\n<p>Les infrastructures de transport continuent d&#039;\u00e9voluer. L&#039;a\u00e9roport international d&#039;Adler-Sotchi assure des vols int\u00e9rieurs et internationaux limit\u00e9s, reliant Moscou, Saint-P\u00e9tersbourg, Istanbul et les a\u00e9roports r\u00e9gionaux. Les transports publics comprennent un r\u00e9seau de bus et de taxis, compl\u00e9t\u00e9 par des funiculaires auxiliaires au Sanatorium militaire central et \u00e0 la station d&#039;Ordjonikidze, ainsi que trois t\u00e9l\u00e9ph\u00e9riques au Sanatorium Arboretum de l&#039;Aube et \u00e0 la Pension Neva. \u00c0 Krasna\u00efa Poliana, d&#039;autres t\u00e9l\u00e9ph\u00e9riques permettent aux amateurs de sports d&#039;hiver de profiter de d\u00e9nivel\u00e9s sup\u00e9rieurs \u00e0 mille m\u00e8tres.<\/p>\n<p>La vie culturelle \u00e0 Sotchi s&#039;articule autour de festivals annuels et des arts du spectacle. Le festival du film Kinotavr, organis\u00e9 chaque \u00e9t\u00e9 depuis 1991, pr\u00e9sente le cin\u00e9ma russe et international sur les \u00e9crans locaux. Des concerts symphoniques, des r\u00e9citals de musique de chambre et des ballets ont lieu dans des salles r\u00e9nov\u00e9es, notamment la salle d&#039;orgue et de musique de chambre o\u00f9 l&#039;Orchestre symphonique de Sotchi, dirig\u00e9 pendant des ann\u00e9es par Oleg Soldatov, divertit les habitants et les visiteurs. Des mus\u00e9es consacr\u00e9s \u00e0 l&#039;histoire r\u00e9gionale, \u00e0 l&#039;art et aux sciences naturelles occupent des b\u00e2timents commerciaux reconvertis et des galeries sp\u00e9cialement am\u00e9nag\u00e9es.<\/p>\n<p>M\u00eame si Sotchi jouit d&#039;une renomm\u00e9e internationale croissante, la gestion environnementale demeure une pr\u00e9occupation majeure. La r\u00e9serve de biosph\u00e8re du Caucase et le parc national adjacent prot\u00e8gent des esp\u00e8ces end\u00e9miques comme le t\u00e9traogalle du Caucase et le l\u00e9opard de Perse, tout en pr\u00e9servant l&#039;int\u00e9grit\u00e9 des bassins versants des rivi\u00e8res qui alimentent en eau potable les communaut\u00e9s c\u00f4ti\u00e8res. Des initiatives de tourisme durable favorisent la randonn\u00e9e \u00e0 faible impact et l&#039;observation de la faune, et des projets de reforestation visent \u00e0 r\u00e9habiliter les pentes d\u00e9nud\u00e9es par le d\u00e9veloppement pass\u00e9. Les autorit\u00e9s locales appliquent des r\u00e9glementations contre la construction incontr\u00f4l\u00e9e du littoral, cherchant \u00e0 concilier opportunit\u00e9s \u00e9conomiques et pr\u00e9servation des \u00e9cosyst\u00e8mes.<\/p>\n<p>Infrastructures et finances sont \u00e9troitement li\u00e9es \u00e0 la modernisation urbaine en cours. Les r\u00e9seaux haut d\u00e9bit et la fibre optique ont connu un d\u00e9veloppement spectaculaire avant les Jeux d&#039;hiver, permettant des applications de ville intelligente en mati\u00e8re de s\u00e9curit\u00e9 publique et de gestion du trafic. Les promenades en bord de mer et les berges des rivi\u00e8res ont \u00e9t\u00e9 reconstruites pour r\u00e9sister aux inondations saisonni\u00e8res, et les r\u00e9seaux d&#039;assainissement ont \u00e9t\u00e9 modernis\u00e9s pour desservir les populations en haute saison. Les incitations \u00e0 l&#039;investissement attirent les entreprises technologiques et de services, diversifiant ainsi la base \u00e9conomique de Sotchi au-del\u00e0 du secteur h\u00f4telier.<\/p>\n<p>Des \u00e9tablissements d&#039;enseignement, dont des antennes d&#039;universit\u00e9s russes de premier plan, m\u00e8nent des recherches sur l&#039;agriculture subtropicale, la r\u00e9duction des risques sismiques et la gestion du tourisme. Des conf\u00e9rences internationales r\u00e9unissent des experts en adaptation climatique et en conservation du patrimoine, tirant parti de la position unique de Sotchi au carrefour de l&#039;Europe et de l&#039;Asie. Des programmes de collaboration avec l&#039;UNESCO et l&#039;Union internationale pour la conservation de la nature abordent la gouvernance des aires prot\u00e9g\u00e9es, tandis que des initiatives d&#039;\u00e9changes culturels mettent en avant la musique, la danse et l&#039;artisanat caucasiens.<\/p>\n<p>\u00c0 l&#039;avenir, Sotchi devra relever le d\u00e9fi de maintenir une activit\u00e9 tout au long de l&#039;ann\u00e9e. Les efforts visant \u00e0 promouvoir le tourisme culturel en hiver, tels que les march\u00e9s de No\u00ebl, les expositions d&#039;art et les s\u00e9jours bien-\u00eatre, visent \u00e0 att\u00e9nuer les fluctuations saisonni\u00e8res. L&#039;expansion des installations de ski et de VTT \u00e0 Krasnaya Polyana et dans le parc olympique vise \u00e0 attirer des visiteurs nationaux et r\u00e9gionaux. Des projets de liaisons par t\u00e9l\u00e9ph\u00e9rique vers de nouvelles vall\u00e9es pourraient ouvrir de nouveaux domaines alpins, bien que les \u00e9valuations environnementales puissent freiner ces projets.<\/p>\n<p>Les urbanistes prennent \u00e9galement en compte les tendances d\u00e9mographiques\u00a0: avec une population r\u00e9sidente vieillissante et l\u2019arriv\u00e9e de migrants, Sotchi doit s\u2019attaquer \u00e0 la question du logement abordable et des infrastructures sociales. Les services de sant\u00e9 ont \u00e9t\u00e9 renforc\u00e9s par des cliniques modernes et des centres de r\u00e9adaptation sp\u00e9cialis\u00e9s dans les blessures sportives et les maladies chroniques li\u00e9es aux facteurs climatiques. Les \u00e9coles publiques et les \u00e9tablissements d\u2019enseignement professionnel proposent des programmes ax\u00e9s sur l\u2019h\u00f4tellerie, l\u2019agriculture et les m\u00e9tiers techniques, r\u00e9pondant ainsi aux besoins du march\u00e9 du travail.<\/p>\n<p>Dans le domaine des transports, des propositions de liaisons ferroviaires l\u00e9g\u00e8res entre microdistricts pourraient encore refaire surface, des \u00e9tudes \u00e9valuant les rapports co\u00fbts-b\u00e9n\u00e9fices par rapport aux r\u00e9seaux de bus et de taxis existants. Des tramways modernes ou des minibus \u00e9lectriques pourraient r\u00e9duire la congestion routi\u00e8re le long de la route c\u00f4ti\u00e8re, tr\u00e8s fr\u00e9quent\u00e9e pendant les vacances. Le transport fluvial, notamment les ferries \u00e0 grande vitesse vers les ports r\u00e9gionaux, pourrait offrir des liaisons alternatives vers des destinations comme Anapa et Novorossiisk.<\/p>\n<p>Sur le plan culturel, les efforts visant \u00e0 mettre en valeur le patrimoine multiethnique de la ville s&#039;appuient sur les r\u00e9cits oubykhs, adygu\u00e9ens, g\u00e9orgiens et russes. Les mus\u00e9es et centres d&#039;interpr\u00e9tation visent \u00e0 contextualiser les d\u00e9couvertes arch\u00e9ologiques des \u00e9poques pr\u00e9historique et m\u00e9di\u00e9vale, reliant le pass\u00e9 et le pr\u00e9sent. Des festivals c\u00e9l\u00e9brant la musique et la cuisine caucasiennes, ainsi que des sites patrimoniaux orthodoxes et musulmans, soulignent le r\u00f4le de Sotchi comme carrefour des traditions.<\/p>\n<p>Sotchi offre ainsi un exemple frappant de juxtaposition g\u00e9ographique\u00a0: une c\u00f4te subtropicale humide jouxtant des montagnes glaciaires, des complexes h\u00f4teliers modernes entrelac\u00e9s de villages centenaires, et une \u00e9conomie passant d&#039;un tourisme saisonnier \u00e0 une diversification annuelle. De ses pentes travers\u00e9es de rivi\u00e8res \u00e0 ses for\u00eats class\u00e9es par l&#039;UNESCO, de sa grandeur olympique \u00e0 ses collections botaniques intimes, la ville incarne une convergence d&#039;histoires naturelle et humaine. Son d\u00e9fi permanent consiste \u00e0 entretenir ce double h\u00e9ritage\u00a0: pr\u00e9server l&#039;int\u00e9grit\u00e9 \u00e9cologique tout en maintenant la vitalit\u00e9 sociale et infrastructurelle qui a fait de Sotchi la destination baln\u00e9aire par excellence de Russie.<\/p>","protected":false},"excerpt":{"rendered":"<p>Sotchi, la plus grande station baln\u00e9aire de Russie, est situ\u00e9e sur la c\u00f4te de la mer Noire, dans le sud du pays. Sa population s&#039;\u00e9l\u00e8ve \u00e0 466\u00a0078 habitants et sa zone urbaine peut accueillir jusqu&#039;\u00e0 600\u00a0000 habitants. Cette m\u00e9tropole exceptionnelle s&#039;\u00e9tend sur 145 kilom\u00e8tres, ce qui en fait la plus longue ville d&#039;Europe, et sa superficie est de 176,77 kilom\u00e8tres carr\u00e9s. Sa situation privil\u00e9gi\u00e9e le long du fleuve Sotchi, \u00e0 environ 1\u00a0603 kilom\u00e8tres de Moscou, lui conf\u00e8re un statut de p\u00f4le touristique et commercial majeur dans la r\u00e9gion.<\/p>","protected":false},"author":1,"featured_media":4089,"parent":11976,"menu_order":0,"comment_status":"closed","ping_status":"closed","template":"elementor_theme","meta":{"_eb_attr":"","footnotes":""},"class_list":["post-12037","page","type-page","status-publish","has-post-thumbnail"],"_links":{"self":[{"href":"https:\/\/travelshelper.com\/fr\/wp-json\/wp\/v2\/pages\/12037","targetHints":{"allow":["GET"]}}],"collection":[{"href":"https:\/\/travelshelper.com\/fr\/wp-json\/wp\/v2\/pages"}],"about":[{"href":"https:\/\/travelshelper.com\/fr\/wp-json\/wp\/v2\/types\/page"}],"author":[{"embeddable":true,"href":"https:\/\/travelshelper.com\/fr\/wp-json\/wp\/v2\/users\/1"}],"replies":[{"embeddable":true,"href":"https:\/\/travelshelper.com\/fr\/wp-json\/wp\/v2\/comments?post=12037"}],"version-history":[{"count":0,"href":"https:\/\/travelshelper.com\/fr\/wp-json\/wp\/v2\/pages\/12037\/revisions"}],"up":[{"embeddable":true,"href":"https:\/\/travelshelper.com\/fr\/wp-json\/wp\/v2\/pages\/11976"}],"wp:featuredmedia":[{"embeddable":true,"href":"https:\/\/travelshelper.com\/fr\/wp-json\/wp\/v2\/media\/4089"}],"wp:attachment":[{"href":"https:\/\/travelshelper.com\/fr\/wp-json\/wp\/v2\/media?parent=12037"}],"curies":[{"name":"wp","href":"https:\/\/api.w.org\/{rel}","templated":true}]}}