{"id":12022,"date":"2024-09-15T12:33:42","date_gmt":"2024-09-15T12:33:42","guid":{"rendered":"https:\/\/travelshelper.com\/staging\/?page_id=12022"},"modified":"2026-03-12T21:59:02","modified_gmt":"2026-03-12T21:59:02","slug":"novossibirsk","status":"publish","type":"page","link":"https:\/\/travelshelper.com\/fr\/destinations\/europe\/russian-federation\/novosibirsk\/","title":{"rendered":"Novossibirsk"},"content":{"rendered":"<p>Novossibirsk est la ville la plus peupl\u00e9e de Sib\u00e9rie, comptant 1\u00a0633\u00a0595 habitants selon le recensement de 2021. Elle est le centre administratif de l&#039;oblast de Novossibirsk et du district f\u00e9d\u00e9ral sib\u00e9rien. Situ\u00e9e \u00e0 55\u00b0N sur les rives de l&#039;Ob, dans la plaine de Sib\u00e9rie occidentale, elle occupe un point de transit crucial \u2013 \u00e0 2\u00a0811 kilom\u00e8tres \u00e0 l&#039;est de Moscou \u2013 et s&#039;\u00e9tend au-del\u00e0 de la fronti\u00e8re sud d\u00e9limit\u00e9e par le r\u00e9servoir de Novossibirsk, cr\u00e9\u00e9 par la centrale hydro\u00e9lectrique locale. Fond\u00e9e en 1893 au futur croisement du Transsib\u00e9rien, la ville, depuis ses origines sous le nom de Novonikolayevsk, est devenue un p\u00f4le industriel, de recherche et de culture aux multiples facettes.<\/p>\n<p>Novonikola\u00efevsk a \u00e9merg\u00e9 sur la plaine inondable basse et mar\u00e9cageuse de l&#039;Ob, l\u00e0 o\u00f9 l&#039;impulsion des ing\u00e9nieurs ferroviaires imp\u00e9riaux a crois\u00e9 la g\u00e9ographie naturelle. En 1897, l&#039;ach\u00e8vement du pont ferroviaire de Novossibirsk a reli\u00e9 la Russie europ\u00e9enne au vaste int\u00e9rieur sib\u00e9rien, et en 1907, la population de la colonie est pass\u00e9e d&#039;\u00e0 peine 8\u00a0000 habitants lors de l&#039;ouverture du pont \u00e0 plus de 47\u00a0000. B\u00e9n\u00e9ficiant du statut de ville avec pleins droits municipaux, elle a port\u00e9 le nom de \u00ab\u00a0Nouveau Nicolas\u00a0\u00bb en hommage \u00e0 l&#039;empereur Nicolas II. Les bouleversements de la guerre civile russe ont inflig\u00e9 de graves dommages \u00e0 la communaut\u00e9 naissante, mais avec la consolidation du pouvoir sovi\u00e9tique, la ville a non seulement r\u00e9cup\u00e9r\u00e9, mais a acc\u00e9l\u00e9r\u00e9 son d\u00e9veloppement. En 1926, elle a adopt\u00e9 le nom de Novossibirsk \u2013 litt\u00e9ralement \u00ab\u00a0Nouvelle Sib\u00e9rie\u00a0\u00bb \u2013 marquant son identit\u00e9 \u00e9mergente de centre de la modernit\u00e9 sovi\u00e9tique.<\/p>\n<p>Sous la politique d&#039;industrialisation de Joseph Staline, Novossibirsk devint l&#039;une des principales capitales industrielles de Sib\u00e9rie. Les usines d\u00e9localis\u00e9es de la partie europ\u00e9enne de l&#039;URSS pendant la Seconde Guerre mondiale y trouv\u00e8rent refuge, transformant la ville en un important producteur de machines, de mat\u00e9riel et de mat\u00e9riaux militaires. L&#039;expansion d&#039;apr\u00e8s-guerre incluait la cr\u00e9ation d&#039;Akademgorodok en 1957, \u00e0 une trentaine de kilom\u00e8tres au sud du centre urbain, marquant l&#039;ascension de la ville comme haut lieu de la recherche scientifique. Le cap du million d&#039;habitants fut franchi en 1962, et les d\u00e9cennies suivantes virent la croissance d&#039;une \u00e9conomie diversifi\u00e9e qui englobe aujourd&#039;hui l&#039;a\u00e9rospatiale, la production de combustible nucl\u00e9aire, la fabrication de turbines et de g\u00e9n\u00e9rateurs, les machines textiles et agricoles, les composants \u00e9lectroniques et la m\u00e9tallurgie.<\/p>\n<p>Le complexe industriel comprend quelque 214 grandes et moyennes entreprises. L&#039;usine a\u00e9ronautique de Novossibirsk, situ\u00e9e \u00e0 Tchkalov, incarne le secteur a\u00e9rospatial, tandis que l&#039;usine de concentr\u00e9s chimiques de Novossibirsk propulse l&#039;industrie du combustible nucl\u00e9aire. NPO ELSIB produit des turbog\u00e9n\u00e9rateurs et des hydrog\u00e9n\u00e9rateurs, tandis que Textilmach et NPO Sibselmash fournissent respectivement des machines textiles et agricoles. La fabrication \u00e9lectronique est assur\u00e9e par l&#039;usine et le bureau d&#039;\u00e9tudes de dispositifs semi-conducteurs de Novossibirsk et l&#039;usine de composants radio OXID de Novossibirsk. Des usines m\u00e9tallurgiques telles que l&#039;usine m\u00e9tallurgique de Kuzmina \u00e0 Novossibirsk et l&#039;usine d&#039;\u00e9tain de Novossibirsk soulignent le r\u00f4le de la ville dans la m\u00e9tallurgie et le traitement des m\u00e9taux rares.<\/p>\n<p>Sur le plan administratif, Novossibirsk est constitu\u00e9e en une unit\u00e9 dot\u00e9e d&#039;un statut \u00e9gal \u00e0 celui des districts environnants, formant ainsi la ville de Novossibirsk. Elle sert \u00e9galement de centre administratif au district de Novossibirsk, bien qu&#039;elle ne rel\u00e8ve pas de sa juridiction. Au niveau municipal, l&#039;ensemble du territoire urbain constitue le district urbain de Novossibirsk. La population de la ville est pass\u00e9e de 1\u00a0473\u00a0754 habitants lors du recensement de 2010 \u00e0 1\u00a0633\u00a0595 en 2021, refl\u00e9tant une croissance d\u00e9mographique continue qui englobe plus de quatre-vingts ethnies et nationalit\u00e9s. Sur le plan ethnique, les groupes ethniques les plus importants sont les Russes, les Tadjiks, les Tatars, les Ouzbeks, les Ukrainiens et les Kirghizes.<\/p>\n<p>Le tissu urbain de Novossibirsk a \u00e9volu\u00e9 au fil de phases successives de planification. Avant 1917, des ensembles de b\u00e2timents tels que le si\u00e8ge de la direction des chemins de fer, la gare principale et la cath\u00e9drale n\u00e9o-byzantine Alexandre Nevski \u00e9taient dispers\u00e9s dans la plaine inondable. La R\u00e9volution a inaugur\u00e9 un am\u00e9nagement urbain plus coh\u00e9rent\u00a0: en 1925, la Maison L\u00e9nine a \u00e9t\u00e9 \u00e9rig\u00e9e sur la perspective Krasny, l&#039;avenue qui allait devenir l&#039;art\u00e8re principale de la ville, et un monument \u00e0 L\u00e9nine a \u00e9t\u00e9 \u00e9rig\u00e9 rue Barnaoulska\u00efa, pr\u00e8s de la gare. \u00c0 la fin des ann\u00e9es 1920, un centre de facto a commenc\u00e9 \u00e0 se former autour de l&#039;ancienne place du March\u00e9 \u2013 Bazarnaya Ploschad \u2013 o\u00f9 la construction du Th\u00e9\u00e2tre d&#039;op\u00e9ra et de ballet de Novossibirsk a d\u00e9but\u00e9 en 1931. Le Parc Staline de culture et de repos, \u00e9tabli en p\u00e9riph\u00e9rie urbaine, a cr\u00e9\u00e9 un axe radial reliant les loisirs, l&#039;administration et les arts.<\/p>\n<p>Le paysage architectural de Novossibirsk englobe un large \u00e9ventail de styles. Des \u00e9difices \u00e9clectiques et modernistes datant de la Russie imp\u00e9riale c\u00f4toient le n\u00e9oclassicisme stalinien des ann\u00e9es 1930 et les lignes \u00e9pur\u00e9es du modernisme sovi\u00e9tique. Les structures brutalistes de la fin de l&#039;Union sovi\u00e9tique conf\u00e8rent une dimension monumentale, tandis que mosa\u00efques, reliefs et sculptures publiques ponctuent les fa\u00e7ades, refl\u00e9tant le penchant de l&#039;\u00e9poque pour l&#039;art civique. Le Th\u00e9\u00e2tre d&#039;op\u00e9ra et de ballet de Novossibirsk, souvent surnomm\u00e9 le \u00ab Colis\u00e9e de Sib\u00e9rie \u00bb, illustre l&#039;ampleur et l&#039;ambition audacieuses des premiers temps de l&#039;architecture sovi\u00e9tique. Son imposant toit en forme de coquille et son vaste auditorium t\u00e9moignent des aspirations culturelles de la ville. Non loin de l\u00e0, la cath\u00e9drale Alexandre Nevski offre une dimension spirituelle contrast\u00e9e, ses d\u00f4mes rappelant l&#039;architecture eccl\u00e9siastique pr\u00e9r\u00e9volutionnaire.<\/p>\n<p>L&#039;Ob fa\u00e7onne \u00e0 la fois la g\u00e9ographie et les transports. Trois ponts routiers \u2013 Kommunalny, Dimitrovsky et Bugrinsky \u2013 enjambent le cours d&#039;eau, ainsi que deux viaducs ferroviaires et le pont du m\u00e9tro de Novossibirsk. Le barrage de la centrale hydro\u00e9lectrique de Novossibirsk, situ\u00e9 \u00e0 la limite sud de la ville, remplit la double fonction de production d&#039;\u00e9nergie et de voie de communication. Le r\u00e9servoir form\u00e9 par le barrage, qui traverse le plateau de l&#039;Ob, marque la limite sud de la ville. Bien que Novossibirsk se trouve \u00e0 quelque 2\u00a0811 kilom\u00e8tres de Moscou, elle entretient des liens \u00e9troits avec des centres r\u00e9gionaux comme Omsk, Barnaoul, Kemerovo et Tomsk.<\/p>\n<p>L&#039;a\u00e9roport de Tolmachevo, plateforme a\u00e9rienne la plus fr\u00e9quent\u00e9e de Sib\u00e9rie, relie Novossibirsk aux principales villes russes et aux destinations d&#039;Europe et d&#039;Asie. Il constitue la base principale de la compagnie a\u00e9rienne S7. Parmi les installations a\u00e9ronautiques auxiliaires, on compte l&#039;a\u00e9roport d&#039;Eltsovka, qui offre des services auxiliaires, tandis que l&#039;ancien a\u00e9rodrome d&#039;aviation g\u00e9n\u00e9rale de Severny a cess\u00e9 ses activit\u00e9s en 2012. Le r\u00e9seau ferroviaire demeure un pilier essentiel\u00a0: la gare de Novossibirsk-Glavny se situe au c\u0153ur du quartier de la rive droite, compl\u00e9t\u00e9e par les gares de Novossibirsk-Zapadny, Novossibirsk-Vostochny et Novossibirsk-Yuzhny, qui accueillent ensemble l&#039;ensemble du trafic interurbain. Des gares de banlieue comme Inskaya et Seyatel compl\u00e8tent le r\u00e9seau. La ville se situe au confluent du Transsib\u00e9rien et du chemin de fer Turkestan-Sib\u00e9rie, ce qui en fait un carrefour pour les voyages ferroviaires nationaux et internationaux vers la Chine, la Mongolie, la Bi\u00e9lorussie et l&#039;Asie centrale.<\/p>\n<p>Le transport par bus interurbain et international \u00e9tait auparavant concentr\u00e9 \u00e0 la gare de l&#039;avenue Krasny, inaugur\u00e9e en 1964 et d\u00e9saffect\u00e9e en avril 2020. De nouvelles gares p\u00e9riph\u00e9riques sont en cours de d\u00e9veloppement, la premi\u00e8re ayant ouvert sur la chauss\u00e9e Gusinobrodskoe en d\u00e9cembre 2019. Parall\u00e8lement, des arr\u00eats provisoires continuent d&#039;accueillir des autocars longue distance reliant Novossibirsk \u00e0 des villes de Sib\u00e9rie occidentale et d&#039;Asie centrale. Les services fluviaux de passagers sont assur\u00e9s depuis le terminal \u00e9tabli en 1974, adjacent \u00e0 la station de m\u00e9tro du m\u00eame nom. Bien qu&#039;un incendie en mars 2003 ait rendu une partie du b\u00e2timent irr\u00e9parable, le terminal dessert d\u00e9sormais deux lignes r\u00e9guli\u00e8res \u2013 reliant la ville aux \u00eeles et villages environnants \u2013 et des croisi\u00e8res saisonni\u00e8res vers Tomsk et Barnaoul. Les navires empruntent le canal maritime de Novossibirsk, dot\u00e9 d&#039;une \u00e9cluse \u00e0 trois sas facilitant le transit entre le fleuve et le r\u00e9servoir pendant la p\u00e9riode de navigation, g\u00e9n\u00e9ralement de fin avril \u00e0 fin septembre.<\/p>\n<p>Les transports publics urbains comprennent un m\u00e9tro, un tramway, un trolleybus, un bus, un bateau-bus et des minibus \u00e0 itin\u00e9raire fixe appel\u00e9s marshrutkas. Inaugur\u00e9 en 1985, le m\u00e9tro de Novossibirsk \u00e9tait le premier de Sib\u00e9rie et le quatri\u00e8me de Russie, avec deux lignes \u00e0 double voie et treize stations en 2022. Le r\u00e9seau de tramway, lanc\u00e9 en 1934, comprend dix lignes\u00a0: six sur la rive gauche et quatre sur la rive droite. Les trolleybus sillonnent les rues de la ville depuis 1957, sur quatorze lignes aujourd&#039;hui. Le r\u00e9seau de bus date de 1923 et comptait en 2022 cinquante-deux lignes de bus longue distance et dix-sept services de minibus. Le r\u00e9seau de bateau-bus, document\u00e9 en 2021, relie le terminal fluvial \u00e0 des lieux tels que la plage de Bugrinskaya Roshcha et l&#039;\u00eele de Korablik\u00a0; une ligne pr\u00e9vue vers le parc aquatique est rest\u00e9e suspendue. Les marshrutkas sont apparues \u00e0 la fin des ann\u00e9es 1970, suivies par des transporteurs priv\u00e9s en 1989\u00a0; cinquante-six lignes sont actuellement en service, m\u00eame si ces derni\u00e8res ann\u00e9es ont vu un remplacement progressif des minibus par des bus standards.<\/p>\n<p>Le climat de Novossibirsk refl\u00e8te sa position continentale, loin de la mod\u00e9ration maritime. Class\u00e9e comme continentale humide (K\u00f6ppen Dfb), la ville conna\u00eet des \u00e9t\u00e9s chauds, avec des maximales moyennes de 15 \u00b0C \u00e0 26 \u00b0C, et des hivers extr\u00eamement froids, o\u00f9 les minimales moyennes de \u221220 \u00b0C \u00e0 \u221212 \u00b0C c\u00e8dent la place \u00e0 des extr\u00eames pouvant atteindre \u221235 \u00b0C. Les maxima estivaux peuvent atteindre 35 \u00b0C, ce qui donne une amplitude annuelle de 82 \u00b0C entre les extr\u00eames enregistr\u00e9s. Il neige pr\u00e8s de la moiti\u00e9 des jours d&#039;hiver, bien que les \u00e9pisodes isol\u00e9s soient g\u00e9n\u00e9ralement l\u00e9gers. Les anticyclones sib\u00e9riens propulsent l&#039;air glacial vers le sud sans \u00eatre g\u00ean\u00e9s par les barri\u00e8res montagneuses, faisant de Novossibirsk la deuxi\u00e8me grande ville la plus int\u00e9rieure du monde. N\u00e9anmoins, les hivers y sont comparativement plus doux que ceux de la Sib\u00e9rie orientale et de l&#039;Extr\u00eame-Orient russe, \u00e0 des latitudes plus basses. Le profil thermique global de Novossibirsk est comparable \u00e0 celui de Winnipeg, au Canada.<\/p>\n<p>La vie culturelle de Novossibirsk s&#039;\u00e9tend au-del\u00e0 de ses monuments architecturaux. Le zoo de Novossibirsk, fond\u00e9 en 1933, abrite une vaste collection d&#039;esp\u00e8ces arctiques et tropicales, contribuant ainsi \u00e0 la recherche en conservation. Les th\u00e9\u00e2tres, galeries et mus\u00e9es de la ville refl\u00e8tent son double h\u00e9ritage, m\u00ealant tradition russe et innovation sovi\u00e9tique. Des festivals annuels mettent \u00e0 l&#039;honneur la litt\u00e9rature, la musique et le cin\u00e9ma, tandis qu&#039;Akademgorodok demeure une communaut\u00e9 scientifique dynamique, avec des instituts de recherche consacr\u00e9s \u00e0 la physique, \u00e0 la biologie, aux math\u00e9matiques et \u00e0 l&#039;\u00e9cologie. La pr\u00e9sence d&#039;\u00e9tudiants et de chercheurs venus de toute la Russie et de l&#039;\u00e9tranger favorise un climat d&#039;\u00e9changes intellectuels.<\/p>\n<p>La diversit\u00e9 ethnique impr\u00e8gne le tissu social de la ville. Le russe reste la langue et la culture pr\u00e9dominantes, mais les communaut\u00e9s d&#039;Asie centrale et d&#039;origine turque \u2013 tadjike, ouzb\u00e8ke, tatare et kirghize \u2013 enrichissent le paysage urbain de leurs traditions, de leur cuisine et de leurs pratiques religieuses. Les influences ukrainiennes et autres influences slaves contribuent \u00e9galement \u00e0 cette mosa\u00efque. Malgr\u00e9 la pr\u00e9dominance du russe, les jeunes g\u00e9n\u00e9rations apprennent de plus en plus l&#039;anglais, ce qui facilite les \u00e9changes internationaux, m\u00eame si les r\u00e9sidents plus \u00e2g\u00e9s ont tendance \u00e0 se contenter du russe.<\/p>\n<p>Infrastructures de transport, prouesses industrielles et institutions culturelles convergent dans l&#039;identit\u00e9 contemporaine de Novossibirsk. L&#039;\u00e9volution de la ville, d&#039;un modeste avant-poste ferroviaire \u00e0 une m\u00e9tropole tentaculaire, refl\u00e8te plus d&#039;un si\u00e8cle de planification strat\u00e9gique, de d\u00e9veloppement pilot\u00e9 par l&#039;\u00c9tat et de r\u00e9silience communautaire. La Novossibirsk moderne concilie son h\u00e9ritage sovi\u00e9tique avec les exigences du XXIe si\u00e8cle, tandis que de nouveaux projets architecturaux et entreprises technologiques \u00e9mergent aux c\u00f4t\u00e9s de th\u00e9\u00e2tres historiques et de campus universitaires.<\/p>\n<p>Tout au long de son histoire, Novossibirsk a su relever les d\u00e9fis pos\u00e9s par un climat rigoureux, une g\u00e9ographie isol\u00e9e et des courants politiques changeants. Sa capacit\u00e9 \u00e0 absorber les d\u00e9placements de population en temps de guerre, \u00e0 adopter les directives centralis\u00e9es de l&#039;\u00e8re stalinienne et \u00e0 nourrir la recherche scientifique \u00e0 Akademgorodok t\u00e9moigne d&#039;une adaptabilit\u00e9 sous-jacente. L&#039;Ob, autrefois un obstacle \u00e0 la travers\u00e9e de la Sib\u00e9rie, est aujourd&#039;hui un axe vital pour le commerce, les loisirs et la croissance urbaine. Ponts et tunnels relient les rives nord et sud, tandis que la centrale hydro\u00e9lectrique fournit de l&#039;\u00e9lectricit\u00e9 et r\u00e9gule les crues.<\/p>\n<p>Ville-porte de la Sib\u00e9rie, Novossibirsk continue de jouer un r\u00f4le d&#039;interm\u00e9diaire entre les secteurs europ\u00e9en et asiatique de la Russie. Ses voies ferr\u00e9es assurent le transport de marchandises et de passagers \u00e0 travers le continent. Son a\u00e9roport relie des destinations nationales et internationales. Ses instituts de recherche explorent des questions fondamentales en cosmologie et en g\u00e9n\u00e9tique. Ses usines produisent des composants pour les engins spatiaux et les centrales \u00e9lectriques. Ses th\u00e9\u00e2tres accueillent des spectacles de renomm\u00e9e internationale. Ses rues refl\u00e8tent le m\u00e9lange de cultures diverses attir\u00e9es par les perspectives prometteuses de la Sib\u00e9rie.<\/p>\n<p>L&#039;avenir de la ville d\u00e9pend de sa capacit\u00e9 \u00e0 g\u00e9rer les mutations post-industrielles, les imp\u00e9ratifs environnementaux et les tendances d\u00e9mographiques. Des efforts sont d\u00e9j\u00e0 en cours pour moderniser les r\u00e9seaux de transport, pr\u00e9server le patrimoine architectural et diversifier l&#039;\u00e9conomie au-del\u00e0 de l&#039;industrie lourde. Des espaces verts comme le parc Staline et les rives du r\u00e9servoir d&#039;Ob offrent un r\u00e9pit \u00e0 l&#039;intensit\u00e9 urbaine, tandis que les projets de nouvelles lignes de bus et de tramway visent \u00e0 am\u00e9liorer la mobilit\u00e9. L&#039;importance durable d&#039;Akademgorodok souligne le potentiel des industries du savoir pour compl\u00e9ter l&#039;industrie manufacturi\u00e8re traditionnelle.<\/p>\n<p>L&#039;histoire de Novossibirsk est celle d&#039;une transformation, ancr\u00e9e dans la confluence du fleuve, du rail et de l&#039;effort humain. De sa fondation sous le nom de Novonikola\u00efevsk \u00e0 son statut actuel de plus grande ville russe d&#039;Asie, elle a incarn\u00e9 une dynamique d&#039;expansion, de reconstruction et d&#039;innovation. Sa population de plus de 1,6 million d&#039;habitants \u00e9volue dans un climat extr\u00eame, traverse un paysage fa\u00e7onn\u00e9 par l&#039;ing\u00e9nierie hydro\u00e9lectrique et participe \u00e0 une vie civique qui relie cath\u00e9drales aristocratiques et recherche d&#039;avant-garde. Dans ses rues et ses banlieues, dans ses th\u00e9\u00e2tres et ses laboratoires, les \u00e9chos du pass\u00e9 sib\u00e9rien r\u00e9sonnent aux c\u00f4t\u00e9s des aspirations d&#039;une ville \u00e0 cheval entre les continents.<\/p>","protected":false},"excerpt":{"rendered":"<p>Novossibirsk, ville la plus peupl\u00e9e et centre administratif de l&#039;oblast de Novossibirsk et du district f\u00e9d\u00e9ral sib\u00e9rien en Russie, compte 1\u00a0633\u00a0595 habitants selon le recensement de 2021. Ce chiffre remarquable en fait la ville la plus peupl\u00e9e de Sib\u00e9rie et la troisi\u00e8me de Russie, devanc\u00e9e seulement par Moscou et Saint-P\u00e9tersbourg. Novossibirsk est \u00e9galement la ville la plus peupl\u00e9e de la partie asiatique de la Russie. Situ\u00e9e au sud-ouest de la Sib\u00e9rie, la ville s&#039;\u00e9tend sur le fleuve Ob, un emplacement crucial pour sa croissance et son d\u00e9veloppement.<\/p>","protected":false},"author":1,"featured_media":3474,"parent":11976,"menu_order":0,"comment_status":"closed","ping_status":"closed","template":"elementor_theme","meta":{"_eb_attr":"","footnotes":""},"class_list":["post-12022","page","type-page","status-publish","has-post-thumbnail"],"_links":{"self":[{"href":"https:\/\/travelshelper.com\/fr\/wp-json\/wp\/v2\/pages\/12022","targetHints":{"allow":["GET"]}}],"collection":[{"href":"https:\/\/travelshelper.com\/fr\/wp-json\/wp\/v2\/pages"}],"about":[{"href":"https:\/\/travelshelper.com\/fr\/wp-json\/wp\/v2\/types\/page"}],"author":[{"embeddable":true,"href":"https:\/\/travelshelper.com\/fr\/wp-json\/wp\/v2\/users\/1"}],"replies":[{"embeddable":true,"href":"https:\/\/travelshelper.com\/fr\/wp-json\/wp\/v2\/comments?post=12022"}],"version-history":[{"count":0,"href":"https:\/\/travelshelper.com\/fr\/wp-json\/wp\/v2\/pages\/12022\/revisions"}],"up":[{"embeddable":true,"href":"https:\/\/travelshelper.com\/fr\/wp-json\/wp\/v2\/pages\/11976"}],"wp:featuredmedia":[{"embeddable":true,"href":"https:\/\/travelshelper.com\/fr\/wp-json\/wp\/v2\/media\/3474"}],"wp:attachment":[{"href":"https:\/\/travelshelper.com\/fr\/wp-json\/wp\/v2\/media?parent=12022"}],"curies":[{"name":"wp","href":"https:\/\/api.w.org\/{rel}","templated":true}]}}