{"id":12006,"date":"2024-09-15T12:20:59","date_gmt":"2024-09-15T12:20:59","guid":{"rendered":"https:\/\/travelshelper.com\/staging\/?page_id=12006"},"modified":"2026-03-12T21:25:29","modified_gmt":"2026-03-12T21:25:29","slug":"moscou","status":"publish","type":"page","link":"https:\/\/travelshelper.com\/fr\/destinations\/europe\/russian-federation\/moscow\/","title":{"rendered":"Moscou"},"content":{"rendered":"<p>Moscou est la capitale et la ville la plus peupl\u00e9e de la F\u00e9d\u00e9ration de Russie, situ\u00e9e au c\u0153ur de la Russie, sur les rives sinueuses de la Moskova. Sa superficie municipale s&#039;\u00e9tend sur quelque 2\u00a0511 kilom\u00e8tres carr\u00e9s et compte environ 13 millions d&#039;habitants selon le recensement de 2021. L&#039;agglom\u00e9ration s&#039;\u00e9tend sur 5\u00a0891 kilom\u00e8tres carr\u00e9s et compte plus de 19,1 millions d&#039;habitants. La r\u00e9gion m\u00e9tropolitaine s&#039;\u00e9tend sur 26\u00a0000 kilom\u00e8tres carr\u00e9s et compte plus de 21,5 millions d&#039;habitants. Plus grande ville enti\u00e8rement europ\u00e9enne en termes de population et de superficie, Moscou joue un r\u00f4le central sur le continent.<\/p>\n<p>La fondation de Moscou remonte \u00e0 sa premi\u00e8re mention document\u00e9e en 1147, marquant la naissance de ce qui allait devenir la Grande Principaut\u00e9 de Moscou. Au fil des si\u00e8cles, cette principaut\u00e9 a \u00e9t\u00e9 le fer de lance du regroupement des territoires russes disparates, aboutissant \u00e0 la proclamation du tsarat de Russie en 1547. Au cours des si\u00e8cles suivants, Moscou a conserv\u00e9 sa position de noyau politique et \u00e9conomique de ce royaume en pleine expansion. Son influence s&#039;est affaiblie en 1712, lorsque Pierre le Grand a transf\u00e9r\u00e9 la capitale \u00e0 Saint-P\u00e9tersbourg, un geste qui a d\u00e9plac\u00e9 la grandeur de la cour vers le nord. Pourtant, \u00e0 la suite de la r\u00e9volution et de la cr\u00e9ation de la R\u00e9publique socialiste f\u00e9d\u00e9rative sovi\u00e9tique de Russie, Moscou a retrouv\u00e9 son statut de capitale en 1918, devenant plus tard l&#039;\u00e9picentre de l&#039;Union sovi\u00e9tique jusqu&#039;\u00e0 sa dissolution.<\/p>\n<p>Gouvern\u00e9e comme une ville f\u00e9d\u00e9rale, Moscou est \u00e0 la fois le c\u0153ur politique, \u00e9conomique, culturel et scientifique de la Russie et de l&#039;Europe de l&#039;Est. Elle se distingue comme la m\u00e9gapole la plus septentrionale et la plus froide du monde. Son \u00e9conomie urbaine compte parmi les plus importantes de la plan\u00e8te et, avec Hong Kong, elle compte le deuxi\u00e8me plus grand nombre de milliardaires parmi les villes. Le Centre d&#039;affaires international de Moscou, un ensemble de tours \u00e9tincelantes sur le flanc ouest de la ville, compte parmi les plus importants p\u00f4les financiers internationaux et concentre les plus hauts gratte-ciel d&#039;Europe. De grands \u00e9v\u00e9nements internationaux ont jalonn\u00e9 son histoire r\u00e9cente, notamment les Jeux olympiques d&#039;\u00e9t\u00e9 de 1980 et l&#039;accueil de la Coupe du monde de football de 2018.<\/p>\n<p>Le patrimoine architectural de la ville est illustr\u00e9 par de nombreux sites class\u00e9s au patrimoine mondial de l&#039;UNESCO. La Place Rouge, bord\u00e9e par les fl\u00e8ches orn\u00e9es de la cath\u00e9drale Saint-Basile et les imposants remparts du Kremlin de Moscou, offre un tableau imp\u00e9rissable de la Russie m\u00e9di\u00e9vale et imp\u00e9riale. Le Kremlin lui-m\u00eame, si\u00e8ge du gouvernement f\u00e9d\u00e9ral, doit ses fondations en pierre \u00e0 sa reconstruction du XVe si\u00e8cle supervis\u00e9e par des ma\u00eetres italiens, dont l&#039;\u0153uvre a introduit des \u00e9l\u00e9ments de la Renaissance dans la tradition chr\u00e9tienne orthodoxe. Sous des d\u00f4mes \u00e0 bulbe scintillants et le long d&#039;aust\u00e8res remparts gris, les rues de Moscou racontent l&#039;histoire d&#039;une ville fa\u00e7onn\u00e9e par le feu, la conqu\u00eate et les bouleversements id\u00e9ologiques.<\/p>\n<p>Le r\u00e9seau de transport de Moscou explique son immensit\u00e9 et son rythme effr\u00e9n\u00e9. Quatre a\u00e9roports internationaux relient la m\u00e9tropole au monde, tandis que dix gares ferroviaires acheminent des millions de passagers chaque jour. Un tramway sillonne les quartiers historiques\u00a0; un monorail offre des vues imprenables sur l&#039;\u00e9talement urbain\u00a0; et le m\u00e9tro de Moscou, c\u00e9l\u00e8bre pour ses stations aux allures de cath\u00e9drale orn\u00e9es de mosa\u00efques, de sculptures et de plafonds vo\u00fbt\u00e9s, est le r\u00e9seau de transport rapide le plus fr\u00e9quent\u00e9 et l&#039;un des plus \u00e9tendus au monde. Malgr\u00e9 sa densit\u00e9, plus de 40\u00a0% de la superficie de Moscou est consacr\u00e9e \u00e0 la verdure \u2013 parcs, jardins et r\u00e9serves foresti\u00e8res \u2013, ce qui en fait l&#039;une des villes les plus vertes de la plan\u00e8te par rapport \u00e0 ses homologues de population similaire.<\/p>\n<p>La Moskova, qui coule sur quelque 500 kilom\u00e8tres \u00e0 travers la plaine d&#039;Europe de l&#039;Est, fa\u00e7onne la topographie et l&#039;\u00e9cologie de la ville. Sur le territoire municipal, quarante-neuf ponts enjambent ses eaux et les canaux adjacents. Les altitudes varient de 156 m\u00e8tres au Centre panrusse des expositions, o\u00f9 se trouve la principale station m\u00e9t\u00e9orologique de Moscou, \u00e0 255 m\u00e8tres au sommet du plateau du Teplostan, le point culminant de Moscou. S&#039;\u00e9tendant sur pr\u00e8s de quarante kilom\u00e8tres d&#039;est en ouest et sur plus de cinquante kilom\u00e8tres du nord au sud, la silhouette de la ville se d\u00e9ploie sur un fond de plaines l\u00e9g\u00e8rement vallonn\u00e9es, ponctu\u00e9es de steppes foresti\u00e8res et de for\u00eats bor\u00e9ales en p\u00e9riph\u00e9rie.<\/p>\n<p>L&#039;heure \u00e0 Moscou est conforme \u00e0 l&#039;heure normale de Moscou, UTC + 3, sans correction saisonni\u00e8re. Compte tenu de la longitude de la ville, le midi solaire moyen se situe vers 12h30. Le climat est continental humide, avec des hivers qui durent de mi-novembre \u00e0 fin mars. Bien que froids selon les normes d&#039;Europe occidentale, les hivers moscovites sont mod\u00e9r\u00e9s par rapport \u00e0 d&#039;autres localit\u00e9s de latitude comparable, avec des temp\u00e9ratures quotidiennes pouvant osciller entre \u221225 \u00b0C en zone urbaine et parfois au-dessus de 5 \u00b0C lors de d\u00e9gels intermittents. Les \u00e9t\u00e9s sont chauds, avec des maximales typiques de 20 \u00e0 26 \u00b0C, et des vagues de chaleur occasionnelles faisant grimper le mercure au-dessus de 30 \u00b0C pendant plusieurs jours. La saison de croissance s&#039;\u00e9tend sur environ 156 jours, de d\u00e9but mai \u00e0 d\u00e9but octobre.<\/p>\n<p>Le Moscou m\u00e9di\u00e9val \u00e9tait organis\u00e9 en murs concentriques et avenues radiales, une forme qui a continu\u00e9 d&#039;influencer son expansion. Des habitations en bois, couvertes d&#039;\u00e9corce de bouleau ou de tourbe, dominaient autrefois le paysage urbain jusqu&#039;au milieu du XVIIIe si\u00e8cle, lorsque les incendies et les exigences aristocratiques ont entra\u00een\u00e9 une reconstruction en pierre et en brique classiques. L&#039;\u00e8re r\u00e9volutionnaire a inaugur\u00e9 un radicalisme architectural, au premier rang duquel figuraient les exp\u00e9riences constructivistes de personnalit\u00e9s telles que Vladimir Choukhov, dont le ch\u00e2teau d&#039;eau hyperbolo\u00efde et les vo\u00fbtes en m\u00e9tal et en verre du grand magasin Goum demeurent embl\u00e9matiques de la modernit\u00e9 sovi\u00e9tique naissante. Le mausol\u00e9e de L\u00e9nine, avec sa g\u00e9om\u00e9trie aust\u00e8re, et d&#039;autres \u00e9difices avant-gardistes ont \u00e9merg\u00e9 dans une ville cherchant \u00e0 incarner le nouvel ordre socialiste.<\/p>\n<p>Le mandat de Staline transforma Moscou avec de larges avenues et des b\u00e2timents monumentaux. De nombreux \u00e9difices historiques, dont des \u00e9glises byzantines et des r\u00e9sidences nobles, furent sacrifi\u00e9s au profit de ponts et de quais. La tour Soukharev et la cath\u00e9drale du Christ-Sauveur d&#039;origine furent d\u00e9truites, avant d&#039;\u00eatre minutieusement reconstruites apr\u00e8s 1990. Sept gratte-ciel imposants, les \u00ab\u00a0Sept S\u0153urs\u00a0\u00bb, s&#039;\u00e9lev\u00e8rent au-del\u00e0 des murs du Kremlin. Leurs fa\u00e7ades filigran\u00e9es et leurs fl\u00e8ches vertigineuses, inspir\u00e9es du b\u00e2timent municipal de New York, impos\u00e8rent une nouvelle dimension verticale au c\u0153ur de la ville. La tour Ostankino, achev\u00e9e en 1967, s&#039;\u00e9leva jusqu&#039;\u00e0 devenir la plus haute structure autoportante d&#039;Europe.<\/p>\n<p>La demande de logements durant la p\u00e9riode sovi\u00e9tique a donn\u00e9 naissance \u00e0 de vastes complexes d&#039;appartements. Des quartiers d&#039;immeubles standardis\u00e9s de neuf \u00e0 douze \u00e9tages, portant les noms des dirigeants successifs \u2013 Khrouchtchevka, Brejnevka \u2013 s&#039;\u00e9tendent \u00e0 la p\u00e9riph\u00e9rie. Les ascenseurs des cages communes desservent plus d&#039;habitants que dans toute autre m\u00e9gapole\u00a0; Moslift dispose d&#039;un corps de m\u00e9caniciens pour assurer un fonctionnement continu. Si de nombreux b\u00e2timents staliniens subsistent au centre, orn\u00e9s de motifs du r\u00e9alisme socialiste, derri\u00e8re la rue Tverska\u00efa et le Vieil Arbat, de plus petits b\u00e2timents patrimoniaux t\u00e9moignent de l&#039;architecture bourgeoise de l&#039;\u00e9poque tsariste. Les domaines nobles des faubourgs de la ville \u2013 le palais d&#039;Ostankino, Kuskovo, Uzkoye \u2013 survivent aux c\u00f4t\u00e9s de couvents et de monast\u00e8res, offrant un aper\u00e7u des \u00e9poques ant\u00e9rieures.<\/p>\n<p>Depuis les ann\u00e9es 1990, la restauration s&#039;efforce de redonner vie aux fa\u00e7ades pr\u00e9sovi\u00e9tiques, malgr\u00e9 les critiques d\u00e9non\u00e7ant le fa\u00e7adisme et la perte d&#039;authenticit\u00e9. Parall\u00e8lement, le d\u00e9veloppement rapide a entra\u00een\u00e9 une d\u00e9molition massive du tissu historique\u00a0: on estime que jusqu&#039;\u00e0 un tiers des b\u00e2timents patrimoniaux de Moscou ont disparu ces derni\u00e8res ann\u00e9es, supplant\u00e9s par des tours et des h\u00f4tels de luxe. Des structures embl\u00e9matiques comme l&#039;h\u00f4tel Moskva de 1930 et le grand magasin Voyentorg de 1913 ont \u00e9t\u00e9 ras\u00e9es et reconstruites dans un style moderne, suscitant un d\u00e9bat sur la conservation et la m\u00e9moire urbaine.<\/p>\n<p>Le r\u00e9seau de parcs et jardins de Moscou souligne sa r\u00e9putation de m\u00e9tropole verte. Quatre-vingt-seize parcs et dix-huit jardins \u00e0 la fran\u00e7aise s&#039;\u00e9tendent sur 450 kilom\u00e8tres carr\u00e9s d&#039;espaces verts, auxquels s&#039;ajoutent 100 kilom\u00e8tres carr\u00e9s de for\u00eats. Les Moscovites b\u00e9n\u00e9ficient chacun d&#039;environ 27 m\u00e8tres carr\u00e9s d&#039;espaces verts par habitant, soit bien plus que leurs homologues parisiens, londoniens ou new-yorkais. Le parc Gorki, cr\u00e9\u00e9 en 1928 sur 689\u00a0000 m\u00e8tres carr\u00e9s le long du m\u00e9andre du fleuve, propose des promenades, une grande roue, des locations de bateaux et des terrains de sport. \u00c0 proximit\u00e9 se trouve le jardin Neskoutchny, le plus ancien parc de Moscou et ancien domaine imp\u00e9rial, qui abrite le Th\u00e9\u00e2tre Vert, l&#039;un des plus grands amphith\u00e9\u00e2tres en plein air d&#039;Europe.<\/p>\n<p>Fond\u00e9 en 1931, le parc Izmaylovsky compte parmi les plus grands parcs urbains du monde avec ses 15,34 kilom\u00e8tres carr\u00e9s, soit six fois la superficie de Central Park \u00e0 New York. Le jardin Bauman, am\u00e9nag\u00e9 sur l&#039;ancien domaine de Golitsyn en 1920, pr\u00e9serve un am\u00e9nagement paysager du XVIIIe si\u00e8cle dans son \u00e9crin de verdure. Le parc Sokolniki, autrefois une r\u00e9serve de fauconnerie, s&#039;\u00e9tend sur six kilom\u00e8tres carr\u00e9s d&#039;all\u00e9es bord\u00e9es de bouleaux, d&#039;\u00e9rables et d&#039;ormes, agr\u00e9ment\u00e9es d&#039;\u00e9tangs et d&#039;un labyrinthe verdoyant. Losiny Ostrov, ou \u00ab\u00a0l&#039;\u00eele aux \u00e9lans\u00a0\u00bb, premier parc national de Russie, borde Sokolniki et offre des sentiers forestiers sauvages o\u00f9 les \u00e9lans se prom\u00e8nent.<\/p>\n<p>Les activit\u00e9s botaniques trouvent leur place au Jardin botanique principal de Tsytsine, rattach\u00e9 \u00e0 l&#039;Acad\u00e9mie des sciences. Avec ses 3,61 kilom\u00e8tres carr\u00e9s, il est le plus grand d&#039;Europe et abrite plus de 20\u00a0000 esp\u00e8ces, une ch\u00eanaie centenaire et une serre de 5\u00a0000 m\u00e8tres carr\u00e9s. Le Centre panrusse des expositions (VDNKh) pr\u00e9sente des pavillons colossaux d\u00e9di\u00e9s \u00e0 l&#039;industrie et \u00e0 la culture, flanqu\u00e9s de fontaines monumentales \u2013 la Fleur de pierre et la Fontaine de l&#039;amiti\u00e9 \u2013 et d&#039;un cin\u00e9ma panoramique. Le Parc des Lilas, inaugur\u00e9 en 1958, pr\u00e9sente des jardins de sculptures et des parterres de roses, contribuant ainsi \u00e0 l&#039;attrait horticole de la ville.<\/p>\n<p>Les institutions culturelles de Moscou rivalisent avec ses espaces verts. La Galerie nationale Tretiakov r\u00e9partit ses collections entre la Vieille Galerie Tretiakov, sur la rive sud de la Moskova, o\u00f9 ic\u00f4nes et toiles r\u00e9alistes \u2013 \u0153uvres de R\u00e9pine, Roublev et d&#039;autres \u2013 sont expos\u00e9es dans des salles respectueuses, et la Nouvelle Galerie Tretiakov, qui pr\u00e9sente l&#039;art sovi\u00e9tique et contemporain, des abstractions supr\u00e9matistes de Malevitch au Monument \u00e0 la Troisi\u00e8me Internationale de Tatline. Le Mus\u00e9e des Beaux-Arts Pouchkine offre un panorama mondial, avec des r\u00e9pliques de sculptures classiques et des chefs-d&#039;\u0153uvre de Monet, C\u00e9zanne et Picasso.<\/p>\n<p>L&#039;\u00e9rudition historique prend forme au Mus\u00e9e historique d&#039;\u00c9tat, entre la place Rouge et la place du Man\u00e8ge, o\u00f9 objets pr\u00e9historiques, tr\u00e9sors des Romanov et insignes imp\u00e9riaux retracent l&#039;histoire de la Russie. Le Mus\u00e9e polytechnique, fond\u00e9 en 1872, retrace le progr\u00e8s technologique avec, parmi ses 160\u00a0000 objets, des automates primitifs et des reliques informatiques sovi\u00e9tiques. La m\u00e9moire militaire r\u00e9side dans le Panorama Borodino, sur l&#039;avenue Koutouzov, un diorama immersif comm\u00e9morant la campagne de 1812, tandis que le Mus\u00e9e m\u00e9morial de l&#039;astronautique, sous l&#039;imposant Monument aux Conqu\u00e9rants de l&#039;Espace, rend hommage aux exploits extra-terrestres. Le Mus\u00e9e d&#039;architecture d&#039;\u00c9tat Chtchoussev conserve documents et maquettes, interpr\u00e9tant l&#039;environnement b\u00e2ti, des murs m\u00e9di\u00e9vaux en bois aux gratte-ciel modernes.<\/p>\n<p>L&#039;impatience monte autour de la nouvelle succursale de l&#039;Ermitage \u00e0 Moscou, dont l&#039;ouverture est pr\u00e9vue en 2024 sous l&#039;\u00e9gide d&#039;Asymptote Architecture. Le projet promet d&#039;\u00e9tendre les galeries de style Louvre du palais nord jusqu&#039;\u00e0 la capitale russe. Parall\u00e8lement, le tissu urbain vibre de commerces le long de la rue Tverska\u00efa et au c\u0153ur du Proc\u00e8s Tretiakovski, o\u00f9 des boutiques telles que Bulgari, Prada et Tiffany &amp; Co. s&#039;adressent \u00e0 une client\u00e8le ais\u00e9e. La vie nocturne bat son plein pr\u00e8s de l&#039;ancienne chocolaterie, o\u00f9 galeries, caf\u00e9s et certaines des plus grandes discoth\u00e8ques du monde s&#039;animent apr\u00e8s la tomb\u00e9e de la nuit.<\/p>\n<p>Les ambitions en mati\u00e8re de loisirs ont trouv\u00e9 leur expression dans Dream Island, le plus grand parc d&#039;attractions couvert d&#039;Europe, inaugur\u00e9 le 29 f\u00e9vrier 2020. S&#039;\u00e9tendant sur 300\u00a0000 m\u00e8tres carr\u00e9s, il int\u00e8gre des attractions, une salle de concert, un cin\u00e9ma, un h\u00f4tel, une \u00e9cole de voile, des restaurants et des commerces. Alors que le soleil se couche sur le Kremlin et que les tours scintillantes du Centre d&#039;affaires ponctuent l&#039;horizon, Moscou demeure une ville de contrastes\u00a0: m\u00e9di\u00e9vale et moderne, nature et industrie, tradition et innovation.<\/p>\n<p>Au cours de ses mill\u00e9naires de transformation, Moscou est rest\u00e9e un creuset de puissance et d&#039;imagination. Ses larges avenues et ses cours int\u00e9rieures, ses d\u00f4mes dor\u00e9s et ses fl\u00e8ches de verre t\u00e9moignent d&#039;une ambition continue. C&#039;est une ville dont chaque pierre t\u00e9moigne de chapitres d&#039;histoire, o\u00f9 la rencontre du pass\u00e9 et du pr\u00e9sent r\u00e9v\u00e8le le caract\u00e8re durable d&#039;une capitale d&#039;une ampleur et d&#039;une importance in\u00e9gal\u00e9es.<\/p>","protected":false},"excerpt":{"rendered":"<p>Moscou, capitale et plus grande ville de Russie, est un vaste centre urbain comptant plus de 13 millions d&#039;habitants. Situ\u00e9e sur la Moskova, en Russie centrale, cette vaste ville rayonne bien au-del\u00e0 de son centre-ville\u00a0; son aire m\u00e9tropolitaine compte plus de 21,5 millions d&#039;habitants et sa population urbaine environ 18,8 millions. L&#039;immensit\u00e9 de Moscou se refl\u00e8te dans son immense \u00e9tendue, qui couvre 2\u00a0511 kilom\u00e8tres carr\u00e9s \u00e0 l&#039;int\u00e9rieur de la ville, et son extension urbaine d\u00e9passe 5\u00a0891 kilom\u00e8tres carr\u00e9s, soit une superficie impressionnante de 26\u00a0000 kilom\u00e8tres carr\u00e9s.<\/p>","protected":false},"author":1,"featured_media":4115,"parent":11976,"menu_order":0,"comment_status":"closed","ping_status":"closed","template":"elementor_theme","meta":{"_eb_attr":"","footnotes":""},"class_list":["post-12006","page","type-page","status-publish","has-post-thumbnail"],"_links":{"self":[{"href":"https:\/\/travelshelper.com\/fr\/wp-json\/wp\/v2\/pages\/12006","targetHints":{"allow":["GET"]}}],"collection":[{"href":"https:\/\/travelshelper.com\/fr\/wp-json\/wp\/v2\/pages"}],"about":[{"href":"https:\/\/travelshelper.com\/fr\/wp-json\/wp\/v2\/types\/page"}],"author":[{"embeddable":true,"href":"https:\/\/travelshelper.com\/fr\/wp-json\/wp\/v2\/users\/1"}],"replies":[{"embeddable":true,"href":"https:\/\/travelshelper.com\/fr\/wp-json\/wp\/v2\/comments?post=12006"}],"version-history":[{"count":0,"href":"https:\/\/travelshelper.com\/fr\/wp-json\/wp\/v2\/pages\/12006\/revisions"}],"up":[{"embeddable":true,"href":"https:\/\/travelshelper.com\/fr\/wp-json\/wp\/v2\/pages\/11976"}],"wp:featuredmedia":[{"embeddable":true,"href":"https:\/\/travelshelper.com\/fr\/wp-json\/wp\/v2\/media\/4115"}],"wp:attachment":[{"href":"https:\/\/travelshelper.com\/fr\/wp-json\/wp\/v2\/media?parent=12006"}],"curies":[{"name":"wp","href":"https:\/\/api.w.org\/{rel}","templated":true}]}}