{"id":11976,"date":"2024-09-15T11:11:06","date_gmt":"2024-09-15T11:11:06","guid":{"rendered":"https:\/\/travelshelper.com\/staging\/?page_id=11976"},"modified":"2026-03-12T21:31:21","modified_gmt":"2026-03-12T21:31:21","slug":"federation-de-russie","status":"publish","type":"page","link":"https:\/\/travelshelper.com\/fr\/destinations\/europe\/russian-federation\/","title":{"rendered":"F\u00e9d\u00e9ration de Russie"},"content":{"rendered":"<p>La Russie se pr\u00e9sente \u00e0 la fois comme un exemple des extr\u00eames et une mosa\u00efque singuli\u00e8re d&#039;activit\u00e9s humaines sur une \u00e9tendue qui \u00e9clipse trois continents. S&#039;\u00e9tendant du littoral baltique \u00e0 19\u00b0 E \u00e0 la marge pacifique \u00e0 169\u00b0 O, et de la c\u00f4te de la mer Noire \u00e0 la fronti\u00e8re arctique entre 41\u00b0 et 82\u00b0 N, la F\u00e9d\u00e9ration de Russie couvre plus d&#039;un huiti\u00e8me de la surface terrestre habit\u00e9e de la plan\u00e8te. Avec ses 146 millions d&#039;habitants en 2025, elle revendique le plus vaste territoire de la plan\u00e8te, s&#039;\u00e9tend sur onze fuseaux horaires et partage des fronti\u00e8res avec quatorze voisins souverains. Bien que ce domaine n&#039;abrite en moyenne que huit personnes et demie au kilom\u00e8tre carr\u00e9, ses villes occidentales vibrent de vie\u00a0; seize agglom\u00e9rations urbaines d\u00e9passent le million d&#039;habitants, et Moscou r\u00e8gne en ma\u00eetre comme la m\u00e9tropole la plus peupl\u00e9e d&#039;Europe. Cette immensit\u00e9, \u00e0 la fois g\u00e9ographique et d\u00e9mographique, ancre le statut de grande puissance de la Russie tout en fa\u00e7onnant une histoire humaine qui se d\u00e9roule dans des climats allant du subtropical humide au polaire, de la chaleur continentale \u00e9touffante au froid record de -71,2 \u00b0C dans la R\u00e9publique de Sakha.<\/p>\n<p>La trame de l&#039;histoire russe, telle qu&#039;elle se manifeste aujourd&#039;hui dans ses paysages urbains, ses chalets ruraux et ses hameaux frontaliers, commence au Pal\u00e9olithique inf\u00e9rieur, lorsque de petits groupes de chasseurs-cueilleurs parcouraient ses vall\u00e9es fluviales. Au IIIe si\u00e8cle de notre \u00e8re, les Slaves orientaux s&#039;affirmaient comme un groupe culturel et linguistique distinct dans la plaine europ\u00e9enne. Leur consolidation politique s&#039;exprima au IXe si\u00e8cle avec l&#039;essor de la Rus&#039; de Kiev, centr\u00e9e sur le cours inf\u00e9rieur du Dniepr. En 988, son Grand Prince se convertit au christianisme orthodoxe sous l&#039;\u00e9gide byzantine, forgeant une identit\u00e9 religieuse qui demeure un pilier de la vie culturelle russe. La fragmentation de la Rus&#039; de Kiev par les incursions ext\u00e9rieures et les rivalit\u00e9s internes ouvrit la voie \u00e0 la Moscovie, dont les grands-ducs rassembl\u00e8rent des principaut\u00e9s disparates sous l&#039;\u00e9gide du Grand-Duch\u00e9 de Moscou. En 1547, Ivan IV prit le titre de tsar, inaugurant ainsi le tsarat de Russie.<\/p>\n<p>Sous Pierre le Grand et ses successeurs, la Russie \u00e9tendit sa puissance \u00e0 travers l&#039;Eurasie, acqu\u00e9rant des territoires de la Baltique au Pacifique, et atteignant une stature imp\u00e9riale d\u00e8s le d\u00e9but du XVIIIe si\u00e8cle. L&#039;Empire russe devint le troisi\u00e8me plus grand de l&#039;histoire, ses fronti\u00e8res \u00e9tant stabilis\u00e9es par la conqu\u00eate, la colonisation et l&#039;exploration. Les montagnes et les steppes produisirent fourrures, c\u00e9r\u00e9ales et min\u00e9raux qui enrichirent la cour de Saint-P\u00e9tersbourg \u2013 la \u00ab\u00a0fen\u00eatre sur l&#039;Europe\u00a0\u00bb de Pierre \u2013, m\u00eame si le servage persistait dans les campagnes. La ferveur r\u00e9volutionnaire, n\u00e9e de la r\u00e9pression politique et des revers militaires, culmina en 1917. La R\u00e9volution de F\u00e9vrier mit fin \u00e0 l&#039;autocratie des Romanov, et la R\u00e9volution d&#039;Octobre installa la RSFSR comme premier \u00c9tat constitutionnellement socialiste au monde.<\/p>\n<p>La guerre civile qui s&#039;ensuivit c\u00e9da la place \u00e0 l&#039;Union des R\u00e9publiques socialistes sovi\u00e9tiques, au sein de laquelle la RSFSR de Russie occupait une place pr\u00e9pond\u00e9rante. Sous le r\u00e8gne de Staline, l&#039;industrie fut restructur\u00e9e par des plans quinquennaux, malgr\u00e9 la famine, les purges et le travail forc\u00e9 qui s\u00e9vissaient chez des millions de personnes. La victoire de l&#039;Union sovi\u00e9tique sur l&#039;Allemagne nazie en 1945, obtenue au prix d&#039;un immense sacrifice humain sur le front de l&#039;Est, confirma son statut de puissance mondiale. L&#039;\u00e8re spatiale s&#039;ouvrit avec Spoutnik en 1957 et le vol orbital de Youri Gagarine en 1961, autant d&#039;initiatives qui incarnaient l&#039;ambition technologique de l&#039;\u00e9poque. Tandis que les tensions de la Guerre froide s&#039;intensifiaient et s&#039;estompaient, l&#039;Union sovi\u00e9tique dut faire face \u00e0 une rivalit\u00e9 id\u00e9ologique et militaire avec les \u00c9tats-Unis.<\/p>\n<p>En d\u00e9cembre 1991, l&#039;Union sovi\u00e9tique \u00e9tait dissoute\u00a0; la F\u00e9d\u00e9ration de Russie \u00e9mergeait de la RSFSR, dot\u00e9e d&#039;une nouvelle constitution instaurant une r\u00e9publique f\u00e9d\u00e9rale semi-pr\u00e9sidentielle. L&#039;\u00e8re post-sovi\u00e9tique a \u00e9t\u00e9 marqu\u00e9e par une interaction complexe entre r\u00e9formes de march\u00e9, nationalisme des ressources et repli politique. Depuis l&#039;accession de Vladimir Poutine \u00e0 la pr\u00e9sidence en 1999, le syst\u00e8me politique a gliss\u00e9 vers l&#039;autoritarisme. Les institutions d\u00e9mocratiques se sont \u00e9rod\u00e9es, les libert\u00e9s civiles se sont r\u00e9duites et la libert\u00e9 de la presse a diminu\u00e9. \u00c0 l&#039;\u00e9tranger, la Russie s&#039;est engag\u00e9e dans des conflits en G\u00e9orgie en 2008 et en Ukraine depuis 2014, annexant la Crim\u00e9e puis d&#039;autres r\u00e9gions ukrainiennes, en violation des normes internationales.<\/p>\n<p>Pourtant, des controverses nationales et internationales cohabitent avec une soci\u00e9t\u00e9 ancr\u00e9e dans des traditions s\u00e9culaires. Le russe demeure la langue officielle et largement pr\u00e9dominante, la langue slave la plus parl\u00e9e et l&#039;une des six langues parl\u00e9es aux Nations Unies et des deux \u00e0 bord de la Station spatiale internationale. Sa litt\u00e9rature \u2013 Tolsto\u00ef, Dosto\u00efevski, Tourgueniev \u2013 a fa\u00e7onn\u00e9 la pens\u00e9e europ\u00e9enne\u00a0; ses compositeurs \u2013 Tcha\u00efkovski, Stravinsky \u2013 ont enrichi le canon mondial\u00a0; ses compagnies de ballet demeurent des parangons de la discipline classique\u00a0; ses th\u00e9\u00e2tres et ses mus\u00e9es t\u00e9moignent d&#039;une passion pour l&#039;art qui s&#039;\u00e9tend de la peinture d&#039;ic\u00f4nes au cin\u00e9ma d&#039;avant-garde.<\/p>\n<p>G\u00e9ographiquement, les contours de la Russie sont d\u00e9finis par neuf grands syst\u00e8mes montagneux. Au sud, les montagnes du Caucase culminent jusqu&#039;au mont Elbrouz, culminant \u00e0 5\u00a0642 m, le plus haut sommet d&#039;Europe. Les cha\u00eenes sib\u00e9riennes de l&#039;Alta\u00ef et des Sa\u00efans, ainsi que les pics volcaniques du Kamtchatka, dont le Klioutchevska\u00efa Sopka, culminant \u00e0 4\u00a0750 m, t\u00e9moignent de l&#039;instabilit\u00e9 tectonique du pays. L&#039;Oural, riche en minerais et en pierres pr\u00e9cieuses, marque traditionnellement la fronti\u00e8re entre l&#039;Europe et l&#039;Asie. Ses points bas plongent \u00e0 29 m sous le niveau de la mer dans la d\u00e9pression caspienne, tandis que ses c\u00f4tes arctique et pacifique font de la Russie l&#039;un des trois \u00c9tats \u00e0 toucher trois oc\u00e9ans et la gardienne de plus de 37\u00a0653 km de c\u00f4tes. Des \u00eeles aussi recul\u00e9es que Wrangel et la Terre Fran\u00e7ois-Joseph veillent sur l&#039;Arctique, tandis que Sakhaline et les Kouriles marquent les franges extr\u00eame-orientales, dont certaines sont contest\u00e9es par le Japon.<\/p>\n<p>L&#039;int\u00e9rieur de la Russie est travers\u00e9 par plus de 100\u00a0000 rivi\u00e8res et abrite des lacs qui contiennent un quart de l&#039;eau douce liquide mondiale. Le lac Ba\u00efkal, d&#039;une profondeur de 1\u00a0642 m, est le bassin lacustre le plus profond et le plus ancien de la plan\u00e8te, contenant plus d&#039;un cinqui\u00e8me de toute l&#039;eau douce de surface. \u00c0 l&#039;ouest se trouvent Ladoga et Onega, parmi les plus grands d&#039;Europe. La Volga, \u00ab\u00a0fleuve m\u00e8re\u00a0\u00bb, traverse les plaines occidentales jusqu&#039;\u00e0 son vaste delta sur la mer Caspienne septentrionale, tandis que l&#039;Ob, l&#039;Ienisse\u00ef, la L\u00e9na et l&#039;Amour drainent la Sib\u00e9rie vers l&#039;Arctique et le Pacifique. Ces voies navigables ont fa\u00e7onn\u00e9 les modes de peuplement et de transport depuis l&#039;\u00e9poque m\u00e9di\u00e9vale jusqu&#039;\u00e0 l&#039;\u00e8re des barges-usines.<\/p>\n<p>Les r\u00e9gimes climatiques changent brusquement du nord au sud et d&#039;est en ouest. La Sib\u00e9rie subit des hivers subarctiques extr\u00eamement froids, contrastant avec des \u00e9t\u00e9s chauds qui voient les vall\u00e9es fluviales se transformer en oasis continentales. Les archipels et la toundra arctiques sont soumis \u00e0 l&#039;influence polaire\u00a0; la c\u00f4te de la mer Noire autour de Sotchi b\u00e9n\u00e9ficie d&#039;hivers subtropicaux humides rappelant la M\u00e9diterran\u00e9e\u00a0; de rares brises tropicales atteignent le littoral semi-aride de la Caspienne et les pentes m\u00e9ridionales de la Sib\u00e9rie\u00a0; et les plaines maritimes occidentales ressentent la douceur de l&#039;Atlantique \u00e0 Kaliningrad et le long de la Baltique. Un printemps et un automne brefs encadrent les deux saisons dominantes, hiver et \u00e9t\u00e9, tandis que les agriculteurs et les travailleurs en plein air planifient en fonction des mois enneig\u00e9s ou des vagues de chaleur. Le changement climatique intensifie d\u00e9sormais les incendies de for\u00eat, fait fondre le perg\u00e9lisol et remod\u00e8le les r\u00e9gimes de pr\u00e9cipitations et l&#039;agriculture.<\/p>\n<p>Sur le plan administratif, la f\u00e9d\u00e9ration comprend 83 sujets f\u00e9d\u00e9raux\u00a0: 46\u00a0oblasts, 21\u00a0r\u00e9publiques, neuf\u00a0kra\u00efs, quatre\u00a0okrougs autonomes, deux\u00a0villes f\u00e9d\u00e9rales et un\u00a0oblast autonome. La Russie centrale, longtemps le c\u0153ur culturel de la r\u00e9gion, abrite Moscou et ses oblasts satellites, Iaroslavl et Vladimir, avec leurs \u00e9glises m\u00e9di\u00e9vales. La r\u00e9gion de Tchernoziom au sud de Moscou \u2013 Koursk et Voronej \u2013 conserve des terres noires qui ont nourri arm\u00e9es et paysans pendant les guerres et les famines. Le nord-ouest de la Russie, ancr\u00e9 par Saint-P\u00e9tersbourg, s&#039;\u00e9tend jusqu&#039;\u00e0 la mer Blanche et les for\u00eats de Car\u00e9lie. Au sud, la p\u00e9ninsule de Crim\u00e9e et les r\u00e9publiques du Caucase offrent des contrastes de stations baln\u00e9aires subtropicales et de cultures montagnardes escarp\u00e9es. La r\u00e9gion de la Volga regorge d&#039;industries et d&#039;h\u00e9ritage tatar \u00e0 Kazan et Samara, tandis que l&#039;Oural, la Sib\u00e9rie et l&#039;Extr\u00eame-Orient regorgent de min\u00e9raux, de for\u00eats et de fronti\u00e8res qui mettent \u00e0 rude \u00e9preuve les infrastructures et la gouvernance.<\/p>\n<p>La vie urbaine en Russie refl\u00e8te cette diversit\u00e9 r\u00e9gionale. Le paysage urbain de Moscou juxtapose des d\u00f4mes en bulbe \u00e0 des tours de verre, ses rues rappelant des si\u00e8cles de tsars et d&#039;urbanistes sovi\u00e9tiques. Le m\u00e9tro de Moscou, richement d\u00e9cor\u00e9, sert \u00e0 la fois de r\u00e9seau de transport et d&#039;art public. Saint-P\u00e9tersbourg, fond\u00e9e par Pierre le Grand, s&#039;\u00e9tend le long de canaux et d&#039;avenues n\u00e9oclassiques sous la lueur de ses l\u00e9gendaires nuits blanches. Kazan unit cath\u00e9drales orthodoxes et minarets, embl\u00e9matiques de la f\u00e9d\u00e9ration multiethnique russe. Nijni Novgorod, Irkoutsk, Ekaterinbourg et Vladivostok sont des ports, des p\u00f4les industriels et des centres culturels, chacun r\u00e9v\u00e9lant des chapitres distincts de l&#039;histoire et de la vie \u00e9conomique russes. Les m\u00e9moriaux sovi\u00e9tiques de Volgograd rappellent le cataclysme de Stalingrad\u00a0; le littoral subtropical de Sotchi a favoris\u00e9 une r\u00e9invention olympique en 2014\u00a0; les \u00e9glises en bois de Kiji flottent tels des souvenirs sur le lac Onega.<\/p>\n<p>Le tourisme, autrefois modeste \u00e0 l&#039;\u00e9poque sovi\u00e9tique, a connu des hauts et des bas au gr\u00e9 des al\u00e9as g\u00e9opolitiques et des pand\u00e9mies. En 2019, les visites \u00e9trang\u00e8res en Russie ont atteint 24,4 millions, contribuant \u00e0 4,8 % du PIB. La Place Rouge, l&#039;Ermitage et la Galerie Tretiakov attirent les passionn\u00e9s d&#039;art et d&#039;histoire. L&#039;Anneau d&#039;Or, compos\u00e9 de villes comme Souzdal, Rostov et Vladimir, offre des pans entiers de l&#039;architecture religieuse. Le Transsib\u00e9rien invite les voyageurs intr\u00e9pides \u00e0 parcourir 9\u00a0000 km entre les continents. Les geysers et les ours du Kamtchatka, les profondeurs bleu glacier du lac Ba\u00efkal, la forteresse monastique de Solovetsky et les for\u00eats vierges des Komis restent \u00e0 l&#039;abri des regards de la m\u00e9tropole, accessibles uniquement par barge fluviale ou par avion de brousse. Les 32 sites russes inscrits au patrimoine mondial de l&#039;UNESCO t\u00e9moignent de sa richesse naturelle et culturelle, mais son isolement fait que de nombreux sentiers restent peu fr\u00e9quent\u00e9s.<\/p>\n<p>Sur le plan d\u00e9mographique, la Russie est confront\u00e9e aux d\u00e9fis du vieillissement de sa population et de sa faible f\u00e9condit\u00e9, avec un indice synth\u00e9tique de f\u00e9condit\u00e9 de 1,41 naissance par femme en 2024. L&#039;urbanisation a attir\u00e9 les deux tiers de ses habitants vers les villes, alors m\u00eame que la densit\u00e9 nationale chute \u00e0 l&#039;est de l&#039;Oural. L&#039;\u00e2ge m\u00e9dian, \u00e0 41,9 ans, place la soci\u00e9t\u00e9 parmi les plus \u00e2g\u00e9es du monde, ce qui a des r\u00e9percussions sur les retraites, les soins de sant\u00e9 et le march\u00e9 du travail. L&#039;\u00e9migration et les politiques migratoires, notamment \u00e0 l&#039;\u00e9gard des anciennes r\u00e9publiques sovi\u00e9tiques, continuent de fa\u00e7onner la composition ethnique et professionnelle des villes, de Moscou \u00e0 Magadan.<\/p>\n<p>La cuisine et la convivialit\u00e9 refl\u00e8tent \u00e0 la fois le climat et l&#039;histoire. Les pains copieux de seigle et de bl\u00e9 supportent les hivers rigoureux\u00a0; les soupes \u2013\u00a0chchi, bortsch, oukha\u00a0\u2013 associent viandes, l\u00e9gumes racines et cr\u00e8me fra\u00eeche pour apporter \u00e9nergie et chaleur. Blinis, pirozhki et syrniki rythment petits-d\u00e9jeuners et go\u00fbters. Pelmeni et golubtsy s&#039;inspirent de la viande et du chou dans des pliages et des rouleaux qui t\u00e9moignent de l&#039;ing\u00e9niosit\u00e9 paysanne. Le b\u0153uf Stroganoff et le poulet \u00e0 la Kiev \u00e9voquent l&#039;aristocratie, tandis que le chachlyk \u00e9gaie les grillades festives. Le kvas, une ancienne boisson ferment\u00e9e, d\u00e9salt\u00e8re par sa l\u00e9g\u00e8re effervescence\u00a0; la vodka, distill\u00e9e depuis le XIVe\u00a0si\u00e8cle, reste l&#039;embl\u00e8me des toasts russes, m\u00eame si la bi\u00e8re et le vin sont appr\u00e9ci\u00e9s dans la culture jeune moderne.<\/p>\n<p>Dans cette vaste nation, pass\u00e9 et pr\u00e9sent cohabitent dans une complexit\u00e9 \u00e0 plusieurs niveaux. Les palais baroques de Catherine et les monuments comm\u00e9moratifs sovi\u00e9tiques c\u00f4toient les tours de bureaux aux fa\u00e7ades de verre. Des clochers orthodoxes encadrent les nouveaux immeubles d&#039;appartements. Les \u00e9chos des tsars et du Politburo se m\u00ealent dans les salles des mus\u00e9es. Montagnes et for\u00eats prot\u00e8gent des villages o\u00f9 l&#039;on parle des dialectes d&#039;Ukraine, de Finlande et d&#039;Asie. Les fleuves continuent de transporter des p\u00e9niches et des paquebots selon des sch\u00e9mas d\u00e9termin\u00e9s par d\u00e9cret imp\u00e9rial et initiative collective. Onze fuseaux horaires se d\u00e9roulent au rythme de midi et de minuit, mais un seul drapeau et un seul mythe national unissent les peuples de Belgorod et de Petropavlovsk-Kamtchatski.<\/p>\n<p>En fin de compte, la Russie n&#039;est ni un monolithe ni un miracle, mais une entit\u00e9 aux proportions immenses et en perp\u00e9tuelle mutation. Ses richesses en p\u00e9trole, gaz, bois et min\u00e9raux soutiennent une \u00e9conomie class\u00e9e onzi\u00e8me en termes de PIB nominal, mais doivent \u00eatre contrebalanc\u00e9es par une gouvernance qui suscite la controverse, une soci\u00e9t\u00e9 civile restreinte et une presse sous pression. Son poids strat\u00e9gique se refl\u00e8te dans un arsenal nucl\u00e9aire in\u00e9gal\u00e9 en dehors des \u00c9tats-Unis, et dans son influence diplomatique en tant que membre permanent du Conseil de s\u00e9curit\u00e9 des Nations Unies et pivot du G20, des BRICS et des accords r\u00e9gionaux, de la Communaut\u00e9 des \u00c9tats ind\u00e9pendants \u00e0 l&#039;Union \u00e9conomique eurasienne. Pourtant, le territoire humain \u2013 villes, villages, rivi\u00e8res et montagnes \u2013 demeure la v\u00e9ritable force de l&#039;identit\u00e9 russe. C&#039;est ici, au milieu des for\u00eats de bouleaux et des cath\u00e9drales de marbre, sur les lacs gel\u00e9s et la steppe baign\u00e9e de soleil, que l&#039;essence de cette nation se ressent le plus profond\u00e9ment.<\/p>\n<p>C&#039;est la Russie \u00e0 la fois comme sc\u00e8ne et comme acteur\u00a0: \u00e0 la fois h\u00e9riti\u00e8re de mill\u00e9naires d&#039;occupation humaine et creuset de la puissance moderne. C&#039;est un lieu o\u00f9 l&#039;histoire est grav\u00e9e dans la pierre et l&#039;acier, o\u00f9 la nature affirme sa grandeur hors de port\u00e9e de l&#039;homme, et o\u00f9 la suite de la chronique reste in\u00e9dite, fa\u00e7onn\u00e9e par l&#039;immensit\u00e9 qu&#039;elle occupe et par ses habitants.<\/p>","protected":false},"excerpt":{"rendered":"<p>La Russie, officiellement appel\u00e9e F\u00e9d\u00e9ration de Russie, est le plus grand pays du monde par sa superficie, englobant l&#039;Europe de l&#039;Est et l&#039;Asie du Nord. Avec une population d&#039;environ 146 millions d&#039;habitants en 2024, elle se classe au dixi\u00e8me rang mondial et est la nation la plus peupl\u00e9e d&#039;Europe. Avec onze fuseaux horaires et des fronti\u00e8res terrestres avec quatorze pays, ce vaste pays est un monstre g\u00e9ographique au territoire incomparable.<\/p>","protected":false},"author":1,"featured_media":4357,"parent":24078,"menu_order":0,"comment_status":"closed","ping_status":"closed","template":"elementor_theme","meta":{"_eb_attr":"","footnotes":""},"class_list":["post-11976","page","type-page","status-publish","has-post-thumbnail"],"_links":{"self":[{"href":"https:\/\/travelshelper.com\/fr\/wp-json\/wp\/v2\/pages\/11976","targetHints":{"allow":["GET"]}}],"collection":[{"href":"https:\/\/travelshelper.com\/fr\/wp-json\/wp\/v2\/pages"}],"about":[{"href":"https:\/\/travelshelper.com\/fr\/wp-json\/wp\/v2\/types\/page"}],"author":[{"embeddable":true,"href":"https:\/\/travelshelper.com\/fr\/wp-json\/wp\/v2\/users\/1"}],"replies":[{"embeddable":true,"href":"https:\/\/travelshelper.com\/fr\/wp-json\/wp\/v2\/comments?post=11976"}],"version-history":[{"count":0,"href":"https:\/\/travelshelper.com\/fr\/wp-json\/wp\/v2\/pages\/11976\/revisions"}],"up":[{"embeddable":true,"href":"https:\/\/travelshelper.com\/fr\/wp-json\/wp\/v2\/pages\/24078"}],"wp:featuredmedia":[{"embeddable":true,"href":"https:\/\/travelshelper.com\/fr\/wp-json\/wp\/v2\/media\/4357"}],"wp:attachment":[{"href":"https:\/\/travelshelper.com\/fr\/wp-json\/wp\/v2\/media?parent=11976"}],"curies":[{"name":"wp","href":"https:\/\/api.w.org\/{rel}","templated":true}]}}