{"id":11967,"date":"2024-09-15T11:03:38","date_gmt":"2024-09-15T11:03:38","guid":{"rendered":"https:\/\/travelshelper.com\/staging\/?page_id=11967"},"modified":"2026-03-12T21:00:26","modified_gmt":"2026-03-12T21:00:26","slug":"bucarest","status":"publish","type":"page","link":"https:\/\/travelshelper.com\/fr\/destinations\/europe\/romania\/bucharest\/","title":{"rendered":"Bucarest"},"content":{"rendered":"<p>Bucarest, capitale et plus grande municipalit\u00e9 de Roumanie, se situe sur les rives de la rivi\u00e8re D\u00e2mbovi\u021ba, dans le sud-est du pays. Avec quelque 1,76 million d&#039;habitants r\u00e9partis sur une superficie urbaine de 240 kilom\u00e8tres carr\u00e9s et une population m\u00e9tropolitaine de 2,3 millions d&#039;habitants r\u00e9partis sur 1\u00a0811 kilom\u00e8tres carr\u00e9s, elle se classe au huiti\u00e8me rang des villes les plus peupl\u00e9es de l&#039;Union europ\u00e9enne. Si\u00e8ge du gouvernement, centre de la r\u00e9gion de Munt\u00e9nie et p\u00f4le d&#039;activit\u00e9 culturelle, politique et \u00e9conomique, l&#039;importance de la ville d\u00e9passe largement ses fronti\u00e8res administratives.<\/p>\n<p>La premi\u00e8re mention documentaire de la colonie remonte \u00e0 1459, mais ce n&#039;est qu&#039;en 1862 que Bucarest fut officiellement d\u00e9sign\u00e9e capitale du jeune \u00c9tat roumain. D\u00e8s lors, la ville se dota progressivement d&#039;institutions culturelles, de m\u00e9dias et de cercles artistiques. Au fil des d\u00e9cennies, elle acquit un vocabulaire architectural m\u00ealant structures \u00e9clectiques du XIXe si\u00e8cle, fa\u00e7ades n\u00e9oclassiques et ornementations sinueuses de l&#039;Art nouveau. Durant l&#039;entre-deux-guerres, une nouvelle cohorte de b\u00e2tisseurs adopta le minimalisme du Bauhaus, la g\u00e9om\u00e9trie Art d\u00e9co et un style n\u00e9o-national-romantique. \u00c0 cette \u00e9poque, ses rues \u00e9l\u00e9gantes et sa soci\u00e9t\u00e9 cosmopolite valurent aux visiteurs le surnom de \u00ab Petit Paris \u00bb ou de \u00ab Paris de l&#039;Est \u00bb.<\/p>\n<p>Le XXe si\u00e8cle a mis \u00e0 rude \u00e9preuve le tissu urbain de Bucarest. Bombardements, secousses sismiques et une campagne id\u00e9ologique de \u00ab\u00a0syst\u00e9matisation\u00a0\u00bb men\u00e9e par Nicolae Ceau\u0219escu ont marqu\u00e9 de vastes pans du centre historique, et de majestueux \u00e9difices se sont effondr\u00e9s ou ont \u00e9t\u00e9 ras\u00e9s. N\u00e9anmoins, de nombreux vestiges \u2013 h\u00f4tels particuliers d&#039;inspiration fran\u00e7aise, demeures imposantes et boulevards bord\u00e9s d&#039;arbres \u2013 ont b\u00e9n\u00e9fici\u00e9 d&#039;une restauration soign\u00e9e. Un renouveau culturel au XXIe si\u00e8cle a acc\u00e9l\u00e9r\u00e9 un essor \u00e9conomique et cr\u00e9atif, transformant la ville en l&#039;un des p\u00f4les europ\u00e9ens d&#039;investissement et d&#039;innovation dans les hautes technologies \u00e0 la croissance la plus rapide.<\/p>\n<p>En janvier 2023, la municipalit\u00e9 comptait 1,74 million d&#039;habitants, dont 2,3 millions en incluant les villes satellites. Pendant la pand\u00e9mie de COVID-19, les rapports officiels faisaient \u00e9tat de 2,5 millions de personnes dans les statistiques de surveillance sanitaire, soulignant la complexit\u00e9 logistique de la gestion d&#039;un p\u00f4le aussi peupl\u00e9. En 2017, un indice mondial a class\u00e9 Bucarest comme la destination touristique de nuit connaissant la croissance la plus rapide en Europe, et au cours des deux ann\u00e9es suivantes, elle s&#039;est class\u00e9e en t\u00eate du classement des destinations en termes de potentiel de d\u00e9veloppement. Pourtant, les donn\u00e9es du recensement r\u00e9v\u00e8lent une l\u00e9g\u00e8re baisse du nombre de r\u00e9sidents permanents de la ville, un ph\u00e9nom\u00e8ne en partie attribu\u00e9 \u00e0 l&#039;exode rural.<\/p>\n<p>G\u00e9ographiquement, Bucarest occupe une zone \u00e0 peu pr\u00e8s circulaire dont le rayon, de la place de l&#039;Universit\u00e9 aux limites municipales, s&#039;\u00e9tend de 10 \u00e0 12 kilom\u00e8tres. La rivi\u00e8re D\u00e2mbovi\u021ba traverse la ville avant de rejoindre l&#039;Arge\u0219 et finalement le Danube. Au nord, quatre r\u00e9servoirs interconnect\u00e9s \u2013 Her\u0103str\u0103u, Floreasca, Tei et Colentina \u2013 suivent le cours de la rivi\u00e8re Colentina, tandis qu&#039;un bassin ornemental plus petit, le lac Ci\u0219migiu, se niche au c\u0153ur des jardins verdoyants de Ci\u0219migiu. Un kilom\u00e8tre z\u00e9ro symbolique se trouve juste au sud de la place de l&#039;Universit\u00e9, sur la place Saint-Georges, devant la nouvelle \u00e9glise Saint-Georges.<\/p>\n<p>L&#039;altitude de la ville oscille entre environ 56 m\u00e8tres au niveau du pont D\u00e2mbovi\u021ba au sud-est et 91,5 m\u00e8tres au niveau d&#039;une colline couronn\u00e9e par une \u00e9glise militaire \u00e0 l&#039;ouest. Traditionnellement, Bucarest repose sur sept collines \u2013 Mihai Vod\u0103, Dealul Mitropoliei, Radu Vod\u0103, Cotroceni, Dealul Spirii, V\u0103c\u0103re\u0219ti et Sf\u00e2ntu Gheorghe Nou \u2013 un \u00e9cho po\u00e9tique de Rome qui souligne ses origines pr\u00e9-modernes au milieu de la plaine fertile autrefois recouverte par la for\u00eat de Vl\u0103siei.<\/p>\n<p>Un patchwork complexe d&#039;espaces verts ponctuent le tissu urbain. Les jardins Ci\u0219migiu, am\u00e9nag\u00e9s en 1847 selon les plans de l&#039;architecte allemand Carl F.W. Meyer, offrent un havre de paix verdoyant \u00e0 proximit\u00e9 du centre-ville et ont toujours attir\u00e9 po\u00e8tes et romanciers. Le parc Her\u0103str\u0103u, qui borde la rive nord du lac \u00e9ponyme, abrite le Mus\u00e9e du Village Roumain. Le parc Tineretului, inaugur\u00e9 en 1965, constitue le principal espace de loisirs des quartiers sud et abrite une \u00ab\u00a0Mini-Ville\u00a0\u00bb \u00e0 \u00e9chelle r\u00e9duite pour les enfants.<\/p>\n<p>Le jardin botanique du quartier de Cotroceni abrite plus de 10\u00a0000 esp\u00e8ces de plantes dans ses serres et ses parterres ouverts\u00a0; il \u00e9tait \u00e0 l&#039;origine un lieu de plaisance royal. Parmi les autres parcs remarquables, citons le parc du Roi Michel Ier, le parc Carol, le parc Alexandru Ioan Cuza (surnomm\u00e9 famili\u00e8rement parc Titan), le parc Kiseleff, le parc Izvor, Gr\u0103dina Icoanei, le parc Circului et le parc Moghioro\u0219. D&#039;autres espaces tels que le parc national, le parc Tei, le parc Eroilor et le parc Cr\u00e2nga\u0219i, avec son lac Morii, offrent un r\u00e9pit suppl\u00e9mentaire \u00e0 la p\u00e9riph\u00e9rie de la ville.<\/p>\n<p>Parmi ceux-ci, le lac V\u0103c\u0103re\u0219ti m\u00e9rite une attention particuli\u00e8re. Inaugur\u00e9 comme bassin en b\u00e9ton sous le r\u00e9gime de Ceau\u0219escu, puis abandonn\u00e9 apr\u00e8s la r\u00e9volution de 1989, le site a connu une v\u00e9ritable r\u00e9introduction dans la nature pendant deux d\u00e9cennies. Depuis mai 2016, il est prot\u00e9g\u00e9 en tant que parc naturel de V\u0103c\u0103re\u0219ti, s&#039;\u00e9tendant sur 190 hectares, dont la moiti\u00e9 en eaux libres, et abritant quatre-vingt-dix-sept esp\u00e8ces d&#039;oiseaux, sept esp\u00e8ces de mammif\u00e8res et une multitude d&#039;amphibiens et d&#039;insectes. Surnomm\u00e9 famili\u00e8rement le \u00ab Delta de Bucarest \u00bb, il demeure un t\u00e9moignage saisissant du renouveau de la nature au c\u0153ur d&#039;une urbanisation dense.<\/p>\n<p>Le territoire entourant la capitale \u00e9tait en grande partie agricole jusqu&#039;\u00e0 la fin du XXe si\u00e8cle. Depuis la chute du communisme, le d\u00e9partement d&#039;Ilfov s&#039;est urbanis\u00e9 rapidement\u00a0: sa population a atteint 542\u00a0686 habitants en 2021, une croissance qui a \u00e9clips\u00e9 celle de tous les autres d\u00e9partements de Roumanie entre 2011 et 2021. Des villages comme Pope\u0219ti-Leordeni, Voluntari, Chiajna, Bragadiru, Pantelimon, Buftea et Otopeni se sont m\u00e9tamorphos\u00e9s en villes de banlieue prosp\u00e8res, reliant la ville \u00e0 une constellation m\u00e9tropolitaine plus vaste.<\/p>\n<p>Le climat de Bucarest se situe \u00e0 cheval entre les classifications continentale humide et subtropicale humide, avec des \u00e9t\u00e9s chauds et humides et des hivers froids et neigeux. Les maxima quotidiens au milieu de l&#039;\u00e9t\u00e9 atteignent en moyenne 29,8 \u00b0C, avec des pics fr\u00e9quents de 35 \u00e0 40 \u00b0C dans les quartiers centraux. Les temp\u00e9ratures hivernales descendent g\u00e9n\u00e9ralement en dessous de z\u00e9ro et peuvent chuter jusqu&#039;\u00e0 -10 \u00b0C, favoris\u00e9es par les vents qui balayent la plaine. Les journ\u00e9es de printemps et d&#039;automne oscillent entre 17 et 22 \u00b0C\u00a0; les pr\u00e9cipitations ont tendance \u00e0 \u00eatre plus abondantes au printemps, ponctu\u00e9es d&#039;orages soudains mais brefs en \u00e9t\u00e9.<\/p>\n<p>Sur le plan d\u00e9mographique, la ville proprement dite comptait 1\u00a0716\u00a0961 habitants lors du recensement de 2021, soit une l\u00e9g\u00e8re baisse depuis 2011. Cette tendance s&#039;explique par la faiblesse des taux de natalit\u00e9 et l&#039;exode rural. Une \u00e9tude des Nations Unies a class\u00e9 Bucarest au dix-neuvi\u00e8me rang parmi les vingt-huit capitales europ\u00e9ennes ayant connu une baisse de population de pr\u00e8s de 4\u00a0% entre 1990 et le milieu des ann\u00e9es 2010\u00a0; l&#039;exode des familles et des jeunes professionnels vers les communes satellites y a largement contribu\u00e9.<\/p>\n<p>Sur le plan \u00e9conomique, Bucarest g\u00e9n\u00e8re environ 24 % du produit int\u00e9rieur brut de la Roumanie et pr\u00e8s d&#039;un quart de sa production industrielle, bien qu&#039;elle abrite moins de 10 % de la population nationale. Pr\u00e8s d&#039;un tiers des recettes fiscales nationales proviennent de la capitale. Le PIB par habitant ajust\u00e9 au pouvoir d&#039;achat de la r\u00e9gion Bucarest-Ilfov a atteint 145 % de la moyenne de l&#039;Union europ\u00e9enne en 2017, d\u00e9passant les chiffres comparables de Budapest (139 %), Madrid (125 %), Berlin (118 %), Rome (110 %), Lisbonne (102 %) et Sofia (79 %).<\/p>\n<p>Apr\u00e8s une p\u00e9riode de relative stagnation dans les ann\u00e9es 1990, la ville a connu un fort rebond\u00a0: r\u00e9novation des infrastructures, complexes commerciaux, quartiers r\u00e9sidentiels et gratte-ciels vitr\u00e9s ont remodel\u00e9 le paysage urbain. En janvier 2013, le taux de ch\u00f4mage local s&#039;\u00e9levait \u00e0 2,1\u00a0%, nettement inf\u00e9rieur \u00e0 la moyenne nationale de 5,8\u00a0%. Aujourd&#039;hui, les services pr\u00e9dominent dans l&#039;\u00e9conomie et les si\u00e8ges sociaux de quelque 186\u00a0000 entreprises, dont la quasi-totalit\u00e9 des grandes entreprises roumaines, sont implant\u00e9s ici. Le secteur de l&#039;immobilier et de la construction a largement contribu\u00e9 \u00e0 l&#039;expansion post-mill\u00e9naire, tandis que Bucarest s&#039;est \u00e9galement impos\u00e9e comme le centre phare des technologies de l&#039;information et des communications\u00a0; de nombreuses soci\u00e9t\u00e9s internationales de logiciels y exploitent des sites de production offshore.<\/p>\n<p>La Bourse de Bucarest, fusionn\u00e9e fin 2005 avec la plateforme \u00e9lectronique Rasdaq, est le pilier du secteur financier. Depuis la fin des ann\u00e9es 1990, plus de vingt centres commerciaux et galeries marchandes ont vu le jour\u00a0: parmi les exemples notables, citons B\u0103neasa Shopping City, AFI Palace Cotroceni, Mega Mall, Bucure\u0219ti Mall, ParkLake Shopping Centre, Sun Plaza, Promenada Mall et Unirea Shopping Centre. Des multinationales comme Amazon, Microsoft, Ubisoft, Oracle et IBM y ont implant\u00e9 des activit\u00e9s locales. La ville accueille \u00e9galement de grandes entreprises des secteurs du p\u00e9trole et du gaz, de l&#039;automobile, des t\u00e9l\u00e9communications et des biens de consommation, dont Petrom, le plus grand groupe \u00e9nerg\u00e9tique de Roumanie. En 2023, Bucarest se classait au sixi\u00e8me rang mondial pour la vitesse du haut d\u00e9bit fixe, avec un d\u00e9bit moyen de 250\u00a0Mbps.<\/p>\n<p>L&#039;infrastructure de transport comprend un r\u00e9seau de m\u00e9tro de cinq lignes (M1 \u00e0 M5) exploit\u00e9 par Metrorex, desservant soixante-quatre stations. Le premier tron\u00e7on a \u00e9t\u00e9 inaugur\u00e9 en 1979, et la derni\u00e8re ligne a \u00e9t\u00e9 mise en service en 2020\u00a0; une sixi\u00e8me ligne est en construction. En surface, la Societatea de Transport Bucure\u0219ti exploite des bus, des tramways, des trolleybus et des v\u00e9hicules l\u00e9gers sur rail, compl\u00e9t\u00e9s par des minibus priv\u00e9s et une flotte limit\u00e9e pouvant atteindre 10\u00a0000 taxis.<\/p>\n<p>Les liaisons ferroviaires partent de la Gara de Nord, la gare principale de C\u0103ile Ferate Rom\u00e2ne, reliant Bucarest aux principales destinations nationales et internationales, notamment Belgrade, Sofia, Vienne, Budapest, Istanbul et Kiev. Les gares secondaires \u2013 Basarab, Obor, B\u0103neasa et Progresul \u2013 sont en cours d&#039;int\u00e9gration au r\u00e9seau ferroviaire de banlieue desservant la municipalit\u00e9 et le d\u00e9partement d&#039;Ilfov. Le plus ancien terminus ferroviaire de la ville, Filaret, a \u00e9t\u00e9 inaugur\u00e9 en 1869 et transform\u00e9 en gare routi\u00e8re sous le r\u00e9gime communiste.<\/p>\n<p>Le trafic a\u00e9rien est concentr\u00e9 \u00e0 l&#039;a\u00e9roport international Henri Coand\u0103 (OTP), situ\u00e9 \u00e0 16,5 kilom\u00e8tres au nord du centre-ville d&#039;Otopeni\u00a0; en 2017, il a accueilli plus de 12,8 millions de passagers, ce qui en fait le plus fr\u00e9quent\u00e9 de Roumanie. L&#039;a\u00e9roport international Aurel Vlaicu (BBU), situ\u00e9 \u00e0 huit kilom\u00e8tres au nord de la ville, dessert des vols d&#039;affaires et des vols charters.<\/p>\n<p>Par la route, Bucarest est le point d&#039;ancrage des art\u00e8res cl\u00e9s du r\u00e9seau national et des corridors paneurop\u00e9ens IV et IX. Les principales autoroutes \u2013 l&#039;A1 vers Pite\u0219ti (continuant vers la Hongrie), l&#039;autoroute du Soleil A2 vers Constan\u021ba et l&#039;A3 vers Ploie\u0219ti \u2013 y partent. Les distances par autoroute comprennent 183 kilom\u00e8tres jusqu&#039;\u00e0 Bra\u0219ov, 203 jusqu&#039;\u00e0 Constan\u021ba, 408 jusqu&#039;\u00e0 Ia\u0219i, 451 jusqu&#039;\u00e0 Cluj-Napoca et 544 jusqu&#039;\u00e0 Timi\u0219oara. Un p\u00e9riph\u00e9rique int\u00e9rieur et ext\u00e9rieur compl\u00e8tent un r\u00e9seau de boulevards radiaux. Les embouteillages aux heures de pointe restent end\u00e9miques, attribu\u00e9s \u00e0 l&#039;augmentation du parc automobile \u2013 1,13 million de v\u00e9hicules immatricul\u00e9s en 2013 \u2013 bien que la r\u00e9paration syst\u00e9matique des routes ait permis de rem\u00e9dier \u00e0 de nombreuses art\u00e8res d\u00e9grad\u00e9es. Les plaques d&#039;immatriculation ont adopt\u00e9 un format \u00e0 trois chiffres en 2010 pour s&#039;adapter au volume. Le 17 juin 2011, le pont \u00e0 haubans de Basarab, le plus long pont \u00e0 haubans de Roumanie et le plus large du continent, a \u00e9t\u00e9 ouvert, am\u00e9liorant consid\u00e9rablement la circulation \u00e0 proximit\u00e9 du pont Grant et de la gare du Nord.<\/p>\n<p>La vie culturelle de Bucarest a connu un essor consid\u00e9rable ces derni\u00e8res ann\u00e9es, notamment dans les domaines des arts visuels, des arts du spectacle et de la vie nocturne. Contrairement \u00e0 d&#039;autres r\u00e9gions roumaines, le milieu cr\u00e9atif de la ville \u00e9chappe \u00e0 toute singularit\u00e9, alliant tradition locale et influences internationales. Galeries, salles de concert, th\u00e9\u00e2tres et clubs prolif\u00e8rent, attirant un large \u00e9ventail de r\u00e9sidents et de visiteurs.<\/p>\n<p>L&#039;architecture monumentale caract\u00e9rise de nombreux monuments de Bucarest. Le Palais du Parlement, \u00e9rig\u00e9 dans les ann\u00e9es 1980 sous le r\u00e9gime de Ceau\u0219escu, est le plus grand \u00e9difice parlementaire au monde\u00a0; ses volumes massifs abritent les chambres des deux chambres l\u00e9gislatives et le Mus\u00e9e national d&#039;art contemporain, ainsi que l&#039;un des plus grands centres de congr\u00e8s au monde. \u00c9rig\u00e9 dans sa forme actuelle en 1935 sur le mod\u00e8le de l&#039;Arc de Triomphe de Paris, l&#039;Arcul de Triumf comm\u00e9more les exploits militaires de la Roumanie. Le M\u00e9morial de la Renaissance \u2013 un ob\u00e9lisque en marbre poli inaugur\u00e9 en 2005 en hommage aux victimes de la R\u00e9volution de 1989 \u2013 a suscit\u00e9 un d\u00e9bat public quant \u00e0 sa forme abstraite et \u00e0 ses connotations politiques.<\/p>\n<p>L&#039;Ath\u00e9n\u00e9e roumain, achev\u00e9 entre 1886 et 1888 gr\u00e2ce \u00e0 une souscription publique, est un embl\u00e8me de la culture nationale et porte le label du patrimoine europ\u00e9en. L&#039;InterContinental Bucarest, un h\u00f4tel cinq \u00e9toiles de grande hauteur situ\u00e9 pr\u00e8s de la place de l&#039;Universit\u00e9, offre une vue panoramique depuis chacune de ses chambres \u00e0 la configuration unique. La Casa Sc\u00e2nteii, achev\u00e9e en 1957 et inspir\u00e9e de l&#039;Universit\u00e9 d&#039;\u00c9tat de Moscou, abritait autrefois les organes de presse officiels du Parti communiste\u00a0; sa fa\u00e7ade reste le seul b\u00e2timent de la ville \u00e0 arborer des motifs de faucille et de marteau.<\/p>\n<p>Les institutions mus\u00e9ologiques abondent\u00a0: le Mus\u00e9e national d&#039;art, le Mus\u00e9e national d&#039;histoire naturelle Grigore Antipa, le Mus\u00e9e du Paysan roumain, le Mus\u00e9e national d&#039;histoire et le Mus\u00e9e militaire pr\u00e9servent et pr\u00e9sentent collectivement le patrimoine roumain. Le centre-ville lui-m\u00eame est un palimpseste de vestiges m\u00e9di\u00e9vaux, de palais n\u00e9oclassiques, d&#039;immeubles Art d\u00e9co, de villas Art nouveau et de prototypes n\u00e9o-roumains du d\u00e9but du XXe si\u00e8cle, entrecoup\u00e9s d&#039;immeubles d&#039;appartements utilitaires de l&#039;\u00e8re communiste et de quelques gratte-ciel contemporains.<\/p>\n<p>Au cours du premier quart du XXIe si\u00e8cle, Bucarest a \u00e9t\u00e9 transform\u00e9e gr\u00e2ce aux subventions de l&#039;Union europ\u00e9enne et aux investissements nationaux. Revitalis\u00e9e, la vieille ville pr\u00e9sente des fa\u00e7ades restaur\u00e9es et des int\u00e9rieurs r\u00e9am\u00e9nag\u00e9s, tandis que des projets d&#039;infrastructures, parmi lesquels le colossal pont de Basarab, dessinent les contours changeants de la ville. Ce qui \u00e9tait autrefois c\u00e9l\u00e9br\u00e9 comme le \u00ab Petit Paris \u00bb se r\u00e9v\u00e8le aujourd&#039;hui comme une m\u00e9tropole aux contrastes dynamiques\u00a0: une chronique vivante de l&#039;histoire, de la modernit\u00e9 et de leur interaction perp\u00e9tuelle. Dans ses rues charg\u00e9es d&#039;histoire, \u00e0 travers ses parcs et ses art\u00e8res, Bucarest continue d&#039;affirmer son r\u00f4le de capitale dynamique, au carrefour du pass\u00e9 et de l&#039;avenir.<\/p>","protected":false},"excerpt":{"rendered":"<p>Bucarest, capitale et plus grande ville de Roumanie, est une m\u00e9tropole dynamique qui compte environ 1,76 million d&#039;habitants. Situ\u00e9e sur les rives de la rivi\u00e8re D\u00e2mbovi\u021ba, dans le sud-est de la Roumanie, ce p\u00f4le urbain dynamique est le centre d&#039;une aire m\u00e9tropolitaine plus vaste d&#039;environ 2,3 millions d&#039;habitants. Gr\u00e2ce \u00e0 cette population exceptionnelle, Bucarest se classe au huiti\u00e8me rang des villes les plus peupl\u00e9es de l&#039;Union europ\u00e9enne, soulignant ainsi son importance sur la sc\u00e8ne continentale.<\/p>","protected":false},"author":1,"featured_media":3400,"parent":11908,"menu_order":0,"comment_status":"closed","ping_status":"closed","template":"elementor_theme","meta":{"_eb_attr":"","footnotes":""},"class_list":["post-11967","page","type-page","status-publish","has-post-thumbnail"],"_links":{"self":[{"href":"https:\/\/travelshelper.com\/fr\/wp-json\/wp\/v2\/pages\/11967","targetHints":{"allow":["GET"]}}],"collection":[{"href":"https:\/\/travelshelper.com\/fr\/wp-json\/wp\/v2\/pages"}],"about":[{"href":"https:\/\/travelshelper.com\/fr\/wp-json\/wp\/v2\/types\/page"}],"author":[{"embeddable":true,"href":"https:\/\/travelshelper.com\/fr\/wp-json\/wp\/v2\/users\/1"}],"replies":[{"embeddable":true,"href":"https:\/\/travelshelper.com\/fr\/wp-json\/wp\/v2\/comments?post=11967"}],"version-history":[{"count":0,"href":"https:\/\/travelshelper.com\/fr\/wp-json\/wp\/v2\/pages\/11967\/revisions"}],"up":[{"embeddable":true,"href":"https:\/\/travelshelper.com\/fr\/wp-json\/wp\/v2\/pages\/11908"}],"wp:featuredmedia":[{"embeddable":true,"href":"https:\/\/travelshelper.com\/fr\/wp-json\/wp\/v2\/media\/3400"}],"wp:attachment":[{"href":"https:\/\/travelshelper.com\/fr\/wp-json\/wp\/v2\/media?parent=11967"}],"curies":[{"name":"wp","href":"https:\/\/api.w.org\/{rel}","templated":true}]}}