{"id":11896,"date":"2024-09-14T20:11:20","date_gmt":"2024-09-14T20:11:20","guid":{"rendered":"https:\/\/travelshelper.com\/staging\/?page_id=11896"},"modified":"2026-03-12T16:15:21","modified_gmt":"2026-03-12T16:15:21","slug":"reykjavik","status":"publish","type":"page","link":"https:\/\/travelshelper.com\/fr\/destinations\/europe\/iceland\/reykjavik\/","title":{"rendered":"Reykjavik"},"content":{"rendered":"<p>Reykjavik est la capitale et la plus grande ville d&#039;Islande. Elle est situ\u00e9e sur la rive sud de la baie de Faxafl\u00f3i, au sud-ouest du pays, \u00e0 64\u00b008\u2032 de latitude nord. Englobant une zone municipale sur la p\u00e9ninsule de Seltjarnarnes et des banlieues peu denses s&#039;\u00e9tendant au sud et \u00e0 l&#039;est, la ville comptait environ 139\u00a0000 habitants au 1er janvier 2025, tandis que la r\u00e9gion de la capitale environnante comptait environ 249\u00a0000 habitants, soit environ 64\u00a0% de la population islandaise. Capitale souveraine la plus septentrionale du monde, Reykjavik occupe un territoire g\u00e9ographique d\u00e9fini par son h\u00e9ritage glaciaire, ses fondations volcaniques, ses variations de luminosit\u00e9 saisonni\u00e8res spectaculaires et une vie culturelle m\u00ealant sagas m\u00e9di\u00e9vales et cr\u00e9ativit\u00e9 d&#039;avant-garde.<\/p>\n<p>L&#039;histoire humaine de Reykjav\u00edk commence, selon le Landn\u00e1mab\u00f3k m\u00e9di\u00e9val, lorsqu&#039;Ing\u00f3lfur Arnarson \u00e9tablit la premi\u00e8re colonie nordique permanente vers 874 apr. J.-C. La l\u00e9gende raconte qu&#039;Ing\u00f3lfur jeta ses piliers \u00e0 la mer et fit le v\u0153u de s&#039;installer l\u00e0 o\u00f9 ils \u00e9choueraient\u00a0; au bout de trois ans, ses esclaves les r\u00e9cup\u00e9r\u00e8rent dans la baie qui porte aujourd&#039;hui le nom de la ville. Pendant pr\u00e8s d&#039;un mill\u00e9naire, le site connut peu de d\u00e9veloppement urbain, hormis quelques fermes dispers\u00e9es et des campements saisonniers. Ce n&#039;est qu&#039;en 1786 que Reykjav\u00edk fut officiellement reconnue comme ville commer\u00e7ante, date \u00e0 laquelle un port modeste et des habitations en bois grin\u00e7antes c\u00e9d\u00e8rent la place \u00e0 des fonctions commerciales et administratives en constante expansion. Au cours du XIXe si\u00e8cle, Reykjav\u00edk devint un p\u00f4le r\u00e9gional, et au cours du XXe si\u00e8cle, elle devint le centre incontest\u00e9 du gouvernement, de la finance et de la culture islandais.<\/p>\n<p>Les contours physiques de Reykjavik ont \u200b\u200b\u00e9t\u00e9 fa\u00e7onn\u00e9s par l&#039;interaction de la glace, de la mer et du feu. Durant la derni\u00e8re p\u00e9riode glaciaire, il y a environ 10\u00a0000 ans, un vaste glacier s&#039;\u00e9tendait sur la r\u00e9gion, son poids appuyant sur les terres en contrebas, alors m\u00eame que les eaux c\u00f4ti\u00e8res s&#039;\u00e9levaient contre les marges glaciaires. Avec le retrait de la glace et la baisse du niveau de la mer, des collines comme \u00d6skjuhl\u00ed\u00f0 et Sk\u00f3lav\u00f6r\u00f0uholt ont \u00e9merg\u00e9 sous forme d&#039;\u00eeles, leurs racines volcaniques datant d&#039;intervalles interglaciaires chauds, lorsque des volcans boucliers ont d\u00e9pos\u00e9 des coul\u00e9es basaltiques. Des d\u00e9p\u00f4ts s\u00e9dimentaires de coquillages sur \u00d6skjuhl\u00ed\u00f0 s&#039;\u00e9l\u00e8vent \u00e0 43 m\u00e8tres au-dessus du niveau actuel de la mer, t\u00e9moignant de l&#039;anciennet\u00e9 des rivages. Le rebond isostatique postglaciaire a fait remonter le terrain \u00e0 son altitude actuelle, bien que des secousses sismiques et des \u00e9ruptions \u2013 comme l&#039;\u00e9coulement de lave de Bl\u00e1fj\u00f6ll il y a environ 4\u00a0500 ans qui a d\u00e9val\u00e9 la vall\u00e9e d&#039;Elli\u00f0a\u00e1 jusqu&#039;\u00e0 la baie d&#039;Elli\u00f0avogur \u2013 t\u00e9moignent encore de la g\u00e9ologie instable de l&#039;Islande. La rivi\u00e8re Elli\u00f0a\u00e1, non navigable mais r\u00e9put\u00e9e pour ses migrations de saumons en milieu urbain, serpente \u00e0 travers les banlieues est, tandis que le mont Esja, \u00e0 914 m\u00e8tres, se dresse telle une sentinelle granitique au nord-ouest du noyau.<\/p>\n<p>La position de Reykjavik, \u00e0 64\u00b0 de latitude nord, entra\u00eene des variations extr\u00eames de la luminosit\u00e9. Entre le 20 mai et le 24 juillet, le soleil ne descend jamais \u00e0 plus de 5\u00b0 sous l&#039;horizon, baignant la ville d&#039;une lumi\u00e8re du jour quasi constante, tandis qu&#039;entre le 2 d\u00e9cembre et le 10 janvier, la dur\u00e9e du jour diminue \u00e0 moins de cinq heures et le soleil ne se l\u00e8ve qu&#039;\u00e0 environ 3\u00b0 au-dessus de l&#039;horizon. Malgr\u00e9 sa latitude \u00e9lev\u00e9e, le climat est temp\u00e9r\u00e9 par le courant nord-atlantique, un d\u00e9riv\u00e9 du Gulf Stream, qui conf\u00e8re \u00e0 Reykjavik un climat oc\u00e9anique subpolaire (CFC de K\u00f6ppen) \u00e0 la limite du subarctique (CFC). Les hivers sont relativement doux, descendant rarement en dessous de \u221215 \u00b0C, bien que des rafales de vent provenant de la d\u00e9pression islandaise accompagnent de fr\u00e9quentes temp\u00eates. Les \u00e9t\u00e9s sont frais, avec des temp\u00e9ratures le plus souvent comprises entre 10 \u00b0C et 15 \u00b0C et d\u00e9passant rarement 20 \u00b0C. Les pr\u00e9cipitations tombent environ 147 jours par an, mais des s\u00e9cheresses prolong\u00e9es peuvent survenir\u00a0; juillet et ao\u00fbt sont les mois les plus chauds, janvier et f\u00e9vrier les plus froids. L&#039;ensoleillement annuel moyen est d&#039;environ 1\u00a0300 heures, comparable \u00e0 celui de l&#039;Irlande ou de l&#039;\u00c9cosse, mais bien inf\u00e9rieur \u00e0 celui de la Scandinavie continentale. Le record de temp\u00e9rature maximale de 25,7\u00a0\u00b0C a \u00e9t\u00e9 \u00e9tabli le 30\u00a0juillet\u00a02008, tandis que le record de temp\u00e9rature minimale de \u221224,5\u00a0\u00b0C remonte au 21\u00a0janvier\u00a01918\u00a0; le mois le plus froid jamais enregistr\u00e9 reste janvier\u00a01918 (moyenne de \u22127,2\u00a0\u00b0C) et le mois le plus chaud juillet\u00a02019 (moyenne de 13,4\u00a0\u00b0C).<\/p>\n<p>La municipalit\u00e9 de Reykjav\u00edk, avec 138\u00a0772 habitants au 1er janvier 2025, repr\u00e9sente environ 35,6\u00a0% de la population totale de l\u2019Islande, tandis que la r\u00e9gion de la capitale, compos\u00e9e de six municipalit\u00e9s, en abrite environ 64\u00a0%. L\u2019immigration a remodel\u00e9 la mosa\u00efque d\u00e9mographique de la ville\u00a0: au 1er janvier 2024, les immigrants de premi\u00e8re et deuxi\u00e8me g\u00e9n\u00e9rations \u00e9taient au nombre de 33\u00a0731, soit pr\u00e8s d\u2019un quart de la population, contre 17,8\u00a0% en 2019 et seulement 2,9\u00a0% en 1998. Les Polonais, les Lituaniens, les Ukrainiens et les Roumains constituent les plus importants contingents \u00e9trangers, les ressortissants de l\u2019UE et de l\u2019AELE repr\u00e9sentant environ 64,8\u00a0% des nouveaux arrivants et pr\u00e8s de la moiti\u00e9 \u00e9tant originaires des \u00c9tats ayant adh\u00e9r\u00e9 \u00e0 l\u2019UE apr\u00e8s 2004. Dans les \u00e9coles de Reykjav\u00edk, un \u00e9l\u00e8ve sur trois peut avoir des origines \u00e9trang\u00e8res, et pendant la haute saison touristique, les visiteurs du centre-ville peuvent \u00eatre plus nombreux que les r\u00e9sidents locaux.<\/p>\n<p>\u00c9picentre culturel, \u00e9conomique et gouvernemental de l&#039;Islande, Reykjavik abrite les principales institutions du pays. Borgart\u00fan, le quartier financier, accueille de grandes entreprises et trois banques d&#039;investissement\u00a0; il a \u00e9t\u00e9 au c\u0153ur de l&#039;essor \u00e9conomique dit du Tigre nordique, durant lequel des projets ambitieux comme la salle de concert et le centre de conf\u00e9rences Harpa ont vu le jour, projets stopp\u00e9s par la crise financi\u00e8re de 2008. Le quartier diplomatique de la ville est modeste mais important, avec quatorze ambassades, ainsi que des r\u00e9sidences et des bureaux de repr\u00e9sentation du Groenland, des \u00eeles F\u00e9ro\u00e9 et de l&#039;Union europ\u00e9enne.<\/p>\n<p>Les infrastructures de transport refl\u00e8tent \u00e0 la fois l&#039;ambition et l&#039;adaptation aux r\u00e9alit\u00e9s g\u00e9ographiques. Le taux de motorisation par habitant en Islande est parmi les plus \u00e9lev\u00e9s au monde \u2013 environ 522 v\u00e9hicules pour 1\u00a0000 habitants \u2013 mais la congestion \u00e0 Reykjav\u00edk reste mod\u00e9r\u00e9e, gr\u00e2ce aux autoroutes \u00e0 plusieurs voies reliant les centres de population et \u00e0 de nombreux parkings. Les transports en commun sont assur\u00e9s par le vaste r\u00e9seau de bus de Str\u00e6t\u00f3, et la Route 1, la c\u00e9l\u00e8bre rocade, longe la p\u00e9riph\u00e9rie de la ville pour relier la capitale au r\u00e9seau routier national. L&#039;a\u00e9roport de Reykjav\u00edk est nich\u00e9 juste au sud du centre-ville et dessert les vols int\u00e9rieurs, l&#039;aviation g\u00e9n\u00e9rale et les vols m\u00e9dicaux \u2013 bien que sa situation centrale suscite depuis longtemps des d\u00e9bats sur l&#039;am\u00e9nagement du territoire. Les voyageurs internationaux arrivent par l&#039;a\u00e9roport international de Keflav\u00edk, \u00e0 quarante kilom\u00e8tres au sud-ouest. Deux ports maritimes desservent le trafic maritime\u00a0: le Vieux Port pr\u00e8s du centre-ville, fr\u00e9quent\u00e9 par les bateaux de p\u00eache et les navires de croisi\u00e8re, et Sundah\u00f6fn, \u00e0 l&#039;est, le principal port de fret d&#039;Islande. Il n&#039;existe pas de chemin de fer public, bien que deux locomotives \u00e0 vapeur qui ont autrefois construit la voie du port soient d\u00e9sormais expos\u00e9es au public, et des propositions persistent pour une liaison ferroviaire \u00e0 grande vitesse entre Reykjav\u00edk et Keflav\u00edk.<\/p>\n<p>Sous la ville, la chaleur volcanique alimente un r\u00e9seau de chauffage urbain g\u00e9othermique innovant. Tous les b\u00e2timents, r\u00e9sidentiels et industriels, sont aliment\u00e9s en eau chaude par deux centrales de cog\u00e9n\u00e9ration \u00e0 Nesjavellir et Hellishei\u00f0i, compl\u00e9t\u00e9es par des champs \u00e0 basse temp\u00e9rature. Les trottoirs et les all\u00e9es priv\u00e9es des quartiers centraux utilisent des syst\u00e8mes de fonte des neiges aliment\u00e9s par l&#039;eau g\u00e9othermique, tandis que les piscines et jacuzzis publics prolif\u00e8rent dans le paysage urbain. Environ 90 % des b\u00e2timents islandais exploitent des sources g\u00e9othermiques, ce qui repr\u00e9sente une consommation \u00e9nerg\u00e9tique annuelle de 39 PJ, dont 48 % servent au chauffage des espaces de Reykjavik. La capacit\u00e9 de production d&#039;eau chaude de la ville s&#039;\u00e9l\u00e8ve \u00e0 environ 830 MW, pour une demande moyenne de chauffage de 473 MW.<\/p>\n<p>Le patrimoine culturel de Reykjavik trouve son expression architecturale et sa gestion institutionnelle. Safnah\u00fasi\u00f0, la Maison de la Culture \u00e9rig\u00e9e en 1909, abritait autrefois la Biblioth\u00e8que nationale, les Archives, le Mus\u00e9e et les collections d&#039;histoire naturelle\u00a0; sa r\u00e9novation en 2000 l&#039;a r\u00e9orient\u00e9e vers des expositions sur le patrimoine national, notamment les manuscrits originaux de l&#039;Edda po\u00e9tique et les Sagas m\u00e9di\u00e9vales. L&#039;Institut \u00c1rni Magn\u00fasson d&#039;\u00e9tudes islandaises pr\u00e9serve et publie le corpus manuscrit islandais, et Reykjavik a obtenu le statut de Ville UNESCO de litt\u00e9rature en 2011, rejoignant ainsi le r\u00e9seau des Villes cr\u00e9atives. Cette langue vivante, peu modifi\u00e9e depuis plus d&#039;un mill\u00e9naire, s&#039;\u00e9panouit gr\u00e2ce \u00e0 la fiction contemporaine et \u00e0 la traduction, pr\u00e9servant ainsi l&#039;identit\u00e9 et la tradition narrative de l&#039;Islande. Des auteurs c\u00e9l\u00e8bres, du laur\u00e9at du prix Nobel Halld\u00f3r Laxness aux laur\u00e9ats du prix nordique de litt\u00e9rature pour enfants, enrichissent la sc\u00e8ne litt\u00e9raire, tandis que le romancier policier Arnaldur Indri\u00f0ason et des po\u00e8tes tels que Sj\u00f3n b\u00e9n\u00e9ficient d&#039;une renomm\u00e9e internationale.<\/p>\n<p>La vitalit\u00e9 artistique s&#039;\u00e9tend aux galeries et aux espaces de spectacle. Harpa, avec sa fa\u00e7ade cristalline, accueille l&#039;Orchestre symphonique islandais et des artistes internationaux\u00a0; Hallgr\u00edmskirkja, l&#039;imposante cath\u00e9drale luth\u00e9rienne perch\u00e9e au sommet de Sk\u00f3lav\u00f6r\u00f0uholt, offre une vue panoramique depuis sa tour, \u00e0 c\u00f4t\u00e9 de la statue de bronze de Leifur Eir\u00edksson. Perlan, la Perle, couronne \u00d6skjuhl\u00ed\u00f0 sur d&#039;anciens r\u00e9servoirs d&#039;eau chaude, son restaurant tournant et ses expositions sur la g\u00e9ologie et l&#039;histoire naturelle attirant les visiteurs curieux. La tour Imagine Peace sur l&#039;\u00eele de Vi\u00f0ey, illumin\u00e9e selon les saisons en hommage \u00e0 John Lennon, se dresse au milieu des caf\u00e9s d&#039;\u00e9t\u00e9, dans un paysage de maisons de p\u00eacheurs abandonn\u00e9es.<\/p>\n<p>L&#039;architecture \u00e9clectique du centre-ville de Reykjavik s&#039;\u00e9tend des maisons en t\u00f4le ondul\u00e9e aux couleurs vives aux cubes fonctionnalistes et au b\u00e9ton n\u00e9oclassique. Le minuscule Al\u00feingish\u00fasi\u00f0 en pierre, construit en 1881, abrite la salle des d\u00e9bats du Parlement islandais sur Kirkjustr\u00e6ti, \u00e0 c\u00f4t\u00e9 de la place Austurv\u00f6llur, o\u00f9 la cath\u00e9drale de Reykjavik compl\u00e8te un paysage urbain du XVIIIe si\u00e8cle. L&#039;h\u00f4tel de ville, situ\u00e9 sur la rive nord de Tj\u00f6rnin, propose des cartes en relief de l&#039;Islande, des expositions et un caf\u00e9.<\/p>\n<p>Les grands espaces et les \u00eeles enrichissent la vie urbaine. Tj\u00f6rnin, l&#039;\u00e9tang central de la ville, attire les familles qui viennent nourrir les canards le long de ses rives herbeuses et relie la r\u00e9serve ornithologique de Vatnsm\u00fdri. La place Austurv\u00f6llur, bord\u00e9e de caf\u00e9s, accueille des pique-niques tranquilles sous la surveillance du Parlement. Le parc Klambrat\u00fan, autrefois une terre agricole, abrite aujourd&#039;hui le pavillon Kjarvalssta\u00f0ir du Mus\u00e9e d&#039;art de Reykjav\u00edk. Les jardins botaniques de Reykjav\u00edk \u00e0 Laugardalur pr\u00e9sentent gratuitement la flore nordique rustique. L&#039;\u00eele de Vi\u00f0ey, accessible par ferry en \u00e9t\u00e9 depuis Sundah\u00f6fn, offre des sentiers de randonn\u00e9e, l&#039;installation lumineuse de Yoko Ono et une maison de marchand historique. \u00c0 l&#039;extr\u00e9mit\u00e9 ouest de la p\u00e9ninsule, l&#039;\u00eele de Gr\u00f3tta \u00e9merge \u00e0 mar\u00e9e basse comme un refuge naturel populaire.<\/p>\n<p>Une multitude de mus\u00e9es compl\u00e8tent le patrimoine de la ville. Le Mus\u00e9e national d&#039;Islande retrace l&#039;histoire du pays, de la colonisation \u00e0 l&#039;\u00e9poque moderne\u00a0; la Galerie nationale met en lumi\u00e8re l&#039;art des XXe et XXIe si\u00e8cles, ainsi que des \u0153uvres internationales, dans trois lieux diff\u00e9rents. Les mus\u00e9es d&#039;art de Reykjavik, Hafnarh\u00fas et Kjarvalssta\u00f0ir, pr\u00e9sentent l&#039;\u0153uvre prolifique d&#039;Err\u00f3 et des expositions temporaires d&#039;artistes islandais. Le Mus\u00e9e de la photographie de Reykjavik conserve d&#039;importantes archives photographiques\u00a0; l&#039;exposition sur la colonisation (871 \u00b1 2) plonge les visiteurs dans les premi\u00e8res traces urbaines. Le mus\u00e9e en plein air d&#039;\u00c1rb\u00e6jarsafn, situ\u00e9 dans la banlieue d&#039;\u00c1rb\u00e6r, reconstitue un village aux b\u00e2timents d&#039;\u00e9poque, avec des guides costum\u00e9s pr\u00e9sentant des arts traditionnels. Parmi les curiosit\u00e9s originales, on trouve le Mus\u00e9e phallologique islandais, avec sa vaste collection zoologique, et le Mus\u00e9e souterrain du punk islandais, qui pr\u00e9serve le patrimoine punk du pays dans d&#039;anciennes toilettes publiques.<\/p>\n<p>De jour, le centre-ville compact de Reykjavik invite \u00e0 la fl\u00e2nerie parmi ses fa\u00e7ades color\u00e9es, ses boutiques, ses galeries et ses caf\u00e9s. La nuit, la vie sociale bat son plein \u00e0 Laugavegur et au-del\u00e0\u00a0; le prix \u00e9lev\u00e9 des boissons incite \u00e0 se rassembler avant le bar chez l&#039;habitant, avant que la foule ne se rue dans les clubs apr\u00e8s minuit. La musique live vibre toute l&#039;ann\u00e9e dans des salles comme le Gaukurinn ou le Th\u00e9\u00e2tre national, et atteint son apog\u00e9e chaque novembre avec le festival Iceland Airwaves. Le r\u00e9veillon du Nouvel An embrase la ville de feux d&#039;artifice, aliment\u00e9s par des lois d&#039;achat lib\u00e9rales, transformant les rues en c\u00e9l\u00e9brations lumineuses du renouveau.<\/p>\n<p>Reykjav\u00edk est une ville de paradoxes\u00a0: \u00e0 la fois isol\u00e9e et connect\u00e9e, soumise aux forces de la nature et vibrante de cr\u00e9ativit\u00e9 humaine. Son histoire, des piliers de hautes pierres \u00e0 l&#039;innovation g\u00e9othermique, des manuscrits de sagas \u00e0 l&#039;art d&#039;avant-garde, se d\u00e9voile comme un dialogue permanent entre pass\u00e9 et pr\u00e9sent. Pour les voyageurs comme pour les habitants, Reykjav\u00edk offre un voyage immersif \u00e0 travers des paysages fa\u00e7onn\u00e9s par la glace et la lave, des climats temp\u00e9r\u00e9s par les courants oc\u00e9aniques et des cultures anim\u00e9es par la litt\u00e9rature, la musique et l&#039;esprit durable de la r\u00e9silience insulaire.<\/p>","protected":false},"excerpt":{"rendered":"<p>Reykjavik, capitale et plus grande ville d&#039;Islande, est \u00e9l\u00e9gamment situ\u00e9e au sud-ouest du pays, le long de la pittoresque rive sud de la baie de Faxafl\u00f3i. Situ\u00e9e \u00e0 64\u00b008&#039; de latitude nord, elle revendique fi\u00e8rement le titre de capitale d&#039;\u00c9tat souverain la plus septentrionale au monde. En 2023, Reykjavik comptait environ 140\u00a0000 habitants, soit une augmentation remarquable par rapport aux 121\u00a0822 habitants de 2015. La vaste r\u00e9gion de la capitale, qui comprend Reykjavik et ses environs, compte environ 248\u00a0000 habitants.<\/p>","protected":false},"author":1,"featured_media":4121,"parent":11881,"menu_order":0,"comment_status":"closed","ping_status":"closed","template":"elementor_theme","meta":{"_eb_attr":"","footnotes":""},"class_list":["post-11896","page","type-page","status-publish","has-post-thumbnail"],"_links":{"self":[{"href":"https:\/\/travelshelper.com\/fr\/wp-json\/wp\/v2\/pages\/11896","targetHints":{"allow":["GET"]}}],"collection":[{"href":"https:\/\/travelshelper.com\/fr\/wp-json\/wp\/v2\/pages"}],"about":[{"href":"https:\/\/travelshelper.com\/fr\/wp-json\/wp\/v2\/types\/page"}],"author":[{"embeddable":true,"href":"https:\/\/travelshelper.com\/fr\/wp-json\/wp\/v2\/users\/1"}],"replies":[{"embeddable":true,"href":"https:\/\/travelshelper.com\/fr\/wp-json\/wp\/v2\/comments?post=11896"}],"version-history":[{"count":0,"href":"https:\/\/travelshelper.com\/fr\/wp-json\/wp\/v2\/pages\/11896\/revisions"}],"up":[{"embeddable":true,"href":"https:\/\/travelshelper.com\/fr\/wp-json\/wp\/v2\/pages\/11881"}],"wp:featuredmedia":[{"embeddable":true,"href":"https:\/\/travelshelper.com\/fr\/wp-json\/wp\/v2\/media\/4121"}],"wp:attachment":[{"href":"https:\/\/travelshelper.com\/fr\/wp-json\/wp\/v2\/media?parent=11896"}],"curies":[{"name":"wp","href":"https:\/\/api.w.org\/{rel}","templated":true}]}}