{"id":11881,"date":"2024-09-14T18:51:08","date_gmt":"2024-09-14T18:51:08","guid":{"rendered":"https:\/\/travelshelper.com\/staging\/?page_id=11881"},"modified":"2026-03-12T15:58:18","modified_gmt":"2026-03-12T15:58:18","slug":"islande","status":"publish","type":"page","link":"https:\/\/travelshelper.com\/fr\/destinations\/europe\/iceland\/","title":{"rendered":"Islande"},"content":{"rendered":"<p>L&#039;Islande, nation insulaire de l&#039;Atlantique Nord d&#039;environ 380\u00a0000 habitants, occupe une \u00e9tendue g\u00e9ologiquement instable de quelque 103\u00a0000 kilom\u00e8tres carr\u00e9s. Situ\u00e9e entre le Groenland et la Norv\u00e8ge, sur la dorsale m\u00e9dio-atlantique, l\u00e0 o\u00f9 les plaques tectoniques nord-am\u00e9ricaine et eurasienne s&#039;\u00e9loignent, c&#039;est le pays le plus occidental et le moins dens\u00e9ment peupl\u00e9 d&#039;Europe. Reykjavik, la capitale, concentre plus d&#039;un tiers de la population dans un paysage urbain bas surplombant l&#039;oc\u00e9an. Elle se dresse tel un avant-poste humain dans un paysage fa\u00e7onn\u00e9 par le volcanisme et la glaciation, o\u00f9 la civilisation appara\u00eet provisoire, toujours \u00e0 la merci du sol.<\/p>\n<p>En quittant le p\u00e9rim\u00e8tre urbain, le terrain perd rapidement toute pr\u00e9visibilit\u00e9. On p\u00e9n\u00e8tre dans un royaume d&#039;une rigueur \u00e9l\u00e9mentaire\u00a0: plaines de lave recouvertes de lichen, d\u00e9serts de cendres polies par le vent et silhouettes lointaines de volcans enneig\u00e9s. Les rivi\u00e8res int\u00e9rieures, n\u00e9es de la fonte des glaciers, se frayent un chemin \u00e0 travers des gorges basaltiques, tandis que des geysers, avec une cadence m\u00e9canique, sifflent et jaillissent en panaches de vapeur. Sur la c\u00f4te sud-est, la masse gel\u00e9e du Vatnaj\u00f6kull c\u00e8de la place \u00e0 la lagune tachet\u00e9e de glace de J\u00f6kuls\u00e1rl\u00f3n, o\u00f9 des icebergs d\u00e9tach\u00e9s du glacier d\u00e9rivent vers le large, leurs noyaux cobalt grav\u00e9s par le temps. Les fjords au nord et \u00e0 l&#039;est, cern\u00e9s de falaises et de strates rocheuses anciennes, abritent des villages qui semblent appartenir \u00e0 un autre si\u00e8cle.<\/p>\n<p>Bien que sa position latitudinale sugg\u00e8re une rigueur polaire, le climat de l&#039;Islande est temp\u00e9r\u00e9 par le courant nord-atlantique. Il en r\u00e9sulte une mod\u00e9ration surprenante\u00a0: les hivers y sont moins rigoureux que ceux de l&#039;int\u00e9rieur de la Scandinavie, et les \u00e9t\u00e9s, bien que frais, sont \u00e9clair\u00e9s par une lumi\u00e8re du jour quasi continue. Ces g\u00e9n\u00e9ralit\u00e9s, cependant, c\u00e8dent la place \u00e0 des variations r\u00e9gionales. Le sud est confront\u00e9 \u00e0 des pr\u00e9cipitations fr\u00e9quentes et \u00e0 des bourrasques maritimes\u00a0; le nord baigne dans un air sec et cristallin\u00a0; et les hautes terres centrales, arides, \u00e9lev\u00e9es et inhospitali\u00e8res, conservent la neige tard dans l&#039;ann\u00e9e et ne laissent gu\u00e8re de place \u00e0 l&#039;ambition humaine.<\/p>\n<p>Les \u00e9crits commencent avec le d\u00e9barquement d&#039;Ing\u00f3lfr Arnarson en 874 apr. J.-C. Chef d&#039;origine norv\u00e9gienne, il fonda la colonie qui allait devenir Reykjav\u00edk. Des vagues de colons nordiques suivirent, apportant avec eux des esclaves ga\u00e9liques et les principes d&#039;une soci\u00e9t\u00e9 ancr\u00e9e dans le droit et la tradition orale. En 930 apr. J.-C., ils fond\u00e8rent l&#039;Althing \u00e0 \u00deingvellir, une assembl\u00e9e de propri\u00e9taires terriens qui allait devenir l&#039;un des plus anciens parlements permanents au monde. Au fil du temps, des querelles intestines et des pressions ext\u00e9rieures conduisirent \u00e0 l&#039;absorption de l&#039;Islande par la couronne norv\u00e9gienne \u00e0 la fin du XIIIe si\u00e8cle. L&#039;union avec le Danemark, d&#039;abord par l&#039;Union de Kalmar, puis par un contr\u00f4le total, apporta des si\u00e8cles de gouvernance \u00e0 distance.<\/p>\n<p>Le XVIe si\u00e8cle imposa le luth\u00e9ranisme par d\u00e9cret, d\u00e9mantelant les structures catholiques et centralisant le pouvoir \u00e0 Copenhague. Le sentiment nationaliste couva sous la domination danoise, stimul\u00e9 par les Lumi\u00e8res et attis\u00e9 par le nationalisme romantique au XIXe si\u00e8cle. L&#039;Islande obtint son autonomie en 1918 gr\u00e2ce \u00e0 l&#039;Acte d&#039;Union, mais l&#039;ind\u00e9pendance totale ne fut obtenue que pendant les troubles mondiaux de la Seconde Guerre mondiale. En 1944, alors que le Danemark \u00e9tait occup\u00e9 par les forces allemandes, les Islandais vot\u00e8rent \u00e0 la quasi-unanimit\u00e9 pour l&#039;\u00e9tablissement d&#039;une r\u00e9publique.<\/p>\n<p>Pendant des si\u00e8cles, l&#039;\u00e9conomie islandaise a \u00e9t\u00e9 ax\u00e9e sur la subsistance. La p\u00eache, l&#039;\u00e9levage ovin et une agriculture limit\u00e9e ont permis de survivre dans un environnement hostile. Le XXe si\u00e8cle a vu l&#039;introduction de chalutiers m\u00e9canis\u00e9s et d&#039;une transformation moderne du poisson, transformant les ressources marines en piliers \u00e9conomiques. Les fonds de reconstruction d&#039;apr\u00e8s-guerre et l&#039;acc\u00e8s aux march\u00e9s europ\u00e9ens ont renforc\u00e9 la capacit\u00e9 industrielle. Dans les ann\u00e9es 1990, l&#039;adh\u00e9sion \u00e0 l&#039;Espace \u00e9conomique europ\u00e9en a facilit\u00e9 la diversification vers les biotechnologies, la banque et l&#039;industrie manufacturi\u00e8re, mais l&#039;\u00e9conomie reste attach\u00e9e \u00e0 ses racines maritimes.<\/p>\n<p>L&#039;Islande allie aujourd&#039;hui lib\u00e9ralisme de march\u00e9 et protection sociale de type nordique. Elle maintient un faible taux d&#039;imposition des soci\u00e9t\u00e9s, un taux de syndicalisation \u00e9lev\u00e9 et des services publics performants, notamment une couverture sant\u00e9 universelle et la gratuit\u00e9 de l&#039;enseignement sup\u00e9rieur. Malgr\u00e9 l&#039;absence d&#039;arm\u00e9e permanente, le pays contribue \u00e0 l&#039;OTAN et maintient des garde-c\u00f4tes pour patrouiller sa zone maritime. Cette strat\u00e9gie de d\u00e9fense minimaliste refl\u00e8te des valeurs soci\u00e9tales plus larges de diplomatie et de responsabilit\u00e9 collective.<\/p>\n<p>G\u00e9ologiquement, l&#039;Islande demeure instable. L&#039;\u00eele est travers\u00e9e par la dorsale m\u00e9dio-atlantique, o\u00f9 le magma remonte \u00e0 la surface pour donner naissance \u00e0 une nouvelle terre. Des \u00e9ruptions comme celle de l&#039;Eyjafjallaj\u00f6kull en 2010 rappellent aux observateurs l&#039;indiff\u00e9rence de la nature aux rythmes humains. L&#039;activit\u00e9 de 2014 sous B\u00e1r\u00f0arbunga a encore soulign\u00e9 l&#039;impr\u00e9visibilit\u00e9 sismique de l&#039;\u00eele. Si la majeure partie de la population r\u00e9side le long de la bande c\u00f4ti\u00e8re, plus douce, les Hautes Terres restent inhabit\u00e9es, fr\u00e9quent\u00e9es uniquement par des v\u00e9hicules bien \u00e9quip\u00e9s ou des pi\u00e9tons pr\u00eats \u00e0 braver leur majest\u00e9 distante.<\/p>\n<p>Le Grand Reykjavik englobe plusieurs municipalit\u00e9s et constitue le c\u0153ur culturel et \u00e9conomique du pays. Des centres urbains plus petits, comme Akureyri au nord et Reykjanesb\u00e6r, pr\u00e8s de l&#039;a\u00e9roport international, assurent des services r\u00e9gionaux, bien que la plupart des communaut\u00e9s restent compactes et autonomes. En 2003, les circonscriptions \u00e9lectorales ont \u00e9t\u00e9 redessin\u00e9es afin de refl\u00e9ter l&#039;\u00e9volution d\u00e9mographique et de maintenir une repr\u00e9sentation \u00e9quitable entre les populations urbaines et rurales.<\/p>\n<p>La politique \u00e9nerg\u00e9tique de l&#039;Islande est unique. La quasi-totalit\u00e9 de l&#039;\u00e9lectricit\u00e9 et du chauffage domestiques proviennent de l&#039;hydro\u00e9lectricit\u00e9 et de la g\u00e9othermie, une raret\u00e9 m\u00eame parmi les pays d\u00e9velopp\u00e9s. Les grands projets hydro\u00e9lectriques exploitent le ruissellement glaciaire, tandis que les centrales g\u00e9othermiques exploitent la chaleur souterraine. Cette \u00e9nergie renouvelable et abondante alimente \u00e0 la fois les m\u00e9nages et l&#039;industrie lourde. Trois parcs nationaux \u2013 \u00deingvellir, Sn\u00e6fellsj\u00f6kull et Vatnaj\u00f6kull \u2013 pr\u00e9servent des sites \u00e9cologiques et historiques cl\u00e9s, encadrant le dialogue permanent du pays avec son pass\u00e9 et son avenir.<\/p>\n<p>Un r\u00e9seau d&#039;infrastructures relie cette nation insulaire. La route circulaire encercle le pays, reliant fjords et champs par un ruban d&#039;asphalte ondulant. En hiver, les routes int\u00e9rieures sont souvent impraticables, mais le circuit ext\u00e9rieur permet de voyager toute l&#039;ann\u00e9e pour ceux qui sont pr\u00e9par\u00e9s aux brusques changements m\u00e9t\u00e9orologiques. Des bus publics desservent les villes isol\u00e9es, tandis que les a\u00e9roports de Keflav\u00edk, Reykjav\u00edk, Akureyri et Egilssta\u00f0ir offrent des liaisons nationales et internationales.<\/p>\n<p>L&#039;identit\u00e9 culturelle de l&#039;Islande refl\u00e8te ses origines. La langue islandaise, relativement inchang\u00e9e depuis l&#039;\u00e9poque m\u00e9di\u00e9vale, conserve une grammaire et un vocabulaire archa\u00efques. Les sagas, \u00e9crites en vieux norrois, demeurent au c\u0153ur de la m\u00e9moire collective, nourrissant la litt\u00e9rature, l&#039;\u00e9thique et la perception nationale. L&#039;\u00e9galit\u00e9 des sexes est l&#039;une des plus \u00e9lev\u00e9es au monde et la r\u00e9partition des revenus est remarquablement \u00e9quilibr\u00e9e, cons\u00e9quence de normes soci\u00e9tales fa\u00e7onn\u00e9es par l&#039;isolement et la confiance mutuelle.<\/p>\n<p>Les traditions culinaires demeurent ancr\u00e9es dans la n\u00e9cessit\u00e9. Poisson et agneau dominent la table, rejoints par des produits laitiers de base comme le skyr et les l\u00e9gumes de saison cultiv\u00e9s dans des serres g\u00e9othermiques. L&#039;aust\u00e9rit\u00e9 historique persiste dans des plats comme le h\u00e1karl (requin ferment\u00e9) et le sl\u00e1tur (boudin noir), tandis que le caf\u00e9 et le brenniv\u00edn marquent les rituels sociaux, soulignant une pr\u00e9f\u00e9rence nationale pour la force d&#039;\u00e2me temp\u00e9r\u00e9e par la camaraderie.<\/p>\n<p>Hors de la capitale et des sentiers battus, l&#039;Islande r\u00e9v\u00e8le son essence la plus insaisissable. Les falaises abruptes des fjords de l&#039;Ouest abritent oiseaux marins et silence. Sn\u00e6fellsnes, avec son stratovolcan coiff\u00e9 d&#039;un glacier, fusionne g\u00e9ographie et folklore. \u00c0 H\u00fasav\u00edk, les c\u00e9tac\u00e9s percent la surface miroitante de la baie de Skj\u00e1lfandi, tandis que plus \u00e0 l&#039;int\u00e9rieur des terres, les pentes rhyolitiques du Landmannalaugar captent la lumi\u00e8re matinale dans des tons rouges et or tamis\u00e9s. Ces lieux recul\u00e9s, fa\u00e7onn\u00e9s par les fluctuations g\u00e9ologiques et les rigueurs climatiques, restent distants et magn\u00e9tiques, offrant une solitude rare dans le monde moderne.<\/p>\n<p>Au cours de onze si\u00e8cles, l&#039;Islande est pass\u00e9e des assembl\u00e9es de chefs \u00e0 l&#039;innovation algorithmique. Son peuple a r\u00e9sist\u00e9 \u00e0 l&#039;asservissement politique, \u00e0 la pr\u00e9carit\u00e9 environnementale et \u00e0 l&#039;incertitude \u00e9conomique, forgeant une soci\u00e9t\u00e9 privil\u00e9giant la continuit\u00e9 au spectacle. L&#039;\u00eele perdure non pas comme une relique pr\u00e9serv\u00e9e, mais comme un lieu en constante \u00e9volution\u00a0: son relief fissur\u00e9, sa culture en \u00e9volution et son pacte social t\u00e9moignent tous de la r\u00e9silience tranquille qui la caract\u00e9rise.<\/p>","protected":false},"excerpt":{"rendered":"<p>L&#039;Islande, nation insulaire nordique situ\u00e9e entre l&#039;Atlantique Nord et l&#039;Arctique, occupe une position privil\u00e9gi\u00e9e sur la dorsale m\u00e9dio-atlantique, reliant l&#039;Am\u00e9rique du Nord \u00e0 l&#039;Europe. Avec une population d&#039;environ 380\u00a0000 habitants, c&#039;est le pays le moins peupl\u00e9 d&#039;Europe. Cette extraordinaire r\u00e9gion de feu et de glace enchante par ses panoramas \u00e9poustouflants, son riche h\u00e9ritage culturel et sa soci\u00e9t\u00e9 avanc\u00e9e.<\/p>","protected":false},"author":1,"featured_media":5053,"parent":24078,"menu_order":0,"comment_status":"closed","ping_status":"closed","template":"elementor_theme","meta":{"_eb_attr":"","footnotes":""},"class_list":["post-11881","page","type-page","status-publish","has-post-thumbnail"],"_links":{"self":[{"href":"https:\/\/travelshelper.com\/fr\/wp-json\/wp\/v2\/pages\/11881","targetHints":{"allow":["GET"]}}],"collection":[{"href":"https:\/\/travelshelper.com\/fr\/wp-json\/wp\/v2\/pages"}],"about":[{"href":"https:\/\/travelshelper.com\/fr\/wp-json\/wp\/v2\/types\/page"}],"author":[{"embeddable":true,"href":"https:\/\/travelshelper.com\/fr\/wp-json\/wp\/v2\/users\/1"}],"replies":[{"embeddable":true,"href":"https:\/\/travelshelper.com\/fr\/wp-json\/wp\/v2\/comments?post=11881"}],"version-history":[{"count":0,"href":"https:\/\/travelshelper.com\/fr\/wp-json\/wp\/v2\/pages\/11881\/revisions"}],"up":[{"embeddable":true,"href":"https:\/\/travelshelper.com\/fr\/wp-json\/wp\/v2\/pages\/24078"}],"wp:featuredmedia":[{"embeddable":true,"href":"https:\/\/travelshelper.com\/fr\/wp-json\/wp\/v2\/media\/5053"}],"wp:attachment":[{"href":"https:\/\/travelshelper.com\/fr\/wp-json\/wp\/v2\/media?parent=11881"}],"curies":[{"name":"wp","href":"https:\/\/api.w.org\/{rel}","templated":true}]}}