{"id":11757,"date":"2024-09-13T17:27:37","date_gmt":"2024-09-13T17:27:37","guid":{"rendered":"https:\/\/travelshelper.com\/staging\/?page_id=11757"},"modified":"2026-03-12T16:40:46","modified_gmt":"2026-03-12T16:40:46","slug":"sienne","status":"publish","type":"page","link":"https:\/\/travelshelper.com\/fr\/destinations\/europe\/italy\/siena\/","title":{"rendered":"Sienne"},"content":{"rendered":"<p>Sienne, capitale de la province du m\u00eame nom, situ\u00e9e au centre de la Toscane, s&#039;\u00e9tend sur environ 209 kilom\u00e8tres carr\u00e9s de terrain vallonn\u00e9 et, \u00e0 322 m\u00e8tres d&#039;altitude, domine six vall\u00e9es environnantes. Avec 52\u00a0991 habitants en 2025, elle se classe au douzi\u00e8me rang r\u00e9gional en termes de population. Nich\u00e9e entre les bassins fluviaux de l&#039;Arbia et de la Merse au sud et les collines du Chianti au nord-est, le c\u0153ur historique de Sienne incarne des si\u00e8cles d&#039;ambition civique et d&#039;\u00e9panouissement culturel, ses places historiques et sa cath\u00e9drale \u00e0 fl\u00e8che en faisant un pilier durable du patrimoine italien.<\/p>\n<p>Les origines de Sienne comme entrep\u00f4t commercial remontent \u00e0 l&#039;\u00e9poque \u00e9trusque, mais c&#039;est au cours du haut Moyen \u00c2ge que son essor s&#039;est cristallis\u00e9. Aux XIIIe et XIVe si\u00e8cles, la ville s&#039;\u00e9tait impos\u00e9e comme un centre bancaire incontournable, ses coffres commerciaux s&#039;enrichissant de capitaux lombards et ligures. En 1472, la banque Monte dei Paschi fut fond\u00e9e\u00a0; son fonctionnement ininterrompu depuis lui a valu la distinction de plus ancienne banque du monde sous gestion continue. Cette institution, install\u00e9e dans le palais gothique Salimbeni, est toujours en activit\u00e9, t\u00e9moignant de la longue tradition fiduciaire de Sienne.<\/p>\n<p>Parall\u00e8lement, le XIIIe si\u00e8cle vit na\u00eetre le Studium Senese, futur Universit\u00e9 de Sienne, dont les arcades clo\u00eetr\u00e9es et les amphith\u00e9\u00e2tres accueillent les \u00e9rudits sans interruption depuis 1240. Cette v\u00e9n\u00e9rable alma mater dota la ville d&#039;un p\u00f4le intellectuel qui d\u00e9veloppa son activit\u00e9 commerciale, attirant juristes, th\u00e9ologiens et philosophes naturalistes. Anciens \u00e9l\u00e8ves et professeurs contribu\u00e8rent \u00e0 la diffusion du savoir canonique et profane \u00e0 travers l&#039;Europe, consolidant la r\u00e9putation de Sienne comme incubateur d&#039;\u00e9rudition.<\/p>\n<p>La trajectoire d\u00e9mographique de Sienne refl\u00e8te une vigueur et une contraction \u00e9pisodiques. En 1861, la commune comptait 32\u00a0108 habitants\u00a0; en 1971, ce chiffre \u00e9tait pass\u00e9 \u00e0 65\u00a0634, port\u00e9 par l&#039;urbanisation d&#039;apr\u00e8s-guerre. Les derni\u00e8res d\u00e9cennies du XXe si\u00e8cle ont vu une l\u00e9g\u00e8re baisse, atteignant pr\u00e8s de 52\u00a0800 habitants en 2011. Une croissance minimale a suivi, atteignant 53\u00a0062 habitants en 2021 et le chiffre actuel de 52\u00a0991. Ces fluctuations refl\u00e8tent les d\u00e9placements plus larges des zones rurales vers les zones urbaines et l&#039;adaptation de la ville aux vicissitudes \u00e9conomiques.<\/p>\n<p>L&#039;apog\u00e9e artistique de Sienne au haut Moyen \u00c2ge fut marqu\u00e9e par son \u00e9panouissement. Duccio di Buoninsegna, Simone Martini, Ambrogio et Pietro Lorenzetti, ainsi que Sassetta comptaient parmi les ma\u00eetres dont les \u0153uvres ont remodel\u00e9 l&#039;imagerie religieuse. Leurs fresques et leurs peintures sur panneau, riches en clair-obscur et en expressivit\u00e9 \u00e9motionnelle, prolif\u00e9raient dans la cath\u00e9drale, les chapelles des confr\u00e9ries et les \u00e9difices municipaux. Aujourd&#039;hui encore, les visiteurs d\u00e9couvrent ces \u0153uvres in situ\u00a0: de la Maest\u00e0 de Duccio au Museo dell&#039;Opera aux fresques all\u00e9goriques d&#039;Ambrogio Lorenzetti sur les murs du Palazzo Pubblico.<\/p>\n<p>Le centre historique de la ville, class\u00e9 au patrimoine mondial de l&#039;UNESCO, conserve une remarquable concentration d&#039;architecture des XIIIe et XIVe si\u00e8cles. La Piazza del Campo, en forme de coquillage, se d\u00e9ploie devant le Palazzo Pubblico. Son rev\u00eatement en briques est inclin\u00e9 pour permettre l&#039;\u00e9coulement des eaux de pluie, offrant une courbure naturelle aux rassemblements et, deux fois par an, \u00e0 la c\u00e9l\u00e8bre course hippique du Palio. Cette course, qui se d\u00e9roule sans spectacle, hormis le plus strict faste c\u00e9r\u00e9moniel, oppose cavaliers et livr\u00e9es de Contrada dans une comp\u00e9tition acharn\u00e9e qui perdure depuis au moins le XVIIe si\u00e8cle.<\/p>\n<p>La cath\u00e9drale de Sienne \u2013 Duomo di Siena \u2013 est un mod\u00e8le de synth\u00e8se romano-gothique italienne. Sa fa\u00e7ade, achev\u00e9e en 1380, pr\u00e9sente une alternance de bandes de marbre blanc et noir verd\u00e2tre, tandis que deux contreforts jumeaux s&#039;\u00e9l\u00e8vent jusqu&#039;\u00e0 une d\u00e9licate rosace. Le projet d&#039;un transept oriental plus grand a \u00e9chou\u00e9 lors des ravages de la peste noire, laissant deux murs tronqu\u00e9s, le Facciatone. Depuis un escalier int\u00e9rieur am\u00e9nag\u00e9 dans l&#039;un des murs, la ville se d\u00e9ploie en contrebas telle une fresque feutr\u00e9e de toits en terre cuite et d&#039;horizons doux.<\/p>\n<p>\u00c0 l&#039;int\u00e9rieur, l&#039;ensemble des chefs-d&#039;\u0153uvre de la cath\u00e9drale comprend la chaire octogonale de Nicola Pisano, dont le socle \u00e0 support l\u00e9on et les bas-reliefs bibliques anticipent le naturalisme de la Renaissance. Le vaste pavement en mosa\u00efque, \u0153uvre d&#039;artisans successifs, r\u00e9v\u00e8le des embl\u00e8mes cosmiques et une iconographie sacramentelle en tesselles de micromarbre. Des fresques de Ghirlandaio et de Pinturicchio ornent la sacristie et la biblioth\u00e8que Piccolomini, tandis que les fouilles du baptist\u00e8re souterrain r\u00e9v\u00e8lent des ant\u00e9c\u00e9dents romans. De nombreux sculpteurs \u2013 Donatello, Lorenzo Ghiberti, Jacopo della Quercia \u2013 ont enrichi le sch\u00e9ma d\u00e9coratif du Duomo.<\/p>\n<p>Face \u00e0 la cath\u00e9drale, le Museo dell&#039;Opera del Duomo abrite la Maest\u00e0 de Duccio (1308-1311) et une multitude d&#039;\u0153uvres de sommit\u00e9s siennoises. L&#039;ascension du Facciatone adjacent offre une vue unique, avec pour seule rivale la Torre del Mangia, au sommet du Palazzo Pubblico. Cette tour civique, achev\u00e9e en 1348, culmine \u00e0 102 m\u00e8tres\u00a0; son nom vient de son premier gardien, le glouton \u00ab\u00a0Mangiaguadagni\u00a0\u00bb. \u00c0 l&#039;int\u00e9rieur du Palazzo, les fresques de Lorenzetti, repr\u00e9sentant le Bon et le Mauvais Gouvernement, t\u00e9moignent d&#039;une morale civique sans pr\u00e9c\u00e9dent, avec des figures all\u00e9goriques contemplant les quartiers ruraux et urbains.<\/p>\n<p>Au-del\u00e0 de ces centres monumentaux, la topographie religieuse de Sienne est richement vari\u00e9e. La basilique de l&#039;Observance, San Domenico avec ses reliques de sainte Catherine, San Francesco et le sanctuaire de Santa Caterina, qui abrite la maison d&#039;enfance de la sainte, impr\u00e8gnent les rues d&#039;un rayonnement eccl\u00e9siastique. Les congr\u00e9gations du XVIIe si\u00e8cle ont \u00e9rig\u00e9 des chapelles et des \u00e9glises paroissiales plus petites \u2013 San Giacinto, San Martino, Santi Niccol\u00f2 e Lucia \u2013 abritant chacune des fresques et des autels sculpt\u00e9s. La synagogue du XVIe si\u00e8cle, pr\u00e9serv\u00e9e et accessible, t\u00e9moigne du pluralisme m\u00e9di\u00e9val.<\/p>\n<p>L&#039;agriculture occupe une place discr\u00e8te au sein de la municipalit\u00e9. En 2009, 919 entreprises agricoles g\u00e9raient 10\u00a0755 km\u00b2 de terres, dont 6\u00a0954 km\u00b2 de terres arables, soit environ un trenti\u00e8me du domaine municipal de Sienne. Les vignobles de c\u00e9pages de la classe Chianti et les oliveraies produisent des produits \u0153nologiques et ol\u00e9iques qui soutiennent la gastronomie locale. Un secteur manufacturier modeste est compens\u00e9 par des confiseurs artisanaux qui produisent du panforte, des ricciarelli et des cavallucci \u00e0 No\u00ebl, ainsi que du pane co&#039; santi \u00e0 la Toussaint et \u00e0 la Toussaint.<\/p>\n<p>Dans le domaine des sciences de la vie, l&#039;Institut Sieroterapico Achille Sclavo, autrefois g\u00e9r\u00e9 par Novartis Vaccines, a rejoint GlaxoSmithKline en 2015, accueillant environ un millier de chercheurs. Ce p\u00f4le biotechnologique t\u00e9moigne de la capacit\u00e9 d&#039;adaptation de Sienne, alliant pass\u00e9 m\u00e9di\u00e9val et innovation du XXIe si\u00e8cle. Les services et l&#039;industrie l\u00e9g\u00e8re compl\u00e8tent le tourisme et l&#039;artisanat, principaux piliers \u00e9conomiques.<\/p>\n<p>Loisirs civiques et activit\u00e9s acad\u00e9miques se m\u00ealent \u00e0 la forteresse m\u00e9dic\u00e9enne, aujourd&#039;hui \u00c9cole de jazz de Sienne, o\u00f9 se d\u00e9roulent chaque ann\u00e9e des masterclasses internationales. L&#039;Orto Botanico de l&#039;universit\u00e9 cultive des esp\u00e8ces indig\u00e8nes et exotiques, et ses parcelles en terrasses constituent un herbier vivant. Sur la via di Citt\u00e0, le palais gothique Chigi-Saracini abrite l&#039;Accademia Musicale Chigiana, un conservatoire de renomm\u00e9e internationale qui a accueilli des sommit\u00e9s telles que Toscanini et des pianistes contemporains.<\/p>\n<p>Les axes routiers de Sienne refl\u00e8tent son r\u00f4le de carrefour r\u00e9gional. L&#039;Autostrada del Sole la relie au nord \u00e0 Florence et au sud \u00e0 Bettolle, tandis que la Via Cassia, autrefois voie consulaire romaine, traverse la ville en direction de Rome. Le p\u00e9riph\u00e9rique ouest de Sienne et les routes nationales 223 et 73 permettent la circulation des v\u00e9hicules, m\u00eame si les projets de modernisation aux normes des autoroutes restent inachev\u00e9s. Les transports en commun, exploit\u00e9s par Autolinee Toscane, r\u00e9partissent des lignes de bus dans le quartier historique et sa p\u00e9riph\u00e9rie, desservant aussi bien les \u00e9tudiants que les voyageurs.<\/p>\n<p>La connectivit\u00e9 ferroviaire est modeste\u00a0: une ligne \u00e0 voie unique vers Chiusi relie les routes nationales vers le sud, tandis qu&#039;une branche vers Empoli et Florence relie Sienne \u00e0 la capitale toscane. La ligne ferroviaire Sienne-Monte Antico-Grosseto ouvre un corridor vers la c\u00f4te tyrrh\u00e9nienne. Le transport a\u00e9rien repose sur l&#039;a\u00e9rodrome de Sienne-Ampugnano, principalement un terrain d&#039;aviation g\u00e9n\u00e9rale qui formait autrefois les cadets de la Regia Aeronautica, dont l&#039;as Giuseppe Cenni.<\/p>\n<p>Le climat de Sienne est de type m\u00e9diterran\u00e9en int\u00e9rieur. Les pr\u00e9cipitations annuelles atteignent en moyenne 823 millim\u00e8tres, avec un pic en novembre et un d\u00e9clin en juillet. Les temp\u00e9ratures moyennes oscillent entre 6,4 \u00b0C en janvier et 24,4 \u00b0C en ao\u00fbt. La temp\u00e9rature la plus \u00e9lev\u00e9e enregistr\u00e9e a notamment atteint 39,6 \u00b0C en ao\u00fbt 2017\u00a0; dix jours par an, les thermom\u00e8tres d\u00e9passent les 34 \u00b0C, conf\u00e9rant au milieu de l&#039;\u00e9t\u00e9 une chaleur aust\u00e8re.<\/p>\n<p>Chaque pierre du centre historique de Sienne semble impr\u00e9gn\u00e9e de souvenirs. Des murs couleur mousse de la Fonte Gaia \u2013 sa r\u00e9plique de 1858 juxtapos\u00e9e aux reliefs originaux de Jacopo della Quercia \u2013 au flottement des drapeaux contra avant le Palio, le rythme de la ville reste en harmonie avec son pass\u00e9. Ceux qui gravissent la Torre del Mangia ou fl\u00e2nent dans les clo\u00eetres majestueux participent \u00e0 un continuum qui traverse les \u00e9poques \u00e9trusque, m\u00e9di\u00e9vale et moderne.<\/p>\n<p>L&#039;attrait durable de Sienne r\u00e9side dans sa synth\u00e8se entre pr\u00e9cision mat\u00e9rielle et ambiance po\u00e9tique. Ses mus\u00e9es et ses cath\u00e9drales t\u00e9moignent d&#039;une fervente d\u00e9votion et d&#039;une fiert\u00e9 civique. Son universit\u00e9 et ses instituts de recherche t\u00e9moignent d&#039;un app\u00e9tit de savoir qui refuse l&#039;immobilit\u00e9. Sur chaque place, chaque rue, les \u00e9chos des si\u00e8cles animent le pr\u00e9sent, faisant de Sienne non seulement un lieu de visite, mais une chronique vivante de la civilisation italienne.<\/p>","protected":false},"excerpt":{"rendered":"<p>Sienne, charmante ville situ\u00e9e au c\u0153ur de la Toscane, en Italie, est la capitale de la province du m\u00eame nom. Avec ses 53\u00a0062 habitants en 2022, elle \u00e9tait la 12e plus grande ville de la r\u00e9gion. Cette ville fascinante, riche en histoire et en culture, a depuis toujours fortement influenc\u00e9 le paysage \u00e9conomique, culturel et \u00e9ducatif de l&#039;Italie.<\/p>","protected":false},"author":1,"featured_media":2923,"parent":11663,"menu_order":0,"comment_status":"closed","ping_status":"closed","template":"elementor_theme","meta":{"_eb_attr":"","footnotes":""},"class_list":["post-11757","page","type-page","status-publish","has-post-thumbnail"],"_links":{"self":[{"href":"https:\/\/travelshelper.com\/fr\/wp-json\/wp\/v2\/pages\/11757","targetHints":{"allow":["GET"]}}],"collection":[{"href":"https:\/\/travelshelper.com\/fr\/wp-json\/wp\/v2\/pages"}],"about":[{"href":"https:\/\/travelshelper.com\/fr\/wp-json\/wp\/v2\/types\/page"}],"author":[{"embeddable":true,"href":"https:\/\/travelshelper.com\/fr\/wp-json\/wp\/v2\/users\/1"}],"replies":[{"embeddable":true,"href":"https:\/\/travelshelper.com\/fr\/wp-json\/wp\/v2\/comments?post=11757"}],"version-history":[{"count":0,"href":"https:\/\/travelshelper.com\/fr\/wp-json\/wp\/v2\/pages\/11757\/revisions"}],"up":[{"embeddable":true,"href":"https:\/\/travelshelper.com\/fr\/wp-json\/wp\/v2\/pages\/11663"}],"wp:featuredmedia":[{"embeddable":true,"href":"https:\/\/travelshelper.com\/fr\/wp-json\/wp\/v2\/media\/2923"}],"wp:attachment":[{"href":"https:\/\/travelshelper.com\/fr\/wp-json\/wp\/v2\/media?parent=11757"}],"curies":[{"name":"wp","href":"https:\/\/api.w.org\/{rel}","templated":true}]}}