{"id":11663,"date":"2024-09-13T15:44:11","date_gmt":"2024-09-13T15:44:11","guid":{"rendered":"https:\/\/travelshelper.com\/staging\/?page_id=11663"},"modified":"2026-03-12T16:03:56","modified_gmt":"2026-03-12T16:03:56","slug":"italy","status":"publish","type":"page","link":"https:\/\/travelshelper.com\/fr\/destinations\/europe\/italy\/","title":{"rendered":"Italy"},"content":{"rendered":"<p>Situ\u00e9e en Europe du Sud et de l&#039;Ouest, l&#039;Italie compte pr\u00e8s de 60 millions d&#039;habitants, ce qui en fait le troisi\u00e8me \u00c9tat membre le plus peupl\u00e9 de l&#039;Union europ\u00e9enne. Cette p\u00e9ninsule en forme de botte s&#039;avance dans la mer M\u00e9diterran\u00e9e, bord\u00e9e au nord par les majestueuses Alpes. Le territoire national comprend plusieurs \u00eeles, dont la Sicile et la Sardaigne. Avec une superficie de 301\u00a0340 kilom\u00e8tres carr\u00e9s, l&#039;Italie est le dixi\u00e8me plus grand pays d&#039;Europe. Elle partage des fronti\u00e8res avec la France, la Suisse, l&#039;Autriche et la Slov\u00e9nie, et comprend deux enclaves souveraines\u00a0: la Cit\u00e9 du Vatican et Saint-Marin. Rome, capitale et plus grande ville du pays, illustre la richesse historique et l&#039;importance culturelle du pays. Milan, Naples, Turin, Florence et Venise comptent \u00e9galement parmi les p\u00f4les urbains majeurs, chacun enrichissant le paysage artistique, culturel et d&#039;innovation multiforme de l&#039;Italie.<\/p>\n<p>La p\u00e9ninsule italienne a \u00e9t\u00e9 le berceau de la civilisation tout au long de l&#039;Antiquit\u00e9, accueillant de nombreux peuples et cultures antiques. Rome, d&#039;abord fond\u00e9e comme royaume, s&#039;est transform\u00e9e en une r\u00e9publique redoutable qui a fini par dominer et gouverner la r\u00e9gion m\u00e9diterran\u00e9enne comme un empire pendant des si\u00e8cles. L&#039;\u00e8re de la supr\u00e9matie romaine a profond\u00e9ment marqu\u00e9 la culture occidentale, fa\u00e7onnant la langue, le droit, l&#039;architecture et l&#039;administration en Europe et au-del\u00e0. Avec la prolif\u00e9ration du christianisme, Rome est devenue l&#039;\u00e9picentre de l&#039;\u00c9glise catholique et de la papaut\u00e9, consolidant ainsi son importance sur la sc\u00e8ne internationale.<\/p>\n<p>Le d\u00e9clin de l&#039;Empire romain d&#039;Occident au d\u00e9but du Moyen \u00c2ge marqua le d\u00e9but d&#039;une p\u00e9riode de profondes transformations pour l&#039;Italie. La p\u00e9ninsule connut une migration de tribus germaniques, modifiant son environnement culturel et politique. Au XIe si\u00e8cle, l&#039;Italie connut un renouveau gr\u00e2ce \u00e0 l&#039;expansion des cit\u00e9s-\u00c9tats et des r\u00e9publiques maritimes. Cette p\u00e9riode vit l&#039;\u00e9mergence du capitalisme moderne, o\u00f9 marchands et banquiers italiens invent\u00e8rent des syst\u00e8mes \u00e9conomiques qui allaient influencer l&#039;avenir du commerce mondial.<\/p>\n<p>La Renaissance italienne, \u00e9poque de remarquables r\u00e9alisations culturelles et intellectuelles, s&#039;est \u00e9panouie tout au long des XVe et XVIe si\u00e8cles. Cette \u00e9poque florissante d&#039;art, de litt\u00e9rature et d&#039;exploration scientifique a impr\u00e9gn\u00e9 l&#039;Europe, fa\u00e7onnant consid\u00e9rablement l&#039;\u00e9volution de la civilisation occidentale. Des explorateurs italiens, comme Christophe Colomb et Amerigo Vespucci, ont jou\u00e9 un r\u00f4le d\u00e9terminant dans l&#039;\u00e8re des d\u00e9couvertes europ\u00e9ennes, en \u00e9tablissant de nouvelles routes commerciales vers l&#039;Extr\u00eame-Orient et en cartographiant les Am\u00e9riques. Ces exp\u00e9ditions ont non seulement \u00e9largi la compr\u00e9hension g\u00e9ographique, mais ont \u00e9galement inaugur\u00e9 une nouvelle \u00e8re d&#039;engagement et d&#039;\u00e9changes mondiaux.<\/p>\n<p>Malgr\u00e9 ces r\u00e9ussites, le paysage politique italien est rest\u00e9 fragment\u00e9 pendant des d\u00e9cennies. La concurrence et les discordes entre les cit\u00e9s-\u00c9tats ont entrav\u00e9 l&#039;\u00e9tablissement d&#039;un pays coh\u00e9rent, cr\u00e9ant une p\u00e9ninsule fragment\u00e9e et vuln\u00e9rable aux influences ext\u00e9rieures. L&#039;absence d&#039;unit\u00e9 a eu des r\u00e9percussions consid\u00e9rables, car l&#039;importance \u00e9conomique de l&#039;Italie a diminu\u00e9 aux XVIIe et XVIIIe si\u00e8cles, tandis que d&#039;autres nations europ\u00e9ennes ont pris de l&#039;importance.<\/p>\n<p>Le projet d&#039;unification italienne, appel\u00e9 Risorgimento, s&#039;est acc\u00e9l\u00e9r\u00e9 au cours du XIXe si\u00e8cle. Apr\u00e8s des d\u00e9cennies de fragmentation politique et territoriale, l&#039;Italie a r\u00e9alis\u00e9 une unification quasi totale en 1861. Cet accomplissement majeur est n\u00e9 des luttes pour l&#039;ind\u00e9pendance et de la c\u00e9l\u00e8bre Exp\u00e9dition des Mille, dirig\u00e9e par Giuseppe Garibaldi. Le nouveau Royaume d&#039;Italie a d\u00fb surmonter plusieurs obstacles dans sa qu\u00eate d&#039;identit\u00e9 nationale et de modernisation \u00e9conomique.<\/p>\n<p>Entre la fin du XIXe et le d\u00e9but du XXe si\u00e8cle, l&#039;Italie connut une industrialisation rapide, notamment dans le nord du pays. Cette transition \u00e9conomique ne fut cependant pas uniforme dans tout le pays. Le Sud resta majoritairement d\u00e9muni, ce qui provoqua un important schisme interne et une \u00e9migration massive vers les Am\u00e9riques. Cet exode eut des cons\u00e9quences durables sur la culture italienne et sur les pays qui accueillirent ces immigrants.<\/p>\n<p>La participation de l&#039;Italie aux conflits internationaux a influenc\u00e9 son histoire tout au long du XXe si\u00e8cle. De 1915 \u00e0 1918, le pays s&#039;est engag\u00e9 dans la Premi\u00e8re Guerre mondiale aux c\u00f4t\u00e9s des pays de l&#039;Entente contre les pays centraux. Les cons\u00e9quences de la guerre ont entra\u00een\u00e9 des troubles sociaux et politiques, conduisant \u00e0 la formation d&#039;une dictature fasciste sous Benito Mussolini en 1922. Cette dictature a li\u00e9 l&#039;Italie \u00e0 l&#039;Allemagne nazie pendant la Seconde Guerre mondiale, d&#039;abord comme membre des puissances de l&#039;Axe de 1940 \u00e0 1943. Apr\u00e8s la chute de Mussolini, l&#039;Italie a chang\u00e9 d&#039;all\u00e9geance, s&#039;alignant comme cobellig\u00e9rant aux c\u00f4t\u00e9s des Alli\u00e9s pendant la R\u00e9sistance italienne et la lib\u00e9ration de l&#039;Italie de 1943 \u00e0 1945.<\/p>\n<p>L&#039;apr\u00e8s-guerre fut un tournant pour l&#039;Italie. La monarchie fut d\u00e9mantel\u00e9e et une r\u00e9publique fut instaur\u00e9e en 1946. Malgr\u00e9 les dommages caus\u00e9s par la guerre, l&#039;Italie connut un important renouveau \u00e9conomique, parfois qualifi\u00e9 de \u00ab miracle \u00e9conomique italien \u00bb. Cette p\u00e9riode d&#039;expansion transforma le pays en un \u00c9tat moderne et industrialis\u00e9, et devint l&#039;un des membres fondateurs de la Communaut\u00e9 \u00e9conomique europ\u00e9enne, anc\u00eatre de l&#039;Union europ\u00e9enne.<\/p>\n<p>L&#039;Italie est aujourd&#039;hui consid\u00e9r\u00e9e comme une nation d\u00e9velopp\u00e9e, affichant un impact international consid\u00e9rable. Elle poss\u00e8de le neuvi\u00e8me PIB nominal mondial et abrite le deuxi\u00e8me secteur industriel europ\u00e9en. Elle exerce une influence significative sur les enjeux r\u00e9gionaux et mondiaux, participant aux efforts \u00e9conomiques, militaires, culturels et diplomatiques. Membre fondateur de l&#039;Union europ\u00e9enne, l&#039;Italie est profond\u00e9ment ancr\u00e9e dans les structures politiques et \u00e9conomiques du continent. Elle participe activement \u00e0 plusieurs organisations internationales, dont l&#039;OTAN, le G7 et le G20, t\u00e9moignant ainsi de son engagement en faveur de la collaboration et de la croissance mondiales.<\/p>","protected":false},"excerpt":{"rendered":"<p>Situ\u00e9e en Europe du Sud et de l&#039;Ouest, l&#039;Italie compte pr\u00e8s de 60 millions d&#039;habitants, ce qui en fait le troisi\u00e8me \u00c9tat membre le plus peupl\u00e9 de l&#039;Union europ\u00e9enne. Cette p\u00e9ninsule en forme de botte s&#039;avance dans la mer M\u00e9diterran\u00e9e, bord\u00e9e au nord par les majestueuses Alpes. Le territoire national comprend plusieurs \u00eeles, dont la Sicile et la Sardaigne. Avec une superficie de 301\u00a0340 kilom\u00e8tres carr\u00e9s, l&#039;Italie est le dixi\u00e8me plus grand pays d&#039;Europe. Elle partage des fronti\u00e8res avec la France, la Suisse, l&#039;Autriche et la Slov\u00e9nie, et comprend deux enclaves souveraines\u00a0: la Cit\u00e9 du Vatican et Saint-Marin. Rome, capitale et plus grande ville du pays, illustre la richesse historique et l&#039;importance culturelle du pays. Milan, Naples, Turin, Florence et Venise comptent \u00e9galement parmi les p\u00f4les urbains majeurs, chacun enrichissant le paysage artistique, culturel et d&#039;innovation multiforme de l&#039;Italie.<\/p>","protected":false},"author":1,"featured_media":2856,"parent":24078,"menu_order":0,"comment_status":"closed","ping_status":"closed","template":"elementor_theme","meta":{"_eb_attr":"","footnotes":""},"class_list":["post-11663","page","type-page","status-publish","has-post-thumbnail"],"_links":{"self":[{"href":"https:\/\/travelshelper.com\/fr\/wp-json\/wp\/v2\/pages\/11663","targetHints":{"allow":["GET"]}}],"collection":[{"href":"https:\/\/travelshelper.com\/fr\/wp-json\/wp\/v2\/pages"}],"about":[{"href":"https:\/\/travelshelper.com\/fr\/wp-json\/wp\/v2\/types\/page"}],"author":[{"embeddable":true,"href":"https:\/\/travelshelper.com\/fr\/wp-json\/wp\/v2\/users\/1"}],"replies":[{"embeddable":true,"href":"https:\/\/travelshelper.com\/fr\/wp-json\/wp\/v2\/comments?post=11663"}],"version-history":[{"count":0,"href":"https:\/\/travelshelper.com\/fr\/wp-json\/wp\/v2\/pages\/11663\/revisions"}],"up":[{"embeddable":true,"href":"https:\/\/travelshelper.com\/fr\/wp-json\/wp\/v2\/pages\/24078"}],"wp:featuredmedia":[{"embeddable":true,"href":"https:\/\/travelshelper.com\/fr\/wp-json\/wp\/v2\/media\/2856"}],"wp:attachment":[{"href":"https:\/\/travelshelper.com\/fr\/wp-json\/wp\/v2\/media?parent=11663"}],"curies":[{"name":"wp","href":"https:\/\/api.w.org\/{rel}","templated":true}]}}