{"id":11553,"date":"2024-09-13T12:45:10","date_gmt":"2024-09-13T12:45:10","guid":{"rendered":"https:\/\/travelshelper.com\/staging\/?page_id=11553"},"modified":"2026-03-12T17:15:33","modified_gmt":"2026-03-12T17:15:33","slug":"lituanie","status":"publish","type":"page","link":"https:\/\/travelshelper.com\/fr\/destinations\/europe\/lithuania\/","title":{"rendered":"Lituanie"},"content":{"rendered":"<p>La Lituanie, \u00c9tat balte de 2,89 millions d&#039;habitants occupant 65\u00a0300 km\u00b2 le long de la c\u00f4te est de la Baltique, est bord\u00e9e par la Lettonie, la Bi\u00e9lorussie, la Pologne et l&#039;oblast de Kaliningrad, et poss\u00e8de une fronti\u00e8re maritime face \u00e0 la Su\u00e8de. Sa capitale, Vilnius, est le si\u00e8ge d&#039;un territoire fa\u00e7onn\u00e9 par des plaines glaciaires, des for\u00eats denses et un littoral d\u00e9coup\u00e9 ponctu\u00e9 par l&#039;isthme de Courlande.<\/p>\n<p>Pendant des mill\u00e9naires, la r\u00e9gion aujourd&#039;hui connue sous le nom de Lituanie a \u00e9t\u00e9 le domaine de tribus baltophones dont les vall\u00e9es fluviales et les lacs entrelac\u00e9s ont favoris\u00e9 une colonisation pr\u00e9coce. Dans les ann\u00e9es 1230, Mindaugas unifia ces communaut\u00e9s disparates, aboutissant \u00e0 son couronnement le 6 juillet 1253. Au fil des g\u00e9n\u00e9rations, les souverains lituaniens \u00e9tendirent leur autorit\u00e9 sur les plaines et les for\u00eats d&#039;Europe de l&#039;Est. Au milieu du XIVe si\u00e8cle, le Grand-Duch\u00e9 de Lituanie comptait parmi les plus grandes entit\u00e9s politiques du continent, ses conseils et ses arm\u00e9es se disputant l&#039;influence du littoral baltique aux confins de la mer Noire.<\/p>\n<p>L&#039;union avec le Royaume de Pologne en 1386 marqua une r\u00e9orientation d\u00e9cisive. Un mariage dynastique conf\u00e9ra au Grand-Duc Jogaila la couronne de Pologne, inaugurant une union personnelle de fait. Officiellement cr\u00e9\u00e9 en 1569 sous le nom de R\u00e9publique des Deux Nations, cet \u00c9tat dual s&#039;imposa comme l&#039;un des royaumes les plus peupl\u00e9s et les plus prosp\u00e8res d&#039;Europe. Sa monarchie \u00e9lective et sa noblesse codifi\u00e9e favoris\u00e8rent l&#039;innovation juridique et entretinrent l&#039;essor de l&#039;art et de l&#039;architecture baroques dans des villes comme Vilnius et Kaunas. Pourtant, les divisions internes et les pressions ext\u00e9rieures de la R\u00e9publique culmin\u00e8rent avec son d\u00e9membrement par la Russie, la Prusse et l&#039;Autriche entre 1772 et 1795. Les territoires lituaniens tomb\u00e8rent en grande partie sous domination russe, brisant des si\u00e8cles d&#039;autonomie.<\/p>\n<p>En 1918, au lendemain de la Premi\u00e8re Guerre mondiale, les Lituaniens proclam\u00e8rent une r\u00e9publique renouvel\u00e9e, fondant minist\u00e8res, assembl\u00e9es l\u00e9gislatives et chemins de fer sur les fondements du renouveau national. Cet entre-deux-guerres vit la consolidation de Vilnius comme pivot culturel et de Kaunas comme si\u00e8ge temporaire du gouvernement. N\u00e9anmoins, le XXe si\u00e8cle turbulent apporta l&#039;occupation sovi\u00e9tique en 1940, une br\u00e8ve p\u00e9riode de domination nazie, et le r\u00e9tablissement de l&#039;autorit\u00e9 sovi\u00e9tique en 1944. La r\u00e9sistance arm\u00e9e persista dans les for\u00eats jusqu&#039;au d\u00e9but des ann\u00e9es 1950, t\u00e9moignant de la d\u00e9termination \u00e0 pr\u00e9server la libert\u00e9 nationale.<\/p>\n<p>Le 11 mars 1990, la Lituanie a pris la d\u00e9cision extraordinaire de restaurer son ind\u00e9pendance, devenant ainsi la premi\u00e8re r\u00e9publique sovi\u00e9tique \u00e0 le faire. Cette d\u00e9claration audacieuse a pr\u00e9c\u00e9d\u00e9 la dissolution officielle de l&#039;Union sovi\u00e9tique et a inaugur\u00e9 une \u00e8re de refonte institutionnelle rapide. La r\u00e9forme mon\u00e9taire, l&#039;alignement juridique sur les normes occidentales et les n\u00e9gociations d&#039;adh\u00e9sion ont conduit \u00e0 l&#039;entr\u00e9e dans l&#039;OTAN et l&#039;Union europ\u00e9enne en 2004, \u00e0 Schengen en 2007 et \u00e0 l&#039;OCDE en 2018. L&#039;adoption de l&#039;euro le 1er janvier 2015 a parachev\u00e9 l&#039;int\u00e9gration \u00e0 la zone euro, tandis que l&#039;adh\u00e9sion \u00e0 la Banque nordique d&#039;investissement et \u00e0 l&#039;Organisation mondiale du commerce a soulign\u00e9 l&#039;engagement \u00e9conomique mondial de la Lituanie.<\/p>\n<p>Le relief lituanien, fa\u00e7onn\u00e9 par le recul des glaciers, pr\u00e9sente une juxtaposition de hautes terres l\u00e9g\u00e8rement vallonn\u00e9es et de plaines plates. La colline d&#039;Auk\u0161tojas, culminant \u00e0 294 m\u00e8tres, constitue le point culminant du pays, tandis que le Ni\u00e9men, son art\u00e8re principale, s&#039;\u00e9coule vers le sud-ouest jusqu&#039;\u00e0 la lagune de Courlande avant de se jeter dans la mer Baltique \u00e0 Klaip\u0117da. L&#039;isthme de Courlande prot\u00e8ge le littoral maritime, r\u00e9duisant son exposition aux houles de temp\u00eate et favorisant des \u00e9cosyst\u00e8mes uniques de dunes et de cr\u00eates couvertes de pins. Plus d&#039;un tiers du territoire est recouvert de for\u00eats mixtes, entrecoup\u00e9es de lacs comme Dr\u016bk\u0161iai, le plus grand de Lituanie, et Tauragnas, le plus profond.<\/p>\n<p>Situ\u00e9e entre les latitudes 53\u00b0 et 57\u00b0 N, la Lituanie b\u00e9n\u00e9ficie d&#039;un climat temp\u00e9r\u00e9 avec une extr\u00e9mit\u00e9 continentale \u00e0 l&#039;int\u00e9rieur des terres et une mod\u00e9ration maritime le long du littoral. Vilnius conna\u00eet des minimales moyennes de \u22126 \u00b0C en janvier, atteignant des maximales de 17 \u00b0C en juillet, tandis que les zones c\u00f4ti\u00e8res enregistrent des temp\u00e9ratures proches de \u22122,5 \u00b0C en janvier et des maximales de 16 \u00b0C en juillet. Les hivers descendent parfois en dessous de \u221240 \u00b0C dans les vall\u00e9es orientales, et les \u00e9t\u00e9s peuvent atteindre 35 \u00b0C. Les pr\u00e9cipitations annuelles varient de 600 mm \u00e0 l&#039;est \u00e0 900 mm dans les hautes terres de Samogitie, avec des chutes de neige fr\u00e9quentes d&#039;octobre \u00e0 avril et des gr\u00e9sils sporadiques en intersaison.<\/p>\n<p>La mosa\u00efque \u00e9conomique du pays est pass\u00e9e d&#039;une pr\u00e9dominance agraire \u00e0 une structure diversifi\u00e9e et \u00e0 revenus \u00e9lev\u00e9s. Les services repr\u00e9sentent plus de 60 % du PIB, l&#039;industrie environ un quart et l&#039;agriculture un modeste reste. La Lituanie se classe parmi les soci\u00e9t\u00e9s europ\u00e9ennes les plus connect\u00e9es num\u00e9riquement, affichant une forte p\u00e9n\u00e9tration du haut d\u00e9bit et des syst\u00e8mes de gouvernance \u00e9lectronique. Ses ports, notamment le terminal en eau profonde de Klaip\u0117da, soutiennent le commerce des c\u00e9r\u00e9ales, des produits p\u00e9troliers et du bois. Des projets ambitieux de revitalisation du transport maritime de marchandises bas\u00e9 sur le Ni\u00e9men avec des navires \u00e9lectriques promettent des avantages environnementaux et une r\u00e9duction des charges de fret routier.<\/p>\n<p>Les axes de transport comprennent 1\u00a0762 km de voies ferr\u00e9es \u00e0 \u00e9cartement large, dont 122 km sont \u00e9lectrifi\u00e9s, et 115 km d&#039;\u00e9cartement standard europ\u00e9en, assurant ainsi la compatibilit\u00e9 avec les r\u00e9seaux occidentaux. Le futur corridor Rail Baltica reliera Kaunas \u00e0 Varsovie et au-del\u00e0, resserrera les liens avec le nord-est de l&#039;Europe et \u00e9liminera les retards de transbordement. Les autoroutes lituaniennes, \u00e9valu\u00e9es favorablement par les indices internationaux, relient la capitale et les centres r\u00e9gionaux. L&#039;a\u00e9roport international de Vilnius, qui dessert pr\u00e8s de 4 millions de passagers, constitue une porte d&#039;entr\u00e9e principale, compl\u00e9t\u00e9e par les hubs de Kaunas, Palanga et \u0160iauliai.<\/p>\n<p>Les centres urbains incarnent des histoires plurielles. La vieille ville de Vilnius, class\u00e9e au patrimoine mondial de l&#039;UNESCO, rassemble des \u00e9glises gothiques, des palais baroques et des demeures Renaissance autour de la fl\u00e8che \u00e9lanc\u00e9e de la tour de Gediminas. Kaunas, ancienne capitale de l&#039;entre-deux-guerres, conserve un h\u00e9ritage Art d\u00e9co d\u00e9sormais class\u00e9 au patrimoine europ\u00e9en. Les fa\u00e7ades \u00e0 colombages de Klaip\u0117da \u00e9voquent le commerce hans\u00e9atique, tandis que la colline des Croix de Shiauliai t\u00e9moigne de la foi et de la r\u00e9sistance \u00e0 travers de nombreux monuments votifs. Panev\u0117\u017eys perp\u00e9tue la tradition th\u00e9\u00e2trale dans ses parcs, o\u00f9 les voies ferr\u00e9es \u00e0 voie \u00e9troite \u00e9voquent une \u00e9poque r\u00e9volue.<\/p>\n<p>Au-del\u00e0 des villes, les r\u00e9gions ethnographiques lituaniennes perp\u00e9tuent des modes de vie vernaculaires. \u00c0 Auk\u0161taitija, les villageois entretiennent des maisons en bois pr\u00e8s de lacs et de rivi\u00e8res aux eaux limpides. Le dialecte et le folklore de Samogitie survivent au milieu de ses landes et de ses zones humides. Les denses pin\u00e8des et marais de Dz\u016bkija favorisent la cueillette de champignons et la production de miel. Les vastes champs de Suvalkija produisent les sp\u00e9cialit\u00e9s de porc Skilandis. La Lituanie Mineure, autrefois sous domination germanique, incarne la culture maritime le long des dunes et des hameaux de p\u00eacheurs de l&#039;isthme de Courlande, class\u00e9s au patrimoine mondial de l&#039;UNESCO.<\/p>\n<p>La cuisine refl\u00e8te le climat et le patrimoine\u00a0: le pain de seigle, aliment de base indispensable, accompagne les soupes de betteraves, les viandes fum\u00e9es et les produits laitiers de base, de la cr\u00e8me fra\u00eeche au fromage blanc. Les communaut\u00e9s c\u00f4ti\u00e8res privil\u00e9gient le hareng et le poisson d&#039;eau douce, tandis que les plats de l&#039;int\u00e9rieur des terres \u00e9voquent les influences allemandes et baltes. La bi\u00e8re, artisanale ou artisanale, est brass\u00e9e dans des centaines de cuisines et de petites brasseries, ce qui lui permet de figurer parmi les premiers consommateurs europ\u00e9ens par habitant. Le final du repas est souvent compos\u00e9 de m\u00e9dus, un hydromel dont la tradition remonte aux rites pr\u00e9chr\u00e9tiens.<\/p>\n<p>Les expressions culturelles s&#039;\u00e9tendent des danses folkloriques et des chants sinueux des sutartin\u0117s au th\u00e9\u00e2tre de grange et aux foires ethnographiques. Les motifs solaires, dont les anciennes croix gamm\u00e9es, persistent comme talismans de protection bien avant leur d\u00e9formation au XXe si\u00e8cle. L&#039;engagement respectueux dans les forteresses pa\u00efennes et les \u00e9glises n\u00e9ogothiques reste essentiel \u00e0 la compr\u00e9hension de la double spiritualit\u00e9 lituanienne.<\/p>\n<p>Le tourisme contribue largement au PIB, avec plus de 1,1 million de visiteurs \u00e9trangers en 2023, soit environ un habitant sur trois, et plus de 12 millions de voyages nationaux. Les rues baroques de Vilnius, les sanctuaires thermaux de Druskininkai et le sable blanc de l&#039;isthme de Courlande attirent les amateurs d&#039;architecture, de bien-\u00eatre et de merveilles naturelles. Survoler en montgolfi\u00e8re les lacs de Trakai, parsem\u00e9s de ch\u00e2teaux, et parcourir les itin\u00e9raires EuroVelo \u00e0 travers for\u00eats et panoramas c\u00f4tiers \u00e9voque une immersion palpable dans le lieu.<\/p>\n<p>Sur le plan d\u00e9mographique, la Lituanie est l&#039;une des nations les plus homog\u00e8nes d&#039;Europe\u00a0: les Baltes en constituent la majorit\u00e9 et parlent le lituanien, la langue indo-europ\u00e9enne vivante la plus archa\u00efque d&#039;Europe. L&#039;\u00e2ge m\u00e9dian est de 44\u00a0ans et les taux de f\u00e9condit\u00e9 restent inf\u00e9rieurs au taux de renouvellement des g\u00e9n\u00e9rations, cons\u00e9quence de l&#039;exode rural et du retard dans la constitution des familles. Les rapports de masculinit\u00e9 sont en faveur des hommes dans les cohortes plus jeunes, tandis que les rangs sup\u00e9rieurs penchent en faveur des femmes. Des \u00e9tudes g\u00e9n\u00e9tiques relient \u00e9troitement les Lituaniens aux Lettons, aux Estoniens et aux populations slaves et finno-ougriennes voisines, soulignant des mill\u00e9naires d&#039;interconnexion r\u00e9gionale.<\/p>\n<p>L&#039;identit\u00e9 moderne de la Lituanie est indissociable de ses \u00e9preuves historiques\u00a0: raids teutoniques, partitions, occupations et mouvements de r\u00e9sistance ont forg\u00e9 une \u00e9thique de pers\u00e9v\u00e9rance mesur\u00e9e. La m\u00e9moire collective de la r\u00e9pression sovi\u00e9tique et des trag\u00e9dies de l&#039;Holocauste nourrit le discours civique. Les relations ext\u00e9rieures contemporaines sont fa\u00e7onn\u00e9es par un engagement prudent avec la Russie et la Chine, ainsi que par un soutien ind\u00e9fectible \u00e0 l&#039;Ukraine et \u00e0 l&#039;autod\u00e9termination de Ta\u00efwan, refl\u00e9tant des parall\u00e8les avec les luttes d&#039;ind\u00e9pendance de la Lituanie.<\/p>\n<p>\u00c0 l&#039;aube du XXIe si\u00e8cle, la Lituanie incarne une nation qui a r\u00e9affirm\u00e9 sa souverainet\u00e9, m\u00ealant traditions d&#039;Europe de l&#039;Est et int\u00e9gration occidentale. Ses for\u00eats et ses champs, ses palais et son parlement, ses coutumes populaires et ses ambitions num\u00e9riques dressent le portrait d&#039;un pays qui honore son patrimoine tout en ouvrant la voie \u00e0 l&#039;innovation. Depuis les ruelles pav\u00e9es de Vilnius ou les dunes balay\u00e9es par le vent de Nida, la Lituanie demeure un royaume o\u00f9 le pass\u00e9 est omnipr\u00e9sent, guidant une population vers un avenir ouvert et vigilant.<\/p>","protected":false},"excerpt":{"rendered":"<p>Situ\u00e9e en Europe du Nord, la Lituanie poss\u00e8de un patrimoine historique, culturel et naturel important. Officiellement la R\u00e9publique de Lituanie, cette petite nation dynamique occupe une position strat\u00e9gique \u00e0 l&#039;est de la mer Baltique. Elle partage des fronti\u00e8res avec la Lettonie au nord, la Bi\u00e9lorussie \u00e0 l&#039;est, la Pologne au sud et l&#039;enclave russe de l&#039;oblast de Kaliningrad au sud-ouest, sur un territoire vari\u00e9 de 65\u00a0300 kilom\u00e8tres carr\u00e9s. Entretenant une fronti\u00e8re maritime avec la Su\u00e8de \u00e0 l&#039;ouest, la Lituanie renforce \u00e9galement ses liens avec la r\u00e9gion baltique.<\/p>","protected":false},"author":1,"featured_media":4909,"parent":24078,"menu_order":0,"comment_status":"closed","ping_status":"closed","template":"elementor_theme","meta":{"_eb_attr":"","footnotes":""},"class_list":["post-11553","page","type-page","status-publish","has-post-thumbnail"],"_links":{"self":[{"href":"https:\/\/travelshelper.com\/fr\/wp-json\/wp\/v2\/pages\/11553","targetHints":{"allow":["GET"]}}],"collection":[{"href":"https:\/\/travelshelper.com\/fr\/wp-json\/wp\/v2\/pages"}],"about":[{"href":"https:\/\/travelshelper.com\/fr\/wp-json\/wp\/v2\/types\/page"}],"author":[{"embeddable":true,"href":"https:\/\/travelshelper.com\/fr\/wp-json\/wp\/v2\/users\/1"}],"replies":[{"embeddable":true,"href":"https:\/\/travelshelper.com\/fr\/wp-json\/wp\/v2\/comments?post=11553"}],"version-history":[{"count":0,"href":"https:\/\/travelshelper.com\/fr\/wp-json\/wp\/v2\/pages\/11553\/revisions"}],"up":[{"embeddable":true,"href":"https:\/\/travelshelper.com\/fr\/wp-json\/wp\/v2\/pages\/24078"}],"wp:featuredmedia":[{"embeddable":true,"href":"https:\/\/travelshelper.com\/fr\/wp-json\/wp\/v2\/media\/4909"}],"wp:attachment":[{"href":"https:\/\/travelshelper.com\/fr\/wp-json\/wp\/v2\/media?parent=11553"}],"curies":[{"name":"wp","href":"https:\/\/api.w.org\/{rel}","templated":true}]}}