{"id":10632,"date":"2024-09-10T23:40:13","date_gmt":"2024-09-10T23:40:13","guid":{"rendered":"https:\/\/travelshelper.com\/staging\/?page_id=10632"},"modified":"2026-03-11T19:07:42","modified_gmt":"2026-03-11T19:07:42","slug":"sao-tome-et-principe","status":"publish","type":"page","link":"https:\/\/travelshelper.com\/fr\/destinations\/asia\/sao-tome-and-principe\/","title":{"rendered":"Sao Tom\u00e9-et-Principe"},"content":{"rendered":"<p>S\u00e3o Tom\u00e9 and Pr\u00edncipe occupies a modest expanse of the Gulf of Guinea off Central Africa\u2019s western equatorial shore. Comprising two principal islands\u2014S\u00e3o Tom\u00e9 to the southwest and Pr\u00edncipe some 150 kilometres to the northeast\u2014the nation is the continent\u2019s second-smallest by area and population, surpassed only by Seychelles. Although its terrain and society may appear tranquil today, the islands\u2019 story intertwines volcanic upheaval, the traumas of empire, resilient communities, and a gradual maturing into one of Africa\u2019s most stable democracies.<\/p>\n\n\n\n<p>Les deux \u00eeles appartiennent \u00e0 la cha\u00eene volcanique du Cameroun, une cha\u00eene n\u00e9e de l&#039;activit\u00e9 tectonique sous le golfe de Guin\u00e9e. Il y a environ trente millions d&#039;ann\u00e9es, des \u00e9ruptions sous-marines le long de cette fracture ont produit des fondations de basalte et de phonolite aujourd&#039;hui \u00e9rod\u00e9es et transform\u00e9es en sols riches. S\u00e3o Tom\u00e9 s&#039;\u00e9tend sur une cinquantaine de kilom\u00e8tres de long et trente kilom\u00e8tres de large. Son \u00e9pine dorsale culmine au Pico de S\u00e3o Tom\u00e9, culminant \u00e0 2\u00a0024 m\u00e8tres d&#039;altitude. Pr\u00edncipe, plus \u00e9lanc\u00e9e \u2013 trente kilom\u00e8tres sur six \u2013 atteint son sommet au Pico de Pr\u00edncipe (948 m\u00e8tres). Une borne \u00e9quatoriale coupe l&#039;\u00eele de S\u00e3o Tom\u00e9 juste au sud de l&#039;Ilh\u00e9u das Rolas. Parmi les sites les plus connus figure le Pico C\u00e3o Grande, un volcan abrupt qui domine de plus de 300 m\u00e8tres les for\u00eats environnantes, son sommet \u00e9tant en harmonie avec la couche nuageuse.<\/p>\n\n\n\n<p>Situ\u00e9es \u00e0 cheval sur l&#039;\u00e9quateur, les \u00eeles b\u00e9n\u00e9ficient d&#039;un climat chaud et humide au niveau de la mer, avec des temp\u00e9ratures annuelles moyennes proches de 26 \u00b0C et des fluctuations quotidiennes limit\u00e9es\u00a0; les hautes terres int\u00e9rieures b\u00e9n\u00e9ficient de nuits plus fra\u00eeches et d&#039;une temp\u00e9rature moyenne d&#039;environ 20 \u00b0C. Les pr\u00e9cipitations varient consid\u00e9rablement, de quelque 7\u00a0000 millim\u00e8tres dans les hautes terres nuageuses \u00e0 seulement 800 millim\u00e8tres dans les basses terres plus s\u00e8ches du nord, les pluies tombant g\u00e9n\u00e9ralement entre octobre et mai. La v\u00e9g\u00e9tation fait partie de l&#039;\u00e9cor\u00e9gion des for\u00eats humides de plaine de S\u00e3o Tom\u00e9, Pr\u00edncipe et Annob\u00f3n. Malgr\u00e9 une superficie modeste, les \u00eeles abritent une impressionnante liste d&#039;esp\u00e8ces end\u00e9miques\u00a0: l&#039;ibis de S\u00e3o Tom\u00e9, le plus petit du monde\u00a0; le souimanga g\u00e9ant\u00a0; et des sp\u00e9cialistes de la for\u00eat comme le fisc de S\u00e3o Tom\u00e9. Plusieurs esp\u00e8ces de chauves-souris et la musaraigne de S\u00e3o Tom\u00e9 repr\u00e9sentent les rares mammif\u00e8res indig\u00e8nes. Les eaux environnantes, plongeant jusqu&#039;\u00e0 deux mille m\u00e8tres, abritent des r\u00e9cifs coralliens et servent de lieux de reproduction aux tortues imbriqu\u00e9es.<\/p>\n\n\n\n<p>Avant la fin du XVe si\u00e8cle, la vie humaine \u00e9tait absente. Les navigateurs portugais Jo\u00e3o de Santar\u00e9m et Pedro Escobar cartographi\u00e8rent les \u00eeles en 1470, n&#039;y trouvant que des for\u00eats vierges. La colonisation se fit lente jusqu&#039;\u00e0 ce que la culture du sucre, au XVIe si\u00e8cle, attire des travailleurs forc\u00e9s venus du continent africain. Les sols volcaniques fertiles des \u00eeles produisirent des r\u00e9coltes abondantes, mais au prix d&#039;une \u00e9conomie \u2013 et d&#039;une soci\u00e9t\u00e9 \u2013 fond\u00e9es sur l&#039;esclavage. Aux XVIIe et XVIIIe si\u00e8cles, le caf\u00e9 et le cacao remplac\u00e8rent le sucre comme principales exportations. Les plantations, ou ro\u00e7as, s&#039;\u00e9tendirent sur le paysage\u00a0; leurs ruines, aujourd&#039;hui envahies par la for\u00eat ou restaur\u00e9es en maisons d&#039;h\u00f4tes, t\u00e9moignent encore de cette \u00e9poque.<\/p>\n\n\n\n<p>Aux XIXe et XXe si\u00e8cles, des vagues de troubles sociaux ont ponctu\u00e9 l&#039;ordre colonial. Les revendications pour de meilleures conditions de vie et des droits du travail ont \u00e9branl\u00e9 le vernis de la prosp\u00e9rit\u00e9 coloniale. Le 12 juillet 1975, un transfert pacifique du pouvoir a \u00e9tabli la R\u00e9publique d\u00e9mocratique de Sao Tom\u00e9-et-Principe. Depuis lors, le pays a conserv\u00e9 un syst\u00e8me politique pluraliste, ayant entrepris des r\u00e9formes d\u00e9mocratiques d\u00e8s 1990 et n&#039;ayant connu qu&#039;une br\u00e8ve interruption de son r\u00e9gime multipartite.<\/p>\n\n\n\n<p>\u00c0 la mi-2018, la population s&#039;\u00e9levait \u00e0 environ 201\u00a0800 habitants, dont plus de 193\u00a0000 \u00e0 S\u00e3o Tom\u00e9 et quelque 8\u00a0400 \u00e0 Pr\u00edncipe. Presque tous les S\u00e3o Tom\u00e9ens font remonter leurs racines \u00e0 des anc\u00eatres africains ou \u00e0 des lign\u00e9es mixtes luso-africaines\u00a0; quelques milliers de colons portugais sont partis apr\u00e8s l&#039;ind\u00e9pendance, tandis que des r\u00e9fugi\u00e9s d&#039;Angola sont arriv\u00e9s dans les ann\u00e9es\u00a01970. Les classifications ethniques comprennent les Angolares (descendants d&#039;esclaves angolais naufrag\u00e9s), les Forros (descendants d&#039;affranchis), les servi\u00e7ais (travailleurs contractuels de toute l&#039;Afrique portugaise), les Tongas (enfants de servi\u00e7ais n\u00e9s sur les \u00eeles), ainsi que de petites minorit\u00e9s europ\u00e9ennes et asiatiques.<\/p>\n\n\n\n<p>Le portugais est \u00e0 la fois langue officielle et langue nationale de facto, parl\u00e9 couramment par 98,4 % de la population. Les cr\u00e9oles \u2013 forro, principaut\u00e9, angolais, capverdien \u2013 refl\u00e8tent cette fusion culturelle. Le fran\u00e7ais et l&#039;anglais sont enseign\u00e9s comme langues \u00e9trang\u00e8res \u00e0 l&#039;\u00e9cole. Le christianisme pr\u00e9domine, tandis que les coutumes et rythmes locaux \u2013 les rythmes \u00fassua, socop\u00e9, d\u00eaxa \u2013 m\u00ealent influences des danses de salon europ\u00e9ennes et percussions africaines. Des spectacles dramatiques comme le tchiloli et le dan\u00e7o-congo pr\u00e9servent les traditions des contes festifs.<\/p>\n\n\n\n<p>Sao Tom\u00e9-et-Principe affiche un indice de d\u00e9veloppement humain moyen, sup\u00e9rieur \u00e0 celui de nombreux pays d&#039;Afrique subsaharienne. La scolarisation universelle, l&#039;allongement de l&#039;esp\u00e9rance de vie (environ 70 ans), la forte baisse de la mortalit\u00e9 infantile et l&#039;acc\u00e8s g\u00e9n\u00e9ralis\u00e9 \u00e0 l&#039;eau courante et \u00e0 l&#039;\u00e9lectricit\u00e9 t\u00e9moignent tous de progr\u00e8s sociaux. Les r\u00e9formes gouvernementales men\u00e9es depuis 2015 ont facilit\u00e9 la cr\u00e9ation d&#039;entreprises et l&#039;investissement \u00e9tranger. Le nombre de petites entreprises a explos\u00e9, contribuant \u00e0 la baisse du ch\u00f4mage et \u00e0 la hausse des exportations, principalement de cacao (95 % des exportations agricoles), ainsi que de caf\u00e9, de coprah et de palmistes. Une transformation industrielle mod\u00e9r\u00e9e des produits locaux persiste, mais les activit\u00e9s agricoles et de p\u00eache restent dominantes.<\/p>\n\n\n\n<p>L&#039;industrie touristique est prometteuse. Les investisseurs ont construit des stations baln\u00e9aires\u00a0; les infrastructures ont \u00e9t\u00e9 am\u00e9lior\u00e9es, notamment avec la modernisation des ports de S\u00e3o Tom\u00e9 et Neves en 2014, la modernisation de l&#039;a\u00e9roport international et le d\u00e9veloppement des r\u00e9seaux mobiles et Internet. Les autorit\u00e9s estiment qu&#039;un tourisme g\u00e9r\u00e9 de mani\u00e8re responsable \u2013 mettant l&#039;accent sur l&#039;observation des oiseaux dans le parc national d&#039;Obo, les randonn\u00e9es aux cascades, l&#039;ascension du Pico de S\u00e3o Tom\u00e9 et les excursions en mer \u2013 diversifiera les sources de revenus sans compromettre l&#039;int\u00e9grit\u00e9 \u00e9cologique.<\/p>\n\n\n\n<p>Les liaisons routi\u00e8res entre les deux \u00eeles sont praticables selon les normes r\u00e9gionales, bien que les conducteurs doivent emprunter des voies \u00e9troites et rencontrer des dangers occasionnels. Aucun distributeur automatique de billets n&#039;accepte les cartes \u00e9trang\u00e8res\u00a0; les visiteurs apportent des euros ou des dollars am\u00e9ricains et les \u00e9changent dans les banques ou les h\u00f4tels Pestana (ces derniers pr\u00e9levant une commission d&#039;environ 5\u00a0%). La monnaie nationale, le nouveau dobra (symbole nDb, ISO STN), a remplac\u00e9 l&#039;ancien au taux de 1\u00a0000 pour 1 en 2018. Les pi\u00e8ces circulent en centimos et en nouveaux dobr\u00e1s, tandis que les billets varient de 5 \u00e0 200 nDb. L&#039;importation de devises est libre mais doit \u00eatre d\u00e9clar\u00e9e\u00a0; l&#039;exportation est plafonn\u00e9e au montant d\u00e9clar\u00e9.<\/p>\n\n\n\n<p>La cuisine locale est ax\u00e9e sur le poisson, souvent servi avec du fruit \u00e0 pain ou des bananes cuites, et sur une abondance de fruits tropicaux\u00a0: papaye, mangue, ananas, avocat, banane. Des \u00e9pices \u00e9pic\u00e9es rehaussent les plats de l&#039;archipel. Les communaut\u00e9s de l&#039;int\u00e9rieur des terres compl\u00e8tent leur apport en prot\u00e9ines avec des buzios, de gros escargots terrestres, tandis que les m\u00e9nages c\u00f4tiers r\u00e9coltent des escargots de mer. Les h\u00f4tels urbains peuvent proposer des menus de style europ\u00e9en \u00e0 des tarifs plus \u00e9lev\u00e9s.<\/p>\n\n\n\n<p>Les crimes violents sont rares\u00a0; des vols mineurs et des escroqueries cibl\u00e9es sur les touristes ont fait leur apparition avec l&#039;essor du tourisme. La circulation routi\u00e8re repr\u00e9sente le plus grand danger. Les dangers pour la faune sont minimes, \u00e0 l&#039;exception du cobra noir qui peuple le sud et l&#039;est de S\u00e3o Tom\u00e9. Bien que g\u00e9n\u00e9ralement timides, ces serpents venimeux requi\u00e8rent une vigilance particuli\u00e8re sur les sentiers forestiers. Des antivenins sont disponibles dans les h\u00f4pitaux locaux, et les d\u00e9c\u00e8s sont rares si le traitement intervient dans les deux heures suivant la morsure.<\/p>\n\n\n\n<p>Le fort S\u00e3o Sebasti\u00e3o, \u00e0 S\u00e3o Tom\u00e9, \u00e9rig\u00e9 en 1575 et transform\u00e9 en mus\u00e9e national en 2006, offre un aper\u00e7u du pass\u00e9 complexe des \u00eeles. Autrefois bastion mena\u00e7ant face aux marines rivales, il abrite aujourd&#039;hui des objets retra\u00e7ant l&#039;histoire des premiers contacts avec les Europ\u00e9ens, en passant par les plantations coloniales, jusqu&#039;\u00e0 l&#039;ind\u00e9pendance contemporaine. Les ro\u00e7as, certaines d\u00e9labr\u00e9es, d&#039;autres transform\u00e9es en logements accueillants, invitent \u00e0 la contemplation de vies autrefois contraintes par le travail forc\u00e9 et aujourd&#039;hui marqu\u00e9es par une autonomie retrouv\u00e9e.<\/p>\n\n\n\n<p>Sous sa forme compacte, Sao Tom\u00e9-et-Principe r\u00e9sume les paradoxes de l&#039;activit\u00e9 humaine dans un contexte d&#039;extraordinaire richesse naturelle. Les sols volcaniques nourrissent les cacaoyers qui ont soutenu des si\u00e8cles d&#039;empire\u00a0; des populations r\u00e9silientes ont fa\u00e7onn\u00e9 un syst\u00e8me politique stable qui dissimule les blessures coloniales des \u00eeles. Voyageurs et chercheurs d\u00e9couvrent \u00e0 la fois une biodiversit\u00e9 riche et l&#039;\u00e9cho de l&#039;histoire sous les portes rouill\u00e9es des plantations. Dans ce m\u00e9lange de contrastes saisissants \u2013 un \u00c9den fertile obscurci par le pass\u00e9 \u2013 Sao Tom\u00e9-et-Principe t\u00e9moigne du renouveau et de l&#039;interaction durable entre la terre et les hommes.<\/p>","protected":false},"excerpt":{"rendered":"<p>Situ\u00e9e dans le golfe de Guin\u00e9e, au large de la c\u00f4te \u00e9quatoriale occidentale de l&#039;Afrique centrale, se trouve la fascinante r\u00e9publique insulaire de S\u00e3o Tom\u00e9-et-Principe. Officiellement appel\u00e9e R\u00e9publique d\u00e9mocratique de S\u00e3o Tom\u00e9-et-Principe, cette petite nation comprend deux \u00eeles principales et plusieurs \u00eelots plus petits. Environ 150 kilom\u00e8tres s\u00e9parent les deux \u00eeles principales, S\u00e3o Tom\u00e9-et-Principe\u00a0; S\u00e3o Tom\u00e9 est la plus grande des deux.<\/p>","protected":false},"author":1,"featured_media":4441,"parent":24063,"menu_order":0,"comment_status":"closed","ping_status":"closed","template":"elementor_theme","meta":{"_eb_attr":"","footnotes":""},"class_list":["post-10632","page","type-page","status-publish","has-post-thumbnail"],"_links":{"self":[{"href":"https:\/\/travelshelper.com\/fr\/wp-json\/wp\/v2\/pages\/10632","targetHints":{"allow":["GET"]}}],"collection":[{"href":"https:\/\/travelshelper.com\/fr\/wp-json\/wp\/v2\/pages"}],"about":[{"href":"https:\/\/travelshelper.com\/fr\/wp-json\/wp\/v2\/types\/page"}],"author":[{"embeddable":true,"href":"https:\/\/travelshelper.com\/fr\/wp-json\/wp\/v2\/users\/1"}],"replies":[{"embeddable":true,"href":"https:\/\/travelshelper.com\/fr\/wp-json\/wp\/v2\/comments?post=10632"}],"version-history":[{"count":0,"href":"https:\/\/travelshelper.com\/fr\/wp-json\/wp\/v2\/pages\/10632\/revisions"}],"up":[{"embeddable":true,"href":"https:\/\/travelshelper.com\/fr\/wp-json\/wp\/v2\/pages\/24063"}],"wp:featuredmedia":[{"embeddable":true,"href":"https:\/\/travelshelper.com\/fr\/wp-json\/wp\/v2\/media\/4441"}],"wp:attachment":[{"href":"https:\/\/travelshelper.com\/fr\/wp-json\/wp\/v2\/media?parent=10632"}],"curies":[{"name":"wp","href":"https:\/\/api.w.org\/{rel}","templated":true}]}}