{"id":10220,"date":"2024-09-09T21:31:18","date_gmt":"2024-09-09T21:31:18","guid":{"rendered":"https:\/\/travelshelper.com\/staging\/?page_id=10220"},"modified":"2026-03-13T21:26:57","modified_gmt":"2026-03-13T21:26:57","slug":"alice-springs","status":"publish","type":"page","link":"https:\/\/travelshelper.com\/fr\/destinations\/australia-and-oceania\/australia\/alice-springs\/","title":{"rendered":"Alice Springs"},"content":{"rendered":"<p>Alice Springs est une petite ville au c\u0153ur de l&#039;Australie. Sa population n&#039;est que d&#039;environ 34\u00a0000 habitants (30\u00a0628 en 2021, 33\u00a0990 en 2024). Environ un cinqui\u00e8me des habitants se d\u00e9clarent aborig\u00e8nes ou insulaires du d\u00e9troit de Torres. L&#039;\u00e9conomie de la ville refl\u00e8te son r\u00f4le de p\u00f4le r\u00e9gional\u00a0: le gouvernement du Territoire du Nord est le principal employeur (environ 8\u00a0% des emplois), et les services d&#039;\u00e9ducation et de sant\u00e9 emploient chacun environ 7\u00a0% de la population active. Le tourisme est \u00e9galement important (environ 4\u00a0% des emplois), car Alice Springs fournit les principaux services aux visiteurs du Centre Rouge. Globalement, son \u00e9conomie est ax\u00e9e sur les services\u00a0: le commerce de d\u00e9tail, l&#039;h\u00f4tellerie et l&#039;administration publique dominent. Malgr\u00e9 son \u00e9loignement, Alice Springs dispose d&#039;\u00e9quipements modernes\u00a0: situ\u00e9e \u00e0 environ 545\u00a0m d&#039;altitude, la ville b\u00e9n\u00e9ficie d&#039;\u00e9t\u00e9s extr\u00eamement chauds (jusqu&#039;\u00e0 45\u00a0\u00b0C), mais les nuits peuvent \u00eatre sensiblement plus fra\u00eeches et le gel n&#039;est pas rare en hiver. La population augmente l\u00e9g\u00e8rement lorsque des \u00e9v\u00e9nements se produisent, mais \u00e0 tout moment, Alice reste une ville tranquille de l&#039;arri\u00e8re-pays.<\/p>\n<p>Alice Springs se situe presque au centre g\u00e9ographique de l&#039;Australie. Elle se trouve dans le Territoire du Nord, le long de la rivi\u00e8re Todd, g\u00e9n\u00e9ralement \u00e0 sec, un affluent de la Finke (\u00e9galement appel\u00e9e Lhere Mparnte). La ville est \u00e0 peu pr\u00e8s \u00e0 \u00e9gale distance de Darwin et d&#039;Ad\u00e9la\u00efde, \u00e0 environ 1\u00a0500 km de chacune. Elle est situ\u00e9e \u00e0 environ 578 m d&#039;altitude, sur une plaine entour\u00e9e de collines anciennes. \u00c0 l&#039;ouest et \u00e0 l&#039;est s&#039;\u00e9l\u00e8vent les MacDonnell Ranges, une s\u00e9rie de collines rouge ocre qui encadrent le paysage. L&#039;un des points de vue les plus c\u00e9l\u00e8bres de la ville est la colline d&#039;Anzac, qui domine le centre. Le climat est d\u00e9sertique\u00a0: les hivers sont doux \u00e0 frais (les temp\u00e9ratures nocturnes peuvent approcher le point de cong\u00e9lation), tandis que les \u00e9t\u00e9s sont tr\u00e8s chauds (plus de 40\u00a0\u00b0C en journ\u00e9e sont fr\u00e9quents). Les pr\u00e9cipitations sont rares (quelques centaines de millim\u00e8tres par an au maximum), principalement sous forme d&#039;orages d&#039;\u00e9t\u00e9. Le paysage environnant \u2013 un d\u00e9sert rouge typique d&#039;Australie centrale \u2013 est parsem\u00e9 d&#039;herbes spinifex, d&#039;eucalyptus fant\u00f4mes, de falaises ocre et de points d&#039;eau \u00e9ph\u00e9m\u00e8res. Le ciel est vaste et d\u00e9gag\u00e9\u00a0: Alice Springs b\u00e9n\u00e9ficie en moyenne de plus de 300\u00a0jours de soleil par an, ce qui rend le ciel nocturne tout aussi spectaculaire.<\/p>\n<p>Bien avant la colonisation europ\u00e9enne, la r\u00e9gion d&#039;Alice Springs (appel\u00e9e Mparntwe en langue locale, l&#039;Arrernte) abritait des Aborig\u00e8nes depuis des dizaines de milliers d&#039;ann\u00e9es. \u00c0 la fin du XIXe si\u00e8cle, apr\u00e8s que des explorateurs eurent cartographi\u00e9 l&#039;int\u00e9rieur des terres, la ligne t\u00e9l\u00e9graphique terrestre fut construite (achev\u00e9e en 1872). Alice Springs s&#039;est d\u00e9velopp\u00e9e autour de l&#039;une des stations relais de cette ligne, qui relayait les messages entre Ad\u00e9la\u00efde et Darwin. La station se trouvait pr\u00e8s d&#039;une source permanente (d&#039;o\u00f9 le nom \u00ab\u00a0Alice Springs\u00a0\u00bb, donn\u00e9 par Charles Todd en hommage \u00e0 sa femme). Le village local s&#039;appelait \u00e0 l&#039;origine \u00ab\u00a0Stuart\u00a0\u00bb en hommage \u00e0 l&#039;explorateur John McDouall Stuart, mais il fut officiellement rebaptis\u00e9 Alice Springs en 1933. Le chemin de fer atteignit Alice en 1929, la reliant par voie ferr\u00e9e \u00e0 Ad\u00e9la\u00efde et lui apportant un nouveau d\u00e9veloppement. Pendant la Seconde Guerre mondiale, Alice Springs fut une importante base de transit (son n\u0153ud ferroviaire et ses camps servaient les troupes se d\u00e9pla\u00e7ant vers le nord). Apr\u00e8s la guerre, la ville retrouva un rythme de vie paisible, d\u00e9veloppant progressivement ses infrastructures et ses services touristiques. Parmi les dates cl\u00e9s figurent la station t\u00e9l\u00e9graphique en 1872, l&#039;accession au statut d&#039;\u00c9tat du Territoire du Nord en 1911 et l&#039;ouverture de la route (Stuart Highway) et de la liaison ferroviaire qui a finalis\u00e9 ses connexions. Aujourd&#039;hui, les origines d&#039;Alice sont visibles dans ses b\u00e2timents patrimoniaux, et son histoire est comm\u00e9mor\u00e9e \u00e0 la r\u00e9serve historique de l&#039;ancienne station t\u00e9l\u00e9graphique.<\/p>\n<p>Alice Springs est l&#039;\u00e2me de l&#039;Outback. Les cultures aborig\u00e8ne et europ\u00e9enne s&#039;y m\u00ealent. L&#039;anglais est parl\u00e9 par presque tout le monde, mais environ 21 % des habitants du township d&#039;Alice Springs se disent aborig\u00e8nes ou insulaires du d\u00e9troit de Torres, principalement des Arrerntes. L&#039;art et la musique aborig\u00e8nes sont tr\u00e8s pr\u00e9sents\u00a0: les galeries locales exposent souvent des peintures \u00e0 points aux couleurs vives et des objets sculpt\u00e9s. Le rythme de vie est d\u00e9tendu\u00a0; les gens se saluent d&#039;un signe de t\u00eate ou d&#039;une poign\u00e9e de main, et fumer une cigarette au bord de la route ou siroter un th\u00e9 dans un caf\u00e9 peut facilement se transformer en une longue conversation. Le climat d\u00e9sertique sec favorise la vie en plein air\u00a0; le soir, les familles peuvent se retrouver autour d&#039;un feu de camp sous les \u00e9toiles. La ville accueille certains des festivals les plus singuliers d&#039;Australie. Chaque ann\u00e9e en juillet se d\u00e9roule la Camel Cup, une course de chameaux sur une piste de l&#039;hippodrome. En ao\u00fbt, le lit de la rivi\u00e8re Todd Mall accueille la r\u00e9gate annuelle d&#039;Henley-on-Todd, o\u00f9 des \u00ab\u00a0bateaux\u00a0\u00bb sur roues sillonnent le lit ass\u00e9ch\u00e9 de la rivi\u00e8re. D&#039;autres \u00e9v\u00e9nements (comme le festival des lumi\u00e8res de Parrtjima et un festival des bonnets) c\u00e9l\u00e8brent \u00e0 la fois l&#039;art aborig\u00e8ne et le kitsch des pionniers. Ces festivals, bien que ludiques, refl\u00e8tent l&#039;esprit local\u00a0: ax\u00e9 sur la communaut\u00e9, cr\u00e9atif et r\u00e9silient. Au quotidien, les habitants portent des gilets de s\u00e9curit\u00e9 pour travailler sur un chantier ou des chapeaux de cow-boy pour s&#039;occuper du b\u00e9tail. Le personnel de service apprend souvent quelques mots d&#039;Arrernte par courtoisie. Alice poss\u00e8de l&#039;hospitalit\u00e9 des petites villes \u2013 tout le monde finit par conna\u00eetre le nom de l&#039;autre \u2013 alli\u00e9e \u00e0 une bonne dose d&#039;individualisme et d&#039;ind\u00e9pendance. On y entend parfois un argot local unique (\u00ab\u00a0arvo\u00a0\u00bb pour apr\u00e8s-midi, \u00ab\u00a0no dramas\u00a0\u00bb pour pas de probl\u00e8me) et une bonne amiti\u00e9 (la camaraderie) qui caract\u00e9rise la culture informelle australienne.<\/p>\n<p>Alice Springs offre un m\u00e9lange d&#039;attractions culturelles et de paysages sauvages. En ville, le parc du d\u00e9sert d&#039;Alice Springs est une visite incontournable. Ce parc prim\u00e9 s&#039;\u00e9tend sur 1\u00a0300 hectares d&#039;habitat d\u00e9sertique et met en valeur la flore indig\u00e8ne, la faune nocturne et la culture aborig\u00e8ne. Les visiteurs peuvent se promener dans des environnements d\u00e9sertiques reconstitu\u00e9s, observer de pr\u00e8s des kangourous et des \u00e9meus, et assister chaque jour \u00e0 un spectacle de rapaces en vol libre. \u00c0 proximit\u00e9 se trouve l&#039;ancienne station t\u00e9l\u00e9graphique historique d&#039;Alice Springs, le site original du r\u00e9p\u00e9teur de 1872, qui raconte l&#039;histoire des d\u00e9buts de la vie dans l&#039;outback. Pour admirer la vue, Anzac Hill (accessible par la route) offre un coucher de soleil sur la ville et les montagnes environnantes.<\/p>\n<p>En dehors de la ville, la nature vous appelle. Les West MacDonnell Ranges s&#039;\u00e9tendent juste \u00e0 l&#039;ouest d&#039;Alice Springs, une succession de collines escarp\u00e9es et de gorges \u00e9troites qui s&#039;illuminent de rouge au lever du soleil. Visiter Simpsons Gap ou Standley Chasm offre l&#039;exp\u00e9rience de marcher entre d&#039;imposantes parois rocheuses abritant des points d&#039;eau permanents. Plus \u00e0 l&#039;ouest, les gorges d&#039;Ormiston et de Glen Helen offrent des bassins d&#039;eau fra\u00eeche en pleine nature. \u00c0 l&#039;est, les Emily et Jessie Gaps pr\u00e9sentent d&#039;imposantes falaises orn\u00e9es d&#039;art rupestre aborig\u00e8ne. L&#039;isolement en lui-m\u00eame est un attrait\u00a0: il suffit de parcourir la Stuart Highway, au nord ou au sud, en quittant Alice Springs pour d\u00e9couvrir des horizons infinis et (si le temps est bien choisi) des kangourous \u00e0 l&#039;aube. Des excursions hors de la ville vers des sites embl\u00e9matiques comme Uluru-Kata Tjuta et Kings Canyon partent \u00e9galement d&#039;Alice Springs, ce qui en fait le point de d\u00e9part habituel pour explorer les merveilles du Centre Rouge. La nuit, le vaste ciel de l&#039;Outback, exempt de pollution lumineuse, r\u00e9v\u00e8le la Voie lact\u00e9e dans une clart\u00e9 spectaculaire, rappelant les cultures ancestrales qui ont \u00e9t\u00e9 les premi\u00e8res \u00e0 interpr\u00e9ter ces constellations.<\/p>\n<p>Le meilleur moyen de se rendre \u00e0 Alice Springs est par avion ou par la route. L&#039;a\u00e9roport d&#039;Alice Springs (ASP) propose des vols r\u00e9guliers depuis et vers Darwin, Ad\u00e9la\u00efde, et parfois Sydney ou Melbourne. Par la route, la Stuart Highway relie Darwin au nord et Ad\u00e9la\u00efde au sud\u00a0; ces trajets prennent plusieurs heures (voire plusieurs jours) de route. Une fois en ville, la ville est relativement compacte\u00a0: la plupart des visiteurs louent une voiture ou utilisent des autocars. Il existe un petit r\u00e9seau de bus locaux, mais une voiture est recommand\u00e9e. Les c\u00e9l\u00e8bres chameaux de la ville sont encore principalement utilis\u00e9s pour les promenades touristiques, et non comme moyen de transport.<\/p>\n<p>Les coutumes locales sont simples. La monnaie est le dollar australien et l&#039;anglais est universellement utilis\u00e9. L&#039;\u00e9tiquette australienne standard s&#039;applique\u00a0: les gens sont g\u00e9n\u00e9ralement informels mais polis, utilisant les pr\u00e9noms (ou \u00ab\u00a0Monsieur\/Madame\u00a0\u00bb dans un magasin) et plaisantant amicalement. La s\u00e9curit\u00e9 est de mise, mais n&#039;oubliez pas que nous sommes dans le d\u00e9sert\u00a0: emportez toujours de l&#039;eau avec vous lorsque vous voyagez, \u00e9vitez de randonner seul en plein midi et conduisez prudemment (des animaux sauvages peuvent appara\u00eetre sur les routes de l&#039;outback au cr\u00e9puscule). Une protection solaire (chapeau, cr\u00e8me solaire) et une grande quantit\u00e9 d&#039;eau potable sont essentielles, car l&#039;indice UV est \u00e9lev\u00e9 toute l&#039;ann\u00e9e. Le respect de la culture aborig\u00e8ne est important (de nombreux propri\u00e9taires traditionnels vivent encore \u00e0 Alice Springs et dans les environs)\u00a0; si vous visitez des sites aborig\u00e8nes, suivez les conseils locaux. En r\u00e9sum\u00e9, avec une bonne pr\u00e9paration et un go\u00fbt d&#039;aventure, les visiteurs trouveront \u00e0 Alice Springs une porte d&#039;entr\u00e9e inoubliable vers les paysages spectaculaires de l&#039;int\u00e9rieur de l&#039;Australie.<\/p>","protected":false},"excerpt":{"rendered":"<p>Situ\u00e9e dans le Territoire du Nord de l&#039;Australie, Alice Springs, parfois appel\u00e9e Mparntwe en langue arrernte orientale, est une ville fascinante au riche patrimoine culturel. Apr\u00e8s Darwin et Palmerston, elle est strat\u00e9giquement situ\u00e9e, \u00e0 presque \u00e9gale distance d&#039;Ad\u00e9la\u00efde et de Darwin, et constitue la troisi\u00e8me plus grande agglom\u00e9ration de la r\u00e9gion. L&#039;arpenteur William Whitfield Mills a d\u00e9di\u00e9 cette ville atypique \u00e0 Alice, Lady Todd, \u00e9pouse du pionnier du t\u00e9l\u00e9graphe Sir Charles Todd.<\/p>","protected":false},"author":1,"featured_media":3256,"parent":9806,"menu_order":0,"comment_status":"closed","ping_status":"closed","template":"elementor_theme","meta":{"_eb_attr":"","footnotes":""},"class_list":["post-10220","page","type-page","status-publish","has-post-thumbnail"],"_links":{"self":[{"href":"https:\/\/travelshelper.com\/fr\/wp-json\/wp\/v2\/pages\/10220","targetHints":{"allow":["GET"]}}],"collection":[{"href":"https:\/\/travelshelper.com\/fr\/wp-json\/wp\/v2\/pages"}],"about":[{"href":"https:\/\/travelshelper.com\/fr\/wp-json\/wp\/v2\/types\/page"}],"author":[{"embeddable":true,"href":"https:\/\/travelshelper.com\/fr\/wp-json\/wp\/v2\/users\/1"}],"replies":[{"embeddable":true,"href":"https:\/\/travelshelper.com\/fr\/wp-json\/wp\/v2\/comments?post=10220"}],"version-history":[{"count":0,"href":"https:\/\/travelshelper.com\/fr\/wp-json\/wp\/v2\/pages\/10220\/revisions"}],"up":[{"embeddable":true,"href":"https:\/\/travelshelper.com\/fr\/wp-json\/wp\/v2\/pages\/9806"}],"wp:featuredmedia":[{"embeddable":true,"href":"https:\/\/travelshelper.com\/fr\/wp-json\/wp\/v2\/media\/3256"}],"wp:attachment":[{"href":"https:\/\/travelshelper.com\/fr\/wp-json\/wp\/v2\/media?parent=10220"}],"curies":[{"name":"wp","href":"https:\/\/api.w.org\/{rel}","templated":true}]}}