{"id":10201,"date":"2024-09-09T21:09:05","date_gmt":"2024-09-09T21:09:05","guid":{"rendered":"https:\/\/travelshelper.com\/staging\/?page_id=10201"},"modified":"2026-03-13T21:26:12","modified_gmt":"2026-03-13T21:26:12","slug":"brisbane","status":"publish","type":"page","link":"https:\/\/travelshelper.com\/fr\/destinations\/australia-and-oceania\/australia\/brisbane\/","title":{"rendered":"Brisbane"},"content":{"rendered":"<p>Au cr\u00e9puscule, le paysage urbain de Brisbane m\u00eale une silhouette moderne \u00e0 la douce courbe du fleuve Brisbane. Troisi\u00e8me plus grande ville d&#039;Australie, Brisbane est \u00e0 la fois ensoleill\u00e9e et dynamique. Sa population m\u00e9tropolitaine s&#039;\u00e9l\u00e8ve \u00e0 environ 2,6 millions d&#039;habitants (estimation 2025), r\u00e9partis sur le grand sud-est du Queensland. Brisbane est la capitale de l&#039;\u00c9tat du Queensland, titre qu&#039;elle d\u00e9tient depuis la s\u00e9paration du Queensland de la Nouvelle-Galles du Sud en 1859. Ancienne colonie p\u00e9nitentiaire en 1824, la ville est devenue aujourd&#039;hui un p\u00f4le commercial, touristique et culturel. Son \u00e9conomie est diversifi\u00e9e\u00a0: la sant\u00e9, les services professionnels et financiers, l&#039;\u00e9ducation, le tourisme et le commerce de d\u00e9tail y sont des secteurs d&#039;activit\u00e9 majeurs. En 2017-2018, le PIB de Brisbane s&#039;\u00e9levait \u00e0 environ 170,5 milliards de dollars am\u00e9ricains, contribuant \u00e0 pr\u00e8s de la moiti\u00e9 de l&#039;\u00e9conomie du Queensland. Sa zone urbaine s&#039;\u00e9tend sur quelque 15\u00a0800 km\u00b2, ce qui en fait une ville g\u00e9ographiquement \u00e9tendue. \u00c0 l&#039;\u00e9chelle mondiale, Brisbane est souvent consid\u00e9r\u00e9e comme une ville de taille moyenne, dot\u00e9e d&#039;infrastructures bien d\u00e9velopp\u00e9es, d&#039;un climat subtropical (\u00e9t\u00e9s humides, hivers doux) et d&#039;un mode de vie en plein air dynamique. Class\u00e9e \u00ab\u00a0ville mondiale\u00a0\u00bb, Brisbane est l&#039;un des principaux centres d&#039;affaires d&#039;Australie. En bref, Brisbane est une m\u00e9tropole ensoleill\u00e9e au bord de l&#039;eau, plus d\u00e9contract\u00e9e que Sydney ou Melbourne, mais suffisamment anim\u00e9e pour offrir une multitude d&#039;activit\u00e9s artistiques, de vie nocturne et d&#039;\u00e9v\u00e9nements sportifs.<\/p>\n<p>La population de Brisbane d\u00e9passe aujourd&#039;hui les 2,5 millions d&#039;habitants. (Ce chiffre concerne l&#039;agglom\u00e9ration ; la population urbaine elle-m\u00eame est d&#039;environ 2,4 millions.) Brisbane est ainsi la troisi\u00e8me plus grande ville d&#039;Australie apr\u00e8s Sydney et Melbourne. La r\u00e9gion du sud-est du Queensland (qui comprend les banlieues de la Gold Coast et de la Sunshine Coast) compte plus de 3 millions d&#039;habitants. L&#039;\u00e9conomie de la ville est robuste : comme indiqu\u00e9, le PIB de Brisbane est \u00e9lev\u00e9, gr\u00e2ce aux secteurs de la sant\u00e9, de l&#039;\u00e9ducation, du tourisme et des services qui tirent la croissance. Brisbane fait partie de la zone commerciale Asie-Pacifique et accueille de grandes entreprises (Suncorp, Virgin Australia, etc. y sont bas\u00e9es). Sur le plan d\u00e9mographique, l&#039;\u00e2ge m\u00e9dian des habitants de Brisbane est d&#039;environ 35 ans, et la ville pr\u00e9sente une certaine mixit\u00e9 ethnique : environ un tiers de la population est n\u00e9e \u00e0 l&#039;\u00e9tranger (ce qui n&#039;est pas inhabituel pour les grandes villes australiennes). Toutes les devises sont en AUD et la langue est l&#039;anglais (avec un accent typique du Queensland). La circulation se fait \u00e0 gauche, comme partout en Australie. Dans la vie quotidienne, les habitants de Brisbane ont tendance \u00e0 appr\u00e9cier un style de vie urbain d\u00e9contract\u00e9 et en plein air : les pique-niques dans les parcs au bord de la rivi\u00e8re, les apr\u00e8s-midi dans le quartier culturel de South Bank ou les promenades du dimanche vers les plages voisines sont des activit\u00e9s de loisirs courantes.<\/p>\n<p>Brisbane se situe sur la c\u00f4te est de l&#039;Australie, \u00e0 environ 23\u00b0 de latitude sud. Elle est situ\u00e9e sur le large fleuve Brisbane, \u00e0 environ 30 km de son confluent avec la mer de Corail, \u00e0 Moreton Bay. L&#039;agglom\u00e9ration s&#039;\u00e9tend de part et d&#039;autre du fleuve, au c\u0153ur de collines peu profondes. La r\u00e9gion est subtropicale\u00a0: les \u00e9t\u00e9s sont chauds et humides (souvent avec des orages l&#039;apr\u00e8s-midi et des cyclones tropicaux occasionnels au large), tandis que les hivers sont g\u00e9n\u00e9ralement ensoleill\u00e9s et doux (rarement glacials). Les temp\u00e9ratures maximales moyennes estivales atteignent environ 30 \u00e0 32\u00a0\u00b0C et les minimales hivernales environ 10 \u00e0 12\u00a0\u00b0C. Brisbane b\u00e9n\u00e9ficie de plus de 320\u00a0jours de soleil par an. Ses environs comprennent les plages de la Sunshine Coast et de la Gold Coast accessibles en voiture, ainsi que les monts Glass House au nord. \u00c0 l&#039;ouest s&#039;\u00e9tendent les terres agricoles et les contreforts de la Cordill\u00e8re australienne. La ville elle-m\u00eame est situ\u00e9e \u00e0 basse altitude (le centre-ville n&#039;est qu&#039;\u00e0 quelques dizaines de m\u00e8tres au-dessus du niveau de la mer), ce qui permet d&#039;admirer les lointaines cha\u00eenes de montagnes \u00e0 l&#039;horizon ouest. Sur le plan m\u00e9t\u00e9orologique, Brisbane b\u00e9n\u00e9ficie d&#039;un climat subtropical humide (K\u00f6ppen Cfa) avec des saisons s\u00e8ches et humides distinctes, mais les grands froids y sont quasiment inexistants. En moyenne, la ville re\u00e7oit environ 1\u00a0000 mm de pluie par an, principalement lors des orages d&#039;\u00e9t\u00e9. Des inondations peuvent survenir (comme lors des tristement c\u00e9l\u00e8bres inondations de 2011 dans le Queensland), mais le fleuve est g\u00e9n\u00e9ralement calme et les croisi\u00e8res en ferry sont tr\u00e8s pris\u00e9es. En r\u00e9sum\u00e9, la situation g\u00e9ographique de Brisbane lui conf\u00e8re un climat chaud toute l&#039;ann\u00e9e, des paysages riverains et un acc\u00e8s facile \u00e0 la nature c\u00f4ti\u00e8re et int\u00e9rieure.<\/p>\n<p>L&#039;histoire de Brisbane est relativement r\u00e9cente. La r\u00e9gion \u00e9tait \u00e0 l&#039;origine habit\u00e9e par des clans aborig\u00e8nes (les Jagera et les Turrbal), dont l&#039;h\u00e9ritage perdure dans certains toponymes. Le premier Europ\u00e9en \u00e0 naviguer sur le fleuve fut John Oxley en 1823, et une colonie p\u00e9nitentiaire (dirig\u00e9e par Oxley) fut \u00e9tablie sur les rives du fleuve Brisbane en 1824. Des colons libres commenc\u00e8rent \u00e0 arriver apr\u00e8s 1842, date de la fermeture de la colonie p\u00e9nitentiaire. Dans les ann\u00e9es 1850, Brisbane fut d\u00e9clar\u00e9e municipalit\u00e9 et choisie comme capitale de la nouvelle colonie du Queensland (s\u00e9par\u00e9e de la Nouvelle-Galles du Sud en 1859). La ville connut une expansion rapide gr\u00e2ce \u00e0 l&#039;agriculture et au commerce \u2013 b\u00e9tail, sucre, bois \u2013 et b\u00e9n\u00e9ficia plus tard des d\u00e9couvertes d&#039;or dans le Queensland. Pendant la Seconde Guerre mondiale, Brisbane fut un important quartier g\u00e9n\u00e9ral alli\u00e9 lors de la campagne du Pacifique, ce qui stimula la croissance industrielle et d\u00e9mographique. L&#039;immigration d&#039;apr\u00e8s-guerre (notamment en provenance d&#039;Europe du Sud et d&#039;Asie) apporta une diversit\u00e9 culturelle. Brisbane accueillit de grands \u00e9v\u00e9nements comme les Jeux du Commonwealth de 1982, qui acc\u00e9l\u00e8rent le d\u00e9veloppement moderne du centre-ville. Aujourd&#039;hui, des sites class\u00e9s au patrimoine (comme l&#039;ancienne douane et les \u00e9glises de la ville) c\u00f4toient les gratte-ciel. Parmi les monuments majeurs figurent le Story Bridge (inaugur\u00e9 en 1940) et l&#039;h\u00f4tel de ville (inaugur\u00e9 en 1930). Si Brisbane est souvent \u00e9clips\u00e9e par Sydney et Melbourne dans la l\u00e9gende populaire, elle demeure une ville historique importante, impr\u00e9gn\u00e9e \u00e0 la fois d&#039;ambition coloniale et de modernit\u00e9 tropicale.<\/p>\n<p>Brisbane jouit d&#039;une r\u00e9putation d&#039;optimisme ensoleill\u00e9 et d&#039;une atmosph\u00e8re conviviale et d\u00e9contract\u00e9e. Le rythme de la ville est g\u00e9n\u00e9ralement plus d\u00e9tendu que celui de Sydney ou Melbourne, mais reste productif. Les parcs et les activit\u00e9s de plein air sont essentiels\u00a0: les jardins riverains et la plage artificielle de South Bank offrent une ambiance festive toute l&#039;ann\u00e9e (avec des march\u00e9s, des \u00e9v\u00e9nements culturels et des concerts gratuits). Le fleuve Brisbane est un lieu de pr\u00e9dilection pour les pique-niqueurs et les joggeurs. Les sc\u00e8nes artistiques et gastronomiques se sont d\u00e9velopp\u00e9es\u00a0: la ville compte des mus\u00e9es comme la Queensland Art Gallery et la Gallery of Modern Art (GOMA), o\u00f9 les habitants se prom\u00e8nent le week-end. Des \u00e9v\u00e9nements annuels refl\u00e8tent l&#039;esprit local\u00a0: par exemple, la Floriade \u00e0 Canberra (la Floriade existe, mais Brisbane a son propre Flower &amp; Food Show), mais \u00e0 Brisbane m\u00eame, les spectacles incluent le Brisbane Festival et le feu d&#039;artifice Riverfire. Ekka (l&#039;Exposition) chaque mois d&#039;ao\u00fbt met en valeur le c\u00f4t\u00e9 rural de la ville, c\u00e9l\u00e9brant l&#039;agriculture avec des feux d&#039;artifice et des sacs cadeaux. La musique et la vie nocturne sont concentr\u00e9es dans des quartiers comme Fortitude Valley, qui regorge de bars et de salles de concert, mais m\u00eame les banlieues chics ont une ambiance de pub local. Le sport fait \u00e9galement partie de la culture : les habitants de Brisbane soutiennent avec ferveur l&#039;\u00e9quipe de rugby des Broncos et organisent de grands matchs de cricket et d&#039;AFL dans les stades locaux.<\/p>\n<p>D&#039;un point de vue d\u00e9mographique, Brisbane est tr\u00e8s diversifi\u00e9e. Outre les Australiens de souche, on y trouve d&#039;importantes communaut\u00e9s originaires de Nouvelle-Z\u00e9lande, du Royaume-Uni, d&#039;Inde, de Chine et d&#039;ailleurs. Les Australiens autochtones repr\u00e9sentent un pourcentage plus faible qu&#039;en Australie centrale, mais la communaut\u00e9 aborig\u00e8ne est active et des \u00e9v\u00e9nements culturels (comme les c\u00e9l\u00e9brations de la semaine NAIDOC) y sont organis\u00e9s. L&#039;accent du Queensland est souvent d\u00e9crit comme large et amical, et l&#039;argot local est courant (des mots comme \u00ab\u00a0wicked\u00a0\u00bb ou \u00ab\u00a0no worrys\u00a0\u00bb se glissent dans les conversations). Globalement, Brisbane se caract\u00e9rise par son ouverture d&#039;esprit\u00a0: on s&#039;adresse aux clients par leur pr\u00e9nom sur les march\u00e9s, les coll\u00e8gues utilisent g\u00e9n\u00e9ralement des salutations informelles par leur pr\u00e9nom, et le fait de ne pas faire la queue est socialement mal vu. La s\u00e9curit\u00e9 est bonne dans la plupart des quartiers, m\u00eame si les pr\u00e9cautions d&#039;usage en ville sont judicieuses la nuit en centre-ville. Le climat du Queensland favorise un mode de vie en plein air et sur l&#039;eau (navigation sur le fleuve, excursions sur l&#039;\u00eele Moreton au large), ce qui conf\u00e8re \u00e0 la ville une ambiance active et saine.<\/p>\n<p>Brisbane offre une vari\u00e9t\u00e9 d&#039;attractions urbaines et naturelles. Le long du fleuve s&#039;\u00e9tendent les parcs de South Bank, un quartier verdoyant et pi\u00e9tonnier avec des restaurants, des galeries d&#039;art et m\u00eame un lagon de baignade. Une croisi\u00e8re sur les ferries CityCat offre une vue panoramique sur le paysage urbain. Le Story Bridge, un pont routier cantilever embl\u00e9matique (ouvert en 1940), peut \u00eatre travers\u00e9 \u00e0 pied ou m\u00eame escalad\u00e9 avec un guide. L&#039;h\u00f4tel de ville (1930) ancre les rives du fleuve, et sa tour d&#039;horloge offre une vue panoramique apr\u00e8s une visite. Les week-ends ensoleill\u00e9s, les sentiers de la Riverwalk se remplissent de cyclistes et de joggeurs. Au nord du quartier central des affaires, la Brisbane Powerhouse (une ancienne centrale \u00e9lectrique transform\u00e9e en salle de spectacles) accueille des spectacles, des march\u00e9s et des concerts. Sur le plan culturel, les mus\u00e9es de la ville sont importants\u00a0: le Queensland Museum et la Queensland Art Gallery\/GOMA pr\u00e9sentent des expositions locales et internationales.<\/p>\n<p>Pour les familles, le sanctuaire de koalas de Lone Pine est r\u00e9put\u00e9 (c&#039;est le plus grand sanctuaire de ce type au monde)\u00a0: vous pouvez tenir un koala dans vos bras et nourrir des kangourous. \u00c0 quelques minutes en voiture de Brisbane, vous atteindrez les montagnes Glass House, des pics volcaniques pittoresques. \u00c0 seulement une heure ou deux de route, la Gold Coast et la Sunshine Coast offrent de c\u00e9l\u00e8bres plages de surf (Surfers Paradise, Noosa). Pour les voyageurs aventureux, l&#039;arri\u00e8re-pays \u00e0 l&#039;ouest de la ville, notamment le Mont Glorious et le parc national de Lamington, offre des randonn\u00e9es en for\u00eat tropicale et des cascades \u00e0 proximit\u00e9. Dans tout le Grand Brisbane, on trouve des parcs verdoyants, des aires de barbecue et des terrains de golf, reflets d&#039;un style de vie ax\u00e9 sur le plein air. En r\u00e9sum\u00e9, Brisbane offre une gamme d&#039;attractions allant des \u00e9quipements et \u00e9v\u00e9nements urbains modernes \u00e0 l&#039;acc\u00e8s aux plages, aux r\u00e9cifs et aux for\u00eats. C&#039;est une ville qui allie l&#039;\u00e9nergie m\u00e9tropolitaine \u00e0 la douceur de vivre c\u00f4ti\u00e8re.<\/p>\n<p>L&#039;a\u00e9roport principal de Brisbane (code BNE) est l&#039;un des plus fr\u00e9quent\u00e9s d&#039;Australie. Il propose des vols internationaux directs (vers l&#039;Asie, le Pacifique et les \u00c9tats-Unis) et des liaisons int\u00e9rieures fr\u00e9quentes. Des liaisons longue distance relient Brisbane \u00e0 Sydney (environ 9 heures au sud par la Pacific Highway) et \u00e0 Cairns ou Townsville au nord.<\/p>\n<p>La voiture et les taxis sont tr\u00e8s courants. Les routes sont bien entretenues, mais la circulation peut \u00eatre satur\u00e9e aux heures de pointe. Le r\u00e9seau de Brisbane, en damier, dans le quartier central des affaires (CBD), est compl\u00e9t\u00e9 par des tunnels et des promenades qui fluidifient la circulation. Les transports en commun comprennent les bus, un r\u00e9seau de trains de banlieue (Citytrain) et le ferry CityCat, d\u00e9j\u00e0 mentionn\u00e9, sur le fleuve. Une nouvelle ligne de m\u00e9tro l\u00e9ger relie le quartier central des affaires au sud jusqu&#039;aux campus universitaire et Griffith. La ville est vallonn\u00e9e par endroits, mais de nombreuses attractions cl\u00e9s (comme South Bank et le centre commercial Queen Street) sont facilement accessibles \u00e0 pied. Notez que les Australiens conduisent \u00e0 gauche et que la signalisation routi\u00e8re indique les kilom\u00e8tres.<\/p>\n<p>La monnaie est le dollar australien. Le pourboire n&#039;est pas obligatoire en Australie, mais arrondir le prix d&#039;un taxi ou laisser de la monnaie pour un bon service est appr\u00e9ci\u00e9. L&#039;anglais est parl\u00e9 partout\u00a0; des expressions locales utiles incluent \u00ab\u00a0G&#039;day\u00a0\u00bb ou \u00ab\u00a0No worrys, mate\u00a0\u00bb. La loi du Queensland exige la pr\u00e9sentation d&#039;une pi\u00e8ce d&#039;identit\u00e9 avec photo dans certains lieux (par exemple, les bo\u00eetes de nuit) si vous paraissez avoir plus de 18\u00a0ans. La cr\u00e8me solaire et les chapeaux sont conseill\u00e9s toute l&#039;ann\u00e9e en ext\u00e9rieur, surtout au bord de l&#039;eau. Brisbane dispose d&#039;un bon syst\u00e8me m\u00e9dical\u00a0; le num\u00e9ro d&#039;urgence est le 000.<\/p>\n<p>Brisbane est g\u00e9n\u00e9ralement tr\u00e8s s\u00fbre, avec un faible taux de criminalit\u00e9 violente. Soyez prudent sur les plages (nagez uniquement entre les drapeaux o\u00f9 les ma\u00eetres-nageurs sont de service) et m\u00e9fiez-vous des m\u00e9duses marines en \u00e9t\u00e9 (de nombreuses plages sont \u00e9quip\u00e9es de filets de protection). En ville, surveillez vos objets de valeur dans les lieux touristiques fr\u00e9quent\u00e9s, comme partout ailleurs. Sinon, le bon sens suffit. Les Australiens sont accueillants envers les visiteurs\u00a0: n&#039;h\u00e9sitez pas \u00e0 demander votre chemin ou des recommandations de restaurants aux habitants, et vous trouverez g\u00e9n\u00e9ralement des personnes dispos\u00e9es \u00e0 vous aider avec le sourire.<\/p>","protected":false},"excerpt":{"rendered":"<p>Brisbane, appel\u00e9e Meanjin en langue turrbal, est la capitale dynamique du Queensland, l&#039;Australie. Avec pr\u00e8s de 2,6 millions d&#039;habitants, cette ville est la troisi\u00e8me plus peupl\u00e9e d&#039;Australie et d&#039;Oc\u00e9anie. Nich\u00e9e au c\u0153ur du sud-est du Queensland, Brisbane est non seulement une ville, mais aussi une vaste zone m\u00e9tropolitaine regroupant plusieurs centres r\u00e9gionaux et villes. Strat\u00e9giquement situ\u00e9 sur une p\u00e9ninsule du fleuve Brisbane, \u00e0 environ 15 kilom\u00e8tres de son embouchure dans la baie de Moreton, le quartier central des affaires offre un m\u00e9lange unique de vie urbaine et de beaut\u00e9 naturelle.<\/p>","protected":false},"author":1,"featured_media":3298,"parent":9806,"menu_order":0,"comment_status":"closed","ping_status":"closed","template":"elementor_theme","meta":{"_eb_attr":"","footnotes":""},"class_list":["post-10201","page","type-page","status-publish","has-post-thumbnail"],"_links":{"self":[{"href":"https:\/\/travelshelper.com\/fr\/wp-json\/wp\/v2\/pages\/10201","targetHints":{"allow":["GET"]}}],"collection":[{"href":"https:\/\/travelshelper.com\/fr\/wp-json\/wp\/v2\/pages"}],"about":[{"href":"https:\/\/travelshelper.com\/fr\/wp-json\/wp\/v2\/types\/page"}],"author":[{"embeddable":true,"href":"https:\/\/travelshelper.com\/fr\/wp-json\/wp\/v2\/users\/1"}],"replies":[{"embeddable":true,"href":"https:\/\/travelshelper.com\/fr\/wp-json\/wp\/v2\/comments?post=10201"}],"version-history":[{"count":0,"href":"https:\/\/travelshelper.com\/fr\/wp-json\/wp\/v2\/pages\/10201\/revisions"}],"up":[{"embeddable":true,"href":"https:\/\/travelshelper.com\/fr\/wp-json\/wp\/v2\/pages\/9806"}],"wp:featuredmedia":[{"embeddable":true,"href":"https:\/\/travelshelper.com\/fr\/wp-json\/wp\/v2\/media\/3298"}],"wp:attachment":[{"href":"https:\/\/travelshelper.com\/fr\/wp-json\/wp\/v2\/media?parent=10201"}],"curies":[{"name":"wp","href":"https:\/\/api.w.org\/{rel}","templated":true}]}}