{"id":10153,"date":"2024-09-09T20:29:48","date_gmt":"2024-09-09T20:29:48","guid":{"rendered":"https:\/\/travelshelper.com\/staging\/?page_id=10153"},"modified":"2026-03-13T21:26:12","modified_gmt":"2026-03-13T21:26:12","slug":"canberra","status":"publish","type":"page","link":"https:\/\/travelshelper.com\/fr\/destinations\/australia-and-oceania\/australia\/canberra\/","title":{"rendered":"Canberra"},"content":{"rendered":"<p>Canberra, capitale australienne construite sur mesure, offre un visage diff\u00e9rent du pays. Situ\u00e9e \u00e0 l&#039;int\u00e9rieur des terres du Territoire de la capitale australienne, cette ville d&#039;environ 474\u00a0000 habitants (juin 2024) allie urbanisme planifi\u00e9 et environnement bois\u00e9. Canberra a \u00e9t\u00e9 cr\u00e9\u00e9e \u00e0 la suite d&#039;un concours international de design au d\u00e9but du XXe si\u00e8cle (dont la premi\u00e8re pierre a \u00e9t\u00e9 pos\u00e9e en 1913), un compromis entre Sydney et Melbourne. Aujourd&#039;hui, elle est le centre politique de l&#039;Australie, abritant le Parlement, les minist\u00e8res et les ambassades. Chaque jour, les longues rang\u00e9es de b\u00e2timents gouvernementaux blancs et les larges avenues arbor\u00e9es r\u00e9v\u00e8lent le caract\u00e8re de Canberra, haut lieu de la d\u00e9mocratie et de l&#039;expertise. La ville est verdoyante et ouverte \u2013 avec de nombreux parcs et des immeubles relativement bas \u2013 et se situe sur un plateau \u00e0 environ 578 m d&#039;altitude. Les \u00e9t\u00e9s sont chauds (souvent secs et avec des fronts orageux), tandis que les hivers sont froids pour l&#039;Australie (les gel\u00e9es sont fr\u00e9quentes et la lointaine cha\u00eene de Brindabella est souvent recouverte de neige). Canberra se trouve \u00e0 environ 280 km au sud-ouest de Sydney et \u00e0 660 km au sud de Brisbane par la route, nich\u00e9e au c\u0153ur de for\u00eats d&#039;eucalyptus et de collines vallonn\u00e9es. Sa cr\u00e9ation officielle remonte \u00e0 1913 (date du choix de \u00ab\u00a0Canberra\u00a0\u00bb)\u00a0; les anniversaires majeurs ont \u00e9t\u00e9 1927 (si\u00e8ge du Parlement) et 1988 (inauguration du nouveau Parlement). La ville abrite aujourd&#039;hui environ 170 ambassades et est r\u00e9put\u00e9e pour ses institutions culturelles et ses festivals nationaux.<\/p>\n<p>La population de Canberra (473\u00a0855 habitants \u00e0 la mi-2024) la rend plus petite que celle des grandes villes c\u00f4ti\u00e8res australiennes, mais c&#039;est la plus grande ville de l&#039;int\u00e9rieur du pays. La r\u00e9gion de Canberra (y compris les municipalit\u00e9s environnantes) couvre environ 814 km\u00b2. L&#039;\u00e9conomie est domin\u00e9e par le secteur public\u00a0: environ 29\u00a0% des personnes employ\u00e9es travaillent dans les agences gouvernementales f\u00e9d\u00e9rales. Les autres secteurs importants comprennent l&#039;\u00e9ducation (l&#039;Universit\u00e9 nationale australienne et d&#039;autres \u00e9tablissements d&#039;enseignement sup\u00e9rieur), la sant\u00e9 et les services professionnels. Le ch\u00f4mage dans la r\u00e9gion de Canberra est g\u00e9n\u00e9ralement inf\u00e9rieur \u00e0 la moyenne nationale, ce qui refl\u00e8te la demande de main-d&#039;\u0153uvre qualifi\u00e9e. Les niveaux de revenus sont relativement \u00e9lev\u00e9s (de nombreux r\u00e9sidents sont des fonctionnaires ou des professionnels dipl\u00f4m\u00e9s) et les prix de l&#039;immobilier, en particulier dans les banlieues verdoyantes, sont sup\u00e9rieurs \u00e0 la m\u00e9diane nationale. La vie quotidienne \u00e0 Canberra s&#039;articule autour du lac, des parcs et de la vie culturelle\u00a0: les gens font souvent du v\u00e9lo, de la voile ou du jogging autour du lac Burley Griffin. Le trac\u00e9 de la ville (avec ses ronds-points et ses avenues g\u00e9om\u00e9triques) encourage un rythme r\u00e9fl\u00e9chi et organis\u00e9 \u2013 Canberra \u00e9tait autrefois surnomm\u00e9e, par plaisanterie, \u00ab\u00a0lieu de rencontre\u00a0\u00bb en langue aborig\u00e8ne ou \u00ab\u00a0capitale du bush\u00a0\u00bb. Pr\u00e8s de la moiti\u00e9 de la population est n\u00e9e \u00e0 l&#039;\u00e9tranger et l&#039;anglais est universellement utilis\u00e9. Le fuseau horaire est l&#039;heure normale de l&#039;Est australien et, comme dans le reste de l&#039;Australie, la circulation se fait \u00e0 gauche.<\/p>\n<p>Canberra se situe dans le quadrant sud-est du continent australien, \u00e0 environ deux heures de route de Sydney vers l&#039;int\u00e9rieur des terres. Elle est entour\u00e9e par la cha\u00eene de Brindabella (\u00e0 l&#039;ouest) et la Cordill\u00e8re australienne toute proche, qui offrent \u00e0 la ville des vues panoramiques\u00a0; en hiver, on peut souvent apercevoir leurs sommets enneig\u00e9s depuis les rives du lac. La ville est perch\u00e9e \u00e0 environ 580\u00a0m\u00e8tres d&#039;altitude. Le climat est continental\u00a0: les \u00e9t\u00e9s peuvent d\u00e9passer les 30\u00a0\u00b0C plusieurs jours, tandis que les nuits d&#039;hiver descendent souvent en dessous de z\u00e9ro (le gel et m\u00eame une l\u00e9g\u00e8re neige au sol ne sont pas rares). Canberra re\u00e7oit environ 636\u00a0mm de pluie par an, r\u00e9partis uniform\u00e9ment, mais est \u00e9galement fr\u00e9quemment frapp\u00e9e par des vents de \u00ab\u00a0foehn\u00a0\u00bb (vents chauds et secs) qui peuvent rapidement faire grimper les temp\u00e9ratures hivernales. Contrairement \u00e0 l&#039;humidit\u00e9 de Brisbane, les hivers secs et les \u00e9t\u00e9s mod\u00e9r\u00e9s de Canberra lui conf\u00e8rent quatre saisons distinctes\u00a0: les feuillages d&#039;automne aux teintes rouge et or sont un spectacle populaire. La ville s&#039;articule autour du lac Burley Griffin, un lac artificiel, qui la divise en grands quartiers. Sur les rives du lac et les collines adjacentes (Black Mountain, Mount Ainslie), on trouve des sentiers de randonn\u00e9e et des panoramas d\u00e9gag\u00e9s. Malgr\u00e9 son emplacement \u00e0 l&#039;int\u00e9rieur des terres, Canberra poss\u00e8de de luxuriantes pin\u00e8des, des prairies ouvertes et des zones de brousse en pleine ville, t\u00e9moins du paysage pr\u00e9-urbain de la r\u00e9gion. Son climat et son environnement favorisent les \u00e9v\u00e9nements saisonniers en plein air (comme les cerisiers en fleurs au printemps \u00e0 Floriade, le plus grand festival floral du pays).<\/p>\n<p>L&#039;histoire de Canberra est assez r\u00e9cente. En 1908, le Parlement australien d\u00e9cida qu&#039;une nouvelle capitale nationale devait \u00eatre construite \u00e0 un emplacement interm\u00e9diaire entre Sydney et Melbourne. Le site fut choisi en 1909, et le projet de l&#039;architecte am\u00e9ricain Walter Burley Griffin fut retenu en 1913. La construction fut lente\u00a0; le nom \u00ab\u00a0Canberra\u00a0\u00bb fut officiellement publi\u00e9 au Journal officiel en 1913, mais le premier Parlement n&#039;ouvrit ses portes qu&#039;en 1927. La ville, am\u00e9nag\u00e9e avec des boulevards g\u00e9om\u00e9triques et de grands parcs, conserve encore aujourd&#039;hui cette \u00e9l\u00e9gance ordonn\u00e9e. Parmi les \u00e9tapes cl\u00e9s, citons la cr\u00e9ation de l&#039;Universit\u00e9 nationale australienne en 1946 (faisant de Canberra un centre de recherche) et l&#039;ouverture du nouveau Parlement permanent en 1988 (en remplacement du b\u00e2timent provisoire). Au milieu du si\u00e8cle, Canberra \u00e9tait devenue bien plus que de simples bureaux gouvernementaux\u00a0: les banlieues, l&#039;industrie et la culture s&#039;y d\u00e9veloppaient. De 1926 \u00e0 1931, Canberra fut bri\u00e8vement la capitale du Territoire d&#039;Australie centrale, aujourd&#039;hui disparu, avant de revenir au Territoire du Nord unifi\u00e9 en 1933. Canberra servit \u00e9galement de capitale temporaire de l&#039;Australie pendant la Seconde Guerre mondiale, lorsque le gouvernement \u00e9vacua Darwin. Si Canberra compte peu de b\u00e2timents tr\u00e8s anciens (en raison de sa courte histoire), ses archives, monuments et mus\u00e9es t\u00e9moignent avec soin de ces \u00e9v\u00e9nements fondateurs. La double origine de la ville \u2013 ville d&#039;art et centre d\u00e9mocratique \u2013 signifie que chaque annonce budg\u00e9taire nationale ou \u00e9lection y est v\u00e9cue, conf\u00e9rant \u00e0 Canberra une place unique dans l&#039;histoire de l&#039;Australie.<\/p>\n<p>Le caract\u00e8re local de Canberra allie formalit\u00e9 bureaucratique et une surprenante touche cr\u00e9ative. La ville abrite de nombreux bureaux gouvernementaux (les fonctionnaires f\u00e9d\u00e9raux sont d&#039;ailleurs parfois appel\u00e9s \u00ab\u00a0Canberrans\u00a0\u00bb), ce qui lui conf\u00e8re une atmosph\u00e8re sobre et ordonn\u00e9e. Cependant, la pr\u00e9sence de galeries d&#039;art nationales, d&#039;universit\u00e9s et de groupes de r\u00e9flexion insuffle \u00e0 la vie culturelle une touche d&#039;intellect et d&#039;innovation. Les habitants sont g\u00e9n\u00e9ralement des professionnels instruits\u00a0; les conversations dans les caf\u00e9s locaux tournent souvent autour de la politique, des sciences ou des arts. Malgr\u00e9 cela, le rythme social de la ville est d\u00e9tendu\u00a0: on fait la queue poliment aux caf\u00e9s de George Street, et il est courant que les coll\u00e8gues des services gouvernementaux s&#039;appellent par leur pr\u00e9nom. Les Australiens remarquent souvent que Canberra est une ville \u00ab\u00a0d\u00e9termin\u00e9e\u00a0\u00bb sans \u00eatre surpeupl\u00e9e\u00a0: de larges espaces entre les b\u00e2timents et m\u00eame le centre-ville para\u00eet spacieux. Son style de vie a des notes de plein air\u00a0: le v\u00e9lo est tr\u00e8s pr\u00e9sent (avec des pistes d\u00e9di\u00e9es), l&#039;aviron sur le lac est courant et les banlieues comme Braddon regorgent de restaurants branch\u00e9s. Canberra poss\u00e8de \u00e9galement une forte culture des festivals et des \u00e9v\u00e9nements. Les principaux \u00e9v\u00e9nements annuels incluent Floriade (festival printanier des fleurs qui attire des centaines de milliers de personnes) et Enlighten (festival hivernal de lumi\u00e8res et de musique mettant en valeur le Parlement et d&#039;autres b\u00e2timents illumin\u00e9s). Des \u00e9v\u00e9nements sportifs (test de cricket au Manuka Oval ou festival automobile Summernats) rassemblent la communaut\u00e9.<\/p>\n<p>Il est important de noter que Canberra abrite la quasi-totalit\u00e9 des plus grandes institutions culturelles d&#039;Australie\u00a0: le Mus\u00e9e national, la Biblioth\u00e8que nationale, la Galerie nationale et le centre scientifique Questacon, pour n&#039;en citer que quelques-unes. Les habitants ont ainsi facilement acc\u00e8s \u00e0 des expositions de renomm\u00e9e mondiale, aux archives nationales et aux forums. La pr\u00e9sence de diplomates et d&#039;\u00e9tudiants internationaux ajoute \u00e9galement une touche cosmopolite\u00a0: on entend souvent parler plusieurs langues dans les rues de Civic. Malgr\u00e9 ses origines bureaucratiques, le c\u0153ur de la ville est imaginatif et citoyen\u00a0; les habitants se targuent souvent de rendre Canberra \u00ab\u00a0digne\u00a0\u00bb d&#039;\u00eatre la capitale. Cela engendre de subtiles particularit\u00e9s\u00a0: par exemple, les horaires d&#039;ouverture des parcs et les zones fumeurs sont strictement d\u00e9finis, mais on y voit aussi des musiciens de rue jouer dans les rues ou des conf\u00e9rences publiques improvis\u00e9es sur les places. Au quotidien, les Canberrais appr\u00e9cient le plein air (les nombreux parcs de la ville et le lac pittoresque sont des lieux de pique-nique populaires) et sont g\u00e9n\u00e9ralement soucieux de leur sant\u00e9. N&#039;importe quel jour, vous pourriez croiser des gens promener leur chien sur le sentier du sommet de la tour Telstra ou acheter des produits frais au march\u00e9. Politiquement, la population penche l\u00e9g\u00e8rement \u00e0 gauche, \u00e0 l&#039;image des nombreux fonctionnaires. Pourtant, comme partout en Australie, la convivialit\u00e9 r\u00e8gne\u00a0: les commer\u00e7ants vous saluent et les automobilistes vous laissent passer si vous leur faites signe de vous arr\u00eater. Canberra \u00e9voque ainsi \u00e0 la fois le si\u00e8ge du gouvernement et une petite ville anim\u00e9e\u00a0: une dualit\u00e9 int\u00e9ressante entre institution solennelle et chaleur humaine.<\/p>\n<p>Dominant le Triangle parlementaire, le Parlement (avec son m\u00e2t dor\u00e9) est le si\u00e8ge symbolique et litt\u00e9ral du gouvernement australien. Les visites du b\u00e2timent sont une activit\u00e9 incontournable\u00a0: les visiteurs peuvent parcourir les salles du S\u00e9nat et de la Chambre des repr\u00e9sentants, admirer des \u0153uvres d&#039;art et assister \u00e0 la s\u00e9ance de questions. Au-del\u00e0 de la politique, les attractions de Canberra sont ax\u00e9es sur le patrimoine national. Juste en dessous du Parlement se trouve le M\u00e9morial australien de la guerre, un mus\u00e9e et un sanctuaire d\u00e9di\u00e9s aux soldats australiens\u00a0; il propose des expositions poignantes et une \u00e9mouvante c\u00e9r\u00e9monie quotidienne d&#039;hommage. \u00c0 proximit\u00e9 se trouvent la National Gallery (qui expose des \u0153uvres d&#039;art aborig\u00e8ne et des collections internationales), la National Library (qui abrite des documents historiques comme des journaux coloniaux) et le National Museum of Australia (consacr\u00e9 \u00e0 l&#039;histoire sociale et culturelle), qui comptent tous parmi les institutions incontournables de la ville. La City Hill et l&#039;Anzac Parade de Civic sont bord\u00e9es de monuments d\u00e9di\u00e9s \u00e0 des personnages et \u00e9v\u00e9nements historiques, refl\u00e9tant le r\u00f4le de la capitale dans la construction de l&#039;identit\u00e9 nationale.<\/p>\n<p>En dehors du centre, la beaut\u00e9 naturelle de la ville est une attraction en soi. Le lac Burley Griffin, cr\u00e9\u00e9 par la construction d&#039;un barrage sur la rivi\u00e8re Molonglo, offre de pittoresques promenades le long du rivage, des balades en bateau et des vues sur les montagnes par temps clair. \u00c0 l&#039;est se trouvent le mont Ainslie et \u00e0 l&#039;ouest la montagne Black (o\u00f9 se trouve la tour Telstra)\u00a0; tous deux sont faciles d&#039;acc\u00e8s et offrent aux randonneurs des vues imprenables sur la ville. Canberra regorge de parcs et de r\u00e9serves\u00a0: les jardins botaniques nationaux australiens pr\u00e9sentent des plantes indig\u00e8nes, tandis que le parc national de Namadgi (au sud-ouest) pr\u00e9serve le bush et les sites du patrimoine aborig\u00e8ne. Les \u00e9v\u00e9nements saisonniers attirent les touristes\u00a0: au printemps, la capitale se couvre de fleurs (Floriade), et en hiver, le feu d&#039;artifice Skyfire du r\u00e9veillon du Nouvel An illumine le lac et les b\u00e2timents qui le bordent (dans le cadre d&#039;Enlighten Canberra). Enfin, chaque 25\u00a0avril, les comm\u00e9morations de l&#039;Anzac Day attirent une foule immense, culminant avec des services \u00e0 l&#039;aube aux monuments aux morts \u2013 une tradition bien ancr\u00e9e dans la capitale. En r\u00e9sum\u00e9, les attractions de Canberra sont un m\u00e9lange d&#039;activit\u00e9s \u00e9ducatives et pittoresques : explorer ses monuments vous apprend l&#039;histoire de l&#039;Australie, tandis que son environnement - parcs, bois d&#039;eucalyptus et panoramas am\u00e9nag\u00e9s - offre un contraste doux et r\u00e9fl\u00e9chi avec la vie urbaine.<\/p>\n<p>Canberra poss\u00e8de son propre a\u00e9roport (Canberra Airport, CBR), situ\u00e9 \u00e0 seulement 8 km du centre-ville, et propose des vols directs vers toutes les grandes villes australiennes. Le trajet depuis Sydney dure environ 3 \u00e0 3,5 heures par la Hume Highway, et Canberra est \u00e0 environ 660 km de Brisbane par l&#039;autoroute int\u00e9rieure (environ 7 heures de trajet). Un train (NSW TrainLink) et des services d&#039;autocars relient \u00e9galement Canberra \u00e0 Sydney et Melbourne quotidiennement.<\/p>\n<p>La conception de la ville la rend relativement adapt\u00e9e \u00e0 la voiture. Les routes sont larges (souvent dot\u00e9es de ronds-points et de terre-pleins centraux) et le stationnement est abondant et g\u00e9n\u00e9ralement gratuit. Un r\u00e9seau de bus public bien desservi (les bus ACTION) dessert toutes les banlieues, et une ligne de tramway l\u00e9ger (ouverte en 2019) relie le centre-ville \u00e0 Gungahlin. Le v\u00e9lo est populaire\u00a0: des pistes cyclables sillonnent la ville et des sentiers longent le lac. Si vous conduisez, pensez \u00e0 rester \u00e0 gauche et \u00e0 faire attention aux ronds-points. Le plan de la ville, avec ses axes et ses cercles, peut sembler quadrill\u00e9 au centre, mais suburbain en p\u00e9riph\u00e9rie. Les applications de navigation ou une carte sont donc utiles pour les nouveaux visiteurs.<\/p>\n<p>La monnaie de Canberra est le dollar australien. Les pourboires ne sont pas obligatoires (le personnel de service per\u00e7oit un salaire standard)\u00a0; tout pourboire est enti\u00e8rement facultatif. L&#039;anglais est parl\u00e9 partout\u00a0; policiers, baristas et habitants r\u00e9pondent g\u00e9n\u00e9ralement avec amabilit\u00e9 aux questions. Canberra est r\u00e9put\u00e9e pour sa propret\u00e9 et son ordre\u00a0: les poubelles de recyclage sont courantes, et des panneaux ou des habitants vous rappelleront (par des habitants) de recycler et d&#039;\u00e9conomiser l&#039;eau. En \u00e9t\u00e9, le soleil peut \u00eatre fort\u00a0; il est donc conseill\u00e9 d&#039;utiliser de la cr\u00e8me solaire, m\u00eame pendant les hivers ensoleill\u00e9s de Canberra. Le num\u00e9ro d&#039;urgence de Canberra est toujours le 000.<\/p>\n<p>Les Canberriens ont tendance \u00e0 \u00eatre francs et impartiaux. La courtoisie \u00e9l\u00e9mentaire \u2013 faire la queue, serrer la main, tenir la porte \u2013 est essentielle. Compte tenu de la concentration de personnel d&#039;ambassade et de personnalit\u00e9s politiques, la tenue vestimentaire lors d&#039;\u00e9v\u00e9nements ou dans les restaurants gastronomiques peut \u00eatre plus formelle que dans d&#039;autres villes australiennes (costumes d&#039;affaires ou tenues d\u00e9contract\u00e9es et soign\u00e9es). En revanche, \u00e0 l&#039;heure du d\u00e9jeuner ou le week-end, vous verrez \u00e9galement des costumes se m\u00ealer \u00e0 des tenues de v\u00e9lo ou des chaussures de randonn\u00e9e\u00a0; la culture d\u00e9contract\u00e9e des activit\u00e9s de plein air de la ville permet de voir les deux. Les r\u00e8gles australiennes (port de la ceinture de s\u00e9curit\u00e9, interdiction de fumer dans les espaces publics ferm\u00e9s, interdiction de boire dans les parcs, sauf dans les zones d\u00e9sign\u00e9es) s&#039;appliquent \u00e9galement ici. Enfin, n&#039;oubliez pas que de nombreuses attractions sont des institutions publiques\u00a0: elles observent les jours f\u00e9ri\u00e9s australiens. Le jour de l&#039;ANZAC (25\u00a0avril), par exemple, toute la ville c\u00e9l\u00e8bre une messe solennelle \u00e0 l&#039;aube et les bureaux publics sont ferm\u00e9s. Mais la plupart des autres jours, Canberra suit son cours normal, et les visiteurs pourront facilement profiter des mus\u00e9es, des caf\u00e9s et des activit\u00e9s de plein air.<\/p>","protected":false},"excerpt":{"rendered":"<p>Capitale de l&#039;Australie, Canberra allie avec brio modernisme, histoire et culture. N\u00e9e de la f\u00e9d\u00e9ration des colonies australiennes, elle est devenue le si\u00e8ge du gouvernement du pays nouvellement cr\u00e9\u00e9. Aujourd&#039;hui, elle est non seulement la plus grande ville de l&#039;int\u00e9rieur des terres d&#039;Australie, mais aussi la huiti\u00e8me plus grande. S&#039;\u00e9levant \u00e0 l&#039;extr\u00e9mit\u00e9 nord des Alpes australiennes, la plus haute cha\u00eene de montagnes du pays, Canberra se dresse fi\u00e8rement en juin 2023, avec une population estim\u00e9e \u00e0 466\u00a0566 habitants.<\/p>","protected":false},"author":1,"featured_media":4498,"parent":9806,"menu_order":0,"comment_status":"closed","ping_status":"closed","template":"elementor_theme","meta":{"_eb_attr":"","footnotes":""},"class_list":["post-10153","page","type-page","status-publish","has-post-thumbnail"],"_links":{"self":[{"href":"https:\/\/travelshelper.com\/fr\/wp-json\/wp\/v2\/pages\/10153","targetHints":{"allow":["GET"]}}],"collection":[{"href":"https:\/\/travelshelper.com\/fr\/wp-json\/wp\/v2\/pages"}],"about":[{"href":"https:\/\/travelshelper.com\/fr\/wp-json\/wp\/v2\/types\/page"}],"author":[{"embeddable":true,"href":"https:\/\/travelshelper.com\/fr\/wp-json\/wp\/v2\/users\/1"}],"replies":[{"embeddable":true,"href":"https:\/\/travelshelper.com\/fr\/wp-json\/wp\/v2\/comments?post=10153"}],"version-history":[{"count":0,"href":"https:\/\/travelshelper.com\/fr\/wp-json\/wp\/v2\/pages\/10153\/revisions"}],"up":[{"embeddable":true,"href":"https:\/\/travelshelper.com\/fr\/wp-json\/wp\/v2\/pages\/9806"}],"wp:featuredmedia":[{"embeddable":true,"href":"https:\/\/travelshelper.com\/fr\/wp-json\/wp\/v2\/media\/4498"}],"wp:attachment":[{"href":"https:\/\/travelshelper.com\/fr\/wp-json\/wp\/v2\/media?parent=10153"}],"curies":[{"name":"wp","href":"https:\/\/api.w.org\/{rel}","templated":true}]}}