{"id":10119,"date":"2024-09-09T19:24:20","date_gmt":"2024-09-09T19:24:20","guid":{"rendered":"https:\/\/travelshelper.com\/staging\/?page_id=10119"},"modified":"2026-03-13T21:44:12","modified_gmt":"2026-03-13T21:44:12","slug":"falls-creek","status":"publish","type":"page","link":"https:\/\/travelshelper.com\/fr\/destinations\/australia-and-oceania\/australia\/falls-creek\/","title":{"rendered":"Falls Creek"},"content":{"rendered":"<p>Falls Creek est un minuscule village alpin ouvert toute l&#039;ann\u00e9e, avec une tr\u00e8s petite communaut\u00e9 permanente. En r\u00e9alit\u00e9, seulement 200 personnes environ y vivent \u00e0 temps plein en \u00e9t\u00e9, mais ce nombre augmente consid\u00e9rablement chaque hiver\u00a0: la station peut accueillir jusqu&#039;\u00e0 5\u00a0600 r\u00e9sidents en haute saison. Cette forte croissance refl\u00e8te les 4\u00a0500 lits d&#039;h\u00e9bergement et les h\u00e9bergements d&#039;hiver du village. Par cons\u00e9quent, son \u00e9conomie repose presque enti\u00e8rement sur le tourisme. Un rapport gouvernemental souligne que Falls Creek \u00ab\u00a0contribue significativement \u00e0 l&#039;\u00e9conomie de la r\u00e9gion\u00a0\u00bb et g\u00e9n\u00e8re d&#039;importants emplois saisonniers. Au cours d&#039;une ann\u00e9e typique (avant la pand\u00e9mie), les recettes touristiques totales de Falls Creek s&#039;\u00e9levaient \u00e0 environ 12 millions de dollars australiens. La population permanente \u00e9tant faible (y compris les \u00e9l\u00e8ves de son \u00e9cole primaire ouverte toute l&#039;ann\u00e9e), l&#039;\u00e9conomie locale repose sur les chalets de ski, les restaurants et les locations. Au plus fort de l&#039;hiver, la station grouille de milliers de skieurs et de snowboarders\u00a0; en \u00e9t\u00e9, elle s&#039;installe dans un rythme plus calme, celui des randonneurs et des v\u00e9t\u00e9tistes.<\/p>\n<p>Falls Creek se trouve au c\u0153ur des Alpes victoriennes, dans le sud-est de l&#039;Australie. Le village se trouve au c\u0153ur du parc national alpin, \u00e0 environ 350 km au nord-est de Melbourne (environ 5 \u00e0 6 heures de route). Il occupe un haut plateau \u00e0 environ 1\u00a0600 m d&#039;altitude (altitude de base\u00a0: 1\u00a0500 m, remont\u00e9e m\u00e9canique \u00e0 1\u00a0780 m). La petite ville la plus proche est Mount Beauty, \u00e0 environ 30 km. G\u00e9ographiquement, Falls Creek fait partie de la r\u00e9gion de Hume, dans l&#039;\u00c9tat de Victoria, et est entour\u00e9e de cha\u00eenes de montagnes escarp\u00e9es. Des plaines enneig\u00e9es et des for\u00eats alpines bordent la station. Le climat est froid et neigeux pendant de nombreux mois\u00a0: la station est class\u00e9e comme zone oc\u00e9anique\/subpolaire froide, avec des \u00e9t\u00e9s courts et frais et des hivers tr\u00e8s enneig\u00e9s. Falls Creek re\u00e7oit en moyenne environ quatre m\u00e8tres de neige chaque hiver, ce qui permet aux pistes de ski d&#039;\u00eatre ouvertes g\u00e9n\u00e9ralement de juin \u00e0 septembre. Les journ\u00e9es d&#039;\u00e9t\u00e9 sont douces, souvent claires et ensoleill\u00e9es, mais les nuits peuvent \u00eatre assez fra\u00eeches. En bref, le d\u00e9cor de Falls Creek est un v\u00e9ritable environnement de haute montagne sur le continent australien, avec des for\u00eats de pins et des lacs gel\u00e9s laissant place \u00e0 de vastes champs de neige en hiver.<\/p>\n<p>Les origines de Falls Creek remontent \u00e0 l&#039;apr\u00e8s-guerre, au milieu du XXe si\u00e8cle. Apr\u00e8s la Seconde Guerre mondiale et la construction du projet hydro\u00e9lectrique voisin de Kiewa, touristes et militaires ont commenc\u00e9 \u00e0 skier dans les hautes terres. En 1948, des ing\u00e9nieurs y ont construit le premier refuge de ski rudimentaire. Un t\u00e9l\u00e9ski a \u00e9t\u00e9 install\u00e9 en 1951 et, en 1957, Falls Creek s&#039;est dot\u00e9e du premier t\u00e9l\u00e9si\u00e8ge d&#039;Australie. Le \u00ab village \u00bb s&#039;est lentement d\u00e9velopp\u00e9\u00a0: un bureau de poste a ouvert en juin 1958, marquant sa reconnaissance officielle. Pendant des d\u00e9cennies, Falls Creek \u00e9tait essentiellement une zone d&#039;\u00e9levage de b\u00e9tail en \u00e9t\u00e9, utilis\u00e9e comme p\u00e2turage pendant les mois chauds. La situation a chang\u00e9 au d\u00e9but des ann\u00e9es 2000, lorsque le p\u00e2turage a finalement \u00e9t\u00e9 interdit afin de prot\u00e9ger le fragile environnement alpin. Depuis, la station a gagn\u00e9 en notori\u00e9t\u00e9. Un tournant majeur a eu lieu en 2019, lorsque l&#039;op\u00e9rateur mondial de ski Vail Resorts (connu pour poss\u00e9der Perisher en Nouvelle-Galles du Sud) a rachet\u00e9 Falls Creek (avec le mont Hotham) pour environ 174 millions de dollars australiens. Aujourd&#039;hui, m\u00eame si Falls Creek a l&#039;allure d&#039;un village de ski moderne, il reste quelques vestiges anciens (par exemple un petit mus\u00e9e et les \u00ab cabanes patrimoniales \u00bb sous les pistes) qui rappellent l&#039;\u00e9poque des pionniers, avec ses cabanes et ses t\u00e9l\u00e9skis.<\/p>\n<p>La culture de Falls Creek est tr\u00e8s proche de celle d&#039;un village de ski alpin. La langue dominante est l&#039;anglais, et la communaut\u00e9 est majoritairement compos\u00e9e d&#039;Australiens (souvent des Victoriens qui travaillent comme moniteurs de ski et employ\u00e9s de la station). Le mode de vie des \u00ab\u00a0ski bum\u00a0\u00bb est temp\u00e9r\u00e9 par la vie familiale\u00a0; le village poss\u00e8de m\u00eame une \u00e9cole primaire ouverte toute l&#039;ann\u00e9e. En hiver, le rythme est ax\u00e9 sur la montagne, mais \u00e0 la nuit tomb\u00e9e, l&#039;ambiance est anim\u00e9e\u00a0: le centre du village regorge de bars et de quelques discoth\u00e8ques pour divertir les skieurs et les snowboardeurs. Les visiteurs ressentent souvent une atmosph\u00e8re conviviale et sans pr\u00e9tention\u00a0; les Australiens du coin se m\u00ealent aux visiteurs internationaux venus pour la poudreuse. Les traditions locales incluent les f\u00eates de fin d&#039;ann\u00e9e et les courses de ski. Deux \u00e9v\u00e9nements phares illustrent cette ambiance\u00a0: le Kangaroo Hoppet, un marathon de ski de fond de 42\u00a0km organis\u00e9 chaque ann\u00e9e en ao\u00fbt, attire des milliers de skieurs australiens et internationaux. D\u00e9but septembre, la station accueille \u00ab\u00a0Stylewars\u00a0\u00bb, une comp\u00e9tition de snowboard slopestyle qui r\u00e9unit des riders australiens et internationaux dans ses snowparks. Ces deux \u00e9v\u00e9nements cr\u00e9ent une ambiance festive dans le village. En \u00e9t\u00e9, l&#039;atmosph\u00e8re change\u00a0: la ville devient tr\u00e8s calme en comparaison, les visiteurs troquant leurs skis contre des chaussures de randonn\u00e9e et des v\u00e9los. En r\u00e9sum\u00e9, Falls Creek ressemble \u00e0 une communaut\u00e9 montagnarde authentique, avec une culture du plein air et une saison touristique courte mais dynamique.<\/p>\n<p>L&#039;attrait principal de Falls Creek est de loin son relief montagneux. La station compte environ 76 pistes de ski desservies par 16 remont\u00e9es m\u00e9caniques. Ces pistes dam\u00e9es (des pistes faciles pour d\u00e9butants aux pistes noires raides) attirent les skieurs de tous niveaux. En hiver, le ski ou le snowboard sur les pistes de Falls Creek, dont une piste de 3 km appel\u00e9e \u00ab\u00a0Wishing Well\u00a0\u00bb, constitue l&#039;exp\u00e9rience incontournable. Pour de nombreux visiteurs, c&#039;est l&#039;essence m\u00eame de Falls Creek. En \u00e9t\u00e9, les pentes gel\u00e9es se fondent dans un paysage diff\u00e9rent\u00a0: Falls Creek est r\u00e9put\u00e9e pour son parc de VTT, tr\u00e8s appr\u00e9ci\u00e9. La station offre des dizaines de kilom\u00e8tres de pistes cyclables serpentant \u00e0 travers la for\u00eat alpine. D&#039;ailleurs, les brochures officielles de la station qualifient Falls Creek de \u00ab\u00a0Mecque des sports de plein air\u00a0\u00bb estival, avec des possibilit\u00e9s de randonn\u00e9e, de course \u00e0 pied et de v\u00e9lo autour du lac Rocky Valley et des cr\u00eates environnantes. Parmi les autres attractions, citons les cabanes historiques des \u00e9leveurs (comme Wallace&#039;s Hut et Johanna&#039;s Hut) au pied du mont McKay, vestiges de l&#039;ancienne \u00e9poque du p\u00e2turage, o\u00f9 les visiteurs peuvent se replonger dans la vie alpine du milieu du XIXe si\u00e8cle. Dans le village m\u00eame, le complexe de Falls Creek Alpine Resort, un ensemble d&#039;h\u00f4tels, de g\u00eetes et de boutiques skis aux pieds, est souvent le centre d&#039;activit\u00e9. Les pistes de ski de fond locales (65 km de boucles dam\u00e9es autour du village et des sommets voisins) sont de renomm\u00e9e mondiale, ce qui incite de nombreux visiteurs \u00e0 s&#039;essayer au ski de fond ou aux raquettes. En bref, les incontournables de Falls Creek sont ses propres n\u00e9v\u00e9s en hiver et ses sentiers de randonn\u00e9e et de VTT en \u00e9t\u00e9\u00a0; le paysage montagneux est l&#039;attraction principale.<\/p>\n<p>Se rendre \u00e0 Falls Creek n\u00e9cessite une certaine pr\u00e9paration. L&#039;a\u00e9roport principal le plus proche est celui d&#039;Albury (dans le sud de la Nouvelle-Galles du Sud, \u00e0 environ 130 km), mais de nombreux visiteurs atterrissent \u00e0 Melbourne (a\u00e9roport de Tullamarine) puis se rendent \u00e0 la station en voiture ou en autocar. Le trajet depuis Melbourne est d&#039;environ 350 km (environ 5 \u00e0 6 heures de route) par la Hume Freeway et la Alpine Road. Le village est accessible par la Bogong High Plains Road depuis la ville de Mount Beauty. Cette route de haute montagne est ouverte toute l&#039;ann\u00e9e, mais en hiver, les visiteurs doivent se munir de cha\u00eenes \u00e0 neige en cas de verglas ou de neige \u00e9paisse. D&#039;ailleurs, les routes du village de Falls Creek sont enti\u00e8rement pi\u00e9tonnes pendant la majeure partie de la saison de ski (la station a indiqu\u00e9 qu&#039;en hiver, ses routes ont \u00e9t\u00e9 ferm\u00e9es aux v\u00e9hicules pendant 93 jours en 2022), ce qui signifie que les visiteurs se garent au pied du village et peuvent skier ou marcher jusqu&#039;au village. Une navette gratuite circule les jours de verglas pour faciliter le transport jusqu&#039;aux refuges. Dans le village, tout est praticable \u00e0 pied ou \u00e0 ski. (En \u00e9t\u00e9, la route des hautes plaines de Bogong depuis Omeo et la route de Bogong sont particuli\u00e8rement appr\u00e9ci\u00e9es des cyclistes, avec des \u00e9v\u00e9nements comme le Peaks Challenge annuel qui se d\u00e9roule dans la r\u00e9gion.) Conseils de base pour les visiteurs : Falls Creek utilise des dollars australiens et l&#039;anglais est parl\u00e9 partout. Le code vestimentaire en hiver est le port de v\u00eatements d&#039;ext\u00e9rieur superpos\u00e9s ; en \u00e9t\u00e9, il peut faire frais sur la colline la nuit. Le bon sens en mati\u00e8re de s\u00e9curit\u00e9 en montagne s&#039;applique : restez sur les sentiers balis\u00e9s en hiver, surveillez les changements de temps et, en \u00e9t\u00e9, utilisez une protection solaire. Le service mobile est irr\u00e9gulier aux altitudes les plus \u00e9lev\u00e9es, alors planifiez \u00e0 l&#039;avance. Dans l&#039;ensemble, les visiteurs doivent \u00eatre conscients que Falls Creek est isol\u00e9 et en haute altitude - il est sage de pr\u00e9voir un temps de trajet suppl\u00e9mentaire en hiver et de se pr\u00e9parer au froid.<\/p>","protected":false},"excerpt":{"rendered":"<p>Nich\u00e9e au c\u0153ur des magnifiques Alpes victoriennes, la station de ski de Falls Creek est le refuge id\u00e9al pour les aventures alpines en Australie. Situ\u00e9e dans la r\u00e9gion de Hume, au sein du parc national alpin, au nord-est de l&#039;\u00c9tat de Victoria, cette station se trouve \u00e0 environ 350 kilom\u00e8tres de Melbourne\u00a0; Mount Beauty, la ville la plus proche, est \u00e0 seulement 30 kilom\u00e8tres. S&#039;\u00e9levant de 1\u00a0500 \u00e0 1\u00a0830 m\u00e8tres d&#039;altitude, la station culmine \u00e0 1\u00a0780 m\u00e8tres. Pour les amateurs de d\u00e9nivel\u00e9 plus important, le sommet voisin du mont McKay, culminant \u00e0 1\u00a0842 m\u00e8tres, est accessible en dameuse depuis la station.<\/p>","protected":false},"author":1,"featured_media":2902,"parent":9806,"menu_order":0,"comment_status":"closed","ping_status":"closed","template":"elementor_theme","meta":{"_eb_attr":"","footnotes":""},"class_list":["post-10119","page","type-page","status-publish","has-post-thumbnail"],"_links":{"self":[{"href":"https:\/\/travelshelper.com\/fr\/wp-json\/wp\/v2\/pages\/10119","targetHints":{"allow":["GET"]}}],"collection":[{"href":"https:\/\/travelshelper.com\/fr\/wp-json\/wp\/v2\/pages"}],"about":[{"href":"https:\/\/travelshelper.com\/fr\/wp-json\/wp\/v2\/types\/page"}],"author":[{"embeddable":true,"href":"https:\/\/travelshelper.com\/fr\/wp-json\/wp\/v2\/users\/1"}],"replies":[{"embeddable":true,"href":"https:\/\/travelshelper.com\/fr\/wp-json\/wp\/v2\/comments?post=10119"}],"version-history":[{"count":0,"href":"https:\/\/travelshelper.com\/fr\/wp-json\/wp\/v2\/pages\/10119\/revisions"}],"up":[{"embeddable":true,"href":"https:\/\/travelshelper.com\/fr\/wp-json\/wp\/v2\/pages\/9806"}],"wp:featuredmedia":[{"embeddable":true,"href":"https:\/\/travelshelper.com\/fr\/wp-json\/wp\/v2\/media\/2902"}],"wp:attachment":[{"href":"https:\/\/travelshelper.com\/fr\/wp-json\/wp\/v2\/media?parent=10119"}],"curies":[{"name":"wp","href":"https:\/\/api.w.org\/{rel}","templated":true}]}}