{"id":9957,"date":"2024-09-09T13:05:58","date_gmt":"2024-09-09T13:05:58","guid":{"rendered":"https:\/\/travelshelper.com\/staging\/?page_id=9957"},"modified":"2026-03-13T21:36:20","modified_gmt":"2026-03-13T21:36:20","slug":"thredbo","status":"publish","type":"page","link":"https:\/\/travelshelper.com\/es\/destinations\/australia-and-oceania\/australia\/thredbo\/","title":{"rendered":"Thredbo"},"content":{"rendered":"<p>Ubicado en el Parque Nacional Kosciuszko, Thredbo Alpine Village es el pueblo tur\u00edstico m\u00e1s alto de Australia. Se encuentra en un valle boscoso de la cordillera Ramshead, aproximadamente a 500 km al sur de S\u00eddney. El centro del pueblo es un paseo peatonal de estilo alpino con tiendas, albergues y tabernas, un contraste deliberado con el Perisher, m\u00e1s disperso. A pesar de su tama\u00f1o (solo unos 477 residentes permanentes), Thredbo puede albergar a miles de visitantes: el complejo mantiene aproximadamente 4150 camas para hu\u00e9spedes. En un fin de semana completo de invierno, las calles de Thredbo se llenan de gente esquiando, y los remontes funcionan sin parar dando servicio a 14 de ellos, incluyendo una telecabina para ocho personas que alcanza los 1989 m en la cima (el <em>Estaci\u00f3n superior<\/em>). Sorprendentemente, Thredbo&#039;s Village Run es la pista de esqu\u00ed alpino continua m\u00e1s larga de Australia (unos 5 km desde Karel&#039;s T-Bar hasta el borde del pueblo).<\/p>\n<p>Thredbo cuenta con unas 480 hect\u00e1reas de terreno esquiable, una extensi\u00f3n menor que Perisher, pero que compensa con su desnivel y la calidad de sus remontes. Su cima se encuentra a 2037 m y su base a 1365 m, lo que la convierte en una de las estaciones de esqu\u00ed m\u00e1s altas de Nueva Gales del Sur. Los deportes de invierno dominan la econom\u00eda: Thredbo atrae a unos 700\u00a0000 visitantes cada a\u00f1o, atra\u00eddos por sus snowparks, pistas de baches y pistas preparadas. En verano, Thredbo sigue prosperando: unos 300\u00a0000 visitantes acuden para practicar senderismo, ciclismo de monta\u00f1a y asistir a festivales, lo que la convierte en una de las \u00fanicas estaciones alpinas de Australia abiertas todo el a\u00f1o. El sistema de remontes (1 telecabina, 3 quads de alta velocidad, 5 telesillas y otros remontes) es de \u00faltima generaci\u00f3n, y los servicios del pueblo, desde escuelas de esqu\u00ed hasta restaurantes, funcionan todo el a\u00f1o.<\/p>\n<p>Thredbo se encuentra en el extremo sureste de Nueva Gales del Sur, en lo alto de los Alpes australianos. Se accede a trav\u00e9s de la carretera Alpine Way, que serpentea por Cooma y Jindabyne hacia el oeste, conectando con S\u00eddney o Canberra. El pueblo se asienta en la base del r\u00edo Crackenback (Thredbo), rodeado de altos eucaliptos nevados y picos como el monte Kosciuszko. En invierno, el paisaje es t\u00edpicamente alpino: \u00e1rboles cubiertos de nieve, aire fresco de monta\u00f1a y un r\u00edo cubierto de t\u00e9mpanos de hielo. Los veranos son frescos y verdes, con flores silvestres que tapizan las praderas. Thredbo est\u00e1 a 15 minutos en coche de Perisher, pero tiene un car\u00e1cter propio (hay un servicio de autob\u00fas que los conecta).<\/p>\n<p>El clima es alpino-mar\u00edtimo. Los inviernos traen nieve constante de junio a septiembre, con una media anual de nevadas de unos 2040 mm. Los d\u00edas de verano son templados (con temperaturas m\u00e1ximas de alrededor de 20 \u00b0C) y las noches pueden ser frescas. Debido a la estrechez del valle, las tormentas pueden azotar Thredbo r\u00e1pidamente, por lo que es importante consultar el pron\u00f3stico del tiempo.<\/p>\n<p>El pueblo moderno de Thredbo surgi\u00f3 como una visi\u00f3n durante la era del Proyecto Hidroel\u00e9ctrico de las Monta\u00f1as Snowy. En 1957, un consorcio que hab\u00eda trabajado en el Proyecto Snowy obtuvo el contrato de arrendamiento para desarrollar Thredbo. La leyenda cuenta que el nombre &#034;Thredbo&#034; proviene de un t\u00e9rmino aborigen para un cruce de r\u00edo local, aunque se desconocen muchos detalles. Los primeros telesillas se inauguraron a principios de la d\u00e9cada de 1980, y pronto un telesilla transport\u00f3 a los esquiadores a las altas cumbres. Para 1987, las instalaciones principales del pueblo de Thredbo fueron adquiridas por Amalgamated Holdings Ltd.<\/p>\n<p>El prestigio de Thredbo como estaci\u00f3n de esqu\u00ed se elev\u00f3 internacionalmente cuando alberg\u00f3 la carrera de descenso de la Copa del Mundo de Esqu\u00ed Alpino de la FIS en 1989 (la primera del hemisferio sur). En 1997, el telesilla Riverview de Thredbo y otras mejoras ampliaron el terreno, y en 1999 el pueblo inaugur\u00f3 el primer telef\u00e9rico de Australia. Con el tiempo, Thredbo adopt\u00f3 un encanto alpino m\u00e1s europeo: hoteles y restaurantes con balcones de madera, chefs europeos e incluso una cervecer\u00eda al aire libre para el apr\u00e8s-ski.<\/p>\n<p>A diferencia de Perisher, que se origin\u00f3 a partir de m\u00faltiples estaciones de esqu\u00ed, Thredbo se plane\u00f3 desde el principio como un pueblo integrado. Hoy en d\u00eda, su historia es visible en las placas conmemorativas de las primeras &#034;tropas de esqu\u00ed&#034; y en el antiguo bar Riverview T-Bar (que a\u00fan transporta lentamente a principiantes). El pueblo conserva un toque de su herencia de la d\u00e9cada de 1950 en los nombres de las calles (por ejemplo, Tin Can Ski Bar, construido en 1969 por trabajadores de la estaci\u00f3n) y un peque\u00f1o museo con recuerdos de la estaci\u00f3n. Para la d\u00e9cada del 2000, el n\u00famero de visitantes eclips\u00f3 el de cualquier ganadero de anta\u00f1o; algunas caba\u00f1as de los primeros ganaderos a\u00fan permanecen abandonadas en el desierto, m\u00e1s all\u00e1 de la estaci\u00f3n de esqu\u00ed.<\/p>\n<p>La cultura de Thredbo combina la relajada amabilidad australiana con un toque de estilo internacional de pueblo de esqu\u00ed. En invierno, el pueblo es animado, pero no fren\u00e9tico: los remontes est\u00e1n llenos por la ma\u00f1ana y por la tarde, las cafeter\u00edas bullen con charlas en diferentes acentos. Los turnos de trabajo en las cafeter\u00edas y tiendas de esqu\u00ed dan paso a acogedoras noches de invierno en los albergues. La variedad de visitantes \u2014familias locales, instructores de esqu\u00ed europeos, mochileros australianos\u2014 crea un ambiente social multicultural en las aceras y en las cervecer\u00edas. Muchos empleados han aprendido frases en sueco o alem\u00e1n simplemente charlando con los hu\u00e9spedes. Todos aqu\u00ed hablan ingl\u00e9s, por supuesto, pero saber decir &#034;schuss&#034; o &#034;Guten Morgen&#034; no es raro.<\/p>\n<p>Los eventos locales dan vida a Thredbo. Cada invierno se celebra la Iluminaci\u00f3n del Pueblo (la cuenta regresiva para las fiestas a principios de julio) con fuegos artificiales. El Fin de Semana Largo de Octubre es famoso por el Festival de Blues de Thredbo, un festival de m\u00fasica al aire libre de larga trayectoria que atrae a los aficionados al jazz y al blues. Durante el verano, se organizan carreras de bicicleta de monta\u00f1a y paseos guiados por las flores silvestres. Entre eventos, el esp\u00edritu comunitario es fuerte: se dice que si alguien desaparece en el pueblo (por ejemplo, si se olvida de volver de una noche en el bar), suele ser encontrado profundamente dormido en un colch\u00f3n extra en la habitaci\u00f3n de un amigo. La gente saluda a los desconocidos con una sonrisa o un gesto de asentimiento; los padres saben el nombre de pila de todos, y un sal\u00f3n carnavalesco de estilo australiano (el Tin Can Ski Bar) organiza sesiones espont\u00e1neas de canto.<\/p>\n<p>En general, el ambiente es c\u00e1lido y r\u00fastico. Las tiendas y las estaciones de esqu\u00ed recomiendan vestir de forma informal y natural (como prendas de punto gruesas y botas de nieve). Tras un d\u00eda en las pistas, es habitual ver caras bronceadas en la cena, disfrutando de un escalope o cordero asado, con un Pinot Europeo o de Tasmania en la mano. Los ni\u00f1os regresan cada noche para cenar en grupo en las estaciones, disfrutar de helados de punto y charlar animadamente sobre la nieve del d\u00eda. Aqu\u00ed se respira un ambiente de comunidad independiente; a diferencia de una gran ciudad, uno se encuentra con las mismas caras por todas partes, lo que le da a Thredbo un ambiente acogedor.<\/p>\n<p>Naturalmente, el esqu\u00ed es el principal atractivo de Thredbo. Las pistas de monta\u00f1a abarcan desde amplios senderos para principiantes en Friday Flat hasta empinadas rampas como Minaret y Pigs Head para expertos. El T-Bar de Perisher Range conecta con estas pistas. Fuera de pista, actividades como el senderismo alpino en verano son atractivos: los visitantes pueden caminar desde el pueblo de Thredbo hasta la cima del Kosciuszko (unos 18 km ida y vuelta) a trav\u00e9s de humedales subalpinos y campos de rocas. Otra delicia veraniega es el telesilla: el Kosciuszko Express abre en verano para hacer turismo y descender en bicicleta de monta\u00f1a.<\/p>\n<p>Para una excursi\u00f3n m\u00e1s tranquila, un paseo en telesilla hasta el restaurante Eagles Nest (el comedor en media monta\u00f1a) ofrece vistas panor\u00e1micas de los picos nevados con un caf\u00e9 con leche en la mano. Los amantes de la naturaleza pueden pescar truchas en el curso superior del r\u00edo Thredbo o observar a los brumbies salvajes (caballos asilvestrados) pastando en las altas llanuras. En invierno, quienes no esqu\u00edan disfrutan del trineo y de jugar en la nieve en la base.<\/p>\n<p>El pueblo en s\u00ed tambi\u00e9n es un atractivo. Su calle principal est\u00e1 repleta de caba\u00f1as de madera y restaurantes, desde el Hotel Alpine (con m\u00fasica en vivo los fines de semana) hasta modernos restaurantes de cocina internacional (tailandesa, italiana y australiana moderna). La vida nocturna apr\u00e8s-ski de Thredbo, aunque m\u00e1s reducida que la de Perisher, es encantadora. Los fines de semana por la noche, se pueden escuchar bandas en vivo en el Bar Alpine o encender la chimenea del Bar Schuss para disfrutar de una agradable velada musical. En el interior, el Centro de Ocio de Thredbo cuenta con piscina y gimnasio para relajarse.<\/p>\n<p>Una caracter\u00edstica \u00fanica de Thredbo es su paseo en telef\u00e9rico, una atracci\u00f3n en s\u00ed misma. Funciona durante todo el a\u00f1o y sube justo debajo de la cima, ofreciendo amplias vistas de las monta\u00f1as y las cordilleras lejanas. En un d\u00eda despejado, se puede ver Ko\u0161ciuszko y m\u00e1s all\u00e1: un panorama de reflejos del lago y campos de nieve.<\/p>\n<p>La naturaleza est\u00e1 literalmente a la vuelta de la esquina: los canguros ocasionalmente recorren el pueblo incluso en invierno, y en primavera los valles rebosan de flores silvestres alpinas. Todos los residentes se familiarizan r\u00e1pidamente con los eucaliptos que se ti\u00f1en de un rojo intenso en oto\u00f1o. Para el visitante, una excursi\u00f3n de medio d\u00eda al lago Crackenback o al monte Kosciuszko desde las cataratas Thredbo es una de las experiencias m\u00e1s gratificantes, tanto por las vistas como por la sensaci\u00f3n de naturaleza virgen.<\/p>\n<p>A Thredbo solo se llega por carretera. Los mejores aeropuertos son Canberra (a unas 1,5-2 horas v\u00eda Cooma) y S\u00eddney (a unas 5-6 horas). Desde Canberra, se toma la autopista Monaro hasta Cooma y luego la ruta alpina hacia el este hasta Thredbo. La carretera atraviesa terreno alpino; en invierno, se requieren cadenas para la nieve. Hay autobuses desde Canberra y S\u00eddney hasta Cooma o Jindabyne; desde Jindabyne, algunos contin\u00faan en autobuses lanzadera m\u00e1s peque\u00f1os hasta Thredbo (aunque muchos viajeros simplemente alquilan un coche o un 4x4 para mayor comodidad).<\/p>\n<p>A diferencia de Perisher, el centro de Thredbo es compacto y peatonal. Una vez en el pueblo, la mayor\u00eda de los hu\u00e9spedes caminan o esqu\u00edan hasta sus destinos (el telef\u00e9rico y los remontes principales se encuentran al final del pueblo). Los autobuses lanzadera del complejo recorren Thredbo Village para quienes se alojan en las afueras. Hay aparcamiento disponible cerca del pueblo, pero en invierno suele ser m\u00e1s r\u00e1pido aparcar fuera y tomar el autob\u00fas lanzadera (hay plazas de aparcamiento adicionales en Friday Flat y Bullocks Flat). El acceso en coche en Thredbo m\u00e1s all\u00e1 del centro del pueblo es m\u00ednimo; las estaciones de esqu\u00ed tienen acceso limitado por carretera.<\/p>\n<p>Se aplican las normas australianas habituales: la moneda es el d\u00f3lar australiano (AUD), el idioma es ingl\u00e9s y las propinas son opcionales. El clima es m\u00e1s fr\u00edo, as\u00ed que conviene llevar ropa de abrigo. La cobertura m\u00f3vil en Thredbo es mejor que en Perisher (hay torres de telefon\u00eda m\u00f3vil en el pueblo), pero la cobertura puede disminuir en la monta\u00f1a. La altitud de Thredbo puede causar ligeros mareos a algunos primerizos; por precauci\u00f3n, evite el alcohol el primer d\u00eda y mant\u00e9ngase hidratado.<\/p>\n<p>La comida y los servicios son f\u00e1ciles de encontrar en el pueblo: los supermercados venden comestibles y las tiendas de esqu\u00ed alquilan equipos y cadenas para la nieve. Hay una peque\u00f1a cl\u00ednica m\u00e9dica en el pueblo para lesiones leves. Para cualquier caso grave, el acceso a ambulancias es f\u00e1cil (las carreteras principales hasta el pueblo son las carreteras principales). La mayor\u00eda de los visitantes llevan protector solar y, para los ni\u00f1os, ropa impermeable y abrigada. Es posible encontrarse con fauna silvestre (como wombats cruzando la carretera al anochecer), as\u00ed que tenga cuidado al conducir con poca luz.<\/p>\n<p>El personal y los lugare\u00f1os de Thredbo son informales y serviciales. Un saludo local com\u00fan es simplemente un amable &#034;hola&#034; o &#034;hasta luego&#034;. Para un toque de respeto, los visitantes pueden aprender algunas palabras noongar, aunque esto rara vez se espera aqu\u00ed (los tours del patrimonio noongar se centran m\u00e1s en Perth). En restaurantes y bares, el servicio de barra implica que a menudo se pide en la barra y se llevan las bebidas a la mesa. Servir bebidas a otros es de buena educaci\u00f3n en mesas compartidas.<\/p>\n<p>Por \u00faltimo, tenga en cuenta las estaciones: Thredbo opera de forma diferente en invierno y verano. El invierno (junio-septiembre) es la temporada alta de esqu\u00ed; la mayor\u00eda de los negocios abren todos los d\u00edas. En verano, algunos alquileres de equipos de esqu\u00ed cierran (aunque los alquileres de bicicletas de monta\u00f1a los sustituyen). El uso de cadenas de nieve es obligatorio para veh\u00edculos 2x2 que entren al Parque Nacional en invierno, al igual que en Perisher. En el pueblo, el ritmo refleja la temporada: animado y concurrido en julio, tranquilo y verde en enero.<\/p>\n<p>La combinaci\u00f3n de comodidad (un aut\u00e9ntico pueblo) y naturaleza (el Parque Nacional que lo rodea) en Thredbo invita a los viajeros a relajarse y mantenerse alerta. La estaci\u00f3n se considera segura, con patrullas de esqu\u00ed y polic\u00edas que patrullan regularmente. En general, Thredbo es acogedor y sencillo: una acogedora comunidad alpina al final de la carretera, que recibe a los hu\u00e9spedes con caf\u00e9 caliente y aire de monta\u00f1a bajo el sol australiano.<\/p>\n<table>\n<thead>\n<tr>\n<th>Categor\u00eda<\/th>\n<th>Detalles<\/th>\n<\/tr>\n<\/thead>\n<tbody>\n<tr>\n<td>Ubicaci\u00f3n<\/td>\n<td>Thredbo, Nueva Gales del Sur, Australia<\/td>\n<\/tr>\n<tr>\n<td>Altitud del complejo tur\u00edstico<\/td>\n<td>1.365 metros (4.478 pies)<\/td>\n<\/tr>\n<tr>\n<td>Temporada de esqu\u00ed<\/td>\n<td>De junio a octubre<\/td>\n<\/tr>\n<tr>\n<td>Precios del forfait<\/td>\n<td>Var\u00eda seg\u00fan la temporada y la duraci\u00f3n.<\/td>\n<\/tr>\n<tr>\n<td>Horarios de apertura<\/td>\n<td>Generalmente de 8:30 a. m. a 4:30 p. m.<\/td>\n<\/tr>\n<tr>\n<td>N\u00famero de pistas<\/td>\n<td>53<\/td>\n<\/tr>\n<tr>\n<td>Longitud total de la pista<\/td>\n<td>Aproximadamente 50 km<\/td>\n<\/tr>\n<tr>\n<td>La carrera m\u00e1s larga<\/td>\n<td>5,9 km (T-bar de Karels hasta Friday Flat)<\/td>\n<\/tr>\n<tr>\n<td>Pendientes f\u00e1ciles<\/td>\n<td>16%<\/td>\n<\/tr>\n<tr>\n<td>Pendientes moderadas<\/td>\n<td>67%<\/td>\n<\/tr>\n<tr>\n<td>Pendientes avanzadas<\/td>\n<td>17%<\/td>\n<\/tr>\n<tr>\n<td>Direcciones de pendientes<\/td>\n<td>Norte, Este<\/td>\n<\/tr>\n<tr>\n<td>Esqu\u00ed nocturno<\/td>\n<td>Disponible en d\u00edas seleccionados<\/td>\n<\/tr>\n<tr>\n<td>Fabricaci\u00f3n de nieve<\/td>\n<td>Amplia cobertura<\/td>\n<\/tr>\n<tr>\n<td>Ascensores totales<\/td>\n<td>14<\/td>\n<\/tr>\n<tr>\n<td>Capacidad de subida<\/td>\n<td>17.000 esquiadores por hora<\/td>\n<\/tr>\n<tr>\n<td>Elevaci\u00f3n m\u00e1s alta<\/td>\n<td>2.037 metros (6.683 pies)<\/td>\n<\/tr>\n<tr>\n<td>G\u00f3ndolas\/Telef\u00e9ricos<\/td>\n<td>1<\/td>\n<\/tr>\n<tr>\n<td>Telesillas<\/td>\n<td>8<\/td>\n<\/tr>\n<tr>\n<td>Elevadores de arrastre<\/td>\n<td>5<\/td>\n<\/tr>\n<tr>\n<td>Parques de nieve<\/td>\n<td>S\u00ed<\/td>\n<\/tr>\n<tr>\n<td>Alquiler de esqu\u00eds<\/td>\n<td>Disponible<\/td>\n<\/tr>\n<tr>\n<td>Despu\u00e9s de esquiar<\/td>\n<td>Varios bares y restaurantes<\/td>\n<\/tr>\n<\/tbody>\n<\/table>\n<article>\n<\/article>","protected":false},"excerpt":{"rendered":"<p>Enclavado en las Monta\u00f1as Nevadas de Nueva Gales del Sur, Australia, Thredbo es un pintoresco pueblo con una famosa estaci\u00f3n de esqu\u00ed. Se llega por la V\u00eda Alpina desde Cooma, Berridale y Jindabyne, y se encuentra a unos 500 kil\u00f3metros al sur de S\u00eddney. Al pie de la cordillera Ramshead, el pueblo se encuentra en el valle del r\u00edo Thredbo, tambi\u00e9n conocido como r\u00edo Crackenback. Este lugar convierte a Thredbo en un importante destino de invierno y verano con una belleza natural asombrosa.<\/p>","protected":false},"author":1,"featured_media":3673,"parent":9806,"menu_order":0,"comment_status":"closed","ping_status":"closed","template":"elementor_theme","meta":{"_eb_attr":"","footnotes":""},"class_list":["post-9957","page","type-page","status-publish","has-post-thumbnail"],"_links":{"self":[{"href":"https:\/\/travelshelper.com\/es\/wp-json\/wp\/v2\/pages\/9957","targetHints":{"allow":["GET"]}}],"collection":[{"href":"https:\/\/travelshelper.com\/es\/wp-json\/wp\/v2\/pages"}],"about":[{"href":"https:\/\/travelshelper.com\/es\/wp-json\/wp\/v2\/types\/page"}],"author":[{"embeddable":true,"href":"https:\/\/travelshelper.com\/es\/wp-json\/wp\/v2\/users\/1"}],"replies":[{"embeddable":true,"href":"https:\/\/travelshelper.com\/es\/wp-json\/wp\/v2\/comments?post=9957"}],"version-history":[{"count":0,"href":"https:\/\/travelshelper.com\/es\/wp-json\/wp\/v2\/pages\/9957\/revisions"}],"up":[{"embeddable":true,"href":"https:\/\/travelshelper.com\/es\/wp-json\/wp\/v2\/pages\/9806"}],"wp:featuredmedia":[{"embeddable":true,"href":"https:\/\/travelshelper.com\/es\/wp-json\/wp\/v2\/media\/3673"}],"wp:attachment":[{"href":"https:\/\/travelshelper.com\/es\/wp-json\/wp\/v2\/media?parent=9957"}],"curies":[{"name":"wp","href":"https:\/\/api.w.org\/{rel}","templated":true}]}}