{"id":9824,"date":"2024-09-09T00:31:47","date_gmt":"2024-09-09T00:31:47","guid":{"rendered":"https:\/\/travelshelper.com\/staging\/?page_id=9824"},"modified":"2026-03-13T21:41:46","modified_gmt":"2026-03-13T21:41:46","slug":"estacion-de-esqui-perisher","status":"publish","type":"page","link":"https:\/\/travelshelper.com\/es\/destinations\/australia-and-oceania\/australia\/perisher\/","title":{"rendered":"Estaci\u00f3n de esqu\u00ed Perisher"},"content":{"rendered":"<p>En las Monta\u00f1as Nevadas de Nueva Gales del Sur, la estaci\u00f3n de esqu\u00ed Perisher se extiende entre laderas con aroma a eucalipto bajo un amplio cielo invernal. Encaramada a una altitud base de unos 1720 m y elev\u00e1ndose hasta m\u00e1s de 2000 m, este complejo alpino de gran altitud abarca aproximadamente 12 kil\u00f3metros cuadrados y conecta cuatro pueblos: Perisher Valley, Smiggin Holes, Guthega y Blue Cow. Con cuarenta y cinco remontes que serpentean entre bosques y campos de nieve, Perisher ofrece un mosaico de pistas suaves y claros m\u00e1s empinados. No es exagerado decir que Perisher es &#034;la estaci\u00f3n de esqu\u00ed m\u00e1s grande del hemisferio sur&#034;, un t\u00edtulo que se corresponde con la diversidad de su terreno y su vibrante escena invernal. Al igual que muchas estaciones australianas, Perisher depende principalmente de la nieve natural; los visitantes suelen llegar en junio y esquiar hasta septiembre, cuando las temperaturas m\u00e1ximas diarias rondan los cero grados.<\/p>\n<p>El pueblo de Perisher Valley alberga tan solo unas pocas docenas de residentes permanentes. El censo australiano de 2021 report\u00f3 solo 99 personas viviendo todo el a\u00f1o. En invierno, esa cifra asciende a alrededor de 2500, incluyendo instructores de esqu\u00ed, personal de recepci\u00f3n y hu\u00e9spedes, lo que lo convierte en el centro alpino m\u00e1s concurrido de Nueva Gales del Sur. La econom\u00eda local gira casi por completo en torno al turismo y los deportes de nieve. Alojamientos, restaurantes, escuelas de esqu\u00ed y servicios de remontes emplean a la mayor parte de los residentes. Desde 2015, Perisher es operado por Vail Resorts (una empresa estadounidense) tras una adquisici\u00f3n por 177 millones de d\u00f3lares australianos. Esta inversi\u00f3n refleja la magnitud de Perisher: abarca m\u00e1s de 1245 hect\u00e1reas de terreno con remontes y presenta una capa de nieve anual de cientos de cent\u00edmetros. En los tranquilos meses de verano, esa capacidad est\u00e1 pr\u00e1cticamente inactiva, pero en invierno la estaci\u00f3n prospera: sus 48 remontes y pistas acondicionadas trabajan en conjunto para movilizar a miles de esquiadores cada d\u00eda.<\/p>\n<p>Perisher se encuentra en las profundidades de la subcordillera de las Monta\u00f1as Nevadas de la Gran Cordillera Divisoria, aproximadamente a 500 km al sur de S\u00eddney y a 190 km al suroeste de Canberra. La estaci\u00f3n se encuentra \u00edntegramente dentro del Parque Nacional Kosciuszko, una zona silvestre y agreste centrada en el pico m\u00e1s alto de Australia (Monte Kosciuszko, 2228 m). El paisaje es t\u00edpicamente alpino: monta\u00f1as redondeadas cubiertas de nieve durante gran parte del a\u00f1o, intercaladas con altas llanuras y bosque subalpino. El Lago Azul y el Lago Guthega se encuentran justo al otro lado de las pistas de esqu\u00ed. En invierno, el aire es fresco y seco (a menudo muy por debajo del punto de congelaci\u00f3n por la noche), y las cimas de las monta\u00f1as reciben nevadas con regularidad. Una fuente climatol\u00f3gica clasifica el clima de Perisher como sub\u00e1rtico, con inviernos largos y fr\u00edos y veranos cortos y suaves. Los veranos son frescos en altitud (rara vez superan los 25 \u00b0C), mientras que los d\u00edas de invierno generalmente rondan los 0 \u00b0C en los remontes. La nieve cubre las cumbres de manera constante desde finales de mayo hasta principios de octubre, y los meses de julio y agosto suelen registrar la mayor profundidad de nieve.<\/p>\n<p>La actividad humana en la zona de Perisher se remonta a miles de a\u00f1os. Las Monta\u00f1as Nevadas eran zonas de reuni\u00f3n estival para los pueblos ind\u00edgenas, quienes antiguamente descend\u00edan en grandes grupos para recolectar las polillas bogong, repletas de grasa, de las praderas alpinas. Los exploradores europeos penetraron por primera vez en la regi\u00f3n en la d\u00e9cada de 1830. En 1840, Sir Paul Edmund de Strzelecki escal\u00f3 el Kosciuszko y le dio nombre, y pronto lo siguieron los ganaderos. El distrito adquiri\u00f3 una dimensi\u00f3n legendaria en la tradici\u00f3n posterior: el poema de Banjo Paterson. <em>\u201cEl hombre del r\u00edo Nevado\u201d<\/em> inmortaliz\u00f3 a los valientes ganaderos que se aventuraron en las tierras altas.<\/p>\n<p>Las ra\u00edces de la industria del esqu\u00ed en Perisher se remontan a mediados del siglo XX. Tras la Segunda Guerra Mundial, el Plan Hidroel\u00e9ctrico de las Monta\u00f1as Nevadas (1949-1974) dot\u00f3 la regi\u00f3n de carreteras e infraestructura. Los aficionados al esqu\u00ed comenzaron a llegar y en 1951 se construyeron los primeros refugios. Un a\u00f1o despu\u00e9s, aparecieron los remontes m\u00e1s rudimentarios: telesillas y el primer telesilla del valle en 1958, seguidos de un telesilla doble en 1961. Con el paso de las d\u00e9cadas, se a\u00f1adieron m\u00e1s telesillas e instalaciones. Una historia ap\u00f3crifa de aquellos primeros tiempos cuenta que un colono alpino llamado James Spencer exclam\u00f3 &#034;\u00a1Qu\u00e9 perecedero!&#034; cuando se vio atrapado en una tormenta; el nombre de la estaci\u00f3n podr\u00eda derivar de su pintoresca frase.<\/p>\n<p>En 1995, las cuatro \u00e1reas base (Perisher Valley, Smiggin Holes, Guthega y Blue Cow) se fusionaron bajo la empresa Perisher Blue, unificando los remontes y los pases. Para la d\u00e9cada del 2000, Perisher contaba con docenas de remontes interconectados en 1245 hect\u00e1reas. Hoy en d\u00eda, modernas telesillas de alta velocidad transportan a los visitantes por las pistas, pero a\u00fan quedan vestigios de la historia del esqu\u00ed en el valle: placas descoloridas de clubes de esqu\u00ed, antiguas m\u00e1quinas pisanieves en exposici\u00f3n y la historia de aquellos primeros entusiastas que desafiaron las tormentas de nieve a pie.<\/p>\n<p>La cultura de Perisher se caracteriza por su car\u00e1cter alpino y su ritmo estacional. En verano, el pueblo adquiere un aire tranquilo y aislado: unos pocos cuidadores y residentes locales atienden las caba\u00f1as y gu\u00edan rutas de senderismo. En invierno, el ambiente se transforma en un bullicio agradable de turistas, trabajadores extranjeros en a\u00f1o sab\u00e1tico y familias australianas. El ingl\u00e9s es la lengua vehicular (los australianos de S\u00eddney o Melbourne suelen dominar el idioma), pero el personal de temporada trae acentos de Europa, Norteam\u00e9rica y Asia. Todos comparten una filosof\u00eda informal y de vida al aire libre: chaquetas de d\u00eda, capas de forro polar de noche y una c\u00e1lida bienvenida en los caf\u00e9s y bares locales.<\/p>\n<p>Un evento destacado del calendario de Perisher es el Festival Anual de M\u00fasica PEAK, una celebraci\u00f3n de cuatro d\u00edas que se celebra el fin de semana inaugural de invierno. Convierte el pueblo en un vibrante parque alpino con bandas en vivo, DJ y fuegos artificiales. La tradici\u00f3n local tambi\u00e9n se integra: barbacoas alrededor de estufas de le\u00f1a, carreras de esqu\u00ed para los miembros del club y veladas de narraci\u00f3n de historias en los refugios de monta\u00f1a. En el silencio cristalino del amanecer, los esquiadores charlan sobre las condiciones de la nieve polvo; al caer la tarde, las risas inundan los pubs de la base. De forma sutil, Perisher conserva un eco de su pasado pionero: el personal comparte chistes sobre la &#034;temporada de polillas bogong&#034; y los veteranos recuerdan caba\u00f1as olvidadas. El ambiente general es amigable y modesto: un estilo alpino comunitario al sur del ecuador.<\/p>\n<p>Para la mayor\u00eda de los visitantes, el principal atractivo de Perisher es el esqu\u00ed en s\u00ed. Las 1245 hect\u00e1reas de terreno de la estaci\u00f3n est\u00e1n dirigidas principalmente a esquiadores de nivel intermedio (alrededor del 60 % de las pistas). Pistas como Olympic, North Perisher y Blue Calf T-Bars trazan suaves curvas a trav\u00e9s de bosques de eucaliptos, mientras que zonas como Sunday School ofrecen pistas abiertas y preparadas. El acceso al telesilla m\u00e1s alto, en la cima del Monte Perisher a 2054 m, recompensa a los esquiadores con impresionantes vistas panor\u00e1micas de la Gran Cordillera Divisoria. La pista m\u00e1s larga, desde el Monte Perisher hasta el Valle de Perisher, se extiende casi 4 km, permitiendo a los esquiadores descender a trav\u00e9s de paisajes cambiantes.<\/p>\n<p>Adem\u00e1s del esqu\u00ed, Perisher ofrece experiencias alpinas cl\u00e1sicas. Una visita obligada es el propio Monte Kosciuszko: un sendero se\u00f1alizado conduce desde el valle de Perisher o Thredbo hasta la cima de Australia (2228 m), ofreciendo vistas de la tundra, crestas escarpadas y lagos de monta\u00f1a. En verano, senderistas y ciclistas de monta\u00f1a utilizan las pistas de esqu\u00ed como senderos, y los pescadores pescan en los lagos cercanos. El Skitube, un tren de cremallera subterr\u00e1neo, es una atracci\u00f3n \u00fanica; transporta a los esquiadores desde Bullocks Flat hasta el valle de Perisher a trav\u00e9s de 6 km de t\u00fanel. En el refugio alpino sobre Blue Cow, los visitantes pueden degustar sidra caliente y disfrutar de espectaculares vistas a las monta\u00f1as. La fauna tambi\u00e9n est\u00e1 presente: m\u00e1s all\u00e1 de las pistas de esqu\u00ed, se puede avistar un wombat o un canguro (en los claros inferiores) o escuchar el agudo canto de un ave lira.<\/p>\n<p>Los aficionados a la historia pueden buscar antiguos refugios de monta\u00f1a dispersos por el Parque Nacional Kosciuszko, reliquias de un pasado ganadero. Banjo Paterson&#039;s <em>El hombre del r\u00edo Nevado<\/em> Una estatua en Jindabyne (un pueblo cercano) conmemora la tradici\u00f3n de la regi\u00f3n. Para un toque moderno, las carreras anuales de esqu\u00ed de fondo en las escuelas de Perisher y las demostraciones de perros de avalanchas ofrecen una muestra de la vida en las estaciones de esqu\u00ed. Simplemente contemplar el amanecer alpino desde el telesilla del valle de Perisher, con el bast\u00f3n de esqu\u00ed en la mano y el aire fr\u00edo en la cara, es una experiencia en s\u00ed misma.<\/p>\n<p>Perisher es una regi\u00f3n monta\u00f1osa remota. El aeropuerto principal m\u00e1s cercano es el Aeropuerto Internacional de Canberra, a unas dos horas y media en coche hacia el norte. Desde Canberra, se sigue la autopista de las Monta\u00f1as Nevadas a trav\u00e9s de Cooma y Jindabyne, y luego se gira hacia Kosciuszko Road al oeste, en direcci\u00f3n a Perisher. La estaci\u00f3n tambi\u00e9n ofrece el Skitube: conduzca hasta Bullocks Flat (en Kosciuszko Rd) y tome el tren para evitar las carreteras con nieve. El Aeropuerto de S\u00eddney est\u00e1 m\u00e1s lejos (a unas 5-6 horas en coche), pero muchos visitantes internacionales combinan un vuelo rural a Canberra con un viaje por carretera. Durante el invierno, todos los veh\u00edculos deben llevar cadenas para la nieve en las carreteras de Kosciuszko. El valle de Perisher cuenta con un amplio aparcamiento en la base; existen plazas de aparcamiento adicionales en Smiggin Holes.<\/p>\n<p>Una vez en Perisher, la mayor parte del desplazamiento se realiza a pie o en esqu\u00eds. Los cuatro pueblos est\u00e1n conectados mediante autobuses lanzadera, telesillas y tranv\u00edas, por lo que no es necesario desplazarse en coche. Hay un servicio de transporte gratuito entre Jindabyne y Perisher cada ma\u00f1ana y tarde, y autobuses locales circulan entre los pueblos. Dentro de la estaci\u00f3n, los telesillas sirven como transporte vertical. Caminar por el pueblo principal es f\u00e1cil, pero conviene llevar ropa de abrigo para los senderos que puedan estar nevados o helados. Los taxis locales y los servicios de transporte compartido son escasos; para las salidas nocturnas, se recomienda optar por el transporte propio o el transporte de la estaci\u00f3n.<\/p>\n<p>La moneda es el d\u00f3lar australiano (AUD); las tarjetas de cr\u00e9dito se aceptan ampliamente. El idioma es el ingl\u00e9s. La vida cotidiana en Perisher es sencilla: en las tiendas y cafeter\u00edas se espera un saludo amable, y los lugare\u00f1os son relajados e informales. No es habitual dar propinas (el sistema salarial es inclusivo), aunque se agradecen peque\u00f1as gratificaciones por un servicio ejemplar. El clima puede cambiar r\u00e1pidamente: incluso en septiembre, el sol del mediod\u00eda puede dar paso al frescor vespertino. V\u00edstase con varias capas y lleve protector solar: los rayos UV en la nieve son intensos. Las normas de seguridad en el esqu\u00ed son primordiales (mant\u00e9ngase siempre dentro de los l\u00edmites de la pista y respete las se\u00f1ales de advertencia). La cobertura m\u00f3vil es irregular en las pistas; informe a alguien de sus planes si se va fuera de pista. En la pr\u00e1ctica, es improbable alcanzar la Altitud Mal de Montagne a estas alturas modestas, pero la deshidrataci\u00f3n puede ocurrir: beba agua y descanse entre bajadas.<\/p>\n<p>En general, los viajeros de Perisher afirman que el complejo es muy seguro y acogedor. Desde el punto de vista log\u00edstico, la mejor opci\u00f3n es volar a Canberra, alquilar un veh\u00edculo 4x4 o AWD y ascender por Jindabyne. Los coches di\u00e9sel ahorran m\u00e1s combustible en la empinada subida. En invierno, revise el estado de la carretera a diario. En caso de urgencia, Jindabyne ofrece servicios completos (combustible, comestibles, farmacias) e incluso cuenta con cl\u00ednicas m\u00e9dicas, pero el camino hasta Perisher es mayormente agreste una vez pasado Bullocks Flat. Con una preparaci\u00f3n adecuada, el viaje a Perisher es tranquilo, salvo por el fr\u00edo intenso de la monta\u00f1a, y la calidez de la comunidad local disipa r\u00e1pidamente el fr\u00edo del viaje.<\/p>\n<table>\n<thead>\n<tr>\n<th><strong>Categor\u00eda<\/strong><\/th>\n<th><strong>Detalles<\/strong><\/th>\n<\/tr>\n<\/thead>\n<tbody>\n<tr>\n<td><strong>Ubicaci\u00f3n<\/strong><\/td>\n<td>Nueva Gales del Sur, Australia<\/td>\n<\/tr>\n<tr>\n<td><strong>Altitud del complejo tur\u00edstico<\/strong><\/td>\n<td>1.720 metros (5.643 pies)<\/td>\n<\/tr>\n<tr>\n<td><strong>Temporada de esqu\u00ed<\/strong><\/td>\n<td>De junio a octubre<\/td>\n<\/tr>\n<tr>\n<td><strong>Precios del forfait<\/strong><\/td>\n<td>Var\u00eda seg\u00fan la temporada y la duraci\u00f3n.<\/td>\n<\/tr>\n<tr>\n<td><strong>Horarios de apertura<\/strong><\/td>\n<td>Generalmente de 8:30 a. m. a 5:00 p. m.<\/td>\n<\/tr>\n<tr>\n<td><strong>N\u00famero de pistas<\/strong><\/td>\n<td>47<\/td>\n<\/tr>\n<tr>\n<td><strong>Longitud total de la pista<\/strong><\/td>\n<td>100 kil\u00f3metros<\/td>\n<\/tr>\n<tr>\n<td><strong>La carrera m\u00e1s larga<\/strong><\/td>\n<td>3 kil\u00f3metros<\/td>\n<\/tr>\n<tr>\n<td><strong>Pendientes f\u00e1ciles<\/strong><\/td>\n<td>22%<\/td>\n<\/tr>\n<tr>\n<td><strong>Pendientes moderadas<\/strong><\/td>\n<td>60%<\/td>\n<\/tr>\n<tr>\n<td><strong>Pendientes avanzadas<\/strong><\/td>\n<td>18%<\/td>\n<\/tr>\n<tr>\n<td><strong>Direcciones de pendientes<\/strong><\/td>\n<td>Norte, Sur, Este, Oeste<\/td>\n<\/tr>\n<tr>\n<td><strong>Esqu\u00ed nocturno<\/strong><\/td>\n<td>Disponible en noches selectas<\/td>\n<\/tr>\n<tr>\n<td><strong>Fabricaci\u00f3n de nieve<\/strong><\/td>\n<td>Amplia cobertura<\/td>\n<\/tr>\n<tr>\n<td><strong>Ascensores totales<\/strong><\/td>\n<td>47<\/td>\n<\/tr>\n<tr>\n<td><strong>Capacidad de subida<\/strong><\/td>\n<td>53.990 esquiadores por hora<\/td>\n<\/tr>\n<tr>\n<td><strong>Elevaci\u00f3n m\u00e1s alta<\/strong><\/td>\n<td>2.034 metros (6.673 pies)<\/td>\n<\/tr>\n<tr>\n<td><strong>G\u00f3ndolas\/Telef\u00e9ricos<\/strong><\/td>\n<td>0<\/td>\n<\/tr>\n<tr>\n<td><strong>Telesillas<\/strong><\/td>\n<td>14<\/td>\n<\/tr>\n<tr>\n<td><strong>Elevadores de arrastre<\/strong><\/td>\n<td>22<\/td>\n<\/tr>\n<tr>\n<td><strong>Parques de nieve<\/strong><\/td>\n<td>5<\/td>\n<\/tr>\n<tr>\n<td><strong>Alquiler de esqu\u00eds<\/strong><\/td>\n<td>Disponible<\/td>\n<\/tr>\n<tr>\n<td><strong>Despu\u00e9s de esquiar<\/strong><\/td>\n<td>Varios bares y restaurantes<\/td>\n<\/tr>\n<\/tbody>\n<\/table>\n<article>\n<\/article>","protected":false},"excerpt":{"rendered":"<p>La estaci\u00f3n de esqu\u00ed Perisher es la m\u00e1s grande del hemisferio sur. Situada en el coraz\u00f3n de las Monta\u00f1as Nevadas de Australia, esta extensa estaci\u00f3n consta de cuatro pueblos: Blue Cow, Guthega, Perisher Valley y Smiggin Holes. En conjunto, estas comunidades y las estaciones de esqu\u00ed relacionadas abarcan una superficie considerable: unos 12 kil\u00f3metros cuadrados (5 millas cuadradas). La base de la estaci\u00f3n se encuentra a 1720 metros (5640 pies) sobre el nivel del mar; su cima alcanza los 2054 metros (6739 pies) en la cima del monte Perisher.<\/p>","protected":false},"author":1,"featured_media":4759,"parent":9806,"menu_order":0,"comment_status":"closed","ping_status":"closed","template":"elementor_theme","meta":{"_eb_attr":"","footnotes":""},"class_list":["post-9824","page","type-page","status-publish","has-post-thumbnail"],"_links":{"self":[{"href":"https:\/\/travelshelper.com\/es\/wp-json\/wp\/v2\/pages\/9824","targetHints":{"allow":["GET"]}}],"collection":[{"href":"https:\/\/travelshelper.com\/es\/wp-json\/wp\/v2\/pages"}],"about":[{"href":"https:\/\/travelshelper.com\/es\/wp-json\/wp\/v2\/types\/page"}],"author":[{"embeddable":true,"href":"https:\/\/travelshelper.com\/es\/wp-json\/wp\/v2\/users\/1"}],"replies":[{"embeddable":true,"href":"https:\/\/travelshelper.com\/es\/wp-json\/wp\/v2\/comments?post=9824"}],"version-history":[{"count":0,"href":"https:\/\/travelshelper.com\/es\/wp-json\/wp\/v2\/pages\/9824\/revisions"}],"up":[{"embeddable":true,"href":"https:\/\/travelshelper.com\/es\/wp-json\/wp\/v2\/pages\/9806"}],"wp:featuredmedia":[{"embeddable":true,"href":"https:\/\/travelshelper.com\/es\/wp-json\/wp\/v2\/media\/4759"}],"wp:attachment":[{"href":"https:\/\/travelshelper.com\/es\/wp-json\/wp\/v2\/media?parent=9824"}],"curies":[{"name":"wp","href":"https:\/\/api.w.org\/{rel}","templated":true}]}}