{"id":9812,"date":"2024-09-09T00:05:18","date_gmt":"2024-09-09T00:05:18","guid":{"rendered":"https:\/\/travelshelper.com\/staging\/?page_id=9812"},"modified":"2026-03-13T21:42:40","modified_gmt":"2026-03-13T21:42:40","slug":"melbourne","status":"publish","type":"page","link":"https:\/\/travelshelper.com\/es\/destinations\/australia-and-oceania\/australia\/melbourne\/","title":{"rendered":"Melbourne"},"content":{"rendered":"<p>Melbourne es la segunda ciudad m\u00e1s grande de Australia y la vibrante capital de Victoria. Su \u00e1rea metropolitana abarca casi 9.993 kil\u00f3metros cuadrados y albergaba a unos 5,2 millones de personas en 2023. (La poblaci\u00f3n rondaba los 4,9 millones en el censo de 2021, por lo que sigue creciendo). Esto convierte a Melbourne en la segunda ciudad m\u00e1s poblada de Australia (despu\u00e9s de S\u00eddney). Demogr\u00e1ficamente, Melbourne es notablemente diversa: tiene una de las mayores proporciones de residentes nacidos en el extranjero de cualquier ciudad del mundo. Comunidades de Italia, Grecia, Vietnam, India, China y muchos otros pa\u00edses tienen enclaves de larga data aqu\u00ed, lo que le da a la ciudad un rico tejido multicultural. El ingl\u00e9s es el idioma com\u00fan, pero en sus concurridas calles se escuchan docenas de idiomas.<\/p>\n<p>En t\u00e9rminos econ\u00f3micos, Melbourne es una potencia. Es un centro financiero l\u00edder en la regi\u00f3n Asia-Pac\u00edfico (puesto 28 a nivel mundial), y alberga importantes bancos, mercados y servicios profesionales. Su PIB asciende a cientos de miles de millones de d\u00f3lares (mucho mayor que el de ciudades m\u00e1s peque\u00f1as) y abarca numerosos sectores: finanzas, manufactura, investigaci\u00f3n y desarrollo, industrias creativas, educaci\u00f3n y sanidad. Cabe destacar que Melbourne es a veces llamada la capital cultural de Australia: dio origen al f\u00fatbol australiano y a una distintiva escuela de pintura, y hoy cuenta con una enorme escena cinematogr\u00e1fica, teatral y art\u00edstica. En 2014, incluso fue nombrada la ciudad m\u00e1s habitable del mundo durante varios a\u00f1os consecutivos (aunque esto se refiere tanto a la calidad de vida como a una m\u00e9trica econ\u00f3mica). En resumen: la econom\u00eda de Melbourne es amplia y sofisticada, lo que refleja su tama\u00f1o: alberga a m\u00e1s de cinco millones de personas y una enorme fuerza laboral.<\/p>\n<p>Melbourne se encuentra en la costa sureste de Australia continental, junto a la bah\u00eda de Port Phillip. El centro de la ciudad se sit\u00faa en el extremo norte de la bah\u00eda, donde el r\u00edo Yarra desemboca en el mar. Su \u00e1rea metropolitana abarca aproximadamente 10.000 km\u00b2, extendi\u00e9ndose hasta la cordillera Dandenong al este y las llanuras bas\u00e1lticas al norte y al oeste. La expansi\u00f3n urbana de Melbourne se extiende hasta la pen\u00ednsula de Mornington, al sur de la ciudad, creando una mezcla de costa, parques suburbanos y tranquilos suburbios junto a la bah\u00eda.<\/p>\n<p>El clima se clasifica como templado oce\u00e1nico (K\u00f6ppen Cfb). Esto significa que Melbourne tiene veranos c\u00e1lidos e inviernos frescos, con lluvias distribuidas de forma bastante uniforme a lo largo del a\u00f1o. Las temperaturas m\u00e1ximas promedio en enero rondan los 25 \u00b0C y las m\u00ednimas en julio, entre 9 y 10 \u00b0C. El clima es conocido por su variabilidad: es com\u00fan tener sol, nubes y alguna tormenta vespertina en un mismo d\u00eda. En general, su clima templado permite visitar Melbourne en cualquier \u00e9poca del a\u00f1o, aunque conviene llevar paraguas o chaqueta en los meses m\u00e1s fr\u00edos y esperar d\u00edas calurosos a finales de verano.<\/p>\n<p>En un contexto m\u00e1s amplio, Melbourne se encuentra a unos 295 km de Canberra y a unos 700 km de S\u00eddney. Ocupa una ubicaci\u00f3n destacada en el sureste de Australia. Los visitantes suelen comentar que, a pesar de estar tan al sur (alrededor de los 37\u00b050\u2032 de latitud sur), el clima de Melbourne es mucho m\u00e1s suave que el de latitudes similares del hemisferio norte debido a su entorno oce\u00e1nico.<\/p>\n<p>Melbourne se fund\u00f3 relativamente tarde para los est\u00e1ndares europeos. En 1835, colonos de Tasmania (entonces llamada Tierra de Van Diemen) establecieron una aldea en tierras ocupadas por el pueblo Wurundjeri. Recibi\u00f3 el nombre de Melbourne en 1837 en honor al primer ministro brit\u00e1nico William Lamb y se constituy\u00f3 oficialmente como un asentamiento de la Corona. El descubrimiento de oro en Victoria en 1851 desencaden\u00f3 un auge demogr\u00e1fico explosivo: miles de buscadores de oro llegaron en masa, transformando el asentamiento en una ciudad casi de la noche a la ma\u00f1ana. A finales de la d\u00e9cada de 1850, la riqueza aur\u00edfera de Melbourne la convirti\u00f3 en una de las ciudades m\u00e1s grandes y ricas del mundo.<\/p>\n<p>En 1851, Victoria se convirti\u00f3 en una colonia independiente y Melbourne en su capital. La ciudad creci\u00f3 r\u00e1pidamente a finales del siglo XIX con una imponente arquitectura de la \u00e9poca victoriana. De 1901 a 1927, Melbourne fue la sede del gobierno federal de Australia (antes de la construcci\u00f3n de Canberra). Entre sus hitos hist\u00f3ricos m\u00e1s importantes se incluyen la inauguraci\u00f3n del primer rascacielos del pa\u00eds (Collins Street, construido en 1889), la celebraci\u00f3n de las ceremonias de inauguraci\u00f3n y clausura de los Juegos Ol\u00edmpicos de 1956 (los primeros Juegos Ol\u00edmpicos del hemisferio sur) y la construcci\u00f3n de importantes monumentos como la estaci\u00f3n de tren de Flinders Street (1910). Durante el siglo XX, Melbourne se expandi\u00f3 para incorporar muchas localidades de los alrededores, convirti\u00e9ndose en la extensa metr\u00f3polis que es hoy.<\/p>\n<p>Culturalmente, Melbourne se describe a menudo como una ciudad de desfiles y festivales. La Copa de Melbourne (una famosa carrera de caballos) comenz\u00f3 en 1861 y sigue siendo un evento nacional. Otras tradiciones incluyen el Test de cr\u00edquet MCG cada Boxing Day y el Grand Prix, que comenz\u00f3 en 1996. Estos eventos, junto con su historia de cafeter\u00edas, los recintos art\u00edsticos Fitzroy y el f\u00fatbol australiano (nacido aqu\u00ed en 1858), subrayan c\u00f3mo las ra\u00edces coloniales de Melbourne han evolucionado hasta convertirse en una cultura urbana local distintiva.<\/p>\n<p>El ambiente cultural de Melbourne es metropolitano y cosmopolita. Pr\u00e1cticamente todo el mundo habla ingl\u00e9s, pero muchos inmigrantes de primera generaci\u00f3n siguen usando sus lenguas ancestrales en casa. Los nombres de las calles revelan la mezcla de Melbourne: en cualquier esquina se puede encontrar un caf\u00e9 italiano junto a un caf\u00e9 vietnamita de pho, y la ciudad est\u00e1 repleta de enclaves \u00e9tnicos (Chinatown, el Barrio Griego en Lonsdale Street, el Barrio Italiano en Carlton, etc.). La gran variedad de restaurantes, festivales e instituciones culturales refleja este multiculturalismo.<\/p>\n<p>Los habitantes de Melbourne (como se autodenominan) suelen tener un ambiente creativo y relajado. Los caf\u00e9s en las calles y los grafitis forman parte de la vida cotidiana. La ciudad es famosa por su cultura de caf\u00e9: los habitantes de Melbourne suelen charlar mientras disfrutan de un flat white o un caf\u00e9 fr\u00edo en las mesas al aire libre, sin importar el clima. El ritmo de vida es moderado: no tan fren\u00e9tico como el de S\u00eddney, pero m\u00e1s en\u00e9rgico que el de un pueblo peque\u00f1o. La gente generalmente se considera amigable y progresista. De hecho, un ranking de Cond\u00e9 Nast nombr\u00f3 a Melbourne una vez como una de las ciudades m\u00e1s amigables del mundo (empatada con Auckland).<\/p>\n<p>Los festivales y eventos dominan el calendario. Pr\u00e1cticamente no hay temporada baja: en enero se juega el Abierto de Australia de tenis; en oto\u00f1o, el Festival Fringe de Melbourne, el Festival Gastron\u00f3mico y Vin\u00edcola (alrededor de marzo) y la Copa de Melbourne (carreras de caballos); en invierno, el Festival de Comedia y el Festival de Arte; en primavera, el Gran Premio y el Festival Cultural. Numerosas instituciones culturales (galer\u00edas, teatros, salas de m\u00fasica en vivo) presentan obras internacionales y locales durante todo el a\u00f1o. La cultura deportiva es una parte importante de la identidad local (f\u00fatbol australiano los fines de semana de invierno, cr\u00edquet en verano); ver un partido en el Melbourne Cricket Ground (MCG) es casi un ritual para los residentes.<\/p>\n<p>Las compras y el arte tambi\u00e9n forman parte de la vida cotidiana. El Mercado Queen Victoria (el &#034;Mercado Victoria&#034;), el mercado al aire libre m\u00e1s grande del hemisferio sur, es un destino predilecto para la gastronom\u00eda y la artesan\u00eda. El recinto art\u00edstico de St Kilda Road y la NGV (Galer\u00eda Nacional de Victoria) reflejan el \u00e9nfasis de Melbourne en la creatividad. En resumen, Melbourne se siente como una ciudad sofisticada y cosmopolita: sus habitantes se enorgullecen de sus deportes, su caf\u00e9 y su arte, y los visitantes perciben r\u00e1pidamente un fuerte ambiente urbano y moderno.<\/p>\n<p>Melbourne ofrece una gran variedad de atracciones. El coraz\u00f3n de la ciudad es Federation Square (Fed Square), una moderna plaza con edificios angulares y museos, que constituye el n\u00facleo del distrito cultural de la ciudad. Al otro lado de la calle se encuentra la estaci\u00f3n de Flinders Street, con su ic\u00f3nica fachada amarilla; ambos son lugares de visita obligada. A un corto paseo o en tranv\u00eda por St Kilda Road se encuentran importantes instituciones: la Galer\u00eda Nacional de Victoria, el Centro de Artes de Melbourne y el jard\u00edn bot\u00e1nico. La Torre Eureka en Southbank es famosa: su Skydeck (conocido como Melbourne Observation Deck) en el nivel 88 ofrece vistas de 360\u00b0 de la ciudad y la bah\u00eda. (A 230 m de altura, es el mirador p\u00fablico m\u00e1s alto del hemisferio sur).<\/p>\n<p>Otros atractivos principales incluyen: el Mercado Queen Victoria, donde se pueden comprar productos frescos y recuerdos (data de 1878 y sigue siendo un lugar animado); los hist\u00f3ricos centros comerciales Collins Street y Bourke Street; y el propio recinto de Federation Square, que alberga eventos y galer\u00edas gratuitas. Las famosas callejuelas de la ciudad tambi\u00e9n son atracciones: lugares como Hosier Lane atraen a los turistas por su arte callejero y sus cafeter\u00edas escondidas.<\/p>\n<p>Tambi\u00e9n se ofrecen deportes y entretenimiento: los aficionados pueden disfrutar de visitas guiadas al Melbourne Cricket Ground y al Rod Laver Arena (tenis), y el distrito de Docklands, junto al puerto, cuenta con modernos restaurantes y la noria Melbourne Star. Un corto viaje m\u00e1s all\u00e1 del centro de la ciudad les llevar\u00e1 a las playas de St Kilda y Brighton (con casetas de playa) y a las atracciones de Luna Park. El campo tambi\u00e9n est\u00e1 cerca: Phillip Island (desfile de ping\u00fcinos), la pen\u00ednsula de Mornington (bodegas y aguas termales) y la Great Ocean Road (una pintoresca carretera costera) son excursiones populares de un d\u00eda.<\/p>\n<p>En resumen, la lista de cosas que hacer para un visitante suele incluir: visitar Federation Square y el NGV; viajar en ferry por el Yarra; contemplar el arte callejero en las callejuelas de la ciudad; pasear por el Mercado Queen Victoria; subir a la Torre Eureka; y, si el tiempo lo permite, hacer una breve excursi\u00f3n a la playa de St Kilda. Estas experiencias ic\u00f3nicas, junto con la exploraci\u00f3n de los diversos barrios, ofrecen al visitante una aut\u00e9ntica experiencia de Melbourne.<\/p>\n<p>Melbourne es muy accesible. El Aeropuerto de Melbourne (Tullamarine) es la principal puerta de entrada internacional (el segundo aeropuerto con mayor tr\u00e1fico del pa\u00eds). El Aeropuerto de Avalon, a unos 50 km al sur, ofrece vuelos nacionales de bajo coste y algunos vuelos asi\u00e1ticos. Ambos cuentan con frecuentes conexiones de autob\u00fas y tren con la ciudad. Los trenes y autobuses de larga distancia llegan a la estaci\u00f3n Southern Cross, en el centro de la ciudad. Las carreteras que llevan a Melbourne incluyen varias autopistas (M1 desde S\u00eddney\/Albury, M31 desde Canberra) que convergen en las circunvalaciones de la ciudad.<\/p>\n<p>Dentro de la ciudad, el transporte p\u00fablico es muy completo. La red de metro (con terminal en la estaci\u00f3n de Flinders Street) cubre las afueras; la red de tranv\u00edas en la zona central es la m\u00e1s extensa del mundo (unos 250 km de v\u00edas). Los tranv\u00edas incluso operan una zona franca en el CBD, lo que facilita los viajes cortos. Tambi\u00e9n hay una moderna flota de autobuses. Melbourne es, en general, muy transitable a pie tanto en el centro como en las afueras. A muchos visitantes les resulta conveniente alojarse cerca del centro y usar tranv\u00edas o taxis para las zonas m\u00e1s alejadas.<\/p>\n<p>La vida cotidiana en Melbourne es sencilla para los visitantes internacionales. Se usan d\u00f3lares australianos; las tarjetas de cr\u00e9dito y los pagos sin contacto se aceptan en casi todas partes. El ingl\u00e9s es el idioma predominante. No existe una cultura de propinas como en EE. UU., pero se agradece dejar una peque\u00f1a propina (10 %) por un buen servicio en restaurantes. El protocolo social es informal: un simple apret\u00f3n de manos o un saludo de &#034;Hola&#034; es suficiente; la gente suele llamarse por su nombre de pila. Un consejo: el clima de Melbourne puede ser impredecible, por lo que es recomendable llevar un impermeable ligero incluso en un d\u00eda soleado. Por seguridad, Melbourne es una ciudad segura seg\u00fan los est\u00e1ndares internacionales, pero se aplican las precauciones urbanas habituales (por ejemplo, evitar callejones con poca luz por la noche). En resumen, los visitantes encontrar\u00e1n Melbourne f\u00e1cil de recorrer, con se\u00f1alizaci\u00f3n en ingl\u00e9s, una red fiable de taxis y paradas de autob\u00fas, y mapas claros disponibles en las estaciones. Un consejo para los turistas: obtengan una tarjeta Myki (el abono de transporte recargable) para viajar sin problemas en trenes, tranv\u00edas y autobuses.<\/p>","protected":false},"excerpt":{"rendered":"<p>Melbourne es la capital y la ciudad m\u00e1s poblada del estado australiano de Victoria. Es la segunda ciudad m\u00e1s poblada de Australia, despu\u00e9s de S\u00eddney. Generalmente se refiere a la gran \u00e1rea metropolitana de 9993 km\u00b2, a veces conocida como Gran Melbourne, el nombre &#034;Melbourne&#034;. Aunque el nombre se usa especialmente para el municipio local de la ciudad de Melbourne, centrado alrededor de su concurrido distrito comercial central, esta aglomeraci\u00f3n urbana consta de 31 municipios locales. Alcanzando la pen\u00ednsula de Mornington, \u00e1reas de West Gippsland, el interior hacia el valle de Yarra, las cordilleras de Dandenong y Macedon, la ciudad abarca gran parte de las costas norte y este de la bah\u00eda de Port Phillip. Con un 19% de la poblaci\u00f3n total de Australia, la poblaci\u00f3n metropolitana de Melbourne en 2023 era de casi 5,2 millones. A los residentes de la ciudad a veces se les llama &#034;melburnianos&#034;.<\/p>","protected":false},"author":1,"featured_media":3672,"parent":9806,"menu_order":0,"comment_status":"closed","ping_status":"closed","template":"elementor_theme","meta":{"_eb_attr":"","footnotes":""},"class_list":["post-9812","page","type-page","status-publish","has-post-thumbnail"],"_links":{"self":[{"href":"https:\/\/travelshelper.com\/es\/wp-json\/wp\/v2\/pages\/9812","targetHints":{"allow":["GET"]}}],"collection":[{"href":"https:\/\/travelshelper.com\/es\/wp-json\/wp\/v2\/pages"}],"about":[{"href":"https:\/\/travelshelper.com\/es\/wp-json\/wp\/v2\/types\/page"}],"author":[{"embeddable":true,"href":"https:\/\/travelshelper.com\/es\/wp-json\/wp\/v2\/users\/1"}],"replies":[{"embeddable":true,"href":"https:\/\/travelshelper.com\/es\/wp-json\/wp\/v2\/comments?post=9812"}],"version-history":[{"count":0,"href":"https:\/\/travelshelper.com\/es\/wp-json\/wp\/v2\/pages\/9812\/revisions"}],"up":[{"embeddable":true,"href":"https:\/\/travelshelper.com\/es\/wp-json\/wp\/v2\/pages\/9806"}],"wp:featuredmedia":[{"embeddable":true,"href":"https:\/\/travelshelper.com\/es\/wp-json\/wp\/v2\/media\/3672"}],"wp:attachment":[{"href":"https:\/\/travelshelper.com\/es\/wp-json\/wp\/v2\/media?parent=9812"}],"curies":[{"name":"wp","href":"https:\/\/api.w.org\/{rel}","templated":true}]}}