{"id":9800,"date":"2024-09-08T23:47:48","date_gmt":"2024-09-08T23:47:48","guid":{"rendered":"https:\/\/travelshelper.com\/staging\/?page_id=9800"},"modified":"2026-03-13T22:57:40","modified_gmt":"2026-03-13T22:57:40","slug":"suva","status":"publish","type":"page","link":"https:\/\/travelshelper.com\/es\/destinations\/australia-and-oceania\/fiji\/suva\/","title":{"rendered":"Suva"},"content":{"rendered":"<p>Suva es la capital y la ciudad m\u00e1s grande de Fiyi. Funciona como el centro neur\u00e1lgico de la regi\u00f3n metropolitana m\u00e1s grande del pa\u00eds y funciona como su puerto principal. Suva, ubicada en la costa sureste de Viti Levu, la isla m\u00e1s grande de Fiyi, se encuentra en la provincia de Rewa, en la Divisi\u00f3n Central. Esta ciudad representa una combinaci\u00f3n de importancia hist\u00f3rica y vitalidad contempor\u00e1nea, lo que la consolida como un lugar crucial en el Pac\u00edfico Sur.<\/p>\n<p>La designaci\u00f3n de Suva como capital de Fiyi comenz\u00f3 en 1877, tras su traslado de Levuka, el principal asentamiento colonial europeo en aquel entonces. Las limitaciones geogr\u00e1ficas de Levuka, situada entre escarpadas monta\u00f1as y el mar, imped\u00edan la expansi\u00f3n. En 1882, la administraci\u00f3n se transfiri\u00f3 oficialmente a Suva, iniciando as\u00ed su papel como centro de gobierno y desarrollo en Fiyi.<\/p>\n<p>Seg\u00fan el censo de 2017, la poblaci\u00f3n de Suva se situ\u00f3 en 93.970 habitantes. La regi\u00f3n metropolitana, junto con sus suburbios aut\u00f3nomos, ten\u00eda una poblaci\u00f3n de 185.913 habitantes. La poblaci\u00f3n urbana, combinada con la de las localidades adyacentes de Lami, Nasinu y Nausori, alcanza aproximadamente los 330.000 habitantes, lo que representa m\u00e1s de un tercio de la poblaci\u00f3n total de Fiyi. El complejo urbano conocido como el corredor Suva-Nausori subraya la importancia de Suva como n\u00facleo central del entramado urbano de Fiyi.<\/p>\n<p>Suva es tanto el centro pol\u00edtico como la capital econ\u00f3mica y cultural de Fiyi. La ciudad alberga las sedes regionales de numerosas corporaciones internacionales, agencias y misiones diplom\u00e1ticas. Se distingue por su vibrante panorama art\u00edstico y art\u00edstico, y est\u00e1 ganando reconocimiento como la capital de la moda del Pac\u00edfico Sur. Los sitios hist\u00f3ricos que resaltan el patrimonio colonial de Suva, como la Biblioteca Carnegie de la Ciudad de Suva y el complejo gubernamental, enriquecen el ambiente cultural de la ciudad.<\/p>\n<p>Suva se encuentra en una pen\u00ednsula monta\u00f1osa que rodea un puerto, junto a la bah\u00eda de Laucala y el puerto de Suva. Las monta\u00f1as al norte y al oeste interceptan los vientos alisios del sureste, lo que resulta en un clima h\u00famedo constante durante todo el a\u00f1o. A pesar de su proximidad al oc\u00e9ano, la costa de Suva presenta vegetaci\u00f3n de manglares, siendo Pacific Harbour la playa m\u00e1s cercana. El singular contexto geogr\u00e1fico realza el atractivo e identidad de Suva.<\/p>\n<p>Suva se caracteriza por una composici\u00f3n cultural diversa, compuesta principalmente por ind\u00edgenas fiyianos e indofiyianos. La ciudad alberga diversas minor\u00edas \u00e9tnicas, como rotumanos, lauanos, europeos y chinos. La diversidad ling\u00fc\u00edstica en Suva es evidente, siendo el ingl\u00e9s, el fiyiano y el hindi fiyiano los idiomas predominantes.<\/p>\n<p>La ciudad sirve como un importante centro educativo, albergando el campus principal de la Universidad del Pac\u00edfico Sur (USP). Esta instituci\u00f3n atrae a estudiantes de diversas regiones del Pac\u00edfico, lo que enriquece la diversidad cultural de Suva. El Museo de Fiji, situado en los Jardines Thurston, ofrece una visi\u00f3n general de la extensa historia y cultura de Fiji y alberga la mayor colecci\u00f3n de artefactos fiyianos del mundo.<\/p>\n<p>La aparici\u00f3n de centros comerciales contempor\u00e1neos como el Suva Central Shopping Mall y TappooCity, que dotan a la ciudad de una est\u00e9tica moderna, caracteriza el paisaje urbano de Suva, en constante evoluci\u00f3n. La integraci\u00f3n de estos desarrollos con zonas comerciales tradicionales como la calle Cumming crea una yuxtaposici\u00f3n de elementos hist\u00f3ricos y contempor\u00e1neos, lo que contribuye a la posici\u00f3n de Suva como un centro urbano din\u00e1mico y sofisticado.<\/p>","protected":false},"excerpt":{"rendered":"<p>Suva es la capital y la ciudad m\u00e1s grande de Fiyi. Funciona como el centro neur\u00e1lgico de la regi\u00f3n metropolitana m\u00e1s grande del pa\u00eds y funciona como su puerto principal. Suva, ubicada en la costa sureste de Viti Levu, la isla m\u00e1s grande de Fiyi, se encuentra en la provincia de Rewa, en la Divisi\u00f3n Central. Esta ciudad representa una combinaci\u00f3n de importancia hist\u00f3rica y vitalidad contempor\u00e1nea, lo que la consolida como un lugar crucial en el Pac\u00edfico Sur.<\/p>","protected":false},"author":1,"featured_media":3855,"parent":9785,"menu_order":0,"comment_status":"closed","ping_status":"closed","template":"elementor_theme","meta":{"_eb_attr":"","footnotes":""},"class_list":["post-9800","page","type-page","status-publish","has-post-thumbnail"],"_links":{"self":[{"href":"https:\/\/travelshelper.com\/es\/wp-json\/wp\/v2\/pages\/9800","targetHints":{"allow":["GET"]}}],"collection":[{"href":"https:\/\/travelshelper.com\/es\/wp-json\/wp\/v2\/pages"}],"about":[{"href":"https:\/\/travelshelper.com\/es\/wp-json\/wp\/v2\/types\/page"}],"author":[{"embeddable":true,"href":"https:\/\/travelshelper.com\/es\/wp-json\/wp\/v2\/users\/1"}],"replies":[{"embeddable":true,"href":"https:\/\/travelshelper.com\/es\/wp-json\/wp\/v2\/comments?post=9800"}],"version-history":[{"count":0,"href":"https:\/\/travelshelper.com\/es\/wp-json\/wp\/v2\/pages\/9800\/revisions"}],"up":[{"embeddable":true,"href":"https:\/\/travelshelper.com\/es\/wp-json\/wp\/v2\/pages\/9785"}],"wp:featuredmedia":[{"embeddable":true,"href":"https:\/\/travelshelper.com\/es\/wp-json\/wp\/v2\/media\/3855"}],"wp:attachment":[{"href":"https:\/\/travelshelper.com\/es\/wp-json\/wp\/v2\/media?parent=9800"}],"curies":[{"name":"wp","href":"https:\/\/api.w.org\/{rel}","templated":true}]}}