{"id":9779,"date":"2024-09-08T23:26:08","date_gmt":"2024-09-08T23:26:08","guid":{"rendered":"https:\/\/travelshelper.com\/staging\/?page_id=9779"},"modified":"2026-03-13T23:07:55","modified_gmt":"2026-03-13T23:07:55","slug":"honiara","status":"publish","type":"page","link":"https:\/\/travelshelper.com\/es\/destinations\/australia-and-oceania\/solomon-islands\/honiara\/","title":{"rendered":"Honiara"},"content":{"rendered":"<p>Honiara, la vibrante capital de las Islas Salom\u00f3n, se encuentra en la costa norte de Guadalcanal. La principal ciudad de las Islas Salom\u00f3n, Honiara, es conocida por su rico pasado y su variada cultura. Actualmente, su poblaci\u00f3n es de 92.344 habitantes. Esta din\u00e1mica ciudad es un hervidero de actividad con una combinaci\u00f3n \u00fanica de valor hist\u00f3rico y expansi\u00f3n moderna.<\/p>\n<p>Estrat\u00e9gicamente ubicada a lo largo de la autopista Kukum, Honiara es f\u00e1cilmente accesible por aire y mar. Entre los importantes centros de transporte, tanto nacionales como internacionales, que facilitan el flujo de personas y productos se encuentran el Aeropuerto Internacional de Honiara y el puerto mar\u00edtimo de Point Cruz. Constituida como capital en 1983, la ciudad cuenta con un \u00e1rea metropolitana de 22 kil\u00f3metros cuadrados. Actualmente, Honiara es la capital de la provincia de Guadalcanal y goza de autonom\u00eda provincial.<\/p>\n<p>Grandes acontecimientos hist\u00f3ricos, en especial la Segunda Guerra Mundial, han marcado irreversiblemente la historia de Honiara. Durante la Campa\u00f1a de Guadalcanal, en particular la Batalla de Henderson Field en 1942, la zona del aer\u00f3dromo oriental de la ciudad fue un lugar crucial. Las tropas estadounidenses y japonesas participaron en esta lucha, y las primeras resultaron vencedoras. Al ser un punto de inflexi\u00f3n que finalmente result\u00f3 en el triunfo aliado, esta victoria fue crucial en la zona del Pac\u00edfico de la guerra.<\/p>\n<p>Despu\u00e9s de la guerra, el papel de Honiara cambi\u00f3 cuando se convirti\u00f3 en la nueva sede administrativa del Protectorado Brit\u00e1nico de las Islas Salom\u00f3n en 1952. La construcci\u00f3n de varios edificios gubernamentales subray\u00f3 este cambio y aceler\u00f3 el crecimiento de la poblaci\u00f3n y el desarrollo municipal.<\/p>\n<p>Honiara ha enfrentado numerosos desaf\u00edos a pesar de su expansi\u00f3n, incluyendo inestabilidad pol\u00edtica y violencia \u00e9tnica. Los primeros a\u00f1os de la d\u00e9cada de 2000 y finales de la de 1990 fueron bastante turbulentos. Representando alternativamente a los malaitanos y a los residentes de Guadalcanal, la Fuerza \u00c1guila de Malaita (MEF) y el Movimiento de Libertad de Isatabu (IFM) se enfrentaron en cruentos combates tras un intento de golpe de Estado en junio de 2000. Aunque se alcanz\u00f3 un acuerdo de paz en octubre de 2000, la violencia estall\u00f3 de nuevo en marzo de 2002, con la muerte de dos diplom\u00e1ticos neozelandeses y muchas otras personas.<\/p>\n<p>Para julio de 2003, la situaci\u00f3n hab\u00eda empeorado considerablemente; por ello, el Gobierno de las Islas Salom\u00f3n solicit\u00f3 a la Misi\u00f3n de Asistencia Regional a las Islas Salom\u00f3n (RAMSI) su asistencia para restablecer la paz. Esta misi\u00f3n, que inclu\u00eda a varias naciones del Pac\u00edfico y a Australia como l\u00edder, fue crucial para restablecer la estabilidad regional.<\/p>\n<p>Tras el nombramiento de Snyder Rini como Primer Ministro, Honiara experiment\u00f3 otro per\u00edodo de agitaci\u00f3n en 2006. Estallaron disturbios que demolieron secciones del Barrio Chino y dejaron sin hogar a unos 1.000 residentes chinos. El turismo es un sector importante para la ciudad y las islas; por lo tanto, estos eventos tuvieron un gran impacto.<\/p>\n<p>La mayor\u00eda de los edificios e instituciones gubernamentales de las Islas Salom\u00f3n se encuentran en Honiara. El Parlamento Nacional, el Colegio de Educaci\u00f3n Superior de las Islas Salom\u00f3n y el campus de las Islas Salom\u00f3n de la Universidad del Pac\u00edfico Sur se encuentran en la ciudad. Entre los atractivos culturales y comerciales m\u00e1s importantes se encuentran el museo nacional y el concurrido mercado de Honiara.<\/p>\n<p>East Honiara, Central Honiara y West Honiara son tres esca\u00f1os parlamentarios Honiara tiene tres distritos electorales parlamentarios: Entre seis en la naci\u00f3n con electorados de m\u00e1s de 10.000 personas, estos esca\u00f1os reflejan la importancia pol\u00edtica de la ciudad.<\/p>\n<p>Aunque hay muchas otras religiones representadas, el ambiente religioso de Honiara es esencialmente cristiano. Entre otras, la ciudad alberga la sede de la Arquidi\u00f3cesis Cat\u00f3lica Romana de Honiara, la Iglesia Evang\u00e9lica de los Mares del Sur, la Iglesia Unida, la Iglesia de la Provincia de Melanesia (Anglicana) y la Iglesia Adventista del S\u00e9ptimo D\u00eda. Esta diversidad refleja el amplio tejido cultural de las Islas Salom\u00f3n, que combina aspectos modernos y tradicionales.<\/p>","protected":false},"excerpt":{"rendered":"<p>Honiara, la vibrante capital de las Islas Salom\u00f3n, se encuentra en la costa norte de Guadalcanal. La principal ciudad de las Islas Salom\u00f3n, Honiara, es conocida por su rico pasado y su variada cultura. Actualmente, su poblaci\u00f3n es de 92.344 habitantes. Esta din\u00e1mica ciudad es un hervidero de actividad con una combinaci\u00f3n \u00fanica de valor hist\u00f3rico y expansi\u00f3n moderna.<\/p>","protected":false},"author":1,"featured_media":3238,"parent":9773,"menu_order":0,"comment_status":"closed","ping_status":"closed","template":"elementor_theme","meta":{"_eb_attr":"","footnotes":""},"class_list":["post-9779","page","type-page","status-publish","has-post-thumbnail"],"_links":{"self":[{"href":"https:\/\/travelshelper.com\/es\/wp-json\/wp\/v2\/pages\/9779","targetHints":{"allow":["GET"]}}],"collection":[{"href":"https:\/\/travelshelper.com\/es\/wp-json\/wp\/v2\/pages"}],"about":[{"href":"https:\/\/travelshelper.com\/es\/wp-json\/wp\/v2\/types\/page"}],"author":[{"embeddable":true,"href":"https:\/\/travelshelper.com\/es\/wp-json\/wp\/v2\/users\/1"}],"replies":[{"embeddable":true,"href":"https:\/\/travelshelper.com\/es\/wp-json\/wp\/v2\/comments?post=9779"}],"version-history":[{"count":0,"href":"https:\/\/travelshelper.com\/es\/wp-json\/wp\/v2\/pages\/9779\/revisions"}],"up":[{"embeddable":true,"href":"https:\/\/travelshelper.com\/es\/wp-json\/wp\/v2\/pages\/9773"}],"wp:featuredmedia":[{"embeddable":true,"href":"https:\/\/travelshelper.com\/es\/wp-json\/wp\/v2\/media\/3238"}],"wp:attachment":[{"href":"https:\/\/travelshelper.com\/es\/wp-json\/wp\/v2\/media?parent=9779"}],"curies":[{"name":"wp","href":"https:\/\/api.w.org\/{rel}","templated":true}]}}