{"id":9773,"date":"2024-09-08T23:18:28","date_gmt":"2024-09-08T23:18:28","guid":{"rendered":"https:\/\/travelshelper.com\/staging\/?page_id=9773"},"modified":"2026-03-13T23:08:16","modified_gmt":"2026-03-13T23:08:16","slug":"islas-salomon","status":"publish","type":"page","link":"https:\/\/travelshelper.com\/es\/destinations\/australia-and-oceania\/solomon-islands\/","title":{"rendered":"Islas Salom\u00f3n"},"content":{"rendered":"<p>Las Islas Salom\u00f3n, a veces conocidas como las Salom\u00f3n, son un hermoso pa\u00eds ubicado en el coraz\u00f3n de Melanesia, parte de la extensa regi\u00f3n de Ocean\u00eda al noreste de Australia. Compuesto por 21 islas de gran tama\u00f1o, con m\u00e1s de 100 kil\u00f3metros cuadrados cada una, este archipi\u00e9lago incluye Guadalcanal, Malaita, Makira y Santa Isabel. Adem\u00e1s de estas vastas extensiones continentales, las Islas Salom\u00f3n est\u00e1n rodeadas por unas 900 islas m\u00e1s peque\u00f1as, creando as\u00ed un rico y complejo tapiz de tierra y mar. Desde Pap\u00faa Nueva Guinea al oeste, Australia al suroeste, Nueva Caledonia y Vanuatu al sureste, Fiyi, Wallis y Futuna y Tuvalu al este, las Islas Salom\u00f3n est\u00e1n geogr\u00e1ficamente cerca de muchas otras naciones. Nauru y los Estados Federados de Micronesia al norte.<\/p>\n<p>Con una superficie total de 28.896 kil\u00f3metros cuadrados (11.157 millas cuadradas), se proyecta que las Islas Salom\u00f3n tengan una poblaci\u00f3n de 734.887 habitantes para mediados de 2023. Ubicada en la isla m\u00e1s grande, Guadalcanal, Honiara, la capital, es el centro pol\u00edtico y econ\u00f3mico del pa\u00eds. El nombre &#034;Islas Salom\u00f3n&#034; describe todo el archipi\u00e9lago de las Islas Salom\u00f3n, que comprende la Regi\u00f3n Aut\u00f3noma de Bougainville, actualmente parte de Pap\u00faa Nueva Guinea, pero excluye las Islas Santa Cruz.<\/p>\n<p>Entre el 30.000 y el 28.800 a. C., los humanos comenzaron a habitar estas islas; numerosas oleadas migratorias contribuyeron a crear la mezcla gen\u00e9tica que define a la poblaci\u00f3n ind\u00edgena actual. Entre estos primeros inmigrantes se encontraba el pueblo lapita, reconocido por sus singulares habilidades en cer\u00e1mica y navegaci\u00f3n, que contribuyeron a definir el panorama cultural de las islas.<\/p>\n<p>El explorador espa\u00f1ol \u00c1lvaro de Menda\u00f1a fue el primero en llegar a las Islas Salom\u00f3n entre los europeos en 1568. Menda\u00f1a no nombr\u00f3 las islas; otros que escribieron sobre su descubrimiento las llamaron \u00ablas Salom\u00f3n\u00bb. Menda\u00f1a regres\u00f3 a las islas en 1595, y posteriormente, en 1606, lleg\u00f3 otra expedici\u00f3n espa\u00f1ola encabezada por el navegante portugu\u00e9s Pedro Fernandes de Queir\u00f3s.<\/p>\n<p>Las islas tuvieron una relevancia estrat\u00e9gica muy evidente durante la Segunda Guerra Mundial. De 1942 a 1945, la campa\u00f1a de las Islas Salom\u00f3n fue un conjunto crucial de enfrentamientos entre las fuerzas aliadas \u2014principalmente de Estados Unidos y el Imperio Brit\u00e1nico\u2014 y el Imperio Japon\u00e9s. En particular, la batalla de Guadalcanal marc\u00f3 un punto de inflexi\u00f3n en el frente del Pac\u00edfico, ya que los intensos combates pusieron de relieve la vital importancia de las islas en la guerra.<\/p>\n<p>Las Islas Salom\u00f3n del sur se convirtieron en protectorado brit\u00e1nico en junio de 1893, bajo el mando del capit\u00e1n Herbert Gibson del HMS Curacoa. La era colonial comenzar\u00eda aqu\u00ed y se extender\u00eda hasta mediados del siglo XX. Al acercarse al autogobierno, el gobierno brit\u00e1nico cambi\u00f3 su nombre oficial de &#034;Protectorado Brit\u00e1nico de las Islas Salom\u00f3n&#034; a &#034;Islas Salom\u00f3n&#034; en 1975. Este proceso culmin\u00f3 en 1976, cuando las islas adquirieron autogobierno; la independencia definitiva se produjo en 1978. Una vez independiente, la naci\u00f3n adopt\u00f3 el nombre de &#034;Islas Salom\u00f3n&#034;, elimin\u00f3 el art\u00edculo definido y pas\u00f3 a ser conocida como una monarqu\u00eda constitucional.<\/p>\n<p>Las Islas Salom\u00f3n reconocen hoy a Carlos III como su rey; el rey es representado localmente por un gobernador general elegido por recomendaci\u00f3n del Primer Ministro. Si bien otorga a las islas su propia identidad nacional, este marco pol\u00edtico reconoce sus v\u00ednculos hist\u00f3ricos con la Corona Brit\u00e1nica. Gracias a su rica historia, su diversidad cultural y su ubicaci\u00f3n privilegiada en el oc\u00e9ano Pac\u00edfico, las Islas Salom\u00f3n a\u00fan enfrentan desaf\u00edos y oportunidades en la actualidad.<\/p>","protected":false},"excerpt":{"rendered":"<p>Las Islas Salom\u00f3n, a veces conocidas como las Salom\u00f3n, son un hermoso pa\u00eds ubicado en el coraz\u00f3n de Melanesia, parte de la extensa regi\u00f3n de Ocean\u00eda al noreste de Australia. Compuesto por 21 islas de gran tama\u00f1o, con m\u00e1s de 100 kil\u00f3metros cuadrados cada una, este archipi\u00e9lago incluye Guadalcanal, Malaita, Makira y Santa Isabel. Adem\u00e1s de estas vastas extensiones continentales, las Islas Salom\u00f3n est\u00e1n rodeadas por unas 900 islas m\u00e1s peque\u00f1as, creando as\u00ed un rico y complejo tapiz de tierra y mar. Desde Pap\u00faa Nueva Guinea al oeste, Australia al suroeste, Nueva Caledonia y Vanuatu al sureste, Fiyi, Wallis y Futuna y Tuvalu al este, las Islas Salom\u00f3n est\u00e1n geogr\u00e1ficamente cerca de muchas otras naciones. Nauru y los Estados Federados de Micronesia al norte.<\/p>","protected":false},"author":1,"featured_media":2859,"parent":24105,"menu_order":0,"comment_status":"closed","ping_status":"closed","template":"elementor_theme","meta":{"_eb_attr":"","footnotes":""},"class_list":["post-9773","page","type-page","status-publish","has-post-thumbnail"],"_links":{"self":[{"href":"https:\/\/travelshelper.com\/es\/wp-json\/wp\/v2\/pages\/9773","targetHints":{"allow":["GET"]}}],"collection":[{"href":"https:\/\/travelshelper.com\/es\/wp-json\/wp\/v2\/pages"}],"about":[{"href":"https:\/\/travelshelper.com\/es\/wp-json\/wp\/v2\/types\/page"}],"author":[{"embeddable":true,"href":"https:\/\/travelshelper.com\/es\/wp-json\/wp\/v2\/users\/1"}],"replies":[{"embeddable":true,"href":"https:\/\/travelshelper.com\/es\/wp-json\/wp\/v2\/comments?post=9773"}],"version-history":[{"count":0,"href":"https:\/\/travelshelper.com\/es\/wp-json\/wp\/v2\/pages\/9773\/revisions"}],"up":[{"embeddable":true,"href":"https:\/\/travelshelper.com\/es\/wp-json\/wp\/v2\/pages\/24105"}],"wp:featuredmedia":[{"embeddable":true,"href":"https:\/\/travelshelper.com\/es\/wp-json\/wp\/v2\/media\/2859"}],"wp:attachment":[{"href":"https:\/\/travelshelper.com\/es\/wp-json\/wp\/v2\/media?parent=9773"}],"curies":[{"name":"wp","href":"https:\/\/api.w.org\/{rel}","templated":true}]}}