{"id":9692,"date":"2024-09-08T21:38:41","date_gmt":"2024-09-08T21:38:41","guid":{"rendered":"https:\/\/travelshelper.com\/staging\/?page_id=9692"},"modified":"2026-03-13T23:02:05","modified_gmt":"2026-03-13T23:02:05","slug":"nueva-zelanda","status":"publish","type":"page","link":"https:\/\/travelshelper.com\/es\/destinations\/australia-and-oceania\/new-zealand\/","title":{"rendered":"Nueva Zelanda"},"content":{"rendered":"<p>Nueva Zelanda, conocida en maor\u00ed como Aotearoa, es una fascinante naci\u00f3n insular situada en el suroeste del oc\u00e9ano Pac\u00edfico. Es famosa por sus impresionantes paisajes y su profundo legado cultural. Nueva Zelanda, compuesta por dos masas continentales principales: la Isla Norte (Te Ika-a-M\u0101ui) y la Isla Sur (Te Waipounamu), y m\u00e1s de 700 islas menores, ocupa el sexto lugar en superficie. Ubicada al este de Australia, cruzando el mar de Tasmania, y al sur de Nueva Caledonia, Fiyi y Tonga, presenta un paisaje variado, marcado por prominentes picos monta\u00f1osos, especialmente los impresionantes Alpes del Sur. Esta distintiva geograf\u00eda se debe principalmente a la elevaci\u00f3n tect\u00f3nica y la actividad volc\u00e1nica que han modelado el terreno durante millones de a\u00f1os.<\/p>\n<p>La capital de Nueva Zelanda es Wellington, aunque Auckland es la ciudad m\u00e1s poblada. Estas \u00e1reas metropolitanas son vibrantes centros culturales y comerciales, que encarnan la identidad din\u00e1mica y creciente de la naci\u00f3n. A pesar de su estatus actual, Nueva Zelanda fue el \u00faltimo gran continente habitado por humanos. Entre 1280 y 1350, los navegantes polinesios comenzaron a colonizar las islas, cultivando la singular cultura maor\u00ed que sigue siendo un aspecto esencial de la identidad neozelandesa en la actualidad.<\/p>\n<p>El descubrimiento europeo de Nueva Zelanda comenz\u00f3 con el aventurero holand\u00e9s Abel Tasman en 1642, quien fue el primer europeo en observar y documentar las islas. No fue hasta 1769 que el capit\u00e1n James Cook, explorador brit\u00e1nico, lleg\u00f3 a Nueva Zelanda y cartografi\u00f3 el territorio, lo que facilit\u00f3 los contactos posteriores y la eventual colonizaci\u00f3n. El Tratado de Waitangi, firmado en 1840 entre delegados del Reino Unido y jefes maor\u00edes, represent\u00f3 un momento crucial en la historia de Nueva Zelanda. Este tratado sent\u00f3 las bases de la soberan\u00eda brit\u00e1nica y la creaci\u00f3n de la Colonia de la Corona de Nueva Zelanda en 1841. Posteriormente, la \u00e9poca se caracteriz\u00f3 por disputas entre la administraci\u00f3n colonial y las tribus maor\u00edes, que llevaron a la enajenaci\u00f3n y apropiaci\u00f3n de un importante territorio maor\u00ed.<\/p>\n<p>El avance de Nueva Zelanda hacia la independencia fue gradual. Obtuvo el estatus de dominio en 1907 y obtuvo la independencia formal completa en 1947, manteniendo al monarca brit\u00e1nico como jefe de Estado. Actualmente, Nueva Zelanda es un pa\u00eds din\u00e1mico y cosmopolita con una poblaci\u00f3n de aproximadamente 5,25 millones de personas. La poblaci\u00f3n predominante es de ascendencia europea, siendo los maor\u00edes la minor\u00eda m\u00e1s numerosa, sucedida por las minor\u00edas asi\u00e1ticas y de las islas del Pac\u00edfico. El panorama demogr\u00e1fico diversificado se refleja en la cultura neozelandesa, que se deriva principalmente de las costumbres maor\u00edes y de los primeros colonos brit\u00e1nicos, junto con las repercusiones contempor\u00e1neas del aumento de la inmigraci\u00f3n.<\/p>\n<p>El pa\u00eds reconoce tres idiomas oficiales: ingl\u00e9s, maor\u00ed y lengua de se\u00f1as neozelandesa, siendo el ingl\u00e9s el idioma predominante. Nueva Zelanda, como naci\u00f3n avanzada, ha sido l\u00edder en el progreso social. Fue la primera naci\u00f3n en establecer un salario m\u00ednimo y otorgar el sufragio femenino. El pa\u00eds alcanza constantemente altas clasificaciones en evaluaciones globales de calidad de vida y derechos humanos, y es reconocido por tener uno de los niveles m\u00e1s bajos de corrupci\u00f3n percibida a nivel mundial. Sin embargo, persiste en la lucha contra disparidades estructurales, especialmente entre su poblaci\u00f3n maor\u00ed y la europea.<\/p>\n<p>Durante la d\u00e9cada de 1980, Nueva Zelanda experiment\u00f3 importantes transformaciones econ\u00f3micas, pasando de una econom\u00eda proteccionista a una liberalizada de libre comercio. El sector servicios predomina en la econom\u00eda nacional, seguido por el sector industrial y la agricultura. El turismo internacional constituye una fuente vital de ingresos. Nueva Zelanda participa activamente en numerosas organizaciones internacionales, como las Naciones Unidas, la Mancomunidad de Naciones, ANZUS y la Cooperaci\u00f3n Econ\u00f3mica Asia-Pac\u00edfico. Mantiene v\u00ednculos notablemente fuertes con Estados Unidos, el Reino Unido y otras naciones del Pac\u00edfico, lo que le confiere una distintiva identidad &#034;Transtasmana&#034; compartida con Australia.<\/p>\n<p>Nueva Zelanda funciona dentro de un sistema parlamentario caracterizado por una legislatura unicameral. La administraci\u00f3n est\u00e1 encabezada por el primer ministro Christopher Luxon. El soberano de la naci\u00f3n es el rey Carlos III, representado localmente por la gobernadora general Cindy Kiro. Nueva Zelanda est\u00e1 dividida en 11 consejos regionales y 67 autoridades territoriales para el gobierno local. El territorio de Nueva Zelanda abarca no solo sus islas principales, sino tambi\u00e9n Tokelau, las Islas Cook, Niue y la Dependencia de Ross en la Ant\u00e1rtida.<\/p>","protected":false},"excerpt":{"rendered":"<p>Nueva Zelanda, conocida en maor\u00ed como Aotearoa, es una fascinante naci\u00f3n insular situada en el suroeste del oc\u00e9ano Pac\u00edfico. Es famosa por sus impresionantes paisajes y su profundo legado cultural. Nueva Zelanda, compuesta por dos masas continentales principales: la Isla Norte (Te Ika-a-M\u0101ui) y la Isla Sur (Te Waipounamu), y m\u00e1s de 700 islas menores, ocupa el sexto lugar en superficie. Ubicada al este de Australia, cruzando el mar de Tasmania, y al sur de Nueva Caledonia, Fiyi y Tonga, presenta un paisaje variado, marcado por prominentes picos monta\u00f1osos, especialmente los impresionantes Alpes del Sur. Esta distintiva geograf\u00eda se debe principalmente a la elevaci\u00f3n tect\u00f3nica y la actividad volc\u00e1nica que han modelado el terreno durante millones de a\u00f1os.<\/p>","protected":false},"author":1,"featured_media":4203,"parent":24105,"menu_order":0,"comment_status":"closed","ping_status":"closed","template":"elementor_theme","meta":{"_eb_attr":"","footnotes":""},"class_list":["post-9692","page","type-page","status-publish","has-post-thumbnail"],"_links":{"self":[{"href":"https:\/\/travelshelper.com\/es\/wp-json\/wp\/v2\/pages\/9692","targetHints":{"allow":["GET"]}}],"collection":[{"href":"https:\/\/travelshelper.com\/es\/wp-json\/wp\/v2\/pages"}],"about":[{"href":"https:\/\/travelshelper.com\/es\/wp-json\/wp\/v2\/types\/page"}],"author":[{"embeddable":true,"href":"https:\/\/travelshelper.com\/es\/wp-json\/wp\/v2\/users\/1"}],"replies":[{"embeddable":true,"href":"https:\/\/travelshelper.com\/es\/wp-json\/wp\/v2\/comments?post=9692"}],"version-history":[{"count":0,"href":"https:\/\/travelshelper.com\/es\/wp-json\/wp\/v2\/pages\/9692\/revisions"}],"up":[{"embeddable":true,"href":"https:\/\/travelshelper.com\/es\/wp-json\/wp\/v2\/pages\/24105"}],"wp:featuredmedia":[{"embeddable":true,"href":"https:\/\/travelshelper.com\/es\/wp-json\/wp\/v2\/media\/4203"}],"wp:attachment":[{"href":"https:\/\/travelshelper.com\/es\/wp-json\/wp\/v2\/media?parent=9692"}],"curies":[{"name":"wp","href":"https:\/\/api.w.org\/{rel}","templated":true}]}}