{"id":9661,"date":"2024-09-08T21:01:07","date_gmt":"2024-09-08T21:01:07","guid":{"rendered":"https:\/\/travelshelper.com\/staging\/?page_id=9661"},"modified":"2026-03-13T23:10:04","modified_gmt":"2026-03-13T23:10:04","slug":"papua-nueva-guinea","status":"publish","type":"page","link":"https:\/\/travelshelper.com\/es\/destinations\/australia-and-oceania\/papua-new-guinea\/","title":{"rendered":"Pap\u00faa Nueva Guinea"},"content":{"rendered":"<p>Pap\u00faa Nueva Guinea, tambi\u00e9n conocida como el Estado Independiente de Pap\u00faa Nueva Guinea, es una naci\u00f3n fascinante ubicada en Ocean\u00eda. Junto con la mitad oriental de la isla de Nueva Guinea, comprende varias islas costeras en Melanesia, una zona del suroeste del oc\u00e9ano Pac\u00edfico al norte de Australia. Su ubicaci\u00f3n estrat\u00e9gica la sit\u00faa cerca de varios vecinos importantes: Australia al sur, las Islas Salom\u00f3n al este e Indonesia al oeste. Puerto Moresby, en la costa sur, es la capital del pa\u00eds y centro de su actividad pol\u00edtica y econ\u00f3mica.<\/p>\n<p>Pap\u00faa Nueva Guinea, la tercera naci\u00f3n insular m\u00e1s grande del mundo, tiene una superficie de 462.840 kil\u00f3metros cuadrados (178.700 millas cuadradas). Desde manglares y playas costeras hasta escarpadas colinas y densas selvas tropicales, numerosos entornos definen esta vasta \u00e1rea. Adem\u00e1s de presentar un paisaje impresionante, la topograf\u00eda del pa\u00eds es crucial para su diversidad biol\u00f3gica y cultural.<\/p>\n<p>Importantes acontecimientos mundiales e influencias coloniales han moldeado la historia de Pap\u00faa Nueva Guinea como pa\u00eds. En la d\u00e9cada de 1880, la Nueva Guinea Alemana, al norte, y el Territorio Brit\u00e1nico de Pap\u00faa, al sur, separaron el territorio. Tras la Primera Guerra Mundial, todo el territorio qued\u00f3 bajo control australiano tras el establecimiento del Territorio de Nueva Guinea como misi\u00f3n de la Sociedad de Naciones de la colonia alemana. Siendo un importante campo de batalla, la naci\u00f3n fue escenario de feroces combates que marcaron su historia contempor\u00e1nea durante la campa\u00f1a de Nueva Guinea de la Segunda Guerra Mundial.<\/p>\n<p>Tras obtener su independencia en 1975, Pap\u00faa Nueva Guinea se convirti\u00f3 en un pa\u00eds de la Commonwealth bajo el reinado de Isabel II. Esta postura se mantuvo hasta su fallecimiento en 2022, momento en el que Carlos III la sucedi\u00f3. Debido a su pasado colonial, el sistema pol\u00edtico y la pol\u00edtica exterior del pa\u00eds demuestran su voluntad de participar activamente en los acontecimientos regionales y mundiales.<\/p>\n<p>Una de las caracter\u00edsticas m\u00e1s destacadas de Pap\u00faa Nueva Guinea es su diversidad ling\u00fc\u00edstica. Con 840 idiomas conocidos, incluido el ingl\u00e9s, este pa\u00eds es el m\u00e1s diversificado ling\u00fc\u00edsticamente del mundo. Esta variedad ling\u00fc\u00edstica demuestra tanto la diversidad cultural del pa\u00eds como la perseverancia de su poblaci\u00f3n ind\u00edgena. A pesar de su diversidad, Pap\u00faa Nueva Guinea sigue siendo esencialmente una naci\u00f3n rural; apenas el 13,25 % de la poblaci\u00f3n resid\u00eda en ciudades en 2019. Vivir en aldeas tradicionales ayuda a la mayor\u00eda de la poblaci\u00f3n a mantener estilos de vida tradicionales, vitales para su estructura social e identidad.<\/p>\n<p>En t\u00e9rminos de poblaci\u00f3n, Pap\u00faa Nueva Guinea es la naci\u00f3n insular del Pac\u00edfico con mayor poblaci\u00f3n. Las previsiones para diciembre de 2022 indican que la poblaci\u00f3n podr\u00eda acercarse a los 17 millones, en comparaci\u00f3n con la estimaci\u00f3n previa del gobierno de 9,4 millones. Esta diferencia pone de manifiesto lo dif\u00edcil que es contabilizar una naci\u00f3n con una topograf\u00eda tan variada y compleja. La gesti\u00f3n de los recursos y el desarrollo se ven muy influenciados por el crecimiento y la expansi\u00f3n de la poblaci\u00f3n del pa\u00eds.<\/p>\n<p>La gran abundancia de animales en Pap\u00faa Nueva Guinea es otro atributo bien conocido. Algunas estimaciones sit\u00faan los variados ecosistemas del pa\u00eds como hogar de numerosas especies de plantas y animales a\u00fan no descubiertas, lo que lo convierte en un lugar atractivo para el estudio biol\u00f3gico y los programas de conservaci\u00f3n. Esta riqueza natural es a la vez un beneficio y un problema, ya que exige una gesti\u00f3n cuidadosa para conciliar la preservaci\u00f3n ecol\u00f3gica con el crecimiento econ\u00f3mico.<\/p>\n<p>El Fondo Monetario Internacional considera la econom\u00eda de Pap\u00faa Nueva Guinea como en desarrollo. Alrededor del cuarenta por ciento de la poblaci\u00f3n trabaja como agricultura de subsistencia, pr\u00e1cticamente al margen del sistema monetario. Reconociendo y defendiendo espec\u00edficamente este modo de vida tradicional, la Constituci\u00f3n de Pap\u00faa Nueva Guinea enfatiza el valor de las aldeas y comunidades tradicionales como entidades sociales funcionales. Este reconocimiento constitucional subraya la importancia de las estructuras sociales ind\u00edgenas, que definen constantemente la identidad y el gobierno de la naci\u00f3n.<\/p>\n<p>A nivel mundial, Pap\u00faa Nueva Guinea participa activamente en diversas organizaciones regionales e internacionales. Originalmente un Estado observador desde 1976, ha solicitado su membres\u00eda plena en la Asociaci\u00f3n de Naciones del Sudeste Asi\u00e1tico (ASEAN). Entre los miembros plenos reconocidos por la Comunidad del Pac\u00edfico, el Foro de las Islas del Pac\u00edfico, la Mancomunidad de Naciones y las Naciones Unidas se encuentran... Estos v\u00ednculos demuestran el compromiso de Pap\u00faa Nueva Guinea con la cooperaci\u00f3n regional y su gran deseo de influir en los asuntos mundiales.<\/p>","protected":false},"excerpt":{"rendered":"<p>Pap\u00faa Nueva Guinea, tambi\u00e9n conocida como el Estado Independiente de Pap\u00faa Nueva Guinea, es una naci\u00f3n fascinante ubicada en Ocean\u00eda. Junto con la mitad oriental de la isla de Nueva Guinea, comprende varias islas costeras en Melanesia, una zona del suroeste del oc\u00e9ano Pac\u00edfico al norte de Australia. Su ubicaci\u00f3n estrat\u00e9gica la sit\u00faa cerca de varios vecinos importantes: Australia al sur, las Islas Salom\u00f3n al este e Indonesia al oeste. Puerto Moresby, en la costa sur, es la capital del pa\u00eds y centro de su actividad pol\u00edtica y econ\u00f3mica.<\/p>","protected":false},"author":1,"featured_media":3890,"parent":24105,"menu_order":0,"comment_status":"closed","ping_status":"closed","template":"elementor_theme","meta":{"_eb_attr":"","footnotes":""},"class_list":["post-9661","page","type-page","status-publish","has-post-thumbnail"],"_links":{"self":[{"href":"https:\/\/travelshelper.com\/es\/wp-json\/wp\/v2\/pages\/9661","targetHints":{"allow":["GET"]}}],"collection":[{"href":"https:\/\/travelshelper.com\/es\/wp-json\/wp\/v2\/pages"}],"about":[{"href":"https:\/\/travelshelper.com\/es\/wp-json\/wp\/v2\/types\/page"}],"author":[{"embeddable":true,"href":"https:\/\/travelshelper.com\/es\/wp-json\/wp\/v2\/users\/1"}],"replies":[{"embeddable":true,"href":"https:\/\/travelshelper.com\/es\/wp-json\/wp\/v2\/comments?post=9661"}],"version-history":[{"count":0,"href":"https:\/\/travelshelper.com\/es\/wp-json\/wp\/v2\/pages\/9661\/revisions"}],"up":[{"embeddable":true,"href":"https:\/\/travelshelper.com\/es\/wp-json\/wp\/v2\/pages\/24105"}],"wp:featuredmedia":[{"embeddable":true,"href":"https:\/\/travelshelper.com\/es\/wp-json\/wp\/v2\/media\/3890"}],"wp:attachment":[{"href":"https:\/\/travelshelper.com\/es\/wp-json\/wp\/v2\/media?parent=9661"}],"curies":[{"name":"wp","href":"https:\/\/api.w.org\/{rel}","templated":true}]}}