{"id":9641,"date":"2024-09-08T20:35:23","date_gmt":"2024-09-08T20:35:23","guid":{"rendered":"https:\/\/travelshelper.com\/staging\/?page_id=9641"},"modified":"2026-03-13T23:10:46","modified_gmt":"2026-03-13T23:10:46","slug":"palaos","status":"publish","type":"page","link":"https:\/\/travelshelper.com\/es\/destinations\/australia-and-oceania\/palau\/","title":{"rendered":"Palaos"},"content":{"rendered":"<p>Palaos, oficialmente conocida como la Rep\u00fablica de Palaos, es una cautivadora naci\u00f3n insular enclavada en la subregi\u00f3n de Micronesia, en Ocean\u00eda, situada en el oc\u00e9ano Pac\u00edfico occidental. Compuesta por unas 340 islas, esta encantadora rep\u00fablica crea un impresionante archipi\u00e9lago que abarca la cadena occidental de las Islas Carolinas con zonas de los Estados Federados de Micronesia. Aunque peque\u00f1o, Palaos es un pa\u00eds rebosante de belleza natural, historia y cultura.<\/p>\n<p>Con 466 kil\u00f3metros cuadrados (180 millas cuadradas), Palaos es el cuarto pa\u00eds m\u00e1s peque\u00f1o del mundo. Aunque su superficie es peque\u00f1a, las islas ofrecen paisajes variados que van desde playas inmaculadas hasta ricos bosques tropicales y vibrantes arrecifes de coral. Koror, que comparte el mismo nombre, es la isla m\u00e1s poblada y alberga la ciudad m\u00e1s grande del pa\u00eds. Dentro del estado de Melekeok, la capital, Ngerulmud, se encuentra en la isla m\u00e1s grande, Babeldaob. Su ubicaci\u00f3n estrat\u00e9gica la sit\u00faa cerca de numerosas fronteras mar\u00edtimas internacionales; las comparte con los Estados Federados de Micronesia al este, Indonesia al sur y Filipinas al noroeste.<\/p>\n<p>Tan rica y variada como la topograf\u00eda de Palaos es su historia. Originalmente colonizadas por inmigrantes del Sudeste Asi\u00e1tico Mar\u00edtimo hace aproximadamente 3000 a\u00f1os, el distintivo entramado cultural de las islas Palaos se origin\u00f3 con esta comunidad primitiva. Gracias a la labor del misionero bohemio Paul Klein, quien document\u00f3 las islas bas\u00e1ndose en relatos de n\u00e1ufragos palauanos que llegaron a la costa filipina de Samar, aparecieron por primera vez en un mapa europeo.<\/p>\n<p>Palaos se uni\u00f3 a las Indias Orientales Espa\u00f1olas en 1885, iniciando as\u00ed la influencia europea. Sin embargo, en virtud del Tratado Hispano-Alem\u00e1n, Alemania compr\u00f3 las islas a Espa\u00f1a tras su derrota en la Guerra Hispano-Estadounidense de 1898. Durante este tiempo, permanecieron bajo la jurisdicci\u00f3n de la Nueva Guinea Alemana. Bajo el Mandato de los Mares del Sur de la Sociedad de Naciones, las islas pasaron a manos japonesas tras la Primera Guerra Mundial.<\/p>\n<p>Debido a los intensos enfrentamientos entre las fuerzas estadounidenses y japonesas en el marco de la campa\u00f1a de las Islas Marianas y Palaos, la Segunda Guerra Mundial provoc\u00f3 graves conflictos en Palaos. Palaos se uni\u00f3 al Territorio en Fideicomiso de las Islas del Pac\u00edfico, gobernado por Estados Unidos, en 1947 durante la Segunda Guerra Mundial. En un refer\u00e9ndum celebrado en 1978, Palaos decidi\u00f3 no unirse a los Estados Federados de Micronesia, alcanzando as\u00ed la soberan\u00eda plena en 1994 en virtud de un Pacto de Libre Asociaci\u00f3n con Estados Unidos, en un marcado cambio hacia la autodeterminaci\u00f3n.<\/p>\n<p>Palaos funciona actualmente como una rep\u00fablica presidencial en libre asociaci\u00f3n con Estados Unidos. Este v\u00ednculo garantiza que Estados Unidos proporcione defensa, recursos financieros y acceso a servicios sociales, creando as\u00ed un entorno pol\u00edtico estable. El Congreso Nacional de Palaos, bicameral, tiene autoridad legislativa instituida y, por lo tanto, es fundamental en la formulaci\u00f3n de las pol\u00edticas del pa\u00eds.<\/p>\n<p>La econom\u00eda de Palaos depende principalmente de la pesca, la agricultura de subsistencia y el turismo. La impresionante belleza natural de sus islas, que incluye sitios de buceo de primera clase, atrae a turistas de todo el mundo. Como reflejo del valor de las alianzas globales para el mantenimiento de la econom\u00eda de Palaos, una fracci\u00f3n considerable de su producto nacional bruto (PNB) proviene de la ayuda exterior. La moneda oficial es el d\u00f3lar estadounidense, lo que fortalece los v\u00ednculos con la econom\u00eda estadounidense.<\/p>\n<p>La cultura de Palaos abunda en elementos micronesios, melanesios, asi\u00e1ticos y occidentales. Los palauanos, de ascendencia mixta micronesia, melanesia y austronesia, constituyen la mayor parte de la poblaci\u00f3n. El panorama ling\u00fc\u00edstico del pa\u00eds tambi\u00e9n refleja esta diversidad cultural. Oficialmente, el ingl\u00e9s y el palauano, pertenecientes a la familia de lenguas austronesias, se reconocen como lenguas regionales, incluyendo tambi\u00e9n el japon\u00e9s, el sonsorol\u00e9s y el tobiano, lo que resalta el car\u00e1cter cosmopolita del pa\u00eds.<\/p>","protected":false},"excerpt":{"rendered":"<p>Palaos, oficialmente conocida como la Rep\u00fablica de Palaos, es una cautivadora naci\u00f3n insular enclavada en la subregi\u00f3n de Micronesia, en Ocean\u00eda, situada en el oc\u00e9ano Pac\u00edfico occidental. Compuesta por unas 340 islas, esta encantadora rep\u00fablica crea un impresionante archipi\u00e9lago que abarca la cadena occidental de las Islas Carolinas con zonas de los Estados Federados de Micronesia. Aunque peque\u00f1o, Palaos es un pa\u00eds rebosante de belleza natural, historia y cultura.<\/p>","protected":false},"author":1,"featured_media":3589,"parent":24105,"menu_order":0,"comment_status":"closed","ping_status":"closed","template":"elementor_theme","meta":{"_eb_attr":"","footnotes":""},"class_list":["post-9641","page","type-page","status-publish","has-post-thumbnail"],"_links":{"self":[{"href":"https:\/\/travelshelper.com\/es\/wp-json\/wp\/v2\/pages\/9641","targetHints":{"allow":["GET"]}}],"collection":[{"href":"https:\/\/travelshelper.com\/es\/wp-json\/wp\/v2\/pages"}],"about":[{"href":"https:\/\/travelshelper.com\/es\/wp-json\/wp\/v2\/types\/page"}],"author":[{"embeddable":true,"href":"https:\/\/travelshelper.com\/es\/wp-json\/wp\/v2\/users\/1"}],"replies":[{"embeddable":true,"href":"https:\/\/travelshelper.com\/es\/wp-json\/wp\/v2\/comments?post=9641"}],"version-history":[{"count":0,"href":"https:\/\/travelshelper.com\/es\/wp-json\/wp\/v2\/pages\/9641\/revisions"}],"up":[{"embeddable":true,"href":"https:\/\/travelshelper.com\/es\/wp-json\/wp\/v2\/pages\/24105"}],"wp:featuredmedia":[{"embeddable":true,"href":"https:\/\/travelshelper.com\/es\/wp-json\/wp\/v2\/media\/3589"}],"wp:attachment":[{"href":"https:\/\/travelshelper.com\/es\/wp-json\/wp\/v2\/media?parent=9641"}],"curies":[{"name":"wp","href":"https:\/\/api.w.org\/{rel}","templated":true}]}}