{"id":9611,"date":"2024-09-08T19:59:37","date_gmt":"2024-09-08T19:59:37","guid":{"rendered":"https:\/\/travelshelper.com\/staging\/?page_id=9611"},"modified":"2026-03-13T22:56:56","modified_gmt":"2026-03-13T22:56:56","slug":"islas-marshall","status":"publish","type":"page","link":"https:\/\/travelshelper.com\/es\/destinations\/australia-and-oceania\/marshall-islands\/","title":{"rendered":"Islas Marshall"},"content":{"rendered":"<p>Las Islas Marshall, conocidas en marshal\u00e9s como \u1e42aje\u1e37 y oficialmente como la Rep\u00fablica de las Islas Marshall (Aolep\u0101n Aor\u014dkin \u1e42aje\u1e37), son un estado insular soberano situado en la regi\u00f3n de Micronesia, en el oc\u00e9ano Pac\u00edfico noroccidental. Ubicadas al oeste de la L\u00ednea Internacional de Cambio de Fecha y al norte del ecuador, las Islas Marshall son una naci\u00f3n distintiva con una rica historia y caracter\u00edsticas geogr\u00e1ficas \u00fanicas. El pa\u00eds consta de 29 atolones de coral y cinco islas, categorizadas en dos cadenas insulares: Ratak al este y Ralik al oeste. Cabe destacar que el 97,87 % de su territorio est\u00e1 compuesto por agua, lo que lo convierte en el estado soberano con la mayor proporci\u00f3n de agua a tierra.<\/p>\n<p>Las Islas Marshall comparten fronteras mar\u00edtimas con m\u00faltiples territorios y naciones: la isla Wake al norte, Kiribati al sureste, Nauru al sur y los Estados Federados de Micronesia al oeste. Majuro, la capital y ciudad m\u00e1s grande, alberga a aproximadamente el cincuenta por ciento de la poblaci\u00f3n del pa\u00eds y funciona como centro pol\u00edtico y econ\u00f3mico.<\/p>\n<p>La historia de las Islas Marshall se basa fundamentalmente en la migraci\u00f3n austronesia que lleg\u00f3 a las islas ya en el segundo milenio a. C. Los primeros inmigrantes introdujeron cultivos del sudeste asi\u00e1tico, como el coco, el taro gigante de pantano y el \u00e1rbol del pan, as\u00ed como aves de corral domesticadas, lo que hizo que las islas fueran habitables de forma permanente. Varias expediciones espa\u00f1olas llegaron a las islas a mediados del siglo XVI; sin embargo, los galeones espa\u00f1oles generalmente navegaban por el Pac\u00edfico m\u00e1s al norte, sorteando as\u00ed las Islas Marshall.<\/p>\n<p>Las islas recibieron su nombre en honor al capit\u00e1n brit\u00e1nico John Marshall, quien realiz\u00f3 una exploraci\u00f3n de la zona en 1788. En la d\u00e9cada de 1850, comenzaron a llegar misioneros protestantes estadounidenses e intereses comerciales occidentales, lo que marc\u00f3 el inicio de una considerable influencia extranjera. En las d\u00e9cadas de 1870 y 1880, los comerciantes alemanes de copra dominaron la econom\u00eda, lo que result\u00f3 en la anexi\u00f3n de las Islas Marshall por parte del Imperio alem\u00e1n como protectorado en 1885. Durante la Primera Guerra Mundial, el Imperio del Jap\u00f3n invadi\u00f3 las islas, que posteriormente formaron parte del Mandato Japon\u00e9s de los Mares del Sur tras la guerra. Tras la Segunda Guerra Mundial, Estados Unidos asumi\u00f3 la autoridad y gobern\u00f3 las islas como parte del Territorio en Fideicomiso de las Islas del Pac\u00edfico. Entre 1946 y 1958, Estados Unidos realiz\u00f3 67 pruebas nucleares en los atolones Bikini y Enewetak, lo que tuvo un profundo impacto en las islas.<\/p>\n<p>La b\u00fasqueda del autogobierno comenz\u00f3 con la creaci\u00f3n del Congreso de Micronesia en 1965, con el objetivo de fortalecer la autonom\u00eda de las islas del Pac\u00edfico. En mayo de 1979, Estados Unidos reconoci\u00f3 la constituci\u00f3n de las Islas Marshall y a su presidente, Amata Kabua, otorgando as\u00ed la independencia a la naci\u00f3n. La soberan\u00eda plena se alcanz\u00f3 mediante el Pacto de Libre Asociaci\u00f3n con Estados Unidos, que ofreci\u00f3 defensa, apoyo financiero y acceso a instituciones estadounidenses como la Comisi\u00f3n Federal de Comunicaciones y el Servicio Postal de Estados Unidos. Las Islas Marshall han sido miembros de la Comunidad del Pac\u00edfico desde 1983 y se convirtieron en miembros de las Naciones Unidas en 1991.<\/p>\n<p>La econom\u00eda de las Islas Marshall se centra principalmente en los servicios, complementados con la pesca y la agricultura, y cuenta con una importante ayuda financiera de Estados Unidos que representa una parte considerable de su PIB. La ayuda financiera proporcionada por el Pacto de Libre Asociaci\u00f3n, cuya conclusi\u00f3n estaba prevista inicialmente para 2023, se ha prorrogado por 20 a\u00f1os m\u00e1s. El pa\u00eds utiliza el d\u00f3lar estadounidense como moneda y en 2018 declar\u00f3 su intenci\u00f3n de implementar una nueva criptomoneda como moneda de curso legal.<\/p>\n<p>La poblaci\u00f3n de las Islas Marshall se compone principalmente de personas de ascendencia marshalesa, junto con peque\u00f1as comunidades de inmigrantes procedentes de Estados Unidos, China, Filipinas y otras islas del Pac\u00edfico. El marshalesa y el ingl\u00e9s son los idiomas oficiales, representando el legado cultural y las conexiones hist\u00f3ricas de la naci\u00f3n. La religi\u00f3n es parte integral de la cultura, y casi toda la poblaci\u00f3n profesa alg\u00fan tipo de sistema de creencias. Las afiliaciones predominantes son la Iglesia Unida de Cristo - Congregacional en las Islas Marshall o las Asambleas de Dios.<\/p>","protected":false},"excerpt":{"rendered":"<p>Las Islas Marshall, conocidas en marshal\u00e9s como \u1e42aje\u1e37 y oficialmente como la Rep\u00fablica de las Islas Marshall (Aolep\u0101n Aor\u014dkin \u1e42aje\u1e37), son un estado insular soberano situado en la regi\u00f3n de Micronesia, en el oc\u00e9ano Pac\u00edfico noroccidental. Ubicadas al oeste de la L\u00ednea Internacional de Cambio de Fecha y al norte del ecuador, las Islas Marshall son una naci\u00f3n distintiva con una rica historia y caracter\u00edsticas geogr\u00e1ficas \u00fanicas. El pa\u00eds consta de 29 atolones de coral y cinco islas, categorizadas en dos cadenas insulares: Ratak al este y Ralik al oeste. Cabe destacar que el 97,87 % de su territorio est\u00e1 compuesto por agua, lo que lo convierte en el estado soberano con la mayor proporci\u00f3n de agua a tierra.<\/p>","protected":false},"author":1,"featured_media":3354,"parent":24105,"menu_order":0,"comment_status":"closed","ping_status":"closed","template":"elementor_theme","meta":{"_eb_attr":"","footnotes":""},"class_list":["post-9611","page","type-page","status-publish","has-post-thumbnail"],"_links":{"self":[{"href":"https:\/\/travelshelper.com\/es\/wp-json\/wp\/v2\/pages\/9611","targetHints":{"allow":["GET"]}}],"collection":[{"href":"https:\/\/travelshelper.com\/es\/wp-json\/wp\/v2\/pages"}],"about":[{"href":"https:\/\/travelshelper.com\/es\/wp-json\/wp\/v2\/types\/page"}],"author":[{"embeddable":true,"href":"https:\/\/travelshelper.com\/es\/wp-json\/wp\/v2\/users\/1"}],"replies":[{"embeddable":true,"href":"https:\/\/travelshelper.com\/es\/wp-json\/wp\/v2\/comments?post=9611"}],"version-history":[{"count":0,"href":"https:\/\/travelshelper.com\/es\/wp-json\/wp\/v2\/pages\/9611\/revisions"}],"up":[{"embeddable":true,"href":"https:\/\/travelshelper.com\/es\/wp-json\/wp\/v2\/pages\/24105"}],"wp:featuredmedia":[{"embeddable":true,"href":"https:\/\/travelshelper.com\/es\/wp-json\/wp\/v2\/media\/3354"}],"wp:attachment":[{"href":"https:\/\/travelshelper.com\/es\/wp-json\/wp\/v2\/media?parent=9611"}],"curies":[{"name":"wp","href":"https:\/\/api.w.org\/{rel}","templated":true}]}}