{"id":9598,"date":"2024-09-08T19:45:06","date_gmt":"2024-09-08T19:45:06","guid":{"rendered":"https:\/\/travelshelper.com\/staging\/?page_id=9598"},"modified":"2026-03-13T22:54:30","modified_gmt":"2026-03-13T22:54:30","slug":"nauru","status":"publish","type":"page","link":"https:\/\/travelshelper.com\/es\/destinations\/australia-and-oceania\/nauru\/","title":{"rendered":"Nauru"},"content":{"rendered":"<p>Nauru, oficialmente conocida como la Rep\u00fablica de Nauru, es un peque\u00f1o pa\u00eds insular y microestado ubicado en Micronesia, parte de la vasta regi\u00f3n de Ocean\u00eda en el Pac\u00edfico Central. Hist\u00f3ricamente conocida como la Isla Pleasant, Nauru es una naci\u00f3n \u00fanica con una rica historia y un complejo panorama socioecon\u00f3mico. Su vecino m\u00e1s cercano es la isla de Banaba, en Kiribati, situada aproximadamente a 300 kil\u00f3metros (190 millas) al este. Geogr\u00e1ficamente, Nauru se encuentra al noroeste de Tuvalu, a 1300 kil\u00f3metros (810 millas) al noreste de las Islas Salom\u00f3n, al este-noreste de Pap\u00faa Nueva Guinea, al sureste de los Estados Federados de Micronesia y al sur de las Islas Marshall.<\/p>\n<p>Con una superficie total de tan solo 21 kil\u00f3metros cuadrados (8,1 millas cuadradas), Nauru ostenta la distinci\u00f3n de ser el tercer pa\u00eds m\u00e1s peque\u00f1o del mundo, superado solo por la Ciudad del Vaticano y M\u00f3naco. Esto lo convierte en la rep\u00fablica y naci\u00f3n insular m\u00e1s peque\u00f1a del mundo, as\u00ed como en el estado miembro m\u00e1s peque\u00f1o de la Mancomunidad de Naciones en t\u00e9rminos de superficie. A pesar de su diminuto tama\u00f1o, Nauru alberga aproximadamente 10.800 habitantes, lo que lo sit\u00faa como la tercera poblaci\u00f3n m\u00e1s peque\u00f1a del mundo, sin contar colonias ni territorios de ultramar. Como miembro de las Naciones Unidas, la Mancomunidad de Naciones y la Organizaci\u00f3n de Estados de \u00c1frica, el Caribe y el Pac\u00edfico, Nauru desempe\u00f1a un papel importante en la diplomacia y la cooperaci\u00f3n internacionales.<\/p>\n<p>La historia de Nauru se remonta aproximadamente al a\u00f1o 1000 a. C., cuando fue colonizada por los micronesios. La ubicaci\u00f3n estrat\u00e9gica y los recursos de la isla atrajeron la atenci\u00f3n de las potencias coloniales y, a finales del siglo XIX, fue anexionada y reclamada como colonia por el Imperio alem\u00e1n. Tras la Primera Guerra Mundial, Nauru se convirti\u00f3 en un mandato de la Sociedad de Naciones, administrado por Australia, Nueva Zelanda y el Reino Unido. Durante la Segunda Guerra Mundial, las fuerzas japonesas ocuparon Nauru, y la isla fue superada por el avance aliado a trav\u00e9s del Pac\u00edfico. Tras la guerra, Nauru pas\u00f3 a estar bajo la tutela de las Naciones Unidas, obteniendo finalmente su independencia en 1968.<\/p>\n<p>En las \u00faltimas d\u00e9cadas, la relaci\u00f3n de Nauru con Australia ha sido particularmente significativa. Desde 2001, el pa\u00eds ha aceptado ayuda del Gobierno australiano a cambio de albergar el Centro Regional de Procesamiento de Nauru, un centro de detenci\u00f3n de inmigrantes australianos en el extranjero. Este acuerdo ha sido controvertido y ha llevado a algunos a describir a Nauru como un estado cliente de Australia debido a su gran dependencia del apoyo australiano.<\/p>\n<p>La econom\u00eda de Nauru se ha centrado hist\u00f3ricamente en sus ricos yacimientos de roca fosf\u00f3rica, f\u00e1cilmente accesibles para la miner\u00eda a cielo abierto. Durante m\u00e1s de un siglo, la miner\u00eda de fosfato fue la columna vertebral de la econom\u00eda de Nauru, generando considerable riqueza y oportunidades de desarrollo. Sin embargo, el impacto ambiental de la miner\u00eda extensiva ha sido devastador, provocando una grave degradaci\u00f3n ecol\u00f3gica. Para la d\u00e9cada de 1990, las reservas de fosfato estaban pr\u00e1cticamente agotadas y los yacimientos restantes no eran econ\u00f3micamente viables para su extracci\u00f3n. Esta situaci\u00f3n ha dejado a Nauru lidiando con la &#034;maldici\u00f3n de los recursos&#034;, donde la dependencia de un \u00fanico recurso natural ha generado desaf\u00edos econ\u00f3micos y da\u00f1os ambientales.<\/p>\n<p>Para gestionar la riqueza acumulada con la miner\u00eda de fosfato, Nauru estableci\u00f3 un fondo fiduciario destinado a asegurar el futuro financiero del pa\u00eds una vez agotadas las reservas de fosfato. Lamentablemente, el valor de este fondo fiduciario ha disminuido con el tiempo, lo que ha generado inestabilidad econ\u00f3mica. En un intento por diversificar sus fuentes de ingresos, Nauru se convirti\u00f3 brevemente en un para\u00edso fiscal y en un centro de actividades ilegales de blanqueo de capitales. Sin embargo, estas iniciativas no constituyeron soluciones sostenibles a largo plazo para los problemas econ\u00f3micos del pa\u00eds.<\/p>\n<p>Hoy, Nauru se enfrenta al reto de reconstruir su econom\u00eda y su medio ambiente, a la vez que lidia con sus complejas relaciones pol\u00edticas y legados hist\u00f3ricos. A pesar de estos desaf\u00edos, su historia es de resiliencia y adaptaci\u00f3n, reflejando la din\u00e1mica m\u00e1s amplia de las peque\u00f1as naciones insulares en el panorama global. A medida que Nauru contin\u00faa buscando v\u00edas de desarrollo sostenible, sigue siendo un estudio \u00fanico y fascinante sobre la interacci\u00f3n entre geograf\u00eda, historia y econom\u00eda.<\/p>","protected":false},"excerpt":{"rendered":"<p>Nauru, oficialmente conocida como la Rep\u00fablica de Nauru, es un peque\u00f1o pa\u00eds insular y microestado ubicado en Micronesia, parte de la vasta regi\u00f3n de Ocean\u00eda en el Pac\u00edfico Central. Hist\u00f3ricamente conocida como la Isla Pleasant, Nauru es una naci\u00f3n \u00fanica con una rica historia y un complejo panorama socioecon\u00f3mico. Su vecino m\u00e1s cercano es la isla de Banaba, en Kiribati, situada aproximadamente a 300 kil\u00f3metros (190 millas) al este. Geogr\u00e1ficamente, Nauru se encuentra al noroeste de Tuvalu, a 1300 kil\u00f3metros (810 millas) al noreste de las Islas Salom\u00f3n, al este-noreste de Pap\u00faa Nueva Guinea, al sureste de los Estados Federados de Micronesia y al sur de las Islas Marshall.<\/p>","protected":false},"author":1,"featured_media":3089,"parent":24105,"menu_order":0,"comment_status":"closed","ping_status":"closed","template":"elementor_theme","meta":{"_eb_attr":"","footnotes":""},"class_list":["post-9598","page","type-page","status-publish","has-post-thumbnail"],"_links":{"self":[{"href":"https:\/\/travelshelper.com\/es\/wp-json\/wp\/v2\/pages\/9598","targetHints":{"allow":["GET"]}}],"collection":[{"href":"https:\/\/travelshelper.com\/es\/wp-json\/wp\/v2\/pages"}],"about":[{"href":"https:\/\/travelshelper.com\/es\/wp-json\/wp\/v2\/types\/page"}],"author":[{"embeddable":true,"href":"https:\/\/travelshelper.com\/es\/wp-json\/wp\/v2\/users\/1"}],"replies":[{"embeddable":true,"href":"https:\/\/travelshelper.com\/es\/wp-json\/wp\/v2\/comments?post=9598"}],"version-history":[{"count":0,"href":"https:\/\/travelshelper.com\/es\/wp-json\/wp\/v2\/pages\/9598\/revisions"}],"up":[{"embeddable":true,"href":"https:\/\/travelshelper.com\/es\/wp-json\/wp\/v2\/pages\/24105"}],"wp:featuredmedia":[{"embeddable":true,"href":"https:\/\/travelshelper.com\/es\/wp-json\/wp\/v2\/media\/3089"}],"wp:attachment":[{"href":"https:\/\/travelshelper.com\/es\/wp-json\/wp\/v2\/media?parent=9598"}],"curies":[{"name":"wp","href":"https:\/\/api.w.org\/{rel}","templated":true}]}}