{"id":9583,"date":"2024-09-08T19:33:00","date_gmt":"2024-09-08T19:33:00","guid":{"rendered":"https:\/\/travelshelper.com\/staging\/?page_id=9583"},"modified":"2026-03-13T23:17:37","modified_gmt":"2026-03-13T23:17:37","slug":"vanuatu","status":"publish","type":"page","link":"https:\/\/travelshelper.com\/es\/destinations\/australia-and-oceania\/vanuatu\/","title":{"rendered":"Vanuatu"},"content":{"rendered":"<p>Vanuatu, oficialmente conocida como la Rep\u00fablica de Vanuatu, es una fascinante naci\u00f3n insular situada en la regi\u00f3n central de Melanesia, en el oc\u00e9ano Pac\u00edfico Sur. Este archipi\u00e9lago, conocido por sus or\u00edgenes volc\u00e1nicos, se encuentra a 1750 kil\u00f3metros (1090 millas) al este del norte de Australia, a 540 kil\u00f3metros (340 millas) al noreste de Nueva Caledonia, al este de Nueva Guinea, al sureste de las Islas Salom\u00f3n y al oeste de Fiyi. Su singular ubicaci\u00f3n geogr\u00e1fica ha propiciado una convergencia de influencias culturales, lo que lo define como un destacado pa\u00eds del Pac\u00edfico.<\/p>\n<p>La historia de Vanuatu est\u00e1 estrechamente ligada a la del pueblo melanesio que se asent\u00f3 en las islas hace miles de a\u00f1os. Los primeros inmigrantes trajeron consigo sofisticadas costumbres culturales e idiomas que han perdurado en el tiempo. El primer contacto europeo con Vanuatu se produjo en 1606, cuando una expedici\u00f3n espa\u00f1ola se dirigi\u00f3 a la isla m\u00e1s grande, Esp\u00edritu Santo, bajo la direcci\u00f3n del navegante portugu\u00e9s Fernandes de Queir\u00f3s. Inspirado por el atractivo y las oportunidades de la isla, Queir\u00f3s reclam\u00f3 la soberan\u00eda de Espa\u00f1a sobre el archipi\u00e9lago como parte de las Indias Orientales Espa\u00f1olas coloniales, designando as\u00ed La Austrialia del Esp\u00edritu Santo. Aunque pasar\u00edan siglos hasta que surgieran actividades coloniales significativas, esto marc\u00f3 el inicio de la interacci\u00f3n europea con la zona.<\/p>\n<p>A finales del siglo XIX, la interacci\u00f3n europea con las islas del Pac\u00edfico, incluyendo Vanuatu, fue en aumento. Francia y el Reino Unido hab\u00edan reclamado territorios del archipi\u00e9lago en la d\u00e9cada de 1880. La convergencia de intereses dio lugar a un marco colonial singular en 1906, cuando ambas naciones acordaron supervisar conjuntamente las islas bajo un condominio anglo-franc\u00e9s conocido como las Nuevas H\u00e9bridas. Dado que dos potencias coloniales diferentes, cada una con sus propios idiomas, sistemas jur\u00eddicos y t\u00e9cnicas administrativas, deben cooperar, este acuerdo destaca en la historia colonial. El per\u00edodo de los condominios present\u00f3 una estructura de gobierno compleja y a menudo controvertida que finalmente sent\u00f3 las bases del panorama pol\u00edtico moderno de Vanuatu.<\/p>\n<p>Vanuatu no fue la excepci\u00f3n a esta regla; mediados del siglo XX fue un per\u00edodo de gran agitaci\u00f3n y cambio a nivel mundial. Impulsado por una creciente conciencia de la identidad nacional y un fuerte deseo de autodeterminaci\u00f3n, surgi\u00f3 un movimiento independentista en la d\u00e9cada de 1970. Enfatizando el compromiso de los isle\u00f1os con la libertad mediante la comunicaci\u00f3n y la cooperaci\u00f3n, el movimiento se centr\u00f3 claramente en manifestaciones y negociaciones no violentas. Tras a\u00f1os de trabajo, estos esfuerzos se materializaron en 1980 y surgi\u00f3 la Rep\u00fablica de Vanuatu. El cambio hacia la independencia se produjo de forma bastante natural, lo que permiti\u00f3 al joven pa\u00eds consolidar r\u00e1pidamente su presencia en el panorama internacional.<\/p>\n<p>Vanuatu ha interactuado met\u00f3dicamente con la comunidad internacional desde su independencia, lo que demuestra su pertenencia a varios grupos destacados. Al unirse a las Naciones Unidas, el pa\u00eds demostr\u00f3 su compromiso con la paz mundial y los proyectos colectivos. Al formar parte de la Mancomunidad de Naciones, Vanuatu mantiene fuertes v\u00ednculos con otras antiguas colonias brit\u00e1nicas, aprovechando su patrimonio cultural e hist\u00f3rico compartido. Su pertenencia a la Organizaci\u00f3n Internacional de la Francofon\u00eda tambi\u00e9n demuestra sus v\u00ednculos hist\u00f3ricos con el colonialismo franc\u00e9s y la continua influencia de la lengua y la cultura francesas. Vanuatu es miembro del Foro de las Islas del Pac\u00edfico, un organismo regional destinado a promover la cooperaci\u00f3n y el desarrollo entre los pa\u00edses de las Islas del Pac\u00edfico.<\/p>\n<p>Una cualidad especialmente destacable de Vanuatu es su gran diversidad cultural. Con m\u00e1s de 100 lenguas ind\u00edgenas, el pa\u00eds se encuentra entre las naciones con mayor diversidad ling\u00fc\u00edstica del mundo. Una din\u00e1mica gama de pr\u00e1cticas culturales, que incluye tanto m\u00fasica y danzas antiguas como ritos y ceremonias singulares, acent\u00faa la diversidad ling\u00fc\u00edstica. Con exuberantes selvas tropicales, playas inmaculadas y volcanes activos que se suman a una gama de entornos asombrosos y ecosistemas variados, la belleza natural del pa\u00eds es un ejemplo convincente.<\/p>\n<p>La econom\u00eda de Vanuatu se basa principalmente en los servicios financieros extraterritoriales, el turismo y la agricultura. La riqueza de su suelo volc\u00e1nico facilita el cultivo de diversos cultivos, como el caf\u00e9, el cacao y el coco, todos ellos importantes productos de exportaci\u00f3n. Los visitantes, atra\u00eddos por la asombrosa belleza natural de las islas, su variado legado cultural y la posibilidad de disfrutar tanto de la aventura como del ocio, impulsan el crecimiento del sector tur\u00edstico.<\/p>","protected":false},"excerpt":{"rendered":"<p>Vanuatu, oficialmente conocida como la Rep\u00fablica de Vanuatu, es una fascinante naci\u00f3n insular situada en la regi\u00f3n central de Melanesia, en el oc\u00e9ano Pac\u00edfico Sur. Este archipi\u00e9lago, conocido por sus or\u00edgenes volc\u00e1nicos, se encuentra a 1750 kil\u00f3metros (1090 millas) al este del norte de Australia, a 540 kil\u00f3metros (340 millas) al noreste de Nueva Caledonia, al este de Nueva Guinea, al sureste de las Islas Salom\u00f3n y al oeste de Fiyi. Su singular ubicaci\u00f3n geogr\u00e1fica ha propiciado una convergencia de influencias culturales, lo que lo define como un destacado pa\u00eds del Pac\u00edfico.<\/p>","protected":false},"author":1,"featured_media":4267,"parent":24105,"menu_order":0,"comment_status":"closed","ping_status":"closed","template":"elementor_theme","meta":{"_eb_attr":"","footnotes":""},"class_list":["post-9583","page","type-page","status-publish","has-post-thumbnail"],"_links":{"self":[{"href":"https:\/\/travelshelper.com\/es\/wp-json\/wp\/v2\/pages\/9583","targetHints":{"allow":["GET"]}}],"collection":[{"href":"https:\/\/travelshelper.com\/es\/wp-json\/wp\/v2\/pages"}],"about":[{"href":"https:\/\/travelshelper.com\/es\/wp-json\/wp\/v2\/types\/page"}],"author":[{"embeddable":true,"href":"https:\/\/travelshelper.com\/es\/wp-json\/wp\/v2\/users\/1"}],"replies":[{"embeddable":true,"href":"https:\/\/travelshelper.com\/es\/wp-json\/wp\/v2\/comments?post=9583"}],"version-history":[{"count":0,"href":"https:\/\/travelshelper.com\/es\/wp-json\/wp\/v2\/pages\/9583\/revisions"}],"up":[{"embeddable":true,"href":"https:\/\/travelshelper.com\/es\/wp-json\/wp\/v2\/pages\/24105"}],"wp:featuredmedia":[{"embeddable":true,"href":"https:\/\/travelshelper.com\/es\/wp-json\/wp\/v2\/media\/4267"}],"wp:attachment":[{"href":"https:\/\/travelshelper.com\/es\/wp-json\/wp\/v2\/media?parent=9583"}],"curies":[{"name":"wp","href":"https:\/\/api.w.org\/{rel}","templated":true}]}}