{"id":9577,"date":"2024-09-08T19:25:43","date_gmt":"2024-09-08T19:25:43","guid":{"rendered":"https:\/\/travelshelper.com\/staging\/?page_id=9577"},"modified":"2026-03-13T23:08:33","modified_gmt":"2026-03-13T23:08:33","slug":"apia","status":"publish","type":"page","link":"https:\/\/travelshelper.com\/es\/destinations\/australia-and-oceania\/samoa\/apia\/","title":{"rendered":"Apia"},"content":{"rendered":"<p>Ubicada en la segunda isla m\u00e1s grande de Samoa, en la costa norte central, Apia, la din\u00e1mica capital, es una combinaci\u00f3n especial de legado cultural y desarrollo moderno. Perteneciente al distrito pol\u00edtico de Tuamasaga, Apia es el centro pol\u00edtico, econ\u00f3mico y cultural de Samoa, siendo la \u00fanica ciudad del lugar. Esta introducci\u00f3n analiza la topograf\u00eda, el clima, la infraestructura y el centro de actividad del Pac\u00edfico que caracterizan a la ciudad.<\/p>\n<p>Con una poblaci\u00f3n de aproximadamente 35.974 habitantes seg\u00fan el censo de 2021, Apia se extiende desde la aldea de Letogo, al este, hasta la zona industrializada de la aldea de Vaitele, al oeste. Estrat\u00e9gicamente ubicada en un puerto natural en la desembocadura del r\u00edo Vaisigano, la ciudad ofrece un impresionante tel\u00f3n de fondo con el Monte Vaea, la \u00faltima morada del eminente escritor Robert Louis Stevenson, elev\u00e1ndose majestuosamente al sur. Dos grandes crestas que se extienden hacia el sur a ambos lados del r\u00edo definen el horizonte de la ciudad; carreteras como la Cross Island Road, una de las pocas v\u00edas que cruzan la isla de norte a sur, atraviesan estas crestas.<\/p>\n<p>Apia se clasifica como &#034;Af&#034; seg\u00fan la clasificaci\u00f3n clim\u00e1tica de K\u00f6ppen y posee un entorno de selva tropical. Las temperaturas constantes durante todo el a\u00f1o, con un promedio de aproximadamente 26 \u00b0C (79 \u00b0F), definen este entorno. La ciudad tiene una estaci\u00f3n h\u00fameda y otra seca bien definidas; julio y agosto son los meses m\u00e1s secos, con un promedio de precipitaciones de aproximadamente 80 mil\u00edmetros. En comparaci\u00f3n, el per\u00edodo m\u00e1s lluvioso va de diciembre a marzo, y la precipitaci\u00f3n mensual suele superar los 300 mil\u00edmetros. El clima de Apia no se define por el entorno tropical; m\u00e1s bien, los vientos alisios y los ciclones espor\u00e1dicos lo moldean, lo que produce patrones clim\u00e1ticos distintivos. La ciudad recibe alrededor de 3000 mil\u00edmetros de lluvia al a\u00f1o, lo que sustenta ricos ecosistemas y una exuberante vegetaci\u00f3n.<\/p>\n<p>De crucial importancia para el comercio exterior de Samoa, el puerto de Apia es el m\u00e1s grande y concurrido del pa\u00eds. Adem\u00e1s de los transbordadores que conectan con Tokelau y Samoa Americana, es compatible con el transporte de gas licuado de petr\u00f3leo (GLP), importaciones de combustible y buques portacontenedores. Este activo puerto enfatiza la importancia de Apia como puerta de entrada para las personas y el comercio, facilitando as\u00ed la interacci\u00f3n cultural y el desarrollo econ\u00f3mico.<\/p>\n<p>La infraestructura de transporte de la ciudad est\u00e1 bastante desarrollada y cuenta con una red vial completa y bien mantenida. Si bien las carreteras de tierra dan servicio a un tr\u00e1fico menos frecuente, la mayor\u00eda de las carreteras principales est\u00e1n asfaltadas. Siguiendo las normas regionales, los veh\u00edculos circulan por el lado izquierdo desde septiembre de 2009. El gobierno samoano inici\u00f3 una importante reforma de las v\u00edas arteriales que rodean el \u00e1rea urbana de Apia en 2012, ampliando progresivamente importantes autopistas para gestionar el creciente tr\u00e1fico.<\/p>\n<p>Apia cuenta con una amplia red privatizada de autobuses y taxis, a pesar de la ausencia de ferrocarriles y tranv\u00edas. Dentro de la ciudad, caminar sigue siendo un medio de transporte popular; la gente suele recorrer distancias cortas a pie. Si bien las motocicletas y las bicicletas son relativamente escasas, el aumento de la propiedad de autom\u00f3viles ha provocado congesti\u00f3n vehicular y, por consiguiente, importantes inversiones en infraestructura vial.<\/p>\n<p>La principal entrada extranjera a Samoa es el Aeropuerto Internacional de Faleolo, a cuarenta minutos en coche al oeste de Apia. Importantes aerol\u00edneas nacionales, como Polynesian Airlines y Talofa Airways, vuelan desde Samoa a la zona del Pac\u00edfico y m\u00e1s all\u00e1. El aeropuerto de Fagali&#039;i, m\u00e1s peque\u00f1o de Fagali, tambi\u00e9n ha permitido hist\u00f3ricamente vuelos internos y algunas rutas internacionales a Pago Pago, en Samoa Americana, mejorando as\u00ed la conectividad tanto para residentes locales como para visitantes.<\/p>","protected":false},"excerpt":{"rendered":"<p>Ubicada en la segunda isla m\u00e1s grande de Samoa, en la costa norte central, Apia, la din\u00e1mica capital, es una combinaci\u00f3n especial de legado cultural y desarrollo moderno. Perteneciente al distrito pol\u00edtico de Tuamasaga, Apia es el centro pol\u00edtico, econ\u00f3mico y cultural de Samoa, siendo la \u00fanica ciudad del lugar. Esta introducci\u00f3n analiza la topograf\u00eda, el clima, la infraestructura y el centro de actividad del Pac\u00edfico que caracterizan a la ciudad.<\/p>","protected":false},"author":1,"featured_media":4230,"parent":9568,"menu_order":0,"comment_status":"closed","ping_status":"closed","template":"elementor_theme","meta":{"_eb_attr":"","footnotes":""},"class_list":["post-9577","page","type-page","status-publish","has-post-thumbnail"],"_links":{"self":[{"href":"https:\/\/travelshelper.com\/es\/wp-json\/wp\/v2\/pages\/9577","targetHints":{"allow":["GET"]}}],"collection":[{"href":"https:\/\/travelshelper.com\/es\/wp-json\/wp\/v2\/pages"}],"about":[{"href":"https:\/\/travelshelper.com\/es\/wp-json\/wp\/v2\/types\/page"}],"author":[{"embeddable":true,"href":"https:\/\/travelshelper.com\/es\/wp-json\/wp\/v2\/users\/1"}],"replies":[{"embeddable":true,"href":"https:\/\/travelshelper.com\/es\/wp-json\/wp\/v2\/comments?post=9577"}],"version-history":[{"count":0,"href":"https:\/\/travelshelper.com\/es\/wp-json\/wp\/v2\/pages\/9577\/revisions"}],"up":[{"embeddable":true,"href":"https:\/\/travelshelper.com\/es\/wp-json\/wp\/v2\/pages\/9568"}],"wp:featuredmedia":[{"embeddable":true,"href":"https:\/\/travelshelper.com\/es\/wp-json\/wp\/v2\/media\/4230"}],"wp:attachment":[{"href":"https:\/\/travelshelper.com\/es\/wp-json\/wp\/v2\/media?parent=9577"}],"curies":[{"name":"wp","href":"https:\/\/api.w.org\/{rel}","templated":true}]}}